{"id":99952,"date":"2025-03-06T08:54:53","date_gmt":"2025-03-06T08:54:53","guid":{"rendered":"https:\/\/mateuszmrozowski.pl\/sklep\/?post_type=product&#038;p=99952"},"modified":"2025-04-07T12:13:49","modified_gmt":"2025-04-07T12:13:49","slug":"neuromotywacja-full-pakiet","status":"publish","type":"product","link":"https:\/\/mateuszmrozowski.pl\/sklep\/produkt\/neuromotywacja-full-pakiet\/","title":{"rendered":"NeuroMotywacja &#8211; Full Pakiet"},"content":{"rendered":"\n\n<div class=\"kk-star-ratings kksr-auto kksr-align-left kksr-valign-top kksr-disabled\"\n    data-payload='{&quot;align&quot;:&quot;left&quot;,&quot;id&quot;:&quot;99952&quot;,&quot;readonly&quot;:&quot;1&quot;,&quot;slug&quot;:&quot;default&quot;,&quot;valign&quot;:&quot;top&quot;,&quot;ignore&quot;:&quot;&quot;,&quot;reference&quot;:&quot;auto&quot;,&quot;class&quot;:&quot;&quot;,&quot;count&quot;:&quot;5&quot;,&quot;legendonly&quot;:&quot;&quot;,&quot;score&quot;:&quot;5&quot;,&quot;starsonly&quot;:&quot;&quot;,&quot;best&quot;:&quot;5&quot;,&quot;gap&quot;:&quot;5&quot;,&quot;greet&quot;:&quot;Wystaw ocen\u0119&quot;,&quot;legend&quot;:&quot;5\\\/5 - (5 ocen)&quot;,&quot;size&quot;:&quot;16&quot;,&quot;title&quot;:&quot;NeuroMotywacja - Full Pakiet&quot;,&quot;width&quot;:&quot;102.5&quot;,&quot;_legend&quot;:&quot;{score}\\\/{best} - ({count} ocen)&quot;,&quot;font_factor&quot;:&quot;1.25&quot;}'>\n            \n<div class=\"kksr-stars\">\n    \n<div class=\"kksr-stars-inactive\">\n            <div class=\"kksr-star\" data-star=\"1\" style=\"padding-right: 5px\">\n            \n\n<div class=\"kksr-icon\" style=\"width: 16px; height: 16px;\"><\/div>\n        <\/div>\n            <div class=\"kksr-star\" data-star=\"2\" style=\"padding-right: 5px\">\n            \n\n<div class=\"kksr-icon\" style=\"width: 16px; height: 16px;\"><\/div>\n        <\/div>\n            <div class=\"kksr-star\" data-star=\"3\" style=\"padding-right: 5px\">\n            \n\n<div class=\"kksr-icon\" style=\"width: 16px; height: 16px;\"><\/div>\n        <\/div>\n            <div class=\"kksr-star\" data-star=\"4\" style=\"padding-right: 5px\">\n            \n\n<div class=\"kksr-icon\" style=\"width: 16px; height: 16px;\"><\/div>\n        <\/div>\n            <div class=\"kksr-star\" data-star=\"5\" style=\"padding-right: 5px\">\n            \n\n<div class=\"kksr-icon\" style=\"width: 16px; height: 16px;\"><\/div>\n        <\/div>\n    <\/div>\n    \n<div class=\"kksr-stars-active\" style=\"width: 102.5px;\">\n            <div class=\"kksr-star\" style=\"padding-right: 5px\">\n            \n\n<div class=\"kksr-icon\" style=\"width: 16px; height: 16px;\"><\/div>\n        <\/div>\n            <div class=\"kksr-star\" style=\"padding-right: 5px\">\n            \n\n<div class=\"kksr-icon\" style=\"width: 16px; height: 16px;\"><\/div>\n        <\/div>\n            <div class=\"kksr-star\" style=\"padding-right: 5px\">\n            \n\n<div class=\"kksr-icon\" style=\"width: 16px; height: 16px;\"><\/div>\n        <\/div>\n            <div class=\"kksr-star\" style=\"padding-right: 5px\">\n            \n\n<div class=\"kksr-icon\" style=\"width: 16px; height: 16px;\"><\/div>\n        <\/div>\n            <div class=\"kksr-star\" style=\"padding-right: 5px\">\n            \n\n<div class=\"kksr-icon\" style=\"width: 16px; height: 16px;\"><\/div>\n        <\/div>\n    <\/div>\n<\/div>\n                \n\n<div class=\"kksr-legend\" style=\"font-size: 12.8px;\">\n            5\/5 - (5 ocen)    <\/div>\n    <\/div>\n<h3><strong>NeuroMotywacja \u2013 Jak M\u00f3zg Kszta\u0142tuje Twoje Decyzje i Sukces<\/strong><\/h3>\n<p>Odkryj naukowe podej\u015bcie do motywacji i podejmowania decyzji! Zrozum mechanizmy, kt\u00f3re kieruj\u0105 Twoimi wyborami i naucz si\u0119 je \u015bwiadomie kontrolowa\u0107.<\/p>\n<hr \/>\n<h3><strong>Czego si\u0119 nauczysz?<\/strong><\/h3>\n<ul>\n<li>Jak dzia\u0142aj\u0105 mechanizmy motywacyjne w Twoim m\u00f3zgu i jak je wzmocni\u0107<\/li>\n<li>W jaki spos\u00f3b neuronauka wyja\u015bnia Twoje nawyki, prokrastynacj\u0119 i motywacj\u0119<\/li>\n<li>Jak poziomy motywacji wp\u0142ywaj\u0105 na Twoj\u0105 skuteczno\u015b\u0107 i jak je optymalizowa\u0107<\/li>\n<li>W jaki spos\u00f3b motywacja kszta\u0142tuje decyzje biznesowe i osobiste<\/li>\n<li>Jak wykorzysta\u0107 <strong>Pragnienia Reissa<\/strong> i <strong>Talenty Belbina<\/strong> do \u015bwiadomego rozwoju<\/li>\n<li>Skuteczne metody wychodzenia z demotywacji i odzyskiwania energii<\/li>\n<\/ul>\n<hr \/>\n<h3><strong>Dlaczego warto?<\/strong><\/h3>\n<ul>\n<li>Ponad <strong>12 godzin nagra\u0144 wideo<\/strong> pe\u0142nych wiedzy i praktycznych narz\u0119dzi<\/li>\n<li><strong>3 kompleksowe kursy video online<\/strong>, kt\u00f3re \u0142\u0105cz\u0105 teori\u0119 z praktyk\u0105: Motywacja &#8211; Si\u0142a Praganienia, Motywacja &#8211; Jak My\u015bli M\u00f3zg oraz Nagranie Konferencji NeuroM\u00f3zg z 29.03.2025 roku (nagranie dost\u0119pne b\u0119dzie 07.04.2025)<\/li>\n<li><strong>1 ksi\u0105\u017cka<\/strong> &#8222;Motywacja &#8211; Budzenie Wewn\u0119trznej Si\u0142y&#8221;, kt\u00f3ra pog\u0142\u0119bi Twoje zrozumienie tematu<\/li>\n<li>Wiedza oparta na badaniach <strong>Josepha LeDoux, Stevena Reissa, Erica Kandela i innych<\/strong><\/li>\n<li>Uniwersalne techniki, kt\u00f3re sprawdz\u0105 si\u0119 zar\u00f3wno w \u017cyciu osobistym, jak i zawodowym<\/li>\n<\/ul>\n<hr \/>\n<h3><strong>Dla kogo jest ten kurs?<\/strong><\/h3>\n<ul>\n<li>Dla os\u00f3b, kt\u00f3re chc\u0105 zrozumie\u0107 mechanizmy motywacji i skuteczniej dzia\u0142a\u0107<\/li>\n<li>Dla przedsi\u0119biorc\u00f3w, kt\u00f3rzy chc\u0105 podejmowa\u0107 lepsze decyzje biznesowe<\/li>\n<li>Dla lider\u00f3w i mened\u017cer\u00f3w zarz\u0105dzaj\u0105cych zespo\u0142ami<\/li>\n<li>Dla os\u00f3b, kt\u00f3re chc\u0105 wyj\u015b\u0107 z demotywacji i wprowadzi\u0107 trwa\u0142e zmiany<\/li>\n<li>Dla ka\u017cdego, kto chce wykorzysta\u0107 potencja\u0142 swojego m\u00f3zgu do osi\u0105gania sukcesu<\/li>\n<\/ul>\n<p><strong>Nie pozw\u00f3l, aby Tw\u00f3j m\u00f3zg sabotowa\u0142 Twoje cele \u2013 przejmij nad nim kontrol\u0119 i zacznij dzia\u0142a\u0107!<\/strong><\/p>\n<p><strong>Kurs Video dost\u0119pny b\u0119dzie bez limitu na Twoim Koncie po zalogowaniu, a ksi\u0105\u017cka wys\u0142ana na wskazany adres podany przy zam\u00f3wieniu \ud83d\ude42<\/strong><\/p>\n","protected":false},"excerpt":{"rendered":"<p>Kurs Video dost\u0119pny b\u0119dzie bez limitu na Twoim Koncie po zalogowaniu, a ksi\u0105\u017cka wys\u0142ana na wskazany adres podany przy zam\u00f3wieniu \ud83d\ude42<\/p>\n","protected":false},"featured_media":99918,"template":"","meta":{"_acf_changed":false,"content-type":""},"product_brand":[],"product_cat":[28],"product_tag":[],"class_list":{"0":"post-99952","1":"product","2":"type-product","3":"status-publish","4":"has-post-thumbnail","6":"product_cat-kursy-online","8":"first","9":"instock","10":"featured","11":"sold-individually","12":"taxable","13":"shipping-taxable","14":"purchasable","15":"product-type-simple"},"acf":[],"yoast_head":"<!-- This site is optimized with the Yoast SEO plugin v27.1.1 - https:\/\/yoast.com\/product\/yoast-seo-wordpress\/ -->\n<title>NeuroMotywacja - Full Pakiet - Mateusz Mrozowski Trener Biznesu<\/title>\n<meta name=\"description\" content=\"Kurs Online | Motywacja w Sprzeda\u017cy | Automotywacja | Jak dzia\u0142a M\u00f3zg | Potwierdzone Badaniami | M.Mrozowski | Kup Teraz &gt;&gt;\" \/>\n<meta name=\"robots\" content=\"index, follow, max-snippet:-1, max-image-preview:large, max-video-preview:-1\" \/>\n<link rel=\"canonical\" href=\"https:\/\/mateuszmrozowski.pl\/sklep\/produkt\/neuromotywacja-full-pakiet\/\" \/>\n<meta property=\"og:locale\" content=\"pl_PL\" \/>\n<meta property=\"og:type\" content=\"article\" \/>\n<meta property=\"og:title\" content=\"NeuroMotywacja - Full Pakiet - Mateusz Mrozowski Trener Biznesu\" \/>\n<meta property=\"og:description\" content=\"Kurs Online | Motywacja w Sprzeda\u017cy | Automotywacja | Jak dzia\u0142a M\u00f3zg | Potwierdzone Badaniami | M.Mrozowski | Kup Teraz &gt;&gt;\" \/>\n<meta property=\"og:url\" content=\"https:\/\/mateuszmrozowski.pl\/sklep\/produkt\/neuromotywacja-full-pakiet\/\" \/>\n<meta property=\"og:site_name\" content=\"Mateusz Mrozowski Trener Biznesu\" \/>\n<meta property=\"article:publisher\" content=\"https:\/\/www.facebook.com\/mateuszmrozowskisiewca\" \/>\n<meta property=\"article:modified_time\" content=\"2025-04-07T12:13:49+00:00\" \/>\n<meta property=\"og:image\" content=\"https:\/\/mateuszmrozowski.pl\/sklep\/wp-content\/uploads\/2025\/03\/kurs-neuromotywacja-pakiet-mateusz-mrozowski.png\" \/>\n\t<meta property=\"og:image:width\" content=\"1080\" \/>\n\t<meta property=\"og:image:height\" content=\"1080\" \/>\n\t<meta property=\"og:image:type\" content=\"image\/png\" \/>\n<meta name=\"twitter:card\" content=\"summary_large_image\" \/>\n<meta name=\"twitter:label1\" content=\"Szacowany czas czytania\" \/>\n\t<meta name=\"twitter:data1\" content=\"2 minuty\" \/>\n<script type=\"application\/ld+json\" class=\"yoast-schema-graph\">{\"@context\":\"https:\/\/schema.org\",\"@graph\":[{\"@type\":\"WebPage\",\"@id\":\"https:\/\/mateuszmrozowski.pl\/sklep\/produkt\/neuromotywacja-full-pakiet\/\",\"url\":\"https:\/\/mateuszmrozowski.pl\/sklep\/produkt\/neuromotywacja-full-pakiet\/\",\"name\":\"NeuroMotywacja - Full Pakiet - Mateusz Mrozowski Trener Biznesu\",\"isPartOf\":{\"@id\":\"https:\/\/mateuszmrozowski.pl\/sklep\/#website\"},\"primaryImageOfPage\":{\"@id\":\"https:\/\/mateuszmrozowski.pl\/sklep\/produkt\/neuromotywacja-full-pakiet\/#primaryimage\"},\"image\":{\"@id\":\"https:\/\/mateuszmrozowski.pl\/sklep\/produkt\/neuromotywacja-full-pakiet\/#primaryimage\"},\"thumbnailUrl\":\"https:\/\/mateuszmrozowski.pl\/sklep\/wp-content\/uploads\/2025\/03\/kurs-neuromotywacja-pakiet-mateusz-mrozowski.png\",\"datePublished\":\"2025-03-06T08:54:53+00:00\",\"dateModified\":\"2025-04-07T12:13:49+00:00\",\"description\":\"Kurs Online | Motywacja w Sprzeda\u017cy | Automotywacja | Jak dzia\u0142a M\u00f3zg | Potwierdzone Badaniami | M.Mrozowski | Kup Teraz >>\",\"breadcrumb\":{\"@id\":\"https:\/\/mateuszmrozowski.pl\/sklep\/produkt\/neuromotywacja-full-pakiet\/#breadcrumb\"},\"inLanguage\":\"pl-PL\",\"potentialAction\":[{\"@type\":\"ReadAction\",\"target\":[\"https:\/\/mateuszmrozowski.pl\/sklep\/produkt\/neuromotywacja-full-pakiet\/\"]}]},{\"@type\":\"ImageObject\",\"inLanguage\":\"pl-PL\",\"@id\":\"https:\/\/mateuszmrozowski.pl\/sklep\/produkt\/neuromotywacja-full-pakiet\/#primaryimage\",\"url\":\"https:\/\/mateuszmrozowski.pl\/sklep\/wp-content\/uploads\/2025\/03\/kurs-neuromotywacja-pakiet-mateusz-mrozowski.png\",\"contentUrl\":\"https:\/\/mateuszmrozowski.pl\/sklep\/wp-content\/uploads\/2025\/03\/kurs-neuromotywacja-pakiet-mateusz-mrozowski.png\",\"width\":1080,\"height\":1080},{\"@type\":\"BreadcrumbList\",\"@id\":\"https:\/\/mateuszmrozowski.pl\/sklep\/produkt\/neuromotywacja-full-pakiet\/#breadcrumb\",\"itemListElement\":[{\"@type\":\"ListItem\",\"position\":1,\"name\":\"Strona g\u0142\u00f3wna\",\"item\":\"https:\/\/mateuszmrozowski.pl\/sklep\/\"},{\"@type\":\"ListItem\",\"position\":2,\"name\":\"Szkolenia biznesowe i kursy sprzeda\u017cowe\",\"item\":\"https:\/\/mateuszmrozowski.pl\/sklep\/\"},{\"@type\":\"ListItem\",\"position\":3,\"name\":\"Kursy online\",\"item\":\"https:\/\/mateuszmrozowski.pl\/sklep\/kategoria-produktu\/kursy-online\/\"},{\"@type\":\"ListItem\",\"position\":4,\"name\":\"NeuroMotywacja &#8211; Full Pakiet\"}]},{\"@type\":\"WebSite\",\"@id\":\"https:\/\/mateuszmrozowski.pl\/sklep\/#website\",\"url\":\"https:\/\/mateuszmrozowski.pl\/sklep\/\",\"name\":\"Mateusz Mrozowski Trener biznesu\",\"description\":\"Walcz\u0119 o wynik dla firm z kt\u00f3rymi wsp\u00f3\u0142pracuj\u0119.\",\"publisher\":{\"@id\":\"https:\/\/mateuszmrozowski.pl\/sklep\/#organization\"},\"alternateName\":\"Mateusz Mrozowski\",\"potentialAction\":[{\"@type\":\"SearchAction\",\"target\":{\"@type\":\"EntryPoint\",\"urlTemplate\":\"https:\/\/mateuszmrozowski.pl\/sklep\/?s={search_term_string}\"},\"query-input\":{\"@type\":\"PropertyValueSpecification\",\"valueRequired\":true,\"valueName\":\"search_term_string\"}}],\"inLanguage\":\"pl-PL\"},{\"@type\":\"Organization\",\"@id\":\"https:\/\/mateuszmrozowski.pl\/sklep\/#organization\",\"name\":\"Mateusz Mrozowski Trener biznesu\",\"alternateName\":\"Mateusz Mrozowski\",\"url\":\"https:\/\/mateuszmrozowski.pl\/sklep\/\",\"logo\":{\"@type\":\"ImageObject\",\"inLanguage\":\"pl-PL\",\"@id\":\"https:\/\/mateuszmrozowski.pl\/sklep\/#\/schema\/logo\/image\/\",\"url\":\"https:\/\/mateuszmrozowski.pl\/sklep\/wp-content\/uploads\/2025\/03\/cropped-mateusz_mrozowski_logo.png\",\"contentUrl\":\"https:\/\/mateuszmrozowski.pl\/sklep\/wp-content\/uploads\/2025\/03\/cropped-mateusz_mrozowski_logo.png\",\"width\":236,\"height\":59,\"caption\":\"Mateusz Mrozowski Trener biznesu\"},\"image\":{\"@id\":\"https:\/\/mateuszmrozowski.pl\/sklep\/#\/schema\/logo\/image\/\"},\"sameAs\":[\"https:\/\/www.facebook.com\/mateuszmrozowskisiewca\",\"https:\/\/www.youtube.com\/channel\/UCI6FhECZ4GdL1TYU5oh5JDg\",\"https:\/\/www.instagram.com\/mrozowski.siewca\/\",\"https:\/\/www.linkedin.com\/in\/mateuszmrozowski\/\",\"https:\/\/maps.app.goo.gl\/Ee8wtgr6gx2CjEM68\",\"https:\/\/www.tiktok.com\/@mateuszmrozowskisiewca\"]}]}<\/script>\n<!-- \/ Yoast SEO plugin. -->","yoast_head_json":{"title":"NeuroMotywacja - Full Pakiet - Mateusz Mrozowski Trener Biznesu","description":"Kurs Online | Motywacja w Sprzeda\u017cy | Automotywacja | Jak dzia\u0142a M\u00f3zg | Potwierdzone Badaniami | M.Mrozowski | Kup Teraz >>","robots":{"index":"index","follow":"follow","max-snippet":"max-snippet:-1","max-image-preview":"max-image-preview:large","max-video-preview":"max-video-preview:-1"},"canonical":"https:\/\/mateuszmrozowski.pl\/sklep\/produkt\/neuromotywacja-full-pakiet\/","og_locale":"pl_PL","og_type":"article","og_title":"NeuroMotywacja - Full Pakiet - Mateusz Mrozowski Trener Biznesu","og_description":"Kurs Online | Motywacja w Sprzeda\u017cy | Automotywacja | Jak dzia\u0142a M\u00f3zg | Potwierdzone Badaniami | M.Mrozowski | Kup Teraz >>","og_url":"https:\/\/mateuszmrozowski.pl\/sklep\/produkt\/neuromotywacja-full-pakiet\/","og_site_name":"Mateusz Mrozowski Trener Biznesu","article_publisher":"https:\/\/www.facebook.com\/mateuszmrozowskisiewca","article_modified_time":"2025-04-07T12:13:49+00:00","og_image":[{"width":1080,"height":1080,"url":"https:\/\/mateuszmrozowski.pl\/sklep\/wp-content\/uploads\/2025\/03\/kurs-neuromotywacja-pakiet-mateusz-mrozowski.png","type":"image\/png"}],"twitter_card":"summary_large_image","twitter_misc":{"Szacowany czas czytania":"2 minuty"},"schema":{"@context":"https:\/\/schema.org","@graph":[{"@type":"WebPage","@id":"https:\/\/mateuszmrozowski.pl\/sklep\/produkt\/neuromotywacja-full-pakiet\/","url":"https:\/\/mateuszmrozowski.pl\/sklep\/produkt\/neuromotywacja-full-pakiet\/","name":"NeuroMotywacja - Full Pakiet - Mateusz Mrozowski Trener Biznesu","isPartOf":{"@id":"https:\/\/mateuszmrozowski.pl\/sklep\/#website"},"primaryImageOfPage":{"@id":"https:\/\/mateuszmrozowski.pl\/sklep\/produkt\/neuromotywacja-full-pakiet\/#primaryimage"},"image":{"@id":"https:\/\/mateuszmrozowski.pl\/sklep\/produkt\/neuromotywacja-full-pakiet\/#primaryimage"},"thumbnailUrl":"https:\/\/mateuszmrozowski.pl\/sklep\/wp-content\/uploads\/2025\/03\/kurs-neuromotywacja-pakiet-mateusz-mrozowski.png","datePublished":"2025-03-06T08:54:53+00:00","dateModified":"2025-04-07T12:13:49+00:00","description":"Kurs Online | Motywacja w Sprzeda\u017cy | Automotywacja | Jak dzia\u0142a M\u00f3zg | Potwierdzone Badaniami | M.Mrozowski | Kup Teraz >>","breadcrumb":{"@id":"https:\/\/mateuszmrozowski.pl\/sklep\/produkt\/neuromotywacja-full-pakiet\/#breadcrumb"},"inLanguage":"pl-PL","potentialAction":[{"@type":"ReadAction","target":["https:\/\/mateuszmrozowski.pl\/sklep\/produkt\/neuromotywacja-full-pakiet\/"]}]},{"@type":"ImageObject","inLanguage":"pl-PL","@id":"https:\/\/mateuszmrozowski.pl\/sklep\/produkt\/neuromotywacja-full-pakiet\/#primaryimage","url":"https:\/\/mateuszmrozowski.pl\/sklep\/wp-content\/uploads\/2025\/03\/kurs-neuromotywacja-pakiet-mateusz-mrozowski.png","contentUrl":"https:\/\/mateuszmrozowski.pl\/sklep\/wp-content\/uploads\/2025\/03\/kurs-neuromotywacja-pakiet-mateusz-mrozowski.png","width":1080,"height":1080},{"@type":"BreadcrumbList","@id":"https:\/\/mateuszmrozowski.pl\/sklep\/produkt\/neuromotywacja-full-pakiet\/#breadcrumb","itemListElement":[{"@type":"ListItem","position":1,"name":"Strona g\u0142\u00f3wna","item":"https:\/\/mateuszmrozowski.pl\/sklep\/"},{"@type":"ListItem","position":2,"name":"Szkolenia biznesowe i kursy sprzeda\u017cowe","item":"https:\/\/mateuszmrozowski.pl\/sklep\/"},{"@type":"ListItem","position":3,"name":"Kursy online","item":"https:\/\/mateuszmrozowski.pl\/sklep\/kategoria-produktu\/kursy-online\/"},{"@type":"ListItem","position":4,"name":"NeuroMotywacja &#8211; Full Pakiet"}]},{"@type":"WebSite","@id":"https:\/\/mateuszmrozowski.pl\/sklep\/#website","url":"https:\/\/mateuszmrozowski.pl\/sklep\/","name":"Mateusz Mrozowski Trener biznesu","description":"Walcz\u0119 o wynik dla firm z kt\u00f3rymi wsp\u00f3\u0142pracuj\u0119.","publisher":{"@id":"https:\/\/mateuszmrozowski.pl\/sklep\/#organization"},"alternateName":"Mateusz Mrozowski","potentialAction":[{"@type":"SearchAction","target":{"@type":"EntryPoint","urlTemplate":"https:\/\/mateuszmrozowski.pl\/sklep\/?s={search_term_string}"},"query-input":{"@type":"PropertyValueSpecification","valueRequired":true,"valueName":"search_term_string"}}],"inLanguage":"pl-PL"},{"@type":"Organization","@id":"https:\/\/mateuszmrozowski.pl\/sklep\/#organization","name":"Mateusz Mrozowski Trener biznesu","alternateName":"Mateusz Mrozowski","url":"https:\/\/mateuszmrozowski.pl\/sklep\/","logo":{"@type":"ImageObject","inLanguage":"pl-PL","@id":"https:\/\/mateuszmrozowski.pl\/sklep\/#\/schema\/logo\/image\/","url":"https:\/\/mateuszmrozowski.pl\/sklep\/wp-content\/uploads\/2025\/03\/cropped-mateusz_mrozowski_logo.png","contentUrl":"https:\/\/mateuszmrozowski.pl\/sklep\/wp-content\/uploads\/2025\/03\/cropped-mateusz_mrozowski_logo.png","width":236,"height":59,"caption":"Mateusz Mrozowski Trener biznesu"},"image":{"@id":"https:\/\/mateuszmrozowski.pl\/sklep\/#\/schema\/logo\/image\/"},"sameAs":["https:\/\/www.facebook.com\/mateuszmrozowskisiewca","https:\/\/www.youtube.com\/channel\/UCI6FhECZ4GdL1TYU5oh5JDg","https:\/\/www.instagram.com\/mrozowski.siewca\/","https:\/\/www.linkedin.com\/in\/mateuszmrozowski\/","https:\/\/maps.app.goo.gl\/Ee8wtgr6gx2CjEM68","https:\/\/www.tiktok.com\/@mateuszmrozowskisiewca"]}]}},"_links":{"self":[{"href":"https:\/\/mateuszmrozowski.pl\/sklep\/wp-json\/wp\/v2\/product\/99952","targetHints":{"allow":["GET"]}}],"collection":[{"href":"https:\/\/mateuszmrozowski.pl\/sklep\/wp-json\/wp\/v2\/product"}],"about":[{"href":"https:\/\/mateuszmrozowski.pl\/sklep\/wp-json\/wp\/v2\/types\/product"}],"wp:featuredmedia":[{"embeddable":true,"href":"https:\/\/mateuszmrozowski.pl\/sklep\/wp-json\/wp\/v2\/media\/99918"}],"wp:attachment":[{"href":"https:\/\/mateuszmrozowski.pl\/sklep\/wp-json\/wp\/v2\/media?parent=99952"}],"wp:term":[{"taxonomy":"product_brand","embeddable":true,"href":"https:\/\/mateuszmrozowski.pl\/sklep\/wp-json\/wp\/v2\/product_brand?post=99952"},{"taxonomy":"product_cat","embeddable":true,"href":"https:\/\/mateuszmrozowski.pl\/sklep\/wp-json\/wp\/v2\/product_cat?post=99952"},{"taxonomy":"product_tag","embeddable":true,"href":"https:\/\/mateuszmrozowski.pl\/sklep\/wp-json\/wp\/v2\/product_tag?post=99952"}],"curies":[{"name":"wp","href":"https:\/\/api.w.org\/{rel}","templated":true}]}}