{"id":99082,"date":"2025-02-20T14:50:32","date_gmt":"2025-02-20T14:50:32","guid":{"rendered":"https:\/\/mateuszmrozowski.pl\/sklep\/?post_type=product&#038;p=99082"},"modified":"2025-08-01T19:31:40","modified_gmt":"2025-08-01T19:31:40","slug":"glow-and-grow-fast-start-miesiac-1","status":"publish","type":"product","link":"https:\/\/mateuszmrozowski.pl\/sklep\/produkt\/glow-and-grow-fast-start-miesiac-1\/","title":{"rendered":"Glow and Grow Academy [Fast Start] &#8211; miesi\u0105c 1"},"content":{"rendered":"\n\n<div class=\"kk-star-ratings kksr-auto kksr-align-left kksr-valign-top kksr-disabled\"\n    data-payload='{&quot;align&quot;:&quot;left&quot;,&quot;id&quot;:&quot;99082&quot;,&quot;readonly&quot;:&quot;1&quot;,&quot;slug&quot;:&quot;default&quot;,&quot;valign&quot;:&quot;top&quot;,&quot;ignore&quot;:&quot;&quot;,&quot;reference&quot;:&quot;auto&quot;,&quot;class&quot;:&quot;&quot;,&quot;count&quot;:&quot;1&quot;,&quot;legendonly&quot;:&quot;&quot;,&quot;score&quot;:&quot;5&quot;,&quot;starsonly&quot;:&quot;&quot;,&quot;best&quot;:&quot;5&quot;,&quot;gap&quot;:&quot;5&quot;,&quot;greet&quot;:&quot;Wystaw ocen\u0119&quot;,&quot;legend&quot;:&quot;5\\\/5 - (1 ocen)&quot;,&quot;size&quot;:&quot;16&quot;,&quot;title&quot;:&quot;Glow and Grow Academy [Fast Start] - miesi\u0105c 1&quot;,&quot;width&quot;:&quot;102.5&quot;,&quot;_legend&quot;:&quot;{score}\\\/{best} - ({count} ocen)&quot;,&quot;font_factor&quot;:&quot;1.25&quot;}'>\n            \n<div class=\"kksr-stars\">\n    \n<div class=\"kksr-stars-inactive\">\n            <div class=\"kksr-star\" data-star=\"1\" style=\"padding-right: 5px\">\n            \n\n<div class=\"kksr-icon\" style=\"width: 16px; height: 16px;\"><\/div>\n        <\/div>\n            <div class=\"kksr-star\" data-star=\"2\" style=\"padding-right: 5px\">\n            \n\n<div class=\"kksr-icon\" style=\"width: 16px; height: 16px;\"><\/div>\n        <\/div>\n            <div class=\"kksr-star\" data-star=\"3\" style=\"padding-right: 5px\">\n            \n\n<div class=\"kksr-icon\" style=\"width: 16px; height: 16px;\"><\/div>\n        <\/div>\n            <div class=\"kksr-star\" data-star=\"4\" style=\"padding-right: 5px\">\n            \n\n<div class=\"kksr-icon\" style=\"width: 16px; height: 16px;\"><\/div>\n        <\/div>\n            <div class=\"kksr-star\" data-star=\"5\" style=\"padding-right: 5px\">\n            \n\n<div class=\"kksr-icon\" style=\"width: 16px; height: 16px;\"><\/div>\n        <\/div>\n    <\/div>\n    \n<div class=\"kksr-stars-active\" style=\"width: 102.5px;\">\n            <div class=\"kksr-star\" style=\"padding-right: 5px\">\n            \n\n<div class=\"kksr-icon\" style=\"width: 16px; height: 16px;\"><\/div>\n        <\/div>\n            <div class=\"kksr-star\" style=\"padding-right: 5px\">\n            \n\n<div class=\"kksr-icon\" style=\"width: 16px; height: 16px;\"><\/div>\n        <\/div>\n            <div class=\"kksr-star\" style=\"padding-right: 5px\">\n            \n\n<div class=\"kksr-icon\" style=\"width: 16px; height: 16px;\"><\/div>\n        <\/div>\n            <div class=\"kksr-star\" style=\"padding-right: 5px\">\n            \n\n<div class=\"kksr-icon\" style=\"width: 16px; height: 16px;\"><\/div>\n        <\/div>\n            <div class=\"kksr-star\" style=\"padding-right: 5px\">\n            \n\n<div class=\"kksr-icon\" style=\"width: 16px; height: 16px;\"><\/div>\n        <\/div>\n    <\/div>\n<\/div>\n                \n\n<div class=\"kksr-legend\" style=\"font-size: 12.8px;\">\n            5\/5 - (1 ocen)    <\/div>\n    <\/div>\n<h2 data-pm-slice=\"1 1 []\"><strong>Glow and Grow Academy &#8211; Fast Start<\/strong><br \/>\n<strong>3-miesi\u0119czna Akademia Online\u00a0<\/strong><\/h2>\n<p><strong>Odkryj tajniki skutecznej sprzeda\u017cy i rekrutacji w bran\u017cy beauty!<\/strong><br \/>\nChcesz zwi\u0119kszy\u0107 swoje dochody, pozyskiwa\u0107 wi\u0119cej klient\u00f3w i skutecznie rozwija\u0107 sw\u00f3j biznes? Glow and Grow Academy &#8211; Fast Start to intensywny, 3-miesi\u0119czny program online, kt\u00f3ry pomo\u017ce Ci osi\u0105gn\u0105\u0107 mistrzostwo w komunikacji, sprzeda\u017cy i rekrutacji. Niezale\u017cnie od tego, czy dopiero zaczynasz, czy ju\u017c dzia\u0142asz w bran\u017cy, ta akademia da Ci konkretne narz\u0119dzia i strategie, kt\u00f3re wprowadzisz w \u017cycie od razu!<\/p>\n<h4><strong>WA\u017bNE: Po dokonaniu p\u0142atno\u015bci, zaloguj si\u0119 na swoje <a href=\"https:\/\/mateuszmrozowski.pl\/sklep\/kokpit\/\">konto <\/a>i w zak\u0142adce &#8222;Kursy na kt\u00f3re si\u0119 zapisano&#8221; znajdziesz ju\u017c dost\u0119p do Akademii z kolejnymi informacjami. Po prostu kliknij w przycisk &#8222;Rozpocznij Nauk\u0119&#8221; i w pierwszej lekcji otrzymasz link do kana\u0142u komunikacyjnego, do kt\u00f3rego nale\u017cy do\u0142\u0105czy\u0107 \ud83d\ude42<\/strong><\/h4>\n<p>&nbsp;<\/p>\n<h3><strong>Co zyskasz, do\u0142\u0105czaj\u0105c do Glow and Grow Academy &#8211; Fast Start?<\/strong><\/h3>\n<p>\u2705 Opanujesz skuteczne techniki komunikacji, dzi\u0119ki kt\u00f3rym \u0142atwiej nawi\u0105\u017cesz relacje z klientami i partnerami biznesowymi.<br \/>\n\u2705 Poznasz 3 systemy reprezentacji w sprzeda\u017cy i rekrutacji \u2013 nauczysz si\u0119 m\u00f3wi\u0107 j\u0119zykiem, kt\u00f3ry trafia do ka\u017cdego.<br \/>\n\u2705 Dowiesz si\u0119, jak skutecznie prowadzi\u0107 prospecting i rekrutacj\u0119, zdobywaj\u0105c warto\u015bciowych klient\u00f3w i wsp\u00f3\u0142pracownik\u00f3w.<br \/>\n\u2705 Poznasz tajniki prowadzenia rozm\u00f3w handlowych i nauczysz si\u0119 u\u017cywa\u0107 w\u0142a\u015bciwych s\u0142\u00f3w w sprzeda\u017cy.<br \/>\n\u2705 Opanujesz sztuk\u0119 zadawania pyta\u0144, aby skutecznie anga\u017cowa\u0107 rozm\u00f3wc\u00f3w.<br \/>\n\u2705 Nauczysz si\u0119, jak prezentowa\u0107 produkty beauty w spos\u00f3b, kt\u00f3ry budzi zainteresowanie i zwi\u0119ksza sprzeda\u017c.<br \/>\n\u2705 Odkryjesz sprawdzone metody skutecznego zamykania sprzeda\u017cy i radzenia sobie z obiekcjami klient\u00f3w.<br \/>\n\u2705 We\u017amiesz udzia\u0142 w praktycznych warsztatach, kt\u00f3re pozwol\u0105 Ci prze\u0142o\u017cy\u0107 teori\u0119 na dzia\u0142anie!<\/p>\n<div>\n<hr \/>\n<\/div>\n<h3><strong>Program Akademii Glow and Grow \u2013 Fast Start<\/strong><\/h3>\n<p><strong>Miesi\u0105c 1:<\/strong> Podstawy komunikacji i sprzeda\u017cy<br \/>\n\ud83d\udd39 Wst\u0119p &#8211; Po co tutaj jeste\u015b?<br \/>\n\ud83d\udd39 Komunikacja z lud\u017ami pod k\u0105tem osobowo\u015bci<br \/>\n\ud83d\udd39 3 systemy reprezentacji w sprzeda\u017cy i rekrutowaniu<br \/>\n\ud83d\udd39 Sztuka prospectingu i rekrutacji &#8211; wst\u0119p do warsztat\u00f3w<br \/>\n\ud83d\udd39 Trzy rodzaje s\u0142\u00f3w w rozmowie handlowej i rekrutacyjnej<\/p>\n<p><strong>Miesi\u0105c 2:<\/strong> Praktyczne strategie sprzeda\u017cy<br \/>\n\ud83d\udd39 Praktyczny warsztat z prospectingu i rekrutacji<br \/>\n\ud83d\udd39 Matryca zadawania pyta\u0144 w rozmowach handlowych<br \/>\n\ud83d\udd39 J\u0119zyki prezentowania produktu beauty<br \/>\n\ud83d\udd39 Prezentowanie pakiet\u00f3w i wsp\u00f3\u0142pracy biznesowej<\/p>\n<p><strong>Miesi\u0105c 3:<\/strong> Zamkni\u0119cie sprzeda\u017cy i praca nad wynikami<br \/>\n\ud83d\udd39 Neutralizacja obiekcji<br \/>\n\ud83d\udd39 Mechanizm neutralizacji obiekcji<br \/>\n\ud83d\udd39 Skuteczne zamykanie sprzeda\u017cy<br \/>\n\ud83d\udd39 Praktyczny warsztat sprzeda\u017cowy<br \/>\n\ud83d\udd39 Zako\u0144czenie &#8211; 10 z\u0142otych zasad w pigu\u0142ce<\/p>\n<div>\n<hr \/>\n<\/div>\n<h3><strong>Dla kogo jest ta akademia?<\/strong><\/h3>\n<p>\ud83d\udca1 Przedsi\u0119biorc\u00f3w z bran\u017cy beauty, kt\u00f3rzy chc\u0105 zwi\u0119kszy\u0107 sprzeda\u017c i rozwin\u0105\u0107 biznes.<br \/>\n\ud83d\udca1 Konsultant\u00f3w i doradc\u00f3w, kt\u00f3rzy chc\u0105 skuteczniej pozyskiwa\u0107 klient\u00f3w.<br \/>\n\ud83d\udca1 Os\u00f3b, kt\u00f3re rozpoczynaj\u0105 swoj\u0105 drog\u0119 w sprzeda\u017cy i rekrutacji i chc\u0105 zdoby\u0107 konkretne narz\u0119dzia.<br \/>\n\ud83d\udca1 Wszystkich, kt\u00f3rzy pragn\u0105 lepiej komunikowa\u0107 si\u0119 z lud\u017ami i budowa\u0107 trwa\u0142e relacje biznesowe.<\/p>\n<div>\n<hr \/>\n<\/div>\n<h3><strong>Dlaczego warto do\u0142\u0105czy\u0107?<\/strong><\/h3>\n<p>\ud83d\udc8e Praktyczne podej\u015bcie \u2013 uczysz si\u0119, stosujesz, osi\u0105gasz wyniki!<br \/>\n\ud83d\udc8e Konkretny harmonogram i materia\u0142y, kt\u00f3re zostaj\u0105 z Tob\u0105 na zawsze.<br \/>\n\ud83d\udc8e Mo\u017cliwo\u015b\u0107 pracy w dowolnym miejscu i czasie \u2013 dost\u0119p do nagra\u0144 24\/7.<br \/>\n\ud83d\udc8e Wiedza poparta do\u015bwiadczeniem \u2013 sprawdzone strategie, kt\u00f3re dzia\u0142aj\u0105!<\/p>\n<p>Nie czekaj! Zainwestuj w swoje umiej\u0119tno\u015bci i przysz\u0142o\u015b\u0107 swojego biznesu ju\u017c teraz!<br \/>\n\ud83d\udc49 <strong>Do\u0142\u0105cz do Glow and Grow Academy &#8211; Fast Start i zacznij dzia\u0142a\u0107 skutecznie!<\/strong><\/p>\n<p>&nbsp;<\/p>\n","protected":false},"excerpt":{"rendered":"<p>Glow and Grow Academy &#8211; Fast Start 3-miesi\u0119czna Akademia Online\u00a0 Odkryj tajniki skutecznej sprzeda\u017cy i rekrutacji w bran\u017cy beauty! Chcesz zwi\u0119kszy\u0107 swoje dochody, pozyskiwa\u0107 wi\u0119cej klient\u00f3w i skutecznie rozwija\u0107 sw\u00f3j biznes? Glow and Grow Academy &#8211; Fast Start to intensywny, 3-miesi\u0119czny program online, kt\u00f3ry pomo\u017ce Ci osi\u0105gn\u0105\u0107 mistrzostwo w komunikacji, sprzeda\u017cy i rekrutacji. Niezale\u017cnie od [&hellip;]<\/p>\n","protected":false},"featured_media":99083,"template":"","meta":{"_acf_changed":false,"content-type":""},"product_brand":[],"product_cat":[130,114],"product_tag":[116],"class_list":{"0":"post-99082","1":"product","2":"type-product","3":"status-publish","4":"has-post-thumbnail","6":"product_cat-akademie-firmowe","7":"product_cat-wszystkie-produkty","8":"product_tag-nuskin","10":"first","11":"outofstock","12":"virtual","13":"sold-individually","14":"taxable","15":"purchasable","16":"product-type-simple"},"acf":[],"yoast_head":"<!-- This site is optimized with the Yoast SEO plugin v27.1.1 - https:\/\/yoast.com\/product\/yoast-seo-wordpress\/ -->\n<title>Glow and Grow Academy [Fast Start] - miesi\u0105c 1 - Mateusz Mrozowski Trener Biznesu<\/title>\n<meta name=\"robots\" content=\"noindex, nofollow\" \/>\n<meta property=\"og:locale\" content=\"pl_PL\" \/>\n<meta property=\"og:type\" content=\"article\" \/>\n<meta property=\"og:title\" content=\"Glow and Grow Academy [Fast Start] - miesi\u0105c 1 - Mateusz Mrozowski Trener Biznesu\" \/>\n<meta property=\"og:description\" content=\"Glow and Grow Academy &#8211; Fast Start 3-miesi\u0119czna Akademia Online\u00a0 Odkryj tajniki skutecznej sprzeda\u017cy i rekrutacji w bran\u017cy beauty! Chcesz zwi\u0119kszy\u0107 swoje dochody, pozyskiwa\u0107 wi\u0119cej klient\u00f3w i skutecznie rozwija\u0107 sw\u00f3j biznes? Glow and Grow Academy &#8211; Fast Start to intensywny, 3-miesi\u0119czny program online, kt\u00f3ry pomo\u017ce Ci osi\u0105gn\u0105\u0107 mistrzostwo w komunikacji, sprzeda\u017cy i rekrutacji. Niezale\u017cnie od [&hellip;]\" \/>\n<meta property=\"og:url\" content=\"https:\/\/mateuszmrozowski.pl\/sklep\/produkt\/glow-and-grow-fast-start-miesiac-1\/\" \/>\n<meta property=\"og:site_name\" content=\"Mateusz Mrozowski Trener Biznesu\" \/>\n<meta property=\"article:publisher\" content=\"https:\/\/www.facebook.com\/mateuszmrozowskisiewca\" \/>\n<meta property=\"article:modified_time\" content=\"2025-08-01T19:31:40+00:00\" \/>\n<meta property=\"og:image\" content=\"https:\/\/mateuszmrozowski.pl\/sklep\/wp-content\/uploads\/2025\/02\/glow-and-grow-1.png\" \/>\n\t<meta property=\"og:image:width\" content=\"1080\" \/>\n\t<meta property=\"og:image:height\" content=\"1080\" \/>\n\t<meta property=\"og:image:type\" content=\"image\/png\" \/>\n<meta name=\"twitter:card\" content=\"summary_large_image\" \/>\n<meta name=\"twitter:label1\" content=\"Szacowany czas czytania\" \/>\n\t<meta name=\"twitter:data1\" content=\"4 minuty\" \/>\n<script type=\"application\/ld+json\" class=\"yoast-schema-graph\">{\"@context\":\"https:\/\/schema.org\",\"@graph\":[{\"@type\":\"WebPage\",\"@id\":\"https:\/\/mateuszmrozowski.pl\/sklep\/produkt\/glow-and-grow-fast-start-miesiac-1\/\",\"url\":\"https:\/\/mateuszmrozowski.pl\/sklep\/produkt\/glow-and-grow-fast-start-miesiac-1\/\",\"name\":\"Glow and Grow Academy [Fast Start] - miesi\u0105c 1 - Mateusz Mrozowski Trener Biznesu\",\"isPartOf\":{\"@id\":\"https:\/\/mateuszmrozowski.pl\/sklep\/#website\"},\"primaryImageOfPage\":{\"@id\":\"https:\/\/mateuszmrozowski.pl\/sklep\/produkt\/glow-and-grow-fast-start-miesiac-1\/#primaryimage\"},\"image\":{\"@id\":\"https:\/\/mateuszmrozowski.pl\/sklep\/produkt\/glow-and-grow-fast-start-miesiac-1\/#primaryimage\"},\"thumbnailUrl\":\"https:\/\/mateuszmrozowski.pl\/sklep\/wp-content\/uploads\/2025\/02\/glow-and-grow-1.png\",\"datePublished\":\"2025-02-20T14:50:32+00:00\",\"dateModified\":\"2025-08-01T19:31:40+00:00\",\"breadcrumb\":{\"@id\":\"https:\/\/mateuszmrozowski.pl\/sklep\/produkt\/glow-and-grow-fast-start-miesiac-1\/#breadcrumb\"},\"inLanguage\":\"pl-PL\",\"potentialAction\":[{\"@type\":\"ReadAction\",\"target\":[\"https:\/\/mateuszmrozowski.pl\/sklep\/produkt\/glow-and-grow-fast-start-miesiac-1\/\"]}]},{\"@type\":\"ImageObject\",\"inLanguage\":\"pl-PL\",\"@id\":\"https:\/\/mateuszmrozowski.pl\/sklep\/produkt\/glow-and-grow-fast-start-miesiac-1\/#primaryimage\",\"url\":\"https:\/\/mateuszmrozowski.pl\/sklep\/wp-content\/uploads\/2025\/02\/glow-and-grow-1.png\",\"contentUrl\":\"https:\/\/mateuszmrozowski.pl\/sklep\/wp-content\/uploads\/2025\/02\/glow-and-grow-1.png\",\"width\":1080,\"height\":1080},{\"@type\":\"BreadcrumbList\",\"@id\":\"https:\/\/mateuszmrozowski.pl\/sklep\/produkt\/glow-and-grow-fast-start-miesiac-1\/#breadcrumb\",\"itemListElement\":[{\"@type\":\"ListItem\",\"position\":1,\"name\":\"Strona g\u0142\u00f3wna\",\"item\":\"https:\/\/mateuszmrozowski.pl\/sklep\/\"},{\"@type\":\"ListItem\",\"position\":2,\"name\":\"Szkolenia biznesowe i kursy sprzeda\u017cowe\",\"item\":\"https:\/\/mateuszmrozowski.pl\/sklep\/\"},{\"@type\":\"ListItem\",\"position\":3,\"name\":\"Akademie\",\"item\":\"https:\/\/mateuszmrozowski.pl\/sklep\/kategoria-produktu\/akademie\/\"},{\"@type\":\"ListItem\",\"position\":4,\"name\":\"Glow and Grow Academy [Fast Start] &#8211; miesi\u0105c 1\"}]},{\"@type\":\"WebSite\",\"@id\":\"https:\/\/mateuszmrozowski.pl\/sklep\/#website\",\"url\":\"https:\/\/mateuszmrozowski.pl\/sklep\/\",\"name\":\"Mateusz Mrozowski Trener biznesu\",\"description\":\"Walcz\u0119 o wynik dla firm z kt\u00f3rymi wsp\u00f3\u0142pracuj\u0119.\",\"publisher\":{\"@id\":\"https:\/\/mateuszmrozowski.pl\/sklep\/#organization\"},\"alternateName\":\"Mateusz Mrozowski\",\"potentialAction\":[{\"@type\":\"SearchAction\",\"target\":{\"@type\":\"EntryPoint\",\"urlTemplate\":\"https:\/\/mateuszmrozowski.pl\/sklep\/?s={search_term_string}\"},\"query-input\":{\"@type\":\"PropertyValueSpecification\",\"valueRequired\":true,\"valueName\":\"search_term_string\"}}],\"inLanguage\":\"pl-PL\"},{\"@type\":\"Organization\",\"@id\":\"https:\/\/mateuszmrozowski.pl\/sklep\/#organization\",\"name\":\"Mateusz Mrozowski Trener biznesu\",\"alternateName\":\"Mateusz Mrozowski\",\"url\":\"https:\/\/mateuszmrozowski.pl\/sklep\/\",\"logo\":{\"@type\":\"ImageObject\",\"inLanguage\":\"pl-PL\",\"@id\":\"https:\/\/mateuszmrozowski.pl\/sklep\/#\/schema\/logo\/image\/\",\"url\":\"https:\/\/mateuszmrozowski.pl\/sklep\/wp-content\/uploads\/2025\/03\/cropped-mateusz_mrozowski_logo.png\",\"contentUrl\":\"https:\/\/mateuszmrozowski.pl\/sklep\/wp-content\/uploads\/2025\/03\/cropped-mateusz_mrozowski_logo.png\",\"width\":236,\"height\":59,\"caption\":\"Mateusz Mrozowski Trener biznesu\"},\"image\":{\"@id\":\"https:\/\/mateuszmrozowski.pl\/sklep\/#\/schema\/logo\/image\/\"},\"sameAs\":[\"https:\/\/www.facebook.com\/mateuszmrozowskisiewca\",\"https:\/\/www.youtube.com\/channel\/UCI6FhECZ4GdL1TYU5oh5JDg\",\"https:\/\/www.instagram.com\/mrozowski.siewca\/\",\"https:\/\/www.linkedin.com\/in\/mateuszmrozowski\/\",\"https:\/\/maps.app.goo.gl\/Ee8wtgr6gx2CjEM68\",\"https:\/\/www.tiktok.com\/@mateuszmrozowskisiewca\"]}]}<\/script>\n<!-- \/ Yoast SEO plugin. -->","yoast_head_json":{"title":"Glow and Grow Academy [Fast Start] - miesi\u0105c 1 - Mateusz Mrozowski Trener Biznesu","robots":{"index":"noindex","follow":"nofollow"},"og_locale":"pl_PL","og_type":"article","og_title":"Glow and Grow Academy [Fast Start] - miesi\u0105c 1 - Mateusz Mrozowski Trener Biznesu","og_description":"Glow and Grow Academy &#8211; Fast Start 3-miesi\u0119czna Akademia Online\u00a0 Odkryj tajniki skutecznej sprzeda\u017cy i rekrutacji w bran\u017cy beauty! Chcesz zwi\u0119kszy\u0107 swoje dochody, pozyskiwa\u0107 wi\u0119cej klient\u00f3w i skutecznie rozwija\u0107 sw\u00f3j biznes? Glow and Grow Academy &#8211; Fast Start to intensywny, 3-miesi\u0119czny program online, kt\u00f3ry pomo\u017ce Ci osi\u0105gn\u0105\u0107 mistrzostwo w komunikacji, sprzeda\u017cy i rekrutacji. Niezale\u017cnie od [&hellip;]","og_url":"https:\/\/mateuszmrozowski.pl\/sklep\/produkt\/glow-and-grow-fast-start-miesiac-1\/","og_site_name":"Mateusz Mrozowski Trener Biznesu","article_publisher":"https:\/\/www.facebook.com\/mateuszmrozowskisiewca","article_modified_time":"2025-08-01T19:31:40+00:00","og_image":[{"width":1080,"height":1080,"url":"https:\/\/mateuszmrozowski.pl\/sklep\/wp-content\/uploads\/2025\/02\/glow-and-grow-1.png","type":"image\/png"}],"twitter_card":"summary_large_image","twitter_misc":{"Szacowany czas czytania":"4 minuty"},"schema":{"@context":"https:\/\/schema.org","@graph":[{"@type":"WebPage","@id":"https:\/\/mateuszmrozowski.pl\/sklep\/produkt\/glow-and-grow-fast-start-miesiac-1\/","url":"https:\/\/mateuszmrozowski.pl\/sklep\/produkt\/glow-and-grow-fast-start-miesiac-1\/","name":"Glow and Grow Academy [Fast Start] - miesi\u0105c 1 - Mateusz Mrozowski Trener Biznesu","isPartOf":{"@id":"https:\/\/mateuszmrozowski.pl\/sklep\/#website"},"primaryImageOfPage":{"@id":"https:\/\/mateuszmrozowski.pl\/sklep\/produkt\/glow-and-grow-fast-start-miesiac-1\/#primaryimage"},"image":{"@id":"https:\/\/mateuszmrozowski.pl\/sklep\/produkt\/glow-and-grow-fast-start-miesiac-1\/#primaryimage"},"thumbnailUrl":"https:\/\/mateuszmrozowski.pl\/sklep\/wp-content\/uploads\/2025\/02\/glow-and-grow-1.png","datePublished":"2025-02-20T14:50:32+00:00","dateModified":"2025-08-01T19:31:40+00:00","breadcrumb":{"@id":"https:\/\/mateuszmrozowski.pl\/sklep\/produkt\/glow-and-grow-fast-start-miesiac-1\/#breadcrumb"},"inLanguage":"pl-PL","potentialAction":[{"@type":"ReadAction","target":["https:\/\/mateuszmrozowski.pl\/sklep\/produkt\/glow-and-grow-fast-start-miesiac-1\/"]}]},{"@type":"ImageObject","inLanguage":"pl-PL","@id":"https:\/\/mateuszmrozowski.pl\/sklep\/produkt\/glow-and-grow-fast-start-miesiac-1\/#primaryimage","url":"https:\/\/mateuszmrozowski.pl\/sklep\/wp-content\/uploads\/2025\/02\/glow-and-grow-1.png","contentUrl":"https:\/\/mateuszmrozowski.pl\/sklep\/wp-content\/uploads\/2025\/02\/glow-and-grow-1.png","width":1080,"height":1080},{"@type":"BreadcrumbList","@id":"https:\/\/mateuszmrozowski.pl\/sklep\/produkt\/glow-and-grow-fast-start-miesiac-1\/#breadcrumb","itemListElement":[{"@type":"ListItem","position":1,"name":"Strona g\u0142\u00f3wna","item":"https:\/\/mateuszmrozowski.pl\/sklep\/"},{"@type":"ListItem","position":2,"name":"Szkolenia biznesowe i kursy sprzeda\u017cowe","item":"https:\/\/mateuszmrozowski.pl\/sklep\/"},{"@type":"ListItem","position":3,"name":"Akademie","item":"https:\/\/mateuszmrozowski.pl\/sklep\/kategoria-produktu\/akademie\/"},{"@type":"ListItem","position":4,"name":"Glow and Grow Academy [Fast Start] &#8211; miesi\u0105c 1"}]},{"@type":"WebSite","@id":"https:\/\/mateuszmrozowski.pl\/sklep\/#website","url":"https:\/\/mateuszmrozowski.pl\/sklep\/","name":"Mateusz Mrozowski Trener biznesu","description":"Walcz\u0119 o wynik dla firm z kt\u00f3rymi wsp\u00f3\u0142pracuj\u0119.","publisher":{"@id":"https:\/\/mateuszmrozowski.pl\/sklep\/#organization"},"alternateName":"Mateusz Mrozowski","potentialAction":[{"@type":"SearchAction","target":{"@type":"EntryPoint","urlTemplate":"https:\/\/mateuszmrozowski.pl\/sklep\/?s={search_term_string}"},"query-input":{"@type":"PropertyValueSpecification","valueRequired":true,"valueName":"search_term_string"}}],"inLanguage":"pl-PL"},{"@type":"Organization","@id":"https:\/\/mateuszmrozowski.pl\/sklep\/#organization","name":"Mateusz Mrozowski Trener biznesu","alternateName":"Mateusz Mrozowski","url":"https:\/\/mateuszmrozowski.pl\/sklep\/","logo":{"@type":"ImageObject","inLanguage":"pl-PL","@id":"https:\/\/mateuszmrozowski.pl\/sklep\/#\/schema\/logo\/image\/","url":"https:\/\/mateuszmrozowski.pl\/sklep\/wp-content\/uploads\/2025\/03\/cropped-mateusz_mrozowski_logo.png","contentUrl":"https:\/\/mateuszmrozowski.pl\/sklep\/wp-content\/uploads\/2025\/03\/cropped-mateusz_mrozowski_logo.png","width":236,"height":59,"caption":"Mateusz Mrozowski Trener biznesu"},"image":{"@id":"https:\/\/mateuszmrozowski.pl\/sklep\/#\/schema\/logo\/image\/"},"sameAs":["https:\/\/www.facebook.com\/mateuszmrozowskisiewca","https:\/\/www.youtube.com\/channel\/UCI6FhECZ4GdL1TYU5oh5JDg","https:\/\/www.instagram.com\/mrozowski.siewca\/","https:\/\/www.linkedin.com\/in\/mateuszmrozowski\/","https:\/\/maps.app.goo.gl\/Ee8wtgr6gx2CjEM68","https:\/\/www.tiktok.com\/@mateuszmrozowskisiewca"]}]}},"_links":{"self":[{"href":"https:\/\/mateuszmrozowski.pl\/sklep\/wp-json\/wp\/v2\/product\/99082","targetHints":{"allow":["GET"]}}],"collection":[{"href":"https:\/\/mateuszmrozowski.pl\/sklep\/wp-json\/wp\/v2\/product"}],"about":[{"href":"https:\/\/mateuszmrozowski.pl\/sklep\/wp-json\/wp\/v2\/types\/product"}],"wp:featuredmedia":[{"embeddable":true,"href":"https:\/\/mateuszmrozowski.pl\/sklep\/wp-json\/wp\/v2\/media\/99083"}],"wp:attachment":[{"href":"https:\/\/mateuszmrozowski.pl\/sklep\/wp-json\/wp\/v2\/media?parent=99082"}],"wp:term":[{"taxonomy":"product_brand","embeddable":true,"href":"https:\/\/mateuszmrozowski.pl\/sklep\/wp-json\/wp\/v2\/product_brand?post=99082"},{"taxonomy":"product_cat","embeddable":true,"href":"https:\/\/mateuszmrozowski.pl\/sklep\/wp-json\/wp\/v2\/product_cat?post=99082"},{"taxonomy":"product_tag","embeddable":true,"href":"https:\/\/mateuszmrozowski.pl\/sklep\/wp-json\/wp\/v2\/product_tag?post=99082"}],"curies":[{"name":"wp","href":"https:\/\/api.w.org\/{rel}","templated":true}]}}