{"id":98744,"date":"2025-01-10T09:36:45","date_gmt":"2025-01-10T09:36:45","guid":{"rendered":"https:\/\/mateuszmrozowski.pl\/sklep\/?post_type=product&#038;p=98744"},"modified":"2025-03-01T17:33:13","modified_gmt":"2025-03-01T17:33:13","slug":"voucher-na-dowolny-kurs-online-500","status":"publish","type":"product","link":"https:\/\/mateuszmrozowski.pl\/sklep\/produkt\/voucher-na-dowolny-kurs-online-500\/","title":{"rendered":"Voucher na dowolny Kurs Online &#8211; 500 z\u0142"},"content":{"rendered":"\n\n<div class=\"kk-star-ratings kksr-auto kksr-align-left kksr-valign-top kksr-disabled\"\n    data-payload='{&quot;align&quot;:&quot;left&quot;,&quot;id&quot;:&quot;98744&quot;,&quot;readonly&quot;:&quot;1&quot;,&quot;slug&quot;:&quot;default&quot;,&quot;valign&quot;:&quot;top&quot;,&quot;ignore&quot;:&quot;&quot;,&quot;reference&quot;:&quot;auto&quot;,&quot;class&quot;:&quot;&quot;,&quot;count&quot;:&quot;1&quot;,&quot;legendonly&quot;:&quot;&quot;,&quot;score&quot;:&quot;5&quot;,&quot;starsonly&quot;:&quot;&quot;,&quot;best&quot;:&quot;5&quot;,&quot;gap&quot;:&quot;5&quot;,&quot;greet&quot;:&quot;Wystaw ocen\u0119&quot;,&quot;legend&quot;:&quot;5\\\/5 - (1 ocen)&quot;,&quot;size&quot;:&quot;16&quot;,&quot;title&quot;:&quot;Voucher na dowolny Kurs Online - 500 z\u0142&quot;,&quot;width&quot;:&quot;102.5&quot;,&quot;_legend&quot;:&quot;{score}\\\/{best} - ({count} ocen)&quot;,&quot;font_factor&quot;:&quot;1.25&quot;}'>\n            \n<div class=\"kksr-stars\">\n    \n<div class=\"kksr-stars-inactive\">\n            <div class=\"kksr-star\" data-star=\"1\" style=\"padding-right: 5px\">\n            \n\n<div class=\"kksr-icon\" style=\"width: 16px; height: 16px;\"><\/div>\n        <\/div>\n            <div class=\"kksr-star\" data-star=\"2\" style=\"padding-right: 5px\">\n            \n\n<div class=\"kksr-icon\" style=\"width: 16px; height: 16px;\"><\/div>\n        <\/div>\n            <div class=\"kksr-star\" data-star=\"3\" style=\"padding-right: 5px\">\n            \n\n<div class=\"kksr-icon\" style=\"width: 16px; height: 16px;\"><\/div>\n        <\/div>\n            <div class=\"kksr-star\" data-star=\"4\" style=\"padding-right: 5px\">\n            \n\n<div class=\"kksr-icon\" style=\"width: 16px; height: 16px;\"><\/div>\n        <\/div>\n            <div class=\"kksr-star\" data-star=\"5\" style=\"padding-right: 5px\">\n            \n\n<div class=\"kksr-icon\" style=\"width: 16px; height: 16px;\"><\/div>\n        <\/div>\n    <\/div>\n    \n<div class=\"kksr-stars-active\" style=\"width: 102.5px;\">\n            <div class=\"kksr-star\" style=\"padding-right: 5px\">\n            \n\n<div class=\"kksr-icon\" style=\"width: 16px; height: 16px;\"><\/div>\n        <\/div>\n            <div class=\"kksr-star\" style=\"padding-right: 5px\">\n            \n\n<div class=\"kksr-icon\" style=\"width: 16px; height: 16px;\"><\/div>\n        <\/div>\n            <div class=\"kksr-star\" style=\"padding-right: 5px\">\n            \n\n<div class=\"kksr-icon\" style=\"width: 16px; height: 16px;\"><\/div>\n        <\/div>\n            <div class=\"kksr-star\" style=\"padding-right: 5px\">\n            \n\n<div class=\"kksr-icon\" style=\"width: 16px; height: 16px;\"><\/div>\n        <\/div>\n            <div class=\"kksr-star\" style=\"padding-right: 5px\">\n            \n\n<div class=\"kksr-icon\" style=\"width: 16px; height: 16px;\"><\/div>\n        <\/div>\n    <\/div>\n<\/div>\n                \n\n<div class=\"kksr-legend\" style=\"font-size: 12.8px;\">\n            5\/5 - (1 ocen)    <\/div>\n    <\/div>\n<p>Poznaj \u015bwiat nowej wiedzy i mo\u017cliwo\u015bci dzi\u0119ki naszemu <strong>Voucherowi na dowolny kurs online<\/strong> na stronie <a href=\"https:\/\/mateuszmrozowski.pl\/sklep\/kategoria-produktu\/kursy-online\/\" target=\"_new\" rel=\"noopener\">www.mateuszmrozowski.pl\/sklep<\/a>. Idealny prezent dla tych, kt\u00f3rzy pragn\u0105 si\u0119 rozwija\u0107, zdobywa\u0107 nowe umiej\u0119tno\u015bci lub doskonali\u0107 swoj\u0105 pasj\u0119! \ud83c\udf93\u2728<\/p>\n<h4>Dlaczego warto wybra\u0107 voucher?<\/h4>\n<p>\u2705 <strong>Pe\u0142na swoboda wyboru<\/strong> \u2013 Obdarowana osoba mo\u017ce wybra\u0107 dowolny kurs z naszej oferty, dopasowuj\u0105c go do swoich potrzeb i zainteresowa\u0144.<br \/>\n\u2705 <strong>Elastyczno\u015b\u0107<\/strong> \u2013 Voucher jest wa\u017cny przez <strong>90 dni od daty zakupu<\/strong>, daj\u0105c czas na podj\u0119cie decyzji.<br \/>\n\u2705 <strong>Prosty spos\u00f3b realizacji<\/strong> \u2013 Wystarczy u\u017cy\u0107 unikalnego kodu podczas zakupu kursu w naszym sklepie.<\/p>\n<h4>Wa\u017cne informacje:<\/h4>\n<p>\u2757 <strong>Voucher nie \u0142\u0105czy si\u0119 z innymi promocjami i rabatami<\/strong> w sklepie.<br \/>\n\u2757 <strong>Termin wa\u017cno\u015bci wynosi 90 dni<\/strong> od daty zakupu \u2013 nie czekaj z jego realizacj\u0105!<\/p>\n<p>Podaruj komu\u015b (lub sobie!) szans\u0119 na rozw\u00f3j i zdobycie nowych kompetencji. Nasze kursy online to inwestycja w wiedz\u0119 i przysz\u0142o\u015b\u0107 \u2013 dost\u0119pna na wyci\u0105gni\u0119cie r\u0119ki!<\/p>\n<p>\ud83c\udf81 <strong>Zainspiruj bliskich do nauki \u2013 wybierz voucher ju\u017c teraz!<\/strong><\/p>\n","protected":false},"excerpt":{"rendered":"<p>Poznaj \u015bwiat nowej wiedzy i mo\u017cliwo\u015bci dzi\u0119ki naszemu Voucherowi na dowolny kurs online na stronie www.mateuszmrozowski.pl\/sklep. Idealny prezent dla tych, kt\u00f3rzy pragn\u0105 si\u0119 rozwija\u0107, zdobywa\u0107 nowe umiej\u0119tno\u015bci lub doskonali\u0107 swoj\u0105 pasj\u0119! \ud83c\udf93\u2728 Dlaczego warto wybra\u0107 voucher? \u2705 Pe\u0142na swoboda wyboru \u2013 Obdarowana osoba mo\u017ce wybra\u0107 dowolny kurs z naszej oferty, dopasowuj\u0105c go do swoich potrzeb [&hellip;]<\/p>\n","protected":false},"featured_media":98689,"template":"","meta":{"_acf_changed":false,"content-type":""},"product_brand":[],"product_cat":[111,114],"product_tag":[],"class_list":{"0":"post-98744","1":"product","2":"type-product","3":"status-publish","4":"has-post-thumbnail","6":"product_cat-vouchery","7":"product_cat-wszystkie-produkty","8":"product_shipping_class-voucher","10":"first","11":"instock","12":"virtual","13":"sold-individually","14":"taxable","15":"purchasable","16":"product-type-simple"},"acf":[],"yoast_head":"<!-- This site is optimized with the Yoast SEO plugin v27.1.1 - https:\/\/yoast.com\/product\/yoast-seo-wordpress\/ -->\n<title>Voucher na dowolny Kurs Online - 500 z\u0142 - Mateusz Mrozowski Trener Biznesu<\/title>\n<meta name=\"robots\" content=\"noindex, nofollow\" \/>\n<meta property=\"og:locale\" content=\"pl_PL\" \/>\n<meta property=\"og:type\" content=\"article\" \/>\n<meta property=\"og:title\" content=\"Voucher na dowolny Kurs Online - 500 z\u0142 - Mateusz Mrozowski Trener Biznesu\" \/>\n<meta property=\"og:description\" content=\"Poznaj \u015bwiat nowej wiedzy i mo\u017cliwo\u015bci dzi\u0119ki naszemu Voucherowi na dowolny kurs online na stronie www.mateuszmrozowski.pl\/sklep. Idealny prezent dla tych, kt\u00f3rzy pragn\u0105 si\u0119 rozwija\u0107, zdobywa\u0107 nowe umiej\u0119tno\u015bci lub doskonali\u0107 swoj\u0105 pasj\u0119! \ud83c\udf93\u2728 Dlaczego warto wybra\u0107 voucher? \u2705 Pe\u0142na swoboda wyboru \u2013 Obdarowana osoba mo\u017ce wybra\u0107 dowolny kurs z naszej oferty, dopasowuj\u0105c go do swoich potrzeb [&hellip;]\" \/>\n<meta property=\"og:url\" content=\"https:\/\/mateuszmrozowski.pl\/sklep\/produkt\/voucher-na-dowolny-kurs-online-500\/\" \/>\n<meta property=\"og:site_name\" content=\"Mateusz Mrozowski Trener Biznesu\" \/>\n<meta property=\"article:publisher\" content=\"https:\/\/www.facebook.com\/mateuszmrozowskisiewca\" \/>\n<meta property=\"article:modified_time\" content=\"2025-03-01T17:33:13+00:00\" \/>\n<meta property=\"og:image\" content=\"https:\/\/mateuszmrozowski.pl\/sklep\/wp-content\/uploads\/2024\/12\/voucher-500-mateusz-mrozowski.jpg\" \/>\n\t<meta property=\"og:image:width\" content=\"1080\" \/>\n\t<meta property=\"og:image:height\" content=\"1080\" \/>\n\t<meta property=\"og:image:type\" content=\"image\/jpeg\" \/>\n<meta name=\"twitter:card\" content=\"summary_large_image\" \/>\n<meta name=\"twitter:label1\" content=\"Szacowany czas czytania\" \/>\n\t<meta name=\"twitter:data1\" content=\"2 minuty\" \/>\n<script type=\"application\/ld+json\" class=\"yoast-schema-graph\">{\"@context\":\"https:\/\/schema.org\",\"@graph\":[{\"@type\":\"WebPage\",\"@id\":\"https:\/\/mateuszmrozowski.pl\/sklep\/produkt\/voucher-na-dowolny-kurs-online-500\/\",\"url\":\"https:\/\/mateuszmrozowski.pl\/sklep\/produkt\/voucher-na-dowolny-kurs-online-500\/\",\"name\":\"Voucher na dowolny Kurs Online - 500 z\u0142 - Mateusz Mrozowski Trener Biznesu\",\"isPartOf\":{\"@id\":\"https:\/\/mateuszmrozowski.pl\/sklep\/#website\"},\"primaryImageOfPage\":{\"@id\":\"https:\/\/mateuszmrozowski.pl\/sklep\/produkt\/voucher-na-dowolny-kurs-online-500\/#primaryimage\"},\"image\":{\"@id\":\"https:\/\/mateuszmrozowski.pl\/sklep\/produkt\/voucher-na-dowolny-kurs-online-500\/#primaryimage\"},\"thumbnailUrl\":\"https:\/\/mateuszmrozowski.pl\/sklep\/wp-content\/uploads\/2024\/12\/voucher-500-mateusz-mrozowski.jpg\",\"datePublished\":\"2025-01-10T09:36:45+00:00\",\"dateModified\":\"2025-03-01T17:33:13+00:00\",\"breadcrumb\":{\"@id\":\"https:\/\/mateuszmrozowski.pl\/sklep\/produkt\/voucher-na-dowolny-kurs-online-500\/#breadcrumb\"},\"inLanguage\":\"pl-PL\",\"potentialAction\":[{\"@type\":\"ReadAction\",\"target\":[\"https:\/\/mateuszmrozowski.pl\/sklep\/produkt\/voucher-na-dowolny-kurs-online-500\/\"]}]},{\"@type\":\"ImageObject\",\"inLanguage\":\"pl-PL\",\"@id\":\"https:\/\/mateuszmrozowski.pl\/sklep\/produkt\/voucher-na-dowolny-kurs-online-500\/#primaryimage\",\"url\":\"https:\/\/mateuszmrozowski.pl\/sklep\/wp-content\/uploads\/2024\/12\/voucher-500-mateusz-mrozowski.jpg\",\"contentUrl\":\"https:\/\/mateuszmrozowski.pl\/sklep\/wp-content\/uploads\/2024\/12\/voucher-500-mateusz-mrozowski.jpg\",\"width\":1080,\"height\":1080},{\"@type\":\"BreadcrumbList\",\"@id\":\"https:\/\/mateuszmrozowski.pl\/sklep\/produkt\/voucher-na-dowolny-kurs-online-500\/#breadcrumb\",\"itemListElement\":[{\"@type\":\"ListItem\",\"position\":1,\"name\":\"Strona g\u0142\u00f3wna\",\"item\":\"https:\/\/mateuszmrozowski.pl\/sklep\/\"},{\"@type\":\"ListItem\",\"position\":2,\"name\":\"Szkolenia biznesowe i kursy sprzeda\u017cowe\",\"item\":\"https:\/\/mateuszmrozowski.pl\/sklep\/\"},{\"@type\":\"ListItem\",\"position\":3,\"name\":\"Vouchery\",\"item\":\"https:\/\/mateuszmrozowski.pl\/sklep\/kategoria-produktu\/vouchery\/\"},{\"@type\":\"ListItem\",\"position\":4,\"name\":\"Voucher na dowolny Kurs Online &#8211; 500 z\u0142\"}]},{\"@type\":\"WebSite\",\"@id\":\"https:\/\/mateuszmrozowski.pl\/sklep\/#website\",\"url\":\"https:\/\/mateuszmrozowski.pl\/sklep\/\",\"name\":\"Mateusz Mrozowski Trener biznesu\",\"description\":\"Walcz\u0119 o wynik dla firm z kt\u00f3rymi wsp\u00f3\u0142pracuj\u0119.\",\"publisher\":{\"@id\":\"https:\/\/mateuszmrozowski.pl\/sklep\/#organization\"},\"alternateName\":\"Mateusz Mrozowski\",\"potentialAction\":[{\"@type\":\"SearchAction\",\"target\":{\"@type\":\"EntryPoint\",\"urlTemplate\":\"https:\/\/mateuszmrozowski.pl\/sklep\/?s={search_term_string}\"},\"query-input\":{\"@type\":\"PropertyValueSpecification\",\"valueRequired\":true,\"valueName\":\"search_term_string\"}}],\"inLanguage\":\"pl-PL\"},{\"@type\":\"Organization\",\"@id\":\"https:\/\/mateuszmrozowski.pl\/sklep\/#organization\",\"name\":\"Mateusz Mrozowski Trener biznesu\",\"alternateName\":\"Mateusz Mrozowski\",\"url\":\"https:\/\/mateuszmrozowski.pl\/sklep\/\",\"logo\":{\"@type\":\"ImageObject\",\"inLanguage\":\"pl-PL\",\"@id\":\"https:\/\/mateuszmrozowski.pl\/sklep\/#\/schema\/logo\/image\/\",\"url\":\"https:\/\/mateuszmrozowski.pl\/sklep\/wp-content\/uploads\/2025\/03\/cropped-mateusz_mrozowski_logo.png\",\"contentUrl\":\"https:\/\/mateuszmrozowski.pl\/sklep\/wp-content\/uploads\/2025\/03\/cropped-mateusz_mrozowski_logo.png\",\"width\":236,\"height\":59,\"caption\":\"Mateusz Mrozowski Trener biznesu\"},\"image\":{\"@id\":\"https:\/\/mateuszmrozowski.pl\/sklep\/#\/schema\/logo\/image\/\"},\"sameAs\":[\"https:\/\/www.facebook.com\/mateuszmrozowskisiewca\",\"https:\/\/www.youtube.com\/channel\/UCI6FhECZ4GdL1TYU5oh5JDg\",\"https:\/\/www.instagram.com\/mrozowski.siewca\/\",\"https:\/\/www.linkedin.com\/in\/mateuszmrozowski\/\",\"https:\/\/maps.app.goo.gl\/Ee8wtgr6gx2CjEM68\",\"https:\/\/www.tiktok.com\/@mateuszmrozowskisiewca\"]}]}<\/script>\n<!-- \/ Yoast SEO plugin. -->","yoast_head_json":{"title":"Voucher na dowolny Kurs Online - 500 z\u0142 - Mateusz Mrozowski Trener Biznesu","robots":{"index":"noindex","follow":"nofollow"},"og_locale":"pl_PL","og_type":"article","og_title":"Voucher na dowolny Kurs Online - 500 z\u0142 - Mateusz Mrozowski Trener Biznesu","og_description":"Poznaj \u015bwiat nowej wiedzy i mo\u017cliwo\u015bci dzi\u0119ki naszemu Voucherowi na dowolny kurs online na stronie www.mateuszmrozowski.pl\/sklep. Idealny prezent dla tych, kt\u00f3rzy pragn\u0105 si\u0119 rozwija\u0107, zdobywa\u0107 nowe umiej\u0119tno\u015bci lub doskonali\u0107 swoj\u0105 pasj\u0119! \ud83c\udf93\u2728 Dlaczego warto wybra\u0107 voucher? \u2705 Pe\u0142na swoboda wyboru \u2013 Obdarowana osoba mo\u017ce wybra\u0107 dowolny kurs z naszej oferty, dopasowuj\u0105c go do swoich potrzeb [&hellip;]","og_url":"https:\/\/mateuszmrozowski.pl\/sklep\/produkt\/voucher-na-dowolny-kurs-online-500\/","og_site_name":"Mateusz Mrozowski Trener Biznesu","article_publisher":"https:\/\/www.facebook.com\/mateuszmrozowskisiewca","article_modified_time":"2025-03-01T17:33:13+00:00","og_image":[{"width":1080,"height":1080,"url":"https:\/\/mateuszmrozowski.pl\/sklep\/wp-content\/uploads\/2024\/12\/voucher-500-mateusz-mrozowski.jpg","type":"image\/jpeg"}],"twitter_card":"summary_large_image","twitter_misc":{"Szacowany czas czytania":"2 minuty"},"schema":{"@context":"https:\/\/schema.org","@graph":[{"@type":"WebPage","@id":"https:\/\/mateuszmrozowski.pl\/sklep\/produkt\/voucher-na-dowolny-kurs-online-500\/","url":"https:\/\/mateuszmrozowski.pl\/sklep\/produkt\/voucher-na-dowolny-kurs-online-500\/","name":"Voucher na dowolny Kurs Online - 500 z\u0142 - Mateusz Mrozowski Trener Biznesu","isPartOf":{"@id":"https:\/\/mateuszmrozowski.pl\/sklep\/#website"},"primaryImageOfPage":{"@id":"https:\/\/mateuszmrozowski.pl\/sklep\/produkt\/voucher-na-dowolny-kurs-online-500\/#primaryimage"},"image":{"@id":"https:\/\/mateuszmrozowski.pl\/sklep\/produkt\/voucher-na-dowolny-kurs-online-500\/#primaryimage"},"thumbnailUrl":"https:\/\/mateuszmrozowski.pl\/sklep\/wp-content\/uploads\/2024\/12\/voucher-500-mateusz-mrozowski.jpg","datePublished":"2025-01-10T09:36:45+00:00","dateModified":"2025-03-01T17:33:13+00:00","breadcrumb":{"@id":"https:\/\/mateuszmrozowski.pl\/sklep\/produkt\/voucher-na-dowolny-kurs-online-500\/#breadcrumb"},"inLanguage":"pl-PL","potentialAction":[{"@type":"ReadAction","target":["https:\/\/mateuszmrozowski.pl\/sklep\/produkt\/voucher-na-dowolny-kurs-online-500\/"]}]},{"@type":"ImageObject","inLanguage":"pl-PL","@id":"https:\/\/mateuszmrozowski.pl\/sklep\/produkt\/voucher-na-dowolny-kurs-online-500\/#primaryimage","url":"https:\/\/mateuszmrozowski.pl\/sklep\/wp-content\/uploads\/2024\/12\/voucher-500-mateusz-mrozowski.jpg","contentUrl":"https:\/\/mateuszmrozowski.pl\/sklep\/wp-content\/uploads\/2024\/12\/voucher-500-mateusz-mrozowski.jpg","width":1080,"height":1080},{"@type":"BreadcrumbList","@id":"https:\/\/mateuszmrozowski.pl\/sklep\/produkt\/voucher-na-dowolny-kurs-online-500\/#breadcrumb","itemListElement":[{"@type":"ListItem","position":1,"name":"Strona g\u0142\u00f3wna","item":"https:\/\/mateuszmrozowski.pl\/sklep\/"},{"@type":"ListItem","position":2,"name":"Szkolenia biznesowe i kursy sprzeda\u017cowe","item":"https:\/\/mateuszmrozowski.pl\/sklep\/"},{"@type":"ListItem","position":3,"name":"Vouchery","item":"https:\/\/mateuszmrozowski.pl\/sklep\/kategoria-produktu\/vouchery\/"},{"@type":"ListItem","position":4,"name":"Voucher na dowolny Kurs Online &#8211; 500 z\u0142"}]},{"@type":"WebSite","@id":"https:\/\/mateuszmrozowski.pl\/sklep\/#website","url":"https:\/\/mateuszmrozowski.pl\/sklep\/","name":"Mateusz Mrozowski Trener biznesu","description":"Walcz\u0119 o wynik dla firm z kt\u00f3rymi wsp\u00f3\u0142pracuj\u0119.","publisher":{"@id":"https:\/\/mateuszmrozowski.pl\/sklep\/#organization"},"alternateName":"Mateusz Mrozowski","potentialAction":[{"@type":"SearchAction","target":{"@type":"EntryPoint","urlTemplate":"https:\/\/mateuszmrozowski.pl\/sklep\/?s={search_term_string}"},"query-input":{"@type":"PropertyValueSpecification","valueRequired":true,"valueName":"search_term_string"}}],"inLanguage":"pl-PL"},{"@type":"Organization","@id":"https:\/\/mateuszmrozowski.pl\/sklep\/#organization","name":"Mateusz Mrozowski Trener biznesu","alternateName":"Mateusz Mrozowski","url":"https:\/\/mateuszmrozowski.pl\/sklep\/","logo":{"@type":"ImageObject","inLanguage":"pl-PL","@id":"https:\/\/mateuszmrozowski.pl\/sklep\/#\/schema\/logo\/image\/","url":"https:\/\/mateuszmrozowski.pl\/sklep\/wp-content\/uploads\/2025\/03\/cropped-mateusz_mrozowski_logo.png","contentUrl":"https:\/\/mateuszmrozowski.pl\/sklep\/wp-content\/uploads\/2025\/03\/cropped-mateusz_mrozowski_logo.png","width":236,"height":59,"caption":"Mateusz Mrozowski Trener biznesu"},"image":{"@id":"https:\/\/mateuszmrozowski.pl\/sklep\/#\/schema\/logo\/image\/"},"sameAs":["https:\/\/www.facebook.com\/mateuszmrozowskisiewca","https:\/\/www.youtube.com\/channel\/UCI6FhECZ4GdL1TYU5oh5JDg","https:\/\/www.instagram.com\/mrozowski.siewca\/","https:\/\/www.linkedin.com\/in\/mateuszmrozowski\/","https:\/\/maps.app.goo.gl\/Ee8wtgr6gx2CjEM68","https:\/\/www.tiktok.com\/@mateuszmrozowskisiewca"]}]}},"_links":{"self":[{"href":"https:\/\/mateuszmrozowski.pl\/sklep\/wp-json\/wp\/v2\/product\/98744","targetHints":{"allow":["GET"]}}],"collection":[{"href":"https:\/\/mateuszmrozowski.pl\/sklep\/wp-json\/wp\/v2\/product"}],"about":[{"href":"https:\/\/mateuszmrozowski.pl\/sklep\/wp-json\/wp\/v2\/types\/product"}],"wp:featuredmedia":[{"embeddable":true,"href":"https:\/\/mateuszmrozowski.pl\/sklep\/wp-json\/wp\/v2\/media\/98689"}],"wp:attachment":[{"href":"https:\/\/mateuszmrozowski.pl\/sklep\/wp-json\/wp\/v2\/media?parent=98744"}],"wp:term":[{"taxonomy":"product_brand","embeddable":true,"href":"https:\/\/mateuszmrozowski.pl\/sklep\/wp-json\/wp\/v2\/product_brand?post=98744"},{"taxonomy":"product_cat","embeddable":true,"href":"https:\/\/mateuszmrozowski.pl\/sklep\/wp-json\/wp\/v2\/product_cat?post=98744"},{"taxonomy":"product_tag","embeddable":true,"href":"https:\/\/mateuszmrozowski.pl\/sklep\/wp-json\/wp\/v2\/product_tag?post=98744"}],"curies":[{"name":"wp","href":"https:\/\/api.w.org\/{rel}","templated":true}]}}