{"id":98450,"date":"2025-05-10T10:57:04","date_gmt":"2025-05-10T10:57:04","guid":{"rendered":"https:\/\/mateuszmrozowski.pl\/sklep\/?post_type=product&#038;p=98450"},"modified":"2025-11-30T16:46:40","modified_gmt":"2025-11-30T16:46:40","slug":"konferencja-neuroprzywodca","status":"publish","type":"product","link":"https:\/\/mateuszmrozowski.pl\/sklep\/produkt\/konferencja-neuroprzywodca\/","title":{"rendered":"Nagranie Konferencji &#8222;NeuroPrzyw\u00f3dca&#8221;"},"content":{"rendered":"\n\n<div class=\"kk-star-ratings kksr-auto kksr-align-left kksr-valign-top kksr-disabled\"\n    data-payload='{&quot;align&quot;:&quot;left&quot;,&quot;id&quot;:&quot;98450&quot;,&quot;readonly&quot;:&quot;1&quot;,&quot;slug&quot;:&quot;default&quot;,&quot;valign&quot;:&quot;top&quot;,&quot;ignore&quot;:&quot;&quot;,&quot;reference&quot;:&quot;auto&quot;,&quot;class&quot;:&quot;&quot;,&quot;count&quot;:&quot;15&quot;,&quot;legendonly&quot;:&quot;&quot;,&quot;score&quot;:&quot;4.9&quot;,&quot;starsonly&quot;:&quot;&quot;,&quot;best&quot;:&quot;5&quot;,&quot;gap&quot;:&quot;5&quot;,&quot;greet&quot;:&quot;Wystaw ocen\u0119&quot;,&quot;legend&quot;:&quot;4.9\\\/5 - (15 ocen)&quot;,&quot;size&quot;:&quot;16&quot;,&quot;title&quot;:&quot;Nagranie Konferencji \\u0026quot;NeuroPrzyw\u00f3dca\\u0026quot;&quot;,&quot;width&quot;:&quot;100.4&quot;,&quot;_legend&quot;:&quot;{score}\\\/{best} - ({count} ocen)&quot;,&quot;font_factor&quot;:&quot;1.25&quot;}'>\n            \n<div class=\"kksr-stars\">\n    \n<div class=\"kksr-stars-inactive\">\n            <div class=\"kksr-star\" data-star=\"1\" style=\"padding-right: 5px\">\n            \n\n<div class=\"kksr-icon\" style=\"width: 16px; height: 16px;\"><\/div>\n        <\/div>\n            <div class=\"kksr-star\" data-star=\"2\" style=\"padding-right: 5px\">\n            \n\n<div class=\"kksr-icon\" style=\"width: 16px; height: 16px;\"><\/div>\n        <\/div>\n            <div class=\"kksr-star\" data-star=\"3\" style=\"padding-right: 5px\">\n            \n\n<div class=\"kksr-icon\" style=\"width: 16px; height: 16px;\"><\/div>\n        <\/div>\n            <div class=\"kksr-star\" data-star=\"4\" style=\"padding-right: 5px\">\n            \n\n<div class=\"kksr-icon\" style=\"width: 16px; height: 16px;\"><\/div>\n        <\/div>\n            <div class=\"kksr-star\" data-star=\"5\" style=\"padding-right: 5px\">\n            \n\n<div class=\"kksr-icon\" style=\"width: 16px; height: 16px;\"><\/div>\n        <\/div>\n    <\/div>\n    \n<div class=\"kksr-stars-active\" style=\"width: 100.4px;\">\n            <div class=\"kksr-star\" style=\"padding-right: 5px\">\n            \n\n<div class=\"kksr-icon\" style=\"width: 16px; height: 16px;\"><\/div>\n        <\/div>\n            <div class=\"kksr-star\" style=\"padding-right: 5px\">\n            \n\n<div class=\"kksr-icon\" style=\"width: 16px; height: 16px;\"><\/div>\n        <\/div>\n            <div class=\"kksr-star\" style=\"padding-right: 5px\">\n            \n\n<div class=\"kksr-icon\" style=\"width: 16px; height: 16px;\"><\/div>\n        <\/div>\n            <div class=\"kksr-star\" style=\"padding-right: 5px\">\n            \n\n<div class=\"kksr-icon\" style=\"width: 16px; height: 16px;\"><\/div>\n        <\/div>\n            <div class=\"kksr-star\" style=\"padding-right: 5px\">\n            \n\n<div class=\"kksr-icon\" style=\"width: 16px; height: 16px;\"><\/div>\n        <\/div>\n    <\/div>\n<\/div>\n                \n\n<div class=\"kksr-legend\" style=\"font-size: 12.8px;\">\n            4.9\/5 - (15 ocen)    <\/div>\n    <\/div>\n<h2><strong>Nagranie Konferencji &#8222;NeuroPrzyw\u00f3dca &#8211; Jak Rozwija\u0107 Siebie i Innych z Moc\u0105 NeuroPrzyw\u00f3dztwa&#8221; z Mateuszem Mrozowskim<\/strong><\/h2>\n<h4><em><strong>Przyw\u00f3dztwo osobiste to dzi\u015b nie wyb\u00f3r, a konieczno\u015b\u0107 \u2014 bo w \u015bwiecie chaosu i zmienno\u015bci\u00a0ludzie nie szukaj\u0105 ju\u017c lider\u00f3w z tytu\u0142em, ale tych, kt\u00f3rzy potrafi\u0105 najpierw prowadzi\u0107 samych siebie.<\/strong><\/em><\/h4>\n<p>W przeci\u0105gu ostatniej dekady mieli\u015bmy do czynienia z wyp\u0142ywem niezliczonych, nowych koncepcji przyw\u00f3dztwa, zarz\u0105dzania. Ka\u017cda z nich w starciu z trudno\u015bciami, prawd\u0105 i liczbami (jako niezaprzeczalnymi\u00a0 dowodami skuteczno\u015bci) nie wytrzyma\u0142a pr\u00f3by czasu. Zachwyt tymi koncepcjami rozlewa\u0142 si\u0119 po naszym kraju, jak i ca\u0142ym \u015bwiecie, w spos\u00f3b niewyobra\u017calny. &#8222;Przedstawiciele&#8221; szeroko rozumianej bran\u017cy edukacyjnej, zw\u0119szyli szans\u0119 na nowe otwarcie i zaciekawienie swoich potencjalnych klient\u00f3w.<\/p>\n<p>Nasta\u0142a Nowa Era, rozcie\u0144czenia przyw\u00f3dztwa i degradacja \u017celaznych regu\u0142,\u00a0 kt\u00f3rych przestrzeganie by\u0142o gwarantem rozwoju nowych talent\u00f3w i tworzenia skutecznych zespo\u0142\u00f3w.<\/p>\n<p><strong>Konferencja NeuroPrzyw\u00f3dca<\/strong> to odpowied\u017a dla tych, kt\u00f3rzy wzorem najwi\u0119kszych korporacji i firm tego \u015bwiata jak i heroicznych (w dobrym tego s\u0142owa znaczeniu) lider\u00f3w na miar\u0119 zwariowanych i trudnych czas\u00f3w, pragn\u0105 pozna\u0107 regu\u0142y gry w uj\u0119ciu perfekcji psychologicznej, spo\u0142ecznej i biznesowej.<\/p>\n<p>To odpowied\u017a na pytania:<\/p>\n<ul>\n<li>\u00a0W jaki spos\u00f3b rozwija si\u0119 zesp\u00f3\u0142 i jakie dysfunkcje odbieraj\u0105 mu sprawczo\u015b\u0107?<\/li>\n<li>\u00a0Jak dobiera\u0107 odpowiednie osoby pod potencja\u0142 organizacji?<\/li>\n<li>Jak rozwija\u0107 siebie i swoje osobiste przyw\u00f3dztwo?<\/li>\n<li>\u00a0Jak tworzy\u0107 samodzielne jednostki, gotowe walczy\u0107 o dba\u0142o\u015b\u0107 o wynik i odpowiedzialno\u015b\u0107 osobist\u0105?<\/li>\n<li>Jak motywowa\u0107, aby odrzuci\u0107 najwi\u0119ksze zwiedzenie jakim jest &#8222;pompa motywacyjna&#8221;?<\/li>\n<\/ul>\n<p>Na sali by\u0142o kilkadziesi\u0105t manager\u00f3w i handlowc\u00f3w z wielu bran\u017c, kilkaset r\u00f3\u017cnych historii i tysi\u0105ce przemy\u015ble\u0144 (tych sprawdzonych i podlegaj\u0105cych pod ci\u0105g\u0142\u0105 weryfikacj\u0119).<\/p>\n<p>To b\u0119dzie \u015bwi\u0119to przyw\u00f3dztwa!\u00a0Czekamy na Ciebie.<\/p>\n<h3>W nagraniu znajdziesz:<\/h3>\n<p><strong>MODU\u0141 I<\/strong> <strong>&#8211; Heroiczne Przyw\u00f3dztwo<\/strong><br \/>\nZasada Loyoli, za\u0142o\u017cyciela najbardziej wp\u0142ywowej , najstarszej i najbardziej trwa\u0142ej (w swoim kodeksie) organizacji znan\u0105 pod nazw\u0105 &#8211; zakon Jezuit\u00f3w &#8211; w uj\u0119ciu bada\u0144 M. Webera.<br \/>\nCzyli: o mi\u0142o\u015bci do tworzenia zespo\u0142\u00f3w opartych na zaufaniu, pasji i wzajemnej odpowiedzialno\u015bci za siebie w uj\u0119ciu lojalno\u015bci.<br \/>\nTipy: poznasz gotowe wzorce,\u00a0 wykorzystywane (obecnie) przez najwi\u0119ksze korporacje \u015bwiata jak i wsp\u00f3\u0142czesnych i poprzednich lider\u00f3w.<\/p>\n<p><strong>MODU\u0141 II &#8211;\u00a0 Sytuacyjny Model Zarz\u0105dzania &#8211; 4 fazy wzrostu w ludzkich kompetencjach<\/strong><br \/>\nO mechanizmach prowadzenia cz\u0142owieka do samodzielno\u015bci biznesowej w kt\u00f3rej manager (lider) staje si\u0119 i instruktorem, i trenerem, i coachem, i mentorem. Wszystko w ramach jednej idee &#8211; zwi\u0119kszenia potencja\u0142u jednostki.<br \/>\nTipy: ka\u017cda z czterech faz zawiera w sobie unikatowe podej\u015bcie a zatem i unikatowe strategie i techniki prowadzenia. Ka\u017cda z nich zostanie indywidualnie om\u00f3wiona i pokazana na realnych przyk\u0142adach z \u017cycia firmy \u2043\u00a0 w uj\u0119ciu bada\u0144 prof. Lencioniego i K. Blancharda.<\/p>\n<p><strong> MODU\u0141 III &#8211; Motywacja Ujawniona<\/strong><br \/>\nCzyli o sztuce motywowania w uj\u0119ciu bada\u0144 empirycznych &#8211; na podstawie docieka\u0144 Prof. Reissa, J. Ledoux i Pink,\u00a0o 4 fazach motywacji i zasad rozpoznawania czynnik\u00f3w ich wyst\u0119powania i umiej\u0119tno\u015bci przechodzenia do motywacji w\u0142a\u015bciwej. Zrozumienie 16 pragnie\u0144 i analiza ich znaczenia w prowadzeniu zespo\u0142\u00f3w biznesowych.<br \/>\nTipy: poznasz konkretne techniki i strategi\u0119 prowadzenia motywacyjnego dedykowanego pod jednostk\u0119 jak i ca\u0142y zesp\u00f3\u0142. Zrozumiesz wp\u0142yw neuronauki na umiej\u0119tno\u015bci przywracania gorliwo\u015bci we w\u0142asnym zespole.<\/p>\n<h4><\/h4>\n","protected":false},"excerpt":{"rendered":"<p>Nagranie Konferencji &#8222;NeuroPrzyw\u00f3dca &#8211; Jak Rozwija\u0107 Siebie i Innych z Moc\u0105 NeuroPrzyw\u00f3dztwa&#8221; z Mateuszem Mrozowskim Przyw\u00f3dztwo osobiste to dzi\u015b nie wyb\u00f3r, a konieczno\u015b\u0107 \u2014 bo w \u015bwiecie chaosu i zmienno\u015bci\u00a0ludzie nie szukaj\u0105 ju\u017c lider\u00f3w z tytu\u0142em, ale tych, kt\u00f3rzy potrafi\u0105 najpierw prowadzi\u0107 samych siebie. W przeci\u0105gu ostatniej dekady mieli\u015bmy do czynienia z wyp\u0142ywem niezliczonych, nowych [&hellip;]<\/p>\n","protected":false},"featured_media":104192,"template":"","meta":{"_acf_changed":false,"content-type":""},"product_brand":[],"product_cat":[28,19],"product_tag":[],"class_list":{"0":"post-98450","1":"product","2":"type-product","3":"status-publish","4":"has-post-thumbnail","6":"product_cat-kursy-online","7":"product_cat-szkolenia-otwarte","9":"first","10":"instock","11":"virtual","12":"sold-individually","13":"taxable","14":"purchasable","15":"product-type-simple"},"acf":[],"yoast_head":"<!-- This site is optimized with the Yoast SEO plugin v27.3 - https:\/\/yoast.com\/product\/yoast-seo-wordpress\/ -->\n<title>[Konferencja] NeuroPrzyw\u00f3dca z Mateuszem Mrozowskim<\/title>\n<meta name=\"description\" content=\"Nagranie Konferencji | Mateusz Mrozowski | NeuroPrzyw\u00f3dca | Dla Ciebie i Twojego Zespo\u0142u | Skuteczne Prowadzenie Zespo\u0142u | Sprawd\u017a teraz &gt;&gt;\" \/>\n<meta name=\"robots\" content=\"index, follow, max-snippet:-1, max-image-preview:large, max-video-preview:-1\" \/>\n<link rel=\"canonical\" href=\"https:\/\/mateuszmrozowski.pl\/sklep\/produkt\/konferencja-neuroprzywodca\/\" \/>\n<meta property=\"og:locale\" content=\"pl_PL\" \/>\n<meta property=\"og:type\" content=\"article\" \/>\n<meta property=\"og:title\" content=\"[Konferencja] NeuroPrzyw\u00f3dca z Mateuszem Mrozowskim\" \/>\n<meta property=\"og:description\" content=\"Nagranie Konferencji | Mateusz Mrozowski | NeuroPrzyw\u00f3dca | Dla Ciebie i Twojego Zespo\u0142u | Skuteczne Prowadzenie Zespo\u0142u | Sprawd\u017a teraz &gt;&gt;\" \/>\n<meta property=\"og:url\" content=\"https:\/\/mateuszmrozowski.pl\/sklep\/produkt\/konferencja-neuroprzywodca\/\" \/>\n<meta property=\"og:site_name\" content=\"Mateusz Mrozowski Trener Biznesu\" \/>\n<meta property=\"article:publisher\" content=\"https:\/\/www.facebook.com\/mateuszmrozowskisiewca\" \/>\n<meta property=\"article:modified_time\" content=\"2025-11-30T16:46:40+00:00\" \/>\n<meta property=\"og:image\" content=\"https:\/\/mateuszmrozowski.pl\/sklep\/wp-content\/uploads\/2025\/05\/nagranie-neuroprzywodca.png\" \/>\n\t<meta property=\"og:image:width\" content=\"1080\" \/>\n\t<meta property=\"og:image:height\" content=\"1080\" \/>\n\t<meta property=\"og:image:type\" content=\"image\/png\" \/>\n<meta name=\"twitter:card\" content=\"summary_large_image\" \/>\n<meta name=\"twitter:label1\" content=\"Szacowany czas czytania\" \/>\n\t<meta name=\"twitter:data1\" content=\"4 minuty\" \/>\n<script type=\"application\/ld+json\" class=\"yoast-schema-graph\">{\"@context\":\"https:\\\/\\\/schema.org\",\"@graph\":[{\"@type\":\"WebPage\",\"@id\":\"https:\\\/\\\/mateuszmrozowski.pl\\\/sklep\\\/produkt\\\/konferencja-neuroprzywodca\\\/\",\"url\":\"https:\\\/\\\/mateuszmrozowski.pl\\\/sklep\\\/produkt\\\/konferencja-neuroprzywodca\\\/\",\"name\":\"[Konferencja] NeuroPrzyw\u00f3dca z Mateuszem Mrozowskim\",\"isPartOf\":{\"@id\":\"https:\\\/\\\/mateuszmrozowski.pl\\\/sklep\\\/#website\"},\"primaryImageOfPage\":{\"@id\":\"https:\\\/\\\/mateuszmrozowski.pl\\\/sklep\\\/produkt\\\/konferencja-neuroprzywodca\\\/#primaryimage\"},\"image\":{\"@id\":\"https:\\\/\\\/mateuszmrozowski.pl\\\/sklep\\\/produkt\\\/konferencja-neuroprzywodca\\\/#primaryimage\"},\"thumbnailUrl\":\"https:\\\/\\\/mateuszmrozowski.pl\\\/sklep\\\/wp-content\\\/uploads\\\/2025\\\/05\\\/nagranie-neuroprzywodca.png\",\"datePublished\":\"2025-05-10T10:57:04+00:00\",\"dateModified\":\"2025-11-30T16:46:40+00:00\",\"description\":\"Nagranie Konferencji | Mateusz Mrozowski | NeuroPrzyw\u00f3dca | Dla Ciebie i Twojego Zespo\u0142u | Skuteczne Prowadzenie Zespo\u0142u | Sprawd\u017a teraz >>\",\"breadcrumb\":{\"@id\":\"https:\\\/\\\/mateuszmrozowski.pl\\\/sklep\\\/produkt\\\/konferencja-neuroprzywodca\\\/#breadcrumb\"},\"inLanguage\":\"pl-PL\",\"potentialAction\":[{\"@type\":\"ReadAction\",\"target\":[\"https:\\\/\\\/mateuszmrozowski.pl\\\/sklep\\\/produkt\\\/konferencja-neuroprzywodca\\\/\"]}]},{\"@type\":\"ImageObject\",\"inLanguage\":\"pl-PL\",\"@id\":\"https:\\\/\\\/mateuszmrozowski.pl\\\/sklep\\\/produkt\\\/konferencja-neuroprzywodca\\\/#primaryimage\",\"url\":\"https:\\\/\\\/mateuszmrozowski.pl\\\/sklep\\\/wp-content\\\/uploads\\\/2025\\\/05\\\/nagranie-neuroprzywodca.png\",\"contentUrl\":\"https:\\\/\\\/mateuszmrozowski.pl\\\/sklep\\\/wp-content\\\/uploads\\\/2025\\\/05\\\/nagranie-neuroprzywodca.png\",\"width\":1080,\"height\":1080},{\"@type\":\"BreadcrumbList\",\"@id\":\"https:\\\/\\\/mateuszmrozowski.pl\\\/sklep\\\/produkt\\\/konferencja-neuroprzywodca\\\/#breadcrumb\",\"itemListElement\":[{\"@type\":\"ListItem\",\"position\":1,\"name\":\"Strona g\u0142\u00f3wna\",\"item\":\"https:\\\/\\\/mateuszmrozowski.pl\\\/sklep\\\/\"},{\"@type\":\"ListItem\",\"position\":2,\"name\":\"Szkolenia biznesowe i kursy sprzeda\u017cowe\",\"item\":\"https:\\\/\\\/mateuszmrozowski.pl\\\/sklep\\\/\"},{\"@type\":\"ListItem\",\"position\":3,\"name\":\"Szkolenia otwarte\",\"item\":\"https:\\\/\\\/mateuszmrozowski.pl\\\/sklep\\\/kategoria-produktu\\\/szkolenia-otwarte\\\/\"},{\"@type\":\"ListItem\",\"position\":4,\"name\":\"Nagranie Konferencji &#8222;NeuroPrzyw\u00f3dca&#8221;\"}]},{\"@type\":\"WebSite\",\"@id\":\"https:\\\/\\\/mateuszmrozowski.pl\\\/sklep\\\/#website\",\"url\":\"https:\\\/\\\/mateuszmrozowski.pl\\\/sklep\\\/\",\"name\":\"Mateusz Mrozowski Trener biznesu\",\"description\":\"Walcz\u0119 o wynik dla firm z kt\u00f3rymi wsp\u00f3\u0142pracuj\u0119.\",\"publisher\":{\"@id\":\"https:\\\/\\\/mateuszmrozowski.pl\\\/sklep\\\/#organization\"},\"alternateName\":\"Mateusz Mrozowski\",\"potentialAction\":[{\"@type\":\"SearchAction\",\"target\":{\"@type\":\"EntryPoint\",\"urlTemplate\":\"https:\\\/\\\/mateuszmrozowski.pl\\\/sklep\\\/?s={search_term_string}\"},\"query-input\":{\"@type\":\"PropertyValueSpecification\",\"valueRequired\":true,\"valueName\":\"search_term_string\"}}],\"inLanguage\":\"pl-PL\"},{\"@type\":\"Organization\",\"@id\":\"https:\\\/\\\/mateuszmrozowski.pl\\\/sklep\\\/#organization\",\"name\":\"Mateusz Mrozowski Trener biznesu\",\"alternateName\":\"Mateusz Mrozowski\",\"url\":\"https:\\\/\\\/mateuszmrozowski.pl\\\/sklep\\\/\",\"logo\":{\"@type\":\"ImageObject\",\"inLanguage\":\"pl-PL\",\"@id\":\"https:\\\/\\\/mateuszmrozowski.pl\\\/sklep\\\/#\\\/schema\\\/logo\\\/image\\\/\",\"url\":\"https:\\\/\\\/mateuszmrozowski.pl\\\/sklep\\\/wp-content\\\/uploads\\\/2025\\\/03\\\/cropped-mateusz_mrozowski_logo.png\",\"contentUrl\":\"https:\\\/\\\/mateuszmrozowski.pl\\\/sklep\\\/wp-content\\\/uploads\\\/2025\\\/03\\\/cropped-mateusz_mrozowski_logo.png\",\"width\":236,\"height\":59,\"caption\":\"Mateusz Mrozowski Trener biznesu\"},\"image\":{\"@id\":\"https:\\\/\\\/mateuszmrozowski.pl\\\/sklep\\\/#\\\/schema\\\/logo\\\/image\\\/\"},\"sameAs\":[\"https:\\\/\\\/www.facebook.com\\\/mateuszmrozowskisiewca\",\"https:\\\/\\\/www.youtube.com\\\/channel\\\/UCI6FhECZ4GdL1TYU5oh5JDg\",\"https:\\\/\\\/www.instagram.com\\\/mrozowski.siewca\\\/\",\"https:\\\/\\\/www.linkedin.com\\\/in\\\/mateuszmrozowski\\\/\",\"https:\\\/\\\/maps.app.goo.gl\\\/Ee8wtgr6gx2CjEM68\",\"https:\\\/\\\/www.tiktok.com\\\/@mateuszmrozowskisiewca\"]}]}<\/script>\n<!-- \/ Yoast SEO plugin. -->","yoast_head_json":{"title":"[Konferencja] NeuroPrzyw\u00f3dca z Mateuszem Mrozowskim","description":"Nagranie Konferencji | Mateusz Mrozowski | NeuroPrzyw\u00f3dca | Dla Ciebie i Twojego Zespo\u0142u | Skuteczne Prowadzenie Zespo\u0142u | Sprawd\u017a teraz >>","robots":{"index":"index","follow":"follow","max-snippet":"max-snippet:-1","max-image-preview":"max-image-preview:large","max-video-preview":"max-video-preview:-1"},"canonical":"https:\/\/mateuszmrozowski.pl\/sklep\/produkt\/konferencja-neuroprzywodca\/","og_locale":"pl_PL","og_type":"article","og_title":"[Konferencja] NeuroPrzyw\u00f3dca z Mateuszem Mrozowskim","og_description":"Nagranie Konferencji | Mateusz Mrozowski | NeuroPrzyw\u00f3dca | Dla Ciebie i Twojego Zespo\u0142u | Skuteczne Prowadzenie Zespo\u0142u | Sprawd\u017a teraz >>","og_url":"https:\/\/mateuszmrozowski.pl\/sklep\/produkt\/konferencja-neuroprzywodca\/","og_site_name":"Mateusz Mrozowski Trener Biznesu","article_publisher":"https:\/\/www.facebook.com\/mateuszmrozowskisiewca","article_modified_time":"2025-11-30T16:46:40+00:00","og_image":[{"width":1080,"height":1080,"url":"https:\/\/mateuszmrozowski.pl\/sklep\/wp-content\/uploads\/2025\/05\/nagranie-neuroprzywodca.png","type":"image\/png"}],"twitter_card":"summary_large_image","twitter_misc":{"Szacowany czas czytania":"4 minuty"},"schema":{"@context":"https:\/\/schema.org","@graph":[{"@type":"WebPage","@id":"https:\/\/mateuszmrozowski.pl\/sklep\/produkt\/konferencja-neuroprzywodca\/","url":"https:\/\/mateuszmrozowski.pl\/sklep\/produkt\/konferencja-neuroprzywodca\/","name":"[Konferencja] NeuroPrzyw\u00f3dca z Mateuszem Mrozowskim","isPartOf":{"@id":"https:\/\/mateuszmrozowski.pl\/sklep\/#website"},"primaryImageOfPage":{"@id":"https:\/\/mateuszmrozowski.pl\/sklep\/produkt\/konferencja-neuroprzywodca\/#primaryimage"},"image":{"@id":"https:\/\/mateuszmrozowski.pl\/sklep\/produkt\/konferencja-neuroprzywodca\/#primaryimage"},"thumbnailUrl":"https:\/\/mateuszmrozowski.pl\/sklep\/wp-content\/uploads\/2025\/05\/nagranie-neuroprzywodca.png","datePublished":"2025-05-10T10:57:04+00:00","dateModified":"2025-11-30T16:46:40+00:00","description":"Nagranie Konferencji | Mateusz Mrozowski | NeuroPrzyw\u00f3dca | Dla Ciebie i Twojego Zespo\u0142u | Skuteczne Prowadzenie Zespo\u0142u | Sprawd\u017a teraz >>","breadcrumb":{"@id":"https:\/\/mateuszmrozowski.pl\/sklep\/produkt\/konferencja-neuroprzywodca\/#breadcrumb"},"inLanguage":"pl-PL","potentialAction":[{"@type":"ReadAction","target":["https:\/\/mateuszmrozowski.pl\/sklep\/produkt\/konferencja-neuroprzywodca\/"]}]},{"@type":"ImageObject","inLanguage":"pl-PL","@id":"https:\/\/mateuszmrozowski.pl\/sklep\/produkt\/konferencja-neuroprzywodca\/#primaryimage","url":"https:\/\/mateuszmrozowski.pl\/sklep\/wp-content\/uploads\/2025\/05\/nagranie-neuroprzywodca.png","contentUrl":"https:\/\/mateuszmrozowski.pl\/sklep\/wp-content\/uploads\/2025\/05\/nagranie-neuroprzywodca.png","width":1080,"height":1080},{"@type":"BreadcrumbList","@id":"https:\/\/mateuszmrozowski.pl\/sklep\/produkt\/konferencja-neuroprzywodca\/#breadcrumb","itemListElement":[{"@type":"ListItem","position":1,"name":"Strona g\u0142\u00f3wna","item":"https:\/\/mateuszmrozowski.pl\/sklep\/"},{"@type":"ListItem","position":2,"name":"Szkolenia biznesowe i kursy sprzeda\u017cowe","item":"https:\/\/mateuszmrozowski.pl\/sklep\/"},{"@type":"ListItem","position":3,"name":"Szkolenia otwarte","item":"https:\/\/mateuszmrozowski.pl\/sklep\/kategoria-produktu\/szkolenia-otwarte\/"},{"@type":"ListItem","position":4,"name":"Nagranie Konferencji &#8222;NeuroPrzyw\u00f3dca&#8221;"}]},{"@type":"WebSite","@id":"https:\/\/mateuszmrozowski.pl\/sklep\/#website","url":"https:\/\/mateuszmrozowski.pl\/sklep\/","name":"Mateusz Mrozowski Trener biznesu","description":"Walcz\u0119 o wynik dla firm z kt\u00f3rymi wsp\u00f3\u0142pracuj\u0119.","publisher":{"@id":"https:\/\/mateuszmrozowski.pl\/sklep\/#organization"},"alternateName":"Mateusz Mrozowski","potentialAction":[{"@type":"SearchAction","target":{"@type":"EntryPoint","urlTemplate":"https:\/\/mateuszmrozowski.pl\/sklep\/?s={search_term_string}"},"query-input":{"@type":"PropertyValueSpecification","valueRequired":true,"valueName":"search_term_string"}}],"inLanguage":"pl-PL"},{"@type":"Organization","@id":"https:\/\/mateuszmrozowski.pl\/sklep\/#organization","name":"Mateusz Mrozowski Trener biznesu","alternateName":"Mateusz Mrozowski","url":"https:\/\/mateuszmrozowski.pl\/sklep\/","logo":{"@type":"ImageObject","inLanguage":"pl-PL","@id":"https:\/\/mateuszmrozowski.pl\/sklep\/#\/schema\/logo\/image\/","url":"https:\/\/mateuszmrozowski.pl\/sklep\/wp-content\/uploads\/2025\/03\/cropped-mateusz_mrozowski_logo.png","contentUrl":"https:\/\/mateuszmrozowski.pl\/sklep\/wp-content\/uploads\/2025\/03\/cropped-mateusz_mrozowski_logo.png","width":236,"height":59,"caption":"Mateusz Mrozowski Trener biznesu"},"image":{"@id":"https:\/\/mateuszmrozowski.pl\/sklep\/#\/schema\/logo\/image\/"},"sameAs":["https:\/\/www.facebook.com\/mateuszmrozowskisiewca","https:\/\/www.youtube.com\/channel\/UCI6FhECZ4GdL1TYU5oh5JDg","https:\/\/www.instagram.com\/mrozowski.siewca\/","https:\/\/www.linkedin.com\/in\/mateuszmrozowski\/","https:\/\/maps.app.goo.gl\/Ee8wtgr6gx2CjEM68","https:\/\/www.tiktok.com\/@mateuszmrozowskisiewca"]}]}},"_links":{"self":[{"href":"https:\/\/mateuszmrozowski.pl\/sklep\/wp-json\/wp\/v2\/product\/98450","targetHints":{"allow":["GET"]}}],"collection":[{"href":"https:\/\/mateuszmrozowski.pl\/sklep\/wp-json\/wp\/v2\/product"}],"about":[{"href":"https:\/\/mateuszmrozowski.pl\/sklep\/wp-json\/wp\/v2\/types\/product"}],"wp:featuredmedia":[{"embeddable":true,"href":"https:\/\/mateuszmrozowski.pl\/sklep\/wp-json\/wp\/v2\/media\/104192"}],"wp:attachment":[{"href":"https:\/\/mateuszmrozowski.pl\/sklep\/wp-json\/wp\/v2\/media?parent=98450"}],"wp:term":[{"taxonomy":"product_brand","embeddable":true,"href":"https:\/\/mateuszmrozowski.pl\/sklep\/wp-json\/wp\/v2\/product_brand?post=98450"},{"taxonomy":"product_cat","embeddable":true,"href":"https:\/\/mateuszmrozowski.pl\/sklep\/wp-json\/wp\/v2\/product_cat?post=98450"},{"taxonomy":"product_tag","embeddable":true,"href":"https:\/\/mateuszmrozowski.pl\/sklep\/wp-json\/wp\/v2\/product_tag?post=98450"}],"curies":[{"name":"wp","href":"https:\/\/api.w.org\/{rel}","templated":true}]}}