{"id":98449,"date":"2025-01-19T17:10:50","date_gmt":"2025-01-19T17:10:50","guid":{"rendered":"https:\/\/mateuszmrozowski.pl\/sklep\/?post_type=product&#038;p=98449"},"modified":"2025-11-30T16:47:11","modified_gmt":"2025-11-30T16:47:11","slug":"konferencja-z-mateuszem-mrozowskim","status":"publish","type":"product","link":"https:\/\/mateuszmrozowski.pl\/sklep\/produkt\/konferencja-z-mateuszem-mrozowskim\/","title":{"rendered":"Nagranie konferencji &#8222;NeuroM\u00f3zg &#8211; W decyzjach Zakupowych Klient\u00f3w&#8221;"},"content":{"rendered":"\n\n<div class=\"kk-star-ratings kksr-auto kksr-align-left kksr-valign-top kksr-disabled\"\n    data-payload='{&quot;align&quot;:&quot;left&quot;,&quot;id&quot;:&quot;98449&quot;,&quot;readonly&quot;:&quot;1&quot;,&quot;slug&quot;:&quot;default&quot;,&quot;valign&quot;:&quot;top&quot;,&quot;ignore&quot;:&quot;&quot;,&quot;reference&quot;:&quot;auto&quot;,&quot;class&quot;:&quot;&quot;,&quot;count&quot;:&quot;18&quot;,&quot;legendonly&quot;:&quot;&quot;,&quot;score&quot;:&quot;4.4&quot;,&quot;starsonly&quot;:&quot;&quot;,&quot;best&quot;:&quot;5&quot;,&quot;gap&quot;:&quot;5&quot;,&quot;greet&quot;:&quot;Wystaw ocen\u0119&quot;,&quot;legend&quot;:&quot;4.4\\\/5 - (18 ocen)&quot;,&quot;size&quot;:&quot;16&quot;,&quot;title&quot;:&quot;Nagranie konferencji \\u0026quot;NeuroM\u00f3zg - W decyzjach Zakupowych Klient\u00f3w\\u0026quot;&quot;,&quot;width&quot;:&quot;89.9&quot;,&quot;_legend&quot;:&quot;{score}\\\/{best} - ({count} ocen)&quot;,&quot;font_factor&quot;:&quot;1.25&quot;}'>\n            \n<div class=\"kksr-stars\">\n    \n<div class=\"kksr-stars-inactive\">\n            <div class=\"kksr-star\" data-star=\"1\" style=\"padding-right: 5px\">\n            \n\n<div class=\"kksr-icon\" style=\"width: 16px; height: 16px;\"><\/div>\n        <\/div>\n            <div class=\"kksr-star\" data-star=\"2\" style=\"padding-right: 5px\">\n            \n\n<div class=\"kksr-icon\" style=\"width: 16px; height: 16px;\"><\/div>\n        <\/div>\n            <div class=\"kksr-star\" data-star=\"3\" style=\"padding-right: 5px\">\n            \n\n<div class=\"kksr-icon\" style=\"width: 16px; height: 16px;\"><\/div>\n        <\/div>\n            <div class=\"kksr-star\" data-star=\"4\" style=\"padding-right: 5px\">\n            \n\n<div class=\"kksr-icon\" style=\"width: 16px; height: 16px;\"><\/div>\n        <\/div>\n            <div class=\"kksr-star\" data-star=\"5\" style=\"padding-right: 5px\">\n            \n\n<div class=\"kksr-icon\" style=\"width: 16px; height: 16px;\"><\/div>\n        <\/div>\n    <\/div>\n    \n<div class=\"kksr-stars-active\" style=\"width: 89.9px;\">\n            <div class=\"kksr-star\" style=\"padding-right: 5px\">\n            \n\n<div class=\"kksr-icon\" style=\"width: 16px; height: 16px;\"><\/div>\n        <\/div>\n            <div class=\"kksr-star\" style=\"padding-right: 5px\">\n            \n\n<div class=\"kksr-icon\" style=\"width: 16px; height: 16px;\"><\/div>\n        <\/div>\n            <div class=\"kksr-star\" style=\"padding-right: 5px\">\n            \n\n<div class=\"kksr-icon\" style=\"width: 16px; height: 16px;\"><\/div>\n        <\/div>\n            <div class=\"kksr-star\" style=\"padding-right: 5px\">\n            \n\n<div class=\"kksr-icon\" style=\"width: 16px; height: 16px;\"><\/div>\n        <\/div>\n            <div class=\"kksr-star\" style=\"padding-right: 5px\">\n            \n\n<div class=\"kksr-icon\" style=\"width: 16px; height: 16px;\"><\/div>\n        <\/div>\n    <\/div>\n<\/div>\n                \n\n<div class=\"kksr-legend\" style=\"font-size: 12.8px;\">\n            4.4\/5 - (18 ocen)    <\/div>\n    <\/div>\n<h2><strong>Nagranie Konferencji &#8222;NeuroM\u00f3zg &#8211; W decyzjach Zakupowych Klient\u00f3w&#8221; z Mateuszem Mrozowskim<\/strong><\/h2>\n<p>\u015awiat psychologii od lat przechodzi powa\u017cny kryzys zaufania. Wszystko za spraw\u0105 szerzenia nieprawdziwych informacji, teorii i bada\u0144. Niestety, nasz\u0105 bran\u017c\u0119 (sprzeda\u017cy) kt\u00f3ra bezpo\u015brednio zwi\u0105zana jest z koncepcjami psychologii nowoczesnej, temat ten nie omin\u0105\u0142, a co wi\u0119cej sta\u0142 si\u0119 jego integraln\u0105 cz\u0119\u015bci\u0105.\u00a0W obecnym czasie mamy mn\u00f3stwo niesprawdzonych metod, prawd i p\u00f3\u0142prawd, opinii i fa\u0142szu, kt\u00f3ry spowodowa\u0142 utrat\u0119, regres umiej\u0119tno\u015bci sprzeda\u017cowych,\u00a0 wi\u0119kszo\u015bci polskich handlowc\u00f3w.\u00a0Ale nie musi tak by\u0107!<\/p>\n<p>Giganci psychologii, w tym J. Ledoux, Elizabeth Loftus, Susane Blackmore, noblista Eric Kandel jak i wielu innych, postanowi\u0142o przywr\u00f3ci\u0107 psychologii jej prawowite miejsce jakim jest TRON MISTRZ\u00d3W. Wszystko w oparciu o empiryczne ( a nie ankietowe) badania naukowe podlegaj\u0105ce replikacji i na tym oprzemy nasz\u0105 konferencj\u0119.<\/p>\n<p><strong>Konferencja &#8222;NeuroM\u00f3zg&#8221; jest odpowiedzi\u0105 na to zapotrzebowanie.<\/strong> Konsekwencj\u0105 i papierem lakmusowym dla wszystkiego, co wi\u0105\u017ce si\u0119 z rzetelno\u015bci\u0105 naukow\u0105 i skuteczno\u015bci\u0105 w biznesie.<\/p>\n<p>To odpowied\u017a na pytania:<\/p>\n<ul>\n<li>W jakim spos\u00f3b Tw\u00f3j klient (wed\u0142ug neuronauki) podejmuje swoje decyzje zakupowe?<\/li>\n<li>W jaki spos\u00f3b zneutralizowa\u0107 jego mechanizmy obronne, aby uzyska\u0107 jak najwi\u0119kszy wsp\u00f3\u0142czynnik zaufania?<\/li>\n<li>Jak przekona\u0107 serce i m\u00f3zg pierwotny do wsp\u00f3\u0142dzia\u0142ania poprzez transformacj\u0119 strachu w nadziej\u0119.<\/li>\n<\/ul>\n<p>Poza tym wszystkim, wiemy jeszcze o jednym aspekcie, z kt\u00f3rym musisz si\u0119 liczy\u0107, kiedy ju\u017c przyb\u0119dziesz na to wydarzenie. <strong>Ilo\u015b\u0107 tip\u00f3w, konkretnych mechanizm\u00f3w dzia\u0142ania i gotowych tekst\u00f3w, kt\u00f3re do\u015bwiadczysz, przebije Twoje naj\u015bmielsze oczekiwania.<\/strong><\/p>\n<p>Czas bowiem oddzieli\u0107 skuteczno\u015b\u0107 od iluzji, prawd\u0119 od fa\u0142szu, profesjonalist\u00f3w od amator\u00f3w.\u00a0Takie to b\u0119dzie zatem spotkanie. Nie mo\u017cemy si\u0119 ju\u017c doczeka\u0107 jego pocz\u0105tku.\u00a0<strong>To uczta dla pragn\u0105cych wi\u0119cej.<\/strong><\/p>\n","protected":false},"excerpt":{"rendered":"<p>Nagranie Konferencji &#8222;NeuroM\u00f3zg &#8211; W decyzjach Zakupowych Klient\u00f3w&#8221; z Mateuszem Mrozowskim \u015awiat psychologii od lat przechodzi powa\u017cny kryzys zaufania. Wszystko za spraw\u0105 szerzenia nieprawdziwych informacji, teorii i bada\u0144. Niestety, nasz\u0105 bran\u017c\u0119 (sprzeda\u017cy) kt\u00f3ra bezpo\u015brednio zwi\u0105zana jest z koncepcjami psychologii nowoczesnej, temat ten nie omin\u0105\u0142, a co wi\u0119cej sta\u0142 si\u0119 jego integraln\u0105 cz\u0119\u015bci\u0105.\u00a0W obecnym czasie mamy [&hellip;]<\/p>\n","protected":false},"featured_media":101881,"template":"","meta":{"_acf_changed":false,"content-type":""},"product_brand":[],"product_cat":[28,19],"product_tag":[],"class_list":{"0":"post-98449","1":"product","2":"type-product","3":"status-publish","4":"has-post-thumbnail","6":"product_cat-kursy-online","7":"product_cat-szkolenia-otwarte","9":"first","10":"instock","11":"virtual","12":"sold-individually","13":"taxable","14":"purchasable","15":"product-type-simple"},"acf":[],"yoast_head":"<!-- This site is optimized with the Yoast SEO plugin v27.3 - https:\/\/yoast.com\/product\/yoast-seo-wordpress\/ -->\n<title>Nagranie Konferencji &quot;NeuroM\u00f3zg&quot; M.Mrozowski<\/title>\n<meta name=\"description\" content=\"Kurs Video | Konferencja z Mateuszem Mrozowskim | Skuteczne Metody | Gotowe Tipy | Dla Handlowc\u00f3w i Manager\u00f3w | Kup Teraz!\" \/>\n<meta name=\"robots\" content=\"index, follow, max-snippet:-1, max-image-preview:large, max-video-preview:-1\" \/>\n<link rel=\"canonical\" href=\"https:\/\/mateuszmrozowski.pl\/sklep\/produkt\/konferencja-z-mateuszem-mrozowskim\/\" \/>\n<meta property=\"og:locale\" content=\"pl_PL\" \/>\n<meta property=\"og:type\" content=\"article\" \/>\n<meta property=\"og:title\" content=\"Nagranie Konferencji &quot;NeuroM\u00f3zg&quot; M.Mrozowski\" \/>\n<meta property=\"og:description\" content=\"Kurs Video | Konferencja z Mateuszem Mrozowskim | Skuteczne Metody | Gotowe Tipy | Dla Handlowc\u00f3w i Manager\u00f3w | Kup Teraz!\" \/>\n<meta property=\"og:url\" content=\"https:\/\/mateuszmrozowski.pl\/sklep\/produkt\/konferencja-z-mateuszem-mrozowskim\/\" \/>\n<meta property=\"og:site_name\" content=\"Mateusz Mrozowski Trener Biznesu\" \/>\n<meta property=\"article:publisher\" content=\"https:\/\/www.facebook.com\/mateuszmrozowskisiewca\" \/>\n<meta property=\"article:modified_time\" content=\"2025-11-30T16:47:11+00:00\" \/>\n<meta property=\"og:image\" content=\"https:\/\/mateuszmrozowski.pl\/sklep\/wp-content\/uploads\/2025\/05\/konferencja-neuromozg-nagranie.png\" \/>\n\t<meta property=\"og:image:width\" content=\"1080\" \/>\n\t<meta property=\"og:image:height\" content=\"1080\" \/>\n\t<meta property=\"og:image:type\" content=\"image\/png\" \/>\n<meta name=\"twitter:card\" content=\"summary_large_image\" \/>\n<meta name=\"twitter:label1\" content=\"Szacowany czas czytania\" \/>\n\t<meta name=\"twitter:data1\" content=\"2 minuty\" \/>\n<script type=\"application\/ld+json\" class=\"yoast-schema-graph\">{\"@context\":\"https:\\\/\\\/schema.org\",\"@graph\":[{\"@type\":\"WebPage\",\"@id\":\"https:\\\/\\\/mateuszmrozowski.pl\\\/sklep\\\/produkt\\\/konferencja-z-mateuszem-mrozowskim\\\/\",\"url\":\"https:\\\/\\\/mateuszmrozowski.pl\\\/sklep\\\/produkt\\\/konferencja-z-mateuszem-mrozowskim\\\/\",\"name\":\"Nagranie Konferencji \\\"NeuroM\u00f3zg\\\" M.Mrozowski\",\"isPartOf\":{\"@id\":\"https:\\\/\\\/mateuszmrozowski.pl\\\/sklep\\\/#website\"},\"primaryImageOfPage\":{\"@id\":\"https:\\\/\\\/mateuszmrozowski.pl\\\/sklep\\\/produkt\\\/konferencja-z-mateuszem-mrozowskim\\\/#primaryimage\"},\"image\":{\"@id\":\"https:\\\/\\\/mateuszmrozowski.pl\\\/sklep\\\/produkt\\\/konferencja-z-mateuszem-mrozowskim\\\/#primaryimage\"},\"thumbnailUrl\":\"https:\\\/\\\/mateuszmrozowski.pl\\\/sklep\\\/wp-content\\\/uploads\\\/2025\\\/05\\\/konferencja-neuromozg-nagranie.png\",\"datePublished\":\"2025-01-19T17:10:50+00:00\",\"dateModified\":\"2025-11-30T16:47:11+00:00\",\"description\":\"Kurs Video | Konferencja z Mateuszem Mrozowskim | Skuteczne Metody | Gotowe Tipy | Dla Handlowc\u00f3w i Manager\u00f3w | Kup Teraz!\",\"breadcrumb\":{\"@id\":\"https:\\\/\\\/mateuszmrozowski.pl\\\/sklep\\\/produkt\\\/konferencja-z-mateuszem-mrozowskim\\\/#breadcrumb\"},\"inLanguage\":\"pl-PL\",\"potentialAction\":[{\"@type\":\"ReadAction\",\"target\":[\"https:\\\/\\\/mateuszmrozowski.pl\\\/sklep\\\/produkt\\\/konferencja-z-mateuszem-mrozowskim\\\/\"]}]},{\"@type\":\"ImageObject\",\"inLanguage\":\"pl-PL\",\"@id\":\"https:\\\/\\\/mateuszmrozowski.pl\\\/sklep\\\/produkt\\\/konferencja-z-mateuszem-mrozowskim\\\/#primaryimage\",\"url\":\"https:\\\/\\\/mateuszmrozowski.pl\\\/sklep\\\/wp-content\\\/uploads\\\/2025\\\/05\\\/konferencja-neuromozg-nagranie.png\",\"contentUrl\":\"https:\\\/\\\/mateuszmrozowski.pl\\\/sklep\\\/wp-content\\\/uploads\\\/2025\\\/05\\\/konferencja-neuromozg-nagranie.png\",\"width\":1080,\"height\":1080},{\"@type\":\"BreadcrumbList\",\"@id\":\"https:\\\/\\\/mateuszmrozowski.pl\\\/sklep\\\/produkt\\\/konferencja-z-mateuszem-mrozowskim\\\/#breadcrumb\",\"itemListElement\":[{\"@type\":\"ListItem\",\"position\":1,\"name\":\"Strona g\u0142\u00f3wna\",\"item\":\"https:\\\/\\\/mateuszmrozowski.pl\\\/sklep\\\/\"},{\"@type\":\"ListItem\",\"position\":2,\"name\":\"Szkolenia biznesowe i kursy sprzeda\u017cowe\",\"item\":\"https:\\\/\\\/mateuszmrozowski.pl\\\/sklep\\\/\"},{\"@type\":\"ListItem\",\"position\":3,\"name\":\"Kursy online\",\"item\":\"https:\\\/\\\/mateuszmrozowski.pl\\\/sklep\\\/kategoria-produktu\\\/kursy-online\\\/\"},{\"@type\":\"ListItem\",\"position\":4,\"name\":\"Nagranie konferencji &#8222;NeuroM\u00f3zg &#8211; W decyzjach Zakupowych Klient\u00f3w&#8221;\"}]},{\"@type\":\"WebSite\",\"@id\":\"https:\\\/\\\/mateuszmrozowski.pl\\\/sklep\\\/#website\",\"url\":\"https:\\\/\\\/mateuszmrozowski.pl\\\/sklep\\\/\",\"name\":\"Mateusz Mrozowski Trener biznesu\",\"description\":\"Walcz\u0119 o wynik dla firm z kt\u00f3rymi wsp\u00f3\u0142pracuj\u0119.\",\"publisher\":{\"@id\":\"https:\\\/\\\/mateuszmrozowski.pl\\\/sklep\\\/#organization\"},\"alternateName\":\"Mateusz Mrozowski\",\"potentialAction\":[{\"@type\":\"SearchAction\",\"target\":{\"@type\":\"EntryPoint\",\"urlTemplate\":\"https:\\\/\\\/mateuszmrozowski.pl\\\/sklep\\\/?s={search_term_string}\"},\"query-input\":{\"@type\":\"PropertyValueSpecification\",\"valueRequired\":true,\"valueName\":\"search_term_string\"}}],\"inLanguage\":\"pl-PL\"},{\"@type\":\"Organization\",\"@id\":\"https:\\\/\\\/mateuszmrozowski.pl\\\/sklep\\\/#organization\",\"name\":\"Mateusz Mrozowski Trener biznesu\",\"alternateName\":\"Mateusz Mrozowski\",\"url\":\"https:\\\/\\\/mateuszmrozowski.pl\\\/sklep\\\/\",\"logo\":{\"@type\":\"ImageObject\",\"inLanguage\":\"pl-PL\",\"@id\":\"https:\\\/\\\/mateuszmrozowski.pl\\\/sklep\\\/#\\\/schema\\\/logo\\\/image\\\/\",\"url\":\"https:\\\/\\\/mateuszmrozowski.pl\\\/sklep\\\/wp-content\\\/uploads\\\/2025\\\/03\\\/cropped-mateusz_mrozowski_logo.png\",\"contentUrl\":\"https:\\\/\\\/mateuszmrozowski.pl\\\/sklep\\\/wp-content\\\/uploads\\\/2025\\\/03\\\/cropped-mateusz_mrozowski_logo.png\",\"width\":236,\"height\":59,\"caption\":\"Mateusz Mrozowski Trener biznesu\"},\"image\":{\"@id\":\"https:\\\/\\\/mateuszmrozowski.pl\\\/sklep\\\/#\\\/schema\\\/logo\\\/image\\\/\"},\"sameAs\":[\"https:\\\/\\\/www.facebook.com\\\/mateuszmrozowskisiewca\",\"https:\\\/\\\/www.youtube.com\\\/channel\\\/UCI6FhECZ4GdL1TYU5oh5JDg\",\"https:\\\/\\\/www.instagram.com\\\/mrozowski.siewca\\\/\",\"https:\\\/\\\/www.linkedin.com\\\/in\\\/mateuszmrozowski\\\/\",\"https:\\\/\\\/maps.app.goo.gl\\\/Ee8wtgr6gx2CjEM68\",\"https:\\\/\\\/www.tiktok.com\\\/@mateuszmrozowskisiewca\"]}]}<\/script>\n<!-- \/ Yoast SEO plugin. -->","yoast_head_json":{"title":"Nagranie Konferencji \"NeuroM\u00f3zg\" M.Mrozowski","description":"Kurs Video | Konferencja z Mateuszem Mrozowskim | Skuteczne Metody | Gotowe Tipy | Dla Handlowc\u00f3w i Manager\u00f3w | Kup Teraz!","robots":{"index":"index","follow":"follow","max-snippet":"max-snippet:-1","max-image-preview":"max-image-preview:large","max-video-preview":"max-video-preview:-1"},"canonical":"https:\/\/mateuszmrozowski.pl\/sklep\/produkt\/konferencja-z-mateuszem-mrozowskim\/","og_locale":"pl_PL","og_type":"article","og_title":"Nagranie Konferencji \"NeuroM\u00f3zg\" M.Mrozowski","og_description":"Kurs Video | Konferencja z Mateuszem Mrozowskim | Skuteczne Metody | Gotowe Tipy | Dla Handlowc\u00f3w i Manager\u00f3w | Kup Teraz!","og_url":"https:\/\/mateuszmrozowski.pl\/sklep\/produkt\/konferencja-z-mateuszem-mrozowskim\/","og_site_name":"Mateusz Mrozowski Trener Biznesu","article_publisher":"https:\/\/www.facebook.com\/mateuszmrozowskisiewca","article_modified_time":"2025-11-30T16:47:11+00:00","og_image":[{"width":1080,"height":1080,"url":"https:\/\/mateuszmrozowski.pl\/sklep\/wp-content\/uploads\/2025\/05\/konferencja-neuromozg-nagranie.png","type":"image\/png"}],"twitter_card":"summary_large_image","twitter_misc":{"Szacowany czas czytania":"2 minuty"},"schema":{"@context":"https:\/\/schema.org","@graph":[{"@type":"WebPage","@id":"https:\/\/mateuszmrozowski.pl\/sklep\/produkt\/konferencja-z-mateuszem-mrozowskim\/","url":"https:\/\/mateuszmrozowski.pl\/sklep\/produkt\/konferencja-z-mateuszem-mrozowskim\/","name":"Nagranie Konferencji \"NeuroM\u00f3zg\" M.Mrozowski","isPartOf":{"@id":"https:\/\/mateuszmrozowski.pl\/sklep\/#website"},"primaryImageOfPage":{"@id":"https:\/\/mateuszmrozowski.pl\/sklep\/produkt\/konferencja-z-mateuszem-mrozowskim\/#primaryimage"},"image":{"@id":"https:\/\/mateuszmrozowski.pl\/sklep\/produkt\/konferencja-z-mateuszem-mrozowskim\/#primaryimage"},"thumbnailUrl":"https:\/\/mateuszmrozowski.pl\/sklep\/wp-content\/uploads\/2025\/05\/konferencja-neuromozg-nagranie.png","datePublished":"2025-01-19T17:10:50+00:00","dateModified":"2025-11-30T16:47:11+00:00","description":"Kurs Video | Konferencja z Mateuszem Mrozowskim | Skuteczne Metody | Gotowe Tipy | Dla Handlowc\u00f3w i Manager\u00f3w | Kup Teraz!","breadcrumb":{"@id":"https:\/\/mateuszmrozowski.pl\/sklep\/produkt\/konferencja-z-mateuszem-mrozowskim\/#breadcrumb"},"inLanguage":"pl-PL","potentialAction":[{"@type":"ReadAction","target":["https:\/\/mateuszmrozowski.pl\/sklep\/produkt\/konferencja-z-mateuszem-mrozowskim\/"]}]},{"@type":"ImageObject","inLanguage":"pl-PL","@id":"https:\/\/mateuszmrozowski.pl\/sklep\/produkt\/konferencja-z-mateuszem-mrozowskim\/#primaryimage","url":"https:\/\/mateuszmrozowski.pl\/sklep\/wp-content\/uploads\/2025\/05\/konferencja-neuromozg-nagranie.png","contentUrl":"https:\/\/mateuszmrozowski.pl\/sklep\/wp-content\/uploads\/2025\/05\/konferencja-neuromozg-nagranie.png","width":1080,"height":1080},{"@type":"BreadcrumbList","@id":"https:\/\/mateuszmrozowski.pl\/sklep\/produkt\/konferencja-z-mateuszem-mrozowskim\/#breadcrumb","itemListElement":[{"@type":"ListItem","position":1,"name":"Strona g\u0142\u00f3wna","item":"https:\/\/mateuszmrozowski.pl\/sklep\/"},{"@type":"ListItem","position":2,"name":"Szkolenia biznesowe i kursy sprzeda\u017cowe","item":"https:\/\/mateuszmrozowski.pl\/sklep\/"},{"@type":"ListItem","position":3,"name":"Kursy online","item":"https:\/\/mateuszmrozowski.pl\/sklep\/kategoria-produktu\/kursy-online\/"},{"@type":"ListItem","position":4,"name":"Nagranie konferencji &#8222;NeuroM\u00f3zg &#8211; W decyzjach Zakupowych Klient\u00f3w&#8221;"}]},{"@type":"WebSite","@id":"https:\/\/mateuszmrozowski.pl\/sklep\/#website","url":"https:\/\/mateuszmrozowski.pl\/sklep\/","name":"Mateusz Mrozowski Trener biznesu","description":"Walcz\u0119 o wynik dla firm z kt\u00f3rymi wsp\u00f3\u0142pracuj\u0119.","publisher":{"@id":"https:\/\/mateuszmrozowski.pl\/sklep\/#organization"},"alternateName":"Mateusz Mrozowski","potentialAction":[{"@type":"SearchAction","target":{"@type":"EntryPoint","urlTemplate":"https:\/\/mateuszmrozowski.pl\/sklep\/?s={search_term_string}"},"query-input":{"@type":"PropertyValueSpecification","valueRequired":true,"valueName":"search_term_string"}}],"inLanguage":"pl-PL"},{"@type":"Organization","@id":"https:\/\/mateuszmrozowski.pl\/sklep\/#organization","name":"Mateusz Mrozowski Trener biznesu","alternateName":"Mateusz Mrozowski","url":"https:\/\/mateuszmrozowski.pl\/sklep\/","logo":{"@type":"ImageObject","inLanguage":"pl-PL","@id":"https:\/\/mateuszmrozowski.pl\/sklep\/#\/schema\/logo\/image\/","url":"https:\/\/mateuszmrozowski.pl\/sklep\/wp-content\/uploads\/2025\/03\/cropped-mateusz_mrozowski_logo.png","contentUrl":"https:\/\/mateuszmrozowski.pl\/sklep\/wp-content\/uploads\/2025\/03\/cropped-mateusz_mrozowski_logo.png","width":236,"height":59,"caption":"Mateusz Mrozowski Trener biznesu"},"image":{"@id":"https:\/\/mateuszmrozowski.pl\/sklep\/#\/schema\/logo\/image\/"},"sameAs":["https:\/\/www.facebook.com\/mateuszmrozowskisiewca","https:\/\/www.youtube.com\/channel\/UCI6FhECZ4GdL1TYU5oh5JDg","https:\/\/www.instagram.com\/mrozowski.siewca\/","https:\/\/www.linkedin.com\/in\/mateuszmrozowski\/","https:\/\/maps.app.goo.gl\/Ee8wtgr6gx2CjEM68","https:\/\/www.tiktok.com\/@mateuszmrozowskisiewca"]}]}},"_links":{"self":[{"href":"https:\/\/mateuszmrozowski.pl\/sklep\/wp-json\/wp\/v2\/product\/98449","targetHints":{"allow":["GET"]}}],"collection":[{"href":"https:\/\/mateuszmrozowski.pl\/sklep\/wp-json\/wp\/v2\/product"}],"about":[{"href":"https:\/\/mateuszmrozowski.pl\/sklep\/wp-json\/wp\/v2\/types\/product"}],"wp:featuredmedia":[{"embeddable":true,"href":"https:\/\/mateuszmrozowski.pl\/sklep\/wp-json\/wp\/v2\/media\/101881"}],"wp:attachment":[{"href":"https:\/\/mateuszmrozowski.pl\/sklep\/wp-json\/wp\/v2\/media?parent=98449"}],"wp:term":[{"taxonomy":"product_brand","embeddable":true,"href":"https:\/\/mateuszmrozowski.pl\/sklep\/wp-json\/wp\/v2\/product_brand?post=98449"},{"taxonomy":"product_cat","embeddable":true,"href":"https:\/\/mateuszmrozowski.pl\/sklep\/wp-json\/wp\/v2\/product_cat?post=98449"},{"taxonomy":"product_tag","embeddable":true,"href":"https:\/\/mateuszmrozowski.pl\/sklep\/wp-json\/wp\/v2\/product_tag?post=98449"}],"curies":[{"name":"wp","href":"https:\/\/api.w.org\/{rel}","templated":true}]}}