{"id":97365,"date":"2024-11-09T15:53:07","date_gmt":"2024-11-09T15:53:07","guid":{"rendered":"https:\/\/mateuszmrozowski.pl\/sklep\/?post_type=product&#038;p=97365"},"modified":"2025-03-01T17:33:13","modified_gmt":"2025-03-01T17:33:13","slug":"motywacja-2-0-jak-mysli-mozg","status":"publish","type":"product","link":"https:\/\/mateuszmrozowski.pl\/sklep\/produkt\/motywacja-2-0-jak-mysli-mozg\/","title":{"rendered":"Motywacja 2.0 \u2013 Jak my\u015bli m\u00f3zg?"},"content":{"rendered":"\n\n<div class=\"kk-star-ratings kksr-auto kksr-align-left kksr-valign-top kksr-disabled\"\n    data-payload='{&quot;align&quot;:&quot;left&quot;,&quot;id&quot;:&quot;97365&quot;,&quot;readonly&quot;:&quot;1&quot;,&quot;slug&quot;:&quot;default&quot;,&quot;valign&quot;:&quot;top&quot;,&quot;ignore&quot;:&quot;&quot;,&quot;reference&quot;:&quot;auto&quot;,&quot;class&quot;:&quot;&quot;,&quot;count&quot;:&quot;2&quot;,&quot;legendonly&quot;:&quot;&quot;,&quot;score&quot;:&quot;5&quot;,&quot;starsonly&quot;:&quot;&quot;,&quot;best&quot;:&quot;5&quot;,&quot;gap&quot;:&quot;5&quot;,&quot;greet&quot;:&quot;Wystaw ocen\u0119&quot;,&quot;legend&quot;:&quot;5\\\/5 - (2 ocen)&quot;,&quot;size&quot;:&quot;16&quot;,&quot;title&quot;:&quot;Motywacja 2.0 \u2013 Jak my\u015bli m\u00f3zg?&quot;,&quot;width&quot;:&quot;102.5&quot;,&quot;_legend&quot;:&quot;{score}\\\/{best} - ({count} ocen)&quot;,&quot;font_factor&quot;:&quot;1.25&quot;}'>\n            \n<div class=\"kksr-stars\">\n    \n<div class=\"kksr-stars-inactive\">\n            <div class=\"kksr-star\" data-star=\"1\" style=\"padding-right: 5px\">\n            \n\n<div class=\"kksr-icon\" style=\"width: 16px; height: 16px;\"><\/div>\n        <\/div>\n            <div class=\"kksr-star\" data-star=\"2\" style=\"padding-right: 5px\">\n            \n\n<div class=\"kksr-icon\" style=\"width: 16px; height: 16px;\"><\/div>\n        <\/div>\n            <div class=\"kksr-star\" data-star=\"3\" style=\"padding-right: 5px\">\n            \n\n<div class=\"kksr-icon\" style=\"width: 16px; height: 16px;\"><\/div>\n        <\/div>\n            <div class=\"kksr-star\" data-star=\"4\" style=\"padding-right: 5px\">\n            \n\n<div class=\"kksr-icon\" style=\"width: 16px; height: 16px;\"><\/div>\n        <\/div>\n            <div class=\"kksr-star\" data-star=\"5\" style=\"padding-right: 5px\">\n            \n\n<div class=\"kksr-icon\" style=\"width: 16px; height: 16px;\"><\/div>\n        <\/div>\n    <\/div>\n    \n<div class=\"kksr-stars-active\" style=\"width: 102.5px;\">\n            <div class=\"kksr-star\" style=\"padding-right: 5px\">\n            \n\n<div class=\"kksr-icon\" style=\"width: 16px; height: 16px;\"><\/div>\n        <\/div>\n            <div class=\"kksr-star\" style=\"padding-right: 5px\">\n            \n\n<div class=\"kksr-icon\" style=\"width: 16px; height: 16px;\"><\/div>\n        <\/div>\n            <div class=\"kksr-star\" style=\"padding-right: 5px\">\n            \n\n<div class=\"kksr-icon\" style=\"width: 16px; height: 16px;\"><\/div>\n        <\/div>\n            <div class=\"kksr-star\" style=\"padding-right: 5px\">\n            \n\n<div class=\"kksr-icon\" style=\"width: 16px; height: 16px;\"><\/div>\n        <\/div>\n            <div class=\"kksr-star\" style=\"padding-right: 5px\">\n            \n\n<div class=\"kksr-icon\" style=\"width: 16px; height: 16px;\"><\/div>\n        <\/div>\n    <\/div>\n<\/div>\n                \n\n<div class=\"kksr-legend\" style=\"font-size: 12.8px;\">\n            5\/5 - (2 ocen)    <\/div>\n    <\/div>\n<h2><strong>Rozszerzenie poprzedniego szkolenia &#8222;Si\u0142a Pragnienia&#8221; czyli &#8222;Motywacja 2.0 &#8211; Jak my\u015bli m\u00f3zg?&#8221;\u00a0<\/strong><\/h2>\n<p>To unikalne <strong>4-godzinne szkolenie online, <\/strong>podczas kt\u00f3rego zrozumiesz, jak wykorzysta\u0107 wiedz\u0119 o m\u00f3zgu i uk\u0142adzie nerwowym, aby prze\u0142amywa\u0107 bariery i osi\u0105ga\u0107 sukcesy w biznesie.<\/p>\n<hr \/>\n<h3><strong>Jak wiedza o m\u00f3zgu wp\u0142ywa na Twoje wyniki w sprzeda\u017cy i biznesie?<\/strong><\/h3>\n<p>Ka\u017cda decyzja sprzeda\u017cowa, relacja z klientem czy spos\u00f3b reagowania na wyzwania biznesowe s\u0105 \u015bci\u015ble powi\u0105zane z dzia\u0142aniem m\u00f3zgu i uk\u0142adu nerwowego. Zrozumienie tych mechanizm\u00f3w pomo\u017ce Ci:<\/p>\n<ul>\n<li><strong>Zwi\u0119kszy\u0107 motywacj\u0119 do dzia\u0142ania<\/strong> i osi\u0105ga\u0107 lepsze wyniki w sprzeda\u017cy, dzi\u0119ki wsp\u00f3\u0142pracy z naturalnymi mechanizmami m\u00f3zgu.<\/li>\n<li><strong>Prze\u0142amywa\u0107 l\u0119k i stres<\/strong> w kluczowych momentach \u2013 nauczysz si\u0119, jak opanowa\u0107 nerwy przed spotkaniem z klientem, negocjacjami lub trudnymi decyzjami biznesowymi.<\/li>\n<li><strong>Budowa\u0107 lepsze relacje z klientami i zespo\u0142em<\/strong>, dzi\u0119ki zrozumieniu reakcji m\u00f3zgu na stres i umiej\u0119tno\u015bci zarz\u0105dzania emocjami.<\/li>\n<li><strong>Tworzy\u0107 trwa\u0142e, pozytywne nawyki<\/strong> wspieraj\u0105ce motywacj\u0119 i konsekwencj\u0119 \u2013 kluczowe dla skutecznych dzia\u0142a\u0144 sprzeda\u017cowych i rozwoju biznesu.<\/li>\n<\/ul>\n<hr \/>\n<h3><strong>Co otrzymasz i czego si\u0119 nauczysz?<\/strong><\/h3>\n<ul>\n<li><strong>4 godziny intensywnych warsztat\u00f3w online<\/strong>, pe\u0142nych \u0107wicze\u0144 praktycznych, kt\u00f3re natychmiast wprowadz\u0105 teori\u0119 w \u017cycie.<\/li>\n<li><strong>Zarz\u0105dzanie strachem w sprzeda\u017cy i negocjacjach<\/strong>: Poznasz teori\u0119 strachu i l\u0119ku, dowiesz si\u0119, jak m\u00f3zg odbiera sytuacje stresowe, oraz jak wykorzysta\u0107 te mechanizmy, aby wychodzi\u0107 poza stref\u0119 komfortu w negocjacjach, pozyskiwaniu klient\u00f3w czy podejmowaniu odwa\u017cnych decyzji.<\/li>\n<li><strong>Wp\u0142yw l\u0119ku na decyzje biznesowe<\/strong>: Odkryjesz, dlaczego strach przed pora\u017ck\u0105 czy sukcesem cz\u0119sto sabotuje dzia\u0142ania sprzeda\u017cowe, i jak zarz\u0105dza\u0107 emocjami, by podejmowa\u0107 \u015bwiadome, skuteczne decyzje, nawet pod presj\u0105.<\/li>\n<li><strong>Odpowiedzi na pytania<\/strong>, aby dostosowa\u0107 narz\u0119dzia motywacyjne do Twojej sytuacji.<\/li>\n<\/ul>\n<hr \/>\n<h3><strong>Szczeg\u00f3\u0142y wydarzenia:<\/strong><\/h3>\n<ul>\n<li><strong>Data:<\/strong> sobota, 7 grudnia 2024<\/li>\n<li><strong>Czas trwania:<\/strong> 4 godziny (10:00 &#8211; 14:00)<\/li>\n<li><strong>Forma:<\/strong> Online<\/li>\n<li><strong>Ilo\u015b\u0107 miejsc ograniczona<\/strong> \u2013 nie zwlekaj z zapisami!<\/li>\n<\/ul>\n<p><strong>To szkolenie jest idealne dla wszystkich, kt\u00f3rzy chc\u0105 odkry\u0107 swoj\u0105 wewn\u0119trzn\u0105 si\u0142\u0119, poprawi\u0107 motywacj\u0119 i skutecznie realizowa\u0107 swoje cele. Dowiesz si\u0119, jak nie tylko zbudowa\u0107 motywacj\u0119, ale jak j\u0105 utrzyma\u0107 w najtrudniejszych momentach, a tak\u017ce, jak rozpoznawa\u0107 motywacj\u0119 naszych Klient\u00f3w.<\/strong><\/p>\n<hr \/>\n<p><strong>Zarezerwuj swoje miejsce ju\u017c teraz<\/strong> i do\u0142\u0105cz do uczestnik\u00f3w, kt\u00f3rzy chc\u0105 dzia\u0142a\u0107 z pasj\u0105 i pewno\u015bci\u0105 siebie!<\/p>\n<p>Zapisz si\u0119 teraz, liczba miejsc jest ograniczona!<\/p>\n<div id=\"gtx-trans\" style=\"position: absolute; left: -19px; top: 909.203px;\">\n<div class=\"gtx-trans-icon\"><\/div>\n<\/div>\n","protected":false},"excerpt":{"rendered":"<p>Ju\u017c 7 grudnia &#8211; Kontynuacja szkolenia z 9 listopada<\/p>\n","protected":false},"featured_media":97397,"template":"","meta":{"_acf_changed":false,"content-type":""},"product_brand":[],"product_cat":[19,114],"product_tag":[],"class_list":{"0":"post-97365","1":"product","2":"type-product","3":"status-publish","4":"has-post-thumbnail","6":"product_cat-szkolenia-otwarte","7":"product_cat-wszystkie-produkty","9":"first","10":"outofstock","11":"virtual","12":"sold-individually","13":"taxable","14":"purchasable","15":"product-type-simple"},"acf":[],"yoast_head":"<!-- This site is optimized with the Yoast SEO plugin v27.1.1 - https:\/\/yoast.com\/product\/yoast-seo-wordpress\/ -->\n<title>Motywacja 2.0 \u2013 Jak my\u015bli m\u00f3zg? - Mateusz Mrozowski Trener Biznesu<\/title>\n<meta name=\"robots\" content=\"noindex, nofollow\" \/>\n<meta property=\"og:locale\" content=\"pl_PL\" \/>\n<meta property=\"og:type\" content=\"article\" \/>\n<meta property=\"og:title\" content=\"Motywacja 2.0 \u2013 Jak my\u015bli m\u00f3zg? - Mateusz Mrozowski Trener Biznesu\" \/>\n<meta property=\"og:description\" content=\"Ju\u017c 7 grudnia - Kontynuacja szkolenia z 9 listopada\" \/>\n<meta property=\"og:url\" content=\"https:\/\/mateuszmrozowski.pl\/sklep\/produkt\/motywacja-2-0-jak-mysli-mozg\/\" \/>\n<meta property=\"og:site_name\" content=\"Mateusz Mrozowski Trener Biznesu\" \/>\n<meta property=\"article:publisher\" content=\"https:\/\/www.facebook.com\/mateuszmrozowskisiewca\" \/>\n<meta property=\"article:modified_time\" content=\"2025-03-01T17:33:13+00:00\" \/>\n<meta property=\"og:image\" content=\"https:\/\/mateuszmrozowski.pl\/sklep\/wp-content\/uploads\/2024\/11\/mrozowski-szkolenia-3.jpg\" \/>\n\t<meta property=\"og:image:width\" content=\"1200\" \/>\n\t<meta property=\"og:image:height\" content=\"1200\" \/>\n\t<meta property=\"og:image:type\" content=\"image\/jpeg\" \/>\n<meta name=\"twitter:card\" content=\"summary_large_image\" \/>\n<meta name=\"twitter:label1\" content=\"Szacowany czas czytania\" \/>\n\t<meta name=\"twitter:data1\" content=\"3 minuty\" \/>\n<script type=\"application\/ld+json\" class=\"yoast-schema-graph\">{\"@context\":\"https:\/\/schema.org\",\"@graph\":[{\"@type\":\"WebPage\",\"@id\":\"https:\/\/mateuszmrozowski.pl\/sklep\/produkt\/motywacja-2-0-jak-mysli-mozg\/\",\"url\":\"https:\/\/mateuszmrozowski.pl\/sklep\/produkt\/motywacja-2-0-jak-mysli-mozg\/\",\"name\":\"Motywacja 2.0 \u2013 Jak my\u015bli m\u00f3zg? - Mateusz Mrozowski Trener Biznesu\",\"isPartOf\":{\"@id\":\"https:\/\/mateuszmrozowski.pl\/sklep\/#website\"},\"primaryImageOfPage\":{\"@id\":\"https:\/\/mateuszmrozowski.pl\/sklep\/produkt\/motywacja-2-0-jak-mysli-mozg\/#primaryimage\"},\"image\":{\"@id\":\"https:\/\/mateuszmrozowski.pl\/sklep\/produkt\/motywacja-2-0-jak-mysli-mozg\/#primaryimage\"},\"thumbnailUrl\":\"https:\/\/mateuszmrozowski.pl\/sklep\/wp-content\/uploads\/2024\/11\/mrozowski-szkolenia-3.jpg\",\"datePublished\":\"2024-11-09T15:53:07+00:00\",\"dateModified\":\"2025-03-01T17:33:13+00:00\",\"breadcrumb\":{\"@id\":\"https:\/\/mateuszmrozowski.pl\/sklep\/produkt\/motywacja-2-0-jak-mysli-mozg\/#breadcrumb\"},\"inLanguage\":\"pl-PL\",\"potentialAction\":[{\"@type\":\"ReadAction\",\"target\":[\"https:\/\/mateuszmrozowski.pl\/sklep\/produkt\/motywacja-2-0-jak-mysli-mozg\/\"]}]},{\"@type\":\"ImageObject\",\"inLanguage\":\"pl-PL\",\"@id\":\"https:\/\/mateuszmrozowski.pl\/sklep\/produkt\/motywacja-2-0-jak-mysli-mozg\/#primaryimage\",\"url\":\"https:\/\/mateuszmrozowski.pl\/sklep\/wp-content\/uploads\/2024\/11\/mrozowski-szkolenia-3.jpg\",\"contentUrl\":\"https:\/\/mateuszmrozowski.pl\/sklep\/wp-content\/uploads\/2024\/11\/mrozowski-szkolenia-3.jpg\",\"width\":1200,\"height\":1200},{\"@type\":\"BreadcrumbList\",\"@id\":\"https:\/\/mateuszmrozowski.pl\/sklep\/produkt\/motywacja-2-0-jak-mysli-mozg\/#breadcrumb\",\"itemListElement\":[{\"@type\":\"ListItem\",\"position\":1,\"name\":\"Strona g\u0142\u00f3wna\",\"item\":\"https:\/\/mateuszmrozowski.pl\/sklep\/\"},{\"@type\":\"ListItem\",\"position\":2,\"name\":\"Szkolenia biznesowe i kursy sprzeda\u017cowe\",\"item\":\"https:\/\/mateuszmrozowski.pl\/sklep\/\"},{\"@type\":\"ListItem\",\"position\":3,\"name\":\"Szkolenia otwarte\",\"item\":\"https:\/\/mateuszmrozowski.pl\/sklep\/kategoria-produktu\/szkolenia-otwarte\/\"},{\"@type\":\"ListItem\",\"position\":4,\"name\":\"Motywacja 2.0 \u2013 Jak my\u015bli m\u00f3zg?\"}]},{\"@type\":\"WebSite\",\"@id\":\"https:\/\/mateuszmrozowski.pl\/sklep\/#website\",\"url\":\"https:\/\/mateuszmrozowski.pl\/sklep\/\",\"name\":\"Mateusz Mrozowski Trener biznesu\",\"description\":\"Walcz\u0119 o wynik dla firm z kt\u00f3rymi wsp\u00f3\u0142pracuj\u0119.\",\"publisher\":{\"@id\":\"https:\/\/mateuszmrozowski.pl\/sklep\/#organization\"},\"alternateName\":\"Mateusz Mrozowski\",\"potentialAction\":[{\"@type\":\"SearchAction\",\"target\":{\"@type\":\"EntryPoint\",\"urlTemplate\":\"https:\/\/mateuszmrozowski.pl\/sklep\/?s={search_term_string}\"},\"query-input\":{\"@type\":\"PropertyValueSpecification\",\"valueRequired\":true,\"valueName\":\"search_term_string\"}}],\"inLanguage\":\"pl-PL\"},{\"@type\":\"Organization\",\"@id\":\"https:\/\/mateuszmrozowski.pl\/sklep\/#organization\",\"name\":\"Mateusz Mrozowski Trener biznesu\",\"alternateName\":\"Mateusz Mrozowski\",\"url\":\"https:\/\/mateuszmrozowski.pl\/sklep\/\",\"logo\":{\"@type\":\"ImageObject\",\"inLanguage\":\"pl-PL\",\"@id\":\"https:\/\/mateuszmrozowski.pl\/sklep\/#\/schema\/logo\/image\/\",\"url\":\"https:\/\/mateuszmrozowski.pl\/sklep\/wp-content\/uploads\/2025\/03\/cropped-mateusz_mrozowski_logo.png\",\"contentUrl\":\"https:\/\/mateuszmrozowski.pl\/sklep\/wp-content\/uploads\/2025\/03\/cropped-mateusz_mrozowski_logo.png\",\"width\":236,\"height\":59,\"caption\":\"Mateusz Mrozowski Trener biznesu\"},\"image\":{\"@id\":\"https:\/\/mateuszmrozowski.pl\/sklep\/#\/schema\/logo\/image\/\"},\"sameAs\":[\"https:\/\/www.facebook.com\/mateuszmrozowskisiewca\",\"https:\/\/www.youtube.com\/channel\/UCI6FhECZ4GdL1TYU5oh5JDg\",\"https:\/\/www.instagram.com\/mrozowski.siewca\/\",\"https:\/\/www.linkedin.com\/in\/mateuszmrozowski\/\",\"https:\/\/maps.app.goo.gl\/Ee8wtgr6gx2CjEM68\",\"https:\/\/www.tiktok.com\/@mateuszmrozowskisiewca\"]}]}<\/script>\n<!-- \/ Yoast SEO plugin. -->","yoast_head_json":{"title":"Motywacja 2.0 \u2013 Jak my\u015bli m\u00f3zg? - Mateusz Mrozowski Trener Biznesu","robots":{"index":"noindex","follow":"nofollow"},"og_locale":"pl_PL","og_type":"article","og_title":"Motywacja 2.0 \u2013 Jak my\u015bli m\u00f3zg? - Mateusz Mrozowski Trener Biznesu","og_description":"Ju\u017c 7 grudnia - Kontynuacja szkolenia z 9 listopada","og_url":"https:\/\/mateuszmrozowski.pl\/sklep\/produkt\/motywacja-2-0-jak-mysli-mozg\/","og_site_name":"Mateusz Mrozowski Trener Biznesu","article_publisher":"https:\/\/www.facebook.com\/mateuszmrozowskisiewca","article_modified_time":"2025-03-01T17:33:13+00:00","og_image":[{"width":1200,"height":1200,"url":"https:\/\/mateuszmrozowski.pl\/sklep\/wp-content\/uploads\/2024\/11\/mrozowski-szkolenia-3.jpg","type":"image\/jpeg"}],"twitter_card":"summary_large_image","twitter_misc":{"Szacowany czas czytania":"3 minuty"},"schema":{"@context":"https:\/\/schema.org","@graph":[{"@type":"WebPage","@id":"https:\/\/mateuszmrozowski.pl\/sklep\/produkt\/motywacja-2-0-jak-mysli-mozg\/","url":"https:\/\/mateuszmrozowski.pl\/sklep\/produkt\/motywacja-2-0-jak-mysli-mozg\/","name":"Motywacja 2.0 \u2013 Jak my\u015bli m\u00f3zg? - Mateusz Mrozowski Trener Biznesu","isPartOf":{"@id":"https:\/\/mateuszmrozowski.pl\/sklep\/#website"},"primaryImageOfPage":{"@id":"https:\/\/mateuszmrozowski.pl\/sklep\/produkt\/motywacja-2-0-jak-mysli-mozg\/#primaryimage"},"image":{"@id":"https:\/\/mateuszmrozowski.pl\/sklep\/produkt\/motywacja-2-0-jak-mysli-mozg\/#primaryimage"},"thumbnailUrl":"https:\/\/mateuszmrozowski.pl\/sklep\/wp-content\/uploads\/2024\/11\/mrozowski-szkolenia-3.jpg","datePublished":"2024-11-09T15:53:07+00:00","dateModified":"2025-03-01T17:33:13+00:00","breadcrumb":{"@id":"https:\/\/mateuszmrozowski.pl\/sklep\/produkt\/motywacja-2-0-jak-mysli-mozg\/#breadcrumb"},"inLanguage":"pl-PL","potentialAction":[{"@type":"ReadAction","target":["https:\/\/mateuszmrozowski.pl\/sklep\/produkt\/motywacja-2-0-jak-mysli-mozg\/"]}]},{"@type":"ImageObject","inLanguage":"pl-PL","@id":"https:\/\/mateuszmrozowski.pl\/sklep\/produkt\/motywacja-2-0-jak-mysli-mozg\/#primaryimage","url":"https:\/\/mateuszmrozowski.pl\/sklep\/wp-content\/uploads\/2024\/11\/mrozowski-szkolenia-3.jpg","contentUrl":"https:\/\/mateuszmrozowski.pl\/sklep\/wp-content\/uploads\/2024\/11\/mrozowski-szkolenia-3.jpg","width":1200,"height":1200},{"@type":"BreadcrumbList","@id":"https:\/\/mateuszmrozowski.pl\/sklep\/produkt\/motywacja-2-0-jak-mysli-mozg\/#breadcrumb","itemListElement":[{"@type":"ListItem","position":1,"name":"Strona g\u0142\u00f3wna","item":"https:\/\/mateuszmrozowski.pl\/sklep\/"},{"@type":"ListItem","position":2,"name":"Szkolenia biznesowe i kursy sprzeda\u017cowe","item":"https:\/\/mateuszmrozowski.pl\/sklep\/"},{"@type":"ListItem","position":3,"name":"Szkolenia otwarte","item":"https:\/\/mateuszmrozowski.pl\/sklep\/kategoria-produktu\/szkolenia-otwarte\/"},{"@type":"ListItem","position":4,"name":"Motywacja 2.0 \u2013 Jak my\u015bli m\u00f3zg?"}]},{"@type":"WebSite","@id":"https:\/\/mateuszmrozowski.pl\/sklep\/#website","url":"https:\/\/mateuszmrozowski.pl\/sklep\/","name":"Mateusz Mrozowski Trener biznesu","description":"Walcz\u0119 o wynik dla firm z kt\u00f3rymi wsp\u00f3\u0142pracuj\u0119.","publisher":{"@id":"https:\/\/mateuszmrozowski.pl\/sklep\/#organization"},"alternateName":"Mateusz Mrozowski","potentialAction":[{"@type":"SearchAction","target":{"@type":"EntryPoint","urlTemplate":"https:\/\/mateuszmrozowski.pl\/sklep\/?s={search_term_string}"},"query-input":{"@type":"PropertyValueSpecification","valueRequired":true,"valueName":"search_term_string"}}],"inLanguage":"pl-PL"},{"@type":"Organization","@id":"https:\/\/mateuszmrozowski.pl\/sklep\/#organization","name":"Mateusz Mrozowski Trener biznesu","alternateName":"Mateusz Mrozowski","url":"https:\/\/mateuszmrozowski.pl\/sklep\/","logo":{"@type":"ImageObject","inLanguage":"pl-PL","@id":"https:\/\/mateuszmrozowski.pl\/sklep\/#\/schema\/logo\/image\/","url":"https:\/\/mateuszmrozowski.pl\/sklep\/wp-content\/uploads\/2025\/03\/cropped-mateusz_mrozowski_logo.png","contentUrl":"https:\/\/mateuszmrozowski.pl\/sklep\/wp-content\/uploads\/2025\/03\/cropped-mateusz_mrozowski_logo.png","width":236,"height":59,"caption":"Mateusz Mrozowski Trener biznesu"},"image":{"@id":"https:\/\/mateuszmrozowski.pl\/sklep\/#\/schema\/logo\/image\/"},"sameAs":["https:\/\/www.facebook.com\/mateuszmrozowskisiewca","https:\/\/www.youtube.com\/channel\/UCI6FhECZ4GdL1TYU5oh5JDg","https:\/\/www.instagram.com\/mrozowski.siewca\/","https:\/\/www.linkedin.com\/in\/mateuszmrozowski\/","https:\/\/maps.app.goo.gl\/Ee8wtgr6gx2CjEM68","https:\/\/www.tiktok.com\/@mateuszmrozowskisiewca"]}]}},"_links":{"self":[{"href":"https:\/\/mateuszmrozowski.pl\/sklep\/wp-json\/wp\/v2\/product\/97365","targetHints":{"allow":["GET"]}}],"collection":[{"href":"https:\/\/mateuszmrozowski.pl\/sklep\/wp-json\/wp\/v2\/product"}],"about":[{"href":"https:\/\/mateuszmrozowski.pl\/sklep\/wp-json\/wp\/v2\/types\/product"}],"wp:featuredmedia":[{"embeddable":true,"href":"https:\/\/mateuszmrozowski.pl\/sklep\/wp-json\/wp\/v2\/media\/97397"}],"wp:attachment":[{"href":"https:\/\/mateuszmrozowski.pl\/sklep\/wp-json\/wp\/v2\/media?parent=97365"}],"wp:term":[{"taxonomy":"product_brand","embeddable":true,"href":"https:\/\/mateuszmrozowski.pl\/sklep\/wp-json\/wp\/v2\/product_brand?post=97365"},{"taxonomy":"product_cat","embeddable":true,"href":"https:\/\/mateuszmrozowski.pl\/sklep\/wp-json\/wp\/v2\/product_cat?post=97365"},{"taxonomy":"product_tag","embeddable":true,"href":"https:\/\/mateuszmrozowski.pl\/sklep\/wp-json\/wp\/v2\/product_tag?post=97365"}],"curies":[{"name":"wp","href":"https:\/\/api.w.org\/{rel}","templated":true}]}}