{"id":97306,"date":"2024-11-03T20:52:15","date_gmt":"2024-11-03T20:52:15","guid":{"rendered":"https:\/\/mateuszmrozowski.pl\/sklep\/?post_type=product&#038;p=97306"},"modified":"2025-09-30T07:38:26","modified_gmt":"2025-09-30T07:38:26","slug":"motywacja-budzenie-wewnetrznej-sily","status":"publish","type":"product","link":"https:\/\/mateuszmrozowski.pl\/sklep\/produkt\/motywacja-budzenie-wewnetrznej-sily\/","title":{"rendered":"Motywacja &#8211; Budzenie Wewn\u0119trznej Si\u0142y"},"content":{"rendered":"\n\n<div class=\"kk-star-ratings kksr-auto kksr-align-left kksr-valign-top kksr-disabled\"\n    data-payload='{&quot;align&quot;:&quot;left&quot;,&quot;id&quot;:&quot;97306&quot;,&quot;readonly&quot;:&quot;1&quot;,&quot;slug&quot;:&quot;default&quot;,&quot;valign&quot;:&quot;top&quot;,&quot;ignore&quot;:&quot;&quot;,&quot;reference&quot;:&quot;auto&quot;,&quot;class&quot;:&quot;&quot;,&quot;count&quot;:&quot;32&quot;,&quot;legendonly&quot;:&quot;&quot;,&quot;score&quot;:&quot;4.2&quot;,&quot;starsonly&quot;:&quot;&quot;,&quot;best&quot;:&quot;5&quot;,&quot;gap&quot;:&quot;5&quot;,&quot;greet&quot;:&quot;Wystaw ocen\u0119&quot;,&quot;legend&quot;:&quot;4.2\\\/5 - (32 ocen)&quot;,&quot;size&quot;:&quot;16&quot;,&quot;title&quot;:&quot;Motywacja - Budzenie Wewn\u0119trznej Si\u0142y&quot;,&quot;width&quot;:&quot;85.7&quot;,&quot;_legend&quot;:&quot;{score}\\\/{best} - ({count} ocen)&quot;,&quot;font_factor&quot;:&quot;1.25&quot;}'>\n            \n<div class=\"kksr-stars\">\n    \n<div class=\"kksr-stars-inactive\">\n            <div class=\"kksr-star\" data-star=\"1\" style=\"padding-right: 5px\">\n            \n\n<div class=\"kksr-icon\" style=\"width: 16px; height: 16px;\"><\/div>\n        <\/div>\n            <div class=\"kksr-star\" data-star=\"2\" style=\"padding-right: 5px\">\n            \n\n<div class=\"kksr-icon\" style=\"width: 16px; height: 16px;\"><\/div>\n        <\/div>\n            <div class=\"kksr-star\" data-star=\"3\" style=\"padding-right: 5px\">\n            \n\n<div class=\"kksr-icon\" style=\"width: 16px; height: 16px;\"><\/div>\n        <\/div>\n            <div class=\"kksr-star\" data-star=\"4\" style=\"padding-right: 5px\">\n            \n\n<div class=\"kksr-icon\" style=\"width: 16px; height: 16px;\"><\/div>\n        <\/div>\n            <div class=\"kksr-star\" data-star=\"5\" style=\"padding-right: 5px\">\n            \n\n<div class=\"kksr-icon\" style=\"width: 16px; height: 16px;\"><\/div>\n        <\/div>\n    <\/div>\n    \n<div class=\"kksr-stars-active\" style=\"width: 85.7px;\">\n            <div class=\"kksr-star\" style=\"padding-right: 5px\">\n            \n\n<div class=\"kksr-icon\" style=\"width: 16px; height: 16px;\"><\/div>\n        <\/div>\n            <div class=\"kksr-star\" style=\"padding-right: 5px\">\n            \n\n<div class=\"kksr-icon\" style=\"width: 16px; height: 16px;\"><\/div>\n        <\/div>\n            <div class=\"kksr-star\" style=\"padding-right: 5px\">\n            \n\n<div class=\"kksr-icon\" style=\"width: 16px; height: 16px;\"><\/div>\n        <\/div>\n            <div class=\"kksr-star\" style=\"padding-right: 5px\">\n            \n\n<div class=\"kksr-icon\" style=\"width: 16px; height: 16px;\"><\/div>\n        <\/div>\n            <div class=\"kksr-star\" style=\"padding-right: 5px\">\n            \n\n<div class=\"kksr-icon\" style=\"width: 16px; height: 16px;\"><\/div>\n        <\/div>\n    <\/div>\n<\/div>\n                \n\n<div class=\"kksr-legend\" style=\"font-size: 12.8px;\">\n            4.2\/5 - (32 ocen)    <\/div>\n    <\/div>\n<h2>Motywacja &#8211; Budzenie Wewn\u0119trznej Si\u0142y.<\/h2>\n<p data-start=\"86\" data-end=\"165\"><strong data-start=\"89\" data-end=\"163\">Odkryj, co naprawd\u0119 Ci\u0119 nap\u0119dza i naucz si\u0119 zarz\u0105dza\u0107 swoj\u0105 motywacj\u0105!<\/strong><\/p>\n<p data-start=\"128\" data-end=\"398\">Motywacja to fundament ka\u017cdego sukcesu \u2013 zar\u00f3wno w biznesie, sporcie, jak i \u017cyciu codziennym. <strong data-start=\"222\" data-end=\"265\">&#8222;Motywacja \u2013 Budzenie wewn\u0119trznej si\u0142y&#8221;<\/strong> to ksi\u0105\u017cka, kt\u00f3ra pomo\u017ce Ci odkry\u0107, co tak naprawd\u0119 Ci\u0119 nap\u0119dza, jak prze\u0142ama\u0107 blokady oraz jak zbudowa\u0107 d\u0142ugoterminow\u0105 motywacj\u0119.\u00a0Dzi\u0119ki po\u0142\u0105czeniu psychologii, neurobiologii i sprawdzonych strategii, ta ksi\u0105\u017cka da Ci praktyczne narz\u0119dzia do pracy nad sob\u0105 i osi\u0105gania cel\u00f3w. Nie musisz ju\u017c czeka\u0107, a\u017c motywacja sama si\u0119 pojawi \u2013 mo\u017cesz ni\u0105 skutecznie zarz\u0105dza\u0107!<\/p>\n<h3 data-start=\"643\" data-end=\"677\"><strong data-start=\"647\" data-end=\"675\">Co znajdziesz w ksi\u0105\u017cce?<\/strong><\/h3>\n<ul data-start=\"679\" data-end=\"1495\">\n<li data-start=\"679\" data-end=\"791\"><strong data-start=\"681\" data-end=\"736\">Jak dzia\u0142a motywacja i dlaczego czasem jej brakuje?<\/strong> \u2013 poznaj mechanizmy, kt\u00f3re kieruj\u0105 Twoim zachowaniem<\/li>\n<li data-start=\"792\" data-end=\"877\"><strong data-start=\"794\" data-end=\"817\">4 poziomy motywacji<\/strong> \u2013 od demotywacji do pasji, jak przej\u015b\u0107 przez ka\u017cdy z nich<\/li>\n<li data-start=\"878\" data-end=\"984\"><strong data-start=\"880\" data-end=\"919\">Neurobiologiczne podstawy motywacji<\/strong> \u2013 odkryj, jak dzia\u0142aj\u0105 Twoje neuroprzeka\u017aniki i jak o nie dba\u0107<\/li>\n<li data-start=\"985\" data-end=\"1127\"><strong data-start=\"987\" data-end=\"1022\">Psychologiczne teorie motywacji<\/strong> \u2013 wykorzystaj <strong data-start=\"1037\" data-end=\"1065\">piramid\u0119 potrzeb Maslowa<\/strong> i <strong data-start=\"1068\" data-end=\"1102\">dwuczynnikow\u0105 teori\u0119 Herzberga<\/strong> w codziennym dzia\u0142aniu<\/li>\n<li data-start=\"1128\" data-end=\"1234\"><strong data-start=\"1130\" data-end=\"1176\">Jak prze\u0142ama\u0107 impas i wyj\u015b\u0107 z demotywacji?<\/strong> \u2013 skuteczne techniki na odzyskanie energii do dzia\u0142ania<\/li>\n<li data-start=\"1235\" data-end=\"1352\"><strong data-start=\"1237\" data-end=\"1281\">Ekosystemy wp\u0142ywaj\u0105ce na Twoj\u0105 motywacj\u0119<\/strong> \u2013 jak otoczenie i nawyki kszta\u0142tuj\u0105 Twoje podej\u015bcie do pracy i \u017cycia<\/li>\n<li data-start=\"1353\" data-end=\"1495\"><strong data-start=\"1355\" data-end=\"1389\">Jak zbudowa\u0107 trwa\u0142\u0105 motywacj\u0119?<\/strong> \u2013 <strong data-start=\"1392\" data-end=\"1437\">Teoria 3XI (Instynkt, Intelekt, Intuicja)<\/strong> i <strong data-start=\"1440\" data-end=\"1462\">16 pragnie\u0144 Reissa<\/strong> jako klucz do wewn\u0119trznej si\u0142y<\/li>\n<\/ul>\n<h3 data-start=\"1504\" data-end=\"1539\"><strong data-start=\"1508\" data-end=\"1537\">Dla kogo jest ta ksi\u0105\u017cka?<\/strong><\/h3>\n<ul>\n<li data-start=\"1541\" data-end=\"1888\"><strong data-start=\"1544\" data-end=\"1589\">Dla lider\u00f3w, mened\u017cer\u00f3w i przedsi\u0119biorc\u00f3w<\/strong> \u2013 kt\u00f3rzy chc\u0105 skutecznie motywowa\u0107 siebie i swoje zespo\u0142y<\/li>\n<li data-start=\"1541\" data-end=\"1888\"><strong data-start=\"1653\" data-end=\"1702\">Dla sportowc\u00f3w i os\u00f3b d\u0105\u017c\u0105cych do mistrzostwa<\/strong> \u2013 kt\u00f3rzy chc\u0105 lepiej zarz\u0105dza\u0107 swoj\u0105 energi\u0105 i pasj\u0105<\/li>\n<li data-start=\"1541\" data-end=\"1888\"><strong data-start=\"1761\" data-end=\"1808\">Dla ka\u017cdego, kto czuje, \u017ce utkn\u0105\u0142 w miejscu<\/strong> \u2013 je\u015bli chcesz odnale\u017a\u0107 w sobie si\u0142\u0119 do dzia\u0142ania, ta ksi\u0105\u017cka jest dla Ciebie<\/li>\n<\/ul>\n<h3 data-start=\"1686\" data-end=\"1727\"><strong>Dlaczego warto mie\u0107 t\u0119 ksi\u0105\u017ck\u0119?<\/strong><\/h3>\n<p data-start=\"1728\" data-end=\"1890\"><strong data-start=\"1944\" data-end=\"1968\">\u2705 Praktyczne narz\u0119dzia<\/strong> \u2013 strategie, kt\u00f3re mo\u017cesz wdro\u017cy\u0107 od razu<br data-start=\"2010\" data-end=\"2013\" \/><strong data-start=\"2015\" data-end=\"2048\">\u2705 Oparte na badaniach naukowych<\/strong> \u2013 wiedza poparta teoriami m.in. <strong data-start=\"2081\" data-end=\"2115\">Erica Kandela i Josepha LeDoux<\/strong><br data-start=\"2115\" data-end=\"2118\" \/><strong data-start=\"2120\" data-end=\"2177\">\u2705 Pomaga prze\u0142amywa\u0107 blokady i budowa\u0107 trwa\u0142\u0105 motywacj\u0119<\/strong><br data-start=\"2177\" data-end=\"2180\" \/><strong data-start=\"2182\" data-end=\"2211\">\u2705 Idealna na trudne momenty<\/strong> \u2013 dzi\u0119ki niej nauczysz si\u0119 odnajdywa\u0107 wewn\u0119trzn\u0105 si\u0142\u0119<\/p>\n<p data-start=\"1892\" data-end=\"1968\"><strong data-start=\"1895\" data-end=\"1966\">Nie czekaj, a\u017c motywacja sama si\u0119 pojawi \u2013 we\u017a sprawy w swoje r\u0119ce!<\/strong><\/p>\n<div id=\"s3gt_translate_tooltip_mini\" class=\"s3gt_translate_tooltip_mini_box\" style=\"background: initial !important; border: initial !important; border-radius: initial !important; border-spacing: initial !important; border-collapse: initial !important; direction: ltr !important; flex-direction: initial !important; font-weight: initial !important; height: initial !important; letter-spacing: initial !important; min-width: initial !important; max-width: initial !important; min-height: initial !important; max-height: initial !important; margin: auto !important; padding: initial !important; position: absolute; text-align: initial !important; width: initial !important; color: inherit !important; font-size: 13px !important; font-family: X-LocaleSpecific, sans-serif, Tahoma, Helvetica !important; line-height: 13px !important; vertical-align: top !important; left: 10px; top: 543px; opacity: 0.25;\">\n<div id=\"s3gt_translate_tooltip_mini_logo\" class=\"s3gt_translate_tooltip_mini\" title=\"T\u0142umacz zaznaczony tekst\"><\/div>\n<div id=\"s3gt_translate_tooltip_mini_sound\" class=\"s3gt_translate_tooltip_mini\" title=\"Odtw\u00f3rz\"><\/div>\n<div id=\"s3gt_translate_tooltip_mini_copy\" class=\"s3gt_translate_tooltip_mini\" title=\"Kopiuj tekst do schowka\"><\/div>\n<\/div>\n","protected":false},"excerpt":{"rendered":"<p>Motywacja &#8211; Budzenie Wewn\u0119trznej Si\u0142y. Odkryj, co naprawd\u0119 Ci\u0119 nap\u0119dza i naucz si\u0119 zarz\u0105dza\u0107 swoj\u0105 motywacj\u0105! Motywacja to fundament ka\u017cdego sukcesu \u2013 zar\u00f3wno w biznesie, sporcie, jak i \u017cyciu codziennym. &#8222;Motywacja \u2013 Budzenie wewn\u0119trznej si\u0142y&#8221; to ksi\u0105\u017cka, kt\u00f3ra pomo\u017ce Ci odkry\u0107, co tak naprawd\u0119 Ci\u0119 nap\u0119dza, jak prze\u0142ama\u0107 blokady oraz jak zbudowa\u0107 d\u0142ugoterminow\u0105 motywacj\u0119.\u00a0Dzi\u0119ki po\u0142\u0105czeniu [&hellip;]<\/p>\n","protected":false},"featured_media":100278,"template":"","meta":{"_acf_changed":false,"content-type":""},"product_brand":[],"product_cat":[24,114],"product_tag":[120],"class_list":{"0":"post-97306","1":"product","2":"type-product","3":"status-publish","4":"has-post-thumbnail","6":"product_cat-ksiazki-biznesowe","7":"product_cat-wszystkie-produkty","8":"product_tag-feed","10":"first","11":"instock","12":"taxable","13":"shipping-taxable","14":"purchasable","15":"product-type-simple"},"acf":[],"yoast_head":"<!-- This site is optimized with the Yoast SEO plugin v27.3 - https:\/\/yoast.com\/product\/yoast-seo-wordpress\/ -->\n<title>[Ksi\u0105\u017cka] Motywacja - Budzenie Wewn\u0119trznej Si\u0142y<\/title>\n<meta name=\"description\" content=\"Ksi\u0105\u017cka &quot;Motywacja&quot; | M.Mrozowski M.Ksi\u0119\u017cniakiewicz \u2714\ufe0f Wiedza i Do\u015bwiadczenie \u2714\ufe0f Praktyczne Wskaz\u00f3wki \u2714\ufe0fNajnowsze Naukowe Badania \u2714\ufe0f Kup Teraz \u00bb\" \/>\n<meta name=\"robots\" content=\"index, follow, max-snippet:-1, max-image-preview:large, max-video-preview:-1\" \/>\n<link rel=\"canonical\" href=\"https:\/\/mateuszmrozowski.pl\/sklep\/produkt\/motywacja-budzenie-wewnetrznej-sily\/\" \/>\n<meta property=\"og:locale\" content=\"pl_PL\" \/>\n<meta property=\"og:type\" content=\"article\" \/>\n<meta property=\"og:title\" content=\"[Ksi\u0105\u017cka] Motywacja - Budzenie Wewn\u0119trznej Si\u0142y\" \/>\n<meta property=\"og:description\" content=\"Ksi\u0105\u017cka &quot;Motywacja&quot; | M.Mrozowski M.Ksi\u0119\u017cniakiewicz \u2714\ufe0f Wiedza i Do\u015bwiadczenie \u2714\ufe0f Praktyczne Wskaz\u00f3wki \u2714\ufe0fNajnowsze Naukowe Badania \u2714\ufe0f Kup Teraz \u00bb\" \/>\n<meta property=\"og:url\" content=\"https:\/\/mateuszmrozowski.pl\/sklep\/produkt\/motywacja-budzenie-wewnetrznej-sily\/\" \/>\n<meta property=\"og:site_name\" content=\"Mateusz Mrozowski Trener Biznesu\" \/>\n<meta property=\"article:publisher\" content=\"https:\/\/www.facebook.com\/mateuszmrozowskisiewca\" \/>\n<meta property=\"article:modified_time\" content=\"2025-09-30T07:38:26+00:00\" \/>\n<meta property=\"og:image\" content=\"https:\/\/mateuszmrozowski.pl\/sklep\/wp-content\/uploads\/2024\/11\/Ksiazka-Motywacja-Mrozowski-Ksiezniakiewicz-2.png\" \/>\n\t<meta property=\"og:image:width\" content=\"1080\" \/>\n\t<meta property=\"og:image:height\" content=\"1080\" \/>\n\t<meta property=\"og:image:type\" content=\"image\/png\" \/>\n<meta name=\"twitter:card\" content=\"summary_large_image\" \/>\n<meta name=\"twitter:label1\" content=\"Szacowany czas czytania\" \/>\n\t<meta name=\"twitter:data1\" content=\"3 minuty\" \/>\n<script type=\"application\/ld+json\" class=\"yoast-schema-graph\">{\"@context\":\"https:\\\/\\\/schema.org\",\"@graph\":[{\"@type\":\"WebPage\",\"@id\":\"https:\\\/\\\/mateuszmrozowski.pl\\\/sklep\\\/produkt\\\/motywacja-budzenie-wewnetrznej-sily\\\/\",\"url\":\"https:\\\/\\\/mateuszmrozowski.pl\\\/sklep\\\/produkt\\\/motywacja-budzenie-wewnetrznej-sily\\\/\",\"name\":\"[Ksi\u0105\u017cka] Motywacja - Budzenie Wewn\u0119trznej Si\u0142y\",\"isPartOf\":{\"@id\":\"https:\\\/\\\/mateuszmrozowski.pl\\\/sklep\\\/#website\"},\"primaryImageOfPage\":{\"@id\":\"https:\\\/\\\/mateuszmrozowski.pl\\\/sklep\\\/produkt\\\/motywacja-budzenie-wewnetrznej-sily\\\/#primaryimage\"},\"image\":{\"@id\":\"https:\\\/\\\/mateuszmrozowski.pl\\\/sklep\\\/produkt\\\/motywacja-budzenie-wewnetrznej-sily\\\/#primaryimage\"},\"thumbnailUrl\":\"https:\\\/\\\/mateuszmrozowski.pl\\\/sklep\\\/wp-content\\\/uploads\\\/2024\\\/11\\\/Ksiazka-Motywacja-Mrozowski-Ksiezniakiewicz-2.png\",\"datePublished\":\"2024-11-03T20:52:15+00:00\",\"dateModified\":\"2025-09-30T07:38:26+00:00\",\"description\":\"Ksi\u0105\u017cka \\\"Motywacja\\\" | M.Mrozowski M.Ksi\u0119\u017cniakiewicz \u2714\ufe0f Wiedza i Do\u015bwiadczenie \u2714\ufe0f Praktyczne Wskaz\u00f3wki \u2714\ufe0fNajnowsze Naukowe Badania \u2714\ufe0f Kup Teraz \u00bb\",\"breadcrumb\":{\"@id\":\"https:\\\/\\\/mateuszmrozowski.pl\\\/sklep\\\/produkt\\\/motywacja-budzenie-wewnetrznej-sily\\\/#breadcrumb\"},\"inLanguage\":\"pl-PL\",\"potentialAction\":[{\"@type\":\"ReadAction\",\"target\":[\"https:\\\/\\\/mateuszmrozowski.pl\\\/sklep\\\/produkt\\\/motywacja-budzenie-wewnetrznej-sily\\\/\"]}]},{\"@type\":\"ImageObject\",\"inLanguage\":\"pl-PL\",\"@id\":\"https:\\\/\\\/mateuszmrozowski.pl\\\/sklep\\\/produkt\\\/motywacja-budzenie-wewnetrznej-sily\\\/#primaryimage\",\"url\":\"https:\\\/\\\/mateuszmrozowski.pl\\\/sklep\\\/wp-content\\\/uploads\\\/2024\\\/11\\\/Ksiazka-Motywacja-Mrozowski-Ksiezniakiewicz-2.png\",\"contentUrl\":\"https:\\\/\\\/mateuszmrozowski.pl\\\/sklep\\\/wp-content\\\/uploads\\\/2024\\\/11\\\/Ksiazka-Motywacja-Mrozowski-Ksiezniakiewicz-2.png\",\"width\":1080,\"height\":1080},{\"@type\":\"BreadcrumbList\",\"@id\":\"https:\\\/\\\/mateuszmrozowski.pl\\\/sklep\\\/produkt\\\/motywacja-budzenie-wewnetrznej-sily\\\/#breadcrumb\",\"itemListElement\":[{\"@type\":\"ListItem\",\"position\":1,\"name\":\"Strona g\u0142\u00f3wna\",\"item\":\"https:\\\/\\\/mateuszmrozowski.pl\\\/sklep\\\/\"},{\"@type\":\"ListItem\",\"position\":2,\"name\":\"Szkolenia biznesowe i kursy sprzeda\u017cowe\",\"item\":\"https:\\\/\\\/mateuszmrozowski.pl\\\/sklep\\\/\"},{\"@type\":\"ListItem\",\"position\":3,\"name\":\"Ksi\u0105\u017cki\",\"item\":\"https:\\\/\\\/mateuszmrozowski.pl\\\/sklep\\\/kategoria-produktu\\\/ksiazki-biznesowe\\\/\"},{\"@type\":\"ListItem\",\"position\":4,\"name\":\"Motywacja &#8211; Budzenie Wewn\u0119trznej Si\u0142y\"}]},{\"@type\":\"WebSite\",\"@id\":\"https:\\\/\\\/mateuszmrozowski.pl\\\/sklep\\\/#website\",\"url\":\"https:\\\/\\\/mateuszmrozowski.pl\\\/sklep\\\/\",\"name\":\"Mateusz Mrozowski Trener biznesu\",\"description\":\"Walcz\u0119 o wynik dla firm z kt\u00f3rymi wsp\u00f3\u0142pracuj\u0119.\",\"publisher\":{\"@id\":\"https:\\\/\\\/mateuszmrozowski.pl\\\/sklep\\\/#organization\"},\"alternateName\":\"Mateusz Mrozowski\",\"potentialAction\":[{\"@type\":\"SearchAction\",\"target\":{\"@type\":\"EntryPoint\",\"urlTemplate\":\"https:\\\/\\\/mateuszmrozowski.pl\\\/sklep\\\/?s={search_term_string}\"},\"query-input\":{\"@type\":\"PropertyValueSpecification\",\"valueRequired\":true,\"valueName\":\"search_term_string\"}}],\"inLanguage\":\"pl-PL\"},{\"@type\":\"Organization\",\"@id\":\"https:\\\/\\\/mateuszmrozowski.pl\\\/sklep\\\/#organization\",\"name\":\"Mateusz Mrozowski Trener biznesu\",\"alternateName\":\"Mateusz Mrozowski\",\"url\":\"https:\\\/\\\/mateuszmrozowski.pl\\\/sklep\\\/\",\"logo\":{\"@type\":\"ImageObject\",\"inLanguage\":\"pl-PL\",\"@id\":\"https:\\\/\\\/mateuszmrozowski.pl\\\/sklep\\\/#\\\/schema\\\/logo\\\/image\\\/\",\"url\":\"https:\\\/\\\/mateuszmrozowski.pl\\\/sklep\\\/wp-content\\\/uploads\\\/2025\\\/03\\\/cropped-mateusz_mrozowski_logo.png\",\"contentUrl\":\"https:\\\/\\\/mateuszmrozowski.pl\\\/sklep\\\/wp-content\\\/uploads\\\/2025\\\/03\\\/cropped-mateusz_mrozowski_logo.png\",\"width\":236,\"height\":59,\"caption\":\"Mateusz Mrozowski Trener biznesu\"},\"image\":{\"@id\":\"https:\\\/\\\/mateuszmrozowski.pl\\\/sklep\\\/#\\\/schema\\\/logo\\\/image\\\/\"},\"sameAs\":[\"https:\\\/\\\/www.facebook.com\\\/mateuszmrozowskisiewca\",\"https:\\\/\\\/www.youtube.com\\\/channel\\\/UCI6FhECZ4GdL1TYU5oh5JDg\",\"https:\\\/\\\/www.instagram.com\\\/mrozowski.siewca\\\/\",\"https:\\\/\\\/www.linkedin.com\\\/in\\\/mateuszmrozowski\\\/\",\"https:\\\/\\\/maps.app.goo.gl\\\/Ee8wtgr6gx2CjEM68\",\"https:\\\/\\\/www.tiktok.com\\\/@mateuszmrozowskisiewca\"]}]}<\/script>\n<!-- \/ Yoast SEO plugin. -->","yoast_head_json":{"title":"[Ksi\u0105\u017cka] Motywacja - Budzenie Wewn\u0119trznej Si\u0142y","description":"Ksi\u0105\u017cka \"Motywacja\" | M.Mrozowski M.Ksi\u0119\u017cniakiewicz \u2714\ufe0f Wiedza i Do\u015bwiadczenie \u2714\ufe0f Praktyczne Wskaz\u00f3wki \u2714\ufe0fNajnowsze Naukowe Badania \u2714\ufe0f Kup Teraz \u00bb","robots":{"index":"index","follow":"follow","max-snippet":"max-snippet:-1","max-image-preview":"max-image-preview:large","max-video-preview":"max-video-preview:-1"},"canonical":"https:\/\/mateuszmrozowski.pl\/sklep\/produkt\/motywacja-budzenie-wewnetrznej-sily\/","og_locale":"pl_PL","og_type":"article","og_title":"[Ksi\u0105\u017cka] Motywacja - Budzenie Wewn\u0119trznej Si\u0142y","og_description":"Ksi\u0105\u017cka \"Motywacja\" | M.Mrozowski M.Ksi\u0119\u017cniakiewicz \u2714\ufe0f Wiedza i Do\u015bwiadczenie \u2714\ufe0f Praktyczne Wskaz\u00f3wki \u2714\ufe0fNajnowsze Naukowe Badania \u2714\ufe0f Kup Teraz \u00bb","og_url":"https:\/\/mateuszmrozowski.pl\/sklep\/produkt\/motywacja-budzenie-wewnetrznej-sily\/","og_site_name":"Mateusz Mrozowski Trener Biznesu","article_publisher":"https:\/\/www.facebook.com\/mateuszmrozowskisiewca","article_modified_time":"2025-09-30T07:38:26+00:00","og_image":[{"width":1080,"height":1080,"url":"https:\/\/mateuszmrozowski.pl\/sklep\/wp-content\/uploads\/2024\/11\/Ksiazka-Motywacja-Mrozowski-Ksiezniakiewicz-2.png","type":"image\/png"}],"twitter_card":"summary_large_image","twitter_misc":{"Szacowany czas czytania":"3 minuty"},"schema":{"@context":"https:\/\/schema.org","@graph":[{"@type":"WebPage","@id":"https:\/\/mateuszmrozowski.pl\/sklep\/produkt\/motywacja-budzenie-wewnetrznej-sily\/","url":"https:\/\/mateuszmrozowski.pl\/sklep\/produkt\/motywacja-budzenie-wewnetrznej-sily\/","name":"[Ksi\u0105\u017cka] Motywacja - Budzenie Wewn\u0119trznej Si\u0142y","isPartOf":{"@id":"https:\/\/mateuszmrozowski.pl\/sklep\/#website"},"primaryImageOfPage":{"@id":"https:\/\/mateuszmrozowski.pl\/sklep\/produkt\/motywacja-budzenie-wewnetrznej-sily\/#primaryimage"},"image":{"@id":"https:\/\/mateuszmrozowski.pl\/sklep\/produkt\/motywacja-budzenie-wewnetrznej-sily\/#primaryimage"},"thumbnailUrl":"https:\/\/mateuszmrozowski.pl\/sklep\/wp-content\/uploads\/2024\/11\/Ksiazka-Motywacja-Mrozowski-Ksiezniakiewicz-2.png","datePublished":"2024-11-03T20:52:15+00:00","dateModified":"2025-09-30T07:38:26+00:00","description":"Ksi\u0105\u017cka \"Motywacja\" | M.Mrozowski M.Ksi\u0119\u017cniakiewicz \u2714\ufe0f Wiedza i Do\u015bwiadczenie \u2714\ufe0f Praktyczne Wskaz\u00f3wki \u2714\ufe0fNajnowsze Naukowe Badania \u2714\ufe0f Kup Teraz \u00bb","breadcrumb":{"@id":"https:\/\/mateuszmrozowski.pl\/sklep\/produkt\/motywacja-budzenie-wewnetrznej-sily\/#breadcrumb"},"inLanguage":"pl-PL","potentialAction":[{"@type":"ReadAction","target":["https:\/\/mateuszmrozowski.pl\/sklep\/produkt\/motywacja-budzenie-wewnetrznej-sily\/"]}]},{"@type":"ImageObject","inLanguage":"pl-PL","@id":"https:\/\/mateuszmrozowski.pl\/sklep\/produkt\/motywacja-budzenie-wewnetrznej-sily\/#primaryimage","url":"https:\/\/mateuszmrozowski.pl\/sklep\/wp-content\/uploads\/2024\/11\/Ksiazka-Motywacja-Mrozowski-Ksiezniakiewicz-2.png","contentUrl":"https:\/\/mateuszmrozowski.pl\/sklep\/wp-content\/uploads\/2024\/11\/Ksiazka-Motywacja-Mrozowski-Ksiezniakiewicz-2.png","width":1080,"height":1080},{"@type":"BreadcrumbList","@id":"https:\/\/mateuszmrozowski.pl\/sklep\/produkt\/motywacja-budzenie-wewnetrznej-sily\/#breadcrumb","itemListElement":[{"@type":"ListItem","position":1,"name":"Strona g\u0142\u00f3wna","item":"https:\/\/mateuszmrozowski.pl\/sklep\/"},{"@type":"ListItem","position":2,"name":"Szkolenia biznesowe i kursy sprzeda\u017cowe","item":"https:\/\/mateuszmrozowski.pl\/sklep\/"},{"@type":"ListItem","position":3,"name":"Ksi\u0105\u017cki","item":"https:\/\/mateuszmrozowski.pl\/sklep\/kategoria-produktu\/ksiazki-biznesowe\/"},{"@type":"ListItem","position":4,"name":"Motywacja &#8211; Budzenie Wewn\u0119trznej Si\u0142y"}]},{"@type":"WebSite","@id":"https:\/\/mateuszmrozowski.pl\/sklep\/#website","url":"https:\/\/mateuszmrozowski.pl\/sklep\/","name":"Mateusz Mrozowski Trener biznesu","description":"Walcz\u0119 o wynik dla firm z kt\u00f3rymi wsp\u00f3\u0142pracuj\u0119.","publisher":{"@id":"https:\/\/mateuszmrozowski.pl\/sklep\/#organization"},"alternateName":"Mateusz Mrozowski","potentialAction":[{"@type":"SearchAction","target":{"@type":"EntryPoint","urlTemplate":"https:\/\/mateuszmrozowski.pl\/sklep\/?s={search_term_string}"},"query-input":{"@type":"PropertyValueSpecification","valueRequired":true,"valueName":"search_term_string"}}],"inLanguage":"pl-PL"},{"@type":"Organization","@id":"https:\/\/mateuszmrozowski.pl\/sklep\/#organization","name":"Mateusz Mrozowski Trener biznesu","alternateName":"Mateusz Mrozowski","url":"https:\/\/mateuszmrozowski.pl\/sklep\/","logo":{"@type":"ImageObject","inLanguage":"pl-PL","@id":"https:\/\/mateuszmrozowski.pl\/sklep\/#\/schema\/logo\/image\/","url":"https:\/\/mateuszmrozowski.pl\/sklep\/wp-content\/uploads\/2025\/03\/cropped-mateusz_mrozowski_logo.png","contentUrl":"https:\/\/mateuszmrozowski.pl\/sklep\/wp-content\/uploads\/2025\/03\/cropped-mateusz_mrozowski_logo.png","width":236,"height":59,"caption":"Mateusz Mrozowski Trener biznesu"},"image":{"@id":"https:\/\/mateuszmrozowski.pl\/sklep\/#\/schema\/logo\/image\/"},"sameAs":["https:\/\/www.facebook.com\/mateuszmrozowskisiewca","https:\/\/www.youtube.com\/channel\/UCI6FhECZ4GdL1TYU5oh5JDg","https:\/\/www.instagram.com\/mrozowski.siewca\/","https:\/\/www.linkedin.com\/in\/mateuszmrozowski\/","https:\/\/maps.app.goo.gl\/Ee8wtgr6gx2CjEM68","https:\/\/www.tiktok.com\/@mateuszmrozowskisiewca"]}]}},"_links":{"self":[{"href":"https:\/\/mateuszmrozowski.pl\/sklep\/wp-json\/wp\/v2\/product\/97306","targetHints":{"allow":["GET"]}}],"collection":[{"href":"https:\/\/mateuszmrozowski.pl\/sklep\/wp-json\/wp\/v2\/product"}],"about":[{"href":"https:\/\/mateuszmrozowski.pl\/sklep\/wp-json\/wp\/v2\/types\/product"}],"wp:featuredmedia":[{"embeddable":true,"href":"https:\/\/mateuszmrozowski.pl\/sklep\/wp-json\/wp\/v2\/media\/100278"}],"wp:attachment":[{"href":"https:\/\/mateuszmrozowski.pl\/sklep\/wp-json\/wp\/v2\/media?parent=97306"}],"wp:term":[{"taxonomy":"product_brand","embeddable":true,"href":"https:\/\/mateuszmrozowski.pl\/sklep\/wp-json\/wp\/v2\/product_brand?post=97306"},{"taxonomy":"product_cat","embeddable":true,"href":"https:\/\/mateuszmrozowski.pl\/sklep\/wp-json\/wp\/v2\/product_cat?post=97306"},{"taxonomy":"product_tag","embeddable":true,"href":"https:\/\/mateuszmrozowski.pl\/sklep\/wp-json\/wp\/v2\/product_tag?post=97306"}],"curies":[{"name":"wp","href":"https:\/\/api.w.org\/{rel}","templated":true}]}}