{"id":96882,"date":"2024-09-25T14:40:58","date_gmt":"2024-09-25T14:40:58","guid":{"rendered":"https:\/\/mateuszmrozowski.pl\/sklep\/?post_type=product&#038;p=96882"},"modified":"2025-03-01T17:33:14","modified_gmt":"2025-03-01T17:33:14","slug":"sila-pragnienia-jak-rozpalic-motywacje-i-osiagac-cele-z-pasja-kopia","status":"publish","type":"product","link":"https:\/\/mateuszmrozowski.pl\/sklep\/produkt\/sila-pragnienia-jak-rozpalic-motywacje-i-osiagac-cele-z-pasja-kopia\/","title":{"rendered":"Si\u0142a Pragnienia: Jak Rozpali\u0107 Motywacj\u0119 i Osi\u0105ga\u0107 Cele z Pasj\u0105"},"content":{"rendered":"\n\n<div class=\"kk-star-ratings kksr-auto kksr-align-left kksr-valign-top kksr-disabled\"\n    data-payload='{&quot;align&quot;:&quot;left&quot;,&quot;id&quot;:&quot;96882&quot;,&quot;readonly&quot;:&quot;1&quot;,&quot;slug&quot;:&quot;default&quot;,&quot;valign&quot;:&quot;top&quot;,&quot;ignore&quot;:&quot;&quot;,&quot;reference&quot;:&quot;auto&quot;,&quot;class&quot;:&quot;&quot;,&quot;count&quot;:&quot;1&quot;,&quot;legendonly&quot;:&quot;&quot;,&quot;score&quot;:&quot;5&quot;,&quot;starsonly&quot;:&quot;&quot;,&quot;best&quot;:&quot;5&quot;,&quot;gap&quot;:&quot;5&quot;,&quot;greet&quot;:&quot;Wystaw ocen\u0119&quot;,&quot;legend&quot;:&quot;5\\\/5 - (1 ocen)&quot;,&quot;size&quot;:&quot;16&quot;,&quot;title&quot;:&quot;Si\u0142a Pragnienia: Jak Rozpali\u0107 Motywacj\u0119 i Osi\u0105ga\u0107 Cele z Pasj\u0105&quot;,&quot;width&quot;:&quot;102.5&quot;,&quot;_legend&quot;:&quot;{score}\\\/{best} - ({count} ocen)&quot;,&quot;font_factor&quot;:&quot;1.25&quot;}'>\n            \n<div class=\"kksr-stars\">\n    \n<div class=\"kksr-stars-inactive\">\n            <div class=\"kksr-star\" data-star=\"1\" style=\"padding-right: 5px\">\n            \n\n<div class=\"kksr-icon\" style=\"width: 16px; height: 16px;\"><\/div>\n        <\/div>\n            <div class=\"kksr-star\" data-star=\"2\" style=\"padding-right: 5px\">\n            \n\n<div class=\"kksr-icon\" style=\"width: 16px; height: 16px;\"><\/div>\n        <\/div>\n            <div class=\"kksr-star\" data-star=\"3\" style=\"padding-right: 5px\">\n            \n\n<div class=\"kksr-icon\" style=\"width: 16px; height: 16px;\"><\/div>\n        <\/div>\n            <div class=\"kksr-star\" data-star=\"4\" style=\"padding-right: 5px\">\n            \n\n<div class=\"kksr-icon\" style=\"width: 16px; height: 16px;\"><\/div>\n        <\/div>\n            <div class=\"kksr-star\" data-star=\"5\" style=\"padding-right: 5px\">\n            \n\n<div class=\"kksr-icon\" style=\"width: 16px; height: 16px;\"><\/div>\n        <\/div>\n    <\/div>\n    \n<div class=\"kksr-stars-active\" style=\"width: 102.5px;\">\n            <div class=\"kksr-star\" style=\"padding-right: 5px\">\n            \n\n<div class=\"kksr-icon\" style=\"width: 16px; height: 16px;\"><\/div>\n        <\/div>\n            <div class=\"kksr-star\" style=\"padding-right: 5px\">\n            \n\n<div class=\"kksr-icon\" style=\"width: 16px; height: 16px;\"><\/div>\n        <\/div>\n            <div class=\"kksr-star\" style=\"padding-right: 5px\">\n            \n\n<div class=\"kksr-icon\" style=\"width: 16px; height: 16px;\"><\/div>\n        <\/div>\n            <div class=\"kksr-star\" style=\"padding-right: 5px\">\n            \n\n<div class=\"kksr-icon\" style=\"width: 16px; height: 16px;\"><\/div>\n        <\/div>\n            <div class=\"kksr-star\" style=\"padding-right: 5px\">\n            \n\n<div class=\"kksr-icon\" style=\"width: 16px; height: 16px;\"><\/div>\n        <\/div>\n    <\/div>\n<\/div>\n                \n\n<div class=\"kksr-legend\" style=\"font-size: 12.8px;\">\n            5\/5 - (1 ocen)    <\/div>\n    <\/div>\n<h2><strong>Si\u0142a Pragnienia: Jak Rozpali\u0107 Motywacj\u0119 i Osi\u0105ga\u0107 Cele z Pasj\u0105<\/strong><\/h2>\n<p>Przedstawiamy unikalne <strong>4-godzinne szkolenie online<\/strong> \u201eSi\u0142a Pragnienia: Jak Rozpali\u0107 Motywacj\u0119 i Osi\u0105ga\u0107 Cele z Pasj\u0105\u201d \u2013 klucz do odkrycia pe\u0142nego potencja\u0142u i d\u0142ugotrwa\u0142ej motywacji. Szkolenie prowadzi <strong>Mateusz Mrozowski<\/strong>, do\u015bwiadczony Trener Biznesu i Sprzeda\u017cy, Ekspert w dziedzinie motywacji, kt\u00f3ry pomo\u017ce Ci rozwin\u0105\u0107 umiej\u0119tno\u015bci osi\u0105gania cel\u00f3w z pasj\u0105.<\/p>\n<hr \/>\n<h3><strong>Czego nauczysz si\u0119 na szkoleniu?<\/strong><\/h3>\n<ul>\n<li><strong>4 poziomy motywacji<\/strong>: Poznasz r\u00f3\u017cne warstwy motywacji \u2013 od motywacji zewn\u0119trznej (jak nagrody i uznanie) po najg\u0142\u0119bsz\u0105, wewn\u0119trzn\u0105 motywacj\u0119 nap\u0119dzan\u0105 warto\u015bciami i pragnieniami.<\/li>\n<li><strong>Jak wyj\u015b\u0107 z braku motywacji<\/strong>: Odkryj, jakie blokady powstrzymuj\u0105 Ci\u0119 przed dzia\u0142aniem i jak je przezwyci\u0119\u017cy\u0107, korzystaj\u0105c z technik psychologii behawioralnej.<\/li>\n<li><strong>Pragnienia Reissa<\/strong>: Nauczysz si\u0119 rozpoznawa\u0107 pragnienia swoje i swoich Klient\u00f3w \u2013 zar\u00f3wno materialne, jak i niematerialne, i przekszta\u0142ca\u0107 je w cele motywacyjne.<\/li>\n<li><strong>Tr\u00f3jk\u0105t Dramatyczny<\/strong> w kontek\u015bcie motywacji: Dowiesz si\u0119, jak uciec od roli ofiary, prze\u015bladowcy lub wybawcy, kt\u00f3ra cz\u0119sto blokuje prawdziw\u0105 motywacj\u0119, i jak \u015bwiadomie budowa\u0107 zdrowe postawy w motywacji.<\/li>\n<li><strong>Psychologia behawioralna<\/strong>: Poznasz zasady wzmacniania pozytywnych nawyk\u00f3w i eliminowania destrukcyjnych schemat\u00f3w, kt\u00f3re sabotuj\u0105 Twoje dzia\u0142ania.<\/li>\n<li><strong>Zrozumienie motywacji klient\u00f3w w podejmowaniu decyzji zakupowych:<\/strong> Dowiesz si\u0119, jak rozpoznawa\u0107 i analizowa\u0107 r\u00f3\u017cne czynniki, kt\u00f3re wp\u0142ywaj\u0105 na decyzje zakupowe klient\u00f3w.<\/li>\n<\/ul>\n<hr \/>\n<h3><strong>Co otrzymasz?<\/strong><\/h3>\n<ul>\n<li><strong>4 godziny intensywnych warsztat\u00f3w online<\/strong>, pe\u0142nych \u0107wicze\u0144 praktycznych, kt\u00f3re natychmiast wprowadz\u0105 teori\u0119 w \u017cycie.<\/li>\n<li><strong>Sprawdzone techniki motywacyjne<\/strong> stosowane przez lider\u00f3w biznesu, sportowc\u00f3w i osoby osi\u0105gaj\u0105ce ponadprzeci\u0119tne wyniki.<\/li>\n<li><strong>Odpowiedzi na pytania<\/strong>, aby dostosowa\u0107 narz\u0119dzia motywacyjne do Twojej sytuacji.<\/li>\n<li><strong>Materia\u0142y dodatkowe<\/strong>: e-booki, \u0107wiczenia oraz plan dzia\u0142ania do wdro\u017cenia od razu po szkoleniu.<\/li>\n<\/ul>\n<hr \/>\n<h3><strong>Szczeg\u00f3\u0142y wydarzenia:<\/strong><\/h3>\n<ul>\n<li><strong>Data:<\/strong> sobota, 9 listopada 2024<\/li>\n<li><strong>Czas trwania:<\/strong> 4 godziny (10:00 &#8211; 14:00)<\/li>\n<li><strong>Forma:<\/strong> Online<\/li>\n<li><strong>Ilo\u015b\u0107 miejsc ograniczona<\/strong> \u2013 nie zwlekaj z zapisami!<\/li>\n<\/ul>\n<p><strong>To szkolenie jest idealne dla wszystkich, kt\u00f3rzy chc\u0105 odkry\u0107 swoj\u0105 wewn\u0119trzn\u0105 si\u0142\u0119, poprawi\u0107 motywacj\u0119 i skutecznie realizowa\u0107 swoje cele. Dowiesz si\u0119, jak nie tylko zbudowa\u0107 motywacj\u0119, ale jak j\u0105 utrzyma\u0107 w najtrudniejszych momentach, a tak\u017ce, jak rozpoznawa\u0107 motywacj\u0119 naszych Klient\u00f3w<\/strong>.<\/p>\n<hr \/>\n<p><strong>Zarezerwuj swoje miejsce ju\u017c teraz<\/strong> i do\u0142\u0105cz do uczestnik\u00f3w, kt\u00f3rzy chc\u0105 dzia\u0142a\u0107 z pasj\u0105 i pewno\u015bci\u0105 siebie!<\/p>\n<p>Zapisz si\u0119 teraz, liczba miejsc jest ograniczona!<\/p>\n<div id=\"gtx-trans\" style=\"position: absolute; left: -27px; top: 909.203px;\">\n<div class=\"gtx-trans-icon\"><\/div>\n<\/div>\n","protected":false},"excerpt":{"rendered":"<p>Si\u0142a Pragnienia: Jak Rozpali\u0107 Motywacj\u0119 i Osi\u0105ga\u0107 Cele z Pasj\u0105 Przedstawiamy unikalne 4-godzinne szkolenie online \u201eSi\u0142a Pragnienia: Jak Rozpali\u0107 Motywacj\u0119 i Osi\u0105ga\u0107 Cele z Pasj\u0105\u201d \u2013 klucz do odkrycia pe\u0142nego potencja\u0142u i d\u0142ugotrwa\u0142ej motywacji. Szkolenie prowadzi Mateusz Mrozowski, do\u015bwiadczony Trener Biznesu i Sprzeda\u017cy, Ekspert w dziedzinie motywacji, kt\u00f3ry pomo\u017ce Ci rozwin\u0105\u0107 umiej\u0119tno\u015bci osi\u0105gania cel\u00f3w z [&hellip;]<\/p>\n","protected":false},"featured_media":96877,"template":"","meta":{"_acf_changed":false,"content-type":""},"product_brand":[],"product_cat":[19,114],"product_tag":[],"class_list":{"0":"post-96882","1":"product","2":"type-product","3":"status-publish","4":"has-post-thumbnail","6":"product_cat-szkolenia-otwarte","7":"product_cat-wszystkie-produkty","9":"first","10":"outofstock","11":"virtual","12":"sold-individually","13":"taxable","14":"purchasable","15":"product-type-simple"},"acf":[],"yoast_head":"<!-- This site is optimized with the Yoast SEO plugin v27.1.1 - https:\/\/yoast.com\/product\/yoast-seo-wordpress\/ -->\n<title>Szkolenie online na \u017cywo z Mateuszem Mrozowskim<\/title>\n<meta name=\"description\" content=\"Szkolenie live online \u2714\ufe0f Skuteczne Techniki Sprzeda\u017cy \u2714\ufe0f Dost\u0119p do nagra\u0144 \u2714\ufe0f Szkolenie dla Handlowc\u00f3w i Manager\u00f3w \u2714\ufe0f Zarezerwuj Teraz \u00bb\" \/>\n<meta name=\"robots\" content=\"noindex, nofollow\" \/>\n<meta property=\"og:locale\" content=\"pl_PL\" \/>\n<meta property=\"og:type\" content=\"article\" \/>\n<meta property=\"og:title\" content=\"Szkolenie online na \u017cywo z Mateuszem Mrozowskim\" \/>\n<meta property=\"og:description\" content=\"Szkolenie live online \u2714\ufe0f Skuteczne Techniki Sprzeda\u017cy \u2714\ufe0f Dost\u0119p do nagra\u0144 \u2714\ufe0f Szkolenie dla Handlowc\u00f3w i Manager\u00f3w \u2714\ufe0f Zarezerwuj Teraz \u00bb\" \/>\n<meta property=\"og:url\" content=\"https:\/\/mateuszmrozowski.pl\/sklep\/produkt\/sila-pragnienia-jak-rozpalic-motywacje-i-osiagac-cele-z-pasja-kopia\/\" \/>\n<meta property=\"og:site_name\" content=\"Mateusz Mrozowski Trener Biznesu\" \/>\n<meta property=\"article:publisher\" content=\"https:\/\/www.facebook.com\/mateuszmrozowskisiewca\" \/>\n<meta property=\"article:modified_time\" content=\"2025-03-01T17:33:14+00:00\" \/>\n<meta property=\"og:image\" content=\"https:\/\/mateuszmrozowski.pl\/sklep\/wp-content\/uploads\/2024\/09\/mrozowski-szkolenie-motywacja.jpg\" \/>\n\t<meta property=\"og:image:width\" content=\"600\" \/>\n\t<meta property=\"og:image:height\" content=\"600\" \/>\n\t<meta property=\"og:image:type\" content=\"image\/jpeg\" \/>\n<meta name=\"twitter:card\" content=\"summary_large_image\" \/>\n<meta name=\"twitter:label1\" content=\"Szacowany czas czytania\" \/>\n\t<meta name=\"twitter:data1\" content=\"3 minuty\" \/>\n<script type=\"application\/ld+json\" class=\"yoast-schema-graph\">{\"@context\":\"https:\/\/schema.org\",\"@graph\":[{\"@type\":\"WebPage\",\"@id\":\"https:\/\/mateuszmrozowski.pl\/sklep\/produkt\/sila-pragnienia-jak-rozpalic-motywacje-i-osiagac-cele-z-pasja-kopia\/\",\"url\":\"https:\/\/mateuszmrozowski.pl\/sklep\/produkt\/sila-pragnienia-jak-rozpalic-motywacje-i-osiagac-cele-z-pasja-kopia\/\",\"name\":\"Szkolenie online na \u017cywo z Mateuszem Mrozowskim\",\"isPartOf\":{\"@id\":\"https:\/\/mateuszmrozowski.pl\/sklep\/#website\"},\"primaryImageOfPage\":{\"@id\":\"https:\/\/mateuszmrozowski.pl\/sklep\/produkt\/sila-pragnienia-jak-rozpalic-motywacje-i-osiagac-cele-z-pasja-kopia\/#primaryimage\"},\"image\":{\"@id\":\"https:\/\/mateuszmrozowski.pl\/sklep\/produkt\/sila-pragnienia-jak-rozpalic-motywacje-i-osiagac-cele-z-pasja-kopia\/#primaryimage\"},\"thumbnailUrl\":\"https:\/\/mateuszmrozowski.pl\/sklep\/wp-content\/uploads\/2024\/09\/mrozowski-szkolenie-motywacja.jpg\",\"datePublished\":\"2024-09-25T14:40:58+00:00\",\"dateModified\":\"2025-03-01T17:33:14+00:00\",\"description\":\"Szkolenie live online \u2714\ufe0f Skuteczne Techniki Sprzeda\u017cy \u2714\ufe0f Dost\u0119p do nagra\u0144 \u2714\ufe0f Szkolenie dla Handlowc\u00f3w i Manager\u00f3w \u2714\ufe0f Zarezerwuj Teraz \u00bb\",\"breadcrumb\":{\"@id\":\"https:\/\/mateuszmrozowski.pl\/sklep\/produkt\/sila-pragnienia-jak-rozpalic-motywacje-i-osiagac-cele-z-pasja-kopia\/#breadcrumb\"},\"inLanguage\":\"pl-PL\",\"potentialAction\":[{\"@type\":\"ReadAction\",\"target\":[\"https:\/\/mateuszmrozowski.pl\/sklep\/produkt\/sila-pragnienia-jak-rozpalic-motywacje-i-osiagac-cele-z-pasja-kopia\/\"]}]},{\"@type\":\"ImageObject\",\"inLanguage\":\"pl-PL\",\"@id\":\"https:\/\/mateuszmrozowski.pl\/sklep\/produkt\/sila-pragnienia-jak-rozpalic-motywacje-i-osiagac-cele-z-pasja-kopia\/#primaryimage\",\"url\":\"https:\/\/mateuszmrozowski.pl\/sklep\/wp-content\/uploads\/2024\/09\/mrozowski-szkolenie-motywacja.jpg\",\"contentUrl\":\"https:\/\/mateuszmrozowski.pl\/sklep\/wp-content\/uploads\/2024\/09\/mrozowski-szkolenie-motywacja.jpg\",\"width\":600,\"height\":600},{\"@type\":\"BreadcrumbList\",\"@id\":\"https:\/\/mateuszmrozowski.pl\/sklep\/produkt\/sila-pragnienia-jak-rozpalic-motywacje-i-osiagac-cele-z-pasja-kopia\/#breadcrumb\",\"itemListElement\":[{\"@type\":\"ListItem\",\"position\":1,\"name\":\"Strona g\u0142\u00f3wna\",\"item\":\"https:\/\/mateuszmrozowski.pl\/sklep\/\"},{\"@type\":\"ListItem\",\"position\":2,\"name\":\"Szkolenia biznesowe i kursy sprzeda\u017cowe\",\"item\":\"https:\/\/mateuszmrozowski.pl\/sklep\/\"},{\"@type\":\"ListItem\",\"position\":3,\"name\":\"Szkolenia otwarte\",\"item\":\"https:\/\/mateuszmrozowski.pl\/sklep\/kategoria-produktu\/szkolenia-otwarte\/\"},{\"@type\":\"ListItem\",\"position\":4,\"name\":\"Si\u0142a Pragnienia: Jak Rozpali\u0107 Motywacj\u0119 i Osi\u0105ga\u0107 Cele z Pasj\u0105\"}]},{\"@type\":\"WebSite\",\"@id\":\"https:\/\/mateuszmrozowski.pl\/sklep\/#website\",\"url\":\"https:\/\/mateuszmrozowski.pl\/sklep\/\",\"name\":\"Mateusz Mrozowski Trener biznesu\",\"description\":\"Walcz\u0119 o wynik dla firm z kt\u00f3rymi wsp\u00f3\u0142pracuj\u0119.\",\"publisher\":{\"@id\":\"https:\/\/mateuszmrozowski.pl\/sklep\/#organization\"},\"alternateName\":\"Mateusz Mrozowski\",\"potentialAction\":[{\"@type\":\"SearchAction\",\"target\":{\"@type\":\"EntryPoint\",\"urlTemplate\":\"https:\/\/mateuszmrozowski.pl\/sklep\/?s={search_term_string}\"},\"query-input\":{\"@type\":\"PropertyValueSpecification\",\"valueRequired\":true,\"valueName\":\"search_term_string\"}}],\"inLanguage\":\"pl-PL\"},{\"@type\":\"Organization\",\"@id\":\"https:\/\/mateuszmrozowski.pl\/sklep\/#organization\",\"name\":\"Mateusz Mrozowski Trener biznesu\",\"alternateName\":\"Mateusz Mrozowski\",\"url\":\"https:\/\/mateuszmrozowski.pl\/sklep\/\",\"logo\":{\"@type\":\"ImageObject\",\"inLanguage\":\"pl-PL\",\"@id\":\"https:\/\/mateuszmrozowski.pl\/sklep\/#\/schema\/logo\/image\/\",\"url\":\"https:\/\/mateuszmrozowski.pl\/sklep\/wp-content\/uploads\/2025\/03\/cropped-mateusz_mrozowski_logo.png\",\"contentUrl\":\"https:\/\/mateuszmrozowski.pl\/sklep\/wp-content\/uploads\/2025\/03\/cropped-mateusz_mrozowski_logo.png\",\"width\":236,\"height\":59,\"caption\":\"Mateusz Mrozowski Trener biznesu\"},\"image\":{\"@id\":\"https:\/\/mateuszmrozowski.pl\/sklep\/#\/schema\/logo\/image\/\"},\"sameAs\":[\"https:\/\/www.facebook.com\/mateuszmrozowskisiewca\",\"https:\/\/www.youtube.com\/channel\/UCI6FhECZ4GdL1TYU5oh5JDg\",\"https:\/\/www.instagram.com\/mrozowski.siewca\/\",\"https:\/\/www.linkedin.com\/in\/mateuszmrozowski\/\",\"https:\/\/maps.app.goo.gl\/Ee8wtgr6gx2CjEM68\",\"https:\/\/www.tiktok.com\/@mateuszmrozowskisiewca\"]}]}<\/script>\n<!-- \/ Yoast SEO plugin. -->","yoast_head_json":{"title":"Szkolenie online na \u017cywo z Mateuszem Mrozowskim","description":"Szkolenie live online \u2714\ufe0f Skuteczne Techniki Sprzeda\u017cy \u2714\ufe0f Dost\u0119p do nagra\u0144 \u2714\ufe0f Szkolenie dla Handlowc\u00f3w i Manager\u00f3w \u2714\ufe0f Zarezerwuj Teraz \u00bb","robots":{"index":"noindex","follow":"nofollow"},"og_locale":"pl_PL","og_type":"article","og_title":"Szkolenie online na \u017cywo z Mateuszem Mrozowskim","og_description":"Szkolenie live online \u2714\ufe0f Skuteczne Techniki Sprzeda\u017cy \u2714\ufe0f Dost\u0119p do nagra\u0144 \u2714\ufe0f Szkolenie dla Handlowc\u00f3w i Manager\u00f3w \u2714\ufe0f Zarezerwuj Teraz \u00bb","og_url":"https:\/\/mateuszmrozowski.pl\/sklep\/produkt\/sila-pragnienia-jak-rozpalic-motywacje-i-osiagac-cele-z-pasja-kopia\/","og_site_name":"Mateusz Mrozowski Trener Biznesu","article_publisher":"https:\/\/www.facebook.com\/mateuszmrozowskisiewca","article_modified_time":"2025-03-01T17:33:14+00:00","og_image":[{"width":600,"height":600,"url":"https:\/\/mateuszmrozowski.pl\/sklep\/wp-content\/uploads\/2024\/09\/mrozowski-szkolenie-motywacja.jpg","type":"image\/jpeg"}],"twitter_card":"summary_large_image","twitter_misc":{"Szacowany czas czytania":"3 minuty"},"schema":{"@context":"https:\/\/schema.org","@graph":[{"@type":"WebPage","@id":"https:\/\/mateuszmrozowski.pl\/sklep\/produkt\/sila-pragnienia-jak-rozpalic-motywacje-i-osiagac-cele-z-pasja-kopia\/","url":"https:\/\/mateuszmrozowski.pl\/sklep\/produkt\/sila-pragnienia-jak-rozpalic-motywacje-i-osiagac-cele-z-pasja-kopia\/","name":"Szkolenie online na \u017cywo z Mateuszem Mrozowskim","isPartOf":{"@id":"https:\/\/mateuszmrozowski.pl\/sklep\/#website"},"primaryImageOfPage":{"@id":"https:\/\/mateuszmrozowski.pl\/sklep\/produkt\/sila-pragnienia-jak-rozpalic-motywacje-i-osiagac-cele-z-pasja-kopia\/#primaryimage"},"image":{"@id":"https:\/\/mateuszmrozowski.pl\/sklep\/produkt\/sila-pragnienia-jak-rozpalic-motywacje-i-osiagac-cele-z-pasja-kopia\/#primaryimage"},"thumbnailUrl":"https:\/\/mateuszmrozowski.pl\/sklep\/wp-content\/uploads\/2024\/09\/mrozowski-szkolenie-motywacja.jpg","datePublished":"2024-09-25T14:40:58+00:00","dateModified":"2025-03-01T17:33:14+00:00","description":"Szkolenie live online \u2714\ufe0f Skuteczne Techniki Sprzeda\u017cy \u2714\ufe0f Dost\u0119p do nagra\u0144 \u2714\ufe0f Szkolenie dla Handlowc\u00f3w i Manager\u00f3w \u2714\ufe0f Zarezerwuj Teraz \u00bb","breadcrumb":{"@id":"https:\/\/mateuszmrozowski.pl\/sklep\/produkt\/sila-pragnienia-jak-rozpalic-motywacje-i-osiagac-cele-z-pasja-kopia\/#breadcrumb"},"inLanguage":"pl-PL","potentialAction":[{"@type":"ReadAction","target":["https:\/\/mateuszmrozowski.pl\/sklep\/produkt\/sila-pragnienia-jak-rozpalic-motywacje-i-osiagac-cele-z-pasja-kopia\/"]}]},{"@type":"ImageObject","inLanguage":"pl-PL","@id":"https:\/\/mateuszmrozowski.pl\/sklep\/produkt\/sila-pragnienia-jak-rozpalic-motywacje-i-osiagac-cele-z-pasja-kopia\/#primaryimage","url":"https:\/\/mateuszmrozowski.pl\/sklep\/wp-content\/uploads\/2024\/09\/mrozowski-szkolenie-motywacja.jpg","contentUrl":"https:\/\/mateuszmrozowski.pl\/sklep\/wp-content\/uploads\/2024\/09\/mrozowski-szkolenie-motywacja.jpg","width":600,"height":600},{"@type":"BreadcrumbList","@id":"https:\/\/mateuszmrozowski.pl\/sklep\/produkt\/sila-pragnienia-jak-rozpalic-motywacje-i-osiagac-cele-z-pasja-kopia\/#breadcrumb","itemListElement":[{"@type":"ListItem","position":1,"name":"Strona g\u0142\u00f3wna","item":"https:\/\/mateuszmrozowski.pl\/sklep\/"},{"@type":"ListItem","position":2,"name":"Szkolenia biznesowe i kursy sprzeda\u017cowe","item":"https:\/\/mateuszmrozowski.pl\/sklep\/"},{"@type":"ListItem","position":3,"name":"Szkolenia otwarte","item":"https:\/\/mateuszmrozowski.pl\/sklep\/kategoria-produktu\/szkolenia-otwarte\/"},{"@type":"ListItem","position":4,"name":"Si\u0142a Pragnienia: Jak Rozpali\u0107 Motywacj\u0119 i Osi\u0105ga\u0107 Cele z Pasj\u0105"}]},{"@type":"WebSite","@id":"https:\/\/mateuszmrozowski.pl\/sklep\/#website","url":"https:\/\/mateuszmrozowski.pl\/sklep\/","name":"Mateusz Mrozowski Trener biznesu","description":"Walcz\u0119 o wynik dla firm z kt\u00f3rymi wsp\u00f3\u0142pracuj\u0119.","publisher":{"@id":"https:\/\/mateuszmrozowski.pl\/sklep\/#organization"},"alternateName":"Mateusz Mrozowski","potentialAction":[{"@type":"SearchAction","target":{"@type":"EntryPoint","urlTemplate":"https:\/\/mateuszmrozowski.pl\/sklep\/?s={search_term_string}"},"query-input":{"@type":"PropertyValueSpecification","valueRequired":true,"valueName":"search_term_string"}}],"inLanguage":"pl-PL"},{"@type":"Organization","@id":"https:\/\/mateuszmrozowski.pl\/sklep\/#organization","name":"Mateusz Mrozowski Trener biznesu","alternateName":"Mateusz Mrozowski","url":"https:\/\/mateuszmrozowski.pl\/sklep\/","logo":{"@type":"ImageObject","inLanguage":"pl-PL","@id":"https:\/\/mateuszmrozowski.pl\/sklep\/#\/schema\/logo\/image\/","url":"https:\/\/mateuszmrozowski.pl\/sklep\/wp-content\/uploads\/2025\/03\/cropped-mateusz_mrozowski_logo.png","contentUrl":"https:\/\/mateuszmrozowski.pl\/sklep\/wp-content\/uploads\/2025\/03\/cropped-mateusz_mrozowski_logo.png","width":236,"height":59,"caption":"Mateusz Mrozowski Trener biznesu"},"image":{"@id":"https:\/\/mateuszmrozowski.pl\/sklep\/#\/schema\/logo\/image\/"},"sameAs":["https:\/\/www.facebook.com\/mateuszmrozowskisiewca","https:\/\/www.youtube.com\/channel\/UCI6FhECZ4GdL1TYU5oh5JDg","https:\/\/www.instagram.com\/mrozowski.siewca\/","https:\/\/www.linkedin.com\/in\/mateuszmrozowski\/","https:\/\/maps.app.goo.gl\/Ee8wtgr6gx2CjEM68","https:\/\/www.tiktok.com\/@mateuszmrozowskisiewca"]}]}},"_links":{"self":[{"href":"https:\/\/mateuszmrozowski.pl\/sklep\/wp-json\/wp\/v2\/product\/96882","targetHints":{"allow":["GET"]}}],"collection":[{"href":"https:\/\/mateuszmrozowski.pl\/sklep\/wp-json\/wp\/v2\/product"}],"about":[{"href":"https:\/\/mateuszmrozowski.pl\/sklep\/wp-json\/wp\/v2\/types\/product"}],"wp:featuredmedia":[{"embeddable":true,"href":"https:\/\/mateuszmrozowski.pl\/sklep\/wp-json\/wp\/v2\/media\/96877"}],"wp:attachment":[{"href":"https:\/\/mateuszmrozowski.pl\/sklep\/wp-json\/wp\/v2\/media?parent=96882"}],"wp:term":[{"taxonomy":"product_brand","embeddable":true,"href":"https:\/\/mateuszmrozowski.pl\/sklep\/wp-json\/wp\/v2\/product_brand?post=96882"},{"taxonomy":"product_cat","embeddable":true,"href":"https:\/\/mateuszmrozowski.pl\/sklep\/wp-json\/wp\/v2\/product_cat?post=96882"},{"taxonomy":"product_tag","embeddable":true,"href":"https:\/\/mateuszmrozowski.pl\/sklep\/wp-json\/wp\/v2\/product_tag?post=96882"}],"curies":[{"name":"wp","href":"https:\/\/api.w.org\/{rel}","templated":true}]}}