{"id":95836,"date":"2024-06-03T19:15:41","date_gmt":"2024-06-03T19:15:41","guid":{"rendered":"https:\/\/mateuszmrozowski.pl\/sklep\/?post_type=product&#038;p=95836"},"modified":"2025-03-01T17:33:15","modified_gmt":"2025-03-01T17:33:15","slug":"akademia-sprzedazy-dla-branzy-oze","status":"publish","type":"product","link":"https:\/\/mateuszmrozowski.pl\/sklep\/produkt\/akademia-sprzedazy-dla-branzy-oze\/","title":{"rendered":"Akademia Sprzeda\u017cy dla Bran\u017cy OZE"},"content":{"rendered":"\n\n<div class=\"kk-star-ratings kksr-auto kksr-align-left kksr-valign-top kksr-disabled\"\n    data-payload='{&quot;align&quot;:&quot;left&quot;,&quot;id&quot;:&quot;95836&quot;,&quot;readonly&quot;:&quot;1&quot;,&quot;slug&quot;:&quot;default&quot;,&quot;valign&quot;:&quot;top&quot;,&quot;ignore&quot;:&quot;&quot;,&quot;reference&quot;:&quot;auto&quot;,&quot;class&quot;:&quot;&quot;,&quot;count&quot;:&quot;2&quot;,&quot;legendonly&quot;:&quot;&quot;,&quot;score&quot;:&quot;5&quot;,&quot;starsonly&quot;:&quot;&quot;,&quot;best&quot;:&quot;5&quot;,&quot;gap&quot;:&quot;5&quot;,&quot;greet&quot;:&quot;Wystaw ocen\u0119&quot;,&quot;legend&quot;:&quot;5\\\/5 - (2 ocen)&quot;,&quot;size&quot;:&quot;16&quot;,&quot;title&quot;:&quot;Akademia Sprzeda\u017cy dla Bran\u017cy OZE&quot;,&quot;width&quot;:&quot;102.5&quot;,&quot;_legend&quot;:&quot;{score}\\\/{best} - ({count} ocen)&quot;,&quot;font_factor&quot;:&quot;1.25&quot;}'>\n            \n<div class=\"kksr-stars\">\n    \n<div class=\"kksr-stars-inactive\">\n            <div class=\"kksr-star\" data-star=\"1\" style=\"padding-right: 5px\">\n            \n\n<div class=\"kksr-icon\" style=\"width: 16px; height: 16px;\"><\/div>\n        <\/div>\n            <div class=\"kksr-star\" data-star=\"2\" style=\"padding-right: 5px\">\n            \n\n<div class=\"kksr-icon\" style=\"width: 16px; height: 16px;\"><\/div>\n        <\/div>\n            <div class=\"kksr-star\" data-star=\"3\" style=\"padding-right: 5px\">\n            \n\n<div class=\"kksr-icon\" style=\"width: 16px; height: 16px;\"><\/div>\n        <\/div>\n            <div class=\"kksr-star\" data-star=\"4\" style=\"padding-right: 5px\">\n            \n\n<div class=\"kksr-icon\" style=\"width: 16px; height: 16px;\"><\/div>\n        <\/div>\n            <div class=\"kksr-star\" data-star=\"5\" style=\"padding-right: 5px\">\n            \n\n<div class=\"kksr-icon\" style=\"width: 16px; height: 16px;\"><\/div>\n        <\/div>\n    <\/div>\n    \n<div class=\"kksr-stars-active\" style=\"width: 102.5px;\">\n            <div class=\"kksr-star\" style=\"padding-right: 5px\">\n            \n\n<div class=\"kksr-icon\" style=\"width: 16px; height: 16px;\"><\/div>\n        <\/div>\n            <div class=\"kksr-star\" style=\"padding-right: 5px\">\n            \n\n<div class=\"kksr-icon\" style=\"width: 16px; height: 16px;\"><\/div>\n        <\/div>\n            <div class=\"kksr-star\" style=\"padding-right: 5px\">\n            \n\n<div class=\"kksr-icon\" style=\"width: 16px; height: 16px;\"><\/div>\n        <\/div>\n            <div class=\"kksr-star\" style=\"padding-right: 5px\">\n            \n\n<div class=\"kksr-icon\" style=\"width: 16px; height: 16px;\"><\/div>\n        <\/div>\n            <div class=\"kksr-star\" style=\"padding-right: 5px\">\n            \n\n<div class=\"kksr-icon\" style=\"width: 16px; height: 16px;\"><\/div>\n        <\/div>\n    <\/div>\n<\/div>\n                \n\n<div class=\"kksr-legend\" style=\"font-size: 12.8px;\">\n            5\/5 - (2 ocen)    <\/div>\n    <\/div>\n<h2><strong>Akademia Sprzeda\u017cy Zielonej Energii &#8211; 4-miesi\u0119czny program szkoleniowy<\/strong><\/h2>\n<p>Odkryj \u015bwiat odnawialnych \u017ar\u00f3de\u0142 energii i rozwi\u0144 swoje umiej\u0119tno\u015bci sprzeda\u017cowe z nasz\u0105 &#8222;Akademi\u0105 Sprzeda\u017cy Zielonej Energii&#8221;. <strong>Ten 4-miesi\u0119czny program szkoleniowy jest przeznaczony dla os\u00f3b, kt\u00f3re chc\u0105 rozwija\u0107 si\u0119 w bran\u017cy odnawialnych \u017ar\u00f3de\u0142 energii i poszukiwa\u0107 nowych mo\u017cliwo\u015bci biznesowych.<\/strong><\/p>\n<p>Z nasz\u0105 akademi\u0105 otrzymasz dost\u0119p do profesjonalnie przygotowanych nagra\u0144 z zaj\u0119\u0107, kt\u00f3re obejmuj\u0105 szeroki zakres temat\u00f3w zwi\u0105zanych z odnawialnymi \u017ar\u00f3d\u0142ami energii i sprzeda\u017c\u0105. Ucz si\u0119 od ekspert\u00f3w, kt\u00f3rzy dziel\u0105 si\u0119 swoj\u0105 wiedz\u0105 i do\u015bwiadczeniem.<\/p>\n<h3><strong>Program szkoleniowy obejmuje nast\u0119puj\u0105ce tematy:<\/strong><\/h3>\n<ul>\n<li>Rewolucje Sprzeda\u017cy &#8211; geneza i wst\u0119p<\/li>\n<li>7 krok\u00f3w sprzeda\u017cy<\/li>\n<li>Typologia osobowo\u015bci w odniesieniu do 3 system\u00f3w reprezentacji<\/li>\n<li>Sztuka Prospectingu<\/li>\n<li>Zasady sprzeda\u017cy telefonicznej i bezpo\u015bredniej<\/li>\n<li>Proces rozmowy handlowej i umawiania spotka\u0144<\/li>\n<li>Badanie Potrzeb Klienta &#8211; fakty i mity<\/li>\n<li>Regu\u0142y wp\u0142ywu spo\u0142ecznego<\/li>\n<li>Zasady generowania korzy\u015bci z produktu\/us\u0142ugi<\/li>\n<li>J\u0119zyk korzy\u015bci vs. j\u0119zyk strat<\/li>\n<li>Storytelling w sprzeda\u017cy<\/li>\n<li>Straight Line, czyli p\u0119tle logiczno-emocjonalne w prezentowaniu<\/li>\n<li>Obiekcje wst\u0119pne w rozmowie handlowej<\/li>\n<li>Obiekcje kluczowe w sprzeda\u017cy i pr\u00f3bne zamykanie sprzeda\u017cy<\/li>\n<li>Twarde zamykanie sprzeda\u017cy &#8211; techniki<\/li>\n<li>Przygotowanie do negocjacji<\/li>\n<li>Negocjacje &#8211; typy negocjator\u00f3w i techniki negocjacji<\/li>\n<\/ul>\n<p>Po uko\u0144czeniu programu otrzymasz <strong>certyfikat mi\u0119dzynarodowy,<\/strong> potwierdzaj\u0105cy twoje umiej\u0119tno\u015bci i wiedz\u0119 w zakresie sprzeda\u017cy odnawialnych \u017ar\u00f3de\u0142 energii. Ten certyfikat b\u0119dzie warto\u015bciowym dodatkiem do twojego CV i pomo\u017ce ci wyr\u00f3\u017cni\u0107 si\u0119 na rynku pracy.<\/p>\n<p>Aby zapewni\u0107 najwy\u017csz\u0105 jako\u015b\u0107 szkolenia i indywidualny podej\u015bcie do ka\u017cdego uczestnika, <strong>limitujemy liczb\u0119 miejsc do 15.<\/strong> Zapisz si\u0119 teraz i do\u0142\u0105cz do wybranej grupy os\u00f3b, kt\u00f3re chc\u0105 rozwija\u0107 si\u0119 w bran\u017cy odnawialnych \u017ar\u00f3de\u0142 energii.<\/p>\n<p>Dodatkowo, jako uczestnik naszej akademii, otrzymasz dost\u0119p do zamkni\u0119tego kana\u0142u komunikacyjnego, gdzie b\u0119dziesz m\u00f3g\u0142\/mog\u0142a wymienia\u0107 si\u0119 do\u015bwiadczeniami, pyta\u0107 o rad\u0119 i rozwija\u0107 siebie w otoczeniu os\u00f3b o podobnych pasjach i celach.<\/p>\n<p>Nasz program szkoleniowy jest przeznaczony zar\u00f3wno <strong>dla os\u00f3b, kt\u00f3re dopiero rozpoczynaj\u0105 swoj\u0105 przygod\u0119 z odnawialnymi \u017ar\u00f3d\u0142ami energii, jak i dla tych, kt\u00f3re maj\u0105 ju\u017c do\u015bwiadczenie w bran\u017cy<\/strong> i chc\u0105 poszerzy\u0107 swoj\u0105 wiedz\u0119 i umiej\u0119tno\u015bci sprzeda\u017cowe.<\/p>\n<p><strong>Zapisz si\u0119 teraz do &#8222;Akademii Sprzeda\u017cy Zielonej Energii&#8221; i rozpocznij swoj\u0105 drog\u0119 do sukcesu w bran\u017cy odnawialnych \u017ar\u00f3de\u0142 energii.<\/strong><\/p>\n<p>&nbsp;<\/p>\n<h3><strong>Cena: od 1.250,00 z\u0142 netto \/ miesi\u0105c<\/strong><\/h3>\n<h3><\/h3>\n<h3>Wi\u0119cej informacji:<\/h3>\n<p><strong>Martyna Ksi\u0119\u017cniakiewicz<\/strong><br \/>\n<em>Head of Operations and Business Development<br \/>\n<\/em><strong>tel. <a href=\"tel:793771002\">793 771 002<\/a><\/strong><br \/>\n<strong>email: <a href=\"mailto:martyna@mateuszmrozowski.pl\">martyna@mateuszmrozowski.pl<\/a><\/strong><\/p>\n","protected":false},"excerpt":{"rendered":"<p>Akademia Sprzeda\u017cy Zielonej Energii &#8211; 4-miesi\u0119czny program szkoleniowy Odkryj \u015bwiat odnawialnych \u017ar\u00f3de\u0142 energii i rozwi\u0144 swoje umiej\u0119tno\u015bci sprzeda\u017cowe z nasz\u0105 &#8222;Akademi\u0105 Sprzeda\u017cy Zielonej Energii&#8221;. Ten 4-miesi\u0119czny program szkoleniowy jest przeznaczony dla os\u00f3b, kt\u00f3re chc\u0105 rozwija\u0107 si\u0119 w bran\u017cy odnawialnych \u017ar\u00f3de\u0142 energii i poszukiwa\u0107 nowych mo\u017cliwo\u015bci biznesowych. Z nasz\u0105 akademi\u0105 otrzymasz dost\u0119p do profesjonalnie przygotowanych nagra\u0144 [&hellip;]<\/p>\n","protected":false},"featured_media":95992,"template":"","meta":{"_acf_changed":false,"content-type":""},"product_brand":[],"product_cat":[30,114],"product_tag":[],"class_list":{"0":"post-95836","1":"product","2":"type-product","3":"status-publish","4":"has-post-thumbnail","6":"product_cat-akademie","7":"product_cat-wszystkie-produkty","9":"first","10":"outofstock","11":"virtual","12":"sold-individually","13":"taxable","14":"purchasable","15":"product-type-simple"},"acf":[],"yoast_head":"<!-- This site is optimized with the Yoast SEO plugin v27.1.1 - https:\/\/yoast.com\/product\/yoast-seo-wordpress\/ -->\n<title>Akademia Sprzeda\u017cy dla Bran\u017cy OZE - Mateusz Mrozowski Trener Biznesu<\/title>\n<meta name=\"description\" content=\"[4msc] Akademia dla Handlowc\u00f3w z Mateuszem Mrozowskim \u2714\ufe0f Spotkania Na \u017bywo \u2714\ufe0f Nagrania z zaj\u0119\u0107 \u2714\ufe0fCertyfikowany Trener Biznesu \u2714\ufe0fZarezerwuj Miejsce Teraz \u00bb\" \/>\n<meta name=\"robots\" content=\"noindex, nofollow\" \/>\n<meta property=\"og:locale\" content=\"pl_PL\" \/>\n<meta property=\"og:type\" content=\"article\" \/>\n<meta property=\"og:title\" content=\"Akademia Sprzeda\u017cy dla Bran\u017cy OZE - Mateusz Mrozowski Trener Biznesu\" \/>\n<meta property=\"og:description\" content=\"[4msc] Akademia dla Handlowc\u00f3w z Mateuszem Mrozowskim \u2714\ufe0f Spotkania Na \u017bywo \u2714\ufe0f Nagrania z zaj\u0119\u0107 \u2714\ufe0fCertyfikowany Trener Biznesu \u2714\ufe0fZarezerwuj Miejsce Teraz \u00bb\" \/>\n<meta property=\"og:url\" content=\"https:\/\/mateuszmrozowski.pl\/sklep\/produkt\/akademia-sprzedazy-dla-branzy-oze\/\" \/>\n<meta property=\"og:site_name\" content=\"Mateusz Mrozowski Trener Biznesu\" \/>\n<meta property=\"article:publisher\" content=\"https:\/\/www.facebook.com\/mateuszmrozowskisiewca\" \/>\n<meta property=\"article:modified_time\" content=\"2025-03-01T17:33:15+00:00\" \/>\n<meta property=\"og:image\" content=\"https:\/\/mateuszmrozowski.pl\/sklep\/wp-content\/uploads\/2024\/06\/akademia-zielonej-energii-mrozowski.png\" \/>\n\t<meta property=\"og:image:width\" content=\"1200\" \/>\n\t<meta property=\"og:image:height\" content=\"1200\" \/>\n\t<meta property=\"og:image:type\" content=\"image\/png\" \/>\n<meta name=\"twitter:card\" content=\"summary_large_image\" \/>\n<meta name=\"twitter:label1\" content=\"Szacowany czas czytania\" \/>\n\t<meta name=\"twitter:data1\" content=\"3 minuty\" \/>\n<script type=\"application\/ld+json\" class=\"yoast-schema-graph\">{\"@context\":\"https:\/\/schema.org\",\"@graph\":[{\"@type\":\"WebPage\",\"@id\":\"https:\/\/mateuszmrozowski.pl\/sklep\/produkt\/akademia-sprzedazy-dla-branzy-oze\/\",\"url\":\"https:\/\/mateuszmrozowski.pl\/sklep\/produkt\/akademia-sprzedazy-dla-branzy-oze\/\",\"name\":\"Akademia Sprzeda\u017cy dla Bran\u017cy OZE - Mateusz Mrozowski Trener Biznesu\",\"isPartOf\":{\"@id\":\"https:\/\/mateuszmrozowski.pl\/sklep\/#website\"},\"primaryImageOfPage\":{\"@id\":\"https:\/\/mateuszmrozowski.pl\/sklep\/produkt\/akademia-sprzedazy-dla-branzy-oze\/#primaryimage\"},\"image\":{\"@id\":\"https:\/\/mateuszmrozowski.pl\/sklep\/produkt\/akademia-sprzedazy-dla-branzy-oze\/#primaryimage\"},\"thumbnailUrl\":\"https:\/\/mateuszmrozowski.pl\/sklep\/wp-content\/uploads\/2024\/06\/akademia-zielonej-energii-mrozowski.png\",\"datePublished\":\"2024-06-03T19:15:41+00:00\",\"dateModified\":\"2025-03-01T17:33:15+00:00\",\"description\":\"[4msc] Akademia dla Handlowc\u00f3w z Mateuszem Mrozowskim \u2714\ufe0f Spotkania Na \u017bywo \u2714\ufe0f Nagrania z zaj\u0119\u0107 \u2714\ufe0fCertyfikowany Trener Biznesu \u2714\ufe0fZarezerwuj Miejsce Teraz \u00bb\",\"breadcrumb\":{\"@id\":\"https:\/\/mateuszmrozowski.pl\/sklep\/produkt\/akademia-sprzedazy-dla-branzy-oze\/#breadcrumb\"},\"inLanguage\":\"pl-PL\",\"potentialAction\":[{\"@type\":\"ReadAction\",\"target\":[\"https:\/\/mateuszmrozowski.pl\/sklep\/produkt\/akademia-sprzedazy-dla-branzy-oze\/\"]}]},{\"@type\":\"ImageObject\",\"inLanguage\":\"pl-PL\",\"@id\":\"https:\/\/mateuszmrozowski.pl\/sklep\/produkt\/akademia-sprzedazy-dla-branzy-oze\/#primaryimage\",\"url\":\"https:\/\/mateuszmrozowski.pl\/sklep\/wp-content\/uploads\/2024\/06\/akademia-zielonej-energii-mrozowski.png\",\"contentUrl\":\"https:\/\/mateuszmrozowski.pl\/sklep\/wp-content\/uploads\/2024\/06\/akademia-zielonej-energii-mrozowski.png\",\"width\":1200,\"height\":1200},{\"@type\":\"BreadcrumbList\",\"@id\":\"https:\/\/mateuszmrozowski.pl\/sklep\/produkt\/akademia-sprzedazy-dla-branzy-oze\/#breadcrumb\",\"itemListElement\":[{\"@type\":\"ListItem\",\"position\":1,\"name\":\"Strona g\u0142\u00f3wna\",\"item\":\"https:\/\/mateuszmrozowski.pl\/sklep\/\"},{\"@type\":\"ListItem\",\"position\":2,\"name\":\"Szkolenia biznesowe i kursy sprzeda\u017cowe\",\"item\":\"https:\/\/mateuszmrozowski.pl\/sklep\/\"},{\"@type\":\"ListItem\",\"position\":3,\"name\":\"Akademie\",\"item\":\"https:\/\/mateuszmrozowski.pl\/sklep\/kategoria-produktu\/akademie\/\"},{\"@type\":\"ListItem\",\"position\":4,\"name\":\"Akademia Sprzeda\u017cy dla Bran\u017cy OZE\"}]},{\"@type\":\"WebSite\",\"@id\":\"https:\/\/mateuszmrozowski.pl\/sklep\/#website\",\"url\":\"https:\/\/mateuszmrozowski.pl\/sklep\/\",\"name\":\"Mateusz Mrozowski Trener biznesu\",\"description\":\"Walcz\u0119 o wynik dla firm z kt\u00f3rymi wsp\u00f3\u0142pracuj\u0119.\",\"publisher\":{\"@id\":\"https:\/\/mateuszmrozowski.pl\/sklep\/#organization\"},\"alternateName\":\"Mateusz Mrozowski\",\"potentialAction\":[{\"@type\":\"SearchAction\",\"target\":{\"@type\":\"EntryPoint\",\"urlTemplate\":\"https:\/\/mateuszmrozowski.pl\/sklep\/?s={search_term_string}\"},\"query-input\":{\"@type\":\"PropertyValueSpecification\",\"valueRequired\":true,\"valueName\":\"search_term_string\"}}],\"inLanguage\":\"pl-PL\"},{\"@type\":\"Organization\",\"@id\":\"https:\/\/mateuszmrozowski.pl\/sklep\/#organization\",\"name\":\"Mateusz Mrozowski Trener biznesu\",\"alternateName\":\"Mateusz Mrozowski\",\"url\":\"https:\/\/mateuszmrozowski.pl\/sklep\/\",\"logo\":{\"@type\":\"ImageObject\",\"inLanguage\":\"pl-PL\",\"@id\":\"https:\/\/mateuszmrozowski.pl\/sklep\/#\/schema\/logo\/image\/\",\"url\":\"https:\/\/mateuszmrozowski.pl\/sklep\/wp-content\/uploads\/2025\/03\/cropped-mateusz_mrozowski_logo.png\",\"contentUrl\":\"https:\/\/mateuszmrozowski.pl\/sklep\/wp-content\/uploads\/2025\/03\/cropped-mateusz_mrozowski_logo.png\",\"width\":236,\"height\":59,\"caption\":\"Mateusz Mrozowski Trener biznesu\"},\"image\":{\"@id\":\"https:\/\/mateuszmrozowski.pl\/sklep\/#\/schema\/logo\/image\/\"},\"sameAs\":[\"https:\/\/www.facebook.com\/mateuszmrozowskisiewca\",\"https:\/\/www.youtube.com\/channel\/UCI6FhECZ4GdL1TYU5oh5JDg\",\"https:\/\/www.instagram.com\/mrozowski.siewca\/\",\"https:\/\/www.linkedin.com\/in\/mateuszmrozowski\/\",\"https:\/\/maps.app.goo.gl\/Ee8wtgr6gx2CjEM68\",\"https:\/\/www.tiktok.com\/@mateuszmrozowskisiewca\"]}]}<\/script>\n<!-- \/ Yoast SEO plugin. -->","yoast_head_json":{"title":"Akademia Sprzeda\u017cy dla Bran\u017cy OZE - Mateusz Mrozowski Trener Biznesu","description":"[4msc] Akademia dla Handlowc\u00f3w z Mateuszem Mrozowskim \u2714\ufe0f Spotkania Na \u017bywo \u2714\ufe0f Nagrania z zaj\u0119\u0107 \u2714\ufe0fCertyfikowany Trener Biznesu \u2714\ufe0fZarezerwuj Miejsce Teraz \u00bb","robots":{"index":"noindex","follow":"nofollow"},"og_locale":"pl_PL","og_type":"article","og_title":"Akademia Sprzeda\u017cy dla Bran\u017cy OZE - Mateusz Mrozowski Trener Biznesu","og_description":"[4msc] Akademia dla Handlowc\u00f3w z Mateuszem Mrozowskim \u2714\ufe0f Spotkania Na \u017bywo \u2714\ufe0f Nagrania z zaj\u0119\u0107 \u2714\ufe0fCertyfikowany Trener Biznesu \u2714\ufe0fZarezerwuj Miejsce Teraz \u00bb","og_url":"https:\/\/mateuszmrozowski.pl\/sklep\/produkt\/akademia-sprzedazy-dla-branzy-oze\/","og_site_name":"Mateusz Mrozowski Trener Biznesu","article_publisher":"https:\/\/www.facebook.com\/mateuszmrozowskisiewca","article_modified_time":"2025-03-01T17:33:15+00:00","og_image":[{"width":1200,"height":1200,"url":"https:\/\/mateuszmrozowski.pl\/sklep\/wp-content\/uploads\/2024\/06\/akademia-zielonej-energii-mrozowski.png","type":"image\/png"}],"twitter_card":"summary_large_image","twitter_misc":{"Szacowany czas czytania":"3 minuty"},"schema":{"@context":"https:\/\/schema.org","@graph":[{"@type":"WebPage","@id":"https:\/\/mateuszmrozowski.pl\/sklep\/produkt\/akademia-sprzedazy-dla-branzy-oze\/","url":"https:\/\/mateuszmrozowski.pl\/sklep\/produkt\/akademia-sprzedazy-dla-branzy-oze\/","name":"Akademia Sprzeda\u017cy dla Bran\u017cy OZE - Mateusz Mrozowski Trener Biznesu","isPartOf":{"@id":"https:\/\/mateuszmrozowski.pl\/sklep\/#website"},"primaryImageOfPage":{"@id":"https:\/\/mateuszmrozowski.pl\/sklep\/produkt\/akademia-sprzedazy-dla-branzy-oze\/#primaryimage"},"image":{"@id":"https:\/\/mateuszmrozowski.pl\/sklep\/produkt\/akademia-sprzedazy-dla-branzy-oze\/#primaryimage"},"thumbnailUrl":"https:\/\/mateuszmrozowski.pl\/sklep\/wp-content\/uploads\/2024\/06\/akademia-zielonej-energii-mrozowski.png","datePublished":"2024-06-03T19:15:41+00:00","dateModified":"2025-03-01T17:33:15+00:00","description":"[4msc] Akademia dla Handlowc\u00f3w z Mateuszem Mrozowskim \u2714\ufe0f Spotkania Na \u017bywo \u2714\ufe0f Nagrania z zaj\u0119\u0107 \u2714\ufe0fCertyfikowany Trener Biznesu \u2714\ufe0fZarezerwuj Miejsce Teraz \u00bb","breadcrumb":{"@id":"https:\/\/mateuszmrozowski.pl\/sklep\/produkt\/akademia-sprzedazy-dla-branzy-oze\/#breadcrumb"},"inLanguage":"pl-PL","potentialAction":[{"@type":"ReadAction","target":["https:\/\/mateuszmrozowski.pl\/sklep\/produkt\/akademia-sprzedazy-dla-branzy-oze\/"]}]},{"@type":"ImageObject","inLanguage":"pl-PL","@id":"https:\/\/mateuszmrozowski.pl\/sklep\/produkt\/akademia-sprzedazy-dla-branzy-oze\/#primaryimage","url":"https:\/\/mateuszmrozowski.pl\/sklep\/wp-content\/uploads\/2024\/06\/akademia-zielonej-energii-mrozowski.png","contentUrl":"https:\/\/mateuszmrozowski.pl\/sklep\/wp-content\/uploads\/2024\/06\/akademia-zielonej-energii-mrozowski.png","width":1200,"height":1200},{"@type":"BreadcrumbList","@id":"https:\/\/mateuszmrozowski.pl\/sklep\/produkt\/akademia-sprzedazy-dla-branzy-oze\/#breadcrumb","itemListElement":[{"@type":"ListItem","position":1,"name":"Strona g\u0142\u00f3wna","item":"https:\/\/mateuszmrozowski.pl\/sklep\/"},{"@type":"ListItem","position":2,"name":"Szkolenia biznesowe i kursy sprzeda\u017cowe","item":"https:\/\/mateuszmrozowski.pl\/sklep\/"},{"@type":"ListItem","position":3,"name":"Akademie","item":"https:\/\/mateuszmrozowski.pl\/sklep\/kategoria-produktu\/akademie\/"},{"@type":"ListItem","position":4,"name":"Akademia Sprzeda\u017cy dla Bran\u017cy OZE"}]},{"@type":"WebSite","@id":"https:\/\/mateuszmrozowski.pl\/sklep\/#website","url":"https:\/\/mateuszmrozowski.pl\/sklep\/","name":"Mateusz Mrozowski Trener biznesu","description":"Walcz\u0119 o wynik dla firm z kt\u00f3rymi wsp\u00f3\u0142pracuj\u0119.","publisher":{"@id":"https:\/\/mateuszmrozowski.pl\/sklep\/#organization"},"alternateName":"Mateusz Mrozowski","potentialAction":[{"@type":"SearchAction","target":{"@type":"EntryPoint","urlTemplate":"https:\/\/mateuszmrozowski.pl\/sklep\/?s={search_term_string}"},"query-input":{"@type":"PropertyValueSpecification","valueRequired":true,"valueName":"search_term_string"}}],"inLanguage":"pl-PL"},{"@type":"Organization","@id":"https:\/\/mateuszmrozowski.pl\/sklep\/#organization","name":"Mateusz Mrozowski Trener biznesu","alternateName":"Mateusz Mrozowski","url":"https:\/\/mateuszmrozowski.pl\/sklep\/","logo":{"@type":"ImageObject","inLanguage":"pl-PL","@id":"https:\/\/mateuszmrozowski.pl\/sklep\/#\/schema\/logo\/image\/","url":"https:\/\/mateuszmrozowski.pl\/sklep\/wp-content\/uploads\/2025\/03\/cropped-mateusz_mrozowski_logo.png","contentUrl":"https:\/\/mateuszmrozowski.pl\/sklep\/wp-content\/uploads\/2025\/03\/cropped-mateusz_mrozowski_logo.png","width":236,"height":59,"caption":"Mateusz Mrozowski Trener biznesu"},"image":{"@id":"https:\/\/mateuszmrozowski.pl\/sklep\/#\/schema\/logo\/image\/"},"sameAs":["https:\/\/www.facebook.com\/mateuszmrozowskisiewca","https:\/\/www.youtube.com\/channel\/UCI6FhECZ4GdL1TYU5oh5JDg","https:\/\/www.instagram.com\/mrozowski.siewca\/","https:\/\/www.linkedin.com\/in\/mateuszmrozowski\/","https:\/\/maps.app.goo.gl\/Ee8wtgr6gx2CjEM68","https:\/\/www.tiktok.com\/@mateuszmrozowskisiewca"]}]}},"_links":{"self":[{"href":"https:\/\/mateuszmrozowski.pl\/sklep\/wp-json\/wp\/v2\/product\/95836","targetHints":{"allow":["GET"]}}],"collection":[{"href":"https:\/\/mateuszmrozowski.pl\/sklep\/wp-json\/wp\/v2\/product"}],"about":[{"href":"https:\/\/mateuszmrozowski.pl\/sklep\/wp-json\/wp\/v2\/types\/product"}],"wp:featuredmedia":[{"embeddable":true,"href":"https:\/\/mateuszmrozowski.pl\/sklep\/wp-json\/wp\/v2\/media\/95992"}],"wp:attachment":[{"href":"https:\/\/mateuszmrozowski.pl\/sklep\/wp-json\/wp\/v2\/media?parent=95836"}],"wp:term":[{"taxonomy":"product_brand","embeddable":true,"href":"https:\/\/mateuszmrozowski.pl\/sklep\/wp-json\/wp\/v2\/product_brand?post=95836"},{"taxonomy":"product_cat","embeddable":true,"href":"https:\/\/mateuszmrozowski.pl\/sklep\/wp-json\/wp\/v2\/product_cat?post=95836"},{"taxonomy":"product_tag","embeddable":true,"href":"https:\/\/mateuszmrozowski.pl\/sklep\/wp-json\/wp\/v2\/product_tag?post=95836"}],"curies":[{"name":"wp","href":"https:\/\/api.w.org\/{rel}","templated":true}]}}