{"id":94614,"date":"2024-02-11T21:48:22","date_gmt":"2024-02-11T21:48:22","guid":{"rendered":"https:\/\/mateuszmrozowski.pl\/sklep\/?post_type=product&#038;p=94614"},"modified":"2025-03-01T17:33:16","modified_gmt":"2025-03-01T17:33:16","slug":"mastermind-luty-2024","status":"publish","type":"product","link":"https:\/\/mateuszmrozowski.pl\/sklep\/produkt\/mastermind-luty-2024\/","title":{"rendered":"6h zaj\u0119\u0107 z Mateuszem Mrozowskim"},"content":{"rendered":"\n\n<div class=\"kk-star-ratings kksr-auto kksr-align-left kksr-valign-top kksr-disabled\"\n    data-payload='{&quot;align&quot;:&quot;left&quot;,&quot;id&quot;:&quot;94614&quot;,&quot;readonly&quot;:&quot;1&quot;,&quot;slug&quot;:&quot;default&quot;,&quot;valign&quot;:&quot;top&quot;,&quot;ignore&quot;:&quot;&quot;,&quot;reference&quot;:&quot;auto&quot;,&quot;class&quot;:&quot;&quot;,&quot;count&quot;:&quot;2&quot;,&quot;legendonly&quot;:&quot;&quot;,&quot;score&quot;:&quot;5&quot;,&quot;starsonly&quot;:&quot;&quot;,&quot;best&quot;:&quot;5&quot;,&quot;gap&quot;:&quot;5&quot;,&quot;greet&quot;:&quot;Wystaw ocen\u0119&quot;,&quot;legend&quot;:&quot;5\\\/5 - (2 ocen)&quot;,&quot;size&quot;:&quot;16&quot;,&quot;title&quot;:&quot;6h zaj\u0119\u0107 z Mateuszem Mrozowskim&quot;,&quot;width&quot;:&quot;102.5&quot;,&quot;_legend&quot;:&quot;{score}\\\/{best} - ({count} ocen)&quot;,&quot;font_factor&quot;:&quot;1.25&quot;}'>\n            \n<div class=\"kksr-stars\">\n    \n<div class=\"kksr-stars-inactive\">\n            <div class=\"kksr-star\" data-star=\"1\" style=\"padding-right: 5px\">\n            \n\n<div class=\"kksr-icon\" style=\"width: 16px; height: 16px;\"><\/div>\n        <\/div>\n            <div class=\"kksr-star\" data-star=\"2\" style=\"padding-right: 5px\">\n            \n\n<div class=\"kksr-icon\" style=\"width: 16px; height: 16px;\"><\/div>\n        <\/div>\n            <div class=\"kksr-star\" data-star=\"3\" style=\"padding-right: 5px\">\n            \n\n<div class=\"kksr-icon\" style=\"width: 16px; height: 16px;\"><\/div>\n        <\/div>\n            <div class=\"kksr-star\" data-star=\"4\" style=\"padding-right: 5px\">\n            \n\n<div class=\"kksr-icon\" style=\"width: 16px; height: 16px;\"><\/div>\n        <\/div>\n            <div class=\"kksr-star\" data-star=\"5\" style=\"padding-right: 5px\">\n            \n\n<div class=\"kksr-icon\" style=\"width: 16px; height: 16px;\"><\/div>\n        <\/div>\n    <\/div>\n    \n<div class=\"kksr-stars-active\" style=\"width: 102.5px;\">\n            <div class=\"kksr-star\" style=\"padding-right: 5px\">\n            \n\n<div class=\"kksr-icon\" style=\"width: 16px; height: 16px;\"><\/div>\n        <\/div>\n            <div class=\"kksr-star\" style=\"padding-right: 5px\">\n            \n\n<div class=\"kksr-icon\" style=\"width: 16px; height: 16px;\"><\/div>\n        <\/div>\n            <div class=\"kksr-star\" style=\"padding-right: 5px\">\n            \n\n<div class=\"kksr-icon\" style=\"width: 16px; height: 16px;\"><\/div>\n        <\/div>\n            <div class=\"kksr-star\" style=\"padding-right: 5px\">\n            \n\n<div class=\"kksr-icon\" style=\"width: 16px; height: 16px;\"><\/div>\n        <\/div>\n            <div class=\"kksr-star\" style=\"padding-right: 5px\">\n            \n\n<div class=\"kksr-icon\" style=\"width: 16px; height: 16px;\"><\/div>\n        <\/div>\n    <\/div>\n<\/div>\n                \n\n<div class=\"kksr-legend\" style=\"font-size: 12.8px;\">\n            5\/5 - (2 ocen)    <\/div>\n    <\/div>\n<h2 class=\"\" data-sourcepos=\"1:1-1:74\">Odkryj tajniki skutecznej sprzeda\u017cy z Mastermind Mateusza Mrozowskiego!<\/h2>\n<p data-sourcepos=\"3:1-3:44\"><strong>Zwi\u0119ksz sprzeda\u017c i pewno\u015b\u0107 siebie dzi\u0119ki 6 godzinom intensywnych warsztat\u00f3w na \u017cywo z cenionym ekspertem!<\/strong><\/p>\n<h3 class=\"\" data-sourcepos=\"5:1-5:23\">Czego si\u0119 nauczysz?<\/h3>\n<ul data-sourcepos=\"7:1-7:7\">\n<li data-sourcepos=\"7:1-7:7\"><strong>Najnowsze tipy sprzeda\u017cowe:<\/strong>\u00a0Poznaj sprawdzone techniki i strategie,\u00a0kt\u00f3re pomog\u0105 Ci zamkn\u0105\u0107 wi\u0119cej transakcji i zwi\u0119kszy\u0107 zysk.<\/li>\n<li data-sourcepos=\"8:1-8:116\"><strong>J\u0119zyki prezentowania:<\/strong>\u00a0Wyjd\u017a poza j\u0119zyk korzy\u015bci i naucz si\u0119 anga\u017cowa\u0107 klient\u00f3w na g\u0142\u0119bszym poziomie,\u00a0wykorzystuj\u0105c r\u00f3\u017cne techniki perswazji.<\/li>\n<li data-sourcepos=\"9:1-9:147\"><strong>3 aspekty decyzyjno\u015bci klienta:<\/strong>\u00a0Zrozum,\u00a0jak klienci podejmuj\u0105 decyzje zakupowe i wykorzystaj t\u0119 wiedz\u0119,\u00a0aby skutecznie wp\u0142ywa\u0107 na ich proces.<\/li>\n<li data-sourcepos=\"10:1-11:0\"><strong>Zrozumienie strachu w sprzeda\u017cy:<\/strong>\u00a0Naucz si\u0119 rozpoznawa\u0107 i niwelowa\u0107 bariery zakupowe,\u00a0kt\u00f3re powstrzymuj\u0105 klient\u00f3w przed zakupem.<\/li>\n<\/ul>\n<h3 class=\"\" data-sourcepos=\"12:1-12:30\">Dla kogo jest ten program?<\/h3>\n<ul data-sourcepos=\"14:1-14:110\">\n<li data-sourcepos=\"14:1-14:110\"><strong>Handlowcy:<\/strong>\u00a0Do\u015bwiadczeni i pocz\u0105tkuj\u0105cy,\u00a0kt\u00f3rzy chc\u0105 udoskonali\u0107 swoje umiej\u0119tno\u015bci i zwi\u0119kszy\u0107 sprzeda\u017c.<\/li>\n<li data-sourcepos=\"15:1-15:104\"><strong>Przedsi\u0119biorcy:<\/strong>\u00a0W\u0142a\u015bciciele firm,\u00a0kt\u00f3rzy chc\u0105 budowa\u0107 silne relacje z klientami i zwi\u0119ksza\u0107 zyski.<\/li>\n<li data-sourcepos=\"16:1-16:100\"><strong>Dyrektorzy sprzeda\u017cy:<\/strong>\u00a0Osoby odpowiedzialne za budowanie i zarz\u0105dzanie zespo\u0142ami sprzeda\u017cowymi.<\/li>\n<li data-sourcepos=\"17:1-18:0\"><strong>Freelancerzy:<\/strong>\u00a0Osoby pracuj\u0105ce na w\u0142asny rachunek,\u00a0kt\u00f3re chc\u0105 pozyska\u0107 wi\u0119cej klient\u00f3w i zbudowa\u0107 siln\u0105 mark\u0119 osobist\u0105.<\/li>\n<\/ul>\n<h3 class=\"\" data-sourcepos=\"19:1-19:17\">Co otrzymasz?<\/h3>\n<ul data-sourcepos=\"21:1-24:117\">\n<li data-sourcepos=\"21:1-21:105\"><strong>6 godzin zaj\u0119\u0107 na \u017cywo z Mateuszem Mrozowskim:<\/strong>\u00a0Warsztaty odbywaj\u0105 si\u0119 raz w tygodniu po 1 godzinie.<\/li>\n<li data-sourcepos=\"22:1-22:181\"><strong>Dost\u0119p do nagra\u0144 zaj\u0119\u0107:<\/strong>\u00a0Bez wzgl\u0119du na to,\u00a0czy nie mo\u017cesz uczestniczy\u0107 w zaj\u0119ciach na \u017cywo,\u00a0czy po prostu chcesz je obejrze\u0107 ponownie,\u00a0b\u0119dziesz mie\u0107 do nich dost\u0119p bez limitu.<\/li>\n<li data-sourcepos=\"23:1-23:135\"><strong>Dost\u0119p do materia\u0142\u00f3w edukacyjnych:<\/strong>\u00a0Pobierz slajdy,\u00a0skrypty i inne materia\u0142y,\u00a0aby m\u00f3c kontynuowa\u0107 nauk\u0119 po zako\u0144czeniu warsztat\u00f3w.<\/li>\n<li data-sourcepos=\"24:1-24:117\"><strong>Mo\u017cliwo\u015b\u0107 zadawania pyta\u0144:<\/strong> Podczas zaj\u0119\u0107 i na zamkni\u0119tym kanale komunikacyjnym b\u0119dziesz mie\u0107 okazj\u0119 zadawa\u0107 pytania Mateuszowi Mrozowskiemu i uzyska\u0107 odpowiedzi na nurtuj\u0105ce Ci\u0119 kwestie.<\/li>\n<li data-sourcepos=\"25:1-26:0\"><strong>Certyfikat uko\u0144czenia:<\/strong>\u00a0Po zako\u0144czeniu programu otrzymasz certyfikat potwierdzaj\u0105cy Twoje uczestnictwo.<\/li>\n<\/ul>\n<h3 class=\"\" data-sourcepos=\"27:1-27:35\">Korzy\u015bci z udzia\u0142u w programie:<\/h3>\n<ul data-sourcepos=\"29:1-33:0\">\n<li data-sourcepos=\"29:1-29:110\"><strong>Zwi\u0119kszysz sprzeda\u017c:<\/strong>\u00a0Naucz si\u0119 skutecznych technik sprzeda\u017cy,\u00a0kt\u00f3re pomog\u0105 Ci zamkn\u0105\u0107 wi\u0119cej transakcji.<\/li>\n<li data-sourcepos=\"30:1-30:127\"><strong>Zwi\u0119kszysz pewno\u015b\u0107 siebie:<\/strong>\u00a0Zdobycie nowych umiej\u0119tno\u015bci i wiedzy wzmocni Twoj\u0105 pewno\u015b\u0107 siebie podczas rozm\u00f3w z klientami.<\/li>\n<li data-sourcepos=\"31:1-31:109\"><strong>Zbudujesz silniejsze relacje z klientami:<\/strong>\u00a0Naucz si\u0119 budowa\u0107 zaufanie i lojalno\u015b\u0107 w\u015br\u00f3d swoich klient\u00f3w.<\/li>\n<li data-sourcepos=\"32:1-33:0\"><strong>Zwi\u0119kszysz zyski:<\/strong>\u00a0Skuteczna sprzeda\u017c i budowanie relacji z klientami prze\u0142o\u017cy si\u0119 na wzrost zysk\u00f3w Twojej firmy.<\/li>\n<\/ul>\n<h3 class=\"\" data-sourcepos=\"34:1-34:27\">Inwestuj w sw\u00f3j rozw\u00f3j!<\/h3>\n<p data-sourcepos=\"36:1-36:209\">Program Mastermind to doskona\u0142a okazja, aby uczy\u0107 si\u0119 od najlepszych i zdoby\u0107 nowe umiej\u0119tno\u015bci, kt\u00f3re pomog\u0105 Ci osi\u0105gn\u0105\u0107 sukces w sprzeda\u017cy. Inwestuj\u0105c w sw\u00f3j rozw\u00f3j, inwestujesz w przysz\u0142o\u015b\u0107 swojego biznesu!<\/p>\n<p data-sourcepos=\"38:1-38:73\"><strong>Zapisz si\u0119 ju\u017c dzi\u015b i zr\u00f3b pierwszy krok do zwi\u0119kszenia sprzeda\u017cy i budowania silniejszych relacji z klientami!<\/strong><\/p>\n","protected":false},"excerpt":{"rendered":"<p>Odkryj tajniki skutecznej sprzeda\u017cy z Mastermind Mateusza Mrozowskiego! Zwi\u0119ksz sprzeda\u017c i pewno\u015b\u0107 siebie dzi\u0119ki 6 godzinom intensywnych warsztat\u00f3w na \u017cywo z cenionym ekspertem! Czego si\u0119 nauczysz? Najnowsze tipy sprzeda\u017cowe:\u00a0Poznaj sprawdzone techniki i strategie,\u00a0kt\u00f3re pomog\u0105 Ci zamkn\u0105\u0107 wi\u0119cej transakcji i zwi\u0119kszy\u0107 zysk. J\u0119zyki prezentowania:\u00a0Wyjd\u017a poza j\u0119zyk korzy\u015bci i naucz si\u0119 anga\u017cowa\u0107 klient\u00f3w na g\u0142\u0119bszym poziomie,\u00a0wykorzystuj\u0105c r\u00f3\u017cne [&hellip;]<\/p>\n","protected":false},"featured_media":94071,"template":"","meta":{"_acf_changed":false,"content-type":""},"product_brand":[],"product_cat":[30,114],"product_tag":[],"class_list":{"0":"post-94614","1":"product","2":"type-product","3":"status-publish","4":"has-post-thumbnail","6":"product_cat-akademie","7":"product_cat-wszystkie-produkty","9":"first","10":"outofstock","11":"sale","12":"virtual","13":"sold-individually","14":"taxable","15":"purchasable","16":"product-type-simple"},"acf":[],"yoast_head":"<!-- This site is optimized with the Yoast SEO plugin v27.1.1 - https:\/\/yoast.com\/product\/yoast-seo-wordpress\/ -->\n<title>6h zaj\u0119\u0107 z Mateuszem Mrozowskim - Mateusz Mrozowski Trener Biznesu<\/title>\n<meta name=\"robots\" content=\"noindex, nofollow\" \/>\n<meta property=\"og:locale\" content=\"pl_PL\" \/>\n<meta property=\"og:type\" content=\"article\" \/>\n<meta property=\"og:title\" content=\"6h zaj\u0119\u0107 z Mateuszem Mrozowskim - Mateusz Mrozowski Trener Biznesu\" \/>\n<meta property=\"og:description\" content=\"Odkryj tajniki skutecznej sprzeda\u017cy z Mastermind Mateusza Mrozowskiego! Zwi\u0119ksz sprzeda\u017c i pewno\u015b\u0107 siebie dzi\u0119ki 6 godzinom intensywnych warsztat\u00f3w na \u017cywo z cenionym ekspertem! Czego si\u0119 nauczysz? Najnowsze tipy sprzeda\u017cowe:\u00a0Poznaj sprawdzone techniki i strategie,\u00a0kt\u00f3re pomog\u0105 Ci zamkn\u0105\u0107 wi\u0119cej transakcji i zwi\u0119kszy\u0107 zysk. J\u0119zyki prezentowania:\u00a0Wyjd\u017a poza j\u0119zyk korzy\u015bci i naucz si\u0119 anga\u017cowa\u0107 klient\u00f3w na g\u0142\u0119bszym poziomie,\u00a0wykorzystuj\u0105c r\u00f3\u017cne [&hellip;]\" \/>\n<meta property=\"og:url\" content=\"https:\/\/mateuszmrozowski.pl\/sklep\/produkt\/mastermind-luty-2024\/\" \/>\n<meta property=\"og:site_name\" content=\"Mateusz Mrozowski Trener Biznesu\" \/>\n<meta property=\"article:publisher\" content=\"https:\/\/www.facebook.com\/mateuszmrozowskisiewca\" \/>\n<meta property=\"article:modified_time\" content=\"2025-03-01T17:33:16+00:00\" \/>\n<meta property=\"og:image\" content=\"https:\/\/mateuszmrozowski.pl\/sklep\/wp-content\/uploads\/2024\/01\/mrozowski-zajecia-live.jpg\" \/>\n\t<meta property=\"og:image:width\" content=\"1080\" \/>\n\t<meta property=\"og:image:height\" content=\"1080\" \/>\n\t<meta property=\"og:image:type\" content=\"image\/jpeg\" \/>\n<meta name=\"twitter:card\" content=\"summary_large_image\" \/>\n<meta name=\"twitter:label1\" content=\"Szacowany czas czytania\" \/>\n\t<meta name=\"twitter:data1\" content=\"3 minuty\" \/>\n<script type=\"application\/ld+json\" class=\"yoast-schema-graph\">{\"@context\":\"https:\/\/schema.org\",\"@graph\":[{\"@type\":\"WebPage\",\"@id\":\"https:\/\/mateuszmrozowski.pl\/sklep\/produkt\/mastermind-luty-2024\/\",\"url\":\"https:\/\/mateuszmrozowski.pl\/sklep\/produkt\/mastermind-luty-2024\/\",\"name\":\"6h zaj\u0119\u0107 z Mateuszem Mrozowskim - Mateusz Mrozowski Trener Biznesu\",\"isPartOf\":{\"@id\":\"https:\/\/mateuszmrozowski.pl\/sklep\/#website\"},\"primaryImageOfPage\":{\"@id\":\"https:\/\/mateuszmrozowski.pl\/sklep\/produkt\/mastermind-luty-2024\/#primaryimage\"},\"image\":{\"@id\":\"https:\/\/mateuszmrozowski.pl\/sklep\/produkt\/mastermind-luty-2024\/#primaryimage\"},\"thumbnailUrl\":\"https:\/\/mateuszmrozowski.pl\/sklep\/wp-content\/uploads\/2024\/01\/mrozowski-zajecia-live.jpg\",\"datePublished\":\"2024-02-11T21:48:22+00:00\",\"dateModified\":\"2025-03-01T17:33:16+00:00\",\"breadcrumb\":{\"@id\":\"https:\/\/mateuszmrozowski.pl\/sklep\/produkt\/mastermind-luty-2024\/#breadcrumb\"},\"inLanguage\":\"pl-PL\",\"potentialAction\":[{\"@type\":\"ReadAction\",\"target\":[\"https:\/\/mateuszmrozowski.pl\/sklep\/produkt\/mastermind-luty-2024\/\"]}]},{\"@type\":\"ImageObject\",\"inLanguage\":\"pl-PL\",\"@id\":\"https:\/\/mateuszmrozowski.pl\/sklep\/produkt\/mastermind-luty-2024\/#primaryimage\",\"url\":\"https:\/\/mateuszmrozowski.pl\/sklep\/wp-content\/uploads\/2024\/01\/mrozowski-zajecia-live.jpg\",\"contentUrl\":\"https:\/\/mateuszmrozowski.pl\/sklep\/wp-content\/uploads\/2024\/01\/mrozowski-zajecia-live.jpg\",\"width\":1080,\"height\":1080},{\"@type\":\"BreadcrumbList\",\"@id\":\"https:\/\/mateuszmrozowski.pl\/sklep\/produkt\/mastermind-luty-2024\/#breadcrumb\",\"itemListElement\":[{\"@type\":\"ListItem\",\"position\":1,\"name\":\"Strona g\u0142\u00f3wna\",\"item\":\"https:\/\/mateuszmrozowski.pl\/sklep\/\"},{\"@type\":\"ListItem\",\"position\":2,\"name\":\"Szkolenia biznesowe i kursy sprzeda\u017cowe\",\"item\":\"https:\/\/mateuszmrozowski.pl\/sklep\/\"},{\"@type\":\"ListItem\",\"position\":3,\"name\":\"Akademie\",\"item\":\"https:\/\/mateuszmrozowski.pl\/sklep\/kategoria-produktu\/akademie\/\"},{\"@type\":\"ListItem\",\"position\":4,\"name\":\"6h zaj\u0119\u0107 z Mateuszem Mrozowskim\"}]},{\"@type\":\"WebSite\",\"@id\":\"https:\/\/mateuszmrozowski.pl\/sklep\/#website\",\"url\":\"https:\/\/mateuszmrozowski.pl\/sklep\/\",\"name\":\"Mateusz Mrozowski Trener biznesu\",\"description\":\"Walcz\u0119 o wynik dla firm z kt\u00f3rymi wsp\u00f3\u0142pracuj\u0119.\",\"publisher\":{\"@id\":\"https:\/\/mateuszmrozowski.pl\/sklep\/#organization\"},\"alternateName\":\"Mateusz Mrozowski\",\"potentialAction\":[{\"@type\":\"SearchAction\",\"target\":{\"@type\":\"EntryPoint\",\"urlTemplate\":\"https:\/\/mateuszmrozowski.pl\/sklep\/?s={search_term_string}\"},\"query-input\":{\"@type\":\"PropertyValueSpecification\",\"valueRequired\":true,\"valueName\":\"search_term_string\"}}],\"inLanguage\":\"pl-PL\"},{\"@type\":\"Organization\",\"@id\":\"https:\/\/mateuszmrozowski.pl\/sklep\/#organization\",\"name\":\"Mateusz Mrozowski Trener biznesu\",\"alternateName\":\"Mateusz Mrozowski\",\"url\":\"https:\/\/mateuszmrozowski.pl\/sklep\/\",\"logo\":{\"@type\":\"ImageObject\",\"inLanguage\":\"pl-PL\",\"@id\":\"https:\/\/mateuszmrozowski.pl\/sklep\/#\/schema\/logo\/image\/\",\"url\":\"https:\/\/mateuszmrozowski.pl\/sklep\/wp-content\/uploads\/2025\/03\/cropped-mateusz_mrozowski_logo.png\",\"contentUrl\":\"https:\/\/mateuszmrozowski.pl\/sklep\/wp-content\/uploads\/2025\/03\/cropped-mateusz_mrozowski_logo.png\",\"width\":236,\"height\":59,\"caption\":\"Mateusz Mrozowski Trener biznesu\"},\"image\":{\"@id\":\"https:\/\/mateuszmrozowski.pl\/sklep\/#\/schema\/logo\/image\/\"},\"sameAs\":[\"https:\/\/www.facebook.com\/mateuszmrozowskisiewca\",\"https:\/\/www.youtube.com\/channel\/UCI6FhECZ4GdL1TYU5oh5JDg\",\"https:\/\/www.instagram.com\/mrozowski.siewca\/\",\"https:\/\/www.linkedin.com\/in\/mateuszmrozowski\/\",\"https:\/\/maps.app.goo.gl\/Ee8wtgr6gx2CjEM68\",\"https:\/\/www.tiktok.com\/@mateuszmrozowskisiewca\"]}]}<\/script>\n<!-- \/ Yoast SEO plugin. -->","yoast_head_json":{"title":"6h zaj\u0119\u0107 z Mateuszem Mrozowskim - Mateusz Mrozowski Trener Biznesu","robots":{"index":"noindex","follow":"nofollow"},"og_locale":"pl_PL","og_type":"article","og_title":"6h zaj\u0119\u0107 z Mateuszem Mrozowskim - Mateusz Mrozowski Trener Biznesu","og_description":"Odkryj tajniki skutecznej sprzeda\u017cy z Mastermind Mateusza Mrozowskiego! Zwi\u0119ksz sprzeda\u017c i pewno\u015b\u0107 siebie dzi\u0119ki 6 godzinom intensywnych warsztat\u00f3w na \u017cywo z cenionym ekspertem! Czego si\u0119 nauczysz? Najnowsze tipy sprzeda\u017cowe:\u00a0Poznaj sprawdzone techniki i strategie,\u00a0kt\u00f3re pomog\u0105 Ci zamkn\u0105\u0107 wi\u0119cej transakcji i zwi\u0119kszy\u0107 zysk. J\u0119zyki prezentowania:\u00a0Wyjd\u017a poza j\u0119zyk korzy\u015bci i naucz si\u0119 anga\u017cowa\u0107 klient\u00f3w na g\u0142\u0119bszym poziomie,\u00a0wykorzystuj\u0105c r\u00f3\u017cne [&hellip;]","og_url":"https:\/\/mateuszmrozowski.pl\/sklep\/produkt\/mastermind-luty-2024\/","og_site_name":"Mateusz Mrozowski Trener Biznesu","article_publisher":"https:\/\/www.facebook.com\/mateuszmrozowskisiewca","article_modified_time":"2025-03-01T17:33:16+00:00","og_image":[{"width":1080,"height":1080,"url":"https:\/\/mateuszmrozowski.pl\/sklep\/wp-content\/uploads\/2024\/01\/mrozowski-zajecia-live.jpg","type":"image\/jpeg"}],"twitter_card":"summary_large_image","twitter_misc":{"Szacowany czas czytania":"3 minuty"},"schema":{"@context":"https:\/\/schema.org","@graph":[{"@type":"WebPage","@id":"https:\/\/mateuszmrozowski.pl\/sklep\/produkt\/mastermind-luty-2024\/","url":"https:\/\/mateuszmrozowski.pl\/sklep\/produkt\/mastermind-luty-2024\/","name":"6h zaj\u0119\u0107 z Mateuszem Mrozowskim - Mateusz Mrozowski Trener Biznesu","isPartOf":{"@id":"https:\/\/mateuszmrozowski.pl\/sklep\/#website"},"primaryImageOfPage":{"@id":"https:\/\/mateuszmrozowski.pl\/sklep\/produkt\/mastermind-luty-2024\/#primaryimage"},"image":{"@id":"https:\/\/mateuszmrozowski.pl\/sklep\/produkt\/mastermind-luty-2024\/#primaryimage"},"thumbnailUrl":"https:\/\/mateuszmrozowski.pl\/sklep\/wp-content\/uploads\/2024\/01\/mrozowski-zajecia-live.jpg","datePublished":"2024-02-11T21:48:22+00:00","dateModified":"2025-03-01T17:33:16+00:00","breadcrumb":{"@id":"https:\/\/mateuszmrozowski.pl\/sklep\/produkt\/mastermind-luty-2024\/#breadcrumb"},"inLanguage":"pl-PL","potentialAction":[{"@type":"ReadAction","target":["https:\/\/mateuszmrozowski.pl\/sklep\/produkt\/mastermind-luty-2024\/"]}]},{"@type":"ImageObject","inLanguage":"pl-PL","@id":"https:\/\/mateuszmrozowski.pl\/sklep\/produkt\/mastermind-luty-2024\/#primaryimage","url":"https:\/\/mateuszmrozowski.pl\/sklep\/wp-content\/uploads\/2024\/01\/mrozowski-zajecia-live.jpg","contentUrl":"https:\/\/mateuszmrozowski.pl\/sklep\/wp-content\/uploads\/2024\/01\/mrozowski-zajecia-live.jpg","width":1080,"height":1080},{"@type":"BreadcrumbList","@id":"https:\/\/mateuszmrozowski.pl\/sklep\/produkt\/mastermind-luty-2024\/#breadcrumb","itemListElement":[{"@type":"ListItem","position":1,"name":"Strona g\u0142\u00f3wna","item":"https:\/\/mateuszmrozowski.pl\/sklep\/"},{"@type":"ListItem","position":2,"name":"Szkolenia biznesowe i kursy sprzeda\u017cowe","item":"https:\/\/mateuszmrozowski.pl\/sklep\/"},{"@type":"ListItem","position":3,"name":"Akademie","item":"https:\/\/mateuszmrozowski.pl\/sklep\/kategoria-produktu\/akademie\/"},{"@type":"ListItem","position":4,"name":"6h zaj\u0119\u0107 z Mateuszem Mrozowskim"}]},{"@type":"WebSite","@id":"https:\/\/mateuszmrozowski.pl\/sklep\/#website","url":"https:\/\/mateuszmrozowski.pl\/sklep\/","name":"Mateusz Mrozowski Trener biznesu","description":"Walcz\u0119 o wynik dla firm z kt\u00f3rymi wsp\u00f3\u0142pracuj\u0119.","publisher":{"@id":"https:\/\/mateuszmrozowski.pl\/sklep\/#organization"},"alternateName":"Mateusz Mrozowski","potentialAction":[{"@type":"SearchAction","target":{"@type":"EntryPoint","urlTemplate":"https:\/\/mateuszmrozowski.pl\/sklep\/?s={search_term_string}"},"query-input":{"@type":"PropertyValueSpecification","valueRequired":true,"valueName":"search_term_string"}}],"inLanguage":"pl-PL"},{"@type":"Organization","@id":"https:\/\/mateuszmrozowski.pl\/sklep\/#organization","name":"Mateusz Mrozowski Trener biznesu","alternateName":"Mateusz Mrozowski","url":"https:\/\/mateuszmrozowski.pl\/sklep\/","logo":{"@type":"ImageObject","inLanguage":"pl-PL","@id":"https:\/\/mateuszmrozowski.pl\/sklep\/#\/schema\/logo\/image\/","url":"https:\/\/mateuszmrozowski.pl\/sklep\/wp-content\/uploads\/2025\/03\/cropped-mateusz_mrozowski_logo.png","contentUrl":"https:\/\/mateuszmrozowski.pl\/sklep\/wp-content\/uploads\/2025\/03\/cropped-mateusz_mrozowski_logo.png","width":236,"height":59,"caption":"Mateusz Mrozowski Trener biznesu"},"image":{"@id":"https:\/\/mateuszmrozowski.pl\/sklep\/#\/schema\/logo\/image\/"},"sameAs":["https:\/\/www.facebook.com\/mateuszmrozowskisiewca","https:\/\/www.youtube.com\/channel\/UCI6FhECZ4GdL1TYU5oh5JDg","https:\/\/www.instagram.com\/mrozowski.siewca\/","https:\/\/www.linkedin.com\/in\/mateuszmrozowski\/","https:\/\/maps.app.goo.gl\/Ee8wtgr6gx2CjEM68","https:\/\/www.tiktok.com\/@mateuszmrozowskisiewca"]}]}},"_links":{"self":[{"href":"https:\/\/mateuszmrozowski.pl\/sklep\/wp-json\/wp\/v2\/product\/94614","targetHints":{"allow":["GET"]}}],"collection":[{"href":"https:\/\/mateuszmrozowski.pl\/sklep\/wp-json\/wp\/v2\/product"}],"about":[{"href":"https:\/\/mateuszmrozowski.pl\/sklep\/wp-json\/wp\/v2\/types\/product"}],"wp:featuredmedia":[{"embeddable":true,"href":"https:\/\/mateuszmrozowski.pl\/sklep\/wp-json\/wp\/v2\/media\/94071"}],"wp:attachment":[{"href":"https:\/\/mateuszmrozowski.pl\/sklep\/wp-json\/wp\/v2\/media?parent=94614"}],"wp:term":[{"taxonomy":"product_brand","embeddable":true,"href":"https:\/\/mateuszmrozowski.pl\/sklep\/wp-json\/wp\/v2\/product_brand?post=94614"},{"taxonomy":"product_cat","embeddable":true,"href":"https:\/\/mateuszmrozowski.pl\/sklep\/wp-json\/wp\/v2\/product_cat?post=94614"},{"taxonomy":"product_tag","embeddable":true,"href":"https:\/\/mateuszmrozowski.pl\/sklep\/wp-json\/wp\/v2\/product_tag?post=94614"}],"curies":[{"name":"wp","href":"https:\/\/api.w.org\/{rel}","templated":true}]}}