{"id":93728,"date":"2023-12-01T23:10:53","date_gmt":"2023-12-01T23:10:53","guid":{"rendered":"https:\/\/mateuszmrozowski.pl\/sklep\/?post_type=product&#038;p=93728"},"modified":"2025-06-04T15:36:56","modified_gmt":"2025-06-04T15:36:56","slug":"akademia-liderow-i-biznesu","status":"publish","type":"product","link":"https:\/\/mateuszmrozowski.pl\/sklep\/produkt\/akademia-liderow-i-biznesu\/","title":{"rendered":"Akademia Zarz\u0105dzania"},"content":{"rendered":"\n\n<div class=\"kk-star-ratings kksr-auto kksr-align-left kksr-valign-top kksr-disabled\"\n    data-payload='{&quot;align&quot;:&quot;left&quot;,&quot;id&quot;:&quot;93728&quot;,&quot;readonly&quot;:&quot;1&quot;,&quot;slug&quot;:&quot;default&quot;,&quot;valign&quot;:&quot;top&quot;,&quot;ignore&quot;:&quot;&quot;,&quot;reference&quot;:&quot;auto&quot;,&quot;class&quot;:&quot;&quot;,&quot;count&quot;:&quot;14&quot;,&quot;legendonly&quot;:&quot;&quot;,&quot;score&quot;:&quot;4.1&quot;,&quot;starsonly&quot;:&quot;&quot;,&quot;best&quot;:&quot;5&quot;,&quot;gap&quot;:&quot;5&quot;,&quot;greet&quot;:&quot;Wystaw ocen\u0119&quot;,&quot;legend&quot;:&quot;4.1\\\/5 - (14 ocen)&quot;,&quot;size&quot;:&quot;16&quot;,&quot;title&quot;:&quot;Akademia Zarz\u0105dzania&quot;,&quot;width&quot;:&quot;83.6&quot;,&quot;_legend&quot;:&quot;{score}\\\/{best} - ({count} ocen)&quot;,&quot;font_factor&quot;:&quot;1.25&quot;}'>\n            \n<div class=\"kksr-stars\">\n    \n<div class=\"kksr-stars-inactive\">\n            <div class=\"kksr-star\" data-star=\"1\" style=\"padding-right: 5px\">\n            \n\n<div class=\"kksr-icon\" style=\"width: 16px; height: 16px;\"><\/div>\n        <\/div>\n            <div class=\"kksr-star\" data-star=\"2\" style=\"padding-right: 5px\">\n            \n\n<div class=\"kksr-icon\" style=\"width: 16px; height: 16px;\"><\/div>\n        <\/div>\n            <div class=\"kksr-star\" data-star=\"3\" style=\"padding-right: 5px\">\n            \n\n<div class=\"kksr-icon\" style=\"width: 16px; height: 16px;\"><\/div>\n        <\/div>\n            <div class=\"kksr-star\" data-star=\"4\" style=\"padding-right: 5px\">\n            \n\n<div class=\"kksr-icon\" style=\"width: 16px; height: 16px;\"><\/div>\n        <\/div>\n            <div class=\"kksr-star\" data-star=\"5\" style=\"padding-right: 5px\">\n            \n\n<div class=\"kksr-icon\" style=\"width: 16px; height: 16px;\"><\/div>\n        <\/div>\n    <\/div>\n    \n<div class=\"kksr-stars-active\" style=\"width: 83.6px;\">\n            <div class=\"kksr-star\" style=\"padding-right: 5px\">\n            \n\n<div class=\"kksr-icon\" style=\"width: 16px; height: 16px;\"><\/div>\n        <\/div>\n            <div class=\"kksr-star\" style=\"padding-right: 5px\">\n            \n\n<div class=\"kksr-icon\" style=\"width: 16px; height: 16px;\"><\/div>\n        <\/div>\n            <div class=\"kksr-star\" style=\"padding-right: 5px\">\n            \n\n<div class=\"kksr-icon\" style=\"width: 16px; height: 16px;\"><\/div>\n        <\/div>\n            <div class=\"kksr-star\" style=\"padding-right: 5px\">\n            \n\n<div class=\"kksr-icon\" style=\"width: 16px; height: 16px;\"><\/div>\n        <\/div>\n            <div class=\"kksr-star\" style=\"padding-right: 5px\">\n            \n\n<div class=\"kksr-icon\" style=\"width: 16px; height: 16px;\"><\/div>\n        <\/div>\n    <\/div>\n<\/div>\n                \n\n<div class=\"kksr-legend\" style=\"font-size: 12.8px;\">\n            4.1\/5 - (14 ocen)    <\/div>\n    <\/div>\n<h1><strong>Akademia Zarz\u0105dzania<\/strong><\/h1>\n<h2><span class=\"JsGRdQ\">6-miesi\u0119czny kurs dla obecnych i przysz\u0142ych dyrektor\u00f3w oraz lider\u00f3w<\/span><\/h2>\n<p><strong>Program Akademii Zarz\u0105dzania<\/strong> obejmuje szeroki zakres zagadnie\u0144, takich jak zaawansowane techniki zarz\u0105dzania, motywowanie zespo\u0142\u00f3w, tworzenie strategii sprzeda\u017cowych, analiza rynku, zarz\u0105dzanie zmian\u0105 oraz komunikacja interpersonalna. Uczestnicy zdob\u0119d\u0105 praktyczne umiej\u0119tno\u015bci i wiedz\u0119 niezb\u0119dn\u0105 do osi\u0105gania wysokich wynik\u00f3w zarz\u0105dczych oraz budowania silnych, dynamicznych zespo\u0142\u00f3w sprzeda\u017cowych.<\/p>\n<h3><strong>Dlaczego warto wybra\u0107 Akademi\u0119 Zarz\u0105dzania?<\/strong><\/h3>\n<ul>\n<li><strong>Personalizowane podej\u015bcie:<\/strong> Programy szkoleniowe s\u0105 dostosowane do indywidualnych potrzeb uczestnik\u00f3w, co zapewnia skuteczne i efektywne przyswajanie wiedzy.<\/li>\n<li><strong>Interaktywne zaj\u0119cia:<\/strong> K\u0142adziemy du\u017cy nacisk na praktyczne zaj\u0119cia, case study oraz symulacje, kt\u00f3re umo\u017cliwiaj\u0105 zastosowanie zdobytej wiedzy w realnych sytuacjach.<\/li>\n<li><strong>Mo\u017cliwo\u015b\u0107 nawi\u0105zywania kontakt\u00f3w:<\/strong> Uczestnicy maj\u0105 szans\u0119 nawi\u0105za\u0107 warto\u015bciowe kontakty biznesowe, kt\u00f3re mog\u0105 zaowocowa\u0107 wsp\u00f3\u0142prac\u0105 i wymian\u0105 do\u015bwiadcze\u0144.<\/li>\n<\/ul>\n<h3><strong>Korzy\u015bci dla firm:<\/strong><\/h3>\n<ul>\n<li><strong>Zwi\u0119kszenie efektywno\u015bci zespo\u0142\u00f3w:<\/strong> Przeszkoleni mened\u017cerowie potrafi\u0105 skuteczniej zarz\u0105dza\u0107 zespo\u0142ami, co przek\u0142ada si\u0119 na wy\u017csze wyniki sprzeda\u017cowe i lepsz\u0105 efektywno\u015b\u0107 operacyjn\u0105 firmy.<\/li>\n<li><strong>Poprawa komunikacji i wsp\u00f3\u0142pracy:<\/strong> Liderzy, kt\u00f3rzy uko\u0144cz\u0105 szkolenie, s\u0105 lepiej przygotowani do budowania i utrzymywania efektywnych relacji w zespo\u0142ach, co prowadzi do wi\u0119kszej sp\u00f3jno\u015bci i wsp\u00f3\u0142pracy.<\/li>\n<li><strong>Rozw\u00f3j talent\u00f3w:<\/strong> Inwestowanie w rozw\u00f3j kadry zarz\u0105dzaj\u0105cej zwi\u0119ksza zaanga\u017cowanie i lojalno\u015b\u0107 pracownik\u00f3w wobec firmy.<\/li>\n<li><strong>Realizacja strategii:<\/strong> Programy szkoleniowe wzmacniaj\u0105 realizacj\u0119 strategii sprzeda\u017cowych i biznesowych firmy.<\/li>\n<\/ul>\n<h3><strong>Dla kogo jest Akademia Zarz\u0105dzania?<\/strong><\/h3>\n<p>Program jest idealny dla:<\/p>\n<ul>\n<li>Lider\u00f3w pragn\u0105cych podnie\u015b\u0107 swoje kwalifikacje i osi\u0105ga\u0107 lepsze wyniki zarz\u0105dcze.<\/li>\n<li>Mened\u017cer\u00f3w sprzeda\u017cy chc\u0105cych doskonali\u0107 swoje umiej\u0119tno\u015bci zarz\u0105dzania zespo\u0142em oraz strategii sprzeda\u017cowych.<\/li>\n<li>Dyrektor\u00f3w sprzeda\u017cy d\u0105\u017c\u0105cych do rozwoju swoich kompetencji i realizacji ambitnych cel\u00f3w biznesowych.<\/li>\n<\/ul>\n<h3><strong>Struktura programu:<\/strong><\/h3>\n<p>Akademia Zarz\u0105dzania sk\u0142ada si\u0119 z modu\u0142\u00f3w tematycznych, prowadzonych w formie warsztat\u00f3w, wyk\u0142ad\u00f3w oraz zaj\u0119\u0107 praktycznych. Program obejmuje mi\u0119dzy innymi:<\/p>\n<ul>\n<li><strong>Przyw\u00f3dztwo weberowskie<\/strong><\/li>\n<li><strong>Technologie prowadzenia organizacji biznesowej<\/strong><\/li>\n<li><strong>Sytuacyjny model zarz\u0105dzania<\/strong><\/li>\n<li><strong>Motywacja<\/strong><\/li>\n<li><strong>Analiza zespo\u0142owa i indywidualna<\/strong><\/li>\n<li><strong>Skuteczna Komunikacja<\/strong><\/li>\n<li><strong>Taktyki i strategie sprzeda\u017cowe<\/strong><\/li>\n<\/ul>\n<p>Ka\u017cdy modu\u0142 ko\u0144czy si\u0119 ocen\u0105 post\u0119p\u00f3w uczestnik\u00f3w, co pozwala na bie\u017c\u0105co monitorowa\u0107 ich rozw\u00f3j.<\/p>\n<h3><strong>Wst\u0119pny Harmonogram:<\/strong><\/h3>\n<ul>\n<li>1 x w tygodniu zaj\u0119cia online (1h)<\/li>\n<li>1 x w miesi\u0105cu szkolenie online (3h)<\/li>\n<li>Indywidualne spotkania (opcjonalnie)<\/li>\n<\/ul>\n<p>Dok\u0142adny harmonogram ustalany jest z grup\u0105 na spotkaniu organizacyjnym.<\/p>\n<h3><strong>Korzy\u015bci z udzia\u0142u w Akademii Zarz\u0105dzania:<\/strong><\/h3>\n<ul>\n<li>Zdobycie praktycznych umiej\u0119tno\u015bci i wiedzy z zakresu zarz\u0105dzania zespo\u0142ami i strategii sprzeda\u017cowych.<\/li>\n<li>Mo\u017cliwo\u015b\u0107 uzyskania certyfikatu potwierdzaj\u0105cego uko\u0144czenie programu.<\/li>\n<li>Rozw\u00f3j zawodowy i zwi\u0119kszenie szans na awans w strukturach firmy.<\/li>\n<\/ul>\n<h4><strong>Warunki przyst\u0105pienia do Akademii Zarz\u0105dzania:<\/strong><\/h4>\n<p>Warunkiem przyst\u0105pienia do Akademii Zarz\u0105dzania jest indywidualna rozmowa kwalifikacyjna, dzi\u0119ki kt\u00f3rej mo\u017cemy oceni\u0107, czy uczestnicy b\u0119d\u0105 w stanie aktywnie uczestniczy\u0107 w zaj\u0119ciach, stosowa\u0107 teori\u0119 w praktyce i podnosi\u0107 swoje umiej\u0119tno\u015bci zarz\u0105dcze. Liczba miejsc jest ograniczona do 15.<\/p>\n<p>&nbsp;<\/p>\n<h4><strong>Mo\u017cliwo\u015b<span class=\"JsGRdQ\">\u0107 p\u0142atno\u015bci miesi\u0119cznych.<\/span><\/strong><\/h4>\n<h3><\/h3>\n<h3>Wi\u0119cej informacji:<\/h3>\n<p><strong>Martyna Ksi\u0119\u017cniakiewicz<\/strong><br \/>\n<em>Head of Operations and Business Development<br \/>\n<\/em><strong>tel. <a href=\"tel:793771002\">793 771 002<\/a><\/strong><br \/>\n<strong>email: <a href=\"mailto:martyna@mateuszmrozowski.pl\">martyna@mateuszmrozowski.pl<\/a><\/strong><\/p>\n<p>&nbsp;<\/p>\n<h2><\/h2>\n<p>&nbsp;<\/p>\n<div id=\"s3gt_translate_tooltip_mini\" class=\"s3gt_translate_tooltip_mini_box\" style=\"background: initial !important; border: initial !important; border-radius: initial !important; border-spacing: initial !important; border-collapse: initial !important; direction: ltr !important; flex-direction: initial !important; font-weight: initial !important; height: initial !important; letter-spacing: initial !important; min-width: initial !important; max-width: initial !important; min-height: initial !important; max-height: initial !important; margin: auto !important; outline: initial !important; padding: initial !important; position: absolute; table-layout: initial !important; text-align: initial !important; text-shadow: initial !important; width: initial !important; word-break: initial !important; word-spacing: initial !important; overflow-wrap: initial !important; box-sizing: initial !important; display: initial !important; color: inherit !important; font-size: 13px !important; font-family: X-LocaleSpecific, sans-serif, Tahoma, Helvetica !important; line-height: 13px !important; vertical-align: top !important; white-space: inherit !important; left: 296px; top: 319px; opacity: 0.75;\">\n<div id=\"s3gt_translate_tooltip_mini_logo\" class=\"s3gt_translate_tooltip_mini\" title=\"T\u0142umacz zaznaczony tekst\"><\/div>\n<div id=\"s3gt_translate_tooltip_mini_sound\" class=\"s3gt_translate_tooltip_mini\" title=\"Odtw\u00f3rz\"><\/div>\n<div id=\"s3gt_translate_tooltip_mini_copy\" class=\"s3gt_translate_tooltip_mini\" title=\"Kopiuj tekst do schowka\"><\/div>\n<\/div>\n","protected":false},"excerpt":{"rendered":"<p><strong>Akademia Zarz\u0105dzania<\/strong> to presti\u017cowy program szkoleniowy skierowany do lider\u00f3w, mened\u017cer\u00f3w i dyrektor\u00f3w sprzeda\u017cy, kt\u00f3rzy chc\u0105 rozwija\u0107 swoje umiej\u0119tno\u015bci w zakresie zarz\u0105dzania zespo\u0142ami i tworzenia skutecznych strategii sprzeda\u017cowych. Nasza akademia oferuje zaawansowane kursy, kt\u00f3re przygotowuj\u0105 uczestnik\u00f3w do efektywnego prowadzenia zespo\u0142\u00f3w i realizacji ambitnych cel\u00f3w biznesowych.<\/p>\n","protected":false},"featured_media":98383,"template":"","meta":{"_acf_changed":false,"content-type":""},"product_brand":[],"product_cat":[30,114],"product_tag":[],"class_list":{"0":"post-93728","1":"product","2":"type-product","3":"status-publish","4":"has-post-thumbnail","6":"product_cat-akademie","7":"product_cat-wszystkie-produkty","9":"first","10":"onbackorder","11":"virtual","12":"sold-individually","13":"taxable","14":"purchasable","15":"product-type-simple"},"acf":[],"yoast_head":"<!-- This site is optimized with the Yoast SEO plugin v27.3 - https:\/\/yoast.com\/product\/yoast-seo-wordpress\/ -->\n<title>Kurs Dla Lider\u00f3w i Dyrektor\u00f3w [6 mies.] | Mateusz Mrozowski<\/title>\n<meta name=\"description\" content=\"Akademia Zarz\u0105dzania [6 mies.] \u2714\ufe0fNajlepsza wiedza \u2714\ufe0fZaj\u0119cia On-Line na \u017cywo \u2714\ufe0fSzko\u0142a dla Dyrektor\u00f3w \u2714\ufe0fCertyfikowani Trenerzy! Kup Teraz \u00bb\" \/>\n<meta name=\"robots\" content=\"noindex, nofollow\" \/>\n<meta property=\"og:locale\" content=\"pl_PL\" \/>\n<meta property=\"og:type\" content=\"article\" \/>\n<meta property=\"og:title\" content=\"Kurs Dla Lider\u00f3w i Dyrektor\u00f3w [6 mies.] | Mateusz Mrozowski\" \/>\n<meta property=\"og:description\" content=\"Akademia Zarz\u0105dzania [6 mies.] \u2714\ufe0fNajlepsza wiedza \u2714\ufe0fZaj\u0119cia On-Line na \u017cywo \u2714\ufe0fSzko\u0142a dla Dyrektor\u00f3w \u2714\ufe0fCertyfikowani Trenerzy! Kup Teraz \u00bb\" \/>\n<meta property=\"og:url\" content=\"https:\/\/mateuszmrozowski.pl\/sklep\/produkt\/akademia-liderow-i-biznesu\/\" \/>\n<meta property=\"og:site_name\" content=\"Mateusz Mrozowski Trener Biznesu\" \/>\n<meta property=\"article:publisher\" content=\"https:\/\/www.facebook.com\/mateuszmrozowskisiewca\" \/>\n<meta property=\"article:modified_time\" content=\"2025-06-04T15:36:56+00:00\" \/>\n<meta property=\"og:image\" content=\"https:\/\/mateuszmrozowski.pl\/sklep\/wp-content\/uploads\/2023\/12\/akademia-zarzadzania-mateusz-mrozowski.png\" \/>\n\t<meta property=\"og:image:width\" content=\"1080\" \/>\n\t<meta property=\"og:image:height\" content=\"1080\" \/>\n\t<meta property=\"og:image:type\" content=\"image\/png\" \/>\n<meta name=\"twitter:card\" content=\"summary_large_image\" \/>\n<meta name=\"twitter:label1\" content=\"Szacowany czas czytania\" \/>\n\t<meta name=\"twitter:data1\" content=\"3 minuty\" \/>\n<script type=\"application\/ld+json\" class=\"yoast-schema-graph\">{\"@context\":\"https:\\\/\\\/schema.org\",\"@graph\":[{\"@type\":\"WebPage\",\"@id\":\"https:\\\/\\\/mateuszmrozowski.pl\\\/sklep\\\/produkt\\\/akademia-liderow-i-biznesu\\\/\",\"url\":\"https:\\\/\\\/mateuszmrozowski.pl\\\/sklep\\\/produkt\\\/akademia-liderow-i-biznesu\\\/\",\"name\":\"Kurs Dla Lider\u00f3w i Dyrektor\u00f3w [6 mies.] | Mateusz Mrozowski\",\"isPartOf\":{\"@id\":\"https:\\\/\\\/mateuszmrozowski.pl\\\/sklep\\\/#website\"},\"primaryImageOfPage\":{\"@id\":\"https:\\\/\\\/mateuszmrozowski.pl\\\/sklep\\\/produkt\\\/akademia-liderow-i-biznesu\\\/#primaryimage\"},\"image\":{\"@id\":\"https:\\\/\\\/mateuszmrozowski.pl\\\/sklep\\\/produkt\\\/akademia-liderow-i-biznesu\\\/#primaryimage\"},\"thumbnailUrl\":\"https:\\\/\\\/mateuszmrozowski.pl\\\/sklep\\\/wp-content\\\/uploads\\\/2023\\\/12\\\/akademia-zarzadzania-mateusz-mrozowski.png\",\"datePublished\":\"2023-12-01T23:10:53+00:00\",\"dateModified\":\"2025-06-04T15:36:56+00:00\",\"description\":\"Akademia Zarz\u0105dzania [6 mies.] \u2714\ufe0fNajlepsza wiedza \u2714\ufe0fZaj\u0119cia On-Line na \u017cywo \u2714\ufe0fSzko\u0142a dla Dyrektor\u00f3w \u2714\ufe0fCertyfikowani Trenerzy! Kup Teraz \u00bb\",\"breadcrumb\":{\"@id\":\"https:\\\/\\\/mateuszmrozowski.pl\\\/sklep\\\/produkt\\\/akademia-liderow-i-biznesu\\\/#breadcrumb\"},\"inLanguage\":\"pl-PL\",\"potentialAction\":[{\"@type\":\"ReadAction\",\"target\":[\"https:\\\/\\\/mateuszmrozowski.pl\\\/sklep\\\/produkt\\\/akademia-liderow-i-biznesu\\\/\"]}]},{\"@type\":\"ImageObject\",\"inLanguage\":\"pl-PL\",\"@id\":\"https:\\\/\\\/mateuszmrozowski.pl\\\/sklep\\\/produkt\\\/akademia-liderow-i-biznesu\\\/#primaryimage\",\"url\":\"https:\\\/\\\/mateuszmrozowski.pl\\\/sklep\\\/wp-content\\\/uploads\\\/2023\\\/12\\\/akademia-zarzadzania-mateusz-mrozowski.png\",\"contentUrl\":\"https:\\\/\\\/mateuszmrozowski.pl\\\/sklep\\\/wp-content\\\/uploads\\\/2023\\\/12\\\/akademia-zarzadzania-mateusz-mrozowski.png\",\"width\":1080,\"height\":1080,\"caption\":\"Akademia zarz\u0105dzania Mateusz Mrozowski\"},{\"@type\":\"BreadcrumbList\",\"@id\":\"https:\\\/\\\/mateuszmrozowski.pl\\\/sklep\\\/produkt\\\/akademia-liderow-i-biznesu\\\/#breadcrumb\",\"itemListElement\":[{\"@type\":\"ListItem\",\"position\":1,\"name\":\"Strona g\u0142\u00f3wna\",\"item\":\"https:\\\/\\\/mateuszmrozowski.pl\\\/sklep\\\/\"},{\"@type\":\"ListItem\",\"position\":2,\"name\":\"Szkolenia biznesowe i kursy sprzeda\u017cowe\",\"item\":\"https:\\\/\\\/mateuszmrozowski.pl\\\/sklep\\\/\"},{\"@type\":\"ListItem\",\"position\":3,\"name\":\"Akademie\",\"item\":\"https:\\\/\\\/mateuszmrozowski.pl\\\/sklep\\\/kategoria-produktu\\\/akademie\\\/\"},{\"@type\":\"ListItem\",\"position\":4,\"name\":\"Akademia Zarz\u0105dzania\"}]},{\"@type\":\"WebSite\",\"@id\":\"https:\\\/\\\/mateuszmrozowski.pl\\\/sklep\\\/#website\",\"url\":\"https:\\\/\\\/mateuszmrozowski.pl\\\/sklep\\\/\",\"name\":\"Mateusz Mrozowski Trener biznesu\",\"description\":\"Walcz\u0119 o wynik dla firm z kt\u00f3rymi wsp\u00f3\u0142pracuj\u0119.\",\"publisher\":{\"@id\":\"https:\\\/\\\/mateuszmrozowski.pl\\\/sklep\\\/#organization\"},\"alternateName\":\"Mateusz Mrozowski\",\"potentialAction\":[{\"@type\":\"SearchAction\",\"target\":{\"@type\":\"EntryPoint\",\"urlTemplate\":\"https:\\\/\\\/mateuszmrozowski.pl\\\/sklep\\\/?s={search_term_string}\"},\"query-input\":{\"@type\":\"PropertyValueSpecification\",\"valueRequired\":true,\"valueName\":\"search_term_string\"}}],\"inLanguage\":\"pl-PL\"},{\"@type\":\"Organization\",\"@id\":\"https:\\\/\\\/mateuszmrozowski.pl\\\/sklep\\\/#organization\",\"name\":\"Mateusz Mrozowski Trener biznesu\",\"alternateName\":\"Mateusz Mrozowski\",\"url\":\"https:\\\/\\\/mateuszmrozowski.pl\\\/sklep\\\/\",\"logo\":{\"@type\":\"ImageObject\",\"inLanguage\":\"pl-PL\",\"@id\":\"https:\\\/\\\/mateuszmrozowski.pl\\\/sklep\\\/#\\\/schema\\\/logo\\\/image\\\/\",\"url\":\"https:\\\/\\\/mateuszmrozowski.pl\\\/sklep\\\/wp-content\\\/uploads\\\/2025\\\/03\\\/cropped-mateusz_mrozowski_logo.png\",\"contentUrl\":\"https:\\\/\\\/mateuszmrozowski.pl\\\/sklep\\\/wp-content\\\/uploads\\\/2025\\\/03\\\/cropped-mateusz_mrozowski_logo.png\",\"width\":236,\"height\":59,\"caption\":\"Mateusz Mrozowski Trener biznesu\"},\"image\":{\"@id\":\"https:\\\/\\\/mateuszmrozowski.pl\\\/sklep\\\/#\\\/schema\\\/logo\\\/image\\\/\"},\"sameAs\":[\"https:\\\/\\\/www.facebook.com\\\/mateuszmrozowskisiewca\",\"https:\\\/\\\/www.youtube.com\\\/channel\\\/UCI6FhECZ4GdL1TYU5oh5JDg\",\"https:\\\/\\\/www.instagram.com\\\/mrozowski.siewca\\\/\",\"https:\\\/\\\/www.linkedin.com\\\/in\\\/mateuszmrozowski\\\/\",\"https:\\\/\\\/maps.app.goo.gl\\\/Ee8wtgr6gx2CjEM68\",\"https:\\\/\\\/www.tiktok.com\\\/@mateuszmrozowskisiewca\"]}]}<\/script>\n<!-- \/ Yoast SEO plugin. -->","yoast_head_json":{"title":"Kurs Dla Lider\u00f3w i Dyrektor\u00f3w [6 mies.] | Mateusz Mrozowski","description":"Akademia Zarz\u0105dzania [6 mies.] \u2714\ufe0fNajlepsza wiedza \u2714\ufe0fZaj\u0119cia On-Line na \u017cywo \u2714\ufe0fSzko\u0142a dla Dyrektor\u00f3w \u2714\ufe0fCertyfikowani Trenerzy! Kup Teraz \u00bb","robots":{"index":"noindex","follow":"nofollow"},"og_locale":"pl_PL","og_type":"article","og_title":"Kurs Dla Lider\u00f3w i Dyrektor\u00f3w [6 mies.] | Mateusz Mrozowski","og_description":"Akademia Zarz\u0105dzania [6 mies.] \u2714\ufe0fNajlepsza wiedza \u2714\ufe0fZaj\u0119cia On-Line na \u017cywo \u2714\ufe0fSzko\u0142a dla Dyrektor\u00f3w \u2714\ufe0fCertyfikowani Trenerzy! Kup Teraz \u00bb","og_url":"https:\/\/mateuszmrozowski.pl\/sklep\/produkt\/akademia-liderow-i-biznesu\/","og_site_name":"Mateusz Mrozowski Trener Biznesu","article_publisher":"https:\/\/www.facebook.com\/mateuszmrozowskisiewca","article_modified_time":"2025-06-04T15:36:56+00:00","og_image":[{"width":1080,"height":1080,"url":"https:\/\/mateuszmrozowski.pl\/sklep\/wp-content\/uploads\/2023\/12\/akademia-zarzadzania-mateusz-mrozowski.png","type":"image\/png"}],"twitter_card":"summary_large_image","twitter_misc":{"Szacowany czas czytania":"3 minuty"},"schema":{"@context":"https:\/\/schema.org","@graph":[{"@type":"WebPage","@id":"https:\/\/mateuszmrozowski.pl\/sklep\/produkt\/akademia-liderow-i-biznesu\/","url":"https:\/\/mateuszmrozowski.pl\/sklep\/produkt\/akademia-liderow-i-biznesu\/","name":"Kurs Dla Lider\u00f3w i Dyrektor\u00f3w [6 mies.] | Mateusz Mrozowski","isPartOf":{"@id":"https:\/\/mateuszmrozowski.pl\/sklep\/#website"},"primaryImageOfPage":{"@id":"https:\/\/mateuszmrozowski.pl\/sklep\/produkt\/akademia-liderow-i-biznesu\/#primaryimage"},"image":{"@id":"https:\/\/mateuszmrozowski.pl\/sklep\/produkt\/akademia-liderow-i-biznesu\/#primaryimage"},"thumbnailUrl":"https:\/\/mateuszmrozowski.pl\/sklep\/wp-content\/uploads\/2023\/12\/akademia-zarzadzania-mateusz-mrozowski.png","datePublished":"2023-12-01T23:10:53+00:00","dateModified":"2025-06-04T15:36:56+00:00","description":"Akademia Zarz\u0105dzania [6 mies.] \u2714\ufe0fNajlepsza wiedza \u2714\ufe0fZaj\u0119cia On-Line na \u017cywo \u2714\ufe0fSzko\u0142a dla Dyrektor\u00f3w \u2714\ufe0fCertyfikowani Trenerzy! Kup Teraz \u00bb","breadcrumb":{"@id":"https:\/\/mateuszmrozowski.pl\/sklep\/produkt\/akademia-liderow-i-biznesu\/#breadcrumb"},"inLanguage":"pl-PL","potentialAction":[{"@type":"ReadAction","target":["https:\/\/mateuszmrozowski.pl\/sklep\/produkt\/akademia-liderow-i-biznesu\/"]}]},{"@type":"ImageObject","inLanguage":"pl-PL","@id":"https:\/\/mateuszmrozowski.pl\/sklep\/produkt\/akademia-liderow-i-biznesu\/#primaryimage","url":"https:\/\/mateuszmrozowski.pl\/sklep\/wp-content\/uploads\/2023\/12\/akademia-zarzadzania-mateusz-mrozowski.png","contentUrl":"https:\/\/mateuszmrozowski.pl\/sklep\/wp-content\/uploads\/2023\/12\/akademia-zarzadzania-mateusz-mrozowski.png","width":1080,"height":1080,"caption":"Akademia zarz\u0105dzania Mateusz Mrozowski"},{"@type":"BreadcrumbList","@id":"https:\/\/mateuszmrozowski.pl\/sklep\/produkt\/akademia-liderow-i-biznesu\/#breadcrumb","itemListElement":[{"@type":"ListItem","position":1,"name":"Strona g\u0142\u00f3wna","item":"https:\/\/mateuszmrozowski.pl\/sklep\/"},{"@type":"ListItem","position":2,"name":"Szkolenia biznesowe i kursy sprzeda\u017cowe","item":"https:\/\/mateuszmrozowski.pl\/sklep\/"},{"@type":"ListItem","position":3,"name":"Akademie","item":"https:\/\/mateuszmrozowski.pl\/sklep\/kategoria-produktu\/akademie\/"},{"@type":"ListItem","position":4,"name":"Akademia Zarz\u0105dzania"}]},{"@type":"WebSite","@id":"https:\/\/mateuszmrozowski.pl\/sklep\/#website","url":"https:\/\/mateuszmrozowski.pl\/sklep\/","name":"Mateusz Mrozowski Trener biznesu","description":"Walcz\u0119 o wynik dla firm z kt\u00f3rymi wsp\u00f3\u0142pracuj\u0119.","publisher":{"@id":"https:\/\/mateuszmrozowski.pl\/sklep\/#organization"},"alternateName":"Mateusz Mrozowski","potentialAction":[{"@type":"SearchAction","target":{"@type":"EntryPoint","urlTemplate":"https:\/\/mateuszmrozowski.pl\/sklep\/?s={search_term_string}"},"query-input":{"@type":"PropertyValueSpecification","valueRequired":true,"valueName":"search_term_string"}}],"inLanguage":"pl-PL"},{"@type":"Organization","@id":"https:\/\/mateuszmrozowski.pl\/sklep\/#organization","name":"Mateusz Mrozowski Trener biznesu","alternateName":"Mateusz Mrozowski","url":"https:\/\/mateuszmrozowski.pl\/sklep\/","logo":{"@type":"ImageObject","inLanguage":"pl-PL","@id":"https:\/\/mateuszmrozowski.pl\/sklep\/#\/schema\/logo\/image\/","url":"https:\/\/mateuszmrozowski.pl\/sklep\/wp-content\/uploads\/2025\/03\/cropped-mateusz_mrozowski_logo.png","contentUrl":"https:\/\/mateuszmrozowski.pl\/sklep\/wp-content\/uploads\/2025\/03\/cropped-mateusz_mrozowski_logo.png","width":236,"height":59,"caption":"Mateusz Mrozowski Trener biznesu"},"image":{"@id":"https:\/\/mateuszmrozowski.pl\/sklep\/#\/schema\/logo\/image\/"},"sameAs":["https:\/\/www.facebook.com\/mateuszmrozowskisiewca","https:\/\/www.youtube.com\/channel\/UCI6FhECZ4GdL1TYU5oh5JDg","https:\/\/www.instagram.com\/mrozowski.siewca\/","https:\/\/www.linkedin.com\/in\/mateuszmrozowski\/","https:\/\/maps.app.goo.gl\/Ee8wtgr6gx2CjEM68","https:\/\/www.tiktok.com\/@mateuszmrozowskisiewca"]}]}},"_links":{"self":[{"href":"https:\/\/mateuszmrozowski.pl\/sklep\/wp-json\/wp\/v2\/product\/93728","targetHints":{"allow":["GET"]}}],"collection":[{"href":"https:\/\/mateuszmrozowski.pl\/sklep\/wp-json\/wp\/v2\/product"}],"about":[{"href":"https:\/\/mateuszmrozowski.pl\/sklep\/wp-json\/wp\/v2\/types\/product"}],"wp:featuredmedia":[{"embeddable":true,"href":"https:\/\/mateuszmrozowski.pl\/sklep\/wp-json\/wp\/v2\/media\/98383"}],"wp:attachment":[{"href":"https:\/\/mateuszmrozowski.pl\/sklep\/wp-json\/wp\/v2\/media?parent=93728"}],"wp:term":[{"taxonomy":"product_brand","embeddable":true,"href":"https:\/\/mateuszmrozowski.pl\/sklep\/wp-json\/wp\/v2\/product_brand?post=93728"},{"taxonomy":"product_cat","embeddable":true,"href":"https:\/\/mateuszmrozowski.pl\/sklep\/wp-json\/wp\/v2\/product_cat?post=93728"},{"taxonomy":"product_tag","embeddable":true,"href":"https:\/\/mateuszmrozowski.pl\/sklep\/wp-json\/wp\/v2\/product_tag?post=93728"}],"curies":[{"name":"wp","href":"https:\/\/api.w.org\/{rel}","templated":true}]}}