{"id":93721,"date":"2023-12-01T18:51:08","date_gmt":"2023-12-01T18:51:08","guid":{"rendered":"https:\/\/mateuszmrozowski.pl\/sklep\/?post_type=product&#038;p=93721"},"modified":"2025-06-04T15:37:03","modified_gmt":"2025-06-04T15:37:03","slug":"akademia-handlowca","status":"publish","type":"product","link":"https:\/\/mateuszmrozowski.pl\/sklep\/produkt\/akademia-handlowca\/","title":{"rendered":"Akademia Sprzeda\u017cy"},"content":{"rendered":"\n\n<div class=\"kk-star-ratings kksr-auto kksr-align-left kksr-valign-top kksr-disabled\"\n    data-payload='{&quot;align&quot;:&quot;left&quot;,&quot;id&quot;:&quot;93721&quot;,&quot;readonly&quot;:&quot;1&quot;,&quot;slug&quot;:&quot;default&quot;,&quot;valign&quot;:&quot;top&quot;,&quot;ignore&quot;:&quot;&quot;,&quot;reference&quot;:&quot;auto&quot;,&quot;class&quot;:&quot;&quot;,&quot;count&quot;:&quot;30&quot;,&quot;legendonly&quot;:&quot;&quot;,&quot;score&quot;:&quot;4&quot;,&quot;starsonly&quot;:&quot;&quot;,&quot;best&quot;:&quot;5&quot;,&quot;gap&quot;:&quot;5&quot;,&quot;greet&quot;:&quot;Wystaw ocen\u0119&quot;,&quot;legend&quot;:&quot;4\\\/5 - (30 ocen)&quot;,&quot;size&quot;:&quot;16&quot;,&quot;title&quot;:&quot;Akademia Sprzeda\u017cy&quot;,&quot;width&quot;:&quot;81.5&quot;,&quot;_legend&quot;:&quot;{score}\\\/{best} - ({count} ocen)&quot;,&quot;font_factor&quot;:&quot;1.25&quot;}'>\n            \n<div class=\"kksr-stars\">\n    \n<div class=\"kksr-stars-inactive\">\n            <div class=\"kksr-star\" data-star=\"1\" style=\"padding-right: 5px\">\n            \n\n<div class=\"kksr-icon\" style=\"width: 16px; height: 16px;\"><\/div>\n        <\/div>\n            <div class=\"kksr-star\" data-star=\"2\" style=\"padding-right: 5px\">\n            \n\n<div class=\"kksr-icon\" style=\"width: 16px; height: 16px;\"><\/div>\n        <\/div>\n            <div class=\"kksr-star\" data-star=\"3\" style=\"padding-right: 5px\">\n            \n\n<div class=\"kksr-icon\" style=\"width: 16px; height: 16px;\"><\/div>\n        <\/div>\n            <div class=\"kksr-star\" data-star=\"4\" style=\"padding-right: 5px\">\n            \n\n<div class=\"kksr-icon\" style=\"width: 16px; height: 16px;\"><\/div>\n        <\/div>\n            <div class=\"kksr-star\" data-star=\"5\" style=\"padding-right: 5px\">\n            \n\n<div class=\"kksr-icon\" style=\"width: 16px; height: 16px;\"><\/div>\n        <\/div>\n    <\/div>\n    \n<div class=\"kksr-stars-active\" style=\"width: 81.5px;\">\n            <div class=\"kksr-star\" style=\"padding-right: 5px\">\n            \n\n<div class=\"kksr-icon\" style=\"width: 16px; height: 16px;\"><\/div>\n        <\/div>\n            <div class=\"kksr-star\" style=\"padding-right: 5px\">\n            \n\n<div class=\"kksr-icon\" style=\"width: 16px; height: 16px;\"><\/div>\n        <\/div>\n            <div class=\"kksr-star\" style=\"padding-right: 5px\">\n            \n\n<div class=\"kksr-icon\" style=\"width: 16px; height: 16px;\"><\/div>\n        <\/div>\n            <div class=\"kksr-star\" style=\"padding-right: 5px\">\n            \n\n<div class=\"kksr-icon\" style=\"width: 16px; height: 16px;\"><\/div>\n        <\/div>\n            <div class=\"kksr-star\" style=\"padding-right: 5px\">\n            \n\n<div class=\"kksr-icon\" style=\"width: 16px; height: 16px;\"><\/div>\n        <\/div>\n    <\/div>\n<\/div>\n                \n\n<div class=\"kksr-legend\" style=\"font-size: 12.8px;\">\n            4\/5 - (30 ocen)    <\/div>\n    <\/div>\n<h1><strong>Akademia Sprzeda\u017cy<\/strong><\/h1>\n<h2><span class=\"JsGRdQ\">8-miesi\u0119czne szkolenie dla obecnych i przysz\u0142ych sprzedawc\u00f3w<\/span><\/h2>\n<p><strong>Program Akademii Sprzeda\u017cy<\/strong> obejmuje szeroki zakres temat\u00f3w, takich jak techniki sprzeda\u017cy, negocjacje, budowanie d\u0142ugotrwa\u0142ych relacji z klientami, zarz\u0105dzanie zespo\u0142em sprzeda\u017cowym, analiza rynku oraz strategie marketingowe. Uczestnicy zdob\u0119d\u0105 praktyczn\u0105 wiedz\u0119 i umiej\u0119tno\u015bci niezb\u0119dne do osi\u0105gania wysokich wynik\u00f3w sprzeda\u017cowych oraz budowania silnych i trwa\u0142ych relacji biznesowych.<\/p>\n<h3><strong>Dlaczego warto wybra\u0107 Akademi\u0119 Sprzeda\u017cy?<\/strong><\/h3>\n<ul>\n<li><strong>Indywidualne podej\u015bcie:<\/strong> Programy szkoleniowe s\u0105 dostosowane do indywidualnych potrzeb uczestnik\u00f3w, co gwarantuje skuteczne i efektywne przyswajanie wiedzy.<\/li>\n<li><strong>Praktyczne zaj\u0119cia:<\/strong> Du\u017cy nacisk k\u0142adziemy na zaj\u0119cia praktyczne, case study oraz symulacje, kt\u00f3re pozwalaj\u0105 na zastosowanie zdobytej wiedzy w realnych sytuacjach.<\/li>\n<li><strong>Networking:<\/strong> Uczestnicy maj\u0105 mo\u017cliwo\u015b\u0107 nawi\u0105zania cennych kontakt\u00f3w biznesowych, co mo\u017ce zaowocowa\u0107 wsp\u00f3\u0142prac\u0105 i wymian\u0105 do\u015bwiadcze\u0144.<\/li>\n<\/ul>\n<h3><strong>Korzy\u015bci dla firm:<\/strong><\/h3>\n<ul>\n<li><strong>Zwi\u0119kszenie efektywno\u015bci sprzeda\u017cy:<\/strong> Przeszkoleni pracownicy potrafi\u0105 skuteczniej realizowa\u0107 cele sprzeda\u017cowe, co przek\u0142ada si\u0119 na wy\u017csze wyniki finansowe firmy.<\/li>\n<li><strong>Poprawa relacji z klientami:<\/strong> Sprzedawcy, kt\u00f3rzy przejd\u0105 szkolenie, s\u0105 lepiej przygotowani do budowania i utrzymywania trwa\u0142ych relacji z klientami, co prowadzi do wi\u0119kszej lojalno\u015bci i satysfakcji klient\u00f3w.<\/li>\n<li><strong>Rozw\u00f3j talent\u00f3w:<\/strong> Inwestowanie w rozw\u00f3j pracownik\u00f3w przyczynia si\u0119 do zwi\u0119kszenia ich zaanga\u017cowania i lojalno\u015bci wobec firmy.<\/li>\n<li><strong>Konsolidacja zespo\u0142u:<\/strong> Programy szkoleniowe mog\u0105 r\u00f3wnie\u017c wzmacnia\u0107 wsp\u00f3\u0142prac\u0119 i komunikacj\u0119 w zespole sprzeda\u017cowym.<\/li>\n<\/ul>\n<h3><strong>Dla kogo jest Akademia Sprzeda\u017cy?<\/strong><\/h3>\n<p>Program jest idealny dla:<\/p>\n<ul>\n<li>Przedstawicieli handlowych, kt\u00f3rzy chc\u0105 podnie\u015b\u0107 swoje kwalifikacje i osi\u0105ga\u0107 lepsze wyniki sprzeda\u017cowe.<\/li>\n<li>Mened\u017cer\u00f3w sprzeda\u017cy pragn\u0105cych doskonali\u0107 swoje umiej\u0119tno\u015bci zarz\u0105dzania zespo\u0142em oraz strategii sprzeda\u017cowych.<\/li>\n<li>Os\u00f3b aspiruj\u0105cych do roli handlowca, kt\u00f3re chc\u0105 zdoby\u0107 solidne podstawy i rozwija\u0107 swoj\u0105 karier\u0119 w tej dziedzinie.<\/li>\n<\/ul>\n<p><strong>Struktura programu:<\/strong> Akademia Sprzeda\u017cy sk\u0142ada si\u0119 z modu\u0142\u00f3w tematycznych, kt\u00f3re s\u0105 prowadzone w formie warsztat\u00f3w, wyk\u0142ad\u00f3w oraz zaj\u0119\u0107 praktycznych. Ka\u017cdy modu\u0142 ko\u0144czy si\u0119 ocen\u0105 post\u0119p\u00f3w uczestnik\u00f3w, co pozwala na bie\u017c\u0105co monitorowa\u0107 ich rozw\u00f3j.<\/p>\n<h3><strong>Wst\u0119pny Harmonogram:<\/strong><\/h3>\n<ul>\n<li>1 x w tygodniu zaj\u0119cia online (1h)<\/li>\n<li>1 x w miesi\u0105cu szkolenie online (3h)<\/li>\n<li>Indywidualne spotkania (opcjonalnie)<\/li>\n<\/ul>\n<p>Dok\u0142adny harmonogram ustalany jest z grup\u0105 na spotkaniu organizacyjnym.<\/p>\n<h3><strong>Korzy\u015bci z udzia\u0142u w Akademii Sprzeda\u017cy:<\/strong><\/h3>\n<ul>\n<li>Zdobycie praktycznych umiej\u0119tno\u015bci i wiedzy z zakresu sprzeda\u017cy i zarz\u0105dzania relacjami z klientami.<\/li>\n<li>Mo\u017cliwo\u015b\u0107 uzyskania certyfikatu potwierdzaj\u0105cego uko\u0144czenie programu.<\/li>\n<li>Rozw\u00f3j zawodowy i zwi\u0119kszenie szans na awans w strukturach firmy.<\/li>\n<\/ul>\n<h4><strong>Warunki przyst\u0105pienia do Akademii Sprzeda\u017cy:<\/strong><\/h4>\n<p>Warunkiem przyst\u0105pienia do Akademii Sprzeda\u017cy jest indywidualna rozmowa kwalifikacyjna, dzi\u0119ki kt\u00f3rej jeste\u015bmy w stanie oceni\u0107, czy absolwenci Akademii b\u0119d\u0105 w stanie aktywnie uczestniczy\u0107 w zaj\u0119ciach, aby teori\u0119 stosowa\u0107 w praktyce i podnosi\u0107 swoje wyniki sprzeda\u017cowe. Liczba miejsc jest ograniczona do 15.<\/p>\n<p><strong>Do\u0142\u0105cz do Akademii Sprzeda\u017cy i zyskaj przewag\u0119 konkurencyjn\u0105 na rynku pracy, podnosz\u0105c swoje kwalifikacje i umiej\u0119tno\u015bci sprzeda\u017cowe. Z nami osi\u0105gniesz sukces w \u015bwiecie handlu!<\/strong><\/p>\n<h4><strong>Mo\u017cliwo\u015b<span class=\"JsGRdQ\">\u0107 p\u0142atno\u015bci miesi\u0119cznych.<\/span><\/strong><\/h4>\n<h3><\/h3>\n<h3>Wi\u0119cej informacji:<\/h3>\n<p><strong>Martyna Ksi\u0119\u017cniakiewicz<\/strong><br \/>\n<em>Head of Operations and Business Development<br \/>\n<\/em><strong>tel. <a href=\"tel:793771002\">793 771 002<\/a><\/strong><br \/>\n<strong>email: <a href=\"mailto:martyna@mateuszmrozowski.pl\">martyna@mateuszmrozowski.pl<\/a><\/strong><\/p>\n<h2><\/h2>\n<p>&nbsp;<\/p>\n","protected":false},"excerpt":{"rendered":"<p><strong>Akademia Sprzeda\u017cy<\/strong> to unikalny program edukacyjny stworzony z my\u015bl\u0105 o osobach pragn\u0105cych doskonali\u0107 swoje umiej\u0119tno\u015bci w zakresie sprzeda\u017cy i zarz\u0105dzania relacjami z klientami. Nasza akademia oferuje kompleksowe szkolenia, kt\u00f3re przygotowuj\u0105 uczestnik\u00f3w do efektywnego dzia\u0142ania w dynamicznym \u015brodowisku handlowym.<\/p>\n","protected":false},"featured_media":98385,"template":"","meta":{"_acf_changed":false,"content-type":""},"product_brand":[],"product_cat":[30,114],"product_tag":[],"class_list":{"0":"post-93721","1":"product","2":"type-product","3":"status-publish","4":"has-post-thumbnail","6":"product_cat-akademie","7":"product_cat-wszystkie-produkty","9":"first","10":"onbackorder","11":"virtual","12":"sold-individually","13":"taxable","14":"purchasable","15":"product-type-simple"},"acf":[],"yoast_head":"<!-- This site is optimized with the Yoast SEO plugin v27.3 - https:\/\/yoast.com\/product\/yoast-seo-wordpress\/ -->\n<title>Akademia Sprzeda\u017cy [8 mies.] | Mateusz Mrozowski<\/title>\n<meta name=\"description\" content=\"Akademia Sprzeda\u017cy [8 mies.] \u2714\ufe0fNajlepsza wiedza \u2714\ufe0fZaj\u0119cia On-Line na \u017cywo \u2714\ufe0fKurs Sprzeda\u017cy \u2714\ufe0fCertyfikowani Trenerzy! Kup Teraz \u00bb\" \/>\n<meta name=\"robots\" content=\"noindex, nofollow\" \/>\n<meta property=\"og:locale\" content=\"pl_PL\" \/>\n<meta property=\"og:type\" content=\"article\" \/>\n<meta property=\"og:title\" content=\"Akademia Sprzeda\u017cy [8 mies.] | Mateusz Mrozowski\" \/>\n<meta property=\"og:description\" content=\"Akademia Sprzeda\u017cy [8 mies.] \u2714\ufe0fNajlepsza wiedza \u2714\ufe0fZaj\u0119cia On-Line na \u017cywo \u2714\ufe0fKurs Sprzeda\u017cy \u2714\ufe0fCertyfikowani Trenerzy! Kup Teraz \u00bb\" \/>\n<meta property=\"og:url\" content=\"https:\/\/mateuszmrozowski.pl\/sklep\/produkt\/akademia-handlowca\/\" \/>\n<meta property=\"og:site_name\" content=\"Mateusz Mrozowski Trener Biznesu\" \/>\n<meta property=\"article:publisher\" content=\"https:\/\/www.facebook.com\/mateuszmrozowskisiewca\" \/>\n<meta property=\"article:modified_time\" content=\"2025-06-04T15:37:03+00:00\" \/>\n<meta property=\"og:image\" content=\"https:\/\/mateuszmrozowski.pl\/sklep\/wp-content\/uploads\/2023\/12\/akademia-sprzedazy-mateusz-mrozowski.png\" \/>\n\t<meta property=\"og:image:width\" content=\"1080\" \/>\n\t<meta property=\"og:image:height\" content=\"1080\" \/>\n\t<meta property=\"og:image:type\" content=\"image\/png\" \/>\n<meta name=\"twitter:card\" content=\"summary_large_image\" \/>\n<meta name=\"twitter:label1\" content=\"Szacowany czas czytania\" \/>\n\t<meta name=\"twitter:data1\" content=\"3 minuty\" \/>\n<script type=\"application\/ld+json\" class=\"yoast-schema-graph\">{\"@context\":\"https:\\\/\\\/schema.org\",\"@graph\":[{\"@type\":\"WebPage\",\"@id\":\"https:\\\/\\\/mateuszmrozowski.pl\\\/sklep\\\/produkt\\\/akademia-handlowca\\\/\",\"url\":\"https:\\\/\\\/mateuszmrozowski.pl\\\/sklep\\\/produkt\\\/akademia-handlowca\\\/\",\"name\":\"Akademia Sprzeda\u017cy [8 mies.] | Mateusz Mrozowski\",\"isPartOf\":{\"@id\":\"https:\\\/\\\/mateuszmrozowski.pl\\\/sklep\\\/#website\"},\"primaryImageOfPage\":{\"@id\":\"https:\\\/\\\/mateuszmrozowski.pl\\\/sklep\\\/produkt\\\/akademia-handlowca\\\/#primaryimage\"},\"image\":{\"@id\":\"https:\\\/\\\/mateuszmrozowski.pl\\\/sklep\\\/produkt\\\/akademia-handlowca\\\/#primaryimage\"},\"thumbnailUrl\":\"https:\\\/\\\/mateuszmrozowski.pl\\\/sklep\\\/wp-content\\\/uploads\\\/2023\\\/12\\\/akademia-sprzedazy-mateusz-mrozowski.png\",\"datePublished\":\"2023-12-01T18:51:08+00:00\",\"dateModified\":\"2025-06-04T15:37:03+00:00\",\"description\":\"Akademia Sprzeda\u017cy [8 mies.] \u2714\ufe0fNajlepsza wiedza \u2714\ufe0fZaj\u0119cia On-Line na \u017cywo \u2714\ufe0fKurs Sprzeda\u017cy \u2714\ufe0fCertyfikowani Trenerzy! Kup Teraz \u00bb\",\"breadcrumb\":{\"@id\":\"https:\\\/\\\/mateuszmrozowski.pl\\\/sklep\\\/produkt\\\/akademia-handlowca\\\/#breadcrumb\"},\"inLanguage\":\"pl-PL\",\"potentialAction\":[{\"@type\":\"ReadAction\",\"target\":[\"https:\\\/\\\/mateuszmrozowski.pl\\\/sklep\\\/produkt\\\/akademia-handlowca\\\/\"]}]},{\"@type\":\"ImageObject\",\"inLanguage\":\"pl-PL\",\"@id\":\"https:\\\/\\\/mateuszmrozowski.pl\\\/sklep\\\/produkt\\\/akademia-handlowca\\\/#primaryimage\",\"url\":\"https:\\\/\\\/mateuszmrozowski.pl\\\/sklep\\\/wp-content\\\/uploads\\\/2023\\\/12\\\/akademia-sprzedazy-mateusz-mrozowski.png\",\"contentUrl\":\"https:\\\/\\\/mateuszmrozowski.pl\\\/sklep\\\/wp-content\\\/uploads\\\/2023\\\/12\\\/akademia-sprzedazy-mateusz-mrozowski.png\",\"width\":1080,\"height\":1080,\"caption\":\"Akademia Sprzeda\u017cy Mateusz Mrozowski\"},{\"@type\":\"BreadcrumbList\",\"@id\":\"https:\\\/\\\/mateuszmrozowski.pl\\\/sklep\\\/produkt\\\/akademia-handlowca\\\/#breadcrumb\",\"itemListElement\":[{\"@type\":\"ListItem\",\"position\":1,\"name\":\"Strona g\u0142\u00f3wna\",\"item\":\"https:\\\/\\\/mateuszmrozowski.pl\\\/sklep\\\/\"},{\"@type\":\"ListItem\",\"position\":2,\"name\":\"Szkolenia biznesowe i kursy sprzeda\u017cowe\",\"item\":\"https:\\\/\\\/mateuszmrozowski.pl\\\/sklep\\\/\"},{\"@type\":\"ListItem\",\"position\":3,\"name\":\"Akademie\",\"item\":\"https:\\\/\\\/mateuszmrozowski.pl\\\/sklep\\\/kategoria-produktu\\\/akademie\\\/\"},{\"@type\":\"ListItem\",\"position\":4,\"name\":\"Akademia Sprzeda\u017cy\"}]},{\"@type\":\"WebSite\",\"@id\":\"https:\\\/\\\/mateuszmrozowski.pl\\\/sklep\\\/#website\",\"url\":\"https:\\\/\\\/mateuszmrozowski.pl\\\/sklep\\\/\",\"name\":\"Mateusz Mrozowski Trener biznesu\",\"description\":\"Walcz\u0119 o wynik dla firm z kt\u00f3rymi wsp\u00f3\u0142pracuj\u0119.\",\"publisher\":{\"@id\":\"https:\\\/\\\/mateuszmrozowski.pl\\\/sklep\\\/#organization\"},\"alternateName\":\"Mateusz Mrozowski\",\"potentialAction\":[{\"@type\":\"SearchAction\",\"target\":{\"@type\":\"EntryPoint\",\"urlTemplate\":\"https:\\\/\\\/mateuszmrozowski.pl\\\/sklep\\\/?s={search_term_string}\"},\"query-input\":{\"@type\":\"PropertyValueSpecification\",\"valueRequired\":true,\"valueName\":\"search_term_string\"}}],\"inLanguage\":\"pl-PL\"},{\"@type\":\"Organization\",\"@id\":\"https:\\\/\\\/mateuszmrozowski.pl\\\/sklep\\\/#organization\",\"name\":\"Mateusz Mrozowski Trener biznesu\",\"alternateName\":\"Mateusz Mrozowski\",\"url\":\"https:\\\/\\\/mateuszmrozowski.pl\\\/sklep\\\/\",\"logo\":{\"@type\":\"ImageObject\",\"inLanguage\":\"pl-PL\",\"@id\":\"https:\\\/\\\/mateuszmrozowski.pl\\\/sklep\\\/#\\\/schema\\\/logo\\\/image\\\/\",\"url\":\"https:\\\/\\\/mateuszmrozowski.pl\\\/sklep\\\/wp-content\\\/uploads\\\/2025\\\/03\\\/cropped-mateusz_mrozowski_logo.png\",\"contentUrl\":\"https:\\\/\\\/mateuszmrozowski.pl\\\/sklep\\\/wp-content\\\/uploads\\\/2025\\\/03\\\/cropped-mateusz_mrozowski_logo.png\",\"width\":236,\"height\":59,\"caption\":\"Mateusz Mrozowski Trener biznesu\"},\"image\":{\"@id\":\"https:\\\/\\\/mateuszmrozowski.pl\\\/sklep\\\/#\\\/schema\\\/logo\\\/image\\\/\"},\"sameAs\":[\"https:\\\/\\\/www.facebook.com\\\/mateuszmrozowskisiewca\",\"https:\\\/\\\/www.youtube.com\\\/channel\\\/UCI6FhECZ4GdL1TYU5oh5JDg\",\"https:\\\/\\\/www.instagram.com\\\/mrozowski.siewca\\\/\",\"https:\\\/\\\/www.linkedin.com\\\/in\\\/mateuszmrozowski\\\/\",\"https:\\\/\\\/maps.app.goo.gl\\\/Ee8wtgr6gx2CjEM68\",\"https:\\\/\\\/www.tiktok.com\\\/@mateuszmrozowskisiewca\"]}]}<\/script>\n<!-- \/ Yoast SEO plugin. -->","yoast_head_json":{"title":"Akademia Sprzeda\u017cy [8 mies.] | Mateusz Mrozowski","description":"Akademia Sprzeda\u017cy [8 mies.] \u2714\ufe0fNajlepsza wiedza \u2714\ufe0fZaj\u0119cia On-Line na \u017cywo \u2714\ufe0fKurs Sprzeda\u017cy \u2714\ufe0fCertyfikowani Trenerzy! Kup Teraz \u00bb","robots":{"index":"noindex","follow":"nofollow"},"og_locale":"pl_PL","og_type":"article","og_title":"Akademia Sprzeda\u017cy [8 mies.] | Mateusz Mrozowski","og_description":"Akademia Sprzeda\u017cy [8 mies.] \u2714\ufe0fNajlepsza wiedza \u2714\ufe0fZaj\u0119cia On-Line na \u017cywo \u2714\ufe0fKurs Sprzeda\u017cy \u2714\ufe0fCertyfikowani Trenerzy! Kup Teraz \u00bb","og_url":"https:\/\/mateuszmrozowski.pl\/sklep\/produkt\/akademia-handlowca\/","og_site_name":"Mateusz Mrozowski Trener Biznesu","article_publisher":"https:\/\/www.facebook.com\/mateuszmrozowskisiewca","article_modified_time":"2025-06-04T15:37:03+00:00","og_image":[{"width":1080,"height":1080,"url":"https:\/\/mateuszmrozowski.pl\/sklep\/wp-content\/uploads\/2023\/12\/akademia-sprzedazy-mateusz-mrozowski.png","type":"image\/png"}],"twitter_card":"summary_large_image","twitter_misc":{"Szacowany czas czytania":"3 minuty"},"schema":{"@context":"https:\/\/schema.org","@graph":[{"@type":"WebPage","@id":"https:\/\/mateuszmrozowski.pl\/sklep\/produkt\/akademia-handlowca\/","url":"https:\/\/mateuszmrozowski.pl\/sklep\/produkt\/akademia-handlowca\/","name":"Akademia Sprzeda\u017cy [8 mies.] | Mateusz Mrozowski","isPartOf":{"@id":"https:\/\/mateuszmrozowski.pl\/sklep\/#website"},"primaryImageOfPage":{"@id":"https:\/\/mateuszmrozowski.pl\/sklep\/produkt\/akademia-handlowca\/#primaryimage"},"image":{"@id":"https:\/\/mateuszmrozowski.pl\/sklep\/produkt\/akademia-handlowca\/#primaryimage"},"thumbnailUrl":"https:\/\/mateuszmrozowski.pl\/sklep\/wp-content\/uploads\/2023\/12\/akademia-sprzedazy-mateusz-mrozowski.png","datePublished":"2023-12-01T18:51:08+00:00","dateModified":"2025-06-04T15:37:03+00:00","description":"Akademia Sprzeda\u017cy [8 mies.] \u2714\ufe0fNajlepsza wiedza \u2714\ufe0fZaj\u0119cia On-Line na \u017cywo \u2714\ufe0fKurs Sprzeda\u017cy \u2714\ufe0fCertyfikowani Trenerzy! Kup Teraz \u00bb","breadcrumb":{"@id":"https:\/\/mateuszmrozowski.pl\/sklep\/produkt\/akademia-handlowca\/#breadcrumb"},"inLanguage":"pl-PL","potentialAction":[{"@type":"ReadAction","target":["https:\/\/mateuszmrozowski.pl\/sklep\/produkt\/akademia-handlowca\/"]}]},{"@type":"ImageObject","inLanguage":"pl-PL","@id":"https:\/\/mateuszmrozowski.pl\/sklep\/produkt\/akademia-handlowca\/#primaryimage","url":"https:\/\/mateuszmrozowski.pl\/sklep\/wp-content\/uploads\/2023\/12\/akademia-sprzedazy-mateusz-mrozowski.png","contentUrl":"https:\/\/mateuszmrozowski.pl\/sklep\/wp-content\/uploads\/2023\/12\/akademia-sprzedazy-mateusz-mrozowski.png","width":1080,"height":1080,"caption":"Akademia Sprzeda\u017cy Mateusz Mrozowski"},{"@type":"BreadcrumbList","@id":"https:\/\/mateuszmrozowski.pl\/sklep\/produkt\/akademia-handlowca\/#breadcrumb","itemListElement":[{"@type":"ListItem","position":1,"name":"Strona g\u0142\u00f3wna","item":"https:\/\/mateuszmrozowski.pl\/sklep\/"},{"@type":"ListItem","position":2,"name":"Szkolenia biznesowe i kursy sprzeda\u017cowe","item":"https:\/\/mateuszmrozowski.pl\/sklep\/"},{"@type":"ListItem","position":3,"name":"Akademie","item":"https:\/\/mateuszmrozowski.pl\/sklep\/kategoria-produktu\/akademie\/"},{"@type":"ListItem","position":4,"name":"Akademia Sprzeda\u017cy"}]},{"@type":"WebSite","@id":"https:\/\/mateuszmrozowski.pl\/sklep\/#website","url":"https:\/\/mateuszmrozowski.pl\/sklep\/","name":"Mateusz Mrozowski Trener biznesu","description":"Walcz\u0119 o wynik dla firm z kt\u00f3rymi wsp\u00f3\u0142pracuj\u0119.","publisher":{"@id":"https:\/\/mateuszmrozowski.pl\/sklep\/#organization"},"alternateName":"Mateusz Mrozowski","potentialAction":[{"@type":"SearchAction","target":{"@type":"EntryPoint","urlTemplate":"https:\/\/mateuszmrozowski.pl\/sklep\/?s={search_term_string}"},"query-input":{"@type":"PropertyValueSpecification","valueRequired":true,"valueName":"search_term_string"}}],"inLanguage":"pl-PL"},{"@type":"Organization","@id":"https:\/\/mateuszmrozowski.pl\/sklep\/#organization","name":"Mateusz Mrozowski Trener biznesu","alternateName":"Mateusz Mrozowski","url":"https:\/\/mateuszmrozowski.pl\/sklep\/","logo":{"@type":"ImageObject","inLanguage":"pl-PL","@id":"https:\/\/mateuszmrozowski.pl\/sklep\/#\/schema\/logo\/image\/","url":"https:\/\/mateuszmrozowski.pl\/sklep\/wp-content\/uploads\/2025\/03\/cropped-mateusz_mrozowski_logo.png","contentUrl":"https:\/\/mateuszmrozowski.pl\/sklep\/wp-content\/uploads\/2025\/03\/cropped-mateusz_mrozowski_logo.png","width":236,"height":59,"caption":"Mateusz Mrozowski Trener biznesu"},"image":{"@id":"https:\/\/mateuszmrozowski.pl\/sklep\/#\/schema\/logo\/image\/"},"sameAs":["https:\/\/www.facebook.com\/mateuszmrozowskisiewca","https:\/\/www.youtube.com\/channel\/UCI6FhECZ4GdL1TYU5oh5JDg","https:\/\/www.instagram.com\/mrozowski.siewca\/","https:\/\/www.linkedin.com\/in\/mateuszmrozowski\/","https:\/\/maps.app.goo.gl\/Ee8wtgr6gx2CjEM68","https:\/\/www.tiktok.com\/@mateuszmrozowskisiewca"]}]}},"_links":{"self":[{"href":"https:\/\/mateuszmrozowski.pl\/sklep\/wp-json\/wp\/v2\/product\/93721","targetHints":{"allow":["GET"]}}],"collection":[{"href":"https:\/\/mateuszmrozowski.pl\/sklep\/wp-json\/wp\/v2\/product"}],"about":[{"href":"https:\/\/mateuszmrozowski.pl\/sklep\/wp-json\/wp\/v2\/types\/product"}],"wp:featuredmedia":[{"embeddable":true,"href":"https:\/\/mateuszmrozowski.pl\/sklep\/wp-json\/wp\/v2\/media\/98385"}],"wp:attachment":[{"href":"https:\/\/mateuszmrozowski.pl\/sklep\/wp-json\/wp\/v2\/media?parent=93721"}],"wp:term":[{"taxonomy":"product_brand","embeddable":true,"href":"https:\/\/mateuszmrozowski.pl\/sklep\/wp-json\/wp\/v2\/product_brand?post=93721"},{"taxonomy":"product_cat","embeddable":true,"href":"https:\/\/mateuszmrozowski.pl\/sklep\/wp-json\/wp\/v2\/product_cat?post=93721"},{"taxonomy":"product_tag","embeddable":true,"href":"https:\/\/mateuszmrozowski.pl\/sklep\/wp-json\/wp\/v2\/product_tag?post=93721"}],"curies":[{"name":"wp","href":"https:\/\/api.w.org\/{rel}","templated":true}]}}