{"id":90941,"date":"2023-06-28T15:55:02","date_gmt":"2023-06-28T15:55:02","guid":{"rendered":"https:\/\/mateuszmrozowski.pl\/sklep\/?post_type=product&#038;p=90941"},"modified":"2026-04-14T19:13:47","modified_gmt":"2026-04-14T19:13:47","slug":"akademia-trenera-biznesu","status":"publish","type":"product","link":"https:\/\/mateuszmrozowski.pl\/sklep\/produkt\/akademia-trenera-biznesu\/","title":{"rendered":"Akademia Trenera Biznesu &#8211; Zaj\u0119cia Indywidualne"},"content":{"rendered":"\n\n<div class=\"kk-star-ratings kksr-auto kksr-align-left kksr-valign-top kksr-disabled\"\n    data-payload='{&quot;align&quot;:&quot;left&quot;,&quot;id&quot;:&quot;90941&quot;,&quot;readonly&quot;:&quot;1&quot;,&quot;slug&quot;:&quot;default&quot;,&quot;valign&quot;:&quot;top&quot;,&quot;ignore&quot;:&quot;&quot;,&quot;reference&quot;:&quot;auto&quot;,&quot;class&quot;:&quot;&quot;,&quot;count&quot;:&quot;24&quot;,&quot;legendonly&quot;:&quot;&quot;,&quot;score&quot;:&quot;4.2&quot;,&quot;starsonly&quot;:&quot;&quot;,&quot;best&quot;:&quot;5&quot;,&quot;gap&quot;:&quot;5&quot;,&quot;greet&quot;:&quot;Wystaw ocen\u0119&quot;,&quot;legend&quot;:&quot;4.2\\\/5 - (24 ocen)&quot;,&quot;size&quot;:&quot;16&quot;,&quot;title&quot;:&quot;Akademia Trenera Biznesu - Zaj\u0119cia Indywidualne&quot;,&quot;width&quot;:&quot;85.7&quot;,&quot;_legend&quot;:&quot;{score}\\\/{best} - ({count} ocen)&quot;,&quot;font_factor&quot;:&quot;1.25&quot;}'>\n            \n<div class=\"kksr-stars\">\n    \n<div class=\"kksr-stars-inactive\">\n            <div class=\"kksr-star\" data-star=\"1\" style=\"padding-right: 5px\">\n            \n\n<div class=\"kksr-icon\" style=\"width: 16px; height: 16px;\"><\/div>\n        <\/div>\n            <div class=\"kksr-star\" data-star=\"2\" style=\"padding-right: 5px\">\n            \n\n<div class=\"kksr-icon\" style=\"width: 16px; height: 16px;\"><\/div>\n        <\/div>\n            <div class=\"kksr-star\" data-star=\"3\" style=\"padding-right: 5px\">\n            \n\n<div class=\"kksr-icon\" style=\"width: 16px; height: 16px;\"><\/div>\n        <\/div>\n            <div class=\"kksr-star\" data-star=\"4\" style=\"padding-right: 5px\">\n            \n\n<div class=\"kksr-icon\" style=\"width: 16px; height: 16px;\"><\/div>\n        <\/div>\n            <div class=\"kksr-star\" data-star=\"5\" style=\"padding-right: 5px\">\n            \n\n<div class=\"kksr-icon\" style=\"width: 16px; height: 16px;\"><\/div>\n        <\/div>\n    <\/div>\n    \n<div class=\"kksr-stars-active\" style=\"width: 85.7px;\">\n            <div class=\"kksr-star\" style=\"padding-right: 5px\">\n            \n\n<div class=\"kksr-icon\" style=\"width: 16px; height: 16px;\"><\/div>\n        <\/div>\n            <div class=\"kksr-star\" style=\"padding-right: 5px\">\n            \n\n<div class=\"kksr-icon\" style=\"width: 16px; height: 16px;\"><\/div>\n        <\/div>\n            <div class=\"kksr-star\" style=\"padding-right: 5px\">\n            \n\n<div class=\"kksr-icon\" style=\"width: 16px; height: 16px;\"><\/div>\n        <\/div>\n            <div class=\"kksr-star\" style=\"padding-right: 5px\">\n            \n\n<div class=\"kksr-icon\" style=\"width: 16px; height: 16px;\"><\/div>\n        <\/div>\n            <div class=\"kksr-star\" style=\"padding-right: 5px\">\n            \n\n<div class=\"kksr-icon\" style=\"width: 16px; height: 16px;\"><\/div>\n        <\/div>\n    <\/div>\n<\/div>\n                \n\n<div class=\"kksr-legend\" style=\"font-size: 12.8px;\">\n            4.2\/5 - (24 ocen)    <\/div>\n    <\/div>\n<h1><strong>Akademia Trenera Biznesu<\/strong><\/h1>\n<h2><span class=\"JsGRdQ\">5-miesi\u0119czny program zaj\u0119\u0107 indywidualnych dla obecnych i przysz\u0142ych Trener\u00f3w Biznesu<\/span><\/h2>\n<p><strong>Indywidualna Akademia Trener\u00f3w Biznesu<\/strong> to zaawansowany program szkoleniowy, dedykowany osobom pragn\u0105cym rozwija\u0107 swoje kompetencje w zakresie prowadzenia szkole\u0144 i trening\u00f3w biznesowych. Akademia oferuje spersonalizowane zaj\u0119cia 1:1, kt\u00f3re pozwalaj\u0105 na maksymalne dostosowanie programu do indywidualnych potrzeb i cel\u00f3w uczestnik\u00f3w. Program trwa 5 miesi\u0119cy, w trakcie kt\u00f3rych uczestnicy zdob\u0119d\u0105 niezb\u0119dn\u0105 wiedz\u0119 i umiej\u0119tno\u015bci do prowadzenia skutecznych szkole\u0144 biznesowych.<\/p>\n<p><strong>Program Indywidualnej Akademii Trener\u00f3w Biznesu<\/strong> obejmuje szeroki zakres temat\u00f3w, takich jak metodyka szkole\u0144, psychologia uczenia si\u0119 doros\u0142ych, techniki prezentacji, zarz\u0105dzanie grup\u0105 szkoleniow\u0105 oraz rozwijanie kompetencji trenerskich. Uczestnicy naucz\u0105 si\u0119, jak skutecznie przekazywa\u0107 wiedz\u0119, anga\u017cowa\u0107 uczestnik\u00f3w oraz dostosowywa\u0107 tre\u015bci szkoleniowe do r\u00f3\u017cnych grup odbiorc\u00f3w.<\/p>\n<h3><strong>Dlaczego warto wybra\u0107 Indywidualn\u0105 Akademi\u0119 Trener\u00f3w Biznesu?<\/strong><\/h3>\n<ul>\n<li><strong>Indywidualne podej\u015bcie:<\/strong> Spersonalizowany program szkoleniowy dostosowany do indywidualnych potrzeb i cel\u00f3w ka\u017cdego uczestnika.<\/li>\n<li><strong>Do\u015bwiadczeni trenerzy:<\/strong> Nasza kadra sk\u0142ada si\u0119 z do\u015bwiadczonych trener\u00f3w biznesowych, kt\u00f3rzy na co dzie\u0144 prowadz\u0105 szkolenia dla r\u00f3\u017cnych bran\u017c.<\/li>\n<li><strong>Elastyczno\u015b\u0107:<\/strong> Mo\u017cliwo\u015b\u0107 dostosowania harmonogramu zaj\u0119\u0107 do indywidualnych preferencji uczestnika.<\/li>\n<li><strong>Praktyczne umiej\u0119tno\u015bci:<\/strong> K\u0142adziemy du\u017cy nacisk na praktyczne zastosowanie zdobytej wiedzy, co pozwala na efektywne przygotowanie do prowadzenia w\u0142asnych szkole\u0144.<\/li>\n<\/ul>\n<h3><strong>Korzy\u015bci dla firm:<\/strong><\/h3>\n<ul>\n<li><strong>Rozw\u00f3j wewn\u0119trznych trener\u00f3w:<\/strong> Szkolenie kluczowych pracownik\u00f3w, kt\u00f3rzy mog\u0105 p\u00f3\u017aniej prowadzi\u0107 wewn\u0119trzne szkolenia, przyczyniaj\u0105c si\u0119 do rozwoju kompetencji ca\u0142ego zespo\u0142u.<\/li>\n<li><strong>Poprawa jako\u015bci szkole\u0144:<\/strong> Profesjonalnie przygotowani trenerzy podnosz\u0105 jako\u015b\u0107 i efektywno\u015b\u0107 szkole\u0144, co przek\u0142ada si\u0119 na lepsze wyniki biznesowe.<\/li>\n<li><strong>Oszcz\u0119dno\u015b\u0107 koszt\u00f3w:<\/strong> Inwestowanie w rozw\u00f3j wewn\u0119trznych trener\u00f3w pozwala na ograniczenie koszt\u00f3w zwi\u0105zanych z zewn\u0119trznymi szkoleniami.<\/li>\n<\/ul>\n<h3><strong>Dla kogo jest Indywidualna Akademia Trener\u00f3w Biznesu?<\/strong><\/h3>\n<p>Program jest idealny dla:<\/p>\n<ul>\n<li>Pracownik\u00f3w dzia\u0142\u00f3w HR i L&amp;D, kt\u00f3rzy chc\u0105 rozwija\u0107 swoje umiej\u0119tno\u015bci trenerskie.<\/li>\n<li>Mened\u017cer\u00f3w i lider\u00f3w, kt\u00f3rzy pragn\u0105 prowadzi\u0107 efektywne szkolenia dla swoich zespo\u0142\u00f3w.<\/li>\n<li>Os\u00f3b aspiruj\u0105cych do roli trenera biznesowego, kt\u00f3re chc\u0105 zdoby\u0107 solidne podstawy i rozwija\u0107 swoj\u0105 karier\u0119 w tej dziedzinie.<\/li>\n<\/ul>\n<h3><strong><span class=\"JsGRdQ\">Korzy\u015bci dla uczestnik\u00f3w<\/span><\/strong><\/h3>\n<ul>\n<li><span class=\"JsGRdQ\">Umiej\u0119tno\u015b\u0107 prowadzenia ludzi w nowoczesnych modelach zarz\u0105dzania<\/span><\/li>\n<li><span class=\"JsGRdQ\">Ustalanie w\u0142asnych proces\u00f3w i procedur<\/span><\/li>\n<li><span class=\"JsGRdQ\">Umiej\u0119tno\u015b\u0107 ustalania strategii i taktyk biznesowych<\/span><\/li>\n<li><span class=\"JsGRdQ\">Zrozumienie proces\u00f3w sprzeda\u017cowych<\/span><\/li>\n<li><span class=\"JsGRdQ\">Kreacja archetypu w\u0142asnej osobowo\u015bci i zespo\u0142u<\/span><\/li>\n<li><span class=\"JsGRdQ\">Nabycie kompetencji w zakresie zarz\u0105dzania, sprzeda\u017cy i rekrutacji<\/span><\/li>\n<li><span class=\"JsGRdQ\">Umiej\u0119tno\u015b\u0107 odkrywania talent\u00f3w w zespole oraz motywacji i automotywacji<\/span><\/li>\n<li><span class=\"JsGRdQ\">Dost\u0119p do szkole\u0144 firmowych (min raz w miesi\u0105cu)<\/span><\/li>\n<li><span class=\"JsGRdQ\">Rozw\u00f3j swoich talent\u00f3w<\/span><\/li>\n<li><span class=\"JsGRdQ\">Napisanie w\u0142asnej ksi\u0105\u017cki<\/span><\/li>\n<li><span class=\"JsGRdQ\">Mo\u017cliwo\u015b\u0107 dalszej wsp\u00f3\u0142pracy<\/span><\/li>\n<li><span class=\"JsGRdQ\">Mo\u017cliwo\u015b\u0107 prowadzenia szkole\u0144 w firmach zaprzyja\u017anionych<\/span><\/li>\n<li><span class=\"JsGRdQ\">Mo\u017cliwo\u015b\u0107 prowadzenia w\u0142asnych szkole\u0144<\/span><\/li>\n<\/ul>\n<h3><strong>Wst\u0119pny Harmonogram:<\/strong><\/h3>\n<ul>\n<li><span class=\"JsGRdQ\">1 x w tygodniu zaj\u0119cia online w trybie indywidualnym<\/span><\/li>\n<li>Dost\u0119p do zamkni\u0119tych zaj\u0119<span class=\"JsGRdQ\">\u0107<\/span> online i stacjonarnych<\/li>\n<\/ul>\n<h3><strong>Czego si\u0119 dowiesz:<\/strong><\/h3>\n<ul>\n<li><span class=\"JsGRdQ\">Jak prowadzi\u0107 i tworzy\u0107 szkolenia.<\/span><\/li>\n<li><span class=\"JsGRdQ\">Jak analizowa\u0107 potrzeby szkoleniowe<\/span><\/li>\n<li><span class=\"JsGRdQ\">Jak stworzy\u0107 w\u0142asne narz\u0119dzia i metody trenerskie.<\/span><\/li>\n<li><span class=\"JsGRdQ\">Jak ocenia\u0107 efektywno\u015b\u0107 szkole\u0144.<\/span><\/li>\n<li><span class=\"JsGRdQ\">Jak sprawi\u0107, by klienci traktowali Ci\u0119 jako eksperta.<\/span><\/li>\n<li><span class=\"JsGRdQ\">Jak skutecznie wyst\u0119powa\u0107 przed grup\u0105 odbiorc\u00f3w.<\/span><\/li>\n<li><span class=\"JsGRdQ\">Jak radzi\u0107 sobie w trudnych sytuacjach na sali.<\/span><\/li>\n<li><span class=\"JsGRdQ\">Jak zacz\u0105\u0107 prac\u0119 jako trener.<\/span><\/li>\n<li><span class=\"JsGRdQ\">Jak rozwija\u0107 si\u0119 jako trener.<\/span><\/li>\n<li><span class=\"JsGRdQ\">Jakich umiej\u0119tno\u015bci potrzebuje prawdziwy trener i je otrzymasz.<\/span><\/li>\n<\/ul>\n<h3><strong>Informacje:<\/strong><\/h3>\n<ol>\n<li class=\"_04xlpA direction-ltr align-justify para-style-body\"><span class=\"JsGRdQ\">Warunkiem przyst\u0105pienia na Akademi\u0119 Trenera Biznesu jest<strong> indywidualna rozmowa kwalifikacyjna<\/strong>, dzi\u0119ki kt\u00f3rej jeste\u015bmy w stanie oceni\u0107, czy Absolwent Akademii b\u0119dzie w stanie uczy\u0107, szkoli\u0107 i rozwija\u0107 innych ludzi.<\/span><\/li>\n<li class=\"_04xlpA direction-ltr align-justify para-style-body\"><span class=\"JsGRdQ\">Akademia ko\u0144czy si\u0119 <strong>mi\u0119dzynarodow\u0105 certyfikacj\u0105 trenersk\u0105 \u201eTrener Biznesu\u201d.<\/strong><\/span><\/li>\n<li class=\"_04xlpA direction-ltr align-justify para-style-body\"><span class=\"JsGRdQ\">Uczestnicy Akademii Trenerskiej w ramach szkolenia b\u0119d\u0105 mieli dost\u0119p do wszystkich niezb\u0119dnych materia\u0142\u00f3w szkoleniowych i szkole\u0144 otwartych, nie ponosz\u0105c za to dodatkowej op\u0142aty. W ramach wsp\u00f3\u0142pracy b\u0119dzie pracowa\u0107 jako trener wsp\u00f3\u0142prowadz\u0105cy (co-trener). Uczestnicy otrzymuj\u0105 r\u00f3wnie\u017c dost\u0119p do kurs\u00f3w online i materia\u0142\u00f3w dydaktycznych.<\/span><\/li>\n<li>Warunkiem uko\u0144czenia Akademii jest napisanie <strong>w\u0142asnej ksi\u0105\u017cki <\/strong>przy pomocy prowadz\u0105cych.<\/li>\n<li><span class=\"JsGRdQ\">Uczestnicy Akademii Trener\u00f3w Biznesu przez 5 miesi\u0119cy b\u0119d\u0105 indywidualnie prowadzeni metodami coachingowymi i mentorskimi, pracuj\u0105c nad swoim osobistym powo\u0142aniem i talentem.<\/span><\/li>\n<\/ol>\n<h4><strong>Mo\u017cliwo\u015b<span class=\"JsGRdQ\">\u0107 p\u0142atno\u015bci miesi\u0119cznych: od 4000 z\u0142 netto \/ miesi\u0105c.<\/span><\/strong><\/h4>\n<h2><\/h2>\n<p>&nbsp;<\/p>\n","protected":false},"excerpt":{"rendered":"<p>Zupe\u0142nie nowa ods\u0142ona Akademii Trenera Biznesu. <strong>Zaj\u0119cia prowadzone s\u0105 indywidualnie<\/strong> z uczestnikami, raz w tygodniu w formie online. Uczestnicy pracuj\u0105 nad swoimi studium przypadku, przechodz\u0105 przez zaawansowane zagadnienia ze sprzeda\u017cy i zarz\u0105dzania.<\/p>\n","protected":false},"featured_media":98387,"template":"","meta":{"_acf_changed":false,"content-type":""},"product_brand":[],"product_cat":[30,114],"product_tag":[],"class_list":{"0":"post-90941","1":"product","2":"type-product","3":"status-publish","4":"has-post-thumbnail","6":"product_cat-akademie","7":"product_cat-wszystkie-produkty","9":"first","10":"onbackorder","11":"virtual","12":"sold-individually","13":"product-type-simple"},"acf":[],"yoast_head":"<!-- This site is optimized with the Yoast SEO plugin v27.3 - https:\/\/yoast.com\/product\/yoast-seo-wordpress\/ -->\n<title>M. Mrozowski | Akademia Trener\u00f3w Biznesu | Zaj\u0119cia 1:1<\/title>\n<meta name=\"description\" content=\"Akademia Trener\u00f3w Biznesu \u2714\ufe0f5 mies. Zaj\u0119\u0107 On-Line i Stacjonarnie \u2714\ufe0f Konsultacje Indywidualne \u2714\ufe0f Certyfikowani Trenerzy! Kup Teraz \u00bb\" \/>\n<meta name=\"robots\" content=\"index, follow, max-snippet:-1, max-image-preview:large, max-video-preview:-1\" \/>\n<link rel=\"canonical\" href=\"https:\/\/mateuszmrozowski.pl\/sklep\/produkt\/akademia-trenera-biznesu\/\" \/>\n<meta property=\"og:locale\" content=\"pl_PL\" \/>\n<meta property=\"og:type\" content=\"article\" \/>\n<meta property=\"og:title\" content=\"M. Mrozowski | Akademia Trener\u00f3w Biznesu | Zaj\u0119cia 1:1\" \/>\n<meta property=\"og:description\" content=\"Akademia Trener\u00f3w Biznesu \u2714\ufe0f5 mies. Zaj\u0119\u0107 On-Line i Stacjonarnie \u2714\ufe0f Konsultacje Indywidualne \u2714\ufe0f Certyfikowani Trenerzy! Kup Teraz \u00bb\" \/>\n<meta property=\"og:url\" content=\"https:\/\/mateuszmrozowski.pl\/sklep\/produkt\/akademia-trenera-biznesu\/\" \/>\n<meta property=\"og:site_name\" content=\"Mateusz Mrozowski Trener Biznesu\" \/>\n<meta property=\"article:publisher\" content=\"https:\/\/www.facebook.com\/mateuszmrozowskisiewca\" \/>\n<meta property=\"article:modified_time\" content=\"2026-04-14T19:13:47+00:00\" \/>\n<meta property=\"og:image\" content=\"https:\/\/mateuszmrozowski.pl\/sklep\/wp-content\/uploads\/2023\/06\/akademia-trenera-biznesu-mateusz-mrozowski.png\" \/>\n\t<meta property=\"og:image:width\" content=\"1080\" \/>\n\t<meta property=\"og:image:height\" content=\"1080\" \/>\n\t<meta property=\"og:image:type\" content=\"image\/png\" \/>\n<meta name=\"twitter:card\" content=\"summary_large_image\" \/>\n<meta name=\"twitter:label1\" content=\"Szacowany czas czytania\" \/>\n\t<meta name=\"twitter:data1\" content=\"4 minuty\" \/>\n<script type=\"application\/ld+json\" class=\"yoast-schema-graph\">{\"@context\":\"https:\\\/\\\/schema.org\",\"@graph\":[{\"@type\":\"WebPage\",\"@id\":\"https:\\\/\\\/mateuszmrozowski.pl\\\/sklep\\\/produkt\\\/akademia-trenera-biznesu\\\/\",\"url\":\"https:\\\/\\\/mateuszmrozowski.pl\\\/sklep\\\/produkt\\\/akademia-trenera-biznesu\\\/\",\"name\":\"M. Mrozowski | Akademia Trener\u00f3w Biznesu | Zaj\u0119cia 1:1\",\"isPartOf\":{\"@id\":\"https:\\\/\\\/mateuszmrozowski.pl\\\/sklep\\\/#website\"},\"primaryImageOfPage\":{\"@id\":\"https:\\\/\\\/mateuszmrozowski.pl\\\/sklep\\\/produkt\\\/akademia-trenera-biznesu\\\/#primaryimage\"},\"image\":{\"@id\":\"https:\\\/\\\/mateuszmrozowski.pl\\\/sklep\\\/produkt\\\/akademia-trenera-biznesu\\\/#primaryimage\"},\"thumbnailUrl\":\"https:\\\/\\\/mateuszmrozowski.pl\\\/sklep\\\/wp-content\\\/uploads\\\/2023\\\/06\\\/akademia-trenera-biznesu-mateusz-mrozowski.png\",\"datePublished\":\"2023-06-28T15:55:02+00:00\",\"dateModified\":\"2026-04-14T19:13:47+00:00\",\"description\":\"Akademia Trener\u00f3w Biznesu \u2714\ufe0f5 mies. Zaj\u0119\u0107 On-Line i Stacjonarnie \u2714\ufe0f Konsultacje Indywidualne \u2714\ufe0f Certyfikowani Trenerzy! Kup Teraz \u00bb\",\"breadcrumb\":{\"@id\":\"https:\\\/\\\/mateuszmrozowski.pl\\\/sklep\\\/produkt\\\/akademia-trenera-biznesu\\\/#breadcrumb\"},\"inLanguage\":\"pl-PL\",\"potentialAction\":[{\"@type\":\"ReadAction\",\"target\":[\"https:\\\/\\\/mateuszmrozowski.pl\\\/sklep\\\/produkt\\\/akademia-trenera-biznesu\\\/\"]}]},{\"@type\":\"ImageObject\",\"inLanguage\":\"pl-PL\",\"@id\":\"https:\\\/\\\/mateuszmrozowski.pl\\\/sklep\\\/produkt\\\/akademia-trenera-biznesu\\\/#primaryimage\",\"url\":\"https:\\\/\\\/mateuszmrozowski.pl\\\/sklep\\\/wp-content\\\/uploads\\\/2023\\\/06\\\/akademia-trenera-biznesu-mateusz-mrozowski.png\",\"contentUrl\":\"https:\\\/\\\/mateuszmrozowski.pl\\\/sklep\\\/wp-content\\\/uploads\\\/2023\\\/06\\\/akademia-trenera-biznesu-mateusz-mrozowski.png\",\"width\":1080,\"height\":1080,\"caption\":\"Akademia Trenera Biznesu Mateusz Mrozowski\"},{\"@type\":\"BreadcrumbList\",\"@id\":\"https:\\\/\\\/mateuszmrozowski.pl\\\/sklep\\\/produkt\\\/akademia-trenera-biznesu\\\/#breadcrumb\",\"itemListElement\":[{\"@type\":\"ListItem\",\"position\":1,\"name\":\"Strona g\u0142\u00f3wna\",\"item\":\"https:\\\/\\\/mateuszmrozowski.pl\\\/sklep\\\/\"},{\"@type\":\"ListItem\",\"position\":2,\"name\":\"Szkolenia biznesowe i kursy sprzeda\u017cowe\",\"item\":\"https:\\\/\\\/mateuszmrozowski.pl\\\/sklep\\\/\"},{\"@type\":\"ListItem\",\"position\":3,\"name\":\"Akademie\",\"item\":\"https:\\\/\\\/mateuszmrozowski.pl\\\/sklep\\\/kategoria-produktu\\\/akademie\\\/\"},{\"@type\":\"ListItem\",\"position\":4,\"name\":\"Akademia Trenera Biznesu &#8211; Zaj\u0119cia Indywidualne\"}]},{\"@type\":\"WebSite\",\"@id\":\"https:\\\/\\\/mateuszmrozowski.pl\\\/sklep\\\/#website\",\"url\":\"https:\\\/\\\/mateuszmrozowski.pl\\\/sklep\\\/\",\"name\":\"Mateusz Mrozowski Trener biznesu\",\"description\":\"Walcz\u0119 o wynik dla firm z kt\u00f3rymi wsp\u00f3\u0142pracuj\u0119.\",\"publisher\":{\"@id\":\"https:\\\/\\\/mateuszmrozowski.pl\\\/sklep\\\/#organization\"},\"alternateName\":\"Mateusz Mrozowski\",\"potentialAction\":[{\"@type\":\"SearchAction\",\"target\":{\"@type\":\"EntryPoint\",\"urlTemplate\":\"https:\\\/\\\/mateuszmrozowski.pl\\\/sklep\\\/?s={search_term_string}\"},\"query-input\":{\"@type\":\"PropertyValueSpecification\",\"valueRequired\":true,\"valueName\":\"search_term_string\"}}],\"inLanguage\":\"pl-PL\"},{\"@type\":\"Organization\",\"@id\":\"https:\\\/\\\/mateuszmrozowski.pl\\\/sklep\\\/#organization\",\"name\":\"Mateusz Mrozowski Trener biznesu\",\"alternateName\":\"Mateusz Mrozowski\",\"url\":\"https:\\\/\\\/mateuszmrozowski.pl\\\/sklep\\\/\",\"logo\":{\"@type\":\"ImageObject\",\"inLanguage\":\"pl-PL\",\"@id\":\"https:\\\/\\\/mateuszmrozowski.pl\\\/sklep\\\/#\\\/schema\\\/logo\\\/image\\\/\",\"url\":\"https:\\\/\\\/mateuszmrozowski.pl\\\/sklep\\\/wp-content\\\/uploads\\\/2025\\\/03\\\/cropped-mateusz_mrozowski_logo.png\",\"contentUrl\":\"https:\\\/\\\/mateuszmrozowski.pl\\\/sklep\\\/wp-content\\\/uploads\\\/2025\\\/03\\\/cropped-mateusz_mrozowski_logo.png\",\"width\":236,\"height\":59,\"caption\":\"Mateusz Mrozowski Trener biznesu\"},\"image\":{\"@id\":\"https:\\\/\\\/mateuszmrozowski.pl\\\/sklep\\\/#\\\/schema\\\/logo\\\/image\\\/\"},\"sameAs\":[\"https:\\\/\\\/www.facebook.com\\\/mateuszmrozowskisiewca\",\"https:\\\/\\\/www.youtube.com\\\/channel\\\/UCI6FhECZ4GdL1TYU5oh5JDg\",\"https:\\\/\\\/www.instagram.com\\\/mrozowski.siewca\\\/\",\"https:\\\/\\\/www.linkedin.com\\\/in\\\/mateuszmrozowski\\\/\",\"https:\\\/\\\/maps.app.goo.gl\\\/Ee8wtgr6gx2CjEM68\",\"https:\\\/\\\/www.tiktok.com\\\/@mateuszmrozowskisiewca\"]}]}<\/script>\n<!-- \/ Yoast SEO plugin. -->","yoast_head_json":{"title":"M. Mrozowski | Akademia Trener\u00f3w Biznesu | Zaj\u0119cia 1:1","description":"Akademia Trener\u00f3w Biznesu \u2714\ufe0f5 mies. Zaj\u0119\u0107 On-Line i Stacjonarnie \u2714\ufe0f Konsultacje Indywidualne \u2714\ufe0f Certyfikowani Trenerzy! Kup Teraz \u00bb","robots":{"index":"index","follow":"follow","max-snippet":"max-snippet:-1","max-image-preview":"max-image-preview:large","max-video-preview":"max-video-preview:-1"},"canonical":"https:\/\/mateuszmrozowski.pl\/sklep\/produkt\/akademia-trenera-biznesu\/","og_locale":"pl_PL","og_type":"article","og_title":"M. Mrozowski | Akademia Trener\u00f3w Biznesu | Zaj\u0119cia 1:1","og_description":"Akademia Trener\u00f3w Biznesu \u2714\ufe0f5 mies. Zaj\u0119\u0107 On-Line i Stacjonarnie \u2714\ufe0f Konsultacje Indywidualne \u2714\ufe0f Certyfikowani Trenerzy! Kup Teraz \u00bb","og_url":"https:\/\/mateuszmrozowski.pl\/sklep\/produkt\/akademia-trenera-biznesu\/","og_site_name":"Mateusz Mrozowski Trener Biznesu","article_publisher":"https:\/\/www.facebook.com\/mateuszmrozowskisiewca","article_modified_time":"2026-04-14T19:13:47+00:00","og_image":[{"width":1080,"height":1080,"url":"https:\/\/mateuszmrozowski.pl\/sklep\/wp-content\/uploads\/2023\/06\/akademia-trenera-biznesu-mateusz-mrozowski.png","type":"image\/png"}],"twitter_card":"summary_large_image","twitter_misc":{"Szacowany czas czytania":"4 minuty"},"schema":{"@context":"https:\/\/schema.org","@graph":[{"@type":"WebPage","@id":"https:\/\/mateuszmrozowski.pl\/sklep\/produkt\/akademia-trenera-biznesu\/","url":"https:\/\/mateuszmrozowski.pl\/sklep\/produkt\/akademia-trenera-biznesu\/","name":"M. Mrozowski | Akademia Trener\u00f3w Biznesu | Zaj\u0119cia 1:1","isPartOf":{"@id":"https:\/\/mateuszmrozowski.pl\/sklep\/#website"},"primaryImageOfPage":{"@id":"https:\/\/mateuszmrozowski.pl\/sklep\/produkt\/akademia-trenera-biznesu\/#primaryimage"},"image":{"@id":"https:\/\/mateuszmrozowski.pl\/sklep\/produkt\/akademia-trenera-biznesu\/#primaryimage"},"thumbnailUrl":"https:\/\/mateuszmrozowski.pl\/sklep\/wp-content\/uploads\/2023\/06\/akademia-trenera-biznesu-mateusz-mrozowski.png","datePublished":"2023-06-28T15:55:02+00:00","dateModified":"2026-04-14T19:13:47+00:00","description":"Akademia Trener\u00f3w Biznesu \u2714\ufe0f5 mies. Zaj\u0119\u0107 On-Line i Stacjonarnie \u2714\ufe0f Konsultacje Indywidualne \u2714\ufe0f Certyfikowani Trenerzy! Kup Teraz \u00bb","breadcrumb":{"@id":"https:\/\/mateuszmrozowski.pl\/sklep\/produkt\/akademia-trenera-biznesu\/#breadcrumb"},"inLanguage":"pl-PL","potentialAction":[{"@type":"ReadAction","target":["https:\/\/mateuszmrozowski.pl\/sklep\/produkt\/akademia-trenera-biznesu\/"]}]},{"@type":"ImageObject","inLanguage":"pl-PL","@id":"https:\/\/mateuszmrozowski.pl\/sklep\/produkt\/akademia-trenera-biznesu\/#primaryimage","url":"https:\/\/mateuszmrozowski.pl\/sklep\/wp-content\/uploads\/2023\/06\/akademia-trenera-biznesu-mateusz-mrozowski.png","contentUrl":"https:\/\/mateuszmrozowski.pl\/sklep\/wp-content\/uploads\/2023\/06\/akademia-trenera-biznesu-mateusz-mrozowski.png","width":1080,"height":1080,"caption":"Akademia Trenera Biznesu Mateusz Mrozowski"},{"@type":"BreadcrumbList","@id":"https:\/\/mateuszmrozowski.pl\/sklep\/produkt\/akademia-trenera-biznesu\/#breadcrumb","itemListElement":[{"@type":"ListItem","position":1,"name":"Strona g\u0142\u00f3wna","item":"https:\/\/mateuszmrozowski.pl\/sklep\/"},{"@type":"ListItem","position":2,"name":"Szkolenia biznesowe i kursy sprzeda\u017cowe","item":"https:\/\/mateuszmrozowski.pl\/sklep\/"},{"@type":"ListItem","position":3,"name":"Akademie","item":"https:\/\/mateuszmrozowski.pl\/sklep\/kategoria-produktu\/akademie\/"},{"@type":"ListItem","position":4,"name":"Akademia Trenera Biznesu &#8211; Zaj\u0119cia Indywidualne"}]},{"@type":"WebSite","@id":"https:\/\/mateuszmrozowski.pl\/sklep\/#website","url":"https:\/\/mateuszmrozowski.pl\/sklep\/","name":"Mateusz Mrozowski Trener biznesu","description":"Walcz\u0119 o wynik dla firm z kt\u00f3rymi wsp\u00f3\u0142pracuj\u0119.","publisher":{"@id":"https:\/\/mateuszmrozowski.pl\/sklep\/#organization"},"alternateName":"Mateusz Mrozowski","potentialAction":[{"@type":"SearchAction","target":{"@type":"EntryPoint","urlTemplate":"https:\/\/mateuszmrozowski.pl\/sklep\/?s={search_term_string}"},"query-input":{"@type":"PropertyValueSpecification","valueRequired":true,"valueName":"search_term_string"}}],"inLanguage":"pl-PL"},{"@type":"Organization","@id":"https:\/\/mateuszmrozowski.pl\/sklep\/#organization","name":"Mateusz Mrozowski Trener biznesu","alternateName":"Mateusz Mrozowski","url":"https:\/\/mateuszmrozowski.pl\/sklep\/","logo":{"@type":"ImageObject","inLanguage":"pl-PL","@id":"https:\/\/mateuszmrozowski.pl\/sklep\/#\/schema\/logo\/image\/","url":"https:\/\/mateuszmrozowski.pl\/sklep\/wp-content\/uploads\/2025\/03\/cropped-mateusz_mrozowski_logo.png","contentUrl":"https:\/\/mateuszmrozowski.pl\/sklep\/wp-content\/uploads\/2025\/03\/cropped-mateusz_mrozowski_logo.png","width":236,"height":59,"caption":"Mateusz Mrozowski Trener biznesu"},"image":{"@id":"https:\/\/mateuszmrozowski.pl\/sklep\/#\/schema\/logo\/image\/"},"sameAs":["https:\/\/www.facebook.com\/mateuszmrozowskisiewca","https:\/\/www.youtube.com\/channel\/UCI6FhECZ4GdL1TYU5oh5JDg","https:\/\/www.instagram.com\/mrozowski.siewca\/","https:\/\/www.linkedin.com\/in\/mateuszmrozowski\/","https:\/\/maps.app.goo.gl\/Ee8wtgr6gx2CjEM68","https:\/\/www.tiktok.com\/@mateuszmrozowskisiewca"]}]}},"_links":{"self":[{"href":"https:\/\/mateuszmrozowski.pl\/sklep\/wp-json\/wp\/v2\/product\/90941","targetHints":{"allow":["GET"]}}],"collection":[{"href":"https:\/\/mateuszmrozowski.pl\/sklep\/wp-json\/wp\/v2\/product"}],"about":[{"href":"https:\/\/mateuszmrozowski.pl\/sklep\/wp-json\/wp\/v2\/types\/product"}],"wp:featuredmedia":[{"embeddable":true,"href":"https:\/\/mateuszmrozowski.pl\/sklep\/wp-json\/wp\/v2\/media\/98387"}],"wp:attachment":[{"href":"https:\/\/mateuszmrozowski.pl\/sklep\/wp-json\/wp\/v2\/media?parent=90941"}],"wp:term":[{"taxonomy":"product_brand","embeddable":true,"href":"https:\/\/mateuszmrozowski.pl\/sklep\/wp-json\/wp\/v2\/product_brand?post=90941"},{"taxonomy":"product_cat","embeddable":true,"href":"https:\/\/mateuszmrozowski.pl\/sklep\/wp-json\/wp\/v2\/product_cat?post=90941"},{"taxonomy":"product_tag","embeddable":true,"href":"https:\/\/mateuszmrozowski.pl\/sklep\/wp-json\/wp\/v2\/product_tag?post=90941"}],"curies":[{"name":"wp","href":"https:\/\/api.w.org\/{rel}","templated":true}]}}