{"id":90647,"date":"2023-06-21T10:18:03","date_gmt":"2023-06-21T10:18:03","guid":{"rendered":"https:\/\/mateuszmrozowski.pl\/sklep\/produkt\/sprzedaz-360-psychologia-techniki-mistrzostwo\/"},"modified":"2025-11-30T16:47:43","modified_gmt":"2025-11-30T16:47:43","slug":"kurs-online-sprzedaz-360-psychologia-techniki","status":"publish","type":"product","link":"https:\/\/mateuszmrozowski.pl\/sklep\/produkt\/kurs-online-sprzedaz-360-psychologia-techniki\/","title":{"rendered":"Sprzeda\u017c 360: Psychologia. Techniki. Mistrzostwo."},"content":{"rendered":"\n\n<div class=\"kk-star-ratings kksr-auto kksr-align-left kksr-valign-top kksr-disabled\"\n    data-payload='{&quot;align&quot;:&quot;left&quot;,&quot;id&quot;:&quot;90647&quot;,&quot;readonly&quot;:&quot;1&quot;,&quot;slug&quot;:&quot;default&quot;,&quot;valign&quot;:&quot;top&quot;,&quot;ignore&quot;:&quot;&quot;,&quot;reference&quot;:&quot;auto&quot;,&quot;class&quot;:&quot;&quot;,&quot;count&quot;:&quot;18&quot;,&quot;legendonly&quot;:&quot;&quot;,&quot;score&quot;:&quot;4.7&quot;,&quot;starsonly&quot;:&quot;&quot;,&quot;best&quot;:&quot;5&quot;,&quot;gap&quot;:&quot;5&quot;,&quot;greet&quot;:&quot;Wystaw ocen\u0119&quot;,&quot;legend&quot;:&quot;4.7\\\/5 - (18 ocen)&quot;,&quot;size&quot;:&quot;16&quot;,&quot;title&quot;:&quot;Sprzeda\u017c 360: Psychologia. Techniki. Mistrzostwo.&quot;,&quot;width&quot;:&quot;96.2&quot;,&quot;_legend&quot;:&quot;{score}\\\/{best} - ({count} ocen)&quot;,&quot;font_factor&quot;:&quot;1.25&quot;}'>\n            \n<div class=\"kksr-stars\">\n    \n<div class=\"kksr-stars-inactive\">\n            <div class=\"kksr-star\" data-star=\"1\" style=\"padding-right: 5px\">\n            \n\n<div class=\"kksr-icon\" style=\"width: 16px; height: 16px;\"><\/div>\n        <\/div>\n            <div class=\"kksr-star\" data-star=\"2\" style=\"padding-right: 5px\">\n            \n\n<div class=\"kksr-icon\" style=\"width: 16px; height: 16px;\"><\/div>\n        <\/div>\n            <div class=\"kksr-star\" data-star=\"3\" style=\"padding-right: 5px\">\n            \n\n<div class=\"kksr-icon\" style=\"width: 16px; height: 16px;\"><\/div>\n        <\/div>\n            <div class=\"kksr-star\" data-star=\"4\" style=\"padding-right: 5px\">\n            \n\n<div class=\"kksr-icon\" style=\"width: 16px; height: 16px;\"><\/div>\n        <\/div>\n            <div class=\"kksr-star\" data-star=\"5\" style=\"padding-right: 5px\">\n            \n\n<div class=\"kksr-icon\" style=\"width: 16px; height: 16px;\"><\/div>\n        <\/div>\n    <\/div>\n    \n<div class=\"kksr-stars-active\" style=\"width: 96.2px;\">\n            <div class=\"kksr-star\" style=\"padding-right: 5px\">\n            \n\n<div class=\"kksr-icon\" style=\"width: 16px; height: 16px;\"><\/div>\n        <\/div>\n            <div class=\"kksr-star\" style=\"padding-right: 5px\">\n            \n\n<div class=\"kksr-icon\" style=\"width: 16px; height: 16px;\"><\/div>\n        <\/div>\n            <div class=\"kksr-star\" style=\"padding-right: 5px\">\n            \n\n<div class=\"kksr-icon\" style=\"width: 16px; height: 16px;\"><\/div>\n        <\/div>\n            <div class=\"kksr-star\" style=\"padding-right: 5px\">\n            \n\n<div class=\"kksr-icon\" style=\"width: 16px; height: 16px;\"><\/div>\n        <\/div>\n            <div class=\"kksr-star\" style=\"padding-right: 5px\">\n            \n\n<div class=\"kksr-icon\" style=\"width: 16px; height: 16px;\"><\/div>\n        <\/div>\n    <\/div>\n<\/div>\n                \n\n<div class=\"kksr-legend\" style=\"font-size: 12.8px;\">\n            4.7\/5 - (18 ocen)    <\/div>\n    <\/div>\n<h2>Sprzeda\u017c 360: Psychologia. Techniki. Mistrzostwo. &#8211; Zaawansowany kurs online.<\/h2>\n<h3>Odkryj Pot\u0119g\u0119 Psychologii Sprzeda\u017cy, Zdobywaj Serca Klient\u00f3w i Kreuj Sw\u00f3j Sukces<\/h3>\n<p>Niniejszy <strong>kurs sprzeda\u017cowy<\/strong> w formie <strong>video online<\/strong> oferuje wszechstronne i dog\u0142\u0119bne szkolenie, kt\u00f3re pomo\u017ce uczestnikom zdoby\u0107 niezb\u0119dne umiej\u0119tno\u015bci i wiedz\u0119 w dziedzinie sprzeda\u017cy. <strong>Kurs sprzeda\u017cy online<\/strong> sk\u0142ada si\u0119 z nagranych materia\u0142\u00f3w wideo, kt\u00f3re dostarcz\u0105 praktycznych wskaz\u00f3wek i teoretycznych podstaw, aby uczestnicy mogli skutecznie rozwija\u0107 swoje umiej\u0119tno\u015bci sprzeda\u017cowe. Poni\u017cej przedstawiamy g\u0142\u00f3wne zagadnienia, kt\u00f3re zostan\u0105 om\u00f3wione w ramach tego kursu:<\/p>\n<ul>\n<li><strong>Psychologia behawioralna:<\/strong> Poznasz podstawowe zasady psychologii behawioralnej i jak zastosowa\u0107 je w kontek\u015bcie sprzeda\u017cy. B\u0119dziesz mie\u0107 mo\u017cliwo\u015b\u0107 zrozumienia, jak ludzie podejmuj\u0105 decyzje zakupowe i jak mo\u017cna wykorzysta\u0107 te informacje, aby wp\u0142ywa\u0107 na ich zachowanie.<\/li>\n<li><strong>Efekt Krugera-Dunninga:<\/strong> Poznasz poj\u0119cie efektu Krugera-Dunninga i jego znaczenie w kontek\u015bcie sprzeda\u017cy. Dowiesz si\u0119, jak unika\u0107 b\u0142\u0119d\u00f3w wynikaj\u0105cych z niedostatecznej wiedzy i jak rozwija\u0107 swoje umiej\u0119tno\u015bci w spos\u00f3b ci\u0105g\u0142y.<\/li>\n<li><strong>3 systemy reprezentacji:<\/strong> Przedstawimy Ci koncepcj\u0119 3 system\u00f3w reprezentacji, kt\u00f3re s\u0105 kluczowe dla komunikacji efektywnej sprzeda\u017cy. B\u0119dziesz mia\u0142 mo\u017cliwo\u015b\u0107 nauczenia si\u0119, jak dostosowa\u0107 sw\u00f3j j\u0119zyk i spos\u00f3b komunikacji do preferencji klienta.<\/li>\n<li><strong>System The Challenger Sales:<\/strong> Przedstawimy Ci popularny model sprzeda\u017cowy &#8211; The Challenger Sales, kt\u00f3ry oparty jest na trzech etapach: teach, tailor, take control. Nauczysz si\u0119, jak dostarcza\u0107 warto\u015bciowe informacje klientom, personalizowa\u0107 ofert\u0119 i przej\u0105\u0107 kontrol\u0119 nad procesem sprzeda\u017cy.<\/li>\n<li><strong>Radzenie sobie w sytuacjach stresowych:<\/strong> Dowiesz si\u0119, jak radzi\u0107 sobie ze stresem i presj\u0105 w sytuacjach sprzeda\u017cowych. Otrzymasz praktyczne wskaz\u00f3wki dotycz\u0105ce zarz\u0105dzania stresem, utrzymania klarownego my\u015blenia i podejmowania skutecznych dzia\u0142a\u0144 w trudnych sytuacjach.<\/li>\n<li><strong>Motywacja:<\/strong> B\u0119dziesz mia\u0142 mo\u017cliwo\u015b\u0107 zrozumienia, jak motywowa\u0107 siebie i innych w kontek\u015bcie sprzeda\u017cy. Poznasz r\u00f3\u017cne teorie i strategie motywacyjne oraz otrzymasz narz\u0119dzia do utrzymania wysokiego poziomu zaanga\u017cowania i efektywno\u015bci.<\/li>\n<li><strong>4 neuroprzeka\u017aniki:<\/strong> Przedstawimy Ci cztery kluczowe neuroprzeka\u017aniki, kt\u00f3re wp\u0142ywaj\u0105 na nasze zachowanie i decyzje. Dowiesz si\u0119, jak te neuroprzeka\u017aniki mog\u0105 by\u0107 wykorzystane do skutecznej komunikacji i wp\u0142ywania na klient\u00f3w.<\/li>\n<li><strong>Teoria rytmu:<\/strong> Poznasz teori\u0119 rytmu i jej zastosowanie w kontek\u015bcie sprzeda\u017cy. Nauczysz si\u0119, jak wykorzysta\u0107 rytm i sekwencj\u0119 dzia\u0142a\u0144, aby skutecznie anga\u017cowa\u0107 klient\u00f3w i budowa\u0107 trwa\u0142e relacje.<\/li>\n<li><strong>4 rodzaje motywacji:<\/strong> Przedstawimy Ci cztery g\u0142\u00f3wne rodzaje motywacji, kt\u00f3re wp\u0142ywaj\u0105 na nasze zachowanie i podejmowanie decyzji. Dowiesz si\u0119, jak rozpozna\u0107 i wykorzysta\u0107 te rodzaje motywacji w procesie sprzeda\u017cy.<\/li>\n<li><strong>Rozpoznawanie stanu demotywacji i wyj\u015bcie z niego:<\/strong> Nauczysz si\u0119 rozpoznawa\u0107 symptomy demotywacji w sobie i jak skutecznie z tym radzi\u0107. Otrzymasz strategie i techniki, kt\u00f3re pomog\u0105 Ci wr\u00f3ci\u0107 do pe\u0142nej motywacji i zaanga\u017cowania.<\/li>\n<li><strong>3 rodzaje strachu:<\/strong> Przedstawimy Ci trzy g\u0142\u00f3wne rodzaje strachu, kt\u00f3re mog\u0105 wp\u0142ywa\u0107 na proces sprzeda\u017cy. B\u0119dziesz mia\u0142 mo\u017cliwo\u015b\u0107 nauczenia si\u0119, jak rozpoznawa\u0107 i przezwyci\u0119\u017ca\u0107 te obawy u klient\u00f3w.<\/li>\n<li><strong>Po\u0142\u0105czenie sprzeda\u017cy ze sportem zawodowym:<\/strong> Odkryjesz, jakie s\u0105 podobie\u0144stwa mi\u0119dzy sprzeda\u017c\u0105 a sportem zawodowym. Dowiesz si\u0119, jakie umiej\u0119tno\u015bci i strategie s\u0105 wsp\u00f3lne dla tych dw\u00f3ch dziedzin i jak mo\u017cesz wykorzysta\u0107 te wskaz\u00f3wki do poprawy swoich wynik\u00f3w sprzeda\u017cowych.<\/li>\n<li><strong>Kontraktowanie w sprzeda\u017cy:<\/strong> Przedstawimy Ci techniki kontraktowania w sprzeda\u017cy, kt\u00f3re pomog\u0105 Ci skutecznie zamyka\u0107 transakcje i budowa\u0107 trwa\u0142e relacje z klientami. Nauczysz si\u0119, jak tworzy\u0107 i negocjowa\u0107 korzystne umowy sprzeda\u017cowe.<\/li>\n<\/ul>\n<p>Ten kurs sprzeda\u017cy zapewni Ci <strong>niezb\u0119dn\u0105 wiedz\u0119,<\/strong> aby doskonali\u0107 si\u0119 w dziedzinie sprzeda\u017cy. Bez wzgl\u0119du na Twoje do\u015bwiadczenie w sprzeda\u017cy, ten kurs pomo\u017ce Ci osi\u0105gn\u0105\u0107 lepsze wyniki i zbudowa\u0107 trwa\u0142e relacje z klientami.<\/p>\n<h2>Kurs sprzeda\u017cy w formie wideo online.<\/h2>\n<p>Zakup szkolenia w formie nagra\u0144 dost\u0119pnych online to przede wszystkim:<\/p>\n<ol>\n<li><strong>Elastyczno\u015b\u0107 czasowa:<\/strong> Szkolenia online w postaci nagra\u0144 pozwalaj\u0105 na dost\u0119p do tre\u015bci w dowolnym czasie i miejscu. Mo\u017cesz ogl\u0105da\u0107 nagrania w dogodnym dla siebie tempie, powtarza\u0107 trudniejsze fragmenty i dostosowa\u0107 harmonogram nauki do swojego planu dnia.<\/li>\n<li><strong>Efektywno\u015b\u0107 kosztowa:<\/strong> Nie musisz ponosi\u0107 dodatkowych koszt\u00f3w zwi\u0105zanych z podr\u00f3\u017cami, zakwaterowaniem czy wy\u017cywieniem.<\/li>\n<li><strong>Dost\u0119p na wielu urz\u0105dzeniach:<\/strong> Niezale\u017cnie od tego czy masz pod r\u0119k\u0105 komputer, tablet, smartfona czy nawet xboxa, z \u0142atwo\u015bci\u0105 zalogujesz si\u0119 do platformy i obejrzysz kolejne lekcje kursu online.<\/li>\n<li><strong>Powtarzalno\u015b\u0107:<\/strong> W przeciwie\u0144stwie do tradycyjnych szkole\u0144, gdzie mo\u017cesz zapomnie\u0107 cz\u0119\u015b\u0107 informacji po pewnym czasie,<strong> kurs sprzeda\u017cy online pozwala na wielokrotne powtarzanie tre\u015bci.<\/strong> Mo\u017cesz wraca\u0107 do materia\u0142\u00f3w, gdy tylko masz potrzeb\u0119 od\u015bwie\u017cenia pami\u0119ci lub gdy chcesz bardziej pog\u0142\u0119bi\u0107 swoje rozumienie danego tematu.<\/li>\n<li><strong>Globalny dost\u0119p:<\/strong> Szkolenie sprzeda\u017cy online jest dost\u0119pne praktycznie dla ka\u017cdego na ca\u0142ym \u015bwiecie. Niezale\u017cnie od tego, gdzie mieszkasz, mo\u017cesz skorzysta\u0107 z bogatej wiedzy, kt\u00f3r\u0105 si\u0119 z Tob\u0105 dziel\u0119.<\/li>\n<\/ol>\n<p>Czas podj\u0105\u0107 dobr\u0105 decyzj\u0119 i zam\u00f3wi\u0107 <strong>kurs sprzeda\u017cy online &#8222;Sprzeda\u017c 360: Psychologia. Techniki. Mistrzostwo.&#8221;<\/strong><\/p>\n<h4><\/h4>\n","protected":false},"excerpt":{"rendered":"<p>Sprzeda\u017c 360: Psychologia. Techniki. Mistrzostwo. &#8211; Zaawansowany kurs online. Odkryj Pot\u0119g\u0119 Psychologii Sprzeda\u017cy, Zdobywaj Serca Klient\u00f3w i Kreuj Sw\u00f3j Sukces Niniejszy kurs sprzeda\u017cowy w formie video online oferuje wszechstronne i dog\u0142\u0119bne szkolenie, kt\u00f3re pomo\u017ce uczestnikom zdoby\u0107 niezb\u0119dne umiej\u0119tno\u015bci i wiedz\u0119 w dziedzinie sprzeda\u017cy. Kurs sprzeda\u017cy online sk\u0142ada si\u0119 z nagranych materia\u0142\u00f3w wideo, kt\u00f3re dostarcz\u0105 praktycznych [&hellip;]<\/p>\n","protected":false},"featured_media":98370,"template":"","meta":{"_acf_changed":false,"content-type":""},"product_brand":[],"product_cat":[28,114],"product_tag":[120,67,70,71,68,69,87,75,72,73,74],"class_list":{"0":"post-90647","1":"product","2":"type-product","3":"status-publish","4":"has-post-thumbnail","6":"product_cat-kursy-online","7":"product_cat-wszystkie-produkty","8":"product_tag-feed","9":"product_tag-kurs-online-sprzedaz","10":"product_tag-kurs-online-sprzedaz-360","11":"product_tag-kurs-online-techniki-sprzedazy","12":"product_tag-kurs-online-z-psychologii-sprzedazy","13":"product_tag-kurs-psychologia-sprzedazy","14":"product_tag-sprzedaz360","15":"product_tag-szkolenie-online-dla-sprzedawcow","16":"product_tag-szkolenie-online-psychologia-sprzedazy","17":"product_tag-szkolenie-online-techniki-sprzedazy","18":"product_tag-szkolenie-online-ze-sprzedaz","20":"first","21":"instock","22":"virtual","23":"sold-individually","24":"taxable","25":"purchasable","26":"product-type-simple"},"acf":[],"yoast_head":"<!-- This site is optimized with the Yoast SEO plugin v27.3 - https:\/\/yoast.com\/product\/yoast-seo-wordpress\/ -->\n<title>Zaawansowany kurs sprzeda\u017cy online - Sprzeda\u017c 360: Psychologia. Techniki. Mistrzostwo<\/title>\n<meta name=\"description\" content=\"Zdob\u0105d\u017a Mistrzostwo w Sprzeda\u017cy z kursem online &#039;Sprzeda\u017c 360&#039;. Poznaj psychologi\u0119 sprzeda\u017cy i techniki, kt\u00f3re przenios\u0105 Twoj\u0105 sprzeda\u017c na wy\u017cszy poziom!\" \/>\n<meta name=\"robots\" content=\"index, follow, max-snippet:-1, max-image-preview:large, max-video-preview:-1\" \/>\n<link rel=\"canonical\" href=\"https:\/\/mateuszmrozowski.pl\/sklep\/produkt\/kurs-online-sprzedaz-360-psychologia-techniki\/\" \/>\n<meta property=\"og:locale\" content=\"pl_PL\" \/>\n<meta property=\"og:type\" content=\"article\" \/>\n<meta property=\"og:title\" content=\"Zaawansowany kurs sprzeda\u017cy online - Sprzeda\u017c 360: Psychologia. Techniki. Mistrzostwo\" \/>\n<meta property=\"og:description\" content=\"Zdob\u0105d\u017a Mistrzostwo w Sprzeda\u017cy z kursem online &#039;Sprzeda\u017c 360&#039;. Poznaj psychologi\u0119 sprzeda\u017cy i techniki, kt\u00f3re przenios\u0105 Twoj\u0105 sprzeda\u017c na wy\u017cszy poziom!\" \/>\n<meta property=\"og:url\" content=\"https:\/\/mateuszmrozowski.pl\/sklep\/produkt\/kurs-online-sprzedaz-360-psychologia-techniki\/\" \/>\n<meta property=\"og:site_name\" content=\"Mateusz Mrozowski Trener Biznesu\" \/>\n<meta property=\"article:publisher\" content=\"https:\/\/www.facebook.com\/mateuszmrozowskisiewca\" \/>\n<meta property=\"article:modified_time\" content=\"2025-11-30T16:47:43+00:00\" \/>\n<meta property=\"og:image\" content=\"https:\/\/mateuszmrozowski.pl\/sklep\/wp-content\/uploads\/2023\/06\/kurs-sprzedaz-360-mateusz-mrozowski.png\" \/>\n\t<meta property=\"og:image:width\" content=\"1080\" \/>\n\t<meta property=\"og:image:height\" content=\"1080\" \/>\n\t<meta property=\"og:image:type\" content=\"image\/png\" \/>\n<meta name=\"twitter:card\" content=\"summary_large_image\" \/>\n<meta name=\"twitter:label1\" content=\"Szacowany czas czytania\" \/>\n\t<meta name=\"twitter:data1\" content=\"5 minut\" \/>\n<script type=\"application\/ld+json\" class=\"yoast-schema-graph\">{\"@context\":\"https:\\\/\\\/schema.org\",\"@graph\":[{\"@type\":\"WebPage\",\"@id\":\"https:\\\/\\\/mateuszmrozowski.pl\\\/sklep\\\/produkt\\\/kurs-online-sprzedaz-360-psychologia-techniki\\\/\",\"url\":\"https:\\\/\\\/mateuszmrozowski.pl\\\/sklep\\\/produkt\\\/kurs-online-sprzedaz-360-psychologia-techniki\\\/\",\"name\":\"Zaawansowany kurs sprzeda\u017cy online - Sprzeda\u017c 360: Psychologia. Techniki. Mistrzostwo\",\"isPartOf\":{\"@id\":\"https:\\\/\\\/mateuszmrozowski.pl\\\/sklep\\\/#website\"},\"primaryImageOfPage\":{\"@id\":\"https:\\\/\\\/mateuszmrozowski.pl\\\/sklep\\\/produkt\\\/kurs-online-sprzedaz-360-psychologia-techniki\\\/#primaryimage\"},\"image\":{\"@id\":\"https:\\\/\\\/mateuszmrozowski.pl\\\/sklep\\\/produkt\\\/kurs-online-sprzedaz-360-psychologia-techniki\\\/#primaryimage\"},\"thumbnailUrl\":\"https:\\\/\\\/mateuszmrozowski.pl\\\/sklep\\\/wp-content\\\/uploads\\\/2023\\\/06\\\/kurs-sprzedaz-360-mateusz-mrozowski.png\",\"datePublished\":\"2023-06-21T10:18:03+00:00\",\"dateModified\":\"2025-11-30T16:47:43+00:00\",\"description\":\"Zdob\u0105d\u017a Mistrzostwo w Sprzeda\u017cy z kursem online 'Sprzeda\u017c 360'. Poznaj psychologi\u0119 sprzeda\u017cy i techniki, kt\u00f3re przenios\u0105 Twoj\u0105 sprzeda\u017c na wy\u017cszy poziom!\",\"breadcrumb\":{\"@id\":\"https:\\\/\\\/mateuszmrozowski.pl\\\/sklep\\\/produkt\\\/kurs-online-sprzedaz-360-psychologia-techniki\\\/#breadcrumb\"},\"inLanguage\":\"pl-PL\",\"potentialAction\":[{\"@type\":\"ReadAction\",\"target\":[\"https:\\\/\\\/mateuszmrozowski.pl\\\/sklep\\\/produkt\\\/kurs-online-sprzedaz-360-psychologia-techniki\\\/\"]}]},{\"@type\":\"ImageObject\",\"inLanguage\":\"pl-PL\",\"@id\":\"https:\\\/\\\/mateuszmrozowski.pl\\\/sklep\\\/produkt\\\/kurs-online-sprzedaz-360-psychologia-techniki\\\/#primaryimage\",\"url\":\"https:\\\/\\\/mateuszmrozowski.pl\\\/sklep\\\/wp-content\\\/uploads\\\/2023\\\/06\\\/kurs-sprzedaz-360-mateusz-mrozowski.png\",\"contentUrl\":\"https:\\\/\\\/mateuszmrozowski.pl\\\/sklep\\\/wp-content\\\/uploads\\\/2023\\\/06\\\/kurs-sprzedaz-360-mateusz-mrozowski.png\",\"width\":1080,\"height\":1080,\"caption\":\"Kurs Online Sprzeda\u017c 360 Mateusz Mrozowski\"},{\"@type\":\"BreadcrumbList\",\"@id\":\"https:\\\/\\\/mateuszmrozowski.pl\\\/sklep\\\/produkt\\\/kurs-online-sprzedaz-360-psychologia-techniki\\\/#breadcrumb\",\"itemListElement\":[{\"@type\":\"ListItem\",\"position\":1,\"name\":\"Strona g\u0142\u00f3wna\",\"item\":\"https:\\\/\\\/mateuszmrozowski.pl\\\/sklep\\\/\"},{\"@type\":\"ListItem\",\"position\":2,\"name\":\"Szkolenia biznesowe i kursy sprzeda\u017cowe\",\"item\":\"https:\\\/\\\/mateuszmrozowski.pl\\\/sklep\\\/\"},{\"@type\":\"ListItem\",\"position\":3,\"name\":\"BlackWeek\",\"item\":\"https:\\\/\\\/mateuszmrozowski.pl\\\/sklep\\\/kategoria-produktu\\\/blackweek\\\/\"},{\"@type\":\"ListItem\",\"position\":4,\"name\":\"Sprzeda\u017c 360: Psychologia. Techniki. Mistrzostwo.\"}]},{\"@type\":\"WebSite\",\"@id\":\"https:\\\/\\\/mateuszmrozowski.pl\\\/sklep\\\/#website\",\"url\":\"https:\\\/\\\/mateuszmrozowski.pl\\\/sklep\\\/\",\"name\":\"Mateusz Mrozowski Trener biznesu\",\"description\":\"Walcz\u0119 o wynik dla firm z kt\u00f3rymi wsp\u00f3\u0142pracuj\u0119.\",\"publisher\":{\"@id\":\"https:\\\/\\\/mateuszmrozowski.pl\\\/sklep\\\/#organization\"},\"alternateName\":\"Mateusz Mrozowski\",\"potentialAction\":[{\"@type\":\"SearchAction\",\"target\":{\"@type\":\"EntryPoint\",\"urlTemplate\":\"https:\\\/\\\/mateuszmrozowski.pl\\\/sklep\\\/?s={search_term_string}\"},\"query-input\":{\"@type\":\"PropertyValueSpecification\",\"valueRequired\":true,\"valueName\":\"search_term_string\"}}],\"inLanguage\":\"pl-PL\"},{\"@type\":\"Organization\",\"@id\":\"https:\\\/\\\/mateuszmrozowski.pl\\\/sklep\\\/#organization\",\"name\":\"Mateusz Mrozowski Trener biznesu\",\"alternateName\":\"Mateusz Mrozowski\",\"url\":\"https:\\\/\\\/mateuszmrozowski.pl\\\/sklep\\\/\",\"logo\":{\"@type\":\"ImageObject\",\"inLanguage\":\"pl-PL\",\"@id\":\"https:\\\/\\\/mateuszmrozowski.pl\\\/sklep\\\/#\\\/schema\\\/logo\\\/image\\\/\",\"url\":\"https:\\\/\\\/mateuszmrozowski.pl\\\/sklep\\\/wp-content\\\/uploads\\\/2025\\\/03\\\/cropped-mateusz_mrozowski_logo.png\",\"contentUrl\":\"https:\\\/\\\/mateuszmrozowski.pl\\\/sklep\\\/wp-content\\\/uploads\\\/2025\\\/03\\\/cropped-mateusz_mrozowski_logo.png\",\"width\":236,\"height\":59,\"caption\":\"Mateusz Mrozowski Trener biznesu\"},\"image\":{\"@id\":\"https:\\\/\\\/mateuszmrozowski.pl\\\/sklep\\\/#\\\/schema\\\/logo\\\/image\\\/\"},\"sameAs\":[\"https:\\\/\\\/www.facebook.com\\\/mateuszmrozowskisiewca\",\"https:\\\/\\\/www.youtube.com\\\/channel\\\/UCI6FhECZ4GdL1TYU5oh5JDg\",\"https:\\\/\\\/www.instagram.com\\\/mrozowski.siewca\\\/\",\"https:\\\/\\\/www.linkedin.com\\\/in\\\/mateuszmrozowski\\\/\",\"https:\\\/\\\/maps.app.goo.gl\\\/Ee8wtgr6gx2CjEM68\",\"https:\\\/\\\/www.tiktok.com\\\/@mateuszmrozowskisiewca\"]}]}<\/script>\n<!-- \/ Yoast SEO plugin. -->","yoast_head_json":{"title":"Zaawansowany kurs sprzeda\u017cy online - Sprzeda\u017c 360: Psychologia. Techniki. Mistrzostwo","description":"Zdob\u0105d\u017a Mistrzostwo w Sprzeda\u017cy z kursem online 'Sprzeda\u017c 360'. Poznaj psychologi\u0119 sprzeda\u017cy i techniki, kt\u00f3re przenios\u0105 Twoj\u0105 sprzeda\u017c na wy\u017cszy poziom!","robots":{"index":"index","follow":"follow","max-snippet":"max-snippet:-1","max-image-preview":"max-image-preview:large","max-video-preview":"max-video-preview:-1"},"canonical":"https:\/\/mateuszmrozowski.pl\/sklep\/produkt\/kurs-online-sprzedaz-360-psychologia-techniki\/","og_locale":"pl_PL","og_type":"article","og_title":"Zaawansowany kurs sprzeda\u017cy online - Sprzeda\u017c 360: Psychologia. Techniki. Mistrzostwo","og_description":"Zdob\u0105d\u017a Mistrzostwo w Sprzeda\u017cy z kursem online 'Sprzeda\u017c 360'. Poznaj psychologi\u0119 sprzeda\u017cy i techniki, kt\u00f3re przenios\u0105 Twoj\u0105 sprzeda\u017c na wy\u017cszy poziom!","og_url":"https:\/\/mateuszmrozowski.pl\/sklep\/produkt\/kurs-online-sprzedaz-360-psychologia-techniki\/","og_site_name":"Mateusz Mrozowski Trener Biznesu","article_publisher":"https:\/\/www.facebook.com\/mateuszmrozowskisiewca","article_modified_time":"2025-11-30T16:47:43+00:00","og_image":[{"width":1080,"height":1080,"url":"https:\/\/mateuszmrozowski.pl\/sklep\/wp-content\/uploads\/2023\/06\/kurs-sprzedaz-360-mateusz-mrozowski.png","type":"image\/png"}],"twitter_card":"summary_large_image","twitter_misc":{"Szacowany czas czytania":"5 minut"},"schema":{"@context":"https:\/\/schema.org","@graph":[{"@type":"WebPage","@id":"https:\/\/mateuszmrozowski.pl\/sklep\/produkt\/kurs-online-sprzedaz-360-psychologia-techniki\/","url":"https:\/\/mateuszmrozowski.pl\/sklep\/produkt\/kurs-online-sprzedaz-360-psychologia-techniki\/","name":"Zaawansowany kurs sprzeda\u017cy online - Sprzeda\u017c 360: Psychologia. Techniki. Mistrzostwo","isPartOf":{"@id":"https:\/\/mateuszmrozowski.pl\/sklep\/#website"},"primaryImageOfPage":{"@id":"https:\/\/mateuszmrozowski.pl\/sklep\/produkt\/kurs-online-sprzedaz-360-psychologia-techniki\/#primaryimage"},"image":{"@id":"https:\/\/mateuszmrozowski.pl\/sklep\/produkt\/kurs-online-sprzedaz-360-psychologia-techniki\/#primaryimage"},"thumbnailUrl":"https:\/\/mateuszmrozowski.pl\/sklep\/wp-content\/uploads\/2023\/06\/kurs-sprzedaz-360-mateusz-mrozowski.png","datePublished":"2023-06-21T10:18:03+00:00","dateModified":"2025-11-30T16:47:43+00:00","description":"Zdob\u0105d\u017a Mistrzostwo w Sprzeda\u017cy z kursem online 'Sprzeda\u017c 360'. Poznaj psychologi\u0119 sprzeda\u017cy i techniki, kt\u00f3re przenios\u0105 Twoj\u0105 sprzeda\u017c na wy\u017cszy poziom!","breadcrumb":{"@id":"https:\/\/mateuszmrozowski.pl\/sklep\/produkt\/kurs-online-sprzedaz-360-psychologia-techniki\/#breadcrumb"},"inLanguage":"pl-PL","potentialAction":[{"@type":"ReadAction","target":["https:\/\/mateuszmrozowski.pl\/sklep\/produkt\/kurs-online-sprzedaz-360-psychologia-techniki\/"]}]},{"@type":"ImageObject","inLanguage":"pl-PL","@id":"https:\/\/mateuszmrozowski.pl\/sklep\/produkt\/kurs-online-sprzedaz-360-psychologia-techniki\/#primaryimage","url":"https:\/\/mateuszmrozowski.pl\/sklep\/wp-content\/uploads\/2023\/06\/kurs-sprzedaz-360-mateusz-mrozowski.png","contentUrl":"https:\/\/mateuszmrozowski.pl\/sklep\/wp-content\/uploads\/2023\/06\/kurs-sprzedaz-360-mateusz-mrozowski.png","width":1080,"height":1080,"caption":"Kurs Online Sprzeda\u017c 360 Mateusz Mrozowski"},{"@type":"BreadcrumbList","@id":"https:\/\/mateuszmrozowski.pl\/sklep\/produkt\/kurs-online-sprzedaz-360-psychologia-techniki\/#breadcrumb","itemListElement":[{"@type":"ListItem","position":1,"name":"Strona g\u0142\u00f3wna","item":"https:\/\/mateuszmrozowski.pl\/sklep\/"},{"@type":"ListItem","position":2,"name":"Szkolenia biznesowe i kursy sprzeda\u017cowe","item":"https:\/\/mateuszmrozowski.pl\/sklep\/"},{"@type":"ListItem","position":3,"name":"BlackWeek","item":"https:\/\/mateuszmrozowski.pl\/sklep\/kategoria-produktu\/blackweek\/"},{"@type":"ListItem","position":4,"name":"Sprzeda\u017c 360: Psychologia. Techniki. Mistrzostwo."}]},{"@type":"WebSite","@id":"https:\/\/mateuszmrozowski.pl\/sklep\/#website","url":"https:\/\/mateuszmrozowski.pl\/sklep\/","name":"Mateusz Mrozowski Trener biznesu","description":"Walcz\u0119 o wynik dla firm z kt\u00f3rymi wsp\u00f3\u0142pracuj\u0119.","publisher":{"@id":"https:\/\/mateuszmrozowski.pl\/sklep\/#organization"},"alternateName":"Mateusz Mrozowski","potentialAction":[{"@type":"SearchAction","target":{"@type":"EntryPoint","urlTemplate":"https:\/\/mateuszmrozowski.pl\/sklep\/?s={search_term_string}"},"query-input":{"@type":"PropertyValueSpecification","valueRequired":true,"valueName":"search_term_string"}}],"inLanguage":"pl-PL"},{"@type":"Organization","@id":"https:\/\/mateuszmrozowski.pl\/sklep\/#organization","name":"Mateusz Mrozowski Trener biznesu","alternateName":"Mateusz Mrozowski","url":"https:\/\/mateuszmrozowski.pl\/sklep\/","logo":{"@type":"ImageObject","inLanguage":"pl-PL","@id":"https:\/\/mateuszmrozowski.pl\/sklep\/#\/schema\/logo\/image\/","url":"https:\/\/mateuszmrozowski.pl\/sklep\/wp-content\/uploads\/2025\/03\/cropped-mateusz_mrozowski_logo.png","contentUrl":"https:\/\/mateuszmrozowski.pl\/sklep\/wp-content\/uploads\/2025\/03\/cropped-mateusz_mrozowski_logo.png","width":236,"height":59,"caption":"Mateusz Mrozowski Trener biznesu"},"image":{"@id":"https:\/\/mateuszmrozowski.pl\/sklep\/#\/schema\/logo\/image\/"},"sameAs":["https:\/\/www.facebook.com\/mateuszmrozowskisiewca","https:\/\/www.youtube.com\/channel\/UCI6FhECZ4GdL1TYU5oh5JDg","https:\/\/www.instagram.com\/mrozowski.siewca\/","https:\/\/www.linkedin.com\/in\/mateuszmrozowski\/","https:\/\/maps.app.goo.gl\/Ee8wtgr6gx2CjEM68","https:\/\/www.tiktok.com\/@mateuszmrozowskisiewca"]}]}},"_links":{"self":[{"href":"https:\/\/mateuszmrozowski.pl\/sklep\/wp-json\/wp\/v2\/product\/90647","targetHints":{"allow":["GET"]}}],"collection":[{"href":"https:\/\/mateuszmrozowski.pl\/sklep\/wp-json\/wp\/v2\/product"}],"about":[{"href":"https:\/\/mateuszmrozowski.pl\/sklep\/wp-json\/wp\/v2\/types\/product"}],"wp:featuredmedia":[{"embeddable":true,"href":"https:\/\/mateuszmrozowski.pl\/sklep\/wp-json\/wp\/v2\/media\/98370"}],"wp:attachment":[{"href":"https:\/\/mateuszmrozowski.pl\/sklep\/wp-json\/wp\/v2\/media?parent=90647"}],"wp:term":[{"taxonomy":"product_brand","embeddable":true,"href":"https:\/\/mateuszmrozowski.pl\/sklep\/wp-json\/wp\/v2\/product_brand?post=90647"},{"taxonomy":"product_cat","embeddable":true,"href":"https:\/\/mateuszmrozowski.pl\/sklep\/wp-json\/wp\/v2\/product_cat?post=90647"},{"taxonomy":"product_tag","embeddable":true,"href":"https:\/\/mateuszmrozowski.pl\/sklep\/wp-json\/wp\/v2\/product_tag?post=90647"}],"curies":[{"name":"wp","href":"https:\/\/api.w.org\/{rel}","templated":true}]}}