{"id":88394,"date":"2023-05-11T12:27:04","date_gmt":"2023-05-11T12:27:04","guid":{"rendered":"https:\/\/mateuszmrozowski.pl\/sklep\/produkt\/promocja-pakiet-fundamenty-przywodztwa-i-motywacja\/"},"modified":"2025-03-01T17:33:21","modified_gmt":"2025-03-01T17:33:21","slug":"promocja-pakiet-fundamenty-przywodztwa-i-motywacja","status":"publish","type":"product","link":"https:\/\/mateuszmrozowski.pl\/sklep\/produkt\/promocja-pakiet-fundamenty-przywodztwa-i-motywacja\/","title":{"rendered":"Promocja: Pakiet &#8211; Fundamenty Przyw\u00f3dztwa i Motywacja"},"content":{"rendered":"\n\n<div class=\"kk-star-ratings kksr-auto kksr-align-left kksr-valign-top kksr-disabled\"\n    data-payload='{&quot;align&quot;:&quot;left&quot;,&quot;id&quot;:&quot;88394&quot;,&quot;readonly&quot;:&quot;1&quot;,&quot;slug&quot;:&quot;default&quot;,&quot;valign&quot;:&quot;top&quot;,&quot;ignore&quot;:&quot;&quot;,&quot;reference&quot;:&quot;auto&quot;,&quot;class&quot;:&quot;&quot;,&quot;count&quot;:&quot;0&quot;,&quot;legendonly&quot;:&quot;&quot;,&quot;score&quot;:&quot;0&quot;,&quot;starsonly&quot;:&quot;&quot;,&quot;best&quot;:&quot;5&quot;,&quot;gap&quot;:&quot;5&quot;,&quot;greet&quot;:&quot;Wystaw ocen\u0119&quot;,&quot;legend&quot;:&quot;0\\\/5 - (0 ocen)&quot;,&quot;size&quot;:&quot;16&quot;,&quot;title&quot;:&quot;Promocja: Pakiet - Fundamenty Przyw\u00f3dztwa i Motywacja&quot;,&quot;width&quot;:&quot;0&quot;,&quot;_legend&quot;:&quot;{score}\\\/{best} - ({count} ocen)&quot;,&quot;font_factor&quot;:&quot;1.25&quot;}'>\n            \n<div class=\"kksr-stars\">\n    \n<div class=\"kksr-stars-inactive\">\n            <div class=\"kksr-star\" data-star=\"1\" style=\"padding-right: 5px\">\n            \n\n<div class=\"kksr-icon\" style=\"width: 16px; height: 16px;\"><\/div>\n        <\/div>\n            <div class=\"kksr-star\" data-star=\"2\" style=\"padding-right: 5px\">\n            \n\n<div class=\"kksr-icon\" style=\"width: 16px; height: 16px;\"><\/div>\n        <\/div>\n            <div class=\"kksr-star\" data-star=\"3\" style=\"padding-right: 5px\">\n            \n\n<div class=\"kksr-icon\" style=\"width: 16px; height: 16px;\"><\/div>\n        <\/div>\n            <div class=\"kksr-star\" data-star=\"4\" style=\"padding-right: 5px\">\n            \n\n<div class=\"kksr-icon\" style=\"width: 16px; height: 16px;\"><\/div>\n        <\/div>\n            <div class=\"kksr-star\" data-star=\"5\" style=\"padding-right: 5px\">\n            \n\n<div class=\"kksr-icon\" style=\"width: 16px; height: 16px;\"><\/div>\n        <\/div>\n    <\/div>\n    \n<div class=\"kksr-stars-active\" style=\"width: 0px;\">\n            <div class=\"kksr-star\" style=\"padding-right: 5px\">\n            \n\n<div class=\"kksr-icon\" style=\"width: 16px; height: 16px;\"><\/div>\n        <\/div>\n            <div class=\"kksr-star\" style=\"padding-right: 5px\">\n            \n\n<div class=\"kksr-icon\" style=\"width: 16px; height: 16px;\"><\/div>\n        <\/div>\n            <div class=\"kksr-star\" style=\"padding-right: 5px\">\n            \n\n<div class=\"kksr-icon\" style=\"width: 16px; height: 16px;\"><\/div>\n        <\/div>\n            <div class=\"kksr-star\" style=\"padding-right: 5px\">\n            \n\n<div class=\"kksr-icon\" style=\"width: 16px; height: 16px;\"><\/div>\n        <\/div>\n            <div class=\"kksr-star\" style=\"padding-right: 5px\">\n            \n\n<div class=\"kksr-icon\" style=\"width: 16px; height: 16px;\"><\/div>\n        <\/div>\n    <\/div>\n<\/div>\n                \n\n<div class=\"kksr-legend\" style=\"font-size: 12.8px;\">\n            <span class=\"kksr-muted\">Wystaw ocen\u0119<\/span>\n    <\/div>\n    <\/div>\n<p><span class=\"JsGRdQ\">Najnowsze szkolenie managerskie w postaci kursu video Mateusza Mrozowskiego to najbardziej po\u017c\u0105dane tematy od 2023 roku &#8211; przyw\u00f3dztwo i zarz\u0105dzanie.<\/span><\/p>\n<p>Kurs sk\u0142ada si\u0119 z dw\u00f3ch cz\u0119\u015bci. Pierwsza cz\u0119\u015b\u0107 po\u015bwi\u0119cona jest teorii przyw\u00f3dztwa Maxa Webera, druga natomiast skupia si\u0119 na technologiach prowadzenia organizacji biznesowej. Jest to zbi\u00f3r czterech nagra\u0144, gdzie ka\u017cde trwa oko\u0142o godziny oraz materia\u0142\u00f3w do pobrania w postaci prezentacji i test\u00f3w do rozwi\u0105zania. Kupuj\u0105c ten kurs masz nielimitowany dost\u0119p do niego i mo\u017cesz wielokrotnie przyswaja\u0107 wiedz\u0119.<\/p>\n<p><strong>Kurs ten to nagrania wideo z naszych elitarnych Akademii, kt\u00f3re by\u0142y nagrywane na \u017cywo (nie w studio) i dzi\u0119ki kt\u00f3rym uczestnicy Akademii odnosz\u0105 spektakularne wyniki! K\u0142adziemy nacisk na merytoryk\u0119, kt\u00f3ra sprawi, \u017ce Tw\u00f3j biznes uro\u015bnie jeszcze bardziej!\u00a0<\/strong>Uczestnikami naszych Akademii s\u0105 handlowcy i dyrektorzy bran\u017cy nieruchomo\u015bci, ubezpiecze\u0144, OZE i wielu innych oraz liderzy MLM i ka\u017cdy z nich ju\u017c dzi\u015b odnotowuje wzrosty sprzeda\u017cy. Ty r\u00f3wnie\u017c mo\u017cesz, skrupulatnie przerabiaj\u0105c ten kurs i wdra\u017caj\u0105c go w \u017cycie.<\/p>\n<h2><span class=\"JsGRdQ\">Czego nauczysz si\u0119 w tym szkoleniu managerskim?<\/span><\/h2>\n<p>To szkolenie dla manager\u00f3w sprawi, \u017ce:<\/p>\n<ul>\n<li>Poznasz znaczenie &#8222;nowoczesnego&#8221; przyw\u00f3dztwa WEBEROWSKIEGO, o kt\u00f3rym ma\u0142o kto w Polsce wie!<\/li>\n<li>Dowiesz si\u0119, jakie s\u0105 dwa najwi\u0119ksze GRZECHY przyw\u00f3dztwa w 2024 roku!<\/li>\n<li>Obalimy mity pozycji a AUTORYTETU lidera!<\/li>\n<li>Dowiesz si\u0119, na czym polega technologia prowadzenia organizacji w dzisiejszych czasach!<\/li>\n<li>Poznasz miary SUKCESU zespo\u0142u!<\/li>\n<li>Dowiesz si\u0119, co tak naprawd\u0119 jest CELEM Twojego biznesu od 2023 roku!<\/li>\n<\/ul>\n<p>Gwarantujemy, \u017ce Twoje spojrzenie na zarz\u0105dzanie zespo\u0142em oraz ca\u0142e przyw\u00f3dztwo b\u0119dzie mia\u0142o dla Ciebie ju\u017c zupe\u0142nie inne znaczenie, co b\u0119dzie skutkowa\u0142o wynikami!<\/p>\n<h3><span class=\"JsGRdQ\">Dla kogo jest ten kurs video?<\/span><\/h3>\n<p>Dla obecnych lider\u00f3w, manager\u00f3w, kierownik\u00f3w oraz wszystkich, kt\u00f3rzy powa\u017cnie my\u015bl\u0105 o zarz\u0105dzaniu zespo\u0142em.<\/p>\n","protected":false},"excerpt":{"rendered":"<p>Najnowsze szkolenie managerskie w postaci kursu video Mateusza Mrozowskiego to najbardziej po\u017c\u0105dane tematy od 2023 roku &#8211; przyw\u00f3dztwo i zarz\u0105dzanie. Kurs sk\u0142ada si\u0119 z dw\u00f3ch cz\u0119\u015bci. Pierwsza cz\u0119\u015b\u0107 po\u015bwi\u0119cona jest teorii przyw\u00f3dztwa Maxa Webera, druga natomiast skupia si\u0119 na technologiach prowadzenia organizacji biznesowej. Jest to zbi\u00f3r czterech nagra\u0144, gdzie ka\u017cde trwa oko\u0142o godziny oraz materia\u0142\u00f3w [&hellip;]<\/p>\n","protected":false},"featured_media":97482,"template":"","meta":{"_acf_changed":false,"content-type":""},"product_brand":[],"product_cat":[28,114],"product_tag":[96],"class_list":{"0":"post-88394","1":"product","2":"type-product","3":"status-publish","4":"has-post-thumbnail","6":"product_cat-kursy-online","7":"product_cat-wszystkie-produkty","8":"product_tag-webinar-fundamenty-przywodztwa-i-motywacja","10":"first","11":"instock","12":"sale","13":"virtual","14":"sold-individually","15":"taxable","16":"purchasable","17":"product-type-simple"},"acf":[],"yoast_head":"<!-- This site is optimized with the Yoast SEO plugin v27.1.1 - https:\/\/yoast.com\/product\/yoast-seo-wordpress\/ -->\n<title>Promocja: Pakiet - Fundamenty Przyw\u00f3dztwa i Motywacja - Mateusz Mrozowski Trener Biznesu<\/title>\n<meta name=\"robots\" content=\"noindex, nofollow\" \/>\n<meta property=\"og:locale\" content=\"pl_PL\" \/>\n<meta property=\"og:type\" content=\"article\" \/>\n<meta property=\"og:title\" content=\"Promocja: Pakiet - Fundamenty Przyw\u00f3dztwa i Motywacja - Mateusz Mrozowski Trener Biznesu\" \/>\n<meta property=\"og:description\" content=\"Najnowsze szkolenie managerskie w postaci kursu video Mateusza Mrozowskiego to najbardziej po\u017c\u0105dane tematy od 2023 roku &#8211; przyw\u00f3dztwo i zarz\u0105dzanie. Kurs sk\u0142ada si\u0119 z dw\u00f3ch cz\u0119\u015bci. Pierwsza cz\u0119\u015b\u0107 po\u015bwi\u0119cona jest teorii przyw\u00f3dztwa Maxa Webera, druga natomiast skupia si\u0119 na technologiach prowadzenia organizacji biznesowej. Jest to zbi\u00f3r czterech nagra\u0144, gdzie ka\u017cde trwa oko\u0142o godziny oraz materia\u0142\u00f3w [&hellip;]\" \/>\n<meta property=\"og:url\" content=\"https:\/\/mateuszmrozowski.pl\/sklep\/produkt\/promocja-pakiet-fundamenty-przywodztwa-i-motywacja\/\" \/>\n<meta property=\"og:site_name\" content=\"Mateusz Mrozowski Trener Biznesu\" \/>\n<meta property=\"article:publisher\" content=\"https:\/\/www.facebook.com\/mateuszmrozowskisiewca\" \/>\n<meta property=\"article:modified_time\" content=\"2025-03-01T17:33:21+00:00\" \/>\n<meta property=\"og:image\" content=\"https:\/\/mateuszmrozowski.pl\/sklep\/wp-content\/uploads\/2023\/05\/mrozowski-fundamenty-przywodztwa.png\" \/>\n\t<meta property=\"og:image:width\" content=\"1080\" \/>\n\t<meta property=\"og:image:height\" content=\"1080\" \/>\n\t<meta property=\"og:image:type\" content=\"image\/png\" \/>\n<meta name=\"twitter:card\" content=\"summary_large_image\" \/>\n<meta name=\"twitter:label1\" content=\"Szacowany czas czytania\" \/>\n\t<meta name=\"twitter:data1\" content=\"2 minuty\" \/>\n<script type=\"application\/ld+json\" class=\"yoast-schema-graph\">{\"@context\":\"https:\/\/schema.org\",\"@graph\":[{\"@type\":\"WebPage\",\"@id\":\"https:\/\/mateuszmrozowski.pl\/sklep\/produkt\/promocja-pakiet-fundamenty-przywodztwa-i-motywacja\/\",\"url\":\"https:\/\/mateuszmrozowski.pl\/sklep\/produkt\/promocja-pakiet-fundamenty-przywodztwa-i-motywacja\/\",\"name\":\"Promocja: Pakiet - Fundamenty Przyw\u00f3dztwa i Motywacja - Mateusz Mrozowski Trener Biznesu\",\"isPartOf\":{\"@id\":\"https:\/\/mateuszmrozowski.pl\/sklep\/#website\"},\"primaryImageOfPage\":{\"@id\":\"https:\/\/mateuszmrozowski.pl\/sklep\/produkt\/promocja-pakiet-fundamenty-przywodztwa-i-motywacja\/#primaryimage\"},\"image\":{\"@id\":\"https:\/\/mateuszmrozowski.pl\/sklep\/produkt\/promocja-pakiet-fundamenty-przywodztwa-i-motywacja\/#primaryimage\"},\"thumbnailUrl\":\"https:\/\/mateuszmrozowski.pl\/sklep\/wp-content\/uploads\/2023\/05\/mrozowski-fundamenty-przywodztwa.png\",\"datePublished\":\"2023-05-11T12:27:04+00:00\",\"dateModified\":\"2025-03-01T17:33:21+00:00\",\"breadcrumb\":{\"@id\":\"https:\/\/mateuszmrozowski.pl\/sklep\/produkt\/promocja-pakiet-fundamenty-przywodztwa-i-motywacja\/#breadcrumb\"},\"inLanguage\":\"pl-PL\",\"potentialAction\":[{\"@type\":\"ReadAction\",\"target\":[\"https:\/\/mateuszmrozowski.pl\/sklep\/produkt\/promocja-pakiet-fundamenty-przywodztwa-i-motywacja\/\"]}]},{\"@type\":\"ImageObject\",\"inLanguage\":\"pl-PL\",\"@id\":\"https:\/\/mateuszmrozowski.pl\/sklep\/produkt\/promocja-pakiet-fundamenty-przywodztwa-i-motywacja\/#primaryimage\",\"url\":\"https:\/\/mateuszmrozowski.pl\/sklep\/wp-content\/uploads\/2023\/05\/mrozowski-fundamenty-przywodztwa.png\",\"contentUrl\":\"https:\/\/mateuszmrozowski.pl\/sklep\/wp-content\/uploads\/2023\/05\/mrozowski-fundamenty-przywodztwa.png\",\"width\":1080,\"height\":1080},{\"@type\":\"BreadcrumbList\",\"@id\":\"https:\/\/mateuszmrozowski.pl\/sklep\/produkt\/promocja-pakiet-fundamenty-przywodztwa-i-motywacja\/#breadcrumb\",\"itemListElement\":[{\"@type\":\"ListItem\",\"position\":1,\"name\":\"Strona g\u0142\u00f3wna\",\"item\":\"https:\/\/mateuszmrozowski.pl\/sklep\/\"},{\"@type\":\"ListItem\",\"position\":2,\"name\":\"Szkolenia biznesowe i kursy sprzeda\u017cowe\",\"item\":\"https:\/\/mateuszmrozowski.pl\/sklep\/\"},{\"@type\":\"ListItem\",\"position\":3,\"name\":\"Kursy online\",\"item\":\"https:\/\/mateuszmrozowski.pl\/sklep\/kategoria-produktu\/kursy-online\/\"},{\"@type\":\"ListItem\",\"position\":4,\"name\":\"Promocja: Pakiet &#8211; Fundamenty Przyw\u00f3dztwa i Motywacja\"}]},{\"@type\":\"WebSite\",\"@id\":\"https:\/\/mateuszmrozowski.pl\/sklep\/#website\",\"url\":\"https:\/\/mateuszmrozowski.pl\/sklep\/\",\"name\":\"Mateusz Mrozowski Trener biznesu\",\"description\":\"Walcz\u0119 o wynik dla firm z kt\u00f3rymi wsp\u00f3\u0142pracuj\u0119.\",\"publisher\":{\"@id\":\"https:\/\/mateuszmrozowski.pl\/sklep\/#organization\"},\"alternateName\":\"Mateusz Mrozowski\",\"potentialAction\":[{\"@type\":\"SearchAction\",\"target\":{\"@type\":\"EntryPoint\",\"urlTemplate\":\"https:\/\/mateuszmrozowski.pl\/sklep\/?s={search_term_string}\"},\"query-input\":{\"@type\":\"PropertyValueSpecification\",\"valueRequired\":true,\"valueName\":\"search_term_string\"}}],\"inLanguage\":\"pl-PL\"},{\"@type\":\"Organization\",\"@id\":\"https:\/\/mateuszmrozowski.pl\/sklep\/#organization\",\"name\":\"Mateusz Mrozowski Trener biznesu\",\"alternateName\":\"Mateusz Mrozowski\",\"url\":\"https:\/\/mateuszmrozowski.pl\/sklep\/\",\"logo\":{\"@type\":\"ImageObject\",\"inLanguage\":\"pl-PL\",\"@id\":\"https:\/\/mateuszmrozowski.pl\/sklep\/#\/schema\/logo\/image\/\",\"url\":\"https:\/\/mateuszmrozowski.pl\/sklep\/wp-content\/uploads\/2025\/03\/cropped-mateusz_mrozowski_logo.png\",\"contentUrl\":\"https:\/\/mateuszmrozowski.pl\/sklep\/wp-content\/uploads\/2025\/03\/cropped-mateusz_mrozowski_logo.png\",\"width\":236,\"height\":59,\"caption\":\"Mateusz Mrozowski Trener biznesu\"},\"image\":{\"@id\":\"https:\/\/mateuszmrozowski.pl\/sklep\/#\/schema\/logo\/image\/\"},\"sameAs\":[\"https:\/\/www.facebook.com\/mateuszmrozowskisiewca\",\"https:\/\/www.youtube.com\/channel\/UCI6FhECZ4GdL1TYU5oh5JDg\",\"https:\/\/www.instagram.com\/mrozowski.siewca\/\",\"https:\/\/www.linkedin.com\/in\/mateuszmrozowski\/\",\"https:\/\/maps.app.goo.gl\/Ee8wtgr6gx2CjEM68\",\"https:\/\/www.tiktok.com\/@mateuszmrozowskisiewca\"]}]}<\/script>\n<!-- \/ Yoast SEO plugin. -->","yoast_head_json":{"title":"Promocja: Pakiet - Fundamenty Przyw\u00f3dztwa i Motywacja - Mateusz Mrozowski Trener Biznesu","robots":{"index":"noindex","follow":"nofollow"},"og_locale":"pl_PL","og_type":"article","og_title":"Promocja: Pakiet - Fundamenty Przyw\u00f3dztwa i Motywacja - Mateusz Mrozowski Trener Biznesu","og_description":"Najnowsze szkolenie managerskie w postaci kursu video Mateusza Mrozowskiego to najbardziej po\u017c\u0105dane tematy od 2023 roku &#8211; przyw\u00f3dztwo i zarz\u0105dzanie. Kurs sk\u0142ada si\u0119 z dw\u00f3ch cz\u0119\u015bci. Pierwsza cz\u0119\u015b\u0107 po\u015bwi\u0119cona jest teorii przyw\u00f3dztwa Maxa Webera, druga natomiast skupia si\u0119 na technologiach prowadzenia organizacji biznesowej. Jest to zbi\u00f3r czterech nagra\u0144, gdzie ka\u017cde trwa oko\u0142o godziny oraz materia\u0142\u00f3w [&hellip;]","og_url":"https:\/\/mateuszmrozowski.pl\/sklep\/produkt\/promocja-pakiet-fundamenty-przywodztwa-i-motywacja\/","og_site_name":"Mateusz Mrozowski Trener Biznesu","article_publisher":"https:\/\/www.facebook.com\/mateuszmrozowskisiewca","article_modified_time":"2025-03-01T17:33:21+00:00","og_image":[{"width":1080,"height":1080,"url":"https:\/\/mateuszmrozowski.pl\/sklep\/wp-content\/uploads\/2023\/05\/mrozowski-fundamenty-przywodztwa.png","type":"image\/png"}],"twitter_card":"summary_large_image","twitter_misc":{"Szacowany czas czytania":"2 minuty"},"schema":{"@context":"https:\/\/schema.org","@graph":[{"@type":"WebPage","@id":"https:\/\/mateuszmrozowski.pl\/sklep\/produkt\/promocja-pakiet-fundamenty-przywodztwa-i-motywacja\/","url":"https:\/\/mateuszmrozowski.pl\/sklep\/produkt\/promocja-pakiet-fundamenty-przywodztwa-i-motywacja\/","name":"Promocja: Pakiet - Fundamenty Przyw\u00f3dztwa i Motywacja - Mateusz Mrozowski Trener Biznesu","isPartOf":{"@id":"https:\/\/mateuszmrozowski.pl\/sklep\/#website"},"primaryImageOfPage":{"@id":"https:\/\/mateuszmrozowski.pl\/sklep\/produkt\/promocja-pakiet-fundamenty-przywodztwa-i-motywacja\/#primaryimage"},"image":{"@id":"https:\/\/mateuszmrozowski.pl\/sklep\/produkt\/promocja-pakiet-fundamenty-przywodztwa-i-motywacja\/#primaryimage"},"thumbnailUrl":"https:\/\/mateuszmrozowski.pl\/sklep\/wp-content\/uploads\/2023\/05\/mrozowski-fundamenty-przywodztwa.png","datePublished":"2023-05-11T12:27:04+00:00","dateModified":"2025-03-01T17:33:21+00:00","breadcrumb":{"@id":"https:\/\/mateuszmrozowski.pl\/sklep\/produkt\/promocja-pakiet-fundamenty-przywodztwa-i-motywacja\/#breadcrumb"},"inLanguage":"pl-PL","potentialAction":[{"@type":"ReadAction","target":["https:\/\/mateuszmrozowski.pl\/sklep\/produkt\/promocja-pakiet-fundamenty-przywodztwa-i-motywacja\/"]}]},{"@type":"ImageObject","inLanguage":"pl-PL","@id":"https:\/\/mateuszmrozowski.pl\/sklep\/produkt\/promocja-pakiet-fundamenty-przywodztwa-i-motywacja\/#primaryimage","url":"https:\/\/mateuszmrozowski.pl\/sklep\/wp-content\/uploads\/2023\/05\/mrozowski-fundamenty-przywodztwa.png","contentUrl":"https:\/\/mateuszmrozowski.pl\/sklep\/wp-content\/uploads\/2023\/05\/mrozowski-fundamenty-przywodztwa.png","width":1080,"height":1080},{"@type":"BreadcrumbList","@id":"https:\/\/mateuszmrozowski.pl\/sklep\/produkt\/promocja-pakiet-fundamenty-przywodztwa-i-motywacja\/#breadcrumb","itemListElement":[{"@type":"ListItem","position":1,"name":"Strona g\u0142\u00f3wna","item":"https:\/\/mateuszmrozowski.pl\/sklep\/"},{"@type":"ListItem","position":2,"name":"Szkolenia biznesowe i kursy sprzeda\u017cowe","item":"https:\/\/mateuszmrozowski.pl\/sklep\/"},{"@type":"ListItem","position":3,"name":"Kursy online","item":"https:\/\/mateuszmrozowski.pl\/sklep\/kategoria-produktu\/kursy-online\/"},{"@type":"ListItem","position":4,"name":"Promocja: Pakiet &#8211; Fundamenty Przyw\u00f3dztwa i Motywacja"}]},{"@type":"WebSite","@id":"https:\/\/mateuszmrozowski.pl\/sklep\/#website","url":"https:\/\/mateuszmrozowski.pl\/sklep\/","name":"Mateusz Mrozowski Trener biznesu","description":"Walcz\u0119 o wynik dla firm z kt\u00f3rymi wsp\u00f3\u0142pracuj\u0119.","publisher":{"@id":"https:\/\/mateuszmrozowski.pl\/sklep\/#organization"},"alternateName":"Mateusz Mrozowski","potentialAction":[{"@type":"SearchAction","target":{"@type":"EntryPoint","urlTemplate":"https:\/\/mateuszmrozowski.pl\/sklep\/?s={search_term_string}"},"query-input":{"@type":"PropertyValueSpecification","valueRequired":true,"valueName":"search_term_string"}}],"inLanguage":"pl-PL"},{"@type":"Organization","@id":"https:\/\/mateuszmrozowski.pl\/sklep\/#organization","name":"Mateusz Mrozowski Trener biznesu","alternateName":"Mateusz Mrozowski","url":"https:\/\/mateuszmrozowski.pl\/sklep\/","logo":{"@type":"ImageObject","inLanguage":"pl-PL","@id":"https:\/\/mateuszmrozowski.pl\/sklep\/#\/schema\/logo\/image\/","url":"https:\/\/mateuszmrozowski.pl\/sklep\/wp-content\/uploads\/2025\/03\/cropped-mateusz_mrozowski_logo.png","contentUrl":"https:\/\/mateuszmrozowski.pl\/sklep\/wp-content\/uploads\/2025\/03\/cropped-mateusz_mrozowski_logo.png","width":236,"height":59,"caption":"Mateusz Mrozowski Trener biznesu"},"image":{"@id":"https:\/\/mateuszmrozowski.pl\/sklep\/#\/schema\/logo\/image\/"},"sameAs":["https:\/\/www.facebook.com\/mateuszmrozowskisiewca","https:\/\/www.youtube.com\/channel\/UCI6FhECZ4GdL1TYU5oh5JDg","https:\/\/www.instagram.com\/mrozowski.siewca\/","https:\/\/www.linkedin.com\/in\/mateuszmrozowski\/","https:\/\/maps.app.goo.gl\/Ee8wtgr6gx2CjEM68","https:\/\/www.tiktok.com\/@mateuszmrozowskisiewca"]}]}},"_links":{"self":[{"href":"https:\/\/mateuszmrozowski.pl\/sklep\/wp-json\/wp\/v2\/product\/88394","targetHints":{"allow":["GET"]}}],"collection":[{"href":"https:\/\/mateuszmrozowski.pl\/sklep\/wp-json\/wp\/v2\/product"}],"about":[{"href":"https:\/\/mateuszmrozowski.pl\/sklep\/wp-json\/wp\/v2\/types\/product"}],"wp:featuredmedia":[{"embeddable":true,"href":"https:\/\/mateuszmrozowski.pl\/sklep\/wp-json\/wp\/v2\/media\/97482"}],"wp:attachment":[{"href":"https:\/\/mateuszmrozowski.pl\/sklep\/wp-json\/wp\/v2\/media?parent=88394"}],"wp:term":[{"taxonomy":"product_brand","embeddable":true,"href":"https:\/\/mateuszmrozowski.pl\/sklep\/wp-json\/wp\/v2\/product_brand?post=88394"},{"taxonomy":"product_cat","embeddable":true,"href":"https:\/\/mateuszmrozowski.pl\/sklep\/wp-json\/wp\/v2\/product_cat?post=88394"},{"taxonomy":"product_tag","embeddable":true,"href":"https:\/\/mateuszmrozowski.pl\/sklep\/wp-json\/wp\/v2\/product_tag?post=88394"}],"curies":[{"name":"wp","href":"https:\/\/api.w.org\/{rel}","templated":true}]}}