{"id":87762,"date":"2023-04-26T07:14:17","date_gmt":"2023-04-26T07:14:17","guid":{"rendered":"https:\/\/mateuszmrozowski.pl\/sklep\/produkt\/konferencja-z-mateusz-mrozowskim\/"},"modified":"2025-03-01T17:33:21","modified_gmt":"2025-03-01T17:33:21","slug":"konferencja-z-mateusz-mrozowskim","status":"publish","type":"product","link":"https:\/\/mateuszmrozowski.pl\/sklep\/produkt\/konferencja-z-mateusz-mrozowskim\/","title":{"rendered":"Przyw\u00f3dztwo Osobiste w Sprzeda\u017cy"},"content":{"rendered":"\n\n<div class=\"kk-star-ratings kksr-auto kksr-align-left kksr-valign-top kksr-disabled\"\n    data-payload='{&quot;align&quot;:&quot;left&quot;,&quot;id&quot;:&quot;87762&quot;,&quot;readonly&quot;:&quot;1&quot;,&quot;slug&quot;:&quot;default&quot;,&quot;valign&quot;:&quot;top&quot;,&quot;ignore&quot;:&quot;&quot;,&quot;reference&quot;:&quot;auto&quot;,&quot;class&quot;:&quot;&quot;,&quot;count&quot;:&quot;0&quot;,&quot;legendonly&quot;:&quot;&quot;,&quot;score&quot;:&quot;0&quot;,&quot;starsonly&quot;:&quot;&quot;,&quot;best&quot;:&quot;5&quot;,&quot;gap&quot;:&quot;5&quot;,&quot;greet&quot;:&quot;Wystaw ocen\u0119&quot;,&quot;legend&quot;:&quot;0\\\/5 - (0 ocen)&quot;,&quot;size&quot;:&quot;16&quot;,&quot;title&quot;:&quot;Przyw\u00f3dztwo Osobiste w Sprzeda\u017cy&quot;,&quot;width&quot;:&quot;0&quot;,&quot;_legend&quot;:&quot;{score}\\\/{best} - ({count} ocen)&quot;,&quot;font_factor&quot;:&quot;1.25&quot;}'>\n            \n<div class=\"kksr-stars\">\n    \n<div class=\"kksr-stars-inactive\">\n            <div class=\"kksr-star\" data-star=\"1\" style=\"padding-right: 5px\">\n            \n\n<div class=\"kksr-icon\" style=\"width: 16px; height: 16px;\"><\/div>\n        <\/div>\n            <div class=\"kksr-star\" data-star=\"2\" style=\"padding-right: 5px\">\n            \n\n<div class=\"kksr-icon\" style=\"width: 16px; height: 16px;\"><\/div>\n        <\/div>\n            <div class=\"kksr-star\" data-star=\"3\" style=\"padding-right: 5px\">\n            \n\n<div class=\"kksr-icon\" style=\"width: 16px; height: 16px;\"><\/div>\n        <\/div>\n            <div class=\"kksr-star\" data-star=\"4\" style=\"padding-right: 5px\">\n            \n\n<div class=\"kksr-icon\" style=\"width: 16px; height: 16px;\"><\/div>\n        <\/div>\n            <div class=\"kksr-star\" data-star=\"5\" style=\"padding-right: 5px\">\n            \n\n<div class=\"kksr-icon\" style=\"width: 16px; height: 16px;\"><\/div>\n        <\/div>\n    <\/div>\n    \n<div class=\"kksr-stars-active\" style=\"width: 0px;\">\n            <div class=\"kksr-star\" style=\"padding-right: 5px\">\n            \n\n<div class=\"kksr-icon\" style=\"width: 16px; height: 16px;\"><\/div>\n        <\/div>\n            <div class=\"kksr-star\" style=\"padding-right: 5px\">\n            \n\n<div class=\"kksr-icon\" style=\"width: 16px; height: 16px;\"><\/div>\n        <\/div>\n            <div class=\"kksr-star\" style=\"padding-right: 5px\">\n            \n\n<div class=\"kksr-icon\" style=\"width: 16px; height: 16px;\"><\/div>\n        <\/div>\n            <div class=\"kksr-star\" style=\"padding-right: 5px\">\n            \n\n<div class=\"kksr-icon\" style=\"width: 16px; height: 16px;\"><\/div>\n        <\/div>\n            <div class=\"kksr-star\" style=\"padding-right: 5px\">\n            \n\n<div class=\"kksr-icon\" style=\"width: 16px; height: 16px;\"><\/div>\n        <\/div>\n    <\/div>\n<\/div>\n                \n\n<div class=\"kksr-legend\" style=\"font-size: 12.8px;\">\n            <span class=\"kksr-muted\">Wystaw ocen\u0119<\/span>\n    <\/div>\n    <\/div>\n<h2>Nagranie Konferencji &#8222;Przyw\u00f3dztwo osobiste w Sprzeda\u017cy&#8221; z Mateuszem Mrozowskim<\/h2>\n<p>Czym jest <strong>Osobiste Przyw\u00f3dztwo w Sprzeda\u017cy<\/strong> i dlaczego jest to tak istotny temat? M\u00f3wi\u0105c najpro\u015bciej to umiej\u0119tno\u015bci kierowania i motywowania samego siebie, aby osi\u0105gn\u0105\u0107 sukces w sprzeda\u017cy. Gwarantujemy Ci, \u017ce wyjdziesz z tej konferencji z dawk\u0105 ogromnej wiedzy oraz wewn\u0119trznym wkurzeniem. <strong>Poznasz fakty i mity na temat ca\u0142ego liderstwa<\/strong> w biznesie oraz poznasz najbardziej po\u017c\u0105dane dzi\u015b zagadnienia zwi\u0105zane z Biznesem i Sprzeda\u017c\u0105.<\/p>\n<p>B\u0119dziemy m\u00f3wi\u0107 o prawdziwym osobistym przyw\u00f3dztwie, kt\u00f3re <strong>jest czym\u015b naturalnym u najwi\u0119kszych lider\u00f3w na \u015bwiecie i wci\u0105\u017c niedoceniane w Polsce.\u00a0<\/strong><\/p>\n<p><strong>Po konferencji dost\u0119pne b\u0119dzie r\u00f3wnie\u017c nagranie z nilitimowanym dost\u0119pem.<\/strong><\/p>\n<h3>Czego dowiesz si\u0119 na tej konferencji?<\/h3>\n<ul>\n<li>Czym jest osobiste przyw\u00f3dztwo w\u00a0 biznesie.<\/li>\n<li>Samodyscyplina &#8211;\u00a0 jak wp\u0142ywa na konsekwentne d\u0105\u017cenie do wyznaczonych cel\u00f3w i dba\u0142o\u015b\u0107 o w\u0142asny rozw\u00f3j i rozw\u00f3j biznesu.<\/li>\n<li>Jak wygl\u0105da strategiczne podej\u015bcie do sprzeda\u017cy.<\/li>\n<li>Dlaczego Tw\u00f3j business mindset jest dzi\u015b tak istotny i wa\u017cny w Twoim biznesie oraz co na niego wp\u0142ywa.<\/li>\n<li>Czy umiej\u0119tno\u015b\u0107 podejmowania decyzji bez zb\u0119dnego wahania jest op\u0142acalna.<\/li>\n<li>Jak umiej\u0119tno\u015b\u0107 s\u0142uchania i rozumienia potrzeb klient\u00f3w na Twoje przyw\u00f3dztwo.<\/li>\n<li>Fakty i mity dzisiejszego liderstwa.<\/li>\n<\/ul>\n<h2>Kim jeste\u015bmy?<\/h2>\n<p>Jeste\u015bmy firm\u0105, kt\u00f3ra\u00a0<span class=\"S1PPyQ\">w swoich szkoleniach \u0142\u0105czy <\/span><span class=\"S1PPyQ\">zasady sportu zawodowego<\/span><span class=\"S1PPyQ\"> (Mateusz Mrozowski &#8211; by\u0142y reprezentant kraju na ME i multimedalista MP) z <\/span><span class=\"S1PPyQ\">praktycznym podej\u015bciem do kompetencji mi\u0119kkich opartym na wynikach<\/span><span class=\"S1PPyQ\"> (w 2016 roku tytu\u0142 najskuteczniejszego sprzedawcy w bran\u017cy i najlepszego dyrektora sprzeda\u017cy w 2017) w powi\u0105zaniu <\/span><span class=\"S1PPyQ\">z zasadami psychologii behawioralnej<\/span><span class=\"S1PPyQ\"> czyli psychologii zachowa\u0144, opieraj\u0105c swoje szkolenia o konkretne badania naukowe (wyk\u0142adowca psychologii sprzeda\u017cy na WSPiA w Lublinie i w Szkole Zarz\u0105dzania Sprzeda\u017c\u0105 w Warszawie).<\/span><\/p>\n<p class=\"_04xlpA direction-ltr align-justify para-style-body\"><span class=\"S1PPyQ\">Dzia\u0142amy <\/span><span class=\"S1PPyQ\">na autorskich programach <\/span><span class=\"S1PPyQ\">(notabene z naszych program\u00f3w korzysta ju\u017c ponad 4,5 tys os\u00f3b i setki firm) w uj\u0119ciu <\/span><span class=\"S1PPyQ\">nowoczesnej metodologi<\/span><span class=\"S1PPyQ\">i <\/span><span class=\"S1PPyQ\">komunikacji<\/span><span class=\"S1PPyQ\"> (psychologia, badania The challenger sale, socjologia) to znaczy, \u017ce nie uczymy niczego, co nie tylko, \u017ce daje efekty, ale przede wszystkim, co nie jest potwierdzone naukowo, \u017ce dzia\u0142a.<\/span><\/p>\n<p><strong>Opieramy si\u0119 na 5 warto\u015bciach:<\/strong><\/p>\n<ul>\n<li>Rezultat jako miara prawdy.<\/li>\n<li>Proaktywno\u015b\u0107 jako wyraz wolno\u015bci.<\/li>\n<li>Pragnienie jako jedyne paliwo w machinie rezultat\u00f3w.<\/li>\n<li>Szacunek jako obowi\u0105zek a nie przywilej.<\/li>\n<li>Konfrontacja jako jedyne narz\u0119dzie w odpowiedzi na nieporozumienia.<\/li>\n<\/ul>\n<h3>Kim jest Mateusz Mrozowski?<\/h3>\n<ul>\n<li><span class=\"S1PPyQ\">15 lat do\u015bwiadczenia menad\u017cerskiego i sprzeda\u017cowego w bran\u017cach: Marketing wewn\u0119trzny, Farmacja, Budownictwo, IT, Sprzeda\u017c bezpo\u015brednia. Do\u015bwiadczenie sprzeda\u017cowe zdobywa\u0142 pocz\u0105wszy od przedstawiciela handlowego do funkcji Dyrektora Sprzeda\u017cy.<\/span><\/li>\n<li><span class=\"S1PPyQ\">Ponad 17 wyr\u00f3\u017cnie\u0144 handlowych za wyniki sprzeda\u017cowe, w tym tytu\u0142 najlepszego Dyrektora Sprzeda\u017cy.<\/span><\/li>\n<li><span class=\"S1PPyQ\">Publicysta ekspercki m.in. Forbes<\/span><\/li>\n<li><span class=\"S1PPyQ\">Prowadz\u0105cy autorskie Akademie: Akademia Handlowca, Szko\u0142a Dyrektor\u00f3w Sprzeda\u017cy, Akademia Trener\u00f3w Biznesu, Akademia Lider\u00f3w MLM<\/span><\/li>\n<li><span class=\"S1PPyQ\">Szkoli i doradza takim markom jak: Uniqa, Allianz, Mercedes, PhilipMorris, Danone, Scania, Wipasz, Foto Instal, IKEA, DHL, Karcher, Ferrero, Toyota, Volkswagen, Aviko, T-mobile, Pracuj.pl, ERATO ENERGY, Bosch, Danone, PSA, PKP, Dr Irena Eris, AutoCentrum Lis, PZU S.A., EPG, Cerrad i wiele innych.<\/span><\/li>\n<li><span class=\"S1PPyQ\">Autor 6 ksi\u0105\u017cek, w tym dw\u00f3ch bestseller\u00f3w<\/span><\/li>\n<li><span class=\"S1PPyQ\">Certyfikowany Trener, cz\u0142onek Polskiego Towarzystwa Trener\u00f3w Biznesu, Trener Biznesu Szko\u0142y Trener\u00f3w, Kurs Trenerski \u2013 Profesjonalny Trener Organizacji<\/span><\/li>\n<\/ul>\n","protected":false},"excerpt":{"rendered":"<p>Nagranie Konferencji &#8222;Przyw\u00f3dztwo osobiste w Sprzeda\u017cy&#8221; z Mateuszem Mrozowskim Czym jest Osobiste Przyw\u00f3dztwo w Sprzeda\u017cy i dlaczego jest to tak istotny temat? M\u00f3wi\u0105c najpro\u015bciej to umiej\u0119tno\u015bci kierowania i motywowania samego siebie, aby osi\u0105gn\u0105\u0107 sukces w sprzeda\u017cy. Gwarantujemy Ci, \u017ce wyjdziesz z tej konferencji z dawk\u0105 ogromnej wiedzy oraz wewn\u0119trznym wkurzeniem. Poznasz fakty i mity na [&hellip;]<\/p>\n","protected":false},"featured_media":90658,"template":"","meta":{"_acf_changed":false,"content-type":""},"product_brand":[],"product_cat":[19,114],"product_tag":[],"class_list":{"0":"post-87762","1":"product","2":"type-product","3":"status-publish","4":"has-post-thumbnail","6":"product_cat-szkolenia-otwarte","7":"product_cat-wszystkie-produkty","9":"first","10":"instock","11":"virtual","12":"taxable","13":"purchasable","14":"product-type-simple"},"acf":[],"yoast_head":"<!-- This site is optimized with the Yoast SEO plugin v27.1.1 - https:\/\/yoast.com\/product\/yoast-seo-wordpress\/ -->\n<title>Konferencja Biznesowa | M. Mrozowski<\/title>\n<meta name=\"description\" content=\"Konferencja Biznesowa \u2714\ufe0f Wiedza i Do\u015bwiadczenie \u2714\ufe0f Autorskie Metody \u2714\ufe0f Naukowo Potwierdzone \u2714\ufe0f Przyw\u00f3dztwo Osobiste \u2714\ufe0fKup Teraz \u00bb\" \/>\n<meta name=\"robots\" content=\"noindex, nofollow\" \/>\n<meta property=\"og:locale\" content=\"pl_PL\" \/>\n<meta property=\"og:type\" content=\"article\" \/>\n<meta property=\"og:title\" content=\"Konferencja Biznesowa | M. Mrozowski\" \/>\n<meta property=\"og:description\" content=\"Konferencja Biznesowa \u2714\ufe0f Wiedza i Do\u015bwiadczenie \u2714\ufe0f Autorskie Metody \u2714\ufe0f Naukowo Potwierdzone \u2714\ufe0f Przyw\u00f3dztwo Osobiste \u2714\ufe0fKup Teraz \u00bb\" \/>\n<meta property=\"og:url\" content=\"https:\/\/mateuszmrozowski.pl\/sklep\/produkt\/konferencja-z-mateusz-mrozowskim\/\" \/>\n<meta property=\"og:site_name\" content=\"Mateusz Mrozowski Trener Biznesu\" \/>\n<meta property=\"article:publisher\" content=\"https:\/\/www.facebook.com\/mateuszmrozowskisiewca\" \/>\n<meta property=\"article:modified_time\" content=\"2025-03-01T17:33:21+00:00\" \/>\n<meta property=\"og:image\" content=\"https:\/\/mateuszmrozowski.pl\/sklep\/wp-content\/uploads\/2022\/10\/przywodztwo-osobiste-mateusz-mrozowski.jpg\" \/>\n\t<meta property=\"og:image:width\" content=\"1080\" \/>\n\t<meta property=\"og:image:height\" content=\"1080\" \/>\n\t<meta property=\"og:image:type\" content=\"image\/jpeg\" \/>\n<meta name=\"twitter:card\" content=\"summary_large_image\" \/>\n<meta name=\"twitter:label1\" content=\"Szacowany czas czytania\" \/>\n\t<meta name=\"twitter:data1\" content=\"3 minuty\" \/>\n<script type=\"application\/ld+json\" class=\"yoast-schema-graph\">{\"@context\":\"https:\/\/schema.org\",\"@graph\":[{\"@type\":\"WebPage\",\"@id\":\"https:\/\/mateuszmrozowski.pl\/sklep\/produkt\/konferencja-z-mateusz-mrozowskim\/\",\"url\":\"https:\/\/mateuszmrozowski.pl\/sklep\/produkt\/konferencja-z-mateusz-mrozowskim\/\",\"name\":\"Konferencja Biznesowa | M. Mrozowski\",\"isPartOf\":{\"@id\":\"https:\/\/mateuszmrozowski.pl\/sklep\/#website\"},\"primaryImageOfPage\":{\"@id\":\"https:\/\/mateuszmrozowski.pl\/sklep\/produkt\/konferencja-z-mateusz-mrozowskim\/#primaryimage\"},\"image\":{\"@id\":\"https:\/\/mateuszmrozowski.pl\/sklep\/produkt\/konferencja-z-mateusz-mrozowskim\/#primaryimage\"},\"thumbnailUrl\":\"https:\/\/mateuszmrozowski.pl\/sklep\/wp-content\/uploads\/2022\/10\/przywodztwo-osobiste-mateusz-mrozowski.jpg\",\"datePublished\":\"2023-04-26T07:14:17+00:00\",\"dateModified\":\"2025-03-01T17:33:21+00:00\",\"description\":\"Konferencja Biznesowa \u2714\ufe0f Wiedza i Do\u015bwiadczenie \u2714\ufe0f Autorskie Metody \u2714\ufe0f Naukowo Potwierdzone \u2714\ufe0f Przyw\u00f3dztwo Osobiste \u2714\ufe0fKup Teraz \u00bb\",\"breadcrumb\":{\"@id\":\"https:\/\/mateuszmrozowski.pl\/sklep\/produkt\/konferencja-z-mateusz-mrozowskim\/#breadcrumb\"},\"inLanguage\":\"pl-PL\",\"potentialAction\":[{\"@type\":\"ReadAction\",\"target\":[\"https:\/\/mateuszmrozowski.pl\/sklep\/produkt\/konferencja-z-mateusz-mrozowskim\/\"]}]},{\"@type\":\"ImageObject\",\"inLanguage\":\"pl-PL\",\"@id\":\"https:\/\/mateuszmrozowski.pl\/sklep\/produkt\/konferencja-z-mateusz-mrozowskim\/#primaryimage\",\"url\":\"https:\/\/mateuszmrozowski.pl\/sklep\/wp-content\/uploads\/2022\/10\/przywodztwo-osobiste-mateusz-mrozowski.jpg\",\"contentUrl\":\"https:\/\/mateuszmrozowski.pl\/sklep\/wp-content\/uploads\/2022\/10\/przywodztwo-osobiste-mateusz-mrozowski.jpg\",\"width\":1080,\"height\":1080},{\"@type\":\"BreadcrumbList\",\"@id\":\"https:\/\/mateuszmrozowski.pl\/sklep\/produkt\/konferencja-z-mateusz-mrozowskim\/#breadcrumb\",\"itemListElement\":[{\"@type\":\"ListItem\",\"position\":1,\"name\":\"Strona g\u0142\u00f3wna\",\"item\":\"https:\/\/mateuszmrozowski.pl\/sklep\/\"},{\"@type\":\"ListItem\",\"position\":2,\"name\":\"Szkolenia biznesowe i kursy sprzeda\u017cowe\",\"item\":\"https:\/\/mateuszmrozowski.pl\/sklep\/\"},{\"@type\":\"ListItem\",\"position\":3,\"name\":\"Szkolenia otwarte\",\"item\":\"https:\/\/mateuszmrozowski.pl\/sklep\/kategoria-produktu\/szkolenia-otwarte\/\"},{\"@type\":\"ListItem\",\"position\":4,\"name\":\"Przyw\u00f3dztwo Osobiste w Sprzeda\u017cy\"}]},{\"@type\":\"WebSite\",\"@id\":\"https:\/\/mateuszmrozowski.pl\/sklep\/#website\",\"url\":\"https:\/\/mateuszmrozowski.pl\/sklep\/\",\"name\":\"Mateusz Mrozowski Trener biznesu\",\"description\":\"Walcz\u0119 o wynik dla firm z kt\u00f3rymi wsp\u00f3\u0142pracuj\u0119.\",\"publisher\":{\"@id\":\"https:\/\/mateuszmrozowski.pl\/sklep\/#organization\"},\"alternateName\":\"Mateusz Mrozowski\",\"potentialAction\":[{\"@type\":\"SearchAction\",\"target\":{\"@type\":\"EntryPoint\",\"urlTemplate\":\"https:\/\/mateuszmrozowski.pl\/sklep\/?s={search_term_string}\"},\"query-input\":{\"@type\":\"PropertyValueSpecification\",\"valueRequired\":true,\"valueName\":\"search_term_string\"}}],\"inLanguage\":\"pl-PL\"},{\"@type\":\"Organization\",\"@id\":\"https:\/\/mateuszmrozowski.pl\/sklep\/#organization\",\"name\":\"Mateusz Mrozowski Trener biznesu\",\"alternateName\":\"Mateusz Mrozowski\",\"url\":\"https:\/\/mateuszmrozowski.pl\/sklep\/\",\"logo\":{\"@type\":\"ImageObject\",\"inLanguage\":\"pl-PL\",\"@id\":\"https:\/\/mateuszmrozowski.pl\/sklep\/#\/schema\/logo\/image\/\",\"url\":\"https:\/\/mateuszmrozowski.pl\/sklep\/wp-content\/uploads\/2025\/03\/cropped-mateusz_mrozowski_logo.png\",\"contentUrl\":\"https:\/\/mateuszmrozowski.pl\/sklep\/wp-content\/uploads\/2025\/03\/cropped-mateusz_mrozowski_logo.png\",\"width\":236,\"height\":59,\"caption\":\"Mateusz Mrozowski Trener biznesu\"},\"image\":{\"@id\":\"https:\/\/mateuszmrozowski.pl\/sklep\/#\/schema\/logo\/image\/\"},\"sameAs\":[\"https:\/\/www.facebook.com\/mateuszmrozowskisiewca\",\"https:\/\/www.youtube.com\/channel\/UCI6FhECZ4GdL1TYU5oh5JDg\",\"https:\/\/www.instagram.com\/mrozowski.siewca\/\",\"https:\/\/www.linkedin.com\/in\/mateuszmrozowski\/\",\"https:\/\/maps.app.goo.gl\/Ee8wtgr6gx2CjEM68\",\"https:\/\/www.tiktok.com\/@mateuszmrozowskisiewca\"]}]}<\/script>\n<!-- \/ Yoast SEO plugin. -->","yoast_head_json":{"title":"Konferencja Biznesowa | M. Mrozowski","description":"Konferencja Biznesowa \u2714\ufe0f Wiedza i Do\u015bwiadczenie \u2714\ufe0f Autorskie Metody \u2714\ufe0f Naukowo Potwierdzone \u2714\ufe0f Przyw\u00f3dztwo Osobiste \u2714\ufe0fKup Teraz \u00bb","robots":{"index":"noindex","follow":"nofollow"},"og_locale":"pl_PL","og_type":"article","og_title":"Konferencja Biznesowa | M. Mrozowski","og_description":"Konferencja Biznesowa \u2714\ufe0f Wiedza i Do\u015bwiadczenie \u2714\ufe0f Autorskie Metody \u2714\ufe0f Naukowo Potwierdzone \u2714\ufe0f Przyw\u00f3dztwo Osobiste \u2714\ufe0fKup Teraz \u00bb","og_url":"https:\/\/mateuszmrozowski.pl\/sklep\/produkt\/konferencja-z-mateusz-mrozowskim\/","og_site_name":"Mateusz Mrozowski Trener Biznesu","article_publisher":"https:\/\/www.facebook.com\/mateuszmrozowskisiewca","article_modified_time":"2025-03-01T17:33:21+00:00","og_image":[{"width":1080,"height":1080,"url":"https:\/\/mateuszmrozowski.pl\/sklep\/wp-content\/uploads\/2022\/10\/przywodztwo-osobiste-mateusz-mrozowski.jpg","type":"image\/jpeg"}],"twitter_card":"summary_large_image","twitter_misc":{"Szacowany czas czytania":"3 minuty"},"schema":{"@context":"https:\/\/schema.org","@graph":[{"@type":"WebPage","@id":"https:\/\/mateuszmrozowski.pl\/sklep\/produkt\/konferencja-z-mateusz-mrozowskim\/","url":"https:\/\/mateuszmrozowski.pl\/sklep\/produkt\/konferencja-z-mateusz-mrozowskim\/","name":"Konferencja Biznesowa | M. Mrozowski","isPartOf":{"@id":"https:\/\/mateuszmrozowski.pl\/sklep\/#website"},"primaryImageOfPage":{"@id":"https:\/\/mateuszmrozowski.pl\/sklep\/produkt\/konferencja-z-mateusz-mrozowskim\/#primaryimage"},"image":{"@id":"https:\/\/mateuszmrozowski.pl\/sklep\/produkt\/konferencja-z-mateusz-mrozowskim\/#primaryimage"},"thumbnailUrl":"https:\/\/mateuszmrozowski.pl\/sklep\/wp-content\/uploads\/2022\/10\/przywodztwo-osobiste-mateusz-mrozowski.jpg","datePublished":"2023-04-26T07:14:17+00:00","dateModified":"2025-03-01T17:33:21+00:00","description":"Konferencja Biznesowa \u2714\ufe0f Wiedza i Do\u015bwiadczenie \u2714\ufe0f Autorskie Metody \u2714\ufe0f Naukowo Potwierdzone \u2714\ufe0f Przyw\u00f3dztwo Osobiste \u2714\ufe0fKup Teraz \u00bb","breadcrumb":{"@id":"https:\/\/mateuszmrozowski.pl\/sklep\/produkt\/konferencja-z-mateusz-mrozowskim\/#breadcrumb"},"inLanguage":"pl-PL","potentialAction":[{"@type":"ReadAction","target":["https:\/\/mateuszmrozowski.pl\/sklep\/produkt\/konferencja-z-mateusz-mrozowskim\/"]}]},{"@type":"ImageObject","inLanguage":"pl-PL","@id":"https:\/\/mateuszmrozowski.pl\/sklep\/produkt\/konferencja-z-mateusz-mrozowskim\/#primaryimage","url":"https:\/\/mateuszmrozowski.pl\/sklep\/wp-content\/uploads\/2022\/10\/przywodztwo-osobiste-mateusz-mrozowski.jpg","contentUrl":"https:\/\/mateuszmrozowski.pl\/sklep\/wp-content\/uploads\/2022\/10\/przywodztwo-osobiste-mateusz-mrozowski.jpg","width":1080,"height":1080},{"@type":"BreadcrumbList","@id":"https:\/\/mateuszmrozowski.pl\/sklep\/produkt\/konferencja-z-mateusz-mrozowskim\/#breadcrumb","itemListElement":[{"@type":"ListItem","position":1,"name":"Strona g\u0142\u00f3wna","item":"https:\/\/mateuszmrozowski.pl\/sklep\/"},{"@type":"ListItem","position":2,"name":"Szkolenia biznesowe i kursy sprzeda\u017cowe","item":"https:\/\/mateuszmrozowski.pl\/sklep\/"},{"@type":"ListItem","position":3,"name":"Szkolenia otwarte","item":"https:\/\/mateuszmrozowski.pl\/sklep\/kategoria-produktu\/szkolenia-otwarte\/"},{"@type":"ListItem","position":4,"name":"Przyw\u00f3dztwo Osobiste w Sprzeda\u017cy"}]},{"@type":"WebSite","@id":"https:\/\/mateuszmrozowski.pl\/sklep\/#website","url":"https:\/\/mateuszmrozowski.pl\/sklep\/","name":"Mateusz Mrozowski Trener biznesu","description":"Walcz\u0119 o wynik dla firm z kt\u00f3rymi wsp\u00f3\u0142pracuj\u0119.","publisher":{"@id":"https:\/\/mateuszmrozowski.pl\/sklep\/#organization"},"alternateName":"Mateusz Mrozowski","potentialAction":[{"@type":"SearchAction","target":{"@type":"EntryPoint","urlTemplate":"https:\/\/mateuszmrozowski.pl\/sklep\/?s={search_term_string}"},"query-input":{"@type":"PropertyValueSpecification","valueRequired":true,"valueName":"search_term_string"}}],"inLanguage":"pl-PL"},{"@type":"Organization","@id":"https:\/\/mateuszmrozowski.pl\/sklep\/#organization","name":"Mateusz Mrozowski Trener biznesu","alternateName":"Mateusz Mrozowski","url":"https:\/\/mateuszmrozowski.pl\/sklep\/","logo":{"@type":"ImageObject","inLanguage":"pl-PL","@id":"https:\/\/mateuszmrozowski.pl\/sklep\/#\/schema\/logo\/image\/","url":"https:\/\/mateuszmrozowski.pl\/sklep\/wp-content\/uploads\/2025\/03\/cropped-mateusz_mrozowski_logo.png","contentUrl":"https:\/\/mateuszmrozowski.pl\/sklep\/wp-content\/uploads\/2025\/03\/cropped-mateusz_mrozowski_logo.png","width":236,"height":59,"caption":"Mateusz Mrozowski Trener biznesu"},"image":{"@id":"https:\/\/mateuszmrozowski.pl\/sklep\/#\/schema\/logo\/image\/"},"sameAs":["https:\/\/www.facebook.com\/mateuszmrozowskisiewca","https:\/\/www.youtube.com\/channel\/UCI6FhECZ4GdL1TYU5oh5JDg","https:\/\/www.instagram.com\/mrozowski.siewca\/","https:\/\/www.linkedin.com\/in\/mateuszmrozowski\/","https:\/\/maps.app.goo.gl\/Ee8wtgr6gx2CjEM68","https:\/\/www.tiktok.com\/@mateuszmrozowskisiewca"]}]}},"_links":{"self":[{"href":"https:\/\/mateuszmrozowski.pl\/sklep\/wp-json\/wp\/v2\/product\/87762","targetHints":{"allow":["GET"]}}],"collection":[{"href":"https:\/\/mateuszmrozowski.pl\/sklep\/wp-json\/wp\/v2\/product"}],"about":[{"href":"https:\/\/mateuszmrozowski.pl\/sklep\/wp-json\/wp\/v2\/types\/product"}],"wp:featuredmedia":[{"embeddable":true,"href":"https:\/\/mateuszmrozowski.pl\/sklep\/wp-json\/wp\/v2\/media\/90658"}],"wp:attachment":[{"href":"https:\/\/mateuszmrozowski.pl\/sklep\/wp-json\/wp\/v2\/media?parent=87762"}],"wp:term":[{"taxonomy":"product_brand","embeddable":true,"href":"https:\/\/mateuszmrozowski.pl\/sklep\/wp-json\/wp\/v2\/product_brand?post=87762"},{"taxonomy":"product_cat","embeddable":true,"href":"https:\/\/mateuszmrozowski.pl\/sklep\/wp-json\/wp\/v2\/product_cat?post=87762"},{"taxonomy":"product_tag","embeddable":true,"href":"https:\/\/mateuszmrozowski.pl\/sklep\/wp-json\/wp\/v2\/product_tag?post=87762"}],"curies":[{"name":"wp","href":"https:\/\/api.w.org\/{rel}","templated":true}]}}