{"id":85059,"date":"2023-03-21T11:54:25","date_gmt":"2023-03-21T11:54:25","guid":{"rendered":"https:\/\/mateuszmrozowski.pl\/sklep\/produkt\/kurs-online-fundamenty-sprzedazy-w-2023-roku\/"},"modified":"2025-03-01T17:33:21","modified_gmt":"2025-03-01T17:33:21","slug":"promo-fundamenty-sprzedazy","status":"publish","type":"product","link":"https:\/\/mateuszmrozowski.pl\/sklep\/produkt\/promo-fundamenty-sprzedazy\/","title":{"rendered":"Kurs Online &#8211; Fundamenty Sprzeda\u017cy"},"content":{"rendered":"\n\n<div class=\"kk-star-ratings kksr-auto kksr-align-left kksr-valign-top kksr-disabled\"\n    data-payload='{&quot;align&quot;:&quot;left&quot;,&quot;id&quot;:&quot;85059&quot;,&quot;readonly&quot;:&quot;1&quot;,&quot;slug&quot;:&quot;default&quot;,&quot;valign&quot;:&quot;top&quot;,&quot;ignore&quot;:&quot;&quot;,&quot;reference&quot;:&quot;auto&quot;,&quot;class&quot;:&quot;&quot;,&quot;count&quot;:&quot;1&quot;,&quot;legendonly&quot;:&quot;&quot;,&quot;score&quot;:&quot;5&quot;,&quot;starsonly&quot;:&quot;&quot;,&quot;best&quot;:&quot;5&quot;,&quot;gap&quot;:&quot;5&quot;,&quot;greet&quot;:&quot;Wystaw ocen\u0119&quot;,&quot;legend&quot;:&quot;5\\\/5 - (1 ocen)&quot;,&quot;size&quot;:&quot;16&quot;,&quot;title&quot;:&quot;Kurs Online - Fundamenty Sprzeda\u017cy&quot;,&quot;width&quot;:&quot;102.5&quot;,&quot;_legend&quot;:&quot;{score}\\\/{best} - ({count} ocen)&quot;,&quot;font_factor&quot;:&quot;1.25&quot;}'>\n            \n<div class=\"kksr-stars\">\n    \n<div class=\"kksr-stars-inactive\">\n            <div class=\"kksr-star\" data-star=\"1\" style=\"padding-right: 5px\">\n            \n\n<div class=\"kksr-icon\" style=\"width: 16px; height: 16px;\"><\/div>\n        <\/div>\n            <div class=\"kksr-star\" data-star=\"2\" style=\"padding-right: 5px\">\n            \n\n<div class=\"kksr-icon\" style=\"width: 16px; height: 16px;\"><\/div>\n        <\/div>\n            <div class=\"kksr-star\" data-star=\"3\" style=\"padding-right: 5px\">\n            \n\n<div class=\"kksr-icon\" style=\"width: 16px; height: 16px;\"><\/div>\n        <\/div>\n            <div class=\"kksr-star\" data-star=\"4\" style=\"padding-right: 5px\">\n            \n\n<div class=\"kksr-icon\" style=\"width: 16px; height: 16px;\"><\/div>\n        <\/div>\n            <div class=\"kksr-star\" data-star=\"5\" style=\"padding-right: 5px\">\n            \n\n<div class=\"kksr-icon\" style=\"width: 16px; height: 16px;\"><\/div>\n        <\/div>\n    <\/div>\n    \n<div class=\"kksr-stars-active\" style=\"width: 102.5px;\">\n            <div class=\"kksr-star\" style=\"padding-right: 5px\">\n            \n\n<div class=\"kksr-icon\" style=\"width: 16px; height: 16px;\"><\/div>\n        <\/div>\n            <div class=\"kksr-star\" style=\"padding-right: 5px\">\n            \n\n<div class=\"kksr-icon\" style=\"width: 16px; height: 16px;\"><\/div>\n        <\/div>\n            <div class=\"kksr-star\" style=\"padding-right: 5px\">\n            \n\n<div class=\"kksr-icon\" style=\"width: 16px; height: 16px;\"><\/div>\n        <\/div>\n            <div class=\"kksr-star\" style=\"padding-right: 5px\">\n            \n\n<div class=\"kksr-icon\" style=\"width: 16px; height: 16px;\"><\/div>\n        <\/div>\n            <div class=\"kksr-star\" style=\"padding-right: 5px\">\n            \n\n<div class=\"kksr-icon\" style=\"width: 16px; height: 16px;\"><\/div>\n        <\/div>\n    <\/div>\n<\/div>\n                \n\n<div class=\"kksr-legend\" style=\"font-size: 12.8px;\">\n            5\/5 - (1 ocen)    <\/div>\n    <\/div>\n<p><span class=\"JsGRdQ\">Kurs sprzeda\u017cy, dost\u0119pny online, to wskazane przez Mateusza Mrozowskiego fundamenty handlowe, kt\u00f3re musisz zna\u0107!<\/span><\/p>\n<p>Kurs sk\u0142ada si\u0119 z czterech cz\u0119\u015bci. Poruszane s\u0105 tutaj fundamenty sprzeda\u017cy XXI wieku, zw\u0142aszcza po 2022 roku. Kurs ten to zbi\u00f3r cztery godziny nagra\u0144 wraz z materia\u0142ami do pobrania w postaci prezentacji i test\u00f3w do rozwi\u0105zania. Kupuj\u0105c ten kurs masz nielimitowany dost\u0119p do niego i mo\u017cesz wielokrotnie wraca\u0107 i przyswaja\u0107 wiedz\u0119. Nie jest to standardowy kurs &#8211; to kwintesencja podstawowej wiedzy sprzeda\u017cowej, kt\u00f3rej skandalem jest nie zna\u0107, je\u015bli my\u015blisz powa\u017cnie o swoim biznesie.<\/p>\n<p><strong>Kurs ten to nagrania wideo z naszych elitarnych Akademii, kt\u00f3re by\u0142y nagrywane na \u017cywo (nie w studio) i dzi\u0119ki kt\u00f3rym uczestnicy Akademii odnosz\u0105 spektakularne wyniki! K\u0142adziemy nacisk na merytoryk\u0119, kt\u00f3ra sprawi, \u017ce Tw\u00f3j biznes uro\u015bnie jeszcze bardziej!\u00a0<\/strong>Uczestnikami naszych Akademii s\u0105 handlowcy i dyrektorzy bran\u017cy nieruchomo\u015bci, ubezpiecze\u0144, OZE i wielu innych oraz liderzy MLM i ka\u017cdy z nich ju\u017c dzi\u015b odnotowuje wzrosty sprzeda\u017cy. Ty r\u00f3wnie\u017c mo\u017cesz, skrupulatnie przerabiaj\u0105c ten kurs i wdra\u017caj\u0105c go w \u017cycie.<\/p>\n<h2><span class=\"JsGRdQ\">Czego nauczysz si\u0119 w tym kursie sprzeda\u017cy?<\/span><\/h2>\n<p>W naszym kursie sprzeda\u017cy poruszone zosta\u0142y nast\u0119puj\u0105ce zagadnienia:<\/p>\n<ul>\n<li>Poznasz 3 systemy reprezentacji, czyli podstawy komunikacji w sprzeda\u017cy.<\/li>\n<li>Dowiesz si\u0119, jakie sa 4 typy osobowo\u015bci Klienta oraz jak rozmawia\u0107 z ka\u017cdym z nich.<\/li>\n<li>Om\u00f3wione zostanie 7 zasad sprzeda\u017cy, kt\u00f3re musisz zna\u0107, je\u015bli powa\u017cnie my\u015blisz o sprzeda\u017cy.<\/li>\n<li>Dowiesz si\u0119 r\u00f3wnie\u017c, jakie s\u0105 3 rodzaje prospectingu i jak zdobywa\u0107 30-40 lead\u00f3w tygodniowo za darmo.<\/li>\n<li>Poka\u017cemy Ci, jak dociera\u0107 do klienta na podstawie znajomo\u015bci jego typu osobowo\u015bci w trzech systemach reprezentacji.<\/li>\n<li>Wype\u0142nisz test osobowo\u015bci i dowiesz si\u0119, jakim kolorem jeste\u015b.<\/li>\n<li>Otrzymasz materia\u0142y do pobrania w postaci prezentacji, aby jeszcze lepiej przyswoi\u0107 wiedz\u0119 sprzeda\u017cow\u0105.<\/li>\n<\/ul>\n<p>Ten kurs sprawi, \u017ce wiele kropek stworz\u0105 w Twojej g\u0142owy sp\u00f3jny obraz sprzeda\u017cy. <strong>To sprzeda\u017cowy must-have!<\/strong><\/p>\n<h3><span class=\"JsGRdQ\">Dla kogo jest ten kurs video?<\/span><\/h3>\n<p>Dla obecnych i przysz\u0142ych handlowc\u00f3w oraz ka\u017cdego, kto chce podnie\u015b\u0107 swoje wyniki sprzeda\u017cowe. Jest to kurs sprzeda\u017cowy, kt\u00f3ry ma na celu pom\u00f3c handlowcom w rozwijaniu umiej\u0119tno\u015bci sprzeda\u017cowych i zwi\u0119kszaniu efektywno\u015bci w prowadzeniu sprzeda\u017cy.<\/p>\n","protected":false},"excerpt":{"rendered":"<p>Kurs sprzeda\u017cy, dost\u0119pny online, to wskazane przez Mateusza Mrozowskiego fundamenty handlowe, kt\u00f3re musisz zna\u0107! Kurs sk\u0142ada si\u0119 z czterech cz\u0119\u015bci. Poruszane s\u0105 tutaj fundamenty sprzeda\u017cy XXI wieku, zw\u0142aszcza po 2022 roku. Kurs ten to zbi\u00f3r cztery godziny nagra\u0144 wraz z materia\u0142ami do pobrania w postaci prezentacji i test\u00f3w do rozwi\u0105zania. Kupuj\u0105c ten kurs masz nielimitowany [&hellip;]<\/p>\n","protected":false},"featured_media":97479,"template":"","meta":{"_acf_changed":false,"content-type":""},"product_brand":[],"product_cat":[28,114],"product_tag":[97],"class_list":{"0":"post-85059","1":"product","2":"type-product","3":"status-publish","4":"has-post-thumbnail","6":"product_cat-kursy-online","7":"product_cat-wszystkie-produkty","8":"product_tag-webinar-fundamenty-sprzedazy","10":"first","11":"instock","12":"sale","13":"virtual","14":"sold-individually","15":"taxable","16":"purchasable","17":"product-type-simple"},"acf":[],"yoast_head":"<!-- This site is optimized with the Yoast SEO plugin v27.1.1 - https:\/\/yoast.com\/product\/yoast-seo-wordpress\/ -->\n<title>Kurs Sprzeda\u017cy | Dost\u0119pny Online | M. Mrozowski<\/title>\n<meta name=\"description\" content=\"Kurs Sprzeda\u017cy | Dost\u0119pny Online \u2714\ufe0f 3 Systemy Reprezetacji \u2714\ufe0f 4 Typy Osobowo\u015bci Klienta \u2714\ufe0f 7 Zasad Sprzeda\u017cy \u2714\ufe0f Certyfikowany Trener! Zobacz \u00bb\" \/>\n<meta name=\"robots\" content=\"noindex, nofollow\" \/>\n<meta property=\"og:locale\" content=\"pl_PL\" \/>\n<meta property=\"og:type\" content=\"article\" \/>\n<meta property=\"og:title\" content=\"Kurs Sprzeda\u017cy | Dost\u0119pny Online | M. Mrozowski\" \/>\n<meta property=\"og:description\" content=\"Kurs Sprzeda\u017cy | Dost\u0119pny Online \u2714\ufe0f 3 Systemy Reprezetacji \u2714\ufe0f 4 Typy Osobowo\u015bci Klienta \u2714\ufe0f 7 Zasad Sprzeda\u017cy \u2714\ufe0f Certyfikowany Trener! Zobacz \u00bb\" \/>\n<meta property=\"og:url\" content=\"https:\/\/mateuszmrozowski.pl\/sklep\/produkt\/promo-fundamenty-sprzedazy\/\" \/>\n<meta property=\"og:site_name\" content=\"Mateusz Mrozowski Trener Biznesu\" \/>\n<meta property=\"article:publisher\" content=\"https:\/\/www.facebook.com\/mateuszmrozowskisiewca\" \/>\n<meta property=\"article:modified_time\" content=\"2025-03-01T17:33:21+00:00\" \/>\n<meta property=\"og:image\" content=\"https:\/\/mateuszmrozowski.pl\/sklep\/wp-content\/uploads\/2023\/04\/mrozowski-fundamenty-sprzedazy.png\" \/>\n\t<meta property=\"og:image:width\" content=\"1080\" \/>\n\t<meta property=\"og:image:height\" content=\"1080\" \/>\n\t<meta property=\"og:image:type\" content=\"image\/png\" \/>\n<meta name=\"twitter:card\" content=\"summary_large_image\" \/>\n<meta name=\"twitter:label1\" content=\"Szacowany czas czytania\" \/>\n\t<meta name=\"twitter:data1\" content=\"3 minuty\" \/>\n<script type=\"application\/ld+json\" class=\"yoast-schema-graph\">{\"@context\":\"https:\/\/schema.org\",\"@graph\":[{\"@type\":\"WebPage\",\"@id\":\"https:\/\/mateuszmrozowski.pl\/sklep\/produkt\/promo-fundamenty-sprzedazy\/\",\"url\":\"https:\/\/mateuszmrozowski.pl\/sklep\/produkt\/promo-fundamenty-sprzedazy\/\",\"name\":\"Kurs Sprzeda\u017cy | Dost\u0119pny Online | M. Mrozowski\",\"isPartOf\":{\"@id\":\"https:\/\/mateuszmrozowski.pl\/sklep\/#website\"},\"primaryImageOfPage\":{\"@id\":\"https:\/\/mateuszmrozowski.pl\/sklep\/produkt\/promo-fundamenty-sprzedazy\/#primaryimage\"},\"image\":{\"@id\":\"https:\/\/mateuszmrozowski.pl\/sklep\/produkt\/promo-fundamenty-sprzedazy\/#primaryimage\"},\"thumbnailUrl\":\"https:\/\/mateuszmrozowski.pl\/sklep\/wp-content\/uploads\/2023\/04\/mrozowski-fundamenty-sprzedazy.png\",\"datePublished\":\"2023-03-21T11:54:25+00:00\",\"dateModified\":\"2025-03-01T17:33:21+00:00\",\"description\":\"Kurs Sprzeda\u017cy | Dost\u0119pny Online \u2714\ufe0f 3 Systemy Reprezetacji \u2714\ufe0f 4 Typy Osobowo\u015bci Klienta \u2714\ufe0f 7 Zasad Sprzeda\u017cy \u2714\ufe0f Certyfikowany Trener! Zobacz \u00bb\",\"breadcrumb\":{\"@id\":\"https:\/\/mateuszmrozowski.pl\/sklep\/produkt\/promo-fundamenty-sprzedazy\/#breadcrumb\"},\"inLanguage\":\"pl-PL\",\"potentialAction\":[{\"@type\":\"ReadAction\",\"target\":[\"https:\/\/mateuszmrozowski.pl\/sklep\/produkt\/promo-fundamenty-sprzedazy\/\"]}]},{\"@type\":\"ImageObject\",\"inLanguage\":\"pl-PL\",\"@id\":\"https:\/\/mateuszmrozowski.pl\/sklep\/produkt\/promo-fundamenty-sprzedazy\/#primaryimage\",\"url\":\"https:\/\/mateuszmrozowski.pl\/sklep\/wp-content\/uploads\/2023\/04\/mrozowski-fundamenty-sprzedazy.png\",\"contentUrl\":\"https:\/\/mateuszmrozowski.pl\/sklep\/wp-content\/uploads\/2023\/04\/mrozowski-fundamenty-sprzedazy.png\",\"width\":1080,\"height\":1080},{\"@type\":\"BreadcrumbList\",\"@id\":\"https:\/\/mateuszmrozowski.pl\/sklep\/produkt\/promo-fundamenty-sprzedazy\/#breadcrumb\",\"itemListElement\":[{\"@type\":\"ListItem\",\"position\":1,\"name\":\"Strona g\u0142\u00f3wna\",\"item\":\"https:\/\/mateuszmrozowski.pl\/sklep\/\"},{\"@type\":\"ListItem\",\"position\":2,\"name\":\"Szkolenia biznesowe i kursy sprzeda\u017cowe\",\"item\":\"https:\/\/mateuszmrozowski.pl\/sklep\/\"},{\"@type\":\"ListItem\",\"position\":3,\"name\":\"Kursy online\",\"item\":\"https:\/\/mateuszmrozowski.pl\/sklep\/kategoria-produktu\/kursy-online\/\"},{\"@type\":\"ListItem\",\"position\":4,\"name\":\"Kurs Online &#8211; Fundamenty Sprzeda\u017cy\"}]},{\"@type\":\"WebSite\",\"@id\":\"https:\/\/mateuszmrozowski.pl\/sklep\/#website\",\"url\":\"https:\/\/mateuszmrozowski.pl\/sklep\/\",\"name\":\"Mateusz Mrozowski Trener biznesu\",\"description\":\"Walcz\u0119 o wynik dla firm z kt\u00f3rymi wsp\u00f3\u0142pracuj\u0119.\",\"publisher\":{\"@id\":\"https:\/\/mateuszmrozowski.pl\/sklep\/#organization\"},\"alternateName\":\"Mateusz Mrozowski\",\"potentialAction\":[{\"@type\":\"SearchAction\",\"target\":{\"@type\":\"EntryPoint\",\"urlTemplate\":\"https:\/\/mateuszmrozowski.pl\/sklep\/?s={search_term_string}\"},\"query-input\":{\"@type\":\"PropertyValueSpecification\",\"valueRequired\":true,\"valueName\":\"search_term_string\"}}],\"inLanguage\":\"pl-PL\"},{\"@type\":\"Organization\",\"@id\":\"https:\/\/mateuszmrozowski.pl\/sklep\/#organization\",\"name\":\"Mateusz Mrozowski Trener biznesu\",\"alternateName\":\"Mateusz Mrozowski\",\"url\":\"https:\/\/mateuszmrozowski.pl\/sklep\/\",\"logo\":{\"@type\":\"ImageObject\",\"inLanguage\":\"pl-PL\",\"@id\":\"https:\/\/mateuszmrozowski.pl\/sklep\/#\/schema\/logo\/image\/\",\"url\":\"https:\/\/mateuszmrozowski.pl\/sklep\/wp-content\/uploads\/2025\/03\/cropped-mateusz_mrozowski_logo.png\",\"contentUrl\":\"https:\/\/mateuszmrozowski.pl\/sklep\/wp-content\/uploads\/2025\/03\/cropped-mateusz_mrozowski_logo.png\",\"width\":236,\"height\":59,\"caption\":\"Mateusz Mrozowski Trener biznesu\"},\"image\":{\"@id\":\"https:\/\/mateuszmrozowski.pl\/sklep\/#\/schema\/logo\/image\/\"},\"sameAs\":[\"https:\/\/www.facebook.com\/mateuszmrozowskisiewca\",\"https:\/\/www.youtube.com\/channel\/UCI6FhECZ4GdL1TYU5oh5JDg\",\"https:\/\/www.instagram.com\/mrozowski.siewca\/\",\"https:\/\/www.linkedin.com\/in\/mateuszmrozowski\/\",\"https:\/\/maps.app.goo.gl\/Ee8wtgr6gx2CjEM68\",\"https:\/\/www.tiktok.com\/@mateuszmrozowskisiewca\"]}]}<\/script>\n<!-- \/ Yoast SEO plugin. -->","yoast_head_json":{"title":"Kurs Sprzeda\u017cy | Dost\u0119pny Online | M. Mrozowski","description":"Kurs Sprzeda\u017cy | Dost\u0119pny Online \u2714\ufe0f 3 Systemy Reprezetacji \u2714\ufe0f 4 Typy Osobowo\u015bci Klienta \u2714\ufe0f 7 Zasad Sprzeda\u017cy \u2714\ufe0f Certyfikowany Trener! Zobacz \u00bb","robots":{"index":"noindex","follow":"nofollow"},"og_locale":"pl_PL","og_type":"article","og_title":"Kurs Sprzeda\u017cy | Dost\u0119pny Online | M. Mrozowski","og_description":"Kurs Sprzeda\u017cy | Dost\u0119pny Online \u2714\ufe0f 3 Systemy Reprezetacji \u2714\ufe0f 4 Typy Osobowo\u015bci Klienta \u2714\ufe0f 7 Zasad Sprzeda\u017cy \u2714\ufe0f Certyfikowany Trener! Zobacz \u00bb","og_url":"https:\/\/mateuszmrozowski.pl\/sklep\/produkt\/promo-fundamenty-sprzedazy\/","og_site_name":"Mateusz Mrozowski Trener Biznesu","article_publisher":"https:\/\/www.facebook.com\/mateuszmrozowskisiewca","article_modified_time":"2025-03-01T17:33:21+00:00","og_image":[{"width":1080,"height":1080,"url":"https:\/\/mateuszmrozowski.pl\/sklep\/wp-content\/uploads\/2023\/04\/mrozowski-fundamenty-sprzedazy.png","type":"image\/png"}],"twitter_card":"summary_large_image","twitter_misc":{"Szacowany czas czytania":"3 minuty"},"schema":{"@context":"https:\/\/schema.org","@graph":[{"@type":"WebPage","@id":"https:\/\/mateuszmrozowski.pl\/sklep\/produkt\/promo-fundamenty-sprzedazy\/","url":"https:\/\/mateuszmrozowski.pl\/sklep\/produkt\/promo-fundamenty-sprzedazy\/","name":"Kurs Sprzeda\u017cy | Dost\u0119pny Online | M. Mrozowski","isPartOf":{"@id":"https:\/\/mateuszmrozowski.pl\/sklep\/#website"},"primaryImageOfPage":{"@id":"https:\/\/mateuszmrozowski.pl\/sklep\/produkt\/promo-fundamenty-sprzedazy\/#primaryimage"},"image":{"@id":"https:\/\/mateuszmrozowski.pl\/sklep\/produkt\/promo-fundamenty-sprzedazy\/#primaryimage"},"thumbnailUrl":"https:\/\/mateuszmrozowski.pl\/sklep\/wp-content\/uploads\/2023\/04\/mrozowski-fundamenty-sprzedazy.png","datePublished":"2023-03-21T11:54:25+00:00","dateModified":"2025-03-01T17:33:21+00:00","description":"Kurs Sprzeda\u017cy | Dost\u0119pny Online \u2714\ufe0f 3 Systemy Reprezetacji \u2714\ufe0f 4 Typy Osobowo\u015bci Klienta \u2714\ufe0f 7 Zasad Sprzeda\u017cy \u2714\ufe0f Certyfikowany Trener! Zobacz \u00bb","breadcrumb":{"@id":"https:\/\/mateuszmrozowski.pl\/sklep\/produkt\/promo-fundamenty-sprzedazy\/#breadcrumb"},"inLanguage":"pl-PL","potentialAction":[{"@type":"ReadAction","target":["https:\/\/mateuszmrozowski.pl\/sklep\/produkt\/promo-fundamenty-sprzedazy\/"]}]},{"@type":"ImageObject","inLanguage":"pl-PL","@id":"https:\/\/mateuszmrozowski.pl\/sklep\/produkt\/promo-fundamenty-sprzedazy\/#primaryimage","url":"https:\/\/mateuszmrozowski.pl\/sklep\/wp-content\/uploads\/2023\/04\/mrozowski-fundamenty-sprzedazy.png","contentUrl":"https:\/\/mateuszmrozowski.pl\/sklep\/wp-content\/uploads\/2023\/04\/mrozowski-fundamenty-sprzedazy.png","width":1080,"height":1080},{"@type":"BreadcrumbList","@id":"https:\/\/mateuszmrozowski.pl\/sklep\/produkt\/promo-fundamenty-sprzedazy\/#breadcrumb","itemListElement":[{"@type":"ListItem","position":1,"name":"Strona g\u0142\u00f3wna","item":"https:\/\/mateuszmrozowski.pl\/sklep\/"},{"@type":"ListItem","position":2,"name":"Szkolenia biznesowe i kursy sprzeda\u017cowe","item":"https:\/\/mateuszmrozowski.pl\/sklep\/"},{"@type":"ListItem","position":3,"name":"Kursy online","item":"https:\/\/mateuszmrozowski.pl\/sklep\/kategoria-produktu\/kursy-online\/"},{"@type":"ListItem","position":4,"name":"Kurs Online &#8211; Fundamenty Sprzeda\u017cy"}]},{"@type":"WebSite","@id":"https:\/\/mateuszmrozowski.pl\/sklep\/#website","url":"https:\/\/mateuszmrozowski.pl\/sklep\/","name":"Mateusz Mrozowski Trener biznesu","description":"Walcz\u0119 o wynik dla firm z kt\u00f3rymi wsp\u00f3\u0142pracuj\u0119.","publisher":{"@id":"https:\/\/mateuszmrozowski.pl\/sklep\/#organization"},"alternateName":"Mateusz Mrozowski","potentialAction":[{"@type":"SearchAction","target":{"@type":"EntryPoint","urlTemplate":"https:\/\/mateuszmrozowski.pl\/sklep\/?s={search_term_string}"},"query-input":{"@type":"PropertyValueSpecification","valueRequired":true,"valueName":"search_term_string"}}],"inLanguage":"pl-PL"},{"@type":"Organization","@id":"https:\/\/mateuszmrozowski.pl\/sklep\/#organization","name":"Mateusz Mrozowski Trener biznesu","alternateName":"Mateusz Mrozowski","url":"https:\/\/mateuszmrozowski.pl\/sklep\/","logo":{"@type":"ImageObject","inLanguage":"pl-PL","@id":"https:\/\/mateuszmrozowski.pl\/sklep\/#\/schema\/logo\/image\/","url":"https:\/\/mateuszmrozowski.pl\/sklep\/wp-content\/uploads\/2025\/03\/cropped-mateusz_mrozowski_logo.png","contentUrl":"https:\/\/mateuszmrozowski.pl\/sklep\/wp-content\/uploads\/2025\/03\/cropped-mateusz_mrozowski_logo.png","width":236,"height":59,"caption":"Mateusz Mrozowski Trener biznesu"},"image":{"@id":"https:\/\/mateuszmrozowski.pl\/sklep\/#\/schema\/logo\/image\/"},"sameAs":["https:\/\/www.facebook.com\/mateuszmrozowskisiewca","https:\/\/www.youtube.com\/channel\/UCI6FhECZ4GdL1TYU5oh5JDg","https:\/\/www.instagram.com\/mrozowski.siewca\/","https:\/\/www.linkedin.com\/in\/mateuszmrozowski\/","https:\/\/maps.app.goo.gl\/Ee8wtgr6gx2CjEM68","https:\/\/www.tiktok.com\/@mateuszmrozowskisiewca"]}]}},"_links":{"self":[{"href":"https:\/\/mateuszmrozowski.pl\/sklep\/wp-json\/wp\/v2\/product\/85059","targetHints":{"allow":["GET"]}}],"collection":[{"href":"https:\/\/mateuszmrozowski.pl\/sklep\/wp-json\/wp\/v2\/product"}],"about":[{"href":"https:\/\/mateuszmrozowski.pl\/sklep\/wp-json\/wp\/v2\/types\/product"}],"wp:featuredmedia":[{"embeddable":true,"href":"https:\/\/mateuszmrozowski.pl\/sklep\/wp-json\/wp\/v2\/media\/97479"}],"wp:attachment":[{"href":"https:\/\/mateuszmrozowski.pl\/sklep\/wp-json\/wp\/v2\/media?parent=85059"}],"wp:term":[{"taxonomy":"product_brand","embeddable":true,"href":"https:\/\/mateuszmrozowski.pl\/sklep\/wp-json\/wp\/v2\/product_brand?post=85059"},{"taxonomy":"product_cat","embeddable":true,"href":"https:\/\/mateuszmrozowski.pl\/sklep\/wp-json\/wp\/v2\/product_cat?post=85059"},{"taxonomy":"product_tag","embeddable":true,"href":"https:\/\/mateuszmrozowski.pl\/sklep\/wp-json\/wp\/v2\/product_tag?post=85059"}],"curies":[{"name":"wp","href":"https:\/\/api.w.org\/{rel}","templated":true}]}}