{"id":77580,"date":"2022-11-17T16:27:05","date_gmt":"2022-11-17T16:27:05","guid":{"rendered":"https:\/\/mateuszmrozowski.pl\/sklep\/produkt\/blackfriday-pakiet-1\/"},"modified":"2025-03-01T17:33:24","modified_gmt":"2025-03-01T17:33:24","slug":"blackfriday-pakiet-1","status":"publish","type":"product","link":"https:\/\/mateuszmrozowski.pl\/sklep\/produkt\/blackfriday-pakiet-1\/","title":{"rendered":"BlackFriday &#8211; Pakiet 1"},"content":{"rendered":"\n\n<div class=\"kk-star-ratings kksr-auto kksr-align-left kksr-valign-top kksr-disabled\"\n    data-payload='{&quot;align&quot;:&quot;left&quot;,&quot;id&quot;:&quot;77580&quot;,&quot;readonly&quot;:&quot;1&quot;,&quot;slug&quot;:&quot;default&quot;,&quot;valign&quot;:&quot;top&quot;,&quot;ignore&quot;:&quot;&quot;,&quot;reference&quot;:&quot;auto&quot;,&quot;class&quot;:&quot;&quot;,&quot;count&quot;:&quot;0&quot;,&quot;legendonly&quot;:&quot;&quot;,&quot;score&quot;:&quot;0&quot;,&quot;starsonly&quot;:&quot;&quot;,&quot;best&quot;:&quot;5&quot;,&quot;gap&quot;:&quot;5&quot;,&quot;greet&quot;:&quot;Wystaw ocen\u0119&quot;,&quot;legend&quot;:&quot;0\\\/5 - (0 ocen)&quot;,&quot;size&quot;:&quot;16&quot;,&quot;title&quot;:&quot;BlackFriday - Pakiet 1&quot;,&quot;width&quot;:&quot;0&quot;,&quot;_legend&quot;:&quot;{score}\\\/{best} - ({count} ocen)&quot;,&quot;font_factor&quot;:&quot;1.25&quot;}'>\n            \n<div class=\"kksr-stars\">\n    \n<div class=\"kksr-stars-inactive\">\n            <div class=\"kksr-star\" data-star=\"1\" style=\"padding-right: 5px\">\n            \n\n<div class=\"kksr-icon\" style=\"width: 16px; height: 16px;\"><\/div>\n        <\/div>\n            <div class=\"kksr-star\" data-star=\"2\" style=\"padding-right: 5px\">\n            \n\n<div class=\"kksr-icon\" style=\"width: 16px; height: 16px;\"><\/div>\n        <\/div>\n            <div class=\"kksr-star\" data-star=\"3\" style=\"padding-right: 5px\">\n            \n\n<div class=\"kksr-icon\" style=\"width: 16px; height: 16px;\"><\/div>\n        <\/div>\n            <div class=\"kksr-star\" data-star=\"4\" style=\"padding-right: 5px\">\n            \n\n<div class=\"kksr-icon\" style=\"width: 16px; height: 16px;\"><\/div>\n        <\/div>\n            <div class=\"kksr-star\" data-star=\"5\" style=\"padding-right: 5px\">\n            \n\n<div class=\"kksr-icon\" style=\"width: 16px; height: 16px;\"><\/div>\n        <\/div>\n    <\/div>\n    \n<div class=\"kksr-stars-active\" style=\"width: 0px;\">\n            <div class=\"kksr-star\" style=\"padding-right: 5px\">\n            \n\n<div class=\"kksr-icon\" style=\"width: 16px; height: 16px;\"><\/div>\n        <\/div>\n            <div class=\"kksr-star\" style=\"padding-right: 5px\">\n            \n\n<div class=\"kksr-icon\" style=\"width: 16px; height: 16px;\"><\/div>\n        <\/div>\n            <div class=\"kksr-star\" style=\"padding-right: 5px\">\n            \n\n<div class=\"kksr-icon\" style=\"width: 16px; height: 16px;\"><\/div>\n        <\/div>\n            <div class=\"kksr-star\" style=\"padding-right: 5px\">\n            \n\n<div class=\"kksr-icon\" style=\"width: 16px; height: 16px;\"><\/div>\n        <\/div>\n            <div class=\"kksr-star\" style=\"padding-right: 5px\">\n            \n\n<div class=\"kksr-icon\" style=\"width: 16px; height: 16px;\"><\/div>\n        <\/div>\n    <\/div>\n<\/div>\n                \n\n<div class=\"kksr-legend\" style=\"font-size: 12.8px;\">\n            <span class=\"kksr-muted\">Wystaw ocen\u0119<\/span>\n    <\/div>\n    <\/div>\n<h2>Sprzeda\u017c telefoniczna<\/h2>\n<p>Badania pokazuj\u0105, \u017ce w sprzeda\u017cy telefonicznej mamy 3 razy wi\u0119cej czasu na zrobienie pozytywnego wra\u017cenia ni\u017c w przypadku sprzeda\u017cy face-2-face. Jak zatem zwi\u0119kszy\u0107 swoje szanse i zosta\u0107 wys\u0142uchanym? Umiej\u0119tno\u015b\u0107 s\u0142uchania oraz komunikacji sta\u0142y si\u0119 obecnie najbardziej po\u017c\u0105dane na rynku. S\u0142uchanie rozm\u00f3wcy jest najwa\u017cniejsz\u0105 czynno\u015bci\u0105 w trakcie komunikacji. Klient musi wiedzie\u0107, \u017ce jest s\u0142uchany. Znajomo\u015b\u0107 najlepszych technik sprzeda\u017cy nie wystarczy, je\u015bli nie potrafimy odczyta\u0107 komunikatu ze strony klienta. Badanie przeprowadzone przez Walker Service i PWC Global pokazuje, \u017ce jako\u015b\u0107 obs\u0142ugi klienta ma znacznie wi\u0119ksze znaczenie ni\u017c cena czy produkt. A\u017c 86% klient\u00f3w jest sk\u0142onna do zaakceptowania wy\u017cszej ceny w przypadku wysokiej jako\u015bci obs\u0142ugi.<\/p>\n<p><strong>Kurs online zawiera:<\/strong><\/p>\n<ol>\n<li>Metoda tr\u00f3jek \u2013 matryca neurologiczna<\/li>\n<li>27 zasad rozmowy telefonicznej<\/li>\n<li>Proces rozmowy telefonicznej<\/li>\n<li>Bariery utrudniaj\u0105ce uwa\u017cne s\u0142uchanie i jak sobie z nimi radzi\u0107<\/li>\n<li>Sposoby niwelowania przeszk\u00f3d komunikowania si\u0119<\/li>\n<li>Model komunikacji interpersonalnej<\/li>\n<li>Metodologia badania potrzeb klienta i jak na nie odpowiedzie\u0107<\/li>\n<\/ol>\n<p>&nbsp;<\/p>\n<h2><strong>Neutralizacja Obiekcji i Finalizacja Sprzeda\u017cy<\/strong><\/h2>\n<p>Kurs Online po\u015bwi\u0119cony zagadnieniom sprzeda\u017cowym, z kt\u00f3rymi mamy dzi\u015b ogromny problem. Bardzo cz\u0119sto jeste\u015bmy uczeni, by pokonywa\u0107, obchodzi\u0107, zbija\u0107 obiekcje klienta, co jest B\u0141\u0118DNE! Nie mo\u017cemy zbija\u0107 obiekcji klienta, poniewa\u017c to tak, jakby\u015bmy chcieli z nim rozpocz\u0105\u0107 walk\u0119. Obiekcje neutralizujemy w taki spos\u00f3b, aby to klient sam usun\u0105\u0142 dan\u0105 obiekcj\u0119. Co wi\u0119cej, wiele os\u00f3b nie zdaje sobie sprawy z tego, \u017ce wyst\u0119puj\u0105 pewne obiekcje ju\u017c na samym pocz\u0105tku rozmowy, z kt\u00f3rymi jeste\u015bmy sobie w stanie poradzi\u0107, rozumiej\u0105c tylko sk\u0105d si\u0119 one bior\u0105.<\/p>\n<p>W tym kursie poznasz najwa\u017cniejsze metody neutralizacji obiekcji klienta podczas rozmowy handlowej. Dowiesz si\u0119 r\u00f3wnie\u017c, czym s\u0105 obiekcje wst\u0119pne i w\u0142a\u015bciwe. Ponadto poznasz techniki zamykania sprzeda\u017cy, dzi\u0119ki kt\u00f3rym nie b\u0119dziesz odbierany przez klienta jako ten, kt\u00f3ry chce tylko co\u015b sprzeda\u0107, lecz jako doradca, kt\u00f3ry dba o dobro klienta.<\/p>\n<p>Gwarantujemy Ci, \u017ce ju\u017c nigdy nie powiesz &#8222;zbijam obiekcje&#8221; \ud83d\ude42<\/p>\n<p>&nbsp;<\/p>\n<h2><strong>Audiobook &#8222;Przed-Si\u0119-Biorca&#8221;<\/strong><\/h2>\n<p>Przed-Si\u0119-Biorca Idiota czy Ekspert \u2013 audiobook. Utytu\u0142owany trener i m\u00f3wca motywacyjny w dialogu z d\u0142ugoletnim przedsi\u0119biorc\u0105 omawiaj\u0105 koncepcj\u0119 przedsi\u0119biorczo\u015bci kt\u00f3ra pozwala wyrwa\u0107 si\u0119 z ogranicze\u0144 nak\u0142adanych na nas przez edukacj\u0119, religie i spo\u0142ecze\u0144stwo. Koncept kt\u00f3ry inspiruje jak wyzwoli\u0107 odwag\u0119 i kreatywno\u015b\u0107 niezale\u017cnie od tego czy prowadzisz teraz firm\u0119 czy jeste\u015b na etacie, a wszystko okraszone badaniami naukowymi i odrobin\u0105 humoru.<\/p>\n<p>&nbsp;<\/p>\n<h2><strong>Audiobook &#8222;Pycha&#8221;<\/strong><\/h2>\n<p>Pycha to najwa\u017cniejszy z 7 grzech\u00f3w g\u0142\u00f3wnych, a czai si\u0119 dzi\u015b za ka\u017cdym rogiem.<br \/>\nCzy w dzisiejszym \u015bwiecie ambicji i d\u0105\u017cenia do cel\u00f3w jest miejsce na pokor\u0119?<br \/>\nJak wygl\u0105da obraz Pychy w dzisiejszym \u015bwiecie biznesu?<br \/>\nCzy jest mo\u017cliwe, \u017ce to budowa naszej psychiki daje nam naturalne predyspozycje do pope\u0142niania tego grzechu?<br \/>\nJak nale\u017cy si\u0119 przed ni\u0105 broni\u0107, aby m\u00f3c stabilnie si\u0119 rozwija\u0107?<\/p>\n<div id=\"s3gt_translate_tooltip_mini\" class=\"s3gt_translate_tooltip_mini_box\" style=\"background: initial !important; border: initial !important; border-radius: initial !important; border-spacing: initial !important; border-collapse: initial !important; direction: ltr !important; flex-direction: initial !important; font-weight: initial !important; height: initial !important; letter-spacing: initial !important; min-width: initial !important; max-width: initial !important; min-height: initial !important; max-height: initial !important; margin: auto !important; outline: initial !important; padding: initial !important; position: absolute; table-layout: initial !important; text-align: initial !important; text-shadow: initial !important; width: initial !important; word-break: initial !important; word-spacing: initial !important; overflow-wrap: initial !important; box-sizing: initial !important; display: initial !important; color: inherit !important; font-size: 13px !important; font-family: X-LocaleSpecific, sans-serif, Tahoma, Helvetica !important; line-height: 13px !important; vertical-align: top !important; white-space: inherit !important; left: 705px; top: 58px;\">\n<div id=\"s3gt_translate_tooltip_mini_logo\" class=\"s3gt_translate_tooltip_mini\" title=\"Translate selected text\"><\/div>\n<div id=\"s3gt_translate_tooltip_mini_sound\" class=\"s3gt_translate_tooltip_mini\" title=\"Play\"><\/div>\n<div id=\"s3gt_translate_tooltip_mini_copy\" class=\"s3gt_translate_tooltip_mini\" title=\"Copy text to Clipboard\"><\/div>\n<\/div>\n","protected":false},"excerpt":{"rendered":"<p>Sprzeda\u017c telefoniczna Badania pokazuj\u0105, \u017ce w sprzeda\u017cy telefonicznej mamy 3 razy wi\u0119cej czasu na zrobienie pozytywnego wra\u017cenia ni\u017c w przypadku sprzeda\u017cy face-2-face. Jak zatem zwi\u0119kszy\u0107 swoje szanse i zosta\u0107 wys\u0142uchanym? Umiej\u0119tno\u015b\u0107 s\u0142uchania oraz komunikacji sta\u0142y si\u0119 obecnie najbardziej po\u017c\u0105dane na rynku. S\u0142uchanie rozm\u00f3wcy jest najwa\u017cniejsz\u0105 czynno\u015bci\u0105 w trakcie komunikacji. Klient musi wiedzie\u0107, \u017ce jest s\u0142uchany. [&hellip;]<\/p>\n","protected":false},"featured_media":77587,"template":"","meta":{"_acf_changed":false,"content-type":""},"product_brand":[],"product_cat":[37,114],"product_tag":[],"class_list":{"0":"post-77580","1":"product","2":"type-product","3":"status-publish","4":"has-post-thumbnail","6":"product_cat-black-friday","7":"product_cat-wszystkie-produkty","9":"first","10":"outofstock","11":"sale","12":"virtual","13":"sold-individually","14":"taxable","15":"purchasable","16":"product-type-simple"},"acf":[],"yoast_head":"<!-- This site is optimized with the Yoast SEO plugin v27.1.1 - https:\/\/yoast.com\/product\/yoast-seo-wordpress\/ -->\n<title>BlackFriday - Pakiet 1 - Mateusz Mrozowski Trener Biznesu<\/title>\n<meta name=\"robots\" content=\"noindex, nofollow\" \/>\n<meta property=\"og:locale\" content=\"pl_PL\" \/>\n<meta property=\"og:type\" content=\"article\" \/>\n<meta property=\"og:title\" content=\"BlackFriday - Pakiet 1 - Mateusz Mrozowski Trener Biznesu\" \/>\n<meta property=\"og:description\" content=\"Sprzeda\u017c telefoniczna Badania pokazuj\u0105, \u017ce w sprzeda\u017cy telefonicznej mamy 3 razy wi\u0119cej czasu na zrobienie pozytywnego wra\u017cenia ni\u017c w przypadku sprzeda\u017cy face-2-face. Jak zatem zwi\u0119kszy\u0107 swoje szanse i zosta\u0107 wys\u0142uchanym? Umiej\u0119tno\u015b\u0107 s\u0142uchania oraz komunikacji sta\u0142y si\u0119 obecnie najbardziej po\u017c\u0105dane na rynku. S\u0142uchanie rozm\u00f3wcy jest najwa\u017cniejsz\u0105 czynno\u015bci\u0105 w trakcie komunikacji. Klient musi wiedzie\u0107, \u017ce jest s\u0142uchany. [&hellip;]\" \/>\n<meta property=\"og:url\" content=\"https:\/\/mateuszmrozowski.pl\/sklep\/produkt\/blackfriday-pakiet-1\/\" \/>\n<meta property=\"og:site_name\" content=\"Mateusz Mrozowski Trener Biznesu\" \/>\n<meta property=\"article:publisher\" content=\"https:\/\/www.facebook.com\/mateuszmrozowskisiewca\" \/>\n<meta property=\"article:modified_time\" content=\"2025-03-01T17:33:24+00:00\" \/>\n<meta property=\"og:image\" content=\"https:\/\/mateuszmrozowski.pl\/sklep\/wp-content\/uploads\/2022\/11\/4.png\" \/>\n\t<meta property=\"og:image:width\" content=\"788\" \/>\n\t<meta property=\"og:image:height\" content=\"788\" \/>\n\t<meta property=\"og:image:type\" content=\"image\/png\" \/>\n<meta name=\"twitter:card\" content=\"summary_large_image\" \/>\n<meta name=\"twitter:label1\" content=\"Szacowany czas czytania\" \/>\n\t<meta name=\"twitter:data1\" content=\"3 minuty\" \/>\n<script type=\"application\/ld+json\" class=\"yoast-schema-graph\">{\"@context\":\"https:\/\/schema.org\",\"@graph\":[{\"@type\":\"WebPage\",\"@id\":\"https:\/\/mateuszmrozowski.pl\/sklep\/produkt\/blackfriday-pakiet-1\/\",\"url\":\"https:\/\/mateuszmrozowski.pl\/sklep\/produkt\/blackfriday-pakiet-1\/\",\"name\":\"BlackFriday - Pakiet 1 - Mateusz Mrozowski Trener Biznesu\",\"isPartOf\":{\"@id\":\"https:\/\/mateuszmrozowski.pl\/sklep\/#website\"},\"primaryImageOfPage\":{\"@id\":\"https:\/\/mateuszmrozowski.pl\/sklep\/produkt\/blackfriday-pakiet-1\/#primaryimage\"},\"image\":{\"@id\":\"https:\/\/mateuszmrozowski.pl\/sklep\/produkt\/blackfriday-pakiet-1\/#primaryimage\"},\"thumbnailUrl\":\"https:\/\/mateuszmrozowski.pl\/sklep\/wp-content\/uploads\/2022\/11\/4.png\",\"datePublished\":\"2022-11-17T16:27:05+00:00\",\"dateModified\":\"2025-03-01T17:33:24+00:00\",\"breadcrumb\":{\"@id\":\"https:\/\/mateuszmrozowski.pl\/sklep\/produkt\/blackfriday-pakiet-1\/#breadcrumb\"},\"inLanguage\":\"pl-PL\",\"potentialAction\":[{\"@type\":\"ReadAction\",\"target\":[\"https:\/\/mateuszmrozowski.pl\/sklep\/produkt\/blackfriday-pakiet-1\/\"]}]},{\"@type\":\"ImageObject\",\"inLanguage\":\"pl-PL\",\"@id\":\"https:\/\/mateuszmrozowski.pl\/sklep\/produkt\/blackfriday-pakiet-1\/#primaryimage\",\"url\":\"https:\/\/mateuszmrozowski.pl\/sklep\/wp-content\/uploads\/2022\/11\/4.png\",\"contentUrl\":\"https:\/\/mateuszmrozowski.pl\/sklep\/wp-content\/uploads\/2022\/11\/4.png\",\"width\":788,\"height\":788},{\"@type\":\"BreadcrumbList\",\"@id\":\"https:\/\/mateuszmrozowski.pl\/sklep\/produkt\/blackfriday-pakiet-1\/#breadcrumb\",\"itemListElement\":[{\"@type\":\"ListItem\",\"position\":1,\"name\":\"Strona g\u0142\u00f3wna\",\"item\":\"https:\/\/mateuszmrozowski.pl\/sklep\/\"},{\"@type\":\"ListItem\",\"position\":2,\"name\":\"Szkolenia biznesowe i kursy sprzeda\u017cowe\",\"item\":\"https:\/\/mateuszmrozowski.pl\/sklep\/\"},{\"@type\":\"ListItem\",\"position\":3,\"name\":\"Black Friday\",\"item\":\"https:\/\/mateuszmrozowski.pl\/sklep\/kategoria-produktu\/black-friday\/\"},{\"@type\":\"ListItem\",\"position\":4,\"name\":\"BlackFriday &#8211; Pakiet 1\"}]},{\"@type\":\"WebSite\",\"@id\":\"https:\/\/mateuszmrozowski.pl\/sklep\/#website\",\"url\":\"https:\/\/mateuszmrozowski.pl\/sklep\/\",\"name\":\"Mateusz Mrozowski Trener biznesu\",\"description\":\"Walcz\u0119 o wynik dla firm z kt\u00f3rymi wsp\u00f3\u0142pracuj\u0119.\",\"publisher\":{\"@id\":\"https:\/\/mateuszmrozowski.pl\/sklep\/#organization\"},\"alternateName\":\"Mateusz Mrozowski\",\"potentialAction\":[{\"@type\":\"SearchAction\",\"target\":{\"@type\":\"EntryPoint\",\"urlTemplate\":\"https:\/\/mateuszmrozowski.pl\/sklep\/?s={search_term_string}\"},\"query-input\":{\"@type\":\"PropertyValueSpecification\",\"valueRequired\":true,\"valueName\":\"search_term_string\"}}],\"inLanguage\":\"pl-PL\"},{\"@type\":\"Organization\",\"@id\":\"https:\/\/mateuszmrozowski.pl\/sklep\/#organization\",\"name\":\"Mateusz Mrozowski Trener biznesu\",\"alternateName\":\"Mateusz Mrozowski\",\"url\":\"https:\/\/mateuszmrozowski.pl\/sklep\/\",\"logo\":{\"@type\":\"ImageObject\",\"inLanguage\":\"pl-PL\",\"@id\":\"https:\/\/mateuszmrozowski.pl\/sklep\/#\/schema\/logo\/image\/\",\"url\":\"https:\/\/mateuszmrozowski.pl\/sklep\/wp-content\/uploads\/2025\/03\/cropped-mateusz_mrozowski_logo.png\",\"contentUrl\":\"https:\/\/mateuszmrozowski.pl\/sklep\/wp-content\/uploads\/2025\/03\/cropped-mateusz_mrozowski_logo.png\",\"width\":236,\"height\":59,\"caption\":\"Mateusz Mrozowski Trener biznesu\"},\"image\":{\"@id\":\"https:\/\/mateuszmrozowski.pl\/sklep\/#\/schema\/logo\/image\/\"},\"sameAs\":[\"https:\/\/www.facebook.com\/mateuszmrozowskisiewca\",\"https:\/\/www.youtube.com\/channel\/UCI6FhECZ4GdL1TYU5oh5JDg\",\"https:\/\/www.instagram.com\/mrozowski.siewca\/\",\"https:\/\/www.linkedin.com\/in\/mateuszmrozowski\/\",\"https:\/\/maps.app.goo.gl\/Ee8wtgr6gx2CjEM68\",\"https:\/\/www.tiktok.com\/@mateuszmrozowskisiewca\"]}]}<\/script>\n<!-- \/ Yoast SEO plugin. -->","yoast_head_json":{"title":"BlackFriday - Pakiet 1 - Mateusz Mrozowski Trener Biznesu","robots":{"index":"noindex","follow":"nofollow"},"og_locale":"pl_PL","og_type":"article","og_title":"BlackFriday - Pakiet 1 - Mateusz Mrozowski Trener Biznesu","og_description":"Sprzeda\u017c telefoniczna Badania pokazuj\u0105, \u017ce w sprzeda\u017cy telefonicznej mamy 3 razy wi\u0119cej czasu na zrobienie pozytywnego wra\u017cenia ni\u017c w przypadku sprzeda\u017cy face-2-face. Jak zatem zwi\u0119kszy\u0107 swoje szanse i zosta\u0107 wys\u0142uchanym? Umiej\u0119tno\u015b\u0107 s\u0142uchania oraz komunikacji sta\u0142y si\u0119 obecnie najbardziej po\u017c\u0105dane na rynku. S\u0142uchanie rozm\u00f3wcy jest najwa\u017cniejsz\u0105 czynno\u015bci\u0105 w trakcie komunikacji. Klient musi wiedzie\u0107, \u017ce jest s\u0142uchany. [&hellip;]","og_url":"https:\/\/mateuszmrozowski.pl\/sklep\/produkt\/blackfriday-pakiet-1\/","og_site_name":"Mateusz Mrozowski Trener Biznesu","article_publisher":"https:\/\/www.facebook.com\/mateuszmrozowskisiewca","article_modified_time":"2025-03-01T17:33:24+00:00","og_image":[{"width":788,"height":788,"url":"https:\/\/mateuszmrozowski.pl\/sklep\/wp-content\/uploads\/2022\/11\/4.png","type":"image\/png"}],"twitter_card":"summary_large_image","twitter_misc":{"Szacowany czas czytania":"3 minuty"},"schema":{"@context":"https:\/\/schema.org","@graph":[{"@type":"WebPage","@id":"https:\/\/mateuszmrozowski.pl\/sklep\/produkt\/blackfriday-pakiet-1\/","url":"https:\/\/mateuszmrozowski.pl\/sklep\/produkt\/blackfriday-pakiet-1\/","name":"BlackFriday - Pakiet 1 - Mateusz Mrozowski Trener Biznesu","isPartOf":{"@id":"https:\/\/mateuszmrozowski.pl\/sklep\/#website"},"primaryImageOfPage":{"@id":"https:\/\/mateuszmrozowski.pl\/sklep\/produkt\/blackfriday-pakiet-1\/#primaryimage"},"image":{"@id":"https:\/\/mateuszmrozowski.pl\/sklep\/produkt\/blackfriday-pakiet-1\/#primaryimage"},"thumbnailUrl":"https:\/\/mateuszmrozowski.pl\/sklep\/wp-content\/uploads\/2022\/11\/4.png","datePublished":"2022-11-17T16:27:05+00:00","dateModified":"2025-03-01T17:33:24+00:00","breadcrumb":{"@id":"https:\/\/mateuszmrozowski.pl\/sklep\/produkt\/blackfriday-pakiet-1\/#breadcrumb"},"inLanguage":"pl-PL","potentialAction":[{"@type":"ReadAction","target":["https:\/\/mateuszmrozowski.pl\/sklep\/produkt\/blackfriday-pakiet-1\/"]}]},{"@type":"ImageObject","inLanguage":"pl-PL","@id":"https:\/\/mateuszmrozowski.pl\/sklep\/produkt\/blackfriday-pakiet-1\/#primaryimage","url":"https:\/\/mateuszmrozowski.pl\/sklep\/wp-content\/uploads\/2022\/11\/4.png","contentUrl":"https:\/\/mateuszmrozowski.pl\/sklep\/wp-content\/uploads\/2022\/11\/4.png","width":788,"height":788},{"@type":"BreadcrumbList","@id":"https:\/\/mateuszmrozowski.pl\/sklep\/produkt\/blackfriday-pakiet-1\/#breadcrumb","itemListElement":[{"@type":"ListItem","position":1,"name":"Strona g\u0142\u00f3wna","item":"https:\/\/mateuszmrozowski.pl\/sklep\/"},{"@type":"ListItem","position":2,"name":"Szkolenia biznesowe i kursy sprzeda\u017cowe","item":"https:\/\/mateuszmrozowski.pl\/sklep\/"},{"@type":"ListItem","position":3,"name":"Black Friday","item":"https:\/\/mateuszmrozowski.pl\/sklep\/kategoria-produktu\/black-friday\/"},{"@type":"ListItem","position":4,"name":"BlackFriday &#8211; Pakiet 1"}]},{"@type":"WebSite","@id":"https:\/\/mateuszmrozowski.pl\/sklep\/#website","url":"https:\/\/mateuszmrozowski.pl\/sklep\/","name":"Mateusz Mrozowski Trener biznesu","description":"Walcz\u0119 o wynik dla firm z kt\u00f3rymi wsp\u00f3\u0142pracuj\u0119.","publisher":{"@id":"https:\/\/mateuszmrozowski.pl\/sklep\/#organization"},"alternateName":"Mateusz Mrozowski","potentialAction":[{"@type":"SearchAction","target":{"@type":"EntryPoint","urlTemplate":"https:\/\/mateuszmrozowski.pl\/sklep\/?s={search_term_string}"},"query-input":{"@type":"PropertyValueSpecification","valueRequired":true,"valueName":"search_term_string"}}],"inLanguage":"pl-PL"},{"@type":"Organization","@id":"https:\/\/mateuszmrozowski.pl\/sklep\/#organization","name":"Mateusz Mrozowski Trener biznesu","alternateName":"Mateusz Mrozowski","url":"https:\/\/mateuszmrozowski.pl\/sklep\/","logo":{"@type":"ImageObject","inLanguage":"pl-PL","@id":"https:\/\/mateuszmrozowski.pl\/sklep\/#\/schema\/logo\/image\/","url":"https:\/\/mateuszmrozowski.pl\/sklep\/wp-content\/uploads\/2025\/03\/cropped-mateusz_mrozowski_logo.png","contentUrl":"https:\/\/mateuszmrozowski.pl\/sklep\/wp-content\/uploads\/2025\/03\/cropped-mateusz_mrozowski_logo.png","width":236,"height":59,"caption":"Mateusz Mrozowski Trener biznesu"},"image":{"@id":"https:\/\/mateuszmrozowski.pl\/sklep\/#\/schema\/logo\/image\/"},"sameAs":["https:\/\/www.facebook.com\/mateuszmrozowskisiewca","https:\/\/www.youtube.com\/channel\/UCI6FhECZ4GdL1TYU5oh5JDg","https:\/\/www.instagram.com\/mrozowski.siewca\/","https:\/\/www.linkedin.com\/in\/mateuszmrozowski\/","https:\/\/maps.app.goo.gl\/Ee8wtgr6gx2CjEM68","https:\/\/www.tiktok.com\/@mateuszmrozowskisiewca"]}]}},"_links":{"self":[{"href":"https:\/\/mateuszmrozowski.pl\/sklep\/wp-json\/wp\/v2\/product\/77580","targetHints":{"allow":["GET"]}}],"collection":[{"href":"https:\/\/mateuszmrozowski.pl\/sklep\/wp-json\/wp\/v2\/product"}],"about":[{"href":"https:\/\/mateuszmrozowski.pl\/sklep\/wp-json\/wp\/v2\/types\/product"}],"wp:featuredmedia":[{"embeddable":true,"href":"https:\/\/mateuszmrozowski.pl\/sklep\/wp-json\/wp\/v2\/media\/77587"}],"wp:attachment":[{"href":"https:\/\/mateuszmrozowski.pl\/sklep\/wp-json\/wp\/v2\/media?parent=77580"}],"wp:term":[{"taxonomy":"product_brand","embeddable":true,"href":"https:\/\/mateuszmrozowski.pl\/sklep\/wp-json\/wp\/v2\/product_brand?post=77580"},{"taxonomy":"product_cat","embeddable":true,"href":"https:\/\/mateuszmrozowski.pl\/sklep\/wp-json\/wp\/v2\/product_cat?post=77580"},{"taxonomy":"product_tag","embeddable":true,"href":"https:\/\/mateuszmrozowski.pl\/sklep\/wp-json\/wp\/v2\/product_tag?post=77580"}],"curies":[{"name":"wp","href":"https:\/\/api.w.org\/{rel}","templated":true}]}}