{"id":76730,"date":"2022-10-20T09:10:50","date_gmt":"2022-10-20T09:10:50","guid":{"rendered":"https:\/\/mateuszmrozowski.pl\/sklep\/?post_type=product&#038;p=76730"},"modified":"2025-05-26T09:02:44","modified_gmt":"2025-05-26T09:02:44","slug":"ksiazka-zakochaj-sie-w-sprzedazy-na-nowo","status":"publish","type":"product","link":"https:\/\/mateuszmrozowski.pl\/sklep\/produkt\/ksiazka-zakochaj-sie-w-sprzedazy-na-nowo\/","title":{"rendered":"Ksi\u0105\u017cka &#8222;Zakochaj si\u0119 w Sprzeda\u017cy na nowo&#8221;"},"content":{"rendered":"\n\n<div class=\"kk-star-ratings kksr-auto kksr-align-left kksr-valign-top kksr-disabled\"\n    data-payload='{&quot;align&quot;:&quot;left&quot;,&quot;id&quot;:&quot;76730&quot;,&quot;readonly&quot;:&quot;1&quot;,&quot;slug&quot;:&quot;default&quot;,&quot;valign&quot;:&quot;top&quot;,&quot;ignore&quot;:&quot;&quot;,&quot;reference&quot;:&quot;auto&quot;,&quot;class&quot;:&quot;&quot;,&quot;count&quot;:&quot;4&quot;,&quot;legendonly&quot;:&quot;&quot;,&quot;score&quot;:&quot;5&quot;,&quot;starsonly&quot;:&quot;&quot;,&quot;best&quot;:&quot;5&quot;,&quot;gap&quot;:&quot;5&quot;,&quot;greet&quot;:&quot;Wystaw ocen\u0119&quot;,&quot;legend&quot;:&quot;5\\\/5 - (4 ocen)&quot;,&quot;size&quot;:&quot;16&quot;,&quot;title&quot;:&quot;Ksi\u0105\u017cka \\u0026quot;Zakochaj si\u0119 w Sprzeda\u017cy na nowo\\u0026quot;&quot;,&quot;width&quot;:&quot;102.5&quot;,&quot;_legend&quot;:&quot;{score}\\\/{best} - ({count} ocen)&quot;,&quot;font_factor&quot;:&quot;1.25&quot;}'>\n            \n<div class=\"kksr-stars\">\n    \n<div class=\"kksr-stars-inactive\">\n            <div class=\"kksr-star\" data-star=\"1\" style=\"padding-right: 5px\">\n            \n\n<div class=\"kksr-icon\" style=\"width: 16px; height: 16px;\"><\/div>\n        <\/div>\n            <div class=\"kksr-star\" data-star=\"2\" style=\"padding-right: 5px\">\n            \n\n<div class=\"kksr-icon\" style=\"width: 16px; height: 16px;\"><\/div>\n        <\/div>\n            <div class=\"kksr-star\" data-star=\"3\" style=\"padding-right: 5px\">\n            \n\n<div class=\"kksr-icon\" style=\"width: 16px; height: 16px;\"><\/div>\n        <\/div>\n            <div class=\"kksr-star\" data-star=\"4\" style=\"padding-right: 5px\">\n            \n\n<div class=\"kksr-icon\" style=\"width: 16px; height: 16px;\"><\/div>\n        <\/div>\n            <div class=\"kksr-star\" data-star=\"5\" style=\"padding-right: 5px\">\n            \n\n<div class=\"kksr-icon\" style=\"width: 16px; height: 16px;\"><\/div>\n        <\/div>\n    <\/div>\n    \n<div class=\"kksr-stars-active\" style=\"width: 102.5px;\">\n            <div class=\"kksr-star\" style=\"padding-right: 5px\">\n            \n\n<div class=\"kksr-icon\" style=\"width: 16px; height: 16px;\"><\/div>\n        <\/div>\n            <div class=\"kksr-star\" style=\"padding-right: 5px\">\n            \n\n<div class=\"kksr-icon\" style=\"width: 16px; height: 16px;\"><\/div>\n        <\/div>\n            <div class=\"kksr-star\" style=\"padding-right: 5px\">\n            \n\n<div class=\"kksr-icon\" style=\"width: 16px; height: 16px;\"><\/div>\n        <\/div>\n            <div class=\"kksr-star\" style=\"padding-right: 5px\">\n            \n\n<div class=\"kksr-icon\" style=\"width: 16px; height: 16px;\"><\/div>\n        <\/div>\n            <div class=\"kksr-star\" style=\"padding-right: 5px\">\n            \n\n<div class=\"kksr-icon\" style=\"width: 16px; height: 16px;\"><\/div>\n        <\/div>\n    <\/div>\n<\/div>\n                \n\n<div class=\"kksr-legend\" style=\"font-size: 12.8px;\">\n            5\/5 - (4 ocen)    <\/div>\n    <\/div>\n<h1 data-start=\"107\" data-end=\"184\"><strong data-start=\"109\" data-end=\"182\">Zakochaj si\u0119 w sprzeda\u017cy na nowo \u2013 podr\u0119cznik sprzeda\u017cy telefonicznej<\/strong><\/h1>\n<h2 data-start=\"186\" data-end=\"251\"><strong data-start=\"189\" data-end=\"249\">Odkryj magi\u0119 skutecznej sprzeda\u017cy i pokochaj j\u0105 na nowo!<\/strong><\/h2>\n<p data-start=\"253\" data-end=\"549\">Czy sprzeda\u017c mo\u017ce by\u0107 fascynuj\u0105ca, anga\u017cuj\u0105ca, a nawet\u2026 przyjemna? Oczywi\u015bcie! Trzeba tylko spojrze\u0107 na ni\u0105 w odpowiedni spos\u00f3b. Ksi\u0105\u017cka <strong data-start=\"390\" data-end=\"428\">&#8222;Zakochaj si\u0119 w sprzeda\u017cy na nowo&#8221;<\/strong> to praktyczny przewodnik, kt\u00f3ry odczarowuje sprzeda\u017c telefoniczn\u0105 i pokazuje, jak uczyni\u0107 j\u0105 skuteczn\u0105 oraz naturaln\u0105.<\/p>\n<p data-start=\"551\" data-end=\"779\">Nie znajdziesz tu wy\u015bwiechtanych frazes\u00f3w czy pustych motywacyjnych hase\u0142. Znajdziesz za to konkretne strategie, metody i zasady, kt\u00f3re pozwol\u0105 Ci podnie\u015b\u0107 swoj\u0105 skuteczno\u015b\u0107 i czerpa\u0107 prawdziw\u0105 satysfakcj\u0119 z procesu sprzeda\u017cy.<\/p>\n<h3 data-start=\"781\" data-end=\"815\"><strong data-start=\"785\" data-end=\"813\">Co znajdziesz w ksi\u0105\u017cce?<\/strong><\/h3>\n<ul>\n<li><strong data-start=\"820\" data-end=\"840\">Typy sprzedawc\u00f3w<\/strong> \u2013 odkryj swoje mocne strony i dopasuj styl sprzeda\u017cy do swojej osobowo\u015bci.<\/li>\n<li><strong data-start=\"921\" data-end=\"938\">Typy klient\u00f3w<\/strong> \u2013 naucz si\u0119 rozpoznawa\u0107 r\u00f3\u017cne profile klient\u00f3w i dostosowywa\u0107 do nich sw\u00f3j przekaz.<\/li>\n<li><strong data-start=\"1028\" data-end=\"1054\">Challenger w sprzeda\u017cy<\/strong> \u2013 poznaj skuteczne podej\u015bcie do budowania warto\u015bci i prowadzenia rozm\u00f3w.<\/li>\n<li><strong data-start=\"1133\" data-end=\"1150\">Teoria Tr\u00f3jek<\/strong> \u2013 klucz do efektywnej sprzeda\u017cy, kt\u00f3ry zrewolucjonizuje Twoje podej\u015bcie.<\/li>\n<li><strong data-start=\"1229\" data-end=\"1248\">Badanie Potrzeb<\/strong> \u2013 dowiedz si\u0119, jak zadawa\u0107 w\u0142a\u015bciwe pytania i odkrywa\u0107 prawdziwe potrzeby klient\u00f3w.<\/li>\n<li><strong data-start=\"1338\" data-end=\"1350\">Obiekcje<\/strong> \u2013 naucz si\u0119 neutralizowa\u0107 obiekcje i prowadzi\u0107 rozmow\u0119 do finalizacji sprzeda\u017cy.<\/li>\n<li><strong data-start=\"1437\" data-end=\"1466\">Regu\u0142y Wp\u0142ywu Spo\u0142ecznego<\/strong> \u2013 psychologiczne mechanizmy, kt\u00f3re zwi\u0119kszaj\u0105 Twoj\u0105 skuteczno\u015b\u0107.<\/li>\n<li><strong data-start=\"1537\" data-end=\"1563\">Co utrudnia s\u0142uchanie?<\/strong> \u2013 poznaj najcz\u0119stsze b\u0142\u0119dy w komunikacji i naucz si\u0119 ich unika\u0107.<\/li>\n<\/ul>\n<h3 data-start=\"1632\" data-end=\"1667\"><strong data-start=\"1636\" data-end=\"1665\">Dla kogo jest ta ksi\u0105\u017cka?<\/strong><\/h3>\n<ul>\n<li data-start=\"1669\" data-end=\"2094\"><strong data-start=\"1672\" data-end=\"1691\">Dla sprzedawc\u00f3w<\/strong> \u2013 je\u015bli chcesz poprawi\u0107 swoj\u0105 skuteczno\u015b\u0107 i zyska\u0107 przewag\u0119 nad konkurencj\u0105.<\/li>\n<li data-start=\"1669\" data-end=\"2094\"><strong data-start=\"1774\" data-end=\"1802\">Dla mened\u017cer\u00f3w sprzeda\u017cy<\/strong> \u2013 je\u015bli zarz\u0105dzasz zespo\u0142em i chcesz nauczy\u0107 go najlepszych praktyk.<\/li>\n<li data-start=\"1669\" data-end=\"2094\"><strong data-start=\"1877\" data-end=\"1900\">Dla przedsi\u0119biorc\u00f3w<\/strong> \u2013 je\u015bli prowadzisz firm\u0119 i chcesz lepiej rozumie\u0107 procesy sprzeda\u017cowe.<\/li>\n<li data-start=\"1669\" data-end=\"2094\"><strong data-start=\"1977\" data-end=\"2041\">Dla ka\u017cdego, kto chce lepiej negocjowa\u0107 i przekonywa\u0107 innych<\/strong> \u2013 te umiej\u0119tno\u015bci przydadz\u0105 si\u0119 nie tylko w pracy!<\/li>\n<\/ul>\n<h3 data-start=\"2096\" data-end=\"2129\"><strong data-start=\"2100\" data-end=\"2127\">Dlaczego warto zam\u00f3wi\u0107?<\/strong><\/h3>\n<p data-start=\"2131\" data-end=\"2496\">\u2705 <strong data-start=\"2133\" data-end=\"2154\">Praktyczna wiedza<\/strong> \u2013 zero teorii, 100% skutecznych technik sprzeda\u017cy telefonicznej.<br data-start=\"2219\" data-end=\"2222\" \/>\u2705 <strong data-start=\"2224\" data-end=\"2245\">Sprawdzone metody<\/strong> \u2013 bazuj\u0105ce na realnych do\u015bwiadczeniach ekspert\u00f3w sprzeda\u017cy.<br data-start=\"2305\" data-end=\"2308\" \/>\u2705 <strong data-start=\"2310\" data-end=\"2332\">\u0141atwa do wdro\u017cenia<\/strong> \u2013 gotowe rozwi\u0105zania, kt\u00f3re mo\u017cesz wykorzysta\u0107 od razu.<br data-start=\"2388\" data-end=\"2391\" \/>\u2705 <strong data-start=\"2393\" data-end=\"2412\">Przyjazny j\u0119zyk<\/strong> \u2013 ksi\u0105\u017cka napisana przyst\u0119pnie, z wieloma przyk\u0142adami i praktycznymi wskaz\u00f3wkami.<\/p>\n<p data-start=\"2498\" data-end=\"2581\"><strong data-start=\"2501\" data-end=\"2576\">Nie czekaj! Pokochaj sprzeda\u017c na nowo i zam\u00f3w sw\u00f3j egzemplarz ju\u017c dzi\u015b!<\/strong> \ud83d\ude80<\/p>\n","protected":false},"excerpt":{"rendered":"<p>Chcesz pozna\u0107 \u015bwiat sprzeda\u017cy telefonicznej i zrozumie\u0107 w jaki spos\u00f3b klienci podejmuj\u0105 decyzje? Jakie s\u0105 ich typowe obiekcje ? Jak podej\u015b\u0107 strategicznie do rozmowy z klientami ?<\/p>\n","protected":false},"featured_media":99847,"template":"","meta":{"_acf_changed":false,"content-type":""},"product_brand":[],"product_cat":[24,114],"product_tag":[120,98],"class_list":{"0":"post-76730","1":"product","2":"type-product","3":"status-publish","4":"has-post-thumbnail","6":"product_cat-ksiazki-biznesowe","7":"product_cat-wszystkie-produkty","8":"product_tag-feed","9":"product_tag-ksiazka-zakochaj-sie-w-sprzedazy-na-nowo","11":"first","12":"instock","13":"taxable","14":"shipping-taxable","15":"purchasable","16":"product-type-simple"},"acf":[],"yoast_head":"<!-- This site is optimized with the Yoast SEO plugin v27.3 - https:\/\/yoast.com\/product\/yoast-seo-wordpress\/ -->\n<title>[Ksi\u0105\u017cka] Zakochaj Si\u0119 w Sprzeda\u017cy Na Nowo<\/title>\n<meta name=\"description\" content=\"Ksi\u0105\u017cka Zakochaj Si\u0119 w Sprzeda\u017cy Na Nowo | M.Mrozowski M.Ksi\u0119\u017cniakiewicz \u2714\ufe0f Wiedza i Do\u015bwiadczenie \u2714\ufe0f Autorskie Metody \u2714\ufe0f Naukowo Potwierdzone! Kup Teraz \u00bb\" \/>\n<meta name=\"robots\" content=\"index, follow, max-snippet:-1, max-image-preview:large, max-video-preview:-1\" \/>\n<link rel=\"canonical\" href=\"https:\/\/mateuszmrozowski.pl\/sklep\/produkt\/ksiazka-zakochaj-sie-w-sprzedazy-na-nowo\/\" \/>\n<meta property=\"og:locale\" content=\"pl_PL\" \/>\n<meta property=\"og:type\" content=\"article\" \/>\n<meta property=\"og:title\" content=\"[Ksi\u0105\u017cka] Zakochaj Si\u0119 w Sprzeda\u017cy Na Nowo\" \/>\n<meta property=\"og:description\" content=\"Ksi\u0105\u017cka Zakochaj Si\u0119 w Sprzeda\u017cy Na Nowo | M.Mrozowski M.Ksi\u0119\u017cniakiewicz \u2714\ufe0f Wiedza i Do\u015bwiadczenie \u2714\ufe0f Autorskie Metody \u2714\ufe0f Naukowo Potwierdzone! Kup Teraz \u00bb\" \/>\n<meta property=\"og:url\" content=\"https:\/\/mateuszmrozowski.pl\/sklep\/produkt\/ksiazka-zakochaj-sie-w-sprzedazy-na-nowo\/\" \/>\n<meta property=\"og:site_name\" content=\"Mateusz Mrozowski Trener Biznesu\" \/>\n<meta property=\"article:publisher\" content=\"https:\/\/www.facebook.com\/mateuszmrozowskisiewca\" \/>\n<meta property=\"article:modified_time\" content=\"2025-05-26T09:02:44+00:00\" \/>\n<meta property=\"og:image\" content=\"https:\/\/mateuszmrozowski.pl\/sklep\/wp-content\/uploads\/2022\/10\/Ksiazka-Sprzedaz-Telefoniczna-Mrozowski-Ksiezniakiewicz-2.png\" \/>\n\t<meta property=\"og:image:width\" content=\"1080\" \/>\n\t<meta property=\"og:image:height\" content=\"1080\" \/>\n\t<meta property=\"og:image:type\" content=\"image\/png\" \/>\n<meta name=\"twitter:card\" content=\"summary_large_image\" \/>\n<meta name=\"twitter:label1\" content=\"Szacowany czas czytania\" \/>\n\t<meta name=\"twitter:data1\" content=\"3 minuty\" \/>\n<script type=\"application\/ld+json\" class=\"yoast-schema-graph\">{\"@context\":\"https:\\\/\\\/schema.org\",\"@graph\":[{\"@type\":\"WebPage\",\"@id\":\"https:\\\/\\\/mateuszmrozowski.pl\\\/sklep\\\/produkt\\\/ksiazka-zakochaj-sie-w-sprzedazy-na-nowo\\\/\",\"url\":\"https:\\\/\\\/mateuszmrozowski.pl\\\/sklep\\\/produkt\\\/ksiazka-zakochaj-sie-w-sprzedazy-na-nowo\\\/\",\"name\":\"[Ksi\u0105\u017cka] Zakochaj Si\u0119 w Sprzeda\u017cy Na Nowo\",\"isPartOf\":{\"@id\":\"https:\\\/\\\/mateuszmrozowski.pl\\\/sklep\\\/#website\"},\"primaryImageOfPage\":{\"@id\":\"https:\\\/\\\/mateuszmrozowski.pl\\\/sklep\\\/produkt\\\/ksiazka-zakochaj-sie-w-sprzedazy-na-nowo\\\/#primaryimage\"},\"image\":{\"@id\":\"https:\\\/\\\/mateuszmrozowski.pl\\\/sklep\\\/produkt\\\/ksiazka-zakochaj-sie-w-sprzedazy-na-nowo\\\/#primaryimage\"},\"thumbnailUrl\":\"https:\\\/\\\/mateuszmrozowski.pl\\\/sklep\\\/wp-content\\\/uploads\\\/2022\\\/10\\\/Ksiazka-Sprzedaz-Telefoniczna-Mrozowski-Ksiezniakiewicz-2.png\",\"datePublished\":\"2022-10-20T09:10:50+00:00\",\"dateModified\":\"2025-05-26T09:02:44+00:00\",\"description\":\"Ksi\u0105\u017cka Zakochaj Si\u0119 w Sprzeda\u017cy Na Nowo | M.Mrozowski M.Ksi\u0119\u017cniakiewicz \u2714\ufe0f Wiedza i Do\u015bwiadczenie \u2714\ufe0f Autorskie Metody \u2714\ufe0f Naukowo Potwierdzone! Kup Teraz \u00bb\",\"breadcrumb\":{\"@id\":\"https:\\\/\\\/mateuszmrozowski.pl\\\/sklep\\\/produkt\\\/ksiazka-zakochaj-sie-w-sprzedazy-na-nowo\\\/#breadcrumb\"},\"inLanguage\":\"pl-PL\",\"potentialAction\":[{\"@type\":\"ReadAction\",\"target\":[\"https:\\\/\\\/mateuszmrozowski.pl\\\/sklep\\\/produkt\\\/ksiazka-zakochaj-sie-w-sprzedazy-na-nowo\\\/\"]}]},{\"@type\":\"ImageObject\",\"inLanguage\":\"pl-PL\",\"@id\":\"https:\\\/\\\/mateuszmrozowski.pl\\\/sklep\\\/produkt\\\/ksiazka-zakochaj-sie-w-sprzedazy-na-nowo\\\/#primaryimage\",\"url\":\"https:\\\/\\\/mateuszmrozowski.pl\\\/sklep\\\/wp-content\\\/uploads\\\/2022\\\/10\\\/Ksiazka-Sprzedaz-Telefoniczna-Mrozowski-Ksiezniakiewicz-2.png\",\"contentUrl\":\"https:\\\/\\\/mateuszmrozowski.pl\\\/sklep\\\/wp-content\\\/uploads\\\/2022\\\/10\\\/Ksiazka-Sprzedaz-Telefoniczna-Mrozowski-Ksiezniakiewicz-2.png\",\"width\":1080,\"height\":1080},{\"@type\":\"BreadcrumbList\",\"@id\":\"https:\\\/\\\/mateuszmrozowski.pl\\\/sklep\\\/produkt\\\/ksiazka-zakochaj-sie-w-sprzedazy-na-nowo\\\/#breadcrumb\",\"itemListElement\":[{\"@type\":\"ListItem\",\"position\":1,\"name\":\"Strona g\u0142\u00f3wna\",\"item\":\"https:\\\/\\\/mateuszmrozowski.pl\\\/sklep\\\/\"},{\"@type\":\"ListItem\",\"position\":2,\"name\":\"Szkolenia biznesowe i kursy sprzeda\u017cowe\",\"item\":\"https:\\\/\\\/mateuszmrozowski.pl\\\/sklep\\\/\"},{\"@type\":\"ListItem\",\"position\":3,\"name\":\"Ksi\u0105\u017cki\",\"item\":\"https:\\\/\\\/mateuszmrozowski.pl\\\/sklep\\\/kategoria-produktu\\\/ksiazki-biznesowe\\\/\"},{\"@type\":\"ListItem\",\"position\":4,\"name\":\"Ksi\u0105\u017cka &#8222;Zakochaj si\u0119 w Sprzeda\u017cy na nowo&#8221;\"}]},{\"@type\":\"WebSite\",\"@id\":\"https:\\\/\\\/mateuszmrozowski.pl\\\/sklep\\\/#website\",\"url\":\"https:\\\/\\\/mateuszmrozowski.pl\\\/sklep\\\/\",\"name\":\"Mateusz Mrozowski Trener biznesu\",\"description\":\"Walcz\u0119 o wynik dla firm z kt\u00f3rymi wsp\u00f3\u0142pracuj\u0119.\",\"publisher\":{\"@id\":\"https:\\\/\\\/mateuszmrozowski.pl\\\/sklep\\\/#organization\"},\"alternateName\":\"Mateusz Mrozowski\",\"potentialAction\":[{\"@type\":\"SearchAction\",\"target\":{\"@type\":\"EntryPoint\",\"urlTemplate\":\"https:\\\/\\\/mateuszmrozowski.pl\\\/sklep\\\/?s={search_term_string}\"},\"query-input\":{\"@type\":\"PropertyValueSpecification\",\"valueRequired\":true,\"valueName\":\"search_term_string\"}}],\"inLanguage\":\"pl-PL\"},{\"@type\":\"Organization\",\"@id\":\"https:\\\/\\\/mateuszmrozowski.pl\\\/sklep\\\/#organization\",\"name\":\"Mateusz Mrozowski Trener biznesu\",\"alternateName\":\"Mateusz Mrozowski\",\"url\":\"https:\\\/\\\/mateuszmrozowski.pl\\\/sklep\\\/\",\"logo\":{\"@type\":\"ImageObject\",\"inLanguage\":\"pl-PL\",\"@id\":\"https:\\\/\\\/mateuszmrozowski.pl\\\/sklep\\\/#\\\/schema\\\/logo\\\/image\\\/\",\"url\":\"https:\\\/\\\/mateuszmrozowski.pl\\\/sklep\\\/wp-content\\\/uploads\\\/2025\\\/03\\\/cropped-mateusz_mrozowski_logo.png\",\"contentUrl\":\"https:\\\/\\\/mateuszmrozowski.pl\\\/sklep\\\/wp-content\\\/uploads\\\/2025\\\/03\\\/cropped-mateusz_mrozowski_logo.png\",\"width\":236,\"height\":59,\"caption\":\"Mateusz Mrozowski Trener biznesu\"},\"image\":{\"@id\":\"https:\\\/\\\/mateuszmrozowski.pl\\\/sklep\\\/#\\\/schema\\\/logo\\\/image\\\/\"},\"sameAs\":[\"https:\\\/\\\/www.facebook.com\\\/mateuszmrozowskisiewca\",\"https:\\\/\\\/www.youtube.com\\\/channel\\\/UCI6FhECZ4GdL1TYU5oh5JDg\",\"https:\\\/\\\/www.instagram.com\\\/mrozowski.siewca\\\/\",\"https:\\\/\\\/www.linkedin.com\\\/in\\\/mateuszmrozowski\\\/\",\"https:\\\/\\\/maps.app.goo.gl\\\/Ee8wtgr6gx2CjEM68\",\"https:\\\/\\\/www.tiktok.com\\\/@mateuszmrozowskisiewca\"]}]}<\/script>\n<!-- \/ Yoast SEO plugin. -->","yoast_head_json":{"title":"[Ksi\u0105\u017cka] Zakochaj Si\u0119 w Sprzeda\u017cy Na Nowo","description":"Ksi\u0105\u017cka Zakochaj Si\u0119 w Sprzeda\u017cy Na Nowo | M.Mrozowski M.Ksi\u0119\u017cniakiewicz \u2714\ufe0f Wiedza i Do\u015bwiadczenie \u2714\ufe0f Autorskie Metody \u2714\ufe0f Naukowo Potwierdzone! Kup Teraz \u00bb","robots":{"index":"index","follow":"follow","max-snippet":"max-snippet:-1","max-image-preview":"max-image-preview:large","max-video-preview":"max-video-preview:-1"},"canonical":"https:\/\/mateuszmrozowski.pl\/sklep\/produkt\/ksiazka-zakochaj-sie-w-sprzedazy-na-nowo\/","og_locale":"pl_PL","og_type":"article","og_title":"[Ksi\u0105\u017cka] Zakochaj Si\u0119 w Sprzeda\u017cy Na Nowo","og_description":"Ksi\u0105\u017cka Zakochaj Si\u0119 w Sprzeda\u017cy Na Nowo | M.Mrozowski M.Ksi\u0119\u017cniakiewicz \u2714\ufe0f Wiedza i Do\u015bwiadczenie \u2714\ufe0f Autorskie Metody \u2714\ufe0f Naukowo Potwierdzone! Kup Teraz \u00bb","og_url":"https:\/\/mateuszmrozowski.pl\/sklep\/produkt\/ksiazka-zakochaj-sie-w-sprzedazy-na-nowo\/","og_site_name":"Mateusz Mrozowski Trener Biznesu","article_publisher":"https:\/\/www.facebook.com\/mateuszmrozowskisiewca","article_modified_time":"2025-05-26T09:02:44+00:00","og_image":[{"width":1080,"height":1080,"url":"https:\/\/mateuszmrozowski.pl\/sklep\/wp-content\/uploads\/2022\/10\/Ksiazka-Sprzedaz-Telefoniczna-Mrozowski-Ksiezniakiewicz-2.png","type":"image\/png"}],"twitter_card":"summary_large_image","twitter_misc":{"Szacowany czas czytania":"3 minuty"},"schema":{"@context":"https:\/\/schema.org","@graph":[{"@type":"WebPage","@id":"https:\/\/mateuszmrozowski.pl\/sklep\/produkt\/ksiazka-zakochaj-sie-w-sprzedazy-na-nowo\/","url":"https:\/\/mateuszmrozowski.pl\/sklep\/produkt\/ksiazka-zakochaj-sie-w-sprzedazy-na-nowo\/","name":"[Ksi\u0105\u017cka] Zakochaj Si\u0119 w Sprzeda\u017cy Na Nowo","isPartOf":{"@id":"https:\/\/mateuszmrozowski.pl\/sklep\/#website"},"primaryImageOfPage":{"@id":"https:\/\/mateuszmrozowski.pl\/sklep\/produkt\/ksiazka-zakochaj-sie-w-sprzedazy-na-nowo\/#primaryimage"},"image":{"@id":"https:\/\/mateuszmrozowski.pl\/sklep\/produkt\/ksiazka-zakochaj-sie-w-sprzedazy-na-nowo\/#primaryimage"},"thumbnailUrl":"https:\/\/mateuszmrozowski.pl\/sklep\/wp-content\/uploads\/2022\/10\/Ksiazka-Sprzedaz-Telefoniczna-Mrozowski-Ksiezniakiewicz-2.png","datePublished":"2022-10-20T09:10:50+00:00","dateModified":"2025-05-26T09:02:44+00:00","description":"Ksi\u0105\u017cka Zakochaj Si\u0119 w Sprzeda\u017cy Na Nowo | M.Mrozowski M.Ksi\u0119\u017cniakiewicz \u2714\ufe0f Wiedza i Do\u015bwiadczenie \u2714\ufe0f Autorskie Metody \u2714\ufe0f Naukowo Potwierdzone! Kup Teraz \u00bb","breadcrumb":{"@id":"https:\/\/mateuszmrozowski.pl\/sklep\/produkt\/ksiazka-zakochaj-sie-w-sprzedazy-na-nowo\/#breadcrumb"},"inLanguage":"pl-PL","potentialAction":[{"@type":"ReadAction","target":["https:\/\/mateuszmrozowski.pl\/sklep\/produkt\/ksiazka-zakochaj-sie-w-sprzedazy-na-nowo\/"]}]},{"@type":"ImageObject","inLanguage":"pl-PL","@id":"https:\/\/mateuszmrozowski.pl\/sklep\/produkt\/ksiazka-zakochaj-sie-w-sprzedazy-na-nowo\/#primaryimage","url":"https:\/\/mateuszmrozowski.pl\/sklep\/wp-content\/uploads\/2022\/10\/Ksiazka-Sprzedaz-Telefoniczna-Mrozowski-Ksiezniakiewicz-2.png","contentUrl":"https:\/\/mateuszmrozowski.pl\/sklep\/wp-content\/uploads\/2022\/10\/Ksiazka-Sprzedaz-Telefoniczna-Mrozowski-Ksiezniakiewicz-2.png","width":1080,"height":1080},{"@type":"BreadcrumbList","@id":"https:\/\/mateuszmrozowski.pl\/sklep\/produkt\/ksiazka-zakochaj-sie-w-sprzedazy-na-nowo\/#breadcrumb","itemListElement":[{"@type":"ListItem","position":1,"name":"Strona g\u0142\u00f3wna","item":"https:\/\/mateuszmrozowski.pl\/sklep\/"},{"@type":"ListItem","position":2,"name":"Szkolenia biznesowe i kursy sprzeda\u017cowe","item":"https:\/\/mateuszmrozowski.pl\/sklep\/"},{"@type":"ListItem","position":3,"name":"Ksi\u0105\u017cki","item":"https:\/\/mateuszmrozowski.pl\/sklep\/kategoria-produktu\/ksiazki-biznesowe\/"},{"@type":"ListItem","position":4,"name":"Ksi\u0105\u017cka &#8222;Zakochaj si\u0119 w Sprzeda\u017cy na nowo&#8221;"}]},{"@type":"WebSite","@id":"https:\/\/mateuszmrozowski.pl\/sklep\/#website","url":"https:\/\/mateuszmrozowski.pl\/sklep\/","name":"Mateusz Mrozowski Trener biznesu","description":"Walcz\u0119 o wynik dla firm z kt\u00f3rymi wsp\u00f3\u0142pracuj\u0119.","publisher":{"@id":"https:\/\/mateuszmrozowski.pl\/sklep\/#organization"},"alternateName":"Mateusz Mrozowski","potentialAction":[{"@type":"SearchAction","target":{"@type":"EntryPoint","urlTemplate":"https:\/\/mateuszmrozowski.pl\/sklep\/?s={search_term_string}"},"query-input":{"@type":"PropertyValueSpecification","valueRequired":true,"valueName":"search_term_string"}}],"inLanguage":"pl-PL"},{"@type":"Organization","@id":"https:\/\/mateuszmrozowski.pl\/sklep\/#organization","name":"Mateusz Mrozowski Trener biznesu","alternateName":"Mateusz Mrozowski","url":"https:\/\/mateuszmrozowski.pl\/sklep\/","logo":{"@type":"ImageObject","inLanguage":"pl-PL","@id":"https:\/\/mateuszmrozowski.pl\/sklep\/#\/schema\/logo\/image\/","url":"https:\/\/mateuszmrozowski.pl\/sklep\/wp-content\/uploads\/2025\/03\/cropped-mateusz_mrozowski_logo.png","contentUrl":"https:\/\/mateuszmrozowski.pl\/sklep\/wp-content\/uploads\/2025\/03\/cropped-mateusz_mrozowski_logo.png","width":236,"height":59,"caption":"Mateusz Mrozowski Trener biznesu"},"image":{"@id":"https:\/\/mateuszmrozowski.pl\/sklep\/#\/schema\/logo\/image\/"},"sameAs":["https:\/\/www.facebook.com\/mateuszmrozowskisiewca","https:\/\/www.youtube.com\/channel\/UCI6FhECZ4GdL1TYU5oh5JDg","https:\/\/www.instagram.com\/mrozowski.siewca\/","https:\/\/www.linkedin.com\/in\/mateuszmrozowski\/","https:\/\/maps.app.goo.gl\/Ee8wtgr6gx2CjEM68","https:\/\/www.tiktok.com\/@mateuszmrozowskisiewca"]}]}},"_links":{"self":[{"href":"https:\/\/mateuszmrozowski.pl\/sklep\/wp-json\/wp\/v2\/product\/76730","targetHints":{"allow":["GET"]}}],"collection":[{"href":"https:\/\/mateuszmrozowski.pl\/sklep\/wp-json\/wp\/v2\/product"}],"about":[{"href":"https:\/\/mateuszmrozowski.pl\/sklep\/wp-json\/wp\/v2\/types\/product"}],"wp:featuredmedia":[{"embeddable":true,"href":"https:\/\/mateuszmrozowski.pl\/sklep\/wp-json\/wp\/v2\/media\/99847"}],"wp:attachment":[{"href":"https:\/\/mateuszmrozowski.pl\/sklep\/wp-json\/wp\/v2\/media?parent=76730"}],"wp:term":[{"taxonomy":"product_brand","embeddable":true,"href":"https:\/\/mateuszmrozowski.pl\/sklep\/wp-json\/wp\/v2\/product_brand?post=76730"},{"taxonomy":"product_cat","embeddable":true,"href":"https:\/\/mateuszmrozowski.pl\/sklep\/wp-json\/wp\/v2\/product_cat?post=76730"},{"taxonomy":"product_tag","embeddable":true,"href":"https:\/\/mateuszmrozowski.pl\/sklep\/wp-json\/wp\/v2\/product_tag?post=76730"}],"curies":[{"name":"wp","href":"https:\/\/api.w.org\/{rel}","templated":true}]}}