{"id":75405,"date":"2022-09-19T14:46:13","date_gmt":"2022-09-19T14:46:13","guid":{"rendered":"https:\/\/mateuszmrozowski.pl\/sklep\/?post_type=product&#038;p=75405"},"modified":"2025-11-30T16:48:10","modified_gmt":"2025-11-30T16:48:10","slug":"obiekcje-i-finalizacja-1","status":"publish","type":"product","link":"https:\/\/mateuszmrozowski.pl\/sklep\/produkt\/obiekcje-i-finalizacja-1\/","title":{"rendered":"Neutralizacja Obiekcji"},"content":{"rendered":"\n\n<div class=\"kk-star-ratings kksr-auto kksr-align-left kksr-valign-top kksr-disabled\"\n    data-payload='{&quot;align&quot;:&quot;left&quot;,&quot;id&quot;:&quot;75405&quot;,&quot;readonly&quot;:&quot;1&quot;,&quot;slug&quot;:&quot;default&quot;,&quot;valign&quot;:&quot;top&quot;,&quot;ignore&quot;:&quot;&quot;,&quot;reference&quot;:&quot;auto&quot;,&quot;class&quot;:&quot;&quot;,&quot;count&quot;:&quot;25&quot;,&quot;legendonly&quot;:&quot;&quot;,&quot;score&quot;:&quot;4.8&quot;,&quot;starsonly&quot;:&quot;&quot;,&quot;best&quot;:&quot;5&quot;,&quot;gap&quot;:&quot;5&quot;,&quot;greet&quot;:&quot;Wystaw ocen\u0119&quot;,&quot;legend&quot;:&quot;4.8\\\/5 - (25 ocen)&quot;,&quot;size&quot;:&quot;16&quot;,&quot;title&quot;:&quot;Neutralizacja Obiekcji&quot;,&quot;width&quot;:&quot;98.3&quot;,&quot;_legend&quot;:&quot;{score}\\\/{best} - ({count} ocen)&quot;,&quot;font_factor&quot;:&quot;1.25&quot;}'>\n            \n<div class=\"kksr-stars\">\n    \n<div class=\"kksr-stars-inactive\">\n            <div class=\"kksr-star\" data-star=\"1\" style=\"padding-right: 5px\">\n            \n\n<div class=\"kksr-icon\" style=\"width: 16px; height: 16px;\"><\/div>\n        <\/div>\n            <div class=\"kksr-star\" data-star=\"2\" style=\"padding-right: 5px\">\n            \n\n<div class=\"kksr-icon\" style=\"width: 16px; height: 16px;\"><\/div>\n        <\/div>\n            <div class=\"kksr-star\" data-star=\"3\" style=\"padding-right: 5px\">\n            \n\n<div class=\"kksr-icon\" style=\"width: 16px; height: 16px;\"><\/div>\n        <\/div>\n            <div class=\"kksr-star\" data-star=\"4\" style=\"padding-right: 5px\">\n            \n\n<div class=\"kksr-icon\" style=\"width: 16px; height: 16px;\"><\/div>\n        <\/div>\n            <div class=\"kksr-star\" data-star=\"5\" style=\"padding-right: 5px\">\n            \n\n<div class=\"kksr-icon\" style=\"width: 16px; height: 16px;\"><\/div>\n        <\/div>\n    <\/div>\n    \n<div class=\"kksr-stars-active\" style=\"width: 98.3px;\">\n            <div class=\"kksr-star\" style=\"padding-right: 5px\">\n            \n\n<div class=\"kksr-icon\" style=\"width: 16px; height: 16px;\"><\/div>\n        <\/div>\n            <div class=\"kksr-star\" style=\"padding-right: 5px\">\n            \n\n<div class=\"kksr-icon\" style=\"width: 16px; height: 16px;\"><\/div>\n        <\/div>\n            <div class=\"kksr-star\" style=\"padding-right: 5px\">\n            \n\n<div class=\"kksr-icon\" style=\"width: 16px; height: 16px;\"><\/div>\n        <\/div>\n            <div class=\"kksr-star\" style=\"padding-right: 5px\">\n            \n\n<div class=\"kksr-icon\" style=\"width: 16px; height: 16px;\"><\/div>\n        <\/div>\n            <div class=\"kksr-star\" style=\"padding-right: 5px\">\n            \n\n<div class=\"kksr-icon\" style=\"width: 16px; height: 16px;\"><\/div>\n        <\/div>\n    <\/div>\n<\/div>\n                \n\n<div class=\"kksr-legend\" style=\"font-size: 12.8px;\">\n            4.8\/5 - (25 ocen)    <\/div>\n    <\/div>\n<p>Kurs Online po\u015bwi\u0119cony zagadnieniom sprzeda\u017cowym, z kt\u00f3rymi mamy dzi\u015b ogromny problem. Bardzo cz\u0119sto jeste\u015bmy uczeni, by <strong>pokonywa\u0107, obchodzi\u0107, zbija\u0107 obiekcje klienta, co jest B\u0141\u0118DNE!<\/strong> Nie mo\u017cemy zbija\u0107 obiekcji klienta, poniewa\u017c to tak, jakby\u015bmy chcieli z nim rozpocz\u0105\u0107 walk\u0119. <strong>Obiekcje klient\u00f3w <\/strong>( i nie tylko !) <strong>neutralizujemy<\/strong> w taki spos\u00f3b, aby to klient sam usun\u0105\u0142 dan\u0105 obiekcj\u0119. Co wi\u0119cej, wiele os\u00f3b nie zdaje sobie sprawy z tego, \u017ce wyst\u0119puj\u0105 pewne obiekcje ju\u017c na samym pocz\u0105tku rozmowy, z kt\u00f3rymi jeste\u015bmy sobie w stanie poradzi\u0107, <strong>rozumiej\u0105c tylko sk\u0105d si\u0119 one bior\u0105.<\/strong><\/p>\n<p>Kurs ten zawiera nagranie na \u017cywo cz\u0119\u015bci szkolenia, dzi\u0119ki kt\u00f3remu sprzeda\u017c w jednej z firm wzros\u0142a o oko\u0142o 40%!<\/p>\n<h2>Czego nauczysz si\u0119 w tym kursie online?<\/h2>\n<p>W tym kursie poznasz najwa\u017cniejsze metody neutralizacji obiekcji klienta podczas rozmowy handlowej. Dowiesz si\u0119 r\u00f3wnie\u017c, czym s\u0105 <strong>obiekcje wst\u0119pne i w\u0142a\u015bciwe.<\/strong><br \/>\nDodatkowo poznasz<strong> techniki zamykania sprzeda\u017cy<\/strong>, dzi\u0119ki kt\u00f3rym nie b\u0119dziesz odbierany przez klienta jako ten, kt\u00f3ry chce tylko co\u015b sprzeda\u0107, lecz jako doradca, kt\u00f3ry dba o dobro klienta.<\/p>\n<p><strong>Gwarantujemy Ci, \u017ce ju\u017c nigdy nie powiesz &#8222;zbijam obiekcje&#8221; \ud83d\ude42<\/strong><\/p>\n<p>Naucz si\u0119 tego a jedyne o co b\u0119d\u0105 pyta\u0107 klienci to numer konta, na jaki maj\u0105 wp\u0142aci\u0107 pieni\u0105dze, za Tw\u00f3j produkt, lub us\u0142ug\u0119 !<\/p>\n<h3><span class=\"JsGRdQ\">Dla kogo jest ten kurs video?<\/span><\/h3>\n<p>Dla obecnych i przysz\u0142ych handlowc\u00f3w oraz ka\u017cdego, kto odczuwa trudno\u015bci w radzeniu sobie z obiekcjami klienta. Jest to fundamentalna wiedza, kt\u00f3ra zmienia zupe\u0142nie spojrzenie na temat obiekcji w sprzeda\u017cy (i nie tylko ;)).<\/p>\n","protected":false},"excerpt":{"rendered":"<p>To SKANDAL, \u017ce nikt nas nie nauczy\u0142, \u017ce\u00a0obiekcje nale\u017cy <strong>NEUTRALIZOWA\u0106<\/strong>,\u00a0a nie zbija\u0107.<br \/>\nDlatego 90% ludzi ma z nimi problem.<\/p>\n","protected":false},"featured_media":98373,"template":"","meta":{"_acf_changed":false,"content-type":""},"product_brand":[],"product_cat":[28,114],"product_tag":[120,91],"class_list":{"0":"post-75405","1":"product","2":"type-product","3":"status-publish","4":"has-post-thumbnail","6":"product_cat-kursy-online","7":"product_cat-wszystkie-produkty","8":"product_tag-feed","9":"product_tag-obiekcje-pakiet","11":"first","12":"instock","13":"featured","14":"virtual","15":"sold-individually","16":"taxable","17":"purchasable","18":"product-type-simple"},"acf":[],"yoast_head":"<!-- This site is optimized with the Yoast SEO plugin v27.3 - https:\/\/yoast.com\/product\/yoast-seo-wordpress\/ -->\n<title>Kurs Handlowy Obiekcje i Finalizacja [+2000%] | M. Mrozowski<\/title>\n<meta name=\"description\" content=\"Kurs Handlowy Obiekcje i Finalizacja [+2000%] \u2714\ufe0f Wiedza i Do\u015bwiadczenie \u2714\ufe0f Autorskie Metody \u2714\ufe0f Naukowo Potwierdzone \u2714\ufe0f Dzia\u0142aj Skutecznie! Kup Teraz \u00bb\" \/>\n<meta name=\"robots\" content=\"index, follow, max-snippet:-1, max-image-preview:large, max-video-preview:-1\" \/>\n<link rel=\"canonical\" href=\"https:\/\/mateuszmrozowski.pl\/sklep\/produkt\/obiekcje-i-finalizacja-1\/\" \/>\n<meta property=\"og:locale\" content=\"pl_PL\" \/>\n<meta property=\"og:type\" content=\"article\" \/>\n<meta property=\"og:title\" content=\"Kurs Handlowy Obiekcje i Finalizacja [+2000%] | M. Mrozowski\" \/>\n<meta property=\"og:description\" content=\"Kurs Handlowy Obiekcje i Finalizacja [+2000%] \u2714\ufe0f Wiedza i Do\u015bwiadczenie \u2714\ufe0f Autorskie Metody \u2714\ufe0f Naukowo Potwierdzone \u2714\ufe0f Dzia\u0142aj Skutecznie! Kup Teraz \u00bb\" \/>\n<meta property=\"og:url\" content=\"https:\/\/mateuszmrozowski.pl\/sklep\/produkt\/obiekcje-i-finalizacja-1\/\" \/>\n<meta property=\"og:site_name\" content=\"Mateusz Mrozowski Trener Biznesu\" \/>\n<meta property=\"article:publisher\" content=\"https:\/\/www.facebook.com\/mateuszmrozowskisiewca\" \/>\n<meta property=\"article:modified_time\" content=\"2025-11-30T16:48:10+00:00\" \/>\n<meta property=\"og:image\" content=\"https:\/\/mateuszmrozowski.pl\/sklep\/wp-content\/uploads\/2022\/09\/kurs-neutralizacja-obiekcji-mateusz-mrozowski.png\" \/>\n\t<meta property=\"og:image:width\" content=\"1080\" \/>\n\t<meta property=\"og:image:height\" content=\"1080\" \/>\n\t<meta property=\"og:image:type\" content=\"image\/png\" \/>\n<meta name=\"twitter:card\" content=\"summary_large_image\" \/>\n<meta name=\"twitter:label1\" content=\"Szacowany czas czytania\" \/>\n\t<meta name=\"twitter:data1\" content=\"2 minuty\" \/>\n<script type=\"application\/ld+json\" class=\"yoast-schema-graph\">{\"@context\":\"https:\\\/\\\/schema.org\",\"@graph\":[{\"@type\":\"WebPage\",\"@id\":\"https:\\\/\\\/mateuszmrozowski.pl\\\/sklep\\\/produkt\\\/obiekcje-i-finalizacja-1\\\/\",\"url\":\"https:\\\/\\\/mateuszmrozowski.pl\\\/sklep\\\/produkt\\\/obiekcje-i-finalizacja-1\\\/\",\"name\":\"Kurs Handlowy Obiekcje i Finalizacja [+2000%] | M. Mrozowski\",\"isPartOf\":{\"@id\":\"https:\\\/\\\/mateuszmrozowski.pl\\\/sklep\\\/#website\"},\"primaryImageOfPage\":{\"@id\":\"https:\\\/\\\/mateuszmrozowski.pl\\\/sklep\\\/produkt\\\/obiekcje-i-finalizacja-1\\\/#primaryimage\"},\"image\":{\"@id\":\"https:\\\/\\\/mateuszmrozowski.pl\\\/sklep\\\/produkt\\\/obiekcje-i-finalizacja-1\\\/#primaryimage\"},\"thumbnailUrl\":\"https:\\\/\\\/mateuszmrozowski.pl\\\/sklep\\\/wp-content\\\/uploads\\\/2022\\\/09\\\/kurs-neutralizacja-obiekcji-mateusz-mrozowski.png\",\"datePublished\":\"2022-09-19T14:46:13+00:00\",\"dateModified\":\"2025-11-30T16:48:10+00:00\",\"description\":\"Kurs Handlowy Obiekcje i Finalizacja [+2000%] \u2714\ufe0f Wiedza i Do\u015bwiadczenie \u2714\ufe0f Autorskie Metody \u2714\ufe0f Naukowo Potwierdzone \u2714\ufe0f Dzia\u0142aj Skutecznie! Kup Teraz \u00bb\",\"breadcrumb\":{\"@id\":\"https:\\\/\\\/mateuszmrozowski.pl\\\/sklep\\\/produkt\\\/obiekcje-i-finalizacja-1\\\/#breadcrumb\"},\"inLanguage\":\"pl-PL\",\"potentialAction\":[{\"@type\":\"ReadAction\",\"target\":[\"https:\\\/\\\/mateuszmrozowski.pl\\\/sklep\\\/produkt\\\/obiekcje-i-finalizacja-1\\\/\"]}]},{\"@type\":\"ImageObject\",\"inLanguage\":\"pl-PL\",\"@id\":\"https:\\\/\\\/mateuszmrozowski.pl\\\/sklep\\\/produkt\\\/obiekcje-i-finalizacja-1\\\/#primaryimage\",\"url\":\"https:\\\/\\\/mateuszmrozowski.pl\\\/sklep\\\/wp-content\\\/uploads\\\/2022\\\/09\\\/kurs-neutralizacja-obiekcji-mateusz-mrozowski.png\",\"contentUrl\":\"https:\\\/\\\/mateuszmrozowski.pl\\\/sklep\\\/wp-content\\\/uploads\\\/2022\\\/09\\\/kurs-neutralizacja-obiekcji-mateusz-mrozowski.png\",\"width\":1080,\"height\":1080,\"caption\":\"Kurs Online Neutralizacja Obiekcji Mateusz Mrozowski\"},{\"@type\":\"BreadcrumbList\",\"@id\":\"https:\\\/\\\/mateuszmrozowski.pl\\\/sklep\\\/produkt\\\/obiekcje-i-finalizacja-1\\\/#breadcrumb\",\"itemListElement\":[{\"@type\":\"ListItem\",\"position\":1,\"name\":\"Strona g\u0142\u00f3wna\",\"item\":\"https:\\\/\\\/mateuszmrozowski.pl\\\/sklep\\\/\"},{\"@type\":\"ListItem\",\"position\":2,\"name\":\"Szkolenia biznesowe i kursy sprzeda\u017cowe\",\"item\":\"https:\\\/\\\/mateuszmrozowski.pl\\\/sklep\\\/\"},{\"@type\":\"ListItem\",\"position\":3,\"name\":\"BlackWeek\",\"item\":\"https:\\\/\\\/mateuszmrozowski.pl\\\/sklep\\\/kategoria-produktu\\\/blackweek\\\/\"},{\"@type\":\"ListItem\",\"position\":4,\"name\":\"Neutralizacja Obiekcji\"}]},{\"@type\":\"WebSite\",\"@id\":\"https:\\\/\\\/mateuszmrozowski.pl\\\/sklep\\\/#website\",\"url\":\"https:\\\/\\\/mateuszmrozowski.pl\\\/sklep\\\/\",\"name\":\"Mateusz Mrozowski Trener biznesu\",\"description\":\"Walcz\u0119 o wynik dla firm z kt\u00f3rymi wsp\u00f3\u0142pracuj\u0119.\",\"publisher\":{\"@id\":\"https:\\\/\\\/mateuszmrozowski.pl\\\/sklep\\\/#organization\"},\"alternateName\":\"Mateusz Mrozowski\",\"potentialAction\":[{\"@type\":\"SearchAction\",\"target\":{\"@type\":\"EntryPoint\",\"urlTemplate\":\"https:\\\/\\\/mateuszmrozowski.pl\\\/sklep\\\/?s={search_term_string}\"},\"query-input\":{\"@type\":\"PropertyValueSpecification\",\"valueRequired\":true,\"valueName\":\"search_term_string\"}}],\"inLanguage\":\"pl-PL\"},{\"@type\":\"Organization\",\"@id\":\"https:\\\/\\\/mateuszmrozowski.pl\\\/sklep\\\/#organization\",\"name\":\"Mateusz Mrozowski Trener biznesu\",\"alternateName\":\"Mateusz Mrozowski\",\"url\":\"https:\\\/\\\/mateuszmrozowski.pl\\\/sklep\\\/\",\"logo\":{\"@type\":\"ImageObject\",\"inLanguage\":\"pl-PL\",\"@id\":\"https:\\\/\\\/mateuszmrozowski.pl\\\/sklep\\\/#\\\/schema\\\/logo\\\/image\\\/\",\"url\":\"https:\\\/\\\/mateuszmrozowski.pl\\\/sklep\\\/wp-content\\\/uploads\\\/2025\\\/03\\\/cropped-mateusz_mrozowski_logo.png\",\"contentUrl\":\"https:\\\/\\\/mateuszmrozowski.pl\\\/sklep\\\/wp-content\\\/uploads\\\/2025\\\/03\\\/cropped-mateusz_mrozowski_logo.png\",\"width\":236,\"height\":59,\"caption\":\"Mateusz Mrozowski Trener biznesu\"},\"image\":{\"@id\":\"https:\\\/\\\/mateuszmrozowski.pl\\\/sklep\\\/#\\\/schema\\\/logo\\\/image\\\/\"},\"sameAs\":[\"https:\\\/\\\/www.facebook.com\\\/mateuszmrozowskisiewca\",\"https:\\\/\\\/www.youtube.com\\\/channel\\\/UCI6FhECZ4GdL1TYU5oh5JDg\",\"https:\\\/\\\/www.instagram.com\\\/mrozowski.siewca\\\/\",\"https:\\\/\\\/www.linkedin.com\\\/in\\\/mateuszmrozowski\\\/\",\"https:\\\/\\\/maps.app.goo.gl\\\/Ee8wtgr6gx2CjEM68\",\"https:\\\/\\\/www.tiktok.com\\\/@mateuszmrozowskisiewca\"]}]}<\/script>\n<!-- \/ Yoast SEO plugin. -->","yoast_head_json":{"title":"Kurs Handlowy Obiekcje i Finalizacja [+2000%] | M. Mrozowski","description":"Kurs Handlowy Obiekcje i Finalizacja [+2000%] \u2714\ufe0f Wiedza i Do\u015bwiadczenie \u2714\ufe0f Autorskie Metody \u2714\ufe0f Naukowo Potwierdzone \u2714\ufe0f Dzia\u0142aj Skutecznie! Kup Teraz \u00bb","robots":{"index":"index","follow":"follow","max-snippet":"max-snippet:-1","max-image-preview":"max-image-preview:large","max-video-preview":"max-video-preview:-1"},"canonical":"https:\/\/mateuszmrozowski.pl\/sklep\/produkt\/obiekcje-i-finalizacja-1\/","og_locale":"pl_PL","og_type":"article","og_title":"Kurs Handlowy Obiekcje i Finalizacja [+2000%] | M. Mrozowski","og_description":"Kurs Handlowy Obiekcje i Finalizacja [+2000%] \u2714\ufe0f Wiedza i Do\u015bwiadczenie \u2714\ufe0f Autorskie Metody \u2714\ufe0f Naukowo Potwierdzone \u2714\ufe0f Dzia\u0142aj Skutecznie! Kup Teraz \u00bb","og_url":"https:\/\/mateuszmrozowski.pl\/sklep\/produkt\/obiekcje-i-finalizacja-1\/","og_site_name":"Mateusz Mrozowski Trener Biznesu","article_publisher":"https:\/\/www.facebook.com\/mateuszmrozowskisiewca","article_modified_time":"2025-11-30T16:48:10+00:00","og_image":[{"width":1080,"height":1080,"url":"https:\/\/mateuszmrozowski.pl\/sklep\/wp-content\/uploads\/2022\/09\/kurs-neutralizacja-obiekcji-mateusz-mrozowski.png","type":"image\/png"}],"twitter_card":"summary_large_image","twitter_misc":{"Szacowany czas czytania":"2 minuty"},"schema":{"@context":"https:\/\/schema.org","@graph":[{"@type":"WebPage","@id":"https:\/\/mateuszmrozowski.pl\/sklep\/produkt\/obiekcje-i-finalizacja-1\/","url":"https:\/\/mateuszmrozowski.pl\/sklep\/produkt\/obiekcje-i-finalizacja-1\/","name":"Kurs Handlowy Obiekcje i Finalizacja [+2000%] | M. Mrozowski","isPartOf":{"@id":"https:\/\/mateuszmrozowski.pl\/sklep\/#website"},"primaryImageOfPage":{"@id":"https:\/\/mateuszmrozowski.pl\/sklep\/produkt\/obiekcje-i-finalizacja-1\/#primaryimage"},"image":{"@id":"https:\/\/mateuszmrozowski.pl\/sklep\/produkt\/obiekcje-i-finalizacja-1\/#primaryimage"},"thumbnailUrl":"https:\/\/mateuszmrozowski.pl\/sklep\/wp-content\/uploads\/2022\/09\/kurs-neutralizacja-obiekcji-mateusz-mrozowski.png","datePublished":"2022-09-19T14:46:13+00:00","dateModified":"2025-11-30T16:48:10+00:00","description":"Kurs Handlowy Obiekcje i Finalizacja [+2000%] \u2714\ufe0f Wiedza i Do\u015bwiadczenie \u2714\ufe0f Autorskie Metody \u2714\ufe0f Naukowo Potwierdzone \u2714\ufe0f Dzia\u0142aj Skutecznie! Kup Teraz \u00bb","breadcrumb":{"@id":"https:\/\/mateuszmrozowski.pl\/sklep\/produkt\/obiekcje-i-finalizacja-1\/#breadcrumb"},"inLanguage":"pl-PL","potentialAction":[{"@type":"ReadAction","target":["https:\/\/mateuszmrozowski.pl\/sklep\/produkt\/obiekcje-i-finalizacja-1\/"]}]},{"@type":"ImageObject","inLanguage":"pl-PL","@id":"https:\/\/mateuszmrozowski.pl\/sklep\/produkt\/obiekcje-i-finalizacja-1\/#primaryimage","url":"https:\/\/mateuszmrozowski.pl\/sklep\/wp-content\/uploads\/2022\/09\/kurs-neutralizacja-obiekcji-mateusz-mrozowski.png","contentUrl":"https:\/\/mateuszmrozowski.pl\/sklep\/wp-content\/uploads\/2022\/09\/kurs-neutralizacja-obiekcji-mateusz-mrozowski.png","width":1080,"height":1080,"caption":"Kurs Online Neutralizacja Obiekcji Mateusz Mrozowski"},{"@type":"BreadcrumbList","@id":"https:\/\/mateuszmrozowski.pl\/sklep\/produkt\/obiekcje-i-finalizacja-1\/#breadcrumb","itemListElement":[{"@type":"ListItem","position":1,"name":"Strona g\u0142\u00f3wna","item":"https:\/\/mateuszmrozowski.pl\/sklep\/"},{"@type":"ListItem","position":2,"name":"Szkolenia biznesowe i kursy sprzeda\u017cowe","item":"https:\/\/mateuszmrozowski.pl\/sklep\/"},{"@type":"ListItem","position":3,"name":"BlackWeek","item":"https:\/\/mateuszmrozowski.pl\/sklep\/kategoria-produktu\/blackweek\/"},{"@type":"ListItem","position":4,"name":"Neutralizacja Obiekcji"}]},{"@type":"WebSite","@id":"https:\/\/mateuszmrozowski.pl\/sklep\/#website","url":"https:\/\/mateuszmrozowski.pl\/sklep\/","name":"Mateusz Mrozowski Trener biznesu","description":"Walcz\u0119 o wynik dla firm z kt\u00f3rymi wsp\u00f3\u0142pracuj\u0119.","publisher":{"@id":"https:\/\/mateuszmrozowski.pl\/sklep\/#organization"},"alternateName":"Mateusz Mrozowski","potentialAction":[{"@type":"SearchAction","target":{"@type":"EntryPoint","urlTemplate":"https:\/\/mateuszmrozowski.pl\/sklep\/?s={search_term_string}"},"query-input":{"@type":"PropertyValueSpecification","valueRequired":true,"valueName":"search_term_string"}}],"inLanguage":"pl-PL"},{"@type":"Organization","@id":"https:\/\/mateuszmrozowski.pl\/sklep\/#organization","name":"Mateusz Mrozowski Trener biznesu","alternateName":"Mateusz Mrozowski","url":"https:\/\/mateuszmrozowski.pl\/sklep\/","logo":{"@type":"ImageObject","inLanguage":"pl-PL","@id":"https:\/\/mateuszmrozowski.pl\/sklep\/#\/schema\/logo\/image\/","url":"https:\/\/mateuszmrozowski.pl\/sklep\/wp-content\/uploads\/2025\/03\/cropped-mateusz_mrozowski_logo.png","contentUrl":"https:\/\/mateuszmrozowski.pl\/sklep\/wp-content\/uploads\/2025\/03\/cropped-mateusz_mrozowski_logo.png","width":236,"height":59,"caption":"Mateusz Mrozowski Trener biznesu"},"image":{"@id":"https:\/\/mateuszmrozowski.pl\/sklep\/#\/schema\/logo\/image\/"},"sameAs":["https:\/\/www.facebook.com\/mateuszmrozowskisiewca","https:\/\/www.youtube.com\/channel\/UCI6FhECZ4GdL1TYU5oh5JDg","https:\/\/www.instagram.com\/mrozowski.siewca\/","https:\/\/www.linkedin.com\/in\/mateuszmrozowski\/","https:\/\/maps.app.goo.gl\/Ee8wtgr6gx2CjEM68","https:\/\/www.tiktok.com\/@mateuszmrozowskisiewca"]}]}},"_links":{"self":[{"href":"https:\/\/mateuszmrozowski.pl\/sklep\/wp-json\/wp\/v2\/product\/75405","targetHints":{"allow":["GET"]}}],"collection":[{"href":"https:\/\/mateuszmrozowski.pl\/sklep\/wp-json\/wp\/v2\/product"}],"about":[{"href":"https:\/\/mateuszmrozowski.pl\/sklep\/wp-json\/wp\/v2\/types\/product"}],"wp:featuredmedia":[{"embeddable":true,"href":"https:\/\/mateuszmrozowski.pl\/sklep\/wp-json\/wp\/v2\/media\/98373"}],"wp:attachment":[{"href":"https:\/\/mateuszmrozowski.pl\/sklep\/wp-json\/wp\/v2\/media?parent=75405"}],"wp:term":[{"taxonomy":"product_brand","embeddable":true,"href":"https:\/\/mateuszmrozowski.pl\/sklep\/wp-json\/wp\/v2\/product_brand?post=75405"},{"taxonomy":"product_cat","embeddable":true,"href":"https:\/\/mateuszmrozowski.pl\/sklep\/wp-json\/wp\/v2\/product_cat?post=75405"},{"taxonomy":"product_tag","embeddable":true,"href":"https:\/\/mateuszmrozowski.pl\/sklep\/wp-json\/wp\/v2\/product_tag?post=75405"}],"curies":[{"name":"wp","href":"https:\/\/api.w.org\/{rel}","templated":true}]}}