{"id":74525,"date":"2022-08-31T19:45:07","date_gmt":"2022-08-31T19:45:07","guid":{"rendered":"https:\/\/mateuszmrozowski.pl\/sklep\/produkt\/szkola-dyrektorow-sprzedazy-2\/"},"modified":"2025-03-01T17:33:26","modified_gmt":"2025-03-01T17:33:26","slug":"szkola-dyrektorow-sprzedazy-2","status":"publish","type":"product","link":"https:\/\/mateuszmrozowski.pl\/sklep\/produkt\/szkola-dyrektorow-sprzedazy-2\/","title":{"rendered":"Szko\u0142a Dyrektor\u00f3w Sprzeda\u017cy 2023\/2024"},"content":{"rendered":"\n\n<div class=\"kk-star-ratings kksr-auto kksr-align-left kksr-valign-top kksr-disabled\"\n    data-payload='{&quot;align&quot;:&quot;left&quot;,&quot;id&quot;:&quot;74525&quot;,&quot;readonly&quot;:&quot;1&quot;,&quot;slug&quot;:&quot;default&quot;,&quot;valign&quot;:&quot;top&quot;,&quot;ignore&quot;:&quot;&quot;,&quot;reference&quot;:&quot;auto&quot;,&quot;class&quot;:&quot;&quot;,&quot;count&quot;:&quot;0&quot;,&quot;legendonly&quot;:&quot;&quot;,&quot;score&quot;:&quot;0&quot;,&quot;starsonly&quot;:&quot;&quot;,&quot;best&quot;:&quot;5&quot;,&quot;gap&quot;:&quot;5&quot;,&quot;greet&quot;:&quot;Wystaw ocen\u0119&quot;,&quot;legend&quot;:&quot;0\\\/5 - (0 ocen)&quot;,&quot;size&quot;:&quot;16&quot;,&quot;title&quot;:&quot;Szko\u0142a Dyrektor\u00f3w Sprzeda\u017cy 2023\\\/2024&quot;,&quot;width&quot;:&quot;0&quot;,&quot;_legend&quot;:&quot;{score}\\\/{best} - ({count} ocen)&quot;,&quot;font_factor&quot;:&quot;1.25&quot;}'>\n            \n<div class=\"kksr-stars\">\n    \n<div class=\"kksr-stars-inactive\">\n            <div class=\"kksr-star\" data-star=\"1\" style=\"padding-right: 5px\">\n            \n\n<div class=\"kksr-icon\" style=\"width: 16px; height: 16px;\"><\/div>\n        <\/div>\n            <div class=\"kksr-star\" data-star=\"2\" style=\"padding-right: 5px\">\n            \n\n<div class=\"kksr-icon\" style=\"width: 16px; height: 16px;\"><\/div>\n        <\/div>\n            <div class=\"kksr-star\" data-star=\"3\" style=\"padding-right: 5px\">\n            \n\n<div class=\"kksr-icon\" style=\"width: 16px; height: 16px;\"><\/div>\n        <\/div>\n            <div class=\"kksr-star\" data-star=\"4\" style=\"padding-right: 5px\">\n            \n\n<div class=\"kksr-icon\" style=\"width: 16px; height: 16px;\"><\/div>\n        <\/div>\n            <div class=\"kksr-star\" data-star=\"5\" style=\"padding-right: 5px\">\n            \n\n<div class=\"kksr-icon\" style=\"width: 16px; height: 16px;\"><\/div>\n        <\/div>\n    <\/div>\n    \n<div class=\"kksr-stars-active\" style=\"width: 0px;\">\n            <div class=\"kksr-star\" style=\"padding-right: 5px\">\n            \n\n<div class=\"kksr-icon\" style=\"width: 16px; height: 16px;\"><\/div>\n        <\/div>\n            <div class=\"kksr-star\" style=\"padding-right: 5px\">\n            \n\n<div class=\"kksr-icon\" style=\"width: 16px; height: 16px;\"><\/div>\n        <\/div>\n            <div class=\"kksr-star\" style=\"padding-right: 5px\">\n            \n\n<div class=\"kksr-icon\" style=\"width: 16px; height: 16px;\"><\/div>\n        <\/div>\n            <div class=\"kksr-star\" style=\"padding-right: 5px\">\n            \n\n<div class=\"kksr-icon\" style=\"width: 16px; height: 16px;\"><\/div>\n        <\/div>\n            <div class=\"kksr-star\" style=\"padding-right: 5px\">\n            \n\n<div class=\"kksr-icon\" style=\"width: 16px; height: 16px;\"><\/div>\n        <\/div>\n    <\/div>\n<\/div>\n                \n\n<div class=\"kksr-legend\" style=\"font-size: 12.8px;\">\n            <span class=\"kksr-muted\">Wystaw ocen\u0119<\/span>\n    <\/div>\n    <\/div>\n<h1>10-miesi\u0119czny kurs dla Dyrektor\u00f3w Sprzeda\u017cy<\/h1>\n<h2><span class=\"JsGRdQ\">Trwa nab\u00f3r do 3 edycji Szkolenia dla Dyrektor\u00f3w z Mateuszem Mrozowskim<\/span><\/h2>\n<h3>Wi\u0119cej informacji:<\/h3>\n<p><strong>Martyna Ksi\u0119\u017cniakiewicz<\/strong><br \/>\n<em>Dyrektor Operacyjny i Opiekun Klienta Biznesowego<br \/>\nCertyfikowany Trener Biznesu<br \/>\n<\/em><strong>tel. <a href=\"tel:793771002\">793 771 002<\/a><\/strong><br \/>\n<strong>email: <a href=\"mailto:martyna@mateuszmrozowski.pl\/sklep\">martyna@mateuszmrozowski.pl\/sklep<\/a><\/strong><\/p>\n<p>&nbsp;<\/p>\n<p>Szkolenie dla dyrektor\u00f3w sprzeda\u017cy ma na celu pom\u00f3c w rozwijaniu umiej\u0119tno\u015bci niezb\u0119dnych do efektywnego zarz\u0105dzania zespo\u0142em sprzeda\u017cowym oraz osi\u0105gania sukces\u00f3w w sprzeda\u017cy. Szkolenie obejmuje tematy z zakresu zarz\u0105dzania i przyw\u00f3dztwa oraz kompetencji handlowych.<\/p>\n<p>Celem szkolenia jest dostarczenie uczestnikom narz\u0119dzi i strategii, kt\u00f3re pomog\u0105 im zbudowa\u0107 niezwyci\u0119\u017cone zespo\u0142y oraz baz\u0119 klient\u00f3w, dzi\u0119ki czemu podnios\u0105 sw\u00f3j biznes na jeszcze wy\u017cszy poziom. Kurs ten prowadzony b\u0119dzie w trybie spotka\u0144 online i offline, podczas kt\u00f3rych uczestnicy b\u0119d\u0105 mogli wymienia\u0107 si\u0119 do\u015bwiadczeniami. Szkolenie przeznaczone jest dla obecnych oraz przysz\u0142ych Dyrektor\u00f3w Sprzeda\u017cy.<\/p>\n<h3><span class=\"JsGRdQ\">Korzy\u015bci dla firmy:<\/span><\/h3>\n<ul>\n<li><span class=\"S1PPyQ\">Prowadzenie zespo\u0142\u00f3w wed\u0142ug nowoczesnych metod zarz\u0105dzania<\/span><\/li>\n<li><span class=\"S1PPyQ\">Podniesienie jako\u015bci komunikacji zespo\u0142owej<\/span><\/li>\n<li><span class=\"S1PPyQ\">Wzrost skuteczno\u015bci sprzeda\u017cowej<\/span><\/li>\n<li><span class=\"S1PPyQ\">Nieustanna aktualizacja strategii i taktyk biznesowych<\/span><\/li>\n<li><span class=\"S1PPyQ\">Podniesienie motywacji zespo\u0142u i pracownik\u00f3w<\/span><\/li>\n<\/ul>\n<h3><\/h3>\n<h3><span class=\"JsGRdQ\">Korzy\u015bci dla uczestnik\u00f3w:<\/span><\/h3>\n<ul>\n<li><span class=\"S1PPyQ\">Umiej\u0119tno\u015b\u0107 prowadzenia ludzi w nowoczesnych modelach zarz\u0105dzania<\/span><\/li>\n<li><span class=\"S1PPyQ\">Ustalanie w\u0142asnych proces\u00f3w i procedur<\/span><\/li>\n<li><span class=\"S1PPyQ\">Umiej\u0119tno\u015b\u0107 ustalania strategii i taktyk biznesowych<\/span><\/li>\n<li><span class=\"S1PPyQ\">Zrozumienie proces\u00f3w sprzeda\u017cowych<\/span><\/li>\n<li><span class=\"S1PPyQ\">Kreacja archetypu w\u0142asnej osobowo\u015bci i zespo\u0142u<\/span><\/li>\n<li><span class=\"S1PPyQ\">Nabycie kompetencji w zakresie zarz\u0105dzania, sprzeda\u017cy i rekrutacji<\/span><\/li>\n<li><span class=\"S1PPyQ\">Umiej\u0119tno\u015b\u0107 odkrywania talent\u00f3w w zespole oraz motywacji i automotywacji<\/span><\/li>\n<li><span class=\"S1PPyQ\">Poszerzenie kontakt\u00f3w biznesowych<\/span><\/li>\n<li><span class=\"S1PPyQ\">Prowadzenie szkole\u0144 wewn\u0119trznych z zakresu zarz\u0105dzania i sprzeda\u017cy<\/span><\/li>\n<li><span class=\"S1PPyQ\">Budowa w\u0142asnego autorytetu jako lider<\/span><\/li>\n<\/ul>\n<h3><\/h3>\n<h3>Wst\u0119pny Harmonogram:<\/h3>\n<ul>\n<li><span class=\"JsGRdQ\">1 x w tygodniu zaj\u0119cia online<\/span><\/li>\n<li><span class=\"JsGRdQ\">1 x w miesi\u0105cu szkolenie stacjonarne lub online<\/span><\/li>\n<li><span class=\"JsGRdQ\">indywidualne spotkania<\/span><\/li>\n<\/ul>\n<h3><\/h3>\n<h3>Wa\u017cne Informacje:<\/h3>\n<ol>\n<li class=\"_04xlpA direction-ltr align-justify para-style-body\"><span class=\"JsGRdQ\">Warunkiem przyst\u0105pienia do Szko\u0142y Dyrektor\u00f3w Sprzeda\u017cy jest <strong>indywidualna rozmowa kwalifikacyjna,<\/strong> podczas kt\u00f3rej jeste\u015bmy w stanie oceni\u0107, czy uczestnicy b\u0119d\u0105 w stanie aktywnie uczestniczy\u0107 w zaj\u0119ciach, aby teori\u0119 stosowa\u0107 w praktyce i podnosi\u0107 swoje wyniki sprzeda\u017cowe oraz przyw\u00f3dcze.<\/span><\/li>\n<li class=\"_04xlpA direction-ltr align-justify para-style-body\"><span class=\"JsGRdQ\">Szko\u0142a ko\u0144czy si\u0119 otrzymaniem <strong>mi\u0119dzynarodowego certyfikatu uko\u0144czenia \u201eSzko\u0142y Dyrektor\u00f3w Sprzeda\u017cy\u201d.<\/strong><\/span><\/li>\n<li class=\"_04xlpA direction-ltr align-justify para-style-body\"><span class=\"JsGRdQ\">Uczestnicy Akademii w ramach szkolenia b\u0119d\u0105 mieli dost\u0119p do wszystkich niezb\u0119dnych materia\u0142\u00f3w szkoleniowych i szkole\u0144 otwartych, nie ponosz\u0105c za to dodatkowej op\u0142aty.\u00a0<\/span><\/li>\n<li>Wszystkie spotkania s\u0105 nagrywane i uczestnicy mog\u0105 wraca\u0107 do nagra\u0144, aby utrwala\u0107 wiedz\u0119.<\/li>\n<li>Uczestnicy b\u0119d\u0105 zobowi\u0105zani do przyst\u0119powania do comiesi\u0119cznych egzamin\u00f3w, potwierdzaj\u0105cych ich zaanga\u017cowanie i przyswajanie wiedzy.<\/li>\n<li class=\"_04xlpA direction-ltr align-justify para-style-body\"><span class=\"JsGRdQ\">Uczestnicy poznaj\u0105 modele przyw\u00f3dcze i sprzeda\u017cowe, kt\u00f3re pozwol\u0105 na efektywniejsze zarz\u0105dzanie sprzeda\u017c\u0105 i zespo\u0142em.<\/span><\/li>\n<\/ol>\n<h3><\/h3>\n<h3><strong>Cena: 9700 z\u0142 netto<\/strong><br \/>\n<strong>*mo\u017cliwo\u015b\u0107 p\u0142atno\u015bci ratalnych<\/strong><\/h3>\n<p>&nbsp;<\/p>\n","protected":false},"excerpt":{"rendered":"<p>10-miesi\u0119czny kurs dla Dyrektor\u00f3w Sprzeda\u017cy Trwa nab\u00f3r do 3 edycji Szkolenia dla Dyrektor\u00f3w z Mateuszem Mrozowskim Wi\u0119cej informacji: Martyna Ksi\u0119\u017cniakiewicz Dyrektor Operacyjny i Opiekun Klienta Biznesowego Certyfikowany Trener Biznesu tel. 793 771 002 email: martyna@mateuszmrozowski.pl\/sklep &nbsp; Szkolenie dla dyrektor\u00f3w sprzeda\u017cy ma na celu pom\u00f3c w rozwijaniu umiej\u0119tno\u015bci niezb\u0119dnych do efektywnego zarz\u0105dzania zespo\u0142em sprzeda\u017cowym oraz osi\u0105gania [&hellip;]<\/p>\n","protected":false},"featured_media":70320,"template":"","meta":{"_acf_changed":false,"content-type":""},"product_brand":[],"product_cat":[30,114],"product_tag":[],"class_list":{"0":"post-74525","1":"product","2":"type-product","3":"status-publish","4":"has-post-thumbnail","6":"product_cat-akademie","7":"product_cat-wszystkie-produkty","9":"first","10":"outofstock","11":"virtual","12":"sold-individually","13":"taxable","14":"purchasable","15":"product-type-simple"},"acf":[],"yoast_head":"<!-- This site is optimized with the Yoast SEO plugin v27.1.1 - https:\/\/yoast.com\/product\/yoast-seo-wordpress\/ -->\n<title>Szkolenie dla Mened\u017cer\u00f3w Szko\u0142a Dyrektor\u00f3w Sprzeda\u017cy 2022\/2023 | M. Mrozowski<\/title>\n<meta name=\"description\" content=\"Szkolenie dla Mened\u017cer\u00f3w Szko\u0142a Dyrektor\u00f3w Sprzeda\u017cy 2022\/2023 \u2714\ufe0f10 mies. Zaj\u0119\u0107 On-Line i Stacjonarnie \u2714\ufe0f Konsultacje Indywidualne \u2714\ufe0f Certyfikat! Kup Teraz \u00bb\" \/>\n<meta name=\"robots\" content=\"noindex, nofollow\" \/>\n<meta property=\"og:locale\" content=\"pl_PL\" \/>\n<meta property=\"og:type\" content=\"article\" \/>\n<meta property=\"og:title\" content=\"Szkolenie dla Mened\u017cer\u00f3w Szko\u0142a Dyrektor\u00f3w Sprzeda\u017cy 2022\/2023 | M. Mrozowski\" \/>\n<meta property=\"og:description\" content=\"Szkolenie dla Mened\u017cer\u00f3w Szko\u0142a Dyrektor\u00f3w Sprzeda\u017cy 2022\/2023 \u2714\ufe0f10 mies. Zaj\u0119\u0107 On-Line i Stacjonarnie \u2714\ufe0f Konsultacje Indywidualne \u2714\ufe0f Certyfikat! Kup Teraz \u00bb\" \/>\n<meta property=\"og:url\" content=\"https:\/\/mateuszmrozowski.pl\/sklep\/produkt\/szkola-dyrektorow-sprzedazy-2\/\" \/>\n<meta property=\"og:site_name\" content=\"Mateusz Mrozowski Trener Biznesu\" \/>\n<meta property=\"article:publisher\" content=\"https:\/\/www.facebook.com\/mateuszmrozowskisiewca\" \/>\n<meta property=\"article:modified_time\" content=\"2025-03-01T17:33:26+00:00\" \/>\n<meta property=\"og:image\" content=\"https:\/\/mateuszmrozowski.pl\/sklep\/wp-content\/uploads\/2022\/08\/AH.png\" \/>\n\t<meta property=\"og:image:width\" content=\"788\" \/>\n\t<meta property=\"og:image:height\" content=\"788\" \/>\n\t<meta property=\"og:image:type\" content=\"image\/png\" \/>\n<meta name=\"twitter:card\" content=\"summary_large_image\" \/>\n<meta name=\"twitter:label1\" content=\"Szacowany czas czytania\" \/>\n\t<meta name=\"twitter:data1\" content=\"3 minuty\" \/>\n<script type=\"application\/ld+json\" class=\"yoast-schema-graph\">{\"@context\":\"https:\/\/schema.org\",\"@graph\":[{\"@type\":\"WebPage\",\"@id\":\"https:\/\/mateuszmrozowski.pl\/sklep\/produkt\/szkola-dyrektorow-sprzedazy-2\/\",\"url\":\"https:\/\/mateuszmrozowski.pl\/sklep\/produkt\/szkola-dyrektorow-sprzedazy-2\/\",\"name\":\"Szkolenie dla Mened\u017cer\u00f3w Szko\u0142a Dyrektor\u00f3w Sprzeda\u017cy 2022\/2023 | M. Mrozowski\",\"isPartOf\":{\"@id\":\"https:\/\/mateuszmrozowski.pl\/sklep\/#website\"},\"primaryImageOfPage\":{\"@id\":\"https:\/\/mateuszmrozowski.pl\/sklep\/produkt\/szkola-dyrektorow-sprzedazy-2\/#primaryimage\"},\"image\":{\"@id\":\"https:\/\/mateuszmrozowski.pl\/sklep\/produkt\/szkola-dyrektorow-sprzedazy-2\/#primaryimage\"},\"thumbnailUrl\":\"https:\/\/mateuszmrozowski.pl\/sklep\/wp-content\/uploads\/2022\/08\/AH.png\",\"datePublished\":\"2022-08-31T19:45:07+00:00\",\"dateModified\":\"2025-03-01T17:33:26+00:00\",\"description\":\"Szkolenie dla Mened\u017cer\u00f3w Szko\u0142a Dyrektor\u00f3w Sprzeda\u017cy 2022\/2023 \u2714\ufe0f10 mies. Zaj\u0119\u0107 On-Line i Stacjonarnie \u2714\ufe0f Konsultacje Indywidualne \u2714\ufe0f Certyfikat! Kup Teraz \u00bb\",\"breadcrumb\":{\"@id\":\"https:\/\/mateuszmrozowski.pl\/sklep\/produkt\/szkola-dyrektorow-sprzedazy-2\/#breadcrumb\"},\"inLanguage\":\"pl-PL\",\"potentialAction\":[{\"@type\":\"ReadAction\",\"target\":[\"https:\/\/mateuszmrozowski.pl\/sklep\/produkt\/szkola-dyrektorow-sprzedazy-2\/\"]}]},{\"@type\":\"ImageObject\",\"inLanguage\":\"pl-PL\",\"@id\":\"https:\/\/mateuszmrozowski.pl\/sklep\/produkt\/szkola-dyrektorow-sprzedazy-2\/#primaryimage\",\"url\":\"https:\/\/mateuszmrozowski.pl\/sklep\/wp-content\/uploads\/2022\/08\/AH.png\",\"contentUrl\":\"https:\/\/mateuszmrozowski.pl\/sklep\/wp-content\/uploads\/2022\/08\/AH.png\",\"width\":788,\"height\":788},{\"@type\":\"BreadcrumbList\",\"@id\":\"https:\/\/mateuszmrozowski.pl\/sklep\/produkt\/szkola-dyrektorow-sprzedazy-2\/#breadcrumb\",\"itemListElement\":[{\"@type\":\"ListItem\",\"position\":1,\"name\":\"Strona g\u0142\u00f3wna\",\"item\":\"https:\/\/mateuszmrozowski.pl\/sklep\/\"},{\"@type\":\"ListItem\",\"position\":2,\"name\":\"Szkolenia biznesowe i kursy sprzeda\u017cowe\",\"item\":\"https:\/\/mateuszmrozowski.pl\/sklep\/\"},{\"@type\":\"ListItem\",\"position\":3,\"name\":\"Akademie\",\"item\":\"https:\/\/mateuszmrozowski.pl\/sklep\/kategoria-produktu\/akademie\/\"},{\"@type\":\"ListItem\",\"position\":4,\"name\":\"Szko\u0142a Dyrektor\u00f3w Sprzeda\u017cy 2023\/2024\"}]},{\"@type\":\"WebSite\",\"@id\":\"https:\/\/mateuszmrozowski.pl\/sklep\/#website\",\"url\":\"https:\/\/mateuszmrozowski.pl\/sklep\/\",\"name\":\"Mateusz Mrozowski Trener biznesu\",\"description\":\"Walcz\u0119 o wynik dla firm z kt\u00f3rymi wsp\u00f3\u0142pracuj\u0119.\",\"publisher\":{\"@id\":\"https:\/\/mateuszmrozowski.pl\/sklep\/#organization\"},\"alternateName\":\"Mateusz Mrozowski\",\"potentialAction\":[{\"@type\":\"SearchAction\",\"target\":{\"@type\":\"EntryPoint\",\"urlTemplate\":\"https:\/\/mateuszmrozowski.pl\/sklep\/?s={search_term_string}\"},\"query-input\":{\"@type\":\"PropertyValueSpecification\",\"valueRequired\":true,\"valueName\":\"search_term_string\"}}],\"inLanguage\":\"pl-PL\"},{\"@type\":\"Organization\",\"@id\":\"https:\/\/mateuszmrozowski.pl\/sklep\/#organization\",\"name\":\"Mateusz Mrozowski Trener biznesu\",\"alternateName\":\"Mateusz Mrozowski\",\"url\":\"https:\/\/mateuszmrozowski.pl\/sklep\/\",\"logo\":{\"@type\":\"ImageObject\",\"inLanguage\":\"pl-PL\",\"@id\":\"https:\/\/mateuszmrozowski.pl\/sklep\/#\/schema\/logo\/image\/\",\"url\":\"https:\/\/mateuszmrozowski.pl\/sklep\/wp-content\/uploads\/2025\/03\/cropped-mateusz_mrozowski_logo.png\",\"contentUrl\":\"https:\/\/mateuszmrozowski.pl\/sklep\/wp-content\/uploads\/2025\/03\/cropped-mateusz_mrozowski_logo.png\",\"width\":236,\"height\":59,\"caption\":\"Mateusz Mrozowski Trener biznesu\"},\"image\":{\"@id\":\"https:\/\/mateuszmrozowski.pl\/sklep\/#\/schema\/logo\/image\/\"},\"sameAs\":[\"https:\/\/www.facebook.com\/mateuszmrozowskisiewca\",\"https:\/\/www.youtube.com\/channel\/UCI6FhECZ4GdL1TYU5oh5JDg\",\"https:\/\/www.instagram.com\/mrozowski.siewca\/\",\"https:\/\/www.linkedin.com\/in\/mateuszmrozowski\/\",\"https:\/\/maps.app.goo.gl\/Ee8wtgr6gx2CjEM68\",\"https:\/\/www.tiktok.com\/@mateuszmrozowskisiewca\"]}]}<\/script>\n<!-- \/ Yoast SEO plugin. -->","yoast_head_json":{"title":"Szkolenie dla Mened\u017cer\u00f3w Szko\u0142a Dyrektor\u00f3w Sprzeda\u017cy 2022\/2023 | M. Mrozowski","description":"Szkolenie dla Mened\u017cer\u00f3w Szko\u0142a Dyrektor\u00f3w Sprzeda\u017cy 2022\/2023 \u2714\ufe0f10 mies. Zaj\u0119\u0107 On-Line i Stacjonarnie \u2714\ufe0f Konsultacje Indywidualne \u2714\ufe0f Certyfikat! Kup Teraz \u00bb","robots":{"index":"noindex","follow":"nofollow"},"og_locale":"pl_PL","og_type":"article","og_title":"Szkolenie dla Mened\u017cer\u00f3w Szko\u0142a Dyrektor\u00f3w Sprzeda\u017cy 2022\/2023 | M. Mrozowski","og_description":"Szkolenie dla Mened\u017cer\u00f3w Szko\u0142a Dyrektor\u00f3w Sprzeda\u017cy 2022\/2023 \u2714\ufe0f10 mies. Zaj\u0119\u0107 On-Line i Stacjonarnie \u2714\ufe0f Konsultacje Indywidualne \u2714\ufe0f Certyfikat! Kup Teraz \u00bb","og_url":"https:\/\/mateuszmrozowski.pl\/sklep\/produkt\/szkola-dyrektorow-sprzedazy-2\/","og_site_name":"Mateusz Mrozowski Trener Biznesu","article_publisher":"https:\/\/www.facebook.com\/mateuszmrozowskisiewca","article_modified_time":"2025-03-01T17:33:26+00:00","og_image":[{"width":788,"height":788,"url":"https:\/\/mateuszmrozowski.pl\/sklep\/wp-content\/uploads\/2022\/08\/AH.png","type":"image\/png"}],"twitter_card":"summary_large_image","twitter_misc":{"Szacowany czas czytania":"3 minuty"},"schema":{"@context":"https:\/\/schema.org","@graph":[{"@type":"WebPage","@id":"https:\/\/mateuszmrozowski.pl\/sklep\/produkt\/szkola-dyrektorow-sprzedazy-2\/","url":"https:\/\/mateuszmrozowski.pl\/sklep\/produkt\/szkola-dyrektorow-sprzedazy-2\/","name":"Szkolenie dla Mened\u017cer\u00f3w Szko\u0142a Dyrektor\u00f3w Sprzeda\u017cy 2022\/2023 | M. Mrozowski","isPartOf":{"@id":"https:\/\/mateuszmrozowski.pl\/sklep\/#website"},"primaryImageOfPage":{"@id":"https:\/\/mateuszmrozowski.pl\/sklep\/produkt\/szkola-dyrektorow-sprzedazy-2\/#primaryimage"},"image":{"@id":"https:\/\/mateuszmrozowski.pl\/sklep\/produkt\/szkola-dyrektorow-sprzedazy-2\/#primaryimage"},"thumbnailUrl":"https:\/\/mateuszmrozowski.pl\/sklep\/wp-content\/uploads\/2022\/08\/AH.png","datePublished":"2022-08-31T19:45:07+00:00","dateModified":"2025-03-01T17:33:26+00:00","description":"Szkolenie dla Mened\u017cer\u00f3w Szko\u0142a Dyrektor\u00f3w Sprzeda\u017cy 2022\/2023 \u2714\ufe0f10 mies. Zaj\u0119\u0107 On-Line i Stacjonarnie \u2714\ufe0f Konsultacje Indywidualne \u2714\ufe0f Certyfikat! Kup Teraz \u00bb","breadcrumb":{"@id":"https:\/\/mateuszmrozowski.pl\/sklep\/produkt\/szkola-dyrektorow-sprzedazy-2\/#breadcrumb"},"inLanguage":"pl-PL","potentialAction":[{"@type":"ReadAction","target":["https:\/\/mateuszmrozowski.pl\/sklep\/produkt\/szkola-dyrektorow-sprzedazy-2\/"]}]},{"@type":"ImageObject","inLanguage":"pl-PL","@id":"https:\/\/mateuszmrozowski.pl\/sklep\/produkt\/szkola-dyrektorow-sprzedazy-2\/#primaryimage","url":"https:\/\/mateuszmrozowski.pl\/sklep\/wp-content\/uploads\/2022\/08\/AH.png","contentUrl":"https:\/\/mateuszmrozowski.pl\/sklep\/wp-content\/uploads\/2022\/08\/AH.png","width":788,"height":788},{"@type":"BreadcrumbList","@id":"https:\/\/mateuszmrozowski.pl\/sklep\/produkt\/szkola-dyrektorow-sprzedazy-2\/#breadcrumb","itemListElement":[{"@type":"ListItem","position":1,"name":"Strona g\u0142\u00f3wna","item":"https:\/\/mateuszmrozowski.pl\/sklep\/"},{"@type":"ListItem","position":2,"name":"Szkolenia biznesowe i kursy sprzeda\u017cowe","item":"https:\/\/mateuszmrozowski.pl\/sklep\/"},{"@type":"ListItem","position":3,"name":"Akademie","item":"https:\/\/mateuszmrozowski.pl\/sklep\/kategoria-produktu\/akademie\/"},{"@type":"ListItem","position":4,"name":"Szko\u0142a Dyrektor\u00f3w Sprzeda\u017cy 2023\/2024"}]},{"@type":"WebSite","@id":"https:\/\/mateuszmrozowski.pl\/sklep\/#website","url":"https:\/\/mateuszmrozowski.pl\/sklep\/","name":"Mateusz Mrozowski Trener biznesu","description":"Walcz\u0119 o wynik dla firm z kt\u00f3rymi wsp\u00f3\u0142pracuj\u0119.","publisher":{"@id":"https:\/\/mateuszmrozowski.pl\/sklep\/#organization"},"alternateName":"Mateusz Mrozowski","potentialAction":[{"@type":"SearchAction","target":{"@type":"EntryPoint","urlTemplate":"https:\/\/mateuszmrozowski.pl\/sklep\/?s={search_term_string}"},"query-input":{"@type":"PropertyValueSpecification","valueRequired":true,"valueName":"search_term_string"}}],"inLanguage":"pl-PL"},{"@type":"Organization","@id":"https:\/\/mateuszmrozowski.pl\/sklep\/#organization","name":"Mateusz Mrozowski Trener biznesu","alternateName":"Mateusz Mrozowski","url":"https:\/\/mateuszmrozowski.pl\/sklep\/","logo":{"@type":"ImageObject","inLanguage":"pl-PL","@id":"https:\/\/mateuszmrozowski.pl\/sklep\/#\/schema\/logo\/image\/","url":"https:\/\/mateuszmrozowski.pl\/sklep\/wp-content\/uploads\/2025\/03\/cropped-mateusz_mrozowski_logo.png","contentUrl":"https:\/\/mateuszmrozowski.pl\/sklep\/wp-content\/uploads\/2025\/03\/cropped-mateusz_mrozowski_logo.png","width":236,"height":59,"caption":"Mateusz Mrozowski Trener biznesu"},"image":{"@id":"https:\/\/mateuszmrozowski.pl\/sklep\/#\/schema\/logo\/image\/"},"sameAs":["https:\/\/www.facebook.com\/mateuszmrozowskisiewca","https:\/\/www.youtube.com\/channel\/UCI6FhECZ4GdL1TYU5oh5JDg","https:\/\/www.instagram.com\/mrozowski.siewca\/","https:\/\/www.linkedin.com\/in\/mateuszmrozowski\/","https:\/\/maps.app.goo.gl\/Ee8wtgr6gx2CjEM68","https:\/\/www.tiktok.com\/@mateuszmrozowskisiewca"]}]}},"_links":{"self":[{"href":"https:\/\/mateuszmrozowski.pl\/sklep\/wp-json\/wp\/v2\/product\/74525","targetHints":{"allow":["GET"]}}],"collection":[{"href":"https:\/\/mateuszmrozowski.pl\/sklep\/wp-json\/wp\/v2\/product"}],"about":[{"href":"https:\/\/mateuszmrozowski.pl\/sklep\/wp-json\/wp\/v2\/types\/product"}],"wp:featuredmedia":[{"embeddable":true,"href":"https:\/\/mateuszmrozowski.pl\/sklep\/wp-json\/wp\/v2\/media\/70320"}],"wp:attachment":[{"href":"https:\/\/mateuszmrozowski.pl\/sklep\/wp-json\/wp\/v2\/media?parent=74525"}],"wp:term":[{"taxonomy":"product_brand","embeddable":true,"href":"https:\/\/mateuszmrozowski.pl\/sklep\/wp-json\/wp\/v2\/product_brand?post=74525"},{"taxonomy":"product_cat","embeddable":true,"href":"https:\/\/mateuszmrozowski.pl\/sklep\/wp-json\/wp\/v2\/product_cat?post=74525"},{"taxonomy":"product_tag","embeddable":true,"href":"https:\/\/mateuszmrozowski.pl\/sklep\/wp-json\/wp\/v2\/product_tag?post=74525"}],"curies":[{"name":"wp","href":"https:\/\/api.w.org\/{rel}","templated":true}]}}