{"id":74520,"date":"2022-08-31T19:40:10","date_gmt":"2022-08-31T19:40:10","guid":{"rendered":"https:\/\/mateuszmrozowski.pl\/sklep\/?post_type=product&#038;p=74520"},"modified":"2025-08-01T11:37:44","modified_gmt":"2025-08-01T11:37:44","slug":"twoj-podrecznik-w-marketingu-sieciowym","status":"publish","type":"product","link":"https:\/\/mateuszmrozowski.pl\/sklep\/produkt\/twoj-podrecznik-w-marketingu-sieciowym\/","title":{"rendered":"Tw\u00f3j podr\u0119cznik w marketingu sieciowym"},"content":{"rendered":"\n\n<div class=\"kk-star-ratings kksr-auto kksr-align-left kksr-valign-top kksr-disabled\"\n    data-payload='{&quot;align&quot;:&quot;left&quot;,&quot;id&quot;:&quot;74520&quot;,&quot;readonly&quot;:&quot;1&quot;,&quot;slug&quot;:&quot;default&quot;,&quot;valign&quot;:&quot;top&quot;,&quot;ignore&quot;:&quot;&quot;,&quot;reference&quot;:&quot;auto&quot;,&quot;class&quot;:&quot;&quot;,&quot;count&quot;:&quot;0&quot;,&quot;legendonly&quot;:&quot;&quot;,&quot;score&quot;:&quot;0&quot;,&quot;starsonly&quot;:&quot;&quot;,&quot;best&quot;:&quot;5&quot;,&quot;gap&quot;:&quot;5&quot;,&quot;greet&quot;:&quot;Wystaw ocen\u0119&quot;,&quot;legend&quot;:&quot;0\\\/5 - (0 ocen)&quot;,&quot;size&quot;:&quot;16&quot;,&quot;title&quot;:&quot;Tw\u00f3j podr\u0119cznik w marketingu sieciowym&quot;,&quot;width&quot;:&quot;0&quot;,&quot;_legend&quot;:&quot;{score}\\\/{best} - ({count} ocen)&quot;,&quot;font_factor&quot;:&quot;1.25&quot;}'>\n            \n<div class=\"kksr-stars\">\n    \n<div class=\"kksr-stars-inactive\">\n            <div class=\"kksr-star\" data-star=\"1\" style=\"padding-right: 5px\">\n            \n\n<div class=\"kksr-icon\" style=\"width: 16px; height: 16px;\"><\/div>\n        <\/div>\n            <div class=\"kksr-star\" data-star=\"2\" style=\"padding-right: 5px\">\n            \n\n<div class=\"kksr-icon\" style=\"width: 16px; height: 16px;\"><\/div>\n        <\/div>\n            <div class=\"kksr-star\" data-star=\"3\" style=\"padding-right: 5px\">\n            \n\n<div class=\"kksr-icon\" style=\"width: 16px; height: 16px;\"><\/div>\n        <\/div>\n            <div class=\"kksr-star\" data-star=\"4\" style=\"padding-right: 5px\">\n            \n\n<div class=\"kksr-icon\" style=\"width: 16px; height: 16px;\"><\/div>\n        <\/div>\n            <div class=\"kksr-star\" data-star=\"5\" style=\"padding-right: 5px\">\n            \n\n<div class=\"kksr-icon\" style=\"width: 16px; height: 16px;\"><\/div>\n        <\/div>\n    <\/div>\n    \n<div class=\"kksr-stars-active\" style=\"width: 0px;\">\n            <div class=\"kksr-star\" style=\"padding-right: 5px\">\n            \n\n<div class=\"kksr-icon\" style=\"width: 16px; height: 16px;\"><\/div>\n        <\/div>\n            <div class=\"kksr-star\" style=\"padding-right: 5px\">\n            \n\n<div class=\"kksr-icon\" style=\"width: 16px; height: 16px;\"><\/div>\n        <\/div>\n            <div class=\"kksr-star\" style=\"padding-right: 5px\">\n            \n\n<div class=\"kksr-icon\" style=\"width: 16px; height: 16px;\"><\/div>\n        <\/div>\n            <div class=\"kksr-star\" style=\"padding-right: 5px\">\n            \n\n<div class=\"kksr-icon\" style=\"width: 16px; height: 16px;\"><\/div>\n        <\/div>\n            <div class=\"kksr-star\" style=\"padding-right: 5px\">\n            \n\n<div class=\"kksr-icon\" style=\"width: 16px; height: 16px;\"><\/div>\n        <\/div>\n    <\/div>\n<\/div>\n                \n\n<div class=\"kksr-legend\" style=\"font-size: 12.8px;\">\n            <span class=\"kksr-muted\">Wystaw ocen\u0119<\/span>\n    <\/div>\n    <\/div>\n<h2>Neuropsychologia Sprzeda\u017cy Przez Telefon<\/h2>\n<h3>czyli Tw\u00f3j PODR\u0118CZNIK W MARKETINGU SIECIOWYM<\/h3>\n<p>Podr\u0119cznik sprzeda\u017cy telefonicznej wraz z histori\u0105 sukcesu polskiego lidera w marketingu sieciowym &#8211; Marceliny Kostrzyckiej.<\/p>\n<p>Masz dzi\u015b przed sob\u0105 niesamowity pakiet:<\/p>\n<ul>\n<li>ksi\u0105\u017cka z tipami rozmowy telefonicznej, kt\u00f3re s\u0105 niezb\u0119dne w marketingu sieciowym i rozmowie handlowej.<\/li>\n<li>kursu online &#8222;Neutralizacja obiekcji&#8221;, dzi\u0119ki kt\u00f3remu ju\u017c \u017cadna obiekcja nie b\u0119dzie stanowi\u0142a dla Ciebie problemu!<\/li>\n<\/ul>\n<p>&nbsp;<\/p>\n<h3>Co zyskujesz?<\/h3>\n<p><strong>1. Ksi\u0105\u017ck\u0119 &#8222;Neuropsychologia Sprzeda\u017cy przez telefon&#8221;<\/strong>, w kt\u00f3rej poznasz i dowiesz si\u0119:<br \/>\n&#8211; jaki jest\u00a0fundament rozmowy telefonicznej,<br \/>\n&#8211; jak unikn\u0105\u0107 zachowa\u0144 akwizycyjnych, a rozm\u00f3wca nie rzuci s\u0142uchawk\u0105,<br \/>\n&#8211; jak wygl\u0105da skrypt na rozmow\u0119 przez telefon, kt\u00f3ry pozwala podnie\u015b\u0107 skuteczno\u015b\u0107 sprzeda\u017cy przez telefon i\/lub umawiania spotka\u0144,<br \/>\n&#8211; jak bada\u0107 potrzeby potencjalnego klienta,<br \/>\n&#8211; czym s\u0105 obiekcje klienta,<br \/>\n&#8211; na czym polega metoda 4U.<\/p>\n<p>Ksi\u0105\u017cka zawiera r\u00f3wnie\u017c histori\u0119 niesamowitej kobiety, kt\u00f3ra odnios\u0142a sukces w marketingu sieciowym i dzieli si\u0119 swoimi wskaz\u00f3wkami &#8211; PETARDA!<\/p>\n<p><strong>2. Kurs Online &#8222;Neutralizacja Obiekcji&#8221;<\/strong>, z kt\u00f3rego otrzymasz i dowiesz si\u0119:<br \/>\n&#8211; czym s\u0105 obiekcje wst\u0119pne i kluczowe,<br \/>\n&#8211; dlaczego skandalem jest obalanie i zbijanie obiekcji,<br \/>\n&#8211; jak neutralizowa\u0107 obiekcje,<br \/>\n&#8211; jakie s\u0105 s\u0142owa mocy, pozwalaj\u0105ce na wprawienie klienta w efekt konfuzji,<br \/>\n&#8211; jakie s\u0105 metody radzenia sobie z obiekcjami,<br \/>\n&#8211; zeszyt \u0107wicze\u0144 i materia\u0142y do pobrania.<\/p>\n<p>W tym kursie poznasz najwa\u017cniejsze metody neutralizacji obiekcji klienta podczas rozmowy handlowej. Dowiesz si\u0119 r\u00f3wnie\u017c, czym s\u0105 obiekcje wst\u0119pne i w\u0142a\u015bciwe. Ponadto poznasz techniki zamykania sprzeda\u017cy, dzi\u0119ki kt\u00f3rym nie b\u0119dziesz odbierany przez klienta jako ten, kt\u00f3ry chce tylko co\u015b sprzeda\u0107, lecz jako doradca, kt\u00f3ry dba o dobro klienta.<\/p>\n<p>&nbsp;<\/p>\n<p><span style=\"font-weight: 400;\">\u201c<a href=\"https:\/\/mateuszmrozowski.pl\/sklep\/produkt\/sprzedaz-telefoniczna\/\">Sprzeda\u017c telefoniczna<\/a>\u201d to najnowsze dzie\u0142o, kt\u00f3re <strong>powsta\u0142o z gniewu skierowanego w ca\u0142e \u015brodowisko trenerskie,<\/strong> ucz\u0105ce sprzedawc\u00f3w <strong>wyj\u0105tkowo nieskutecznych metod<\/strong>, pozbawionych zagadnie\u0144 behawioralnych i sprawiaj\u0105cych, \u017ce sprzedawca telefoniczny sta\u0142 si\u0119 jednym z najbardziej znienawidzonych zawod\u00f3w \u015bwiata. <strong>Nie mog\u0142em si\u0119 na to zgodzi\u0107<\/strong>, dlatego napisa\u0142em ksi\u0105\u017ck\u0119, kt\u00f3ra zmienia perspektyw\u0119 dzwonienia. Ju\u017c tysi\u0105ce os\u00f3b w Polsce korzysta z tych wskaz\u00f3wek a ich wyniki poszybowa\u0142y pot\u0119\u017cnie w g\u00f3r\u0119. Tak, ta ksi\u0105\u017ck\u0105 jest <strong>wyrazem rebelii i mi\u0142o\u015bci do zawodu jakim jest sprzedawca.<\/strong><\/span><\/p>\n<p>&nbsp;<\/p>\n<p>*Kurs online dost\u0119pny jest od razu po zaksi\u0119gowaniu p\u0142atno\u015bci. Ksi\u0105\u017cka wysy\u0142ana jest na wybrany adres lub do wskazanego paczkomatu wci\u0105gu 24h \ud83d\ude42<\/p>\n<p>**Je\u015bli chcesz zrobi\u0107 prezent dla swojego zespo\u0142u i zam\u00f3wi\u0107 wi\u0119cej ksi\u0105\u017cek w pakiecie &#8211; skontaktuj si\u0119 z nami na szkolenia@mateuszmrozowski.pl\/sklep !<\/p>\n<p><strong>GWARANTUJEMY, \u017ce Twoje rozmowy przez telefon ju\u017c nigdy nie b\u0119d\u0105 takie same!<\/strong><\/p>\n<p><em><strong>UWAGA &#8211; ILO\u015a\u0106 SZTUK JEST OGRANICZONA!<\/strong><\/em><\/p>\n","protected":false},"excerpt":{"rendered":"<p><span style=\"font-weight: 400;\">\u201cSprzeda\u017c telefoniczna\u201d to najnowsze dzie\u0142o, <strong>powsta\u0142o z gniewu skierowanego w ca\u0142e \u015brodowisko trenerskie,<\/strong> ucz\u0105ce sprzedawc\u00f3w <strong>wyj\u0105tkowo nieskutecznych metod<\/strong>, pozbawionych zagadnie\u0144 behawioralnych i sprawiaj\u0105cych, \u017ce sprzedawca telefoniczny sta\u0142 si\u0119 jednym z najbardziej znienawidzonych zawod\u00f3w \u015bwiata.\u00a0<\/span><\/p>\n","protected":false},"featured_media":74521,"template":"","meta":{"_acf_changed":false,"content-type":""},"product_brand":[],"product_cat":[35,114],"product_tag":[],"class_list":{"0":"post-74520","1":"product","2":"type-product","3":"status-publish","4":"has-post-thumbnail","6":"product_cat-inne-ksiazki","7":"product_cat-wszystkie-produkty","9":"first","10":"outofstock","11":"sold-individually","12":"taxable","13":"shipping-taxable","14":"purchasable","15":"product-type-simple"},"acf":[],"yoast_head":"<!-- This site is optimized with the Yoast SEO plugin v27.1.1 - https:\/\/yoast.com\/product\/yoast-seo-wordpress\/ -->\n<title>Tw\u00f3j podr\u0119cznik w marketingu sieciowym - Mateusz Mrozowski<\/title>\n<meta name=\"description\" content=\"Ksi\u0105\u017cka z gotowymi tipami rozmowy telefonicznej, kt\u00f3re s\u0105 niezb\u0119dne w marketingu sieciowym i rozmowie handlowej. Zmienia perspektyw\u0119 dzwonienia !\" \/>\n<meta name=\"robots\" content=\"noindex, nofollow\" \/>\n<meta property=\"og:locale\" content=\"pl_PL\" \/>\n<meta property=\"og:type\" content=\"article\" \/>\n<meta property=\"og:title\" content=\"Tw\u00f3j podr\u0119cznik w marketingu sieciowym - Mateusz Mrozowski\" \/>\n<meta property=\"og:description\" content=\"Ksi\u0105\u017cka z gotowymi tipami rozmowy telefonicznej, kt\u00f3re s\u0105 niezb\u0119dne w marketingu sieciowym i rozmowie handlowej. Zmienia perspektyw\u0119 dzwonienia !\" \/>\n<meta property=\"og:url\" content=\"https:\/\/mateuszmrozowski.pl\/sklep\/produkt\/twoj-podrecznik-w-marketingu-sieciowym\/\" \/>\n<meta property=\"og:site_name\" content=\"Mateusz Mrozowski Trener Biznesu\" \/>\n<meta property=\"article:publisher\" content=\"https:\/\/www.facebook.com\/mateuszmrozowskisiewca\" \/>\n<meta property=\"article:modified_time\" content=\"2025-08-01T11:37:44+00:00\" \/>\n<meta property=\"og:image\" content=\"https:\/\/mateuszmrozowski.pl\/sklep\/wp-content\/uploads\/2022\/08\/dazzle.png\" \/>\n\t<meta property=\"og:image:width\" content=\"500\" \/>\n\t<meta property=\"og:image:height\" content=\"500\" \/>\n\t<meta property=\"og:image:type\" content=\"image\/png\" \/>\n<meta name=\"twitter:card\" content=\"summary_large_image\" \/>\n<meta name=\"twitter:label1\" content=\"Szacowany czas czytania\" \/>\n\t<meta name=\"twitter:data1\" content=\"3 minuty\" \/>\n<script type=\"application\/ld+json\" class=\"yoast-schema-graph\">{\"@context\":\"https:\/\/schema.org\",\"@graph\":[{\"@type\":\"WebPage\",\"@id\":\"https:\/\/mateuszmrozowski.pl\/sklep\/produkt\/twoj-podrecznik-w-marketingu-sieciowym\/\",\"url\":\"https:\/\/mateuszmrozowski.pl\/sklep\/produkt\/twoj-podrecznik-w-marketingu-sieciowym\/\",\"name\":\"Tw\u00f3j podr\u0119cznik w marketingu sieciowym - Mateusz Mrozowski\",\"isPartOf\":{\"@id\":\"https:\/\/mateuszmrozowski.pl\/sklep\/#website\"},\"primaryImageOfPage\":{\"@id\":\"https:\/\/mateuszmrozowski.pl\/sklep\/produkt\/twoj-podrecznik-w-marketingu-sieciowym\/#primaryimage\"},\"image\":{\"@id\":\"https:\/\/mateuszmrozowski.pl\/sklep\/produkt\/twoj-podrecznik-w-marketingu-sieciowym\/#primaryimage\"},\"thumbnailUrl\":\"https:\/\/mateuszmrozowski.pl\/sklep\/wp-content\/uploads\/2022\/08\/dazzle.png\",\"datePublished\":\"2022-08-31T19:40:10+00:00\",\"dateModified\":\"2025-08-01T11:37:44+00:00\",\"description\":\"Ksi\u0105\u017cka z gotowymi tipami rozmowy telefonicznej, kt\u00f3re s\u0105 niezb\u0119dne w marketingu sieciowym i rozmowie handlowej. Zmienia perspektyw\u0119 dzwonienia !\",\"breadcrumb\":{\"@id\":\"https:\/\/mateuszmrozowski.pl\/sklep\/produkt\/twoj-podrecznik-w-marketingu-sieciowym\/#breadcrumb\"},\"inLanguage\":\"pl-PL\",\"potentialAction\":[{\"@type\":\"ReadAction\",\"target\":[\"https:\/\/mateuszmrozowski.pl\/sklep\/produkt\/twoj-podrecznik-w-marketingu-sieciowym\/\"]}]},{\"@type\":\"ImageObject\",\"inLanguage\":\"pl-PL\",\"@id\":\"https:\/\/mateuszmrozowski.pl\/sklep\/produkt\/twoj-podrecznik-w-marketingu-sieciowym\/#primaryimage\",\"url\":\"https:\/\/mateuszmrozowski.pl\/sklep\/wp-content\/uploads\/2022\/08\/dazzle.png\",\"contentUrl\":\"https:\/\/mateuszmrozowski.pl\/sklep\/wp-content\/uploads\/2022\/08\/dazzle.png\",\"width\":500,\"height\":500,\"caption\":\"ksi\u0105\u017cka \\\"Personal Branding & Public Speaking\\\"\"},{\"@type\":\"BreadcrumbList\",\"@id\":\"https:\/\/mateuszmrozowski.pl\/sklep\/produkt\/twoj-podrecznik-w-marketingu-sieciowym\/#breadcrumb\",\"itemListElement\":[{\"@type\":\"ListItem\",\"position\":1,\"name\":\"Strona g\u0142\u00f3wna\",\"item\":\"https:\/\/mateuszmrozowski.pl\/sklep\/\"},{\"@type\":\"ListItem\",\"position\":2,\"name\":\"Szkolenia biznesowe i kursy sprzeda\u017cowe\",\"item\":\"https:\/\/mateuszmrozowski.pl\/sklep\/\"},{\"@type\":\"ListItem\",\"position\":3,\"name\":\"Inne ksi\u0105\u017cki\",\"item\":\"https:\/\/mateuszmrozowski.pl\/sklep\/kategoria-produktu\/inne-ksiazki\/\"},{\"@type\":\"ListItem\",\"position\":4,\"name\":\"Tw\u00f3j podr\u0119cznik w marketingu sieciowym\"}]},{\"@type\":\"WebSite\",\"@id\":\"https:\/\/mateuszmrozowski.pl\/sklep\/#website\",\"url\":\"https:\/\/mateuszmrozowski.pl\/sklep\/\",\"name\":\"Mateusz Mrozowski Trener biznesu\",\"description\":\"Walcz\u0119 o wynik dla firm z kt\u00f3rymi wsp\u00f3\u0142pracuj\u0119.\",\"publisher\":{\"@id\":\"https:\/\/mateuszmrozowski.pl\/sklep\/#organization\"},\"alternateName\":\"Mateusz Mrozowski\",\"potentialAction\":[{\"@type\":\"SearchAction\",\"target\":{\"@type\":\"EntryPoint\",\"urlTemplate\":\"https:\/\/mateuszmrozowski.pl\/sklep\/?s={search_term_string}\"},\"query-input\":{\"@type\":\"PropertyValueSpecification\",\"valueRequired\":true,\"valueName\":\"search_term_string\"}}],\"inLanguage\":\"pl-PL\"},{\"@type\":\"Organization\",\"@id\":\"https:\/\/mateuszmrozowski.pl\/sklep\/#organization\",\"name\":\"Mateusz Mrozowski Trener biznesu\",\"alternateName\":\"Mateusz Mrozowski\",\"url\":\"https:\/\/mateuszmrozowski.pl\/sklep\/\",\"logo\":{\"@type\":\"ImageObject\",\"inLanguage\":\"pl-PL\",\"@id\":\"https:\/\/mateuszmrozowski.pl\/sklep\/#\/schema\/logo\/image\/\",\"url\":\"https:\/\/mateuszmrozowski.pl\/sklep\/wp-content\/uploads\/2025\/03\/cropped-mateusz_mrozowski_logo.png\",\"contentUrl\":\"https:\/\/mateuszmrozowski.pl\/sklep\/wp-content\/uploads\/2025\/03\/cropped-mateusz_mrozowski_logo.png\",\"width\":236,\"height\":59,\"caption\":\"Mateusz Mrozowski Trener biznesu\"},\"image\":{\"@id\":\"https:\/\/mateuszmrozowski.pl\/sklep\/#\/schema\/logo\/image\/\"},\"sameAs\":[\"https:\/\/www.facebook.com\/mateuszmrozowskisiewca\",\"https:\/\/www.youtube.com\/channel\/UCI6FhECZ4GdL1TYU5oh5JDg\",\"https:\/\/www.instagram.com\/mrozowski.siewca\/\",\"https:\/\/www.linkedin.com\/in\/mateuszmrozowski\/\",\"https:\/\/maps.app.goo.gl\/Ee8wtgr6gx2CjEM68\",\"https:\/\/www.tiktok.com\/@mateuszmrozowskisiewca\"]}]}<\/script>\n<!-- \/ Yoast SEO plugin. -->","yoast_head_json":{"title":"Tw\u00f3j podr\u0119cznik w marketingu sieciowym - Mateusz Mrozowski","description":"Ksi\u0105\u017cka z gotowymi tipami rozmowy telefonicznej, kt\u00f3re s\u0105 niezb\u0119dne w marketingu sieciowym i rozmowie handlowej. Zmienia perspektyw\u0119 dzwonienia !","robots":{"index":"noindex","follow":"nofollow"},"og_locale":"pl_PL","og_type":"article","og_title":"Tw\u00f3j podr\u0119cznik w marketingu sieciowym - Mateusz Mrozowski","og_description":"Ksi\u0105\u017cka z gotowymi tipami rozmowy telefonicznej, kt\u00f3re s\u0105 niezb\u0119dne w marketingu sieciowym i rozmowie handlowej. Zmienia perspektyw\u0119 dzwonienia !","og_url":"https:\/\/mateuszmrozowski.pl\/sklep\/produkt\/twoj-podrecznik-w-marketingu-sieciowym\/","og_site_name":"Mateusz Mrozowski Trener Biznesu","article_publisher":"https:\/\/www.facebook.com\/mateuszmrozowskisiewca","article_modified_time":"2025-08-01T11:37:44+00:00","og_image":[{"width":500,"height":500,"url":"https:\/\/mateuszmrozowski.pl\/sklep\/wp-content\/uploads\/2022\/08\/dazzle.png","type":"image\/png"}],"twitter_card":"summary_large_image","twitter_misc":{"Szacowany czas czytania":"3 minuty"},"schema":{"@context":"https:\/\/schema.org","@graph":[{"@type":"WebPage","@id":"https:\/\/mateuszmrozowski.pl\/sklep\/produkt\/twoj-podrecznik-w-marketingu-sieciowym\/","url":"https:\/\/mateuszmrozowski.pl\/sklep\/produkt\/twoj-podrecznik-w-marketingu-sieciowym\/","name":"Tw\u00f3j podr\u0119cznik w marketingu sieciowym - Mateusz Mrozowski","isPartOf":{"@id":"https:\/\/mateuszmrozowski.pl\/sklep\/#website"},"primaryImageOfPage":{"@id":"https:\/\/mateuszmrozowski.pl\/sklep\/produkt\/twoj-podrecznik-w-marketingu-sieciowym\/#primaryimage"},"image":{"@id":"https:\/\/mateuszmrozowski.pl\/sklep\/produkt\/twoj-podrecznik-w-marketingu-sieciowym\/#primaryimage"},"thumbnailUrl":"https:\/\/mateuszmrozowski.pl\/sklep\/wp-content\/uploads\/2022\/08\/dazzle.png","datePublished":"2022-08-31T19:40:10+00:00","dateModified":"2025-08-01T11:37:44+00:00","description":"Ksi\u0105\u017cka z gotowymi tipami rozmowy telefonicznej, kt\u00f3re s\u0105 niezb\u0119dne w marketingu sieciowym i rozmowie handlowej. Zmienia perspektyw\u0119 dzwonienia !","breadcrumb":{"@id":"https:\/\/mateuszmrozowski.pl\/sklep\/produkt\/twoj-podrecznik-w-marketingu-sieciowym\/#breadcrumb"},"inLanguage":"pl-PL","potentialAction":[{"@type":"ReadAction","target":["https:\/\/mateuszmrozowski.pl\/sklep\/produkt\/twoj-podrecznik-w-marketingu-sieciowym\/"]}]},{"@type":"ImageObject","inLanguage":"pl-PL","@id":"https:\/\/mateuszmrozowski.pl\/sklep\/produkt\/twoj-podrecznik-w-marketingu-sieciowym\/#primaryimage","url":"https:\/\/mateuszmrozowski.pl\/sklep\/wp-content\/uploads\/2022\/08\/dazzle.png","contentUrl":"https:\/\/mateuszmrozowski.pl\/sklep\/wp-content\/uploads\/2022\/08\/dazzle.png","width":500,"height":500,"caption":"ksi\u0105\u017cka \"Personal Branding & Public Speaking\""},{"@type":"BreadcrumbList","@id":"https:\/\/mateuszmrozowski.pl\/sklep\/produkt\/twoj-podrecznik-w-marketingu-sieciowym\/#breadcrumb","itemListElement":[{"@type":"ListItem","position":1,"name":"Strona g\u0142\u00f3wna","item":"https:\/\/mateuszmrozowski.pl\/sklep\/"},{"@type":"ListItem","position":2,"name":"Szkolenia biznesowe i kursy sprzeda\u017cowe","item":"https:\/\/mateuszmrozowski.pl\/sklep\/"},{"@type":"ListItem","position":3,"name":"Inne ksi\u0105\u017cki","item":"https:\/\/mateuszmrozowski.pl\/sklep\/kategoria-produktu\/inne-ksiazki\/"},{"@type":"ListItem","position":4,"name":"Tw\u00f3j podr\u0119cznik w marketingu sieciowym"}]},{"@type":"WebSite","@id":"https:\/\/mateuszmrozowski.pl\/sklep\/#website","url":"https:\/\/mateuszmrozowski.pl\/sklep\/","name":"Mateusz Mrozowski Trener biznesu","description":"Walcz\u0119 o wynik dla firm z kt\u00f3rymi wsp\u00f3\u0142pracuj\u0119.","publisher":{"@id":"https:\/\/mateuszmrozowski.pl\/sklep\/#organization"},"alternateName":"Mateusz Mrozowski","potentialAction":[{"@type":"SearchAction","target":{"@type":"EntryPoint","urlTemplate":"https:\/\/mateuszmrozowski.pl\/sklep\/?s={search_term_string}"},"query-input":{"@type":"PropertyValueSpecification","valueRequired":true,"valueName":"search_term_string"}}],"inLanguage":"pl-PL"},{"@type":"Organization","@id":"https:\/\/mateuszmrozowski.pl\/sklep\/#organization","name":"Mateusz Mrozowski Trener biznesu","alternateName":"Mateusz Mrozowski","url":"https:\/\/mateuszmrozowski.pl\/sklep\/","logo":{"@type":"ImageObject","inLanguage":"pl-PL","@id":"https:\/\/mateuszmrozowski.pl\/sklep\/#\/schema\/logo\/image\/","url":"https:\/\/mateuszmrozowski.pl\/sklep\/wp-content\/uploads\/2025\/03\/cropped-mateusz_mrozowski_logo.png","contentUrl":"https:\/\/mateuszmrozowski.pl\/sklep\/wp-content\/uploads\/2025\/03\/cropped-mateusz_mrozowski_logo.png","width":236,"height":59,"caption":"Mateusz Mrozowski Trener biznesu"},"image":{"@id":"https:\/\/mateuszmrozowski.pl\/sklep\/#\/schema\/logo\/image\/"},"sameAs":["https:\/\/www.facebook.com\/mateuszmrozowskisiewca","https:\/\/www.youtube.com\/channel\/UCI6FhECZ4GdL1TYU5oh5JDg","https:\/\/www.instagram.com\/mrozowski.siewca\/","https:\/\/www.linkedin.com\/in\/mateuszmrozowski\/","https:\/\/maps.app.goo.gl\/Ee8wtgr6gx2CjEM68","https:\/\/www.tiktok.com\/@mateuszmrozowskisiewca"]}]}},"_links":{"self":[{"href":"https:\/\/mateuszmrozowski.pl\/sklep\/wp-json\/wp\/v2\/product\/74520","targetHints":{"allow":["GET"]}}],"collection":[{"href":"https:\/\/mateuszmrozowski.pl\/sklep\/wp-json\/wp\/v2\/product"}],"about":[{"href":"https:\/\/mateuszmrozowski.pl\/sklep\/wp-json\/wp\/v2\/types\/product"}],"wp:featuredmedia":[{"embeddable":true,"href":"https:\/\/mateuszmrozowski.pl\/sklep\/wp-json\/wp\/v2\/media\/74521"}],"wp:attachment":[{"href":"https:\/\/mateuszmrozowski.pl\/sklep\/wp-json\/wp\/v2\/media?parent=74520"}],"wp:term":[{"taxonomy":"product_brand","embeddable":true,"href":"https:\/\/mateuszmrozowski.pl\/sklep\/wp-json\/wp\/v2\/product_brand?post=74520"},{"taxonomy":"product_cat","embeddable":true,"href":"https:\/\/mateuszmrozowski.pl\/sklep\/wp-json\/wp\/v2\/product_cat?post=74520"},{"taxonomy":"product_tag","embeddable":true,"href":"https:\/\/mateuszmrozowski.pl\/sklep\/wp-json\/wp\/v2\/product_tag?post=74520"}],"curies":[{"name":"wp","href":"https:\/\/api.w.org\/{rel}","templated":true}]}}