{"id":70244,"date":"2022-08-23T18:35:24","date_gmt":"2022-08-23T18:35:24","guid":{"rendered":"https:\/\/mateuszmrozowski.pl\/sklep\/?post_type=product&#038;p=70244"},"modified":"2025-08-01T19:36:41","modified_gmt":"2025-08-01T19:36:41","slug":"pakiet-promocyjny-rewolucja-sprzedazy-prolog-zrozumiec-motywacje-bilet-na-konferencje-gratis","status":"publish","type":"product","link":"https:\/\/mateuszmrozowski.pl\/sklep\/produkt\/pakiet-promocyjny-rewolucja-sprzedazy-prolog-zrozumiec-motywacje-bilet-na-konferencje-gratis\/","title":{"rendered":"Pakiet promocyjny &#8211; Rewolucja Sprzeda\u017cy Prolog + Zrozumie\u0107 Motywacj\u0119 + bilet na konferencj\u0119!"},"content":{"rendered":"\n\n<div class=\"kk-star-ratings kksr-auto kksr-align-left kksr-valign-top kksr-disabled\"\n    data-payload='{&quot;align&quot;:&quot;left&quot;,&quot;id&quot;:&quot;70244&quot;,&quot;readonly&quot;:&quot;1&quot;,&quot;slug&quot;:&quot;default&quot;,&quot;valign&quot;:&quot;top&quot;,&quot;ignore&quot;:&quot;&quot;,&quot;reference&quot;:&quot;auto&quot;,&quot;class&quot;:&quot;&quot;,&quot;count&quot;:&quot;0&quot;,&quot;legendonly&quot;:&quot;&quot;,&quot;score&quot;:&quot;0&quot;,&quot;starsonly&quot;:&quot;&quot;,&quot;best&quot;:&quot;5&quot;,&quot;gap&quot;:&quot;5&quot;,&quot;greet&quot;:&quot;Wystaw ocen\u0119&quot;,&quot;legend&quot;:&quot;0\\\/5 - (0 ocen)&quot;,&quot;size&quot;:&quot;16&quot;,&quot;title&quot;:&quot;Pakiet promocyjny - Rewolucja Sprzeda\u017cy Prolog + Zrozumie\u0107 Motywacj\u0119 + bilet na konferencj\u0119!&quot;,&quot;width&quot;:&quot;0&quot;,&quot;_legend&quot;:&quot;{score}\\\/{best} - ({count} ocen)&quot;,&quot;font_factor&quot;:&quot;1.25&quot;}'>\n            \n<div class=\"kksr-stars\">\n    \n<div class=\"kksr-stars-inactive\">\n            <div class=\"kksr-star\" data-star=\"1\" style=\"padding-right: 5px\">\n            \n\n<div class=\"kksr-icon\" style=\"width: 16px; height: 16px;\"><\/div>\n        <\/div>\n            <div class=\"kksr-star\" data-star=\"2\" style=\"padding-right: 5px\">\n            \n\n<div class=\"kksr-icon\" style=\"width: 16px; height: 16px;\"><\/div>\n        <\/div>\n            <div class=\"kksr-star\" data-star=\"3\" style=\"padding-right: 5px\">\n            \n\n<div class=\"kksr-icon\" style=\"width: 16px; height: 16px;\"><\/div>\n        <\/div>\n            <div class=\"kksr-star\" data-star=\"4\" style=\"padding-right: 5px\">\n            \n\n<div class=\"kksr-icon\" style=\"width: 16px; height: 16px;\"><\/div>\n        <\/div>\n            <div class=\"kksr-star\" data-star=\"5\" style=\"padding-right: 5px\">\n            \n\n<div class=\"kksr-icon\" style=\"width: 16px; height: 16px;\"><\/div>\n        <\/div>\n    <\/div>\n    \n<div class=\"kksr-stars-active\" style=\"width: 0px;\">\n            <div class=\"kksr-star\" style=\"padding-right: 5px\">\n            \n\n<div class=\"kksr-icon\" style=\"width: 16px; height: 16px;\"><\/div>\n        <\/div>\n            <div class=\"kksr-star\" style=\"padding-right: 5px\">\n            \n\n<div class=\"kksr-icon\" style=\"width: 16px; height: 16px;\"><\/div>\n        <\/div>\n            <div class=\"kksr-star\" style=\"padding-right: 5px\">\n            \n\n<div class=\"kksr-icon\" style=\"width: 16px; height: 16px;\"><\/div>\n        <\/div>\n            <div class=\"kksr-star\" style=\"padding-right: 5px\">\n            \n\n<div class=\"kksr-icon\" style=\"width: 16px; height: 16px;\"><\/div>\n        <\/div>\n            <div class=\"kksr-star\" style=\"padding-right: 5px\">\n            \n\n<div class=\"kksr-icon\" style=\"width: 16px; height: 16px;\"><\/div>\n        <\/div>\n    <\/div>\n<\/div>\n                \n\n<div class=\"kksr-legend\" style=\"font-size: 12.8px;\">\n            <span class=\"kksr-muted\">Wystaw ocen\u0119<\/span>\n    <\/div>\n    <\/div>\n<h1>Rewolucja Sprzeda\u017cy \u2013 Prolog<\/h1>\n<p>Wst\u0119p do szkolenia zaawansowanego. W kontek\u015bcie biznesowym i dbania o klienta, sprzeda\u017c bezpo\u015brednia face-2-face zawsze b\u0119dzie mia\u0142a istotne znaczenie. Metoda Sprzeda\u017cy prowokatywnej S.L., czyli system stworzony przez \u201ewilka z wallstreet\u201d, udoskonalony i przetworzony na warunki polskie z uwzgl\u0119dnieniem proces\u00f3w behawioralnych w podejmowaniu decyzji przez klient\u00f3w jest obecnie najbardziej po\u017c\u0105danym narz\u0119dziem w kontakcie z klientem biznesowym. Szkolenie Rewolucja Sprzeda\u017cy to istny fenomen w sprzeda\u017cy. Najwa\u017cniejsze i najnowsze techniki najlepszych sprzedawc\u00f3w \u015bwiata w jednym miejscu!<\/p>\n<p><strong>Kurs sk\u0142ada si\u0119 z 3 modu\u0142\u00f3w:<\/strong><\/p>\n<p>Modu\u0142 1: Sprzeda\u017c telefoniczna<\/p>\n<p>Modu\u0142 2: Sprzeda\u017c bezpo\u015brednia<\/p>\n<p>Modu\u0142 3: Sprzeda\u017c Scena<\/p>\n<h1>Nagranie szkolenia: <em>Zrozumie\u0107 Motywacj\u0119<\/em><\/h1>\n<p>Aby inspirowa\u0107 cz\u0142onk\u00f3w swojego zespo\u0142u do osi\u0105gania i przekraczania ponadprzeci\u0119tnych rezultat\u00f3w sprzeda\u017cowych nale\u017cy pozna\u0107 ich wewn\u0119trzne motywatory, pragnienia, okre\u015bli\u0107 granice odpowiedzialno\u015bci grupowej i indywidualnej. Umiej\u0119tne wykorzystanie wiedzy z zakresu pozap\u0142acowych czynnik\u00f3w motywuj\u0105cych ludzi daje wi\u0119ksz\u0105 mo\u017cliwo\u015b\u0107 prowadzi\u0107 i przewodzi\u0107 w swoich zespo\u0142ach handlowych. Trenowa\u0107, mentorowa\u0107, ale przede wszystkim coachowa\u0107, co prowadzi do \u201erozci\u0105gni\u0119cia\u201d postaw, umiej\u0119tno\u015bci i wiedzy. Zesp\u00f3\u0142 ponadprzeci\u0119tny to zesp\u00f3\u0142 pewny siebie. Wed\u0142ug Krugera (nagroda Ig Nobla) pewno\u015b\u0107 siebie wyra\u017c\u0105 si\u0119 w do\u015bwiadczeniu, a do\u015bwiadczenie to poznanie, trening i wykorzystanie narz\u0119dzi, strategii i technik w realnym \u015brodowisku ( na realnych przyk\u0142adach). Takie w\u0142a\u015bnie b\u0119dzie to szkolenie.<\/p>\n<p>Poruszone zostan\u0105 takie zagadnienia jak:<\/p>\n<ul>\n<li>Motywacja Reissa, czyli jak Jurgen Klopp motywuje sw\u00f3j zesp\u00f3\u0142?<\/li>\n<li>3 stany motywacji<\/li>\n<li>Modele auto-motywacji<\/li>\n<li>Motywacja wewn\u0119trzna i zewn\u0119trzna, a pompa motywacyjna<\/li>\n<li>Rola stresu w motywacji<\/li>\n<li>Jak si\u0119 zmotywowa\u0107 w d\u0105\u017ceniu do wyznaczonych cel\u00f3w<\/li>\n<li>Jak poradzi\u0107 sobie ze spadkiem motywacji<\/li>\n<\/ul>\n<h1>&#8222;Rebel Your Business&#8221; Conference<\/h1>\n<p>Ju\u017c wkr\u00f3tce odb\u0119dzie si\u0119 konferencja, na kt\u00f3rej nie mo\u017ce Ci\u0119 zabrakn\u0105\u0107!<br \/>\nNadszed\u0142 czas, aby\u015b zbuntowa\u0142 si\u0119, powiedzia\u0142 &#8222;do\u015b\u0107&#8221; i ruszy\u0142 z zupe\u0142nie now\u0105 wiedz\u0105!<\/p>\n<p><strong>22.10.2022 spotkamy si\u0119 w Starachowicach<\/strong> na tym niesamowitym wydarzeniu!<br \/>\nJe\u015bli tam b\u0119dziesz, to gwarantujemy, \u017ce wyjdziesz wkurzony i zbuntowany z pytaniem &#8222;Dlaczego wcze\u015bniej nikt mi o tym nie powiedzia\u0142?&#8221;.<\/p>\n<p>Przez 6h b\u0119dziemy m\u00f3wi\u0107 o tym, co jest <strong>Sexy w Biznesie, czyli o Sprzeda\u017cy, Przyw\u00f3dztwie i Automatyzacji.<\/strong><\/p>\n<p>Zbuntuj si\u0119! Nie pozw\u00f3l, aby konkurencja zdoby\u0142a t\u0119 wiedz\u0119 przed Tob\u0105. Czas, by\u015b zacz\u0105\u0142 skalowa\u0107 sw\u00f3j biznes, je\u015bli jeszcze tego nie zrobi\u0142e\u015b.<\/p>\n<p>Mamy tylko <strong>180 miejsc!!!<\/strong><\/p>\n","protected":false},"excerpt":{"rendered":"<p>Rewolucja Sprzeda\u017cy \u2013 Prolog Wst\u0119p do szkolenia zaawansowanego. W kontek\u015bcie biznesowym i dbania o klienta, sprzeda\u017c bezpo\u015brednia face-2-face zawsze b\u0119dzie mia\u0142a istotne znaczenie. Metoda Sprzeda\u017cy prowokatywnej S.L., czyli system stworzony przez \u201ewilka z wallstreet\u201d, udoskonalony i przetworzony na warunki polskie z uwzgl\u0119dnieniem proces\u00f3w behawioralnych w podejmowaniu decyzji przez klient\u00f3w jest obecnie najbardziej po\u017c\u0105danym narz\u0119dziem w [&hellip;]<\/p>\n","protected":false},"featured_media":70697,"template":"","meta":{"_acf_changed":false,"content-type":""},"product_brand":[],"product_cat":[28,31,114],"product_tag":[],"class_list":{"0":"post-70244","1":"product","2":"type-product","3":"status-publish","4":"has-post-thumbnail","6":"product_cat-kursy-online","7":"product_cat-promocje","8":"product_cat-wszystkie-produkty","10":"first","11":"outofstock","12":"virtual","13":"taxable","14":"purchasable","15":"product-type-simple"},"acf":[],"yoast_head":"<!-- This site is optimized with the Yoast SEO plugin v27.1.1 - https:\/\/yoast.com\/product\/yoast-seo-wordpress\/ -->\n<title>Pakiet promocyjny - Rewolucja Sprzeda\u017cy Prolog + Zrozumie\u0107 Motywacj\u0119 + bilet na konferencj\u0119! - Mateusz Mrozowski Trener Biznesu<\/title>\n<meta name=\"robots\" content=\"noindex, nofollow\" \/>\n<meta property=\"og:locale\" content=\"pl_PL\" \/>\n<meta property=\"og:type\" content=\"article\" \/>\n<meta property=\"og:title\" content=\"Pakiet promocyjny - Rewolucja Sprzeda\u017cy Prolog + Zrozumie\u0107 Motywacj\u0119 + bilet na konferencj\u0119! - Mateusz Mrozowski Trener Biznesu\" \/>\n<meta property=\"og:description\" content=\"Rewolucja Sprzeda\u017cy \u2013 Prolog Wst\u0119p do szkolenia zaawansowanego. W kontek\u015bcie biznesowym i dbania o klienta, sprzeda\u017c bezpo\u015brednia face-2-face zawsze b\u0119dzie mia\u0142a istotne znaczenie. Metoda Sprzeda\u017cy prowokatywnej S.L., czyli system stworzony przez \u201ewilka z wallstreet\u201d, udoskonalony i przetworzony na warunki polskie z uwzgl\u0119dnieniem proces\u00f3w behawioralnych w podejmowaniu decyzji przez klient\u00f3w jest obecnie najbardziej po\u017c\u0105danym narz\u0119dziem w [&hellip;]\" \/>\n<meta property=\"og:url\" content=\"https:\/\/mateuszmrozowski.pl\/sklep\/produkt\/pakiet-promocyjny-rewolucja-sprzedazy-prolog-zrozumiec-motywacje-bilet-na-konferencje-gratis\/\" \/>\n<meta property=\"og:site_name\" content=\"Mateusz Mrozowski Trener Biznesu\" \/>\n<meta property=\"article:publisher\" content=\"https:\/\/www.facebook.com\/mateuszmrozowskisiewca\" \/>\n<meta property=\"article:modified_time\" content=\"2025-08-01T19:36:41+00:00\" \/>\n<meta property=\"og:image\" content=\"https:\/\/mateuszmrozowski.pl\/sklep\/wp-content\/uploads\/2022\/08\/NBZGNBG.png\" \/>\n\t<meta property=\"og:image:width\" content=\"788\" \/>\n\t<meta property=\"og:image:height\" content=\"788\" \/>\n\t<meta property=\"og:image:type\" content=\"image\/png\" \/>\n<meta name=\"twitter:card\" content=\"summary_large_image\" \/>\n<meta name=\"twitter:label1\" content=\"Szacowany czas czytania\" \/>\n\t<meta name=\"twitter:data1\" content=\"3 minuty\" \/>\n<script type=\"application\/ld+json\" class=\"yoast-schema-graph\">{\"@context\":\"https:\/\/schema.org\",\"@graph\":[{\"@type\":\"WebPage\",\"@id\":\"https:\/\/mateuszmrozowski.pl\/sklep\/produkt\/pakiet-promocyjny-rewolucja-sprzedazy-prolog-zrozumiec-motywacje-bilet-na-konferencje-gratis\/\",\"url\":\"https:\/\/mateuszmrozowski.pl\/sklep\/produkt\/pakiet-promocyjny-rewolucja-sprzedazy-prolog-zrozumiec-motywacje-bilet-na-konferencje-gratis\/\",\"name\":\"Pakiet promocyjny - Rewolucja Sprzeda\u017cy Prolog + Zrozumie\u0107 Motywacj\u0119 + bilet na konferencj\u0119! - Mateusz Mrozowski Trener Biznesu\",\"isPartOf\":{\"@id\":\"https:\/\/mateuszmrozowski.pl\/sklep\/#website\"},\"primaryImageOfPage\":{\"@id\":\"https:\/\/mateuszmrozowski.pl\/sklep\/produkt\/pakiet-promocyjny-rewolucja-sprzedazy-prolog-zrozumiec-motywacje-bilet-na-konferencje-gratis\/#primaryimage\"},\"image\":{\"@id\":\"https:\/\/mateuszmrozowski.pl\/sklep\/produkt\/pakiet-promocyjny-rewolucja-sprzedazy-prolog-zrozumiec-motywacje-bilet-na-konferencje-gratis\/#primaryimage\"},\"thumbnailUrl\":\"https:\/\/mateuszmrozowski.pl\/sklep\/wp-content\/uploads\/2022\/08\/NBZGNBG.png\",\"datePublished\":\"2022-08-23T18:35:24+00:00\",\"dateModified\":\"2025-08-01T19:36:41+00:00\",\"breadcrumb\":{\"@id\":\"https:\/\/mateuszmrozowski.pl\/sklep\/produkt\/pakiet-promocyjny-rewolucja-sprzedazy-prolog-zrozumiec-motywacje-bilet-na-konferencje-gratis\/#breadcrumb\"},\"inLanguage\":\"pl-PL\",\"potentialAction\":[{\"@type\":\"ReadAction\",\"target\":[\"https:\/\/mateuszmrozowski.pl\/sklep\/produkt\/pakiet-promocyjny-rewolucja-sprzedazy-prolog-zrozumiec-motywacje-bilet-na-konferencje-gratis\/\"]}]},{\"@type\":\"ImageObject\",\"inLanguage\":\"pl-PL\",\"@id\":\"https:\/\/mateuszmrozowski.pl\/sklep\/produkt\/pakiet-promocyjny-rewolucja-sprzedazy-prolog-zrozumiec-motywacje-bilet-na-konferencje-gratis\/#primaryimage\",\"url\":\"https:\/\/mateuszmrozowski.pl\/sklep\/wp-content\/uploads\/2022\/08\/NBZGNBG.png\",\"contentUrl\":\"https:\/\/mateuszmrozowski.pl\/sklep\/wp-content\/uploads\/2022\/08\/NBZGNBG.png\",\"width\":788,\"height\":788},{\"@type\":\"BreadcrumbList\",\"@id\":\"https:\/\/mateuszmrozowski.pl\/sklep\/produkt\/pakiet-promocyjny-rewolucja-sprzedazy-prolog-zrozumiec-motywacje-bilet-na-konferencje-gratis\/#breadcrumb\",\"itemListElement\":[{\"@type\":\"ListItem\",\"position\":1,\"name\":\"Strona g\u0142\u00f3wna\",\"item\":\"https:\/\/mateuszmrozowski.pl\/sklep\/\"},{\"@type\":\"ListItem\",\"position\":2,\"name\":\"Szkolenia biznesowe i kursy sprzeda\u017cowe\",\"item\":\"https:\/\/mateuszmrozowski.pl\/sklep\/\"},{\"@type\":\"ListItem\",\"position\":3,\"name\":\"Kursy online\",\"item\":\"https:\/\/mateuszmrozowski.pl\/sklep\/kategoria-produktu\/kursy-online\/\"},{\"@type\":\"ListItem\",\"position\":4,\"name\":\"Pakiet promocyjny &#8211; Rewolucja Sprzeda\u017cy Prolog + Zrozumie\u0107 Motywacj\u0119 + bilet na konferencj\u0119!\"}]},{\"@type\":\"WebSite\",\"@id\":\"https:\/\/mateuszmrozowski.pl\/sklep\/#website\",\"url\":\"https:\/\/mateuszmrozowski.pl\/sklep\/\",\"name\":\"Mateusz Mrozowski Trener biznesu\",\"description\":\"Walcz\u0119 o wynik dla firm z kt\u00f3rymi wsp\u00f3\u0142pracuj\u0119.\",\"publisher\":{\"@id\":\"https:\/\/mateuszmrozowski.pl\/sklep\/#organization\"},\"alternateName\":\"Mateusz Mrozowski\",\"potentialAction\":[{\"@type\":\"SearchAction\",\"target\":{\"@type\":\"EntryPoint\",\"urlTemplate\":\"https:\/\/mateuszmrozowski.pl\/sklep\/?s={search_term_string}\"},\"query-input\":{\"@type\":\"PropertyValueSpecification\",\"valueRequired\":true,\"valueName\":\"search_term_string\"}}],\"inLanguage\":\"pl-PL\"},{\"@type\":\"Organization\",\"@id\":\"https:\/\/mateuszmrozowski.pl\/sklep\/#organization\",\"name\":\"Mateusz Mrozowski Trener biznesu\",\"alternateName\":\"Mateusz Mrozowski\",\"url\":\"https:\/\/mateuszmrozowski.pl\/sklep\/\",\"logo\":{\"@type\":\"ImageObject\",\"inLanguage\":\"pl-PL\",\"@id\":\"https:\/\/mateuszmrozowski.pl\/sklep\/#\/schema\/logo\/image\/\",\"url\":\"https:\/\/mateuszmrozowski.pl\/sklep\/wp-content\/uploads\/2025\/03\/cropped-mateusz_mrozowski_logo.png\",\"contentUrl\":\"https:\/\/mateuszmrozowski.pl\/sklep\/wp-content\/uploads\/2025\/03\/cropped-mateusz_mrozowski_logo.png\",\"width\":236,\"height\":59,\"caption\":\"Mateusz Mrozowski Trener biznesu\"},\"image\":{\"@id\":\"https:\/\/mateuszmrozowski.pl\/sklep\/#\/schema\/logo\/image\/\"},\"sameAs\":[\"https:\/\/www.facebook.com\/mateuszmrozowskisiewca\",\"https:\/\/www.youtube.com\/channel\/UCI6FhECZ4GdL1TYU5oh5JDg\",\"https:\/\/www.instagram.com\/mrozowski.siewca\/\",\"https:\/\/www.linkedin.com\/in\/mateuszmrozowski\/\",\"https:\/\/maps.app.goo.gl\/Ee8wtgr6gx2CjEM68\",\"https:\/\/www.tiktok.com\/@mateuszmrozowskisiewca\"]}]}<\/script>\n<!-- \/ Yoast SEO plugin. -->","yoast_head_json":{"title":"Pakiet promocyjny - Rewolucja Sprzeda\u017cy Prolog + Zrozumie\u0107 Motywacj\u0119 + bilet na konferencj\u0119! - Mateusz Mrozowski Trener Biznesu","robots":{"index":"noindex","follow":"nofollow"},"og_locale":"pl_PL","og_type":"article","og_title":"Pakiet promocyjny - Rewolucja Sprzeda\u017cy Prolog + Zrozumie\u0107 Motywacj\u0119 + bilet na konferencj\u0119! - Mateusz Mrozowski Trener Biznesu","og_description":"Rewolucja Sprzeda\u017cy \u2013 Prolog Wst\u0119p do szkolenia zaawansowanego. W kontek\u015bcie biznesowym i dbania o klienta, sprzeda\u017c bezpo\u015brednia face-2-face zawsze b\u0119dzie mia\u0142a istotne znaczenie. Metoda Sprzeda\u017cy prowokatywnej S.L., czyli system stworzony przez \u201ewilka z wallstreet\u201d, udoskonalony i przetworzony na warunki polskie z uwzgl\u0119dnieniem proces\u00f3w behawioralnych w podejmowaniu decyzji przez klient\u00f3w jest obecnie najbardziej po\u017c\u0105danym narz\u0119dziem w [&hellip;]","og_url":"https:\/\/mateuszmrozowski.pl\/sklep\/produkt\/pakiet-promocyjny-rewolucja-sprzedazy-prolog-zrozumiec-motywacje-bilet-na-konferencje-gratis\/","og_site_name":"Mateusz Mrozowski Trener Biznesu","article_publisher":"https:\/\/www.facebook.com\/mateuszmrozowskisiewca","article_modified_time":"2025-08-01T19:36:41+00:00","og_image":[{"width":788,"height":788,"url":"https:\/\/mateuszmrozowski.pl\/sklep\/wp-content\/uploads\/2022\/08\/NBZGNBG.png","type":"image\/png"}],"twitter_card":"summary_large_image","twitter_misc":{"Szacowany czas czytania":"3 minuty"},"schema":{"@context":"https:\/\/schema.org","@graph":[{"@type":"WebPage","@id":"https:\/\/mateuszmrozowski.pl\/sklep\/produkt\/pakiet-promocyjny-rewolucja-sprzedazy-prolog-zrozumiec-motywacje-bilet-na-konferencje-gratis\/","url":"https:\/\/mateuszmrozowski.pl\/sklep\/produkt\/pakiet-promocyjny-rewolucja-sprzedazy-prolog-zrozumiec-motywacje-bilet-na-konferencje-gratis\/","name":"Pakiet promocyjny - Rewolucja Sprzeda\u017cy Prolog + Zrozumie\u0107 Motywacj\u0119 + bilet na konferencj\u0119! - Mateusz Mrozowski Trener Biznesu","isPartOf":{"@id":"https:\/\/mateuszmrozowski.pl\/sklep\/#website"},"primaryImageOfPage":{"@id":"https:\/\/mateuszmrozowski.pl\/sklep\/produkt\/pakiet-promocyjny-rewolucja-sprzedazy-prolog-zrozumiec-motywacje-bilet-na-konferencje-gratis\/#primaryimage"},"image":{"@id":"https:\/\/mateuszmrozowski.pl\/sklep\/produkt\/pakiet-promocyjny-rewolucja-sprzedazy-prolog-zrozumiec-motywacje-bilet-na-konferencje-gratis\/#primaryimage"},"thumbnailUrl":"https:\/\/mateuszmrozowski.pl\/sklep\/wp-content\/uploads\/2022\/08\/NBZGNBG.png","datePublished":"2022-08-23T18:35:24+00:00","dateModified":"2025-08-01T19:36:41+00:00","breadcrumb":{"@id":"https:\/\/mateuszmrozowski.pl\/sklep\/produkt\/pakiet-promocyjny-rewolucja-sprzedazy-prolog-zrozumiec-motywacje-bilet-na-konferencje-gratis\/#breadcrumb"},"inLanguage":"pl-PL","potentialAction":[{"@type":"ReadAction","target":["https:\/\/mateuszmrozowski.pl\/sklep\/produkt\/pakiet-promocyjny-rewolucja-sprzedazy-prolog-zrozumiec-motywacje-bilet-na-konferencje-gratis\/"]}]},{"@type":"ImageObject","inLanguage":"pl-PL","@id":"https:\/\/mateuszmrozowski.pl\/sklep\/produkt\/pakiet-promocyjny-rewolucja-sprzedazy-prolog-zrozumiec-motywacje-bilet-na-konferencje-gratis\/#primaryimage","url":"https:\/\/mateuszmrozowski.pl\/sklep\/wp-content\/uploads\/2022\/08\/NBZGNBG.png","contentUrl":"https:\/\/mateuszmrozowski.pl\/sklep\/wp-content\/uploads\/2022\/08\/NBZGNBG.png","width":788,"height":788},{"@type":"BreadcrumbList","@id":"https:\/\/mateuszmrozowski.pl\/sklep\/produkt\/pakiet-promocyjny-rewolucja-sprzedazy-prolog-zrozumiec-motywacje-bilet-na-konferencje-gratis\/#breadcrumb","itemListElement":[{"@type":"ListItem","position":1,"name":"Strona g\u0142\u00f3wna","item":"https:\/\/mateuszmrozowski.pl\/sklep\/"},{"@type":"ListItem","position":2,"name":"Szkolenia biznesowe i kursy sprzeda\u017cowe","item":"https:\/\/mateuszmrozowski.pl\/sklep\/"},{"@type":"ListItem","position":3,"name":"Kursy online","item":"https:\/\/mateuszmrozowski.pl\/sklep\/kategoria-produktu\/kursy-online\/"},{"@type":"ListItem","position":4,"name":"Pakiet promocyjny &#8211; Rewolucja Sprzeda\u017cy Prolog + Zrozumie\u0107 Motywacj\u0119 + bilet na konferencj\u0119!"}]},{"@type":"WebSite","@id":"https:\/\/mateuszmrozowski.pl\/sklep\/#website","url":"https:\/\/mateuszmrozowski.pl\/sklep\/","name":"Mateusz Mrozowski Trener biznesu","description":"Walcz\u0119 o wynik dla firm z kt\u00f3rymi wsp\u00f3\u0142pracuj\u0119.","publisher":{"@id":"https:\/\/mateuszmrozowski.pl\/sklep\/#organization"},"alternateName":"Mateusz Mrozowski","potentialAction":[{"@type":"SearchAction","target":{"@type":"EntryPoint","urlTemplate":"https:\/\/mateuszmrozowski.pl\/sklep\/?s={search_term_string}"},"query-input":{"@type":"PropertyValueSpecification","valueRequired":true,"valueName":"search_term_string"}}],"inLanguage":"pl-PL"},{"@type":"Organization","@id":"https:\/\/mateuszmrozowski.pl\/sklep\/#organization","name":"Mateusz Mrozowski Trener biznesu","alternateName":"Mateusz Mrozowski","url":"https:\/\/mateuszmrozowski.pl\/sklep\/","logo":{"@type":"ImageObject","inLanguage":"pl-PL","@id":"https:\/\/mateuszmrozowski.pl\/sklep\/#\/schema\/logo\/image\/","url":"https:\/\/mateuszmrozowski.pl\/sklep\/wp-content\/uploads\/2025\/03\/cropped-mateusz_mrozowski_logo.png","contentUrl":"https:\/\/mateuszmrozowski.pl\/sklep\/wp-content\/uploads\/2025\/03\/cropped-mateusz_mrozowski_logo.png","width":236,"height":59,"caption":"Mateusz Mrozowski Trener biznesu"},"image":{"@id":"https:\/\/mateuszmrozowski.pl\/sklep\/#\/schema\/logo\/image\/"},"sameAs":["https:\/\/www.facebook.com\/mateuszmrozowskisiewca","https:\/\/www.youtube.com\/channel\/UCI6FhECZ4GdL1TYU5oh5JDg","https:\/\/www.instagram.com\/mrozowski.siewca\/","https:\/\/www.linkedin.com\/in\/mateuszmrozowski\/","https:\/\/maps.app.goo.gl\/Ee8wtgr6gx2CjEM68","https:\/\/www.tiktok.com\/@mateuszmrozowskisiewca"]}]}},"_links":{"self":[{"href":"https:\/\/mateuszmrozowski.pl\/sklep\/wp-json\/wp\/v2\/product\/70244","targetHints":{"allow":["GET"]}}],"collection":[{"href":"https:\/\/mateuszmrozowski.pl\/sklep\/wp-json\/wp\/v2\/product"}],"about":[{"href":"https:\/\/mateuszmrozowski.pl\/sklep\/wp-json\/wp\/v2\/types\/product"}],"wp:featuredmedia":[{"embeddable":true,"href":"https:\/\/mateuszmrozowski.pl\/sklep\/wp-json\/wp\/v2\/media\/70697"}],"wp:attachment":[{"href":"https:\/\/mateuszmrozowski.pl\/sklep\/wp-json\/wp\/v2\/media?parent=70244"}],"wp:term":[{"taxonomy":"product_brand","embeddable":true,"href":"https:\/\/mateuszmrozowski.pl\/sklep\/wp-json\/wp\/v2\/product_brand?post=70244"},{"taxonomy":"product_cat","embeddable":true,"href":"https:\/\/mateuszmrozowski.pl\/sklep\/wp-json\/wp\/v2\/product_cat?post=70244"},{"taxonomy":"product_tag","embeddable":true,"href":"https:\/\/mateuszmrozowski.pl\/sklep\/wp-json\/wp\/v2\/product_tag?post=70244"}],"curies":[{"name":"wp","href":"https:\/\/api.w.org\/{rel}","templated":true}]}}