{"id":6559,"date":"2022-02-24T10:54:16","date_gmt":"2022-02-24T10:54:16","guid":{"rendered":"https:\/\/mateuszmrozowski.pl\/sklep\/?post_type=product&#038;p=6559"},"modified":"2025-03-01T17:33:28","modified_gmt":"2025-03-01T17:33:28","slug":"pakiet-ksiazek-edycja-specjalna","status":"publish","type":"product","link":"https:\/\/mateuszmrozowski.pl\/sklep\/produkt\/pakiet-ksiazek-edycja-specjalna\/","title":{"rendered":"Sprzeda\u017c prowokatywna GRATIS"},"content":{"rendered":"\n\n<div class=\"kk-star-ratings kksr-auto kksr-align-left kksr-valign-top kksr-disabled\"\n    data-payload='{&quot;align&quot;:&quot;left&quot;,&quot;id&quot;:&quot;6559&quot;,&quot;readonly&quot;:&quot;1&quot;,&quot;slug&quot;:&quot;default&quot;,&quot;valign&quot;:&quot;top&quot;,&quot;ignore&quot;:&quot;&quot;,&quot;reference&quot;:&quot;auto&quot;,&quot;class&quot;:&quot;&quot;,&quot;count&quot;:&quot;0&quot;,&quot;legendonly&quot;:&quot;&quot;,&quot;score&quot;:&quot;0&quot;,&quot;starsonly&quot;:&quot;&quot;,&quot;best&quot;:&quot;5&quot;,&quot;gap&quot;:&quot;5&quot;,&quot;greet&quot;:&quot;Wystaw ocen\u0119&quot;,&quot;legend&quot;:&quot;0\\\/5 - (0 ocen)&quot;,&quot;size&quot;:&quot;16&quot;,&quot;title&quot;:&quot;Sprzeda\u017c prowokatywna GRATIS&quot;,&quot;width&quot;:&quot;0&quot;,&quot;_legend&quot;:&quot;{score}\\\/{best} - ({count} ocen)&quot;,&quot;font_factor&quot;:&quot;1.25&quot;}'>\n            \n<div class=\"kksr-stars\">\n    \n<div class=\"kksr-stars-inactive\">\n            <div class=\"kksr-star\" data-star=\"1\" style=\"padding-right: 5px\">\n            \n\n<div class=\"kksr-icon\" style=\"width: 16px; height: 16px;\"><\/div>\n        <\/div>\n            <div class=\"kksr-star\" data-star=\"2\" style=\"padding-right: 5px\">\n            \n\n<div class=\"kksr-icon\" style=\"width: 16px; height: 16px;\"><\/div>\n        <\/div>\n            <div class=\"kksr-star\" data-star=\"3\" style=\"padding-right: 5px\">\n            \n\n<div class=\"kksr-icon\" style=\"width: 16px; height: 16px;\"><\/div>\n        <\/div>\n            <div class=\"kksr-star\" data-star=\"4\" style=\"padding-right: 5px\">\n            \n\n<div class=\"kksr-icon\" style=\"width: 16px; height: 16px;\"><\/div>\n        <\/div>\n            <div class=\"kksr-star\" data-star=\"5\" style=\"padding-right: 5px\">\n            \n\n<div class=\"kksr-icon\" style=\"width: 16px; height: 16px;\"><\/div>\n        <\/div>\n    <\/div>\n    \n<div class=\"kksr-stars-active\" style=\"width: 0px;\">\n            <div class=\"kksr-star\" style=\"padding-right: 5px\">\n            \n\n<div class=\"kksr-icon\" style=\"width: 16px; height: 16px;\"><\/div>\n        <\/div>\n            <div class=\"kksr-star\" style=\"padding-right: 5px\">\n            \n\n<div class=\"kksr-icon\" style=\"width: 16px; height: 16px;\"><\/div>\n        <\/div>\n            <div class=\"kksr-star\" style=\"padding-right: 5px\">\n            \n\n<div class=\"kksr-icon\" style=\"width: 16px; height: 16px;\"><\/div>\n        <\/div>\n            <div class=\"kksr-star\" style=\"padding-right: 5px\">\n            \n\n<div class=\"kksr-icon\" style=\"width: 16px; height: 16px;\"><\/div>\n        <\/div>\n            <div class=\"kksr-star\" style=\"padding-right: 5px\">\n            \n\n<div class=\"kksr-icon\" style=\"width: 16px; height: 16px;\"><\/div>\n        <\/div>\n    <\/div>\n<\/div>\n                \n\n<div class=\"kksr-legend\" style=\"font-size: 12.8px;\">\n            <span class=\"kksr-muted\">Wystaw ocen\u0119<\/span>\n    <\/div>\n    <\/div>\n<p>Kupuj\u0105c pakiet ksi\u0105\u017cek otrzymasz kurs online <strong>Sprzeda\u017c Prowokatywna (o warto\u015bci 444z\u0142) oraz dostaw\u0119<\/strong>\u00a0<strong>GRATIS<\/strong>.<\/p>\n<p><strong>W pakiecie znajduj\u0105 si\u0119:<\/strong><\/p>\n<ol>\n<li>Sprzeda\u017c jest $exy albo nie ma jej wcale- zielona rewolucja<\/li>\n<li>Samotno\u015b\u0107 Lidera- historia sprzedawcy<\/li>\n<li>Przed-Si\u0119-Biorca Idiota czy Ekspert (audiobook)<\/li>\n<li>7 Grzech\u00f3w g\u0142\u00f3wnych \u2013 Pycha (audiobook)<\/li>\n<li>We\u017a \u017bycie w Gar\u015b\u0107 &#8211; ksi\u0105\u017cka + zeszyt \u0107wicze\u0144<\/li>\n<li>I co dalej?<\/li>\n<\/ol>\n<p>Opisy:<\/p>\n<p><strong>Sprzeda\u017c jest $exy albo nie ma jej wcale- zielona rewolucja:<\/strong><\/p>\n<p>\u201eTwoja seksowno\u015b\u0107 polega na indywidualno\u015bci. Albo jeste\u015b \u201eJaki\u015b\u201d albo \u017caden\u2026 Mnie osobi\u015bcie przeci\u0119tne \u017cycie nie interesuje. Nale\u017cy robi\u0107 wielkie rzeczy z wa\u017cnych idei, za du\u017ce pieni\u0105dze i z wyj\u0105tkowymi lud\u017ami. Tylko wtedy sprzeda\u017c ma sens i jest $exy. W innym przypadku nie ma jej wcale.\u201d<\/p>\n<p><strong>Samotno\u015b\u0107 Lidera- historia sprzedawcy<\/strong><\/p>\n<p>Ksi\u0105\u017cka ta jest opisem cz\u0142owieka, kt\u00f3ry maj\u0105c marzenia jak wi\u0119kszo\u015b\u0107 nas, kt\u00f3rzy pragn\u0105 rozwoju, postanowi\u0142 za wszelk\u0105 cen\u0119 by\u0107 s\u0142awny, podziwiany i bogaty. Pe\u0142na historii zak\u0142amania, trosk, uciech \u017cycia i braku szacunku do samego siebie. Gdzie codziennym rytua\u0142em stawa\u0142a si\u0119 szkocka whisky, samotno\u015b\u0107 i ego, kt\u00f3rego nie mog\u0142a pomie\u015bci\u0107 \u017cadna przestrze\u0144.<\/p>\n<p>Pozycja, b\u0119dzie tak\u017ce nadziej\u0105. Ewangeli\u0105, dobr\u0105 nowin\u0105. Opowiada o drodze do nawr\u00f3cenia, o pokucie i powo\u0142aniu. O przej\u015bciu z ciemnej na jasn\u0105 stron\u0119 mocy. O planie Bo\u017cym, o zatwardzia\u0142ym sercu, kt\u00f3re znalaz\u0142o szanse, aby na nowo \u017cy\u0107. O autorze, kt\u00f3ry umar\u0142, aby m\u00f3g\u0142 \u017cy\u0107 jako nowonarodzony.<\/p>\n<p><strong>Przed-Si\u0119-Biorca Idiota czy Ekspert (audiobook)<\/strong><\/p>\n<p>Przed-Si\u0119-Biorca Idiota czy Ekspert \u2013 audiobook. Utytu\u0142owany trener i m\u00f3wca motywacyjny w dialogu z d\u0142ugoletnim przedsi\u0119biorc\u0105 omawiaj\u0105 koncepcj\u0119 przedsi\u0119biorczo\u015bci kt\u00f3ra pozwala wyrwa\u0107 si\u0119 z ogranicze\u0144 nak\u0142adanych na nas przez edukacj\u0119, religie i spo\u0142ecze\u0144stwo. Koncept kt\u00f3ry inspiruje jak wyzwoli\u0107 odwag\u0119 i kreatywno\u015b\u0107 niezale\u017cnie od tego czy prowadzisz teraz firm\u0119 czy jeste\u015b na etacie, a wszystko okraszone badaniami naukowymi i odrobin\u0105 humoru.<\/p>\n<p><strong>7 Grzech\u00f3w g\u0142\u00f3wnych \u2013 Pycha (audiobook)<\/strong><\/p>\n<p>Pycha to najwa\u017cniejszy z 7 grzech\u00f3w g\u0142\u00f3wnych, a czai si\u0119 dzi\u015b za ka\u017cdym rogiem.<br \/>\nCzy w dzisiejszym \u015bwiecie ambicji i d\u0105\u017cenia do cel\u00f3w jest miejsce na pokor\u0119?<br \/>\nJak wygl\u0105da obraz Pychy w dzisiejszym \u015bwiecie biznesu?<br \/>\nCzy jest mo\u017cliwe, \u017ce to budowa naszej psychiki daje nam naturalne predyspozycje do pope\u0142niania tego grzechu?<br \/>\nJak nale\u017cy si\u0119 przed ni\u0105 broni\u0107, aby m\u00f3c stabilnie si\u0119 rozwija\u0107?<\/p>\n<p><strong>We\u017a \u017bycie w Gar\u015b\u0107, czyli jak w rok zamieni\u0107 wegetacj\u0119 na pe\u0142ni\u0119 \u017cycia<\/strong><\/p>\n<p>Autork\u0105 jest Martyna Ksi\u0119\u017cniakiewicz &#8211; Trener Biznesu po Akademii Trener\u00f3w Biznesu Mateusza Mrozowskiego, kt\u00f3ra obecnie pracuje bezpo\u015brednio z Mateuszem.<\/p>\n<p>To nie tylko ksi\u0105\u017cka. To swego rodzaju poradnik po\u0142\u0105czony z zeszytem \u0107wicze\u0144 i histori\u0105 dziewczyny, kt\u00f3ra porzuci\u0142a wszystkie schematy wpajane jej od najm\u0142odszych lat. Z\u0142ama\u0142a stereotypy, rozpoczynaj\u0105c zupe\u0142nie nowe \u017cycie, jednocze\u015bnie nie maj\u0105c poj\u0119cia, co j\u0105 spotka. Zaryzykowa\u0142a wszystko tylko i a\u017c po to, by odnale\u017a\u0107 siebie i zacz\u0105\u0107 cieszy\u0107 si\u0119 \u017cyciem. Odnalaz\u0142a w sobie misj\u0119, by dzieli\u0107 si\u0119 wiedz\u0105 z innymi, kt\u00f3rzy wci\u0105\u017c maj\u0105 obawy przed opuszczeniem swojej strefy komfortu i kt\u00f3rzy nie wiedz\u0105, w kt\u00f3r\u0105 stron\u0119 zmierza\u0107. W tej ksi\u0105\u017cce zmusi Ci\u0119, by\u015b g\u0142\u0119boko zastanowi\u0142 si\u0119 nad tym, co masz zrobi\u0107 i skonfrontuje Ci\u0119 z Twoim \u017cyciem.<\/p>\n<p><strong>I co dalej?<\/strong><\/p>\n<p><i>CO BY\u015a ZROBI\u0141, GDYBY\u015a ODKRY\u0141 KSI\u0118G\u0118, W KT\u00d3REJ ZAPISANE JEST CA\u0141E TWOJE \u017bYCIE. CZY MIA\u0141BY\u015a ODWAG\u0118 J\u0104 PRZECZYTA\u0106?\u00a0<\/i><\/p>\n<p>Jack, kt\u00f3ry nie ba\u0142 si\u0119 odkrywa\u0107 nowo\u015bci w biznesie, zwi\u0105zkach i u\u017cywkach, znalaz\u0142 t\u0119 Ksi\u0119g\u0119, lecz zanim odkry\u0142, \u017ce znajduje si\u0119 w niej historia jego \u017cycia oraz, \u017ce znajdzie w niej odpowied\u017a na ka\u017cde pytanie, musia\u0142 pozby\u0107 si\u0119 wielu fa\u0142szywych przekona\u0144, w kt\u00f3re bezmy\u015blnie wierzy\u0142.<\/p>\n<p>Jednym z nich by\u0142o przekonanie, \u017ce\u00a0Biblia \u2013\u00a0bo o niej mowa \u2013\u00a0to tylko zbi\u00f3r\u00a0prastarych\u00a0\u017cydowskich legend,\u00a0kodeks\u00f3w, poemat\u00f3w\u00a0oraz\u00a0kilkadziesi\u0105t \u2013\u00a0m\u0142odszych wiekiem \u2013\u00a0historii\u00a0o Jezusie z Nazaretu i jego uczniach,\u00a0kt\u00f3re maj\u0105 si\u0119 tak do dzisiejszych czas\u00f3w, kryzys\u00f3w spo\u0142eczno-ekonomicznych czy pandemii Covid-19, jak piernik do wiatraka. Dzisiaj Jack wycofuje \u00a0si\u0119 z dawnej postawy a wydarzenie ostatnich dni przybli\u017caj\u0105 go do \u017cony.<\/p>\n<p>Przyjrzyj si\u0119 \u017cyciu\u00a0Jacka\u00a0i sprawd\u017a, czy Wasze \u017cyciowe\u00a0historie,\u00a0cho\u0107 r\u00f3\u017cne,\u00a0mog\u0105\u00a0si\u0119 po\u0142\u0105czy\u0107 w zupe\u0142nie\u00a0nowej rzeczywisto\u015bci jak\u0105 jest szcz\u0119\u015bliwe \u017cycie z \u017cywym i kochaj\u0105cym od zawsze Ojcem, kt\u00f3ry trzyma w Swym r\u0119ku przysz\u0142o\u015b\u0107, kt\u00f3r\u0105 przedstawi\u0142 w swej ksi\u0119dze, Biblii.<\/p>\n<p><strong>BONUS:<\/strong><\/p>\n<h3 class=\"tutor-course-header-h1\">Sprzeda\u017c Prowokatywna &#8211; Kurs Online<\/h3>\n<p>Metoda Sprzeda\u017cy prowokatywnej S.L., czyli system stworzony przez \u201ewilka z wallstreet\u201d, udoskonalony i przetworzony na warunki polskie z uwzgl\u0119dnieniem proces\u00f3w behawioralnych w podejmowaniu decyzji przez klient\u00f3w jest obecnie najbardziej po\u017c\u0105danym narz\u0119dziem w kontakcie z klientem biznesowym. Sprzeda\u017c prowokatywna opiera swoje za\u0142o\u017cenia o model funkcjonowania psychologii behawioralnej i neurosprzeda\u017cy. G\u0142\u00f3wnym czynnikiem pracy w tym modelu sprzeda\u017cowym jest etap poznania i zaznajomienia si\u0119 z procesem funkcjonowania neuron\u00f3w lustrzanych, kt\u00f3rych odkrycie w ostatnich latach przynios\u0142o tw\u00f3rcom nagrod\u0119 Nobla.<\/p>\n<p>Szkolenie zawiera elementy \u201ethe challenger sale\u201d, a zatem metodologii nazwanej i okre\u015blanej 4 rewolucj\u0105 w sprzeda\u017cy. Stanowi\u0105c jej udoskonalenie w aspekcie psychologicznym.<\/p>\n<ol>\n<li><strong>Teaching<\/strong> \u2013 \u201eprowokator i nauczyciel\u201d pokazuje swojemu klientowi\u00a0 produkty firmowe z nowej perspektywy, kszta\u0142ci klienta, obja\u015bnia i wskazuje przestrze\u0144 do zwi\u0119kszenia koszyka zakupowego;<\/li>\n<li><strong>Tailoring<\/strong> \u2013 Challenger dostosowuje sw\u00f3j przekaz, \u015bmia\u0142o okre\u015blaj\u0105c i dostosowuj\u0105c si\u0119 do stylu klienta. U\u017cywa psycholingwistycznych system\u00f3w komunikacji ,aby ka\u017cda informacja by\u0142a \u201ewa\u017cna\u201d i zapami\u0119tana przez odbiorc\u0119; z uwzgl\u0119dnieniem pos\u0142ugiwaniu si\u0119 j\u0119zykiem korzy\u015bci.<\/li>\n<li><strong>Taking control<\/strong> \u2013 Challenger bierze czynny udzia\u0142 w procesie sprzeda\u017cy. Z powodu warto\u015bci, kt\u00f3re udost\u0119pnia klientowi nie boi si\u0119 rozmawia\u0107 o pieni\u0105dzach. Nie obawia si\u0119 do sprzeda\u017cy. Ich relacja jest mocno partnerska i biznesowa. Sprzeda\u017c nie jest odk\u0142adana na p\u00f3\u017aniej. Jest aktywizuj\u0105ca.<\/li>\n<\/ol>\n<p>&nbsp;<\/p>\n","protected":false},"excerpt":{"rendered":"<p>Kupuj\u0105c pakiet ksi\u0105\u017cek otrzymasz kurs online Sprzeda\u017c Prowokatywna (o warto\u015bci 444z\u0142) oraz dostaw\u0119\u00a0GRATIS. W pakiecie znajduj\u0105 si\u0119: Sprzeda\u017c jest $exy albo nie ma jej wcale- zielona rewolucja Samotno\u015b\u0107 Lidera- historia sprzedawcy Przed-Si\u0119-Biorca Idiota czy Ekspert (audiobook) 7 Grzech\u00f3w g\u0142\u00f3wnych \u2013 Pycha (audiobook) We\u017a \u017bycie w Gar\u015b\u0107 &#8211; ksi\u0105\u017cka + zeszyt \u0107wicze\u0144 I co dalej? Opisy: [&hellip;]<\/p>\n","protected":false},"featured_media":6560,"template":"","meta":{"_acf_changed":false,"content-type":""},"product_brand":[],"product_cat":[24,114],"product_tag":[],"class_list":{"0":"post-6559","1":"product","2":"type-product","3":"status-publish","4":"has-post-thumbnail","6":"product_cat-ksiazki-biznesowe","7":"product_cat-wszystkie-produkty","9":"first","10":"outofstock","11":"sale","12":"virtual","13":"sold-individually","14":"taxable","15":"purchasable","16":"product-type-simple"},"acf":[],"yoast_head":"<!-- This site is optimized with the Yoast SEO plugin v27.1.1 - https:\/\/yoast.com\/product\/yoast-seo-wordpress\/ -->\n<title>Sprzeda\u017c prowokatywna GRATIS - Mateusz Mrozowski Trener Biznesu<\/title>\n<meta name=\"robots\" content=\"noindex, nofollow\" \/>\n<meta property=\"og:locale\" content=\"pl_PL\" \/>\n<meta property=\"og:type\" content=\"article\" \/>\n<meta property=\"og:title\" content=\"Sprzeda\u017c prowokatywna GRATIS - Mateusz Mrozowski Trener Biznesu\" \/>\n<meta property=\"og:description\" content=\"Kupuj\u0105c pakiet ksi\u0105\u017cek otrzymasz kurs online Sprzeda\u017c Prowokatywna (o warto\u015bci 444z\u0142) oraz dostaw\u0119\u00a0GRATIS. W pakiecie znajduj\u0105 si\u0119: Sprzeda\u017c jest $exy albo nie ma jej wcale- zielona rewolucja Samotno\u015b\u0107 Lidera- historia sprzedawcy Przed-Si\u0119-Biorca Idiota czy Ekspert (audiobook) 7 Grzech\u00f3w g\u0142\u00f3wnych \u2013 Pycha (audiobook) We\u017a \u017bycie w Gar\u015b\u0107 &#8211; ksi\u0105\u017cka + zeszyt \u0107wicze\u0144 I co dalej? Opisy: [&hellip;]\" \/>\n<meta property=\"og:url\" content=\"https:\/\/mateuszmrozowski.pl\/sklep\/produkt\/pakiet-ksiazek-edycja-specjalna\/\" \/>\n<meta property=\"og:site_name\" content=\"Mateusz Mrozowski Trener Biznesu\" \/>\n<meta property=\"article:publisher\" content=\"https:\/\/www.facebook.com\/mateuszmrozowskisiewca\" \/>\n<meta property=\"article:modified_time\" content=\"2025-03-01T17:33:28+00:00\" \/>\n<meta property=\"og:image\" content=\"https:\/\/mateuszmrozowski.pl\/sklep\/wp-content\/uploads\/2022\/02\/MM-covery-ksi\u0105\u017cek.png\" \/>\n\t<meta property=\"og:image:width\" content=\"500\" \/>\n\t<meta property=\"og:image:height\" content=\"500\" \/>\n\t<meta property=\"og:image:type\" content=\"image\/png\" \/>\n<meta name=\"twitter:card\" content=\"summary_large_image\" \/>\n<meta name=\"twitter:label1\" content=\"Szacowany czas czytania\" \/>\n\t<meta name=\"twitter:data1\" content=\"6 minut\" \/>\n<script type=\"application\/ld+json\" class=\"yoast-schema-graph\">{\"@context\":\"https:\/\/schema.org\",\"@graph\":[{\"@type\":\"WebPage\",\"@id\":\"https:\/\/mateuszmrozowski.pl\/sklep\/produkt\/pakiet-ksiazek-edycja-specjalna\/\",\"url\":\"https:\/\/mateuszmrozowski.pl\/sklep\/produkt\/pakiet-ksiazek-edycja-specjalna\/\",\"name\":\"Sprzeda\u017c prowokatywna GRATIS - Mateusz Mrozowski Trener Biznesu\",\"isPartOf\":{\"@id\":\"https:\/\/mateuszmrozowski.pl\/sklep\/#website\"},\"primaryImageOfPage\":{\"@id\":\"https:\/\/mateuszmrozowski.pl\/sklep\/produkt\/pakiet-ksiazek-edycja-specjalna\/#primaryimage\"},\"image\":{\"@id\":\"https:\/\/mateuszmrozowski.pl\/sklep\/produkt\/pakiet-ksiazek-edycja-specjalna\/#primaryimage\"},\"thumbnailUrl\":\"https:\/\/mateuszmrozowski.pl\/sklep\/wp-content\/uploads\/2022\/02\/MM-covery-ksi\u0105\u017cek.png\",\"datePublished\":\"2022-02-24T10:54:16+00:00\",\"dateModified\":\"2025-03-01T17:33:28+00:00\",\"breadcrumb\":{\"@id\":\"https:\/\/mateuszmrozowski.pl\/sklep\/produkt\/pakiet-ksiazek-edycja-specjalna\/#breadcrumb\"},\"inLanguage\":\"pl-PL\",\"potentialAction\":[{\"@type\":\"ReadAction\",\"target\":[\"https:\/\/mateuszmrozowski.pl\/sklep\/produkt\/pakiet-ksiazek-edycja-specjalna\/\"]}]},{\"@type\":\"ImageObject\",\"inLanguage\":\"pl-PL\",\"@id\":\"https:\/\/mateuszmrozowski.pl\/sklep\/produkt\/pakiet-ksiazek-edycja-specjalna\/#primaryimage\",\"url\":\"https:\/\/mateuszmrozowski.pl\/sklep\/wp-content\/uploads\/2022\/02\/MM-covery-ksi\u0105\u017cek.png\",\"contentUrl\":\"https:\/\/mateuszmrozowski.pl\/sklep\/wp-content\/uploads\/2022\/02\/MM-covery-ksi\u0105\u017cek.png\",\"width\":500,\"height\":500},{\"@type\":\"BreadcrumbList\",\"@id\":\"https:\/\/mateuszmrozowski.pl\/sklep\/produkt\/pakiet-ksiazek-edycja-specjalna\/#breadcrumb\",\"itemListElement\":[{\"@type\":\"ListItem\",\"position\":1,\"name\":\"Strona g\u0142\u00f3wna\",\"item\":\"https:\/\/mateuszmrozowski.pl\/sklep\/\"},{\"@type\":\"ListItem\",\"position\":2,\"name\":\"Szkolenia biznesowe i kursy sprzeda\u017cowe\",\"item\":\"https:\/\/mateuszmrozowski.pl\/sklep\/\"},{\"@type\":\"ListItem\",\"position\":3,\"name\":\"Ksi\u0105\u017cki\",\"item\":\"https:\/\/mateuszmrozowski.pl\/sklep\/kategoria-produktu\/ksiazki-biznesowe\/\"},{\"@type\":\"ListItem\",\"position\":4,\"name\":\"Sprzeda\u017c prowokatywna GRATIS\"}]},{\"@type\":\"WebSite\",\"@id\":\"https:\/\/mateuszmrozowski.pl\/sklep\/#website\",\"url\":\"https:\/\/mateuszmrozowski.pl\/sklep\/\",\"name\":\"Mateusz Mrozowski Trener biznesu\",\"description\":\"Walcz\u0119 o wynik dla firm z kt\u00f3rymi wsp\u00f3\u0142pracuj\u0119.\",\"publisher\":{\"@id\":\"https:\/\/mateuszmrozowski.pl\/sklep\/#organization\"},\"alternateName\":\"Mateusz Mrozowski\",\"potentialAction\":[{\"@type\":\"SearchAction\",\"target\":{\"@type\":\"EntryPoint\",\"urlTemplate\":\"https:\/\/mateuszmrozowski.pl\/sklep\/?s={search_term_string}\"},\"query-input\":{\"@type\":\"PropertyValueSpecification\",\"valueRequired\":true,\"valueName\":\"search_term_string\"}}],\"inLanguage\":\"pl-PL\"},{\"@type\":\"Organization\",\"@id\":\"https:\/\/mateuszmrozowski.pl\/sklep\/#organization\",\"name\":\"Mateusz Mrozowski Trener biznesu\",\"alternateName\":\"Mateusz Mrozowski\",\"url\":\"https:\/\/mateuszmrozowski.pl\/sklep\/\",\"logo\":{\"@type\":\"ImageObject\",\"inLanguage\":\"pl-PL\",\"@id\":\"https:\/\/mateuszmrozowski.pl\/sklep\/#\/schema\/logo\/image\/\",\"url\":\"https:\/\/mateuszmrozowski.pl\/sklep\/wp-content\/uploads\/2025\/03\/cropped-mateusz_mrozowski_logo.png\",\"contentUrl\":\"https:\/\/mateuszmrozowski.pl\/sklep\/wp-content\/uploads\/2025\/03\/cropped-mateusz_mrozowski_logo.png\",\"width\":236,\"height\":59,\"caption\":\"Mateusz Mrozowski Trener biznesu\"},\"image\":{\"@id\":\"https:\/\/mateuszmrozowski.pl\/sklep\/#\/schema\/logo\/image\/\"},\"sameAs\":[\"https:\/\/www.facebook.com\/mateuszmrozowskisiewca\",\"https:\/\/www.youtube.com\/channel\/UCI6FhECZ4GdL1TYU5oh5JDg\",\"https:\/\/www.instagram.com\/mrozowski.siewca\/\",\"https:\/\/www.linkedin.com\/in\/mateuszmrozowski\/\",\"https:\/\/maps.app.goo.gl\/Ee8wtgr6gx2CjEM68\",\"https:\/\/www.tiktok.com\/@mateuszmrozowskisiewca\"]}]}<\/script>\n<!-- \/ Yoast SEO plugin. -->","yoast_head_json":{"title":"Sprzeda\u017c prowokatywna GRATIS - Mateusz Mrozowski Trener Biznesu","robots":{"index":"noindex","follow":"nofollow"},"og_locale":"pl_PL","og_type":"article","og_title":"Sprzeda\u017c prowokatywna GRATIS - Mateusz Mrozowski Trener Biznesu","og_description":"Kupuj\u0105c pakiet ksi\u0105\u017cek otrzymasz kurs online Sprzeda\u017c Prowokatywna (o warto\u015bci 444z\u0142) oraz dostaw\u0119\u00a0GRATIS. W pakiecie znajduj\u0105 si\u0119: Sprzeda\u017c jest $exy albo nie ma jej wcale- zielona rewolucja Samotno\u015b\u0107 Lidera- historia sprzedawcy Przed-Si\u0119-Biorca Idiota czy Ekspert (audiobook) 7 Grzech\u00f3w g\u0142\u00f3wnych \u2013 Pycha (audiobook) We\u017a \u017bycie w Gar\u015b\u0107 &#8211; ksi\u0105\u017cka + zeszyt \u0107wicze\u0144 I co dalej? Opisy: [&hellip;]","og_url":"https:\/\/mateuszmrozowski.pl\/sklep\/produkt\/pakiet-ksiazek-edycja-specjalna\/","og_site_name":"Mateusz Mrozowski Trener Biznesu","article_publisher":"https:\/\/www.facebook.com\/mateuszmrozowskisiewca","article_modified_time":"2025-03-01T17:33:28+00:00","og_image":[{"width":500,"height":500,"url":"https:\/\/mateuszmrozowski.pl\/sklep\/wp-content\/uploads\/2022\/02\/MM-covery-ksi\u0105\u017cek.png","type":"image\/png"}],"twitter_card":"summary_large_image","twitter_misc":{"Szacowany czas czytania":"6 minut"},"schema":{"@context":"https:\/\/schema.org","@graph":[{"@type":"WebPage","@id":"https:\/\/mateuszmrozowski.pl\/sklep\/produkt\/pakiet-ksiazek-edycja-specjalna\/","url":"https:\/\/mateuszmrozowski.pl\/sklep\/produkt\/pakiet-ksiazek-edycja-specjalna\/","name":"Sprzeda\u017c prowokatywna GRATIS - Mateusz Mrozowski Trener Biznesu","isPartOf":{"@id":"https:\/\/mateuszmrozowski.pl\/sklep\/#website"},"primaryImageOfPage":{"@id":"https:\/\/mateuszmrozowski.pl\/sklep\/produkt\/pakiet-ksiazek-edycja-specjalna\/#primaryimage"},"image":{"@id":"https:\/\/mateuszmrozowski.pl\/sklep\/produkt\/pakiet-ksiazek-edycja-specjalna\/#primaryimage"},"thumbnailUrl":"https:\/\/mateuszmrozowski.pl\/sklep\/wp-content\/uploads\/2022\/02\/MM-covery-ksi\u0105\u017cek.png","datePublished":"2022-02-24T10:54:16+00:00","dateModified":"2025-03-01T17:33:28+00:00","breadcrumb":{"@id":"https:\/\/mateuszmrozowski.pl\/sklep\/produkt\/pakiet-ksiazek-edycja-specjalna\/#breadcrumb"},"inLanguage":"pl-PL","potentialAction":[{"@type":"ReadAction","target":["https:\/\/mateuszmrozowski.pl\/sklep\/produkt\/pakiet-ksiazek-edycja-specjalna\/"]}]},{"@type":"ImageObject","inLanguage":"pl-PL","@id":"https:\/\/mateuszmrozowski.pl\/sklep\/produkt\/pakiet-ksiazek-edycja-specjalna\/#primaryimage","url":"https:\/\/mateuszmrozowski.pl\/sklep\/wp-content\/uploads\/2022\/02\/MM-covery-ksi\u0105\u017cek.png","contentUrl":"https:\/\/mateuszmrozowski.pl\/sklep\/wp-content\/uploads\/2022\/02\/MM-covery-ksi\u0105\u017cek.png","width":500,"height":500},{"@type":"BreadcrumbList","@id":"https:\/\/mateuszmrozowski.pl\/sklep\/produkt\/pakiet-ksiazek-edycja-specjalna\/#breadcrumb","itemListElement":[{"@type":"ListItem","position":1,"name":"Strona g\u0142\u00f3wna","item":"https:\/\/mateuszmrozowski.pl\/sklep\/"},{"@type":"ListItem","position":2,"name":"Szkolenia biznesowe i kursy sprzeda\u017cowe","item":"https:\/\/mateuszmrozowski.pl\/sklep\/"},{"@type":"ListItem","position":3,"name":"Ksi\u0105\u017cki","item":"https:\/\/mateuszmrozowski.pl\/sklep\/kategoria-produktu\/ksiazki-biznesowe\/"},{"@type":"ListItem","position":4,"name":"Sprzeda\u017c prowokatywna GRATIS"}]},{"@type":"WebSite","@id":"https:\/\/mateuszmrozowski.pl\/sklep\/#website","url":"https:\/\/mateuszmrozowski.pl\/sklep\/","name":"Mateusz Mrozowski Trener biznesu","description":"Walcz\u0119 o wynik dla firm z kt\u00f3rymi wsp\u00f3\u0142pracuj\u0119.","publisher":{"@id":"https:\/\/mateuszmrozowski.pl\/sklep\/#organization"},"alternateName":"Mateusz Mrozowski","potentialAction":[{"@type":"SearchAction","target":{"@type":"EntryPoint","urlTemplate":"https:\/\/mateuszmrozowski.pl\/sklep\/?s={search_term_string}"},"query-input":{"@type":"PropertyValueSpecification","valueRequired":true,"valueName":"search_term_string"}}],"inLanguage":"pl-PL"},{"@type":"Organization","@id":"https:\/\/mateuszmrozowski.pl\/sklep\/#organization","name":"Mateusz Mrozowski Trener biznesu","alternateName":"Mateusz Mrozowski","url":"https:\/\/mateuszmrozowski.pl\/sklep\/","logo":{"@type":"ImageObject","inLanguage":"pl-PL","@id":"https:\/\/mateuszmrozowski.pl\/sklep\/#\/schema\/logo\/image\/","url":"https:\/\/mateuszmrozowski.pl\/sklep\/wp-content\/uploads\/2025\/03\/cropped-mateusz_mrozowski_logo.png","contentUrl":"https:\/\/mateuszmrozowski.pl\/sklep\/wp-content\/uploads\/2025\/03\/cropped-mateusz_mrozowski_logo.png","width":236,"height":59,"caption":"Mateusz Mrozowski Trener biznesu"},"image":{"@id":"https:\/\/mateuszmrozowski.pl\/sklep\/#\/schema\/logo\/image\/"},"sameAs":["https:\/\/www.facebook.com\/mateuszmrozowskisiewca","https:\/\/www.youtube.com\/channel\/UCI6FhECZ4GdL1TYU5oh5JDg","https:\/\/www.instagram.com\/mrozowski.siewca\/","https:\/\/www.linkedin.com\/in\/mateuszmrozowski\/","https:\/\/maps.app.goo.gl\/Ee8wtgr6gx2CjEM68","https:\/\/www.tiktok.com\/@mateuszmrozowskisiewca"]}]}},"_links":{"self":[{"href":"https:\/\/mateuszmrozowski.pl\/sklep\/wp-json\/wp\/v2\/product\/6559","targetHints":{"allow":["GET"]}}],"collection":[{"href":"https:\/\/mateuszmrozowski.pl\/sklep\/wp-json\/wp\/v2\/product"}],"about":[{"href":"https:\/\/mateuszmrozowski.pl\/sklep\/wp-json\/wp\/v2\/types\/product"}],"wp:featuredmedia":[{"embeddable":true,"href":"https:\/\/mateuszmrozowski.pl\/sklep\/wp-json\/wp\/v2\/media\/6560"}],"wp:attachment":[{"href":"https:\/\/mateuszmrozowski.pl\/sklep\/wp-json\/wp\/v2\/media?parent=6559"}],"wp:term":[{"taxonomy":"product_brand","embeddable":true,"href":"https:\/\/mateuszmrozowski.pl\/sklep\/wp-json\/wp\/v2\/product_brand?post=6559"},{"taxonomy":"product_cat","embeddable":true,"href":"https:\/\/mateuszmrozowski.pl\/sklep\/wp-json\/wp\/v2\/product_cat?post=6559"},{"taxonomy":"product_tag","embeddable":true,"href":"https:\/\/mateuszmrozowski.pl\/sklep\/wp-json\/wp\/v2\/product_tag?post=6559"}],"curies":[{"name":"wp","href":"https:\/\/api.w.org\/{rel}","templated":true}]}}