{"id":6380,"date":"2022-02-10T13:59:36","date_gmt":"2022-02-10T13:59:36","guid":{"rendered":"https:\/\/mateuszmrozowski.pl\/sklep\/?post_type=product&#038;p=6380"},"modified":"2025-08-01T19:36:41","modified_gmt":"2025-08-01T19:36:41","slug":"pakiet-promocyjny-doktor-house-rewolucja-sprzedazy-prolog-sprzedaz-prowokatywna","status":"publish","type":"product","link":"https:\/\/mateuszmrozowski.pl\/sklep\/produkt\/pakiet-promocyjny-doktor-house-rewolucja-sprzedazy-prolog-sprzedaz-prowokatywna\/","title":{"rendered":"Pakiet promocyjny: Doktor House + Rewolucja Sprzeda\u017cy Prolog + Sprzeda\u017c Prowokatywna"},"content":{"rendered":"\n\n<div class=\"kk-star-ratings kksr-auto kksr-align-left kksr-valign-top kksr-disabled\"\n    data-payload='{&quot;align&quot;:&quot;left&quot;,&quot;id&quot;:&quot;6380&quot;,&quot;readonly&quot;:&quot;1&quot;,&quot;slug&quot;:&quot;default&quot;,&quot;valign&quot;:&quot;top&quot;,&quot;ignore&quot;:&quot;&quot;,&quot;reference&quot;:&quot;auto&quot;,&quot;class&quot;:&quot;&quot;,&quot;count&quot;:&quot;0&quot;,&quot;legendonly&quot;:&quot;&quot;,&quot;score&quot;:&quot;0&quot;,&quot;starsonly&quot;:&quot;&quot;,&quot;best&quot;:&quot;5&quot;,&quot;gap&quot;:&quot;5&quot;,&quot;greet&quot;:&quot;Wystaw ocen\u0119&quot;,&quot;legend&quot;:&quot;0\\\/5 - (0 ocen)&quot;,&quot;size&quot;:&quot;16&quot;,&quot;title&quot;:&quot;Pakiet promocyjny: Doktor House + Rewolucja Sprzeda\u017cy Prolog + Sprzeda\u017c Prowokatywna&quot;,&quot;width&quot;:&quot;0&quot;,&quot;_legend&quot;:&quot;{score}\\\/{best} - ({count} ocen)&quot;,&quot;font_factor&quot;:&quot;1.25&quot;}'>\n            \n<div class=\"kksr-stars\">\n    \n<div class=\"kksr-stars-inactive\">\n            <div class=\"kksr-star\" data-star=\"1\" style=\"padding-right: 5px\">\n            \n\n<div class=\"kksr-icon\" style=\"width: 16px; height: 16px;\"><\/div>\n        <\/div>\n            <div class=\"kksr-star\" data-star=\"2\" style=\"padding-right: 5px\">\n            \n\n<div class=\"kksr-icon\" style=\"width: 16px; height: 16px;\"><\/div>\n        <\/div>\n            <div class=\"kksr-star\" data-star=\"3\" style=\"padding-right: 5px\">\n            \n\n<div class=\"kksr-icon\" style=\"width: 16px; height: 16px;\"><\/div>\n        <\/div>\n            <div class=\"kksr-star\" data-star=\"4\" style=\"padding-right: 5px\">\n            \n\n<div class=\"kksr-icon\" style=\"width: 16px; height: 16px;\"><\/div>\n        <\/div>\n            <div class=\"kksr-star\" data-star=\"5\" style=\"padding-right: 5px\">\n            \n\n<div class=\"kksr-icon\" style=\"width: 16px; height: 16px;\"><\/div>\n        <\/div>\n    <\/div>\n    \n<div class=\"kksr-stars-active\" style=\"width: 0px;\">\n            <div class=\"kksr-star\" style=\"padding-right: 5px\">\n            \n\n<div class=\"kksr-icon\" style=\"width: 16px; height: 16px;\"><\/div>\n        <\/div>\n            <div class=\"kksr-star\" style=\"padding-right: 5px\">\n            \n\n<div class=\"kksr-icon\" style=\"width: 16px; height: 16px;\"><\/div>\n        <\/div>\n            <div class=\"kksr-star\" style=\"padding-right: 5px\">\n            \n\n<div class=\"kksr-icon\" style=\"width: 16px; height: 16px;\"><\/div>\n        <\/div>\n            <div class=\"kksr-star\" style=\"padding-right: 5px\">\n            \n\n<div class=\"kksr-icon\" style=\"width: 16px; height: 16px;\"><\/div>\n        <\/div>\n            <div class=\"kksr-star\" style=\"padding-right: 5px\">\n            \n\n<div class=\"kksr-icon\" style=\"width: 16px; height: 16px;\"><\/div>\n        <\/div>\n    <\/div>\n<\/div>\n                \n\n<div class=\"kksr-legend\" style=\"font-size: 12.8px;\">\n            <span class=\"kksr-muted\">Wystaw ocen\u0119<\/span>\n    <\/div>\n    <\/div>\n<h1><em>Doktor House Sprzeda\u017cy<\/em><\/h1>\n<p>Sprzeda\u017c prowokatywna opiera swoje za\u0142o\u017cenia o model funkcjonowania psychologii behawioralnej i neurosprzeda\u017cy. G\u0142\u00f3wnym czynnikiem pracy w tym modelu sprzeda\u017cowym jest etap poznania i zaznajomienia si\u0119 z procesem funkcjonowania neuron\u00f3w lustrzanych, kt\u00f3rych odkrycie w ostatnich latach przynios\u0142o tw\u00f3rcom nagrod\u0119 Nobla. Sprzeda\u017c prowokatywna zawiera elementy \u201eThe Challenger Sale\u201d, a zatem metodologii nazwanej i okre\u015blanej 4 rewolucj\u0105 w sprzeda\u017cy, stanowi\u0105c jej udoskonalenie w aspekcie psychologicznym. Warsztat odb\u0119dzie si\u0119 na pod\u0142o\u017cu psychologii behawioralnej a zatem p\u0142aszczyznom wp\u0142ywu spo\u0142ecznego i neuropsychologii, gdzie nacisk k\u0142adziony jest na struktur\u0119 wypowiedzi, przekaz podprogowy i kotwiczenie przestrzenne.<\/p>\n<p>Zagadnienia:<\/p>\n<ul>\n<li>4 rewolucje sprzeda\u017cy<\/li>\n<li>Metoda Sprzeda\u017cy Prowokatywnej S.L.<\/li>\n<li>Za\u0142o\u017cenia 3xT &#8211; Teaching, Tailoring, Taking Control<\/li>\n<li>Zasady sprzeda\u017cy telefonicznej<\/li>\n<li>Sprzeda\u017c platformowa jako nowy trend XXI wieku<\/li>\n<\/ul>\n<h1>Rewolucja Sprzeda\u017cy &#8211; Prolog<\/h1>\n<p>Wst\u0119p do szkolenia zaawansowanego. W kontek\u015bcie biznesowym i dbania o klienta, sprzeda\u017c bezpo\u015brednia face-2-face zawsze b\u0119dzie mia\u0142a istotne znaczenie. Metoda Sprzeda\u017cy prowokatywnej S.L., czyli system stworzony przez \u201ewilka z wallstreet\u201d, udoskonalony i przetworzony na warunki polskie z uwzgl\u0119dnieniem proces\u00f3w behawioralnych w podejmowaniu decyzji przez klient\u00f3w jest obecnie najbardziej po\u017c\u0105danym narz\u0119dziem w kontakcie z klientem biznesowym. Szkolenie Rewolucja Sprzeda\u017cy to istny fenomen w sprzeda\u017cy. Najwa\u017cniejsze i najnowsze techniki najlepszych sprzedawc\u00f3w \u015bwiata w jednym miejscu!<\/p>\n<p><strong>Kurs sk\u0142ada si\u0119 z 3 modu\u0142\u00f3w:<\/strong><\/p>\n<p>Modu\u0142 1: Sprzeda\u017c telefoniczna<\/p>\n<p>Modu\u0142 2: Sprzeda\u017c bezpo\u015brednia<\/p>\n<p>Modu\u0142 3: Sprzeda\u017c Scena<\/p>\n<p>&nbsp;<\/p>\n<h1>Sprzeda\u017c Prowokatywna<\/h1>\n<p>Metoda Sprzeda\u017cy prowokatywnej S.L., czyli system stworzony przez \u201ewilka z wallstreet\u201d, udoskonalony i przetworzony na warunki polskie z uwzgl\u0119dnieniem proces\u00f3w behawioralnych w podejmowaniu decyzji przez klient\u00f3w jest obecnie najbardziej po\u017c\u0105danym narz\u0119dziem w kontakcie z klientem biznesowym. Sprzeda\u017c prowokatywna opiera swoje za\u0142o\u017cenia o model funkcjonowania psychologii behawioralnej i neurosprzeda\u017cy. G\u0142\u00f3wnym czynnikiem pracy w tym modelu sprzeda\u017cowym jest etap poznania i zaznajomienia si\u0119 z procesem funkcjonowania neuron\u00f3w lustrzanych, kt\u00f3rych odkrycie w ostatnich latach przynios\u0142o tw\u00f3rcom nagrod\u0119 Nobla.<\/p>\n<p>Szkolenie zawiera elementy \u201ethe challenger sale\u201d, a zatem metodologii nazwanej i okre\u015blanej 4 rewolucj\u0105 w sprzeda\u017cy. Stanowi\u0105c jej udoskonalenie w aspekcie psychologicznym.<\/p>\n<ol>\n<li><strong>Teaching<\/strong> \u2013 \u201eprowokator i nauczyciel\u201d pokazuje swojemu klientowi\u00a0 produkty firmowe z nowej perspektywy, kszta\u0142ci klienta, obja\u015bnia i wskazuje przestrze\u0144 do zwi\u0119kszenia koszyka zakupowego;<\/li>\n<li><strong>Tailoring<\/strong> \u2013 Challenger dostosowuje sw\u00f3j przekaz, \u015bmia\u0142o okre\u015blaj\u0105c i dostosowuj\u0105c si\u0119 do stylu klienta. U\u017cywa psycholingwistycznych system\u00f3w komunikacji ,aby ka\u017cda informacja by\u0142a \u201ewa\u017cna\u201d i zapami\u0119tana przez odbiorc\u0119; z uwzgl\u0119dnieniem pos\u0142ugiwaniu si\u0119 j\u0119zykiem korzy\u015bci.<\/li>\n<li><strong>Taking control<\/strong> \u2013 Challenger bierze czynny udzia\u0142 w procesie sprzeda\u017cy. Z powodu warto\u015bci, kt\u00f3re udost\u0119pnia klientowi nie boi si\u0119 rozmawia\u0107 o pieni\u0105dzach. Nie obawia si\u0119 do sprzeda\u017cy. Ich relacja jest mocno partnerska i biznesowa. Sprzeda\u017c nie jest odk\u0142adana na p\u00f3\u017aniej. Jest aktywizuj\u0105ca.<\/li>\n<\/ol>\n","protected":false},"excerpt":{"rendered":"<p>Doktor House Sprzeda\u017cy Sprzeda\u017c prowokatywna opiera swoje za\u0142o\u017cenia o model funkcjonowania psychologii behawioralnej i neurosprzeda\u017cy. G\u0142\u00f3wnym czynnikiem pracy w tym modelu sprzeda\u017cowym jest etap poznania i zaznajomienia si\u0119 z procesem funkcjonowania neuron\u00f3w lustrzanych, kt\u00f3rych odkrycie w ostatnich latach przynios\u0142o tw\u00f3rcom nagrod\u0119 Nobla. Sprzeda\u017c prowokatywna zawiera elementy \u201eThe Challenger Sale\u201d, a zatem metodologii nazwanej i okre\u015blanej [&hellip;]<\/p>\n","protected":false},"featured_media":6382,"template":"","meta":{"_acf_changed":false,"content-type":""},"product_brand":[],"product_cat":[28,31,114],"product_tag":[],"class_list":{"0":"post-6380","1":"product","2":"type-product","3":"status-publish","4":"has-post-thumbnail","6":"product_cat-kursy-online","7":"product_cat-promocje","8":"product_cat-wszystkie-produkty","10":"first","11":"outofstock","12":"sale","13":"virtual","14":"taxable","15":"purchasable","16":"product-type-simple"},"acf":[],"yoast_head":"<!-- This site is optimized with the Yoast SEO plugin v27.1.1 - https:\/\/yoast.com\/product\/yoast-seo-wordpress\/ -->\n<title>Pakiet promocyjny: Doktor House + Rewolucja Sprzeda\u017cy Prolog + Sprzeda\u017c Prowokatywna - Mateusz Mrozowski Trener Biznesu<\/title>\n<meta name=\"robots\" content=\"noindex, nofollow\" \/>\n<meta property=\"og:locale\" content=\"pl_PL\" \/>\n<meta property=\"og:type\" content=\"article\" \/>\n<meta property=\"og:title\" content=\"Pakiet promocyjny: Doktor House + Rewolucja Sprzeda\u017cy Prolog + Sprzeda\u017c Prowokatywna - Mateusz Mrozowski Trener Biznesu\" \/>\n<meta property=\"og:description\" content=\"Doktor House Sprzeda\u017cy Sprzeda\u017c prowokatywna opiera swoje za\u0142o\u017cenia o model funkcjonowania psychologii behawioralnej i neurosprzeda\u017cy. G\u0142\u00f3wnym czynnikiem pracy w tym modelu sprzeda\u017cowym jest etap poznania i zaznajomienia si\u0119 z procesem funkcjonowania neuron\u00f3w lustrzanych, kt\u00f3rych odkrycie w ostatnich latach przynios\u0142o tw\u00f3rcom nagrod\u0119 Nobla. Sprzeda\u017c prowokatywna zawiera elementy \u201eThe Challenger Sale\u201d, a zatem metodologii nazwanej i okre\u015blanej [&hellip;]\" \/>\n<meta property=\"og:url\" content=\"https:\/\/mateuszmrozowski.pl\/sklep\/produkt\/pakiet-promocyjny-doktor-house-rewolucja-sprzedazy-prolog-sprzedaz-prowokatywna\/\" \/>\n<meta property=\"og:site_name\" content=\"Mateusz Mrozowski Trener Biznesu\" \/>\n<meta property=\"article:publisher\" content=\"https:\/\/www.facebook.com\/mateuszmrozowskisiewca\" \/>\n<meta property=\"article:modified_time\" content=\"2025-08-01T19:36:41+00:00\" \/>\n<meta property=\"og:image\" content=\"https:\/\/mateuszmrozowski.pl\/sklep\/wp-content\/uploads\/2022\/02\/fvs.jpg\" \/>\n\t<meta property=\"og:image:width\" content=\"660\" \/>\n\t<meta property=\"og:image:height\" content=\"659\" \/>\n\t<meta property=\"og:image:type\" content=\"image\/jpeg\" \/>\n<meta name=\"twitter:card\" content=\"summary_large_image\" \/>\n<meta name=\"twitter:label1\" content=\"Szacowany czas czytania\" \/>\n\t<meta name=\"twitter:data1\" content=\"3 minuty\" \/>\n<script type=\"application\/ld+json\" class=\"yoast-schema-graph\">{\"@context\":\"https:\/\/schema.org\",\"@graph\":[{\"@type\":\"WebPage\",\"@id\":\"https:\/\/mateuszmrozowski.pl\/sklep\/produkt\/pakiet-promocyjny-doktor-house-rewolucja-sprzedazy-prolog-sprzedaz-prowokatywna\/\",\"url\":\"https:\/\/mateuszmrozowski.pl\/sklep\/produkt\/pakiet-promocyjny-doktor-house-rewolucja-sprzedazy-prolog-sprzedaz-prowokatywna\/\",\"name\":\"Pakiet promocyjny: Doktor House + Rewolucja Sprzeda\u017cy Prolog + Sprzeda\u017c Prowokatywna - Mateusz Mrozowski Trener Biznesu\",\"isPartOf\":{\"@id\":\"https:\/\/mateuszmrozowski.pl\/sklep\/#website\"},\"primaryImageOfPage\":{\"@id\":\"https:\/\/mateuszmrozowski.pl\/sklep\/produkt\/pakiet-promocyjny-doktor-house-rewolucja-sprzedazy-prolog-sprzedaz-prowokatywna\/#primaryimage\"},\"image\":{\"@id\":\"https:\/\/mateuszmrozowski.pl\/sklep\/produkt\/pakiet-promocyjny-doktor-house-rewolucja-sprzedazy-prolog-sprzedaz-prowokatywna\/#primaryimage\"},\"thumbnailUrl\":\"https:\/\/mateuszmrozowski.pl\/sklep\/wp-content\/uploads\/2022\/02\/fvs.jpg\",\"datePublished\":\"2022-02-10T13:59:36+00:00\",\"dateModified\":\"2025-08-01T19:36:41+00:00\",\"breadcrumb\":{\"@id\":\"https:\/\/mateuszmrozowski.pl\/sklep\/produkt\/pakiet-promocyjny-doktor-house-rewolucja-sprzedazy-prolog-sprzedaz-prowokatywna\/#breadcrumb\"},\"inLanguage\":\"pl-PL\",\"potentialAction\":[{\"@type\":\"ReadAction\",\"target\":[\"https:\/\/mateuszmrozowski.pl\/sklep\/produkt\/pakiet-promocyjny-doktor-house-rewolucja-sprzedazy-prolog-sprzedaz-prowokatywna\/\"]}]},{\"@type\":\"ImageObject\",\"inLanguage\":\"pl-PL\",\"@id\":\"https:\/\/mateuszmrozowski.pl\/sklep\/produkt\/pakiet-promocyjny-doktor-house-rewolucja-sprzedazy-prolog-sprzedaz-prowokatywna\/#primaryimage\",\"url\":\"https:\/\/mateuszmrozowski.pl\/sklep\/wp-content\/uploads\/2022\/02\/fvs.jpg\",\"contentUrl\":\"https:\/\/mateuszmrozowski.pl\/sklep\/wp-content\/uploads\/2022\/02\/fvs.jpg\",\"width\":660,\"height\":659},{\"@type\":\"BreadcrumbList\",\"@id\":\"https:\/\/mateuszmrozowski.pl\/sklep\/produkt\/pakiet-promocyjny-doktor-house-rewolucja-sprzedazy-prolog-sprzedaz-prowokatywna\/#breadcrumb\",\"itemListElement\":[{\"@type\":\"ListItem\",\"position\":1,\"name\":\"Strona g\u0142\u00f3wna\",\"item\":\"https:\/\/mateuszmrozowski.pl\/sklep\/\"},{\"@type\":\"ListItem\",\"position\":2,\"name\":\"Szkolenia biznesowe i kursy sprzeda\u017cowe\",\"item\":\"https:\/\/mateuszmrozowski.pl\/sklep\/\"},{\"@type\":\"ListItem\",\"position\":3,\"name\":\"Kursy online\",\"item\":\"https:\/\/mateuszmrozowski.pl\/sklep\/kategoria-produktu\/kursy-online\/\"},{\"@type\":\"ListItem\",\"position\":4,\"name\":\"Pakiet promocyjny: Doktor House + Rewolucja Sprzeda\u017cy Prolog + Sprzeda\u017c Prowokatywna\"}]},{\"@type\":\"WebSite\",\"@id\":\"https:\/\/mateuszmrozowski.pl\/sklep\/#website\",\"url\":\"https:\/\/mateuszmrozowski.pl\/sklep\/\",\"name\":\"Mateusz Mrozowski Trener biznesu\",\"description\":\"Walcz\u0119 o wynik dla firm z kt\u00f3rymi wsp\u00f3\u0142pracuj\u0119.\",\"publisher\":{\"@id\":\"https:\/\/mateuszmrozowski.pl\/sklep\/#organization\"},\"alternateName\":\"Mateusz Mrozowski\",\"potentialAction\":[{\"@type\":\"SearchAction\",\"target\":{\"@type\":\"EntryPoint\",\"urlTemplate\":\"https:\/\/mateuszmrozowski.pl\/sklep\/?s={search_term_string}\"},\"query-input\":{\"@type\":\"PropertyValueSpecification\",\"valueRequired\":true,\"valueName\":\"search_term_string\"}}],\"inLanguage\":\"pl-PL\"},{\"@type\":\"Organization\",\"@id\":\"https:\/\/mateuszmrozowski.pl\/sklep\/#organization\",\"name\":\"Mateusz Mrozowski Trener biznesu\",\"alternateName\":\"Mateusz Mrozowski\",\"url\":\"https:\/\/mateuszmrozowski.pl\/sklep\/\",\"logo\":{\"@type\":\"ImageObject\",\"inLanguage\":\"pl-PL\",\"@id\":\"https:\/\/mateuszmrozowski.pl\/sklep\/#\/schema\/logo\/image\/\",\"url\":\"https:\/\/mateuszmrozowski.pl\/sklep\/wp-content\/uploads\/2025\/03\/cropped-mateusz_mrozowski_logo.png\",\"contentUrl\":\"https:\/\/mateuszmrozowski.pl\/sklep\/wp-content\/uploads\/2025\/03\/cropped-mateusz_mrozowski_logo.png\",\"width\":236,\"height\":59,\"caption\":\"Mateusz Mrozowski Trener biznesu\"},\"image\":{\"@id\":\"https:\/\/mateuszmrozowski.pl\/sklep\/#\/schema\/logo\/image\/\"},\"sameAs\":[\"https:\/\/www.facebook.com\/mateuszmrozowskisiewca\",\"https:\/\/www.youtube.com\/channel\/UCI6FhECZ4GdL1TYU5oh5JDg\",\"https:\/\/www.instagram.com\/mrozowski.siewca\/\",\"https:\/\/www.linkedin.com\/in\/mateuszmrozowski\/\",\"https:\/\/maps.app.goo.gl\/Ee8wtgr6gx2CjEM68\",\"https:\/\/www.tiktok.com\/@mateuszmrozowskisiewca\"]}]}<\/script>\n<!-- \/ Yoast SEO plugin. -->","yoast_head_json":{"title":"Pakiet promocyjny: Doktor House + Rewolucja Sprzeda\u017cy Prolog + Sprzeda\u017c Prowokatywna - Mateusz Mrozowski Trener Biznesu","robots":{"index":"noindex","follow":"nofollow"},"og_locale":"pl_PL","og_type":"article","og_title":"Pakiet promocyjny: Doktor House + Rewolucja Sprzeda\u017cy Prolog + Sprzeda\u017c Prowokatywna - Mateusz Mrozowski Trener Biznesu","og_description":"Doktor House Sprzeda\u017cy Sprzeda\u017c prowokatywna opiera swoje za\u0142o\u017cenia o model funkcjonowania psychologii behawioralnej i neurosprzeda\u017cy. G\u0142\u00f3wnym czynnikiem pracy w tym modelu sprzeda\u017cowym jest etap poznania i zaznajomienia si\u0119 z procesem funkcjonowania neuron\u00f3w lustrzanych, kt\u00f3rych odkrycie w ostatnich latach przynios\u0142o tw\u00f3rcom nagrod\u0119 Nobla. Sprzeda\u017c prowokatywna zawiera elementy \u201eThe Challenger Sale\u201d, a zatem metodologii nazwanej i okre\u015blanej [&hellip;]","og_url":"https:\/\/mateuszmrozowski.pl\/sklep\/produkt\/pakiet-promocyjny-doktor-house-rewolucja-sprzedazy-prolog-sprzedaz-prowokatywna\/","og_site_name":"Mateusz Mrozowski Trener Biznesu","article_publisher":"https:\/\/www.facebook.com\/mateuszmrozowskisiewca","article_modified_time":"2025-08-01T19:36:41+00:00","og_image":[{"width":660,"height":659,"url":"https:\/\/mateuszmrozowski.pl\/sklep\/wp-content\/uploads\/2022\/02\/fvs.jpg","type":"image\/jpeg"}],"twitter_card":"summary_large_image","twitter_misc":{"Szacowany czas czytania":"3 minuty"},"schema":{"@context":"https:\/\/schema.org","@graph":[{"@type":"WebPage","@id":"https:\/\/mateuszmrozowski.pl\/sklep\/produkt\/pakiet-promocyjny-doktor-house-rewolucja-sprzedazy-prolog-sprzedaz-prowokatywna\/","url":"https:\/\/mateuszmrozowski.pl\/sklep\/produkt\/pakiet-promocyjny-doktor-house-rewolucja-sprzedazy-prolog-sprzedaz-prowokatywna\/","name":"Pakiet promocyjny: Doktor House + Rewolucja Sprzeda\u017cy Prolog + Sprzeda\u017c Prowokatywna - Mateusz Mrozowski Trener Biznesu","isPartOf":{"@id":"https:\/\/mateuszmrozowski.pl\/sklep\/#website"},"primaryImageOfPage":{"@id":"https:\/\/mateuszmrozowski.pl\/sklep\/produkt\/pakiet-promocyjny-doktor-house-rewolucja-sprzedazy-prolog-sprzedaz-prowokatywna\/#primaryimage"},"image":{"@id":"https:\/\/mateuszmrozowski.pl\/sklep\/produkt\/pakiet-promocyjny-doktor-house-rewolucja-sprzedazy-prolog-sprzedaz-prowokatywna\/#primaryimage"},"thumbnailUrl":"https:\/\/mateuszmrozowski.pl\/sklep\/wp-content\/uploads\/2022\/02\/fvs.jpg","datePublished":"2022-02-10T13:59:36+00:00","dateModified":"2025-08-01T19:36:41+00:00","breadcrumb":{"@id":"https:\/\/mateuszmrozowski.pl\/sklep\/produkt\/pakiet-promocyjny-doktor-house-rewolucja-sprzedazy-prolog-sprzedaz-prowokatywna\/#breadcrumb"},"inLanguage":"pl-PL","potentialAction":[{"@type":"ReadAction","target":["https:\/\/mateuszmrozowski.pl\/sklep\/produkt\/pakiet-promocyjny-doktor-house-rewolucja-sprzedazy-prolog-sprzedaz-prowokatywna\/"]}]},{"@type":"ImageObject","inLanguage":"pl-PL","@id":"https:\/\/mateuszmrozowski.pl\/sklep\/produkt\/pakiet-promocyjny-doktor-house-rewolucja-sprzedazy-prolog-sprzedaz-prowokatywna\/#primaryimage","url":"https:\/\/mateuszmrozowski.pl\/sklep\/wp-content\/uploads\/2022\/02\/fvs.jpg","contentUrl":"https:\/\/mateuszmrozowski.pl\/sklep\/wp-content\/uploads\/2022\/02\/fvs.jpg","width":660,"height":659},{"@type":"BreadcrumbList","@id":"https:\/\/mateuszmrozowski.pl\/sklep\/produkt\/pakiet-promocyjny-doktor-house-rewolucja-sprzedazy-prolog-sprzedaz-prowokatywna\/#breadcrumb","itemListElement":[{"@type":"ListItem","position":1,"name":"Strona g\u0142\u00f3wna","item":"https:\/\/mateuszmrozowski.pl\/sklep\/"},{"@type":"ListItem","position":2,"name":"Szkolenia biznesowe i kursy sprzeda\u017cowe","item":"https:\/\/mateuszmrozowski.pl\/sklep\/"},{"@type":"ListItem","position":3,"name":"Kursy online","item":"https:\/\/mateuszmrozowski.pl\/sklep\/kategoria-produktu\/kursy-online\/"},{"@type":"ListItem","position":4,"name":"Pakiet promocyjny: Doktor House + Rewolucja Sprzeda\u017cy Prolog + Sprzeda\u017c Prowokatywna"}]},{"@type":"WebSite","@id":"https:\/\/mateuszmrozowski.pl\/sklep\/#website","url":"https:\/\/mateuszmrozowski.pl\/sklep\/","name":"Mateusz Mrozowski Trener biznesu","description":"Walcz\u0119 o wynik dla firm z kt\u00f3rymi wsp\u00f3\u0142pracuj\u0119.","publisher":{"@id":"https:\/\/mateuszmrozowski.pl\/sklep\/#organization"},"alternateName":"Mateusz Mrozowski","potentialAction":[{"@type":"SearchAction","target":{"@type":"EntryPoint","urlTemplate":"https:\/\/mateuszmrozowski.pl\/sklep\/?s={search_term_string}"},"query-input":{"@type":"PropertyValueSpecification","valueRequired":true,"valueName":"search_term_string"}}],"inLanguage":"pl-PL"},{"@type":"Organization","@id":"https:\/\/mateuszmrozowski.pl\/sklep\/#organization","name":"Mateusz Mrozowski Trener biznesu","alternateName":"Mateusz Mrozowski","url":"https:\/\/mateuszmrozowski.pl\/sklep\/","logo":{"@type":"ImageObject","inLanguage":"pl-PL","@id":"https:\/\/mateuszmrozowski.pl\/sklep\/#\/schema\/logo\/image\/","url":"https:\/\/mateuszmrozowski.pl\/sklep\/wp-content\/uploads\/2025\/03\/cropped-mateusz_mrozowski_logo.png","contentUrl":"https:\/\/mateuszmrozowski.pl\/sklep\/wp-content\/uploads\/2025\/03\/cropped-mateusz_mrozowski_logo.png","width":236,"height":59,"caption":"Mateusz Mrozowski Trener biznesu"},"image":{"@id":"https:\/\/mateuszmrozowski.pl\/sklep\/#\/schema\/logo\/image\/"},"sameAs":["https:\/\/www.facebook.com\/mateuszmrozowskisiewca","https:\/\/www.youtube.com\/channel\/UCI6FhECZ4GdL1TYU5oh5JDg","https:\/\/www.instagram.com\/mrozowski.siewca\/","https:\/\/www.linkedin.com\/in\/mateuszmrozowski\/","https:\/\/maps.app.goo.gl\/Ee8wtgr6gx2CjEM68","https:\/\/www.tiktok.com\/@mateuszmrozowskisiewca"]}]}},"_links":{"self":[{"href":"https:\/\/mateuszmrozowski.pl\/sklep\/wp-json\/wp\/v2\/product\/6380","targetHints":{"allow":["GET"]}}],"collection":[{"href":"https:\/\/mateuszmrozowski.pl\/sklep\/wp-json\/wp\/v2\/product"}],"about":[{"href":"https:\/\/mateuszmrozowski.pl\/sklep\/wp-json\/wp\/v2\/types\/product"}],"wp:featuredmedia":[{"embeddable":true,"href":"https:\/\/mateuszmrozowski.pl\/sklep\/wp-json\/wp\/v2\/media\/6382"}],"wp:attachment":[{"href":"https:\/\/mateuszmrozowski.pl\/sklep\/wp-json\/wp\/v2\/media?parent=6380"}],"wp:term":[{"taxonomy":"product_brand","embeddable":true,"href":"https:\/\/mateuszmrozowski.pl\/sklep\/wp-json\/wp\/v2\/product_brand?post=6380"},{"taxonomy":"product_cat","embeddable":true,"href":"https:\/\/mateuszmrozowski.pl\/sklep\/wp-json\/wp\/v2\/product_cat?post=6380"},{"taxonomy":"product_tag","embeddable":true,"href":"https:\/\/mateuszmrozowski.pl\/sklep\/wp-json\/wp\/v2\/product_tag?post=6380"}],"curies":[{"name":"wp","href":"https:\/\/api.w.org\/{rel}","templated":true}]}}