{"id":5012,"date":"2021-11-09T15:17:35","date_gmt":"2021-11-09T15:17:35","guid":{"rendered":"https:\/\/mateuszmrozowski.pl\/sklep\/?post_type=product&#038;p=5012"},"modified":"2025-05-26T09:02:44","modified_gmt":"2025-05-26T09:02:44","slug":"personal-branding-public-speaking","status":"publish","type":"product","link":"https:\/\/mateuszmrozowski.pl\/sklep\/produkt\/personal-branding-public-speaking\/","title":{"rendered":"&#8222;Personal Branding &amp; Public Speaking&#8221;"},"content":{"rendered":"\n\n<div class=\"kk-star-ratings kksr-auto kksr-align-left kksr-valign-top kksr-disabled\"\n    data-payload='{&quot;align&quot;:&quot;left&quot;,&quot;id&quot;:&quot;5012&quot;,&quot;readonly&quot;:&quot;1&quot;,&quot;slug&quot;:&quot;default&quot;,&quot;valign&quot;:&quot;top&quot;,&quot;ignore&quot;:&quot;&quot;,&quot;reference&quot;:&quot;auto&quot;,&quot;class&quot;:&quot;&quot;,&quot;count&quot;:&quot;5&quot;,&quot;legendonly&quot;:&quot;&quot;,&quot;score&quot;:&quot;5&quot;,&quot;starsonly&quot;:&quot;&quot;,&quot;best&quot;:&quot;5&quot;,&quot;gap&quot;:&quot;5&quot;,&quot;greet&quot;:&quot;Wystaw ocen\u0119&quot;,&quot;legend&quot;:&quot;5\\\/5 - (5 ocen)&quot;,&quot;size&quot;:&quot;16&quot;,&quot;title&quot;:&quot;\\u0026quot;Personal Branding \\u0026amp; Public Speaking\\u0026quot;&quot;,&quot;width&quot;:&quot;102.5&quot;,&quot;_legend&quot;:&quot;{score}\\\/{best} - ({count} ocen)&quot;,&quot;font_factor&quot;:&quot;1.25&quot;}'>\n            \n<div class=\"kksr-stars\">\n    \n<div class=\"kksr-stars-inactive\">\n            <div class=\"kksr-star\" data-star=\"1\" style=\"padding-right: 5px\">\n            \n\n<div class=\"kksr-icon\" style=\"width: 16px; height: 16px;\"><\/div>\n        <\/div>\n            <div class=\"kksr-star\" data-star=\"2\" style=\"padding-right: 5px\">\n            \n\n<div class=\"kksr-icon\" style=\"width: 16px; height: 16px;\"><\/div>\n        <\/div>\n            <div class=\"kksr-star\" data-star=\"3\" style=\"padding-right: 5px\">\n            \n\n<div class=\"kksr-icon\" style=\"width: 16px; height: 16px;\"><\/div>\n        <\/div>\n            <div class=\"kksr-star\" data-star=\"4\" style=\"padding-right: 5px\">\n            \n\n<div class=\"kksr-icon\" style=\"width: 16px; height: 16px;\"><\/div>\n        <\/div>\n            <div class=\"kksr-star\" data-star=\"5\" style=\"padding-right: 5px\">\n            \n\n<div class=\"kksr-icon\" style=\"width: 16px; height: 16px;\"><\/div>\n        <\/div>\n    <\/div>\n    \n<div class=\"kksr-stars-active\" style=\"width: 102.5px;\">\n            <div class=\"kksr-star\" style=\"padding-right: 5px\">\n            \n\n<div class=\"kksr-icon\" style=\"width: 16px; height: 16px;\"><\/div>\n        <\/div>\n            <div class=\"kksr-star\" style=\"padding-right: 5px\">\n            \n\n<div class=\"kksr-icon\" style=\"width: 16px; height: 16px;\"><\/div>\n        <\/div>\n            <div class=\"kksr-star\" style=\"padding-right: 5px\">\n            \n\n<div class=\"kksr-icon\" style=\"width: 16px; height: 16px;\"><\/div>\n        <\/div>\n            <div class=\"kksr-star\" style=\"padding-right: 5px\">\n            \n\n<div class=\"kksr-icon\" style=\"width: 16px; height: 16px;\"><\/div>\n        <\/div>\n            <div class=\"kksr-star\" style=\"padding-right: 5px\">\n            \n\n<div class=\"kksr-icon\" style=\"width: 16px; height: 16px;\"><\/div>\n        <\/div>\n    <\/div>\n<\/div>\n                \n\n<div class=\"kksr-legend\" style=\"font-size: 12.8px;\">\n            5\/5 - (5 ocen)    <\/div>\n    <\/div>\n<h2 data-pm-slice=\"1 1 []\"><strong>Stw\u00f3rz mark\u0119 osobist\u0105 i naucz si\u0119 przemawia\u0107 publicznie!<\/strong><\/h2>\n<p>Czy wiesz, \u017ce skuteczny <strong>personal branding<\/strong> mo\u017ce otworzy\u0107 Ci drzwi do sukcesu w \u017cyciu zawodowym i prywatnym? A umiej\u0119tno\u015b\u0107 <strong>wyst\u0105pie\u0144 publicznych<\/strong> pozwala na pewniejsze budowanie swojego wizerunku? Ksi\u0105\u017cka <em>Personal Branding &amp; Public Speaking<\/em> to niezb\u0119dnik dla ka\u017cdego, kto chce wyr\u00f3\u017cnia\u0107 si\u0119 na rynku, budowa\u0107 autorytet i przyci\u0105ga\u0107 nowych klient\u00f3w, wsp\u00f3\u0142pracownik\u00f3w czy odbiorc\u00f3w.<\/p>\n<div>\n<hr \/>\n<\/div>\n<h3><strong>Co znajdziesz w ksi\u0105\u017cce?<\/strong><\/h3>\n<p>To nie jest zwyk\u0142a lektura o budowaniu marki osobistej i wyst\u0105pieniach publicznych. To kompletny przewodnik, kt\u00f3ry dostarcza sprawdzonych metod i strategii, dzi\u0119ki kt\u00f3rym:<\/p>\n<ul>\n<li>Zrozumiesz <strong>podstawy brandingu<\/strong> i dowiesz si\u0119, jak stworzy\u0107 sp\u00f3jn\u0105 i autentyczn\u0105 mark\u0119 osobist\u0105.<\/li>\n<li>Poznasz <strong>analiz\u0119 SWOT i RRP<\/strong> \u2013 narz\u0119dzia, kt\u00f3re pomog\u0105 Ci oceni\u0107 swoje mocne strony oraz mo\u017cliwo\u015bci na rynku.<\/li>\n<li>Nauczysz si\u0119 prze\u0142amywa\u0107 swoje ograniczenia, wychodzi\u0107 ze <strong>strefy komfortu<\/strong> i budowa\u0107 wewn\u0119trzn\u0105 motywacj\u0119.<\/li>\n<li>Dowiesz si\u0119, czym s\u0105 <strong>7 zasad Harringtona<\/strong> i jak mo\u017cesz je zastosowa\u0107 w swojej karierze.<\/li>\n<li>Opanujesz <strong>regu\u0142y wywierania wp\u0142ywu<\/strong>, dzi\u0119ki kt\u00f3rym Twoje wyst\u0105pienia publiczne b\u0119d\u0105 skuteczniejsze.<\/li>\n<li>Zdob\u0119dziesz praktyczne wskaz\u00f3wki dotycz\u0105ce <strong>zasad budowania wyst\u0105pie\u0144 publicznych<\/strong>, aby Twoje prezentacje by\u0142y porywaj\u0105ce i zapadaj\u0105ce w pami\u0119\u0107.<\/li>\n<li>Poznasz <strong>sztuk\u0119 storytellingu<\/strong> i <strong>teori\u0119 chiazmu<\/strong>, dzi\u0119ki kt\u00f3rym Twoje wyst\u0105pienia b\u0119d\u0105 bardziej anga\u017cuj\u0105ce i przekonuj\u0105ce.<\/li>\n<li>I wiele innych praktycznych technik!<\/li>\n<\/ul>\n<div>\n<hr \/>\n<\/div>\n<h3><strong>Dla kogo jest ta ksi\u0105\u017cka?<\/strong><\/h3>\n<p><em>Ksi\u0105\u017cka Personal Branding &amp; Public Speaking<\/em> jest dla Ciebie, je\u015bli:<\/p>\n<ul>\n<li>Jeste\u015b <strong>przedsi\u0119biorc\u0105<\/strong>, kt\u00f3ry chce wzmocni\u0107 sw\u00f3j wizerunek i przyci\u0105gn\u0105\u0107 nowych klient\u00f3w.<\/li>\n<li>Chcesz sta\u0107 si\u0119 <strong>ekspertem w swojej bran\u017cy<\/strong> i budowa\u0107 swoj\u0105 rozpoznawalno\u015b\u0107.<\/li>\n<li>Marzysz o skutecznych <strong>wyst\u0105pieniach publicznych<\/strong>, kt\u00f3re zrobi\u0105 wra\u017cenie na odbiorcach.<\/li>\n<li>Jeste\u015b <strong>studentem lub profesjonalist\u0105<\/strong>, kt\u00f3ry chce wyr\u00f3\u017cnia\u0107 si\u0119 na rynku pracy.<\/li>\n<li>Pracujesz w dziedzinach zwi\u0105zanych z <strong>marketingiem, sprzeda\u017c\u0105, HR czy mediami<\/strong>.<\/li>\n<li>Chcesz budowa\u0107 mark\u0119 osobist\u0105, ale nie wiesz, od czego zacz\u0105\u0107.<\/li>\n<\/ul>\n<div>\n<hr \/>\n<\/div>\n<h3><strong>Dlaczego warto zam\u00f3wi\u0107 t\u0119 ksi\u0105\u017ck\u0119?<\/strong><\/h3>\n<p><strong>\u2705 Praktyczna wiedza<\/strong> \u2013 zawiera konkretne wskaz\u00f3wki i narz\u0119dzia do wdro\u017cenia od zaraz.<br \/>\n\u2705 <strong>Studium przypadk\u00f3w<\/strong> \u2013 realne przyk\u0142ady pokazuj\u0105ce, jak branding i wyst\u0105pienia publiczne zmieni\u0142y \u017cycie zawodowe wielu os\u00f3b.<br \/>\n\u2705 <strong>Dzia\u0142ania krok po kroku<\/strong> \u2013 ka\u017cdy rozdzia\u0142 zawiera praktyczne zadania, dzi\u0119ki kt\u00f3rym mo\u017cesz od razu wdro\u017cy\u0107 zdobyt\u0105 wiedz\u0119.<br \/>\n\u2705 <strong>Inspiracja i motywacja<\/strong> \u2013 ksi\u0105\u017cka zach\u0119ca do dzia\u0142ania i pomaga pokona\u0107 strach przed wyst\u0105pieniami.<\/p>\n<p>Nie czekaj \u2013 <strong>zam\u00f3w sw\u00f3j egzemplarz ju\u017c dzi\u015b<\/strong> i zacznij budowa\u0107 swoj\u0105 mark\u0119 osobist\u0105 oraz mistrzowskie umiej\u0119tno\u015bci wyst\u0105pie\u0144 publicznych!<\/p>\n<p>&nbsp;<\/p>\n","protected":false},"excerpt":{"rendered":"<p>Stw\u00f3rz mark\u0119 osobist\u0105 i naucz si\u0119 przemawia\u0107 publicznie! Czy wiesz, \u017ce skuteczny personal branding mo\u017ce otworzy\u0107 Ci drzwi do sukcesu w \u017cyciu zawodowym i prywatnym? A umiej\u0119tno\u015b\u0107 wyst\u0105pie\u0144 publicznych pozwala na pewniejsze budowanie swojego wizerunku? Ksi\u0105\u017cka Personal Branding &amp; Public Speaking to niezb\u0119dnik dla ka\u017cdego, kto chce wyr\u00f3\u017cnia\u0107 si\u0119 na rynku, budowa\u0107 autorytet i przyci\u0105ga\u0107 [&hellip;]<\/p>\n","protected":false},"featured_media":99846,"template":"","meta":{"_acf_changed":false,"content-type":""},"product_brand":[],"product_cat":[24,114],"product_tag":[120,102],"class_list":{"0":"post-5012","1":"product","2":"type-product","3":"status-publish","4":"has-post-thumbnail","6":"product_cat-ksiazki-biznesowe","7":"product_cat-wszystkie-produkty","8":"product_tag-feed","9":"product_tag-ksiazka-personal-branding-public-speaking","11":"first","12":"instock","13":"taxable","14":"shipping-taxable","15":"purchasable","16":"product-type-simple"},"acf":[],"yoast_head":"<!-- This site is optimized with the Yoast SEO plugin v27.1.1 - https:\/\/yoast.com\/product\/yoast-seo-wordpress\/ -->\n<title>[Ksi\u0105\u017cka] Personal Branding &amp; Public Speaking<\/title>\n<meta name=\"description\" content=\"Ksi\u0105\u017cka z Marki Osobistej | M.Mrozowski M.Ksi\u0119\u017cniakiewicz \u2714\ufe0f Wiedza i Do\u015bwiadczenie \u2714\ufe0f Autorskie Metody \u2714\ufe0f Naukowo Potwierdzone \u2714\ufe0f Kup Teraz \u00bb\" \/>\n<meta name=\"robots\" content=\"index, follow, max-snippet:-1, max-image-preview:large, max-video-preview:-1\" \/>\n<link rel=\"canonical\" href=\"https:\/\/mateuszmrozowski.pl\/sklep\/produkt\/personal-branding-public-speaking\/\" \/>\n<meta property=\"og:locale\" content=\"pl_PL\" \/>\n<meta property=\"og:type\" content=\"article\" \/>\n<meta property=\"og:title\" content=\"[Ksi\u0105\u017cka] Personal Branding &amp; Public Speaking\" \/>\n<meta property=\"og:description\" content=\"Ksi\u0105\u017cka z Marki Osobistej | M.Mrozowski M.Ksi\u0119\u017cniakiewicz \u2714\ufe0f Wiedza i Do\u015bwiadczenie \u2714\ufe0f Autorskie Metody \u2714\ufe0f Naukowo Potwierdzone \u2714\ufe0f Kup Teraz \u00bb\" \/>\n<meta property=\"og:url\" content=\"https:\/\/mateuszmrozowski.pl\/sklep\/produkt\/personal-branding-public-speaking\/\" \/>\n<meta property=\"og:site_name\" content=\"Mateusz Mrozowski Trener Biznesu\" \/>\n<meta property=\"article:publisher\" content=\"https:\/\/www.facebook.com\/mateuszmrozowskisiewca\" \/>\n<meta property=\"article:modified_time\" content=\"2025-05-26T09:02:44+00:00\" \/>\n<meta property=\"og:image\" content=\"https:\/\/mateuszmrozowski.pl\/sklep\/wp-content\/uploads\/2021\/11\/Ksiazka-Personal-Mrozowski-Ksiezniakiewicz-1.png\" \/>\n\t<meta property=\"og:image:width\" content=\"1080\" \/>\n\t<meta property=\"og:image:height\" content=\"1080\" \/>\n\t<meta property=\"og:image:type\" content=\"image\/png\" \/>\n<meta name=\"twitter:card\" content=\"summary_large_image\" \/>\n<meta name=\"twitter:label1\" content=\"Szacowany czas czytania\" \/>\n\t<meta name=\"twitter:data1\" content=\"3 minuty\" \/>\n<script type=\"application\/ld+json\" class=\"yoast-schema-graph\">{\"@context\":\"https:\/\/schema.org\",\"@graph\":[{\"@type\":\"WebPage\",\"@id\":\"https:\/\/mateuszmrozowski.pl\/sklep\/produkt\/personal-branding-public-speaking\/\",\"url\":\"https:\/\/mateuszmrozowski.pl\/sklep\/produkt\/personal-branding-public-speaking\/\",\"name\":\"[Ksi\u0105\u017cka] Personal Branding & Public Speaking\",\"isPartOf\":{\"@id\":\"https:\/\/mateuszmrozowski.pl\/sklep\/#website\"},\"primaryImageOfPage\":{\"@id\":\"https:\/\/mateuszmrozowski.pl\/sklep\/produkt\/personal-branding-public-speaking\/#primaryimage\"},\"image\":{\"@id\":\"https:\/\/mateuszmrozowski.pl\/sklep\/produkt\/personal-branding-public-speaking\/#primaryimage\"},\"thumbnailUrl\":\"https:\/\/mateuszmrozowski.pl\/sklep\/wp-content\/uploads\/2021\/11\/Ksiazka-Personal-Mrozowski-Ksiezniakiewicz-1.png\",\"datePublished\":\"2021-11-09T15:17:35+00:00\",\"dateModified\":\"2025-05-26T09:02:44+00:00\",\"description\":\"Ksi\u0105\u017cka z Marki Osobistej | M.Mrozowski M.Ksi\u0119\u017cniakiewicz \u2714\ufe0f Wiedza i Do\u015bwiadczenie \u2714\ufe0f Autorskie Metody \u2714\ufe0f Naukowo Potwierdzone \u2714\ufe0f Kup Teraz \u00bb\",\"breadcrumb\":{\"@id\":\"https:\/\/mateuszmrozowski.pl\/sklep\/produkt\/personal-branding-public-speaking\/#breadcrumb\"},\"inLanguage\":\"pl-PL\",\"potentialAction\":[{\"@type\":\"ReadAction\",\"target\":[\"https:\/\/mateuszmrozowski.pl\/sklep\/produkt\/personal-branding-public-speaking\/\"]}]},{\"@type\":\"ImageObject\",\"inLanguage\":\"pl-PL\",\"@id\":\"https:\/\/mateuszmrozowski.pl\/sklep\/produkt\/personal-branding-public-speaking\/#primaryimage\",\"url\":\"https:\/\/mateuszmrozowski.pl\/sklep\/wp-content\/uploads\/2021\/11\/Ksiazka-Personal-Mrozowski-Ksiezniakiewicz-1.png\",\"contentUrl\":\"https:\/\/mateuszmrozowski.pl\/sklep\/wp-content\/uploads\/2021\/11\/Ksiazka-Personal-Mrozowski-Ksiezniakiewicz-1.png\",\"width\":1080,\"height\":1080},{\"@type\":\"BreadcrumbList\",\"@id\":\"https:\/\/mateuszmrozowski.pl\/sklep\/produkt\/personal-branding-public-speaking\/#breadcrumb\",\"itemListElement\":[{\"@type\":\"ListItem\",\"position\":1,\"name\":\"Strona g\u0142\u00f3wna\",\"item\":\"https:\/\/mateuszmrozowski.pl\/sklep\/\"},{\"@type\":\"ListItem\",\"position\":2,\"name\":\"Szkolenia biznesowe i kursy sprzeda\u017cowe\",\"item\":\"https:\/\/mateuszmrozowski.pl\/sklep\/\"},{\"@type\":\"ListItem\",\"position\":3,\"name\":\"Ksi\u0105\u017cki\",\"item\":\"https:\/\/mateuszmrozowski.pl\/sklep\/kategoria-produktu\/ksiazki-biznesowe\/\"},{\"@type\":\"ListItem\",\"position\":4,\"name\":\"&#8222;Personal Branding &amp; Public Speaking&#8221;\"}]},{\"@type\":\"WebSite\",\"@id\":\"https:\/\/mateuszmrozowski.pl\/sklep\/#website\",\"url\":\"https:\/\/mateuszmrozowski.pl\/sklep\/\",\"name\":\"Mateusz Mrozowski Trener biznesu\",\"description\":\"Walcz\u0119 o wynik dla firm z kt\u00f3rymi wsp\u00f3\u0142pracuj\u0119.\",\"publisher\":{\"@id\":\"https:\/\/mateuszmrozowski.pl\/sklep\/#organization\"},\"alternateName\":\"Mateusz Mrozowski\",\"potentialAction\":[{\"@type\":\"SearchAction\",\"target\":{\"@type\":\"EntryPoint\",\"urlTemplate\":\"https:\/\/mateuszmrozowski.pl\/sklep\/?s={search_term_string}\"},\"query-input\":{\"@type\":\"PropertyValueSpecification\",\"valueRequired\":true,\"valueName\":\"search_term_string\"}}],\"inLanguage\":\"pl-PL\"},{\"@type\":\"Organization\",\"@id\":\"https:\/\/mateuszmrozowski.pl\/sklep\/#organization\",\"name\":\"Mateusz Mrozowski Trener biznesu\",\"alternateName\":\"Mateusz Mrozowski\",\"url\":\"https:\/\/mateuszmrozowski.pl\/sklep\/\",\"logo\":{\"@type\":\"ImageObject\",\"inLanguage\":\"pl-PL\",\"@id\":\"https:\/\/mateuszmrozowski.pl\/sklep\/#\/schema\/logo\/image\/\",\"url\":\"https:\/\/mateuszmrozowski.pl\/sklep\/wp-content\/uploads\/2025\/03\/cropped-mateusz_mrozowski_logo.png\",\"contentUrl\":\"https:\/\/mateuszmrozowski.pl\/sklep\/wp-content\/uploads\/2025\/03\/cropped-mateusz_mrozowski_logo.png\",\"width\":236,\"height\":59,\"caption\":\"Mateusz Mrozowski Trener biznesu\"},\"image\":{\"@id\":\"https:\/\/mateuszmrozowski.pl\/sklep\/#\/schema\/logo\/image\/\"},\"sameAs\":[\"https:\/\/www.facebook.com\/mateuszmrozowskisiewca\",\"https:\/\/www.youtube.com\/channel\/UCI6FhECZ4GdL1TYU5oh5JDg\",\"https:\/\/www.instagram.com\/mrozowski.siewca\/\",\"https:\/\/www.linkedin.com\/in\/mateuszmrozowski\/\",\"https:\/\/maps.app.goo.gl\/Ee8wtgr6gx2CjEM68\",\"https:\/\/www.tiktok.com\/@mateuszmrozowskisiewca\"]}]}<\/script>\n<!-- \/ Yoast SEO plugin. -->","yoast_head_json":{"title":"[Ksi\u0105\u017cka] Personal Branding & Public Speaking","description":"Ksi\u0105\u017cka z Marki Osobistej | M.Mrozowski M.Ksi\u0119\u017cniakiewicz \u2714\ufe0f Wiedza i Do\u015bwiadczenie \u2714\ufe0f Autorskie Metody \u2714\ufe0f Naukowo Potwierdzone \u2714\ufe0f Kup Teraz \u00bb","robots":{"index":"index","follow":"follow","max-snippet":"max-snippet:-1","max-image-preview":"max-image-preview:large","max-video-preview":"max-video-preview:-1"},"canonical":"https:\/\/mateuszmrozowski.pl\/sklep\/produkt\/personal-branding-public-speaking\/","og_locale":"pl_PL","og_type":"article","og_title":"[Ksi\u0105\u017cka] Personal Branding & Public Speaking","og_description":"Ksi\u0105\u017cka z Marki Osobistej | M.Mrozowski M.Ksi\u0119\u017cniakiewicz \u2714\ufe0f Wiedza i Do\u015bwiadczenie \u2714\ufe0f Autorskie Metody \u2714\ufe0f Naukowo Potwierdzone \u2714\ufe0f Kup Teraz \u00bb","og_url":"https:\/\/mateuszmrozowski.pl\/sklep\/produkt\/personal-branding-public-speaking\/","og_site_name":"Mateusz Mrozowski Trener Biznesu","article_publisher":"https:\/\/www.facebook.com\/mateuszmrozowskisiewca","article_modified_time":"2025-05-26T09:02:44+00:00","og_image":[{"width":1080,"height":1080,"url":"https:\/\/mateuszmrozowski.pl\/sklep\/wp-content\/uploads\/2021\/11\/Ksiazka-Personal-Mrozowski-Ksiezniakiewicz-1.png","type":"image\/png"}],"twitter_card":"summary_large_image","twitter_misc":{"Szacowany czas czytania":"3 minuty"},"schema":{"@context":"https:\/\/schema.org","@graph":[{"@type":"WebPage","@id":"https:\/\/mateuszmrozowski.pl\/sklep\/produkt\/personal-branding-public-speaking\/","url":"https:\/\/mateuszmrozowski.pl\/sklep\/produkt\/personal-branding-public-speaking\/","name":"[Ksi\u0105\u017cka] Personal Branding & Public Speaking","isPartOf":{"@id":"https:\/\/mateuszmrozowski.pl\/sklep\/#website"},"primaryImageOfPage":{"@id":"https:\/\/mateuszmrozowski.pl\/sklep\/produkt\/personal-branding-public-speaking\/#primaryimage"},"image":{"@id":"https:\/\/mateuszmrozowski.pl\/sklep\/produkt\/personal-branding-public-speaking\/#primaryimage"},"thumbnailUrl":"https:\/\/mateuszmrozowski.pl\/sklep\/wp-content\/uploads\/2021\/11\/Ksiazka-Personal-Mrozowski-Ksiezniakiewicz-1.png","datePublished":"2021-11-09T15:17:35+00:00","dateModified":"2025-05-26T09:02:44+00:00","description":"Ksi\u0105\u017cka z Marki Osobistej | M.Mrozowski M.Ksi\u0119\u017cniakiewicz \u2714\ufe0f Wiedza i Do\u015bwiadczenie \u2714\ufe0f Autorskie Metody \u2714\ufe0f Naukowo Potwierdzone \u2714\ufe0f Kup Teraz \u00bb","breadcrumb":{"@id":"https:\/\/mateuszmrozowski.pl\/sklep\/produkt\/personal-branding-public-speaking\/#breadcrumb"},"inLanguage":"pl-PL","potentialAction":[{"@type":"ReadAction","target":["https:\/\/mateuszmrozowski.pl\/sklep\/produkt\/personal-branding-public-speaking\/"]}]},{"@type":"ImageObject","inLanguage":"pl-PL","@id":"https:\/\/mateuszmrozowski.pl\/sklep\/produkt\/personal-branding-public-speaking\/#primaryimage","url":"https:\/\/mateuszmrozowski.pl\/sklep\/wp-content\/uploads\/2021\/11\/Ksiazka-Personal-Mrozowski-Ksiezniakiewicz-1.png","contentUrl":"https:\/\/mateuszmrozowski.pl\/sklep\/wp-content\/uploads\/2021\/11\/Ksiazka-Personal-Mrozowski-Ksiezniakiewicz-1.png","width":1080,"height":1080},{"@type":"BreadcrumbList","@id":"https:\/\/mateuszmrozowski.pl\/sklep\/produkt\/personal-branding-public-speaking\/#breadcrumb","itemListElement":[{"@type":"ListItem","position":1,"name":"Strona g\u0142\u00f3wna","item":"https:\/\/mateuszmrozowski.pl\/sklep\/"},{"@type":"ListItem","position":2,"name":"Szkolenia biznesowe i kursy sprzeda\u017cowe","item":"https:\/\/mateuszmrozowski.pl\/sklep\/"},{"@type":"ListItem","position":3,"name":"Ksi\u0105\u017cki","item":"https:\/\/mateuszmrozowski.pl\/sklep\/kategoria-produktu\/ksiazki-biznesowe\/"},{"@type":"ListItem","position":4,"name":"&#8222;Personal Branding &amp; Public Speaking&#8221;"}]},{"@type":"WebSite","@id":"https:\/\/mateuszmrozowski.pl\/sklep\/#website","url":"https:\/\/mateuszmrozowski.pl\/sklep\/","name":"Mateusz Mrozowski Trener biznesu","description":"Walcz\u0119 o wynik dla firm z kt\u00f3rymi wsp\u00f3\u0142pracuj\u0119.","publisher":{"@id":"https:\/\/mateuszmrozowski.pl\/sklep\/#organization"},"alternateName":"Mateusz Mrozowski","potentialAction":[{"@type":"SearchAction","target":{"@type":"EntryPoint","urlTemplate":"https:\/\/mateuszmrozowski.pl\/sklep\/?s={search_term_string}"},"query-input":{"@type":"PropertyValueSpecification","valueRequired":true,"valueName":"search_term_string"}}],"inLanguage":"pl-PL"},{"@type":"Organization","@id":"https:\/\/mateuszmrozowski.pl\/sklep\/#organization","name":"Mateusz Mrozowski Trener biznesu","alternateName":"Mateusz Mrozowski","url":"https:\/\/mateuszmrozowski.pl\/sklep\/","logo":{"@type":"ImageObject","inLanguage":"pl-PL","@id":"https:\/\/mateuszmrozowski.pl\/sklep\/#\/schema\/logo\/image\/","url":"https:\/\/mateuszmrozowski.pl\/sklep\/wp-content\/uploads\/2025\/03\/cropped-mateusz_mrozowski_logo.png","contentUrl":"https:\/\/mateuszmrozowski.pl\/sklep\/wp-content\/uploads\/2025\/03\/cropped-mateusz_mrozowski_logo.png","width":236,"height":59,"caption":"Mateusz Mrozowski Trener biznesu"},"image":{"@id":"https:\/\/mateuszmrozowski.pl\/sklep\/#\/schema\/logo\/image\/"},"sameAs":["https:\/\/www.facebook.com\/mateuszmrozowskisiewca","https:\/\/www.youtube.com\/channel\/UCI6FhECZ4GdL1TYU5oh5JDg","https:\/\/www.instagram.com\/mrozowski.siewca\/","https:\/\/www.linkedin.com\/in\/mateuszmrozowski\/","https:\/\/maps.app.goo.gl\/Ee8wtgr6gx2CjEM68","https:\/\/www.tiktok.com\/@mateuszmrozowskisiewca"]}]}},"_links":{"self":[{"href":"https:\/\/mateuszmrozowski.pl\/sklep\/wp-json\/wp\/v2\/product\/5012","targetHints":{"allow":["GET"]}}],"collection":[{"href":"https:\/\/mateuszmrozowski.pl\/sklep\/wp-json\/wp\/v2\/product"}],"about":[{"href":"https:\/\/mateuszmrozowski.pl\/sklep\/wp-json\/wp\/v2\/types\/product"}],"wp:featuredmedia":[{"embeddable":true,"href":"https:\/\/mateuszmrozowski.pl\/sklep\/wp-json\/wp\/v2\/media\/99846"}],"wp:attachment":[{"href":"https:\/\/mateuszmrozowski.pl\/sklep\/wp-json\/wp\/v2\/media?parent=5012"}],"wp:term":[{"taxonomy":"product_brand","embeddable":true,"href":"https:\/\/mateuszmrozowski.pl\/sklep\/wp-json\/wp\/v2\/product_brand?post=5012"},{"taxonomy":"product_cat","embeddable":true,"href":"https:\/\/mateuszmrozowski.pl\/sklep\/wp-json\/wp\/v2\/product_cat?post=5012"},{"taxonomy":"product_tag","embeddable":true,"href":"https:\/\/mateuszmrozowski.pl\/sklep\/wp-json\/wp\/v2\/product_tag?post=5012"}],"curies":[{"name":"wp","href":"https:\/\/api.w.org\/{rel}","templated":true}]}}