{"id":4066,"date":"2021-09-12T13:48:13","date_gmt":"2021-09-12T13:48:13","guid":{"rendered":"https:\/\/mateuszmrozowski.pl\/sklep\/?post_type=product&#038;p=4066"},"modified":"2025-12-29T10:55:07","modified_gmt":"2025-12-29T10:55:07","slug":"wez-zycie-w-garsc","status":"publish","type":"product","link":"https:\/\/mateuszmrozowski.pl\/sklep\/produkt\/wez-zycie-w-garsc\/","title":{"rendered":"We\u017a \u017bycie w Gar\u015b\u0107"},"content":{"rendered":"\n\n<div class=\"kk-star-ratings kksr-auto kksr-align-left kksr-valign-top kksr-disabled\"\n    data-payload='{&quot;align&quot;:&quot;left&quot;,&quot;id&quot;:&quot;4066&quot;,&quot;readonly&quot;:&quot;1&quot;,&quot;slug&quot;:&quot;default&quot;,&quot;valign&quot;:&quot;top&quot;,&quot;ignore&quot;:&quot;&quot;,&quot;reference&quot;:&quot;auto&quot;,&quot;class&quot;:&quot;&quot;,&quot;count&quot;:&quot;2&quot;,&quot;legendonly&quot;:&quot;&quot;,&quot;score&quot;:&quot;5&quot;,&quot;starsonly&quot;:&quot;&quot;,&quot;best&quot;:&quot;5&quot;,&quot;gap&quot;:&quot;5&quot;,&quot;greet&quot;:&quot;Wystaw ocen\u0119&quot;,&quot;legend&quot;:&quot;5\\\/5 - (2 ocen)&quot;,&quot;size&quot;:&quot;16&quot;,&quot;title&quot;:&quot;We\u017a \u017bycie w Gar\u015b\u0107&quot;,&quot;width&quot;:&quot;102.5&quot;,&quot;_legend&quot;:&quot;{score}\\\/{best} - ({count} ocen)&quot;,&quot;font_factor&quot;:&quot;1.25&quot;}'>\n            \n<div class=\"kksr-stars\">\n    \n<div class=\"kksr-stars-inactive\">\n            <div class=\"kksr-star\" data-star=\"1\" style=\"padding-right: 5px\">\n            \n\n<div class=\"kksr-icon\" style=\"width: 16px; height: 16px;\"><\/div>\n        <\/div>\n            <div class=\"kksr-star\" data-star=\"2\" style=\"padding-right: 5px\">\n            \n\n<div class=\"kksr-icon\" style=\"width: 16px; height: 16px;\"><\/div>\n        <\/div>\n            <div class=\"kksr-star\" data-star=\"3\" style=\"padding-right: 5px\">\n            \n\n<div class=\"kksr-icon\" style=\"width: 16px; height: 16px;\"><\/div>\n        <\/div>\n            <div class=\"kksr-star\" data-star=\"4\" style=\"padding-right: 5px\">\n            \n\n<div class=\"kksr-icon\" style=\"width: 16px; height: 16px;\"><\/div>\n        <\/div>\n            <div class=\"kksr-star\" data-star=\"5\" style=\"padding-right: 5px\">\n            \n\n<div class=\"kksr-icon\" style=\"width: 16px; height: 16px;\"><\/div>\n        <\/div>\n    <\/div>\n    \n<div class=\"kksr-stars-active\" style=\"width: 102.5px;\">\n            <div class=\"kksr-star\" style=\"padding-right: 5px\">\n            \n\n<div class=\"kksr-icon\" style=\"width: 16px; height: 16px;\"><\/div>\n        <\/div>\n            <div class=\"kksr-star\" style=\"padding-right: 5px\">\n            \n\n<div class=\"kksr-icon\" style=\"width: 16px; height: 16px;\"><\/div>\n        <\/div>\n            <div class=\"kksr-star\" style=\"padding-right: 5px\">\n            \n\n<div class=\"kksr-icon\" style=\"width: 16px; height: 16px;\"><\/div>\n        <\/div>\n            <div class=\"kksr-star\" style=\"padding-right: 5px\">\n            \n\n<div class=\"kksr-icon\" style=\"width: 16px; height: 16px;\"><\/div>\n        <\/div>\n            <div class=\"kksr-star\" style=\"padding-right: 5px\">\n            \n\n<div class=\"kksr-icon\" style=\"width: 16px; height: 16px;\"><\/div>\n        <\/div>\n    <\/div>\n<\/div>\n                \n\n<div class=\"kksr-legend\" style=\"font-size: 12.8px;\">\n            5\/5 - (2 ocen)    <\/div>\n    <\/div>\n<article class=\"w-full text-token-text-primary focus-visible:outline-2 focus-visible:outline-offset-[-4px]\" dir=\"auto\" data-testid=\"conversation-turn-11\" data-scroll-anchor=\"true\">\n<div class=\"m-auto text-base py-[18px] px-6\">\n<div class=\"mx-auto flex flex-1 text-base gap-4 md:gap-5 lg:gap-6 md:max-w-3xl lg:max-w-[40rem] xl:max-w-[48rem]\">\n<div class=\"group\/conversation-turn relative flex w-full min-w-0 flex-col agent-turn @xs\/thread:px-0 @sm\/thread:px-1.5 @md\/thread:px-4\">\n<div class=\"flex-col gap-1 md:gap-3\">\n<div class=\"flex max-w-full flex-col flex-grow\">\n<div class=\"min-h-8 text-message relative flex w-full flex-col items-end gap-2 whitespace-normal break-words text-start [.text-message+&amp;]:mt-5\" dir=\"auto\" data-message-author-role=\"assistant\" data-message-id=\"f9deb137-7ea2-4902-a8b0-856a74b29f1b\" data-message-model-slug=\"gpt-4o\">\n<div class=\"flex w-full flex-col gap-1 empty:hidden first:pt-[3px]\">\n<div class=\"markdown prose w-full break-words dark:prose-invert dark\">\n<h2 data-start=\"28\" data-end=\"93\"><strong>We\u017a \u017bycie w Gar\u015b\u0107 &#8211; Pierwsza Autorska ksi\u0105\u017cka, kt\u00f3ra zmieni Twoje spojrzenie na siebie i \u015bwiat<\/strong><\/h2>\n<p data-start=\"95\" data-end=\"423\">Nie jest to zwyk\u0142a ksi\u0105\u017cka. To przewodnik po zmianie, zeszyt \u0107wicze\u0144 i inspiruj\u0105ca historia w jednym. <strong data-start=\"197\" data-end=\"219\">We\u017a \u017bycie w Gar\u015b\u0107!<\/strong> to opowie\u015b\u0107 o dziewczynie, kt\u00f3ra porzuci\u0142a utarte schematy, zerwa\u0142a z narzuconymi regu\u0142ami i rozpocz\u0119\u0142a \u017cycie na w\u0142asnych zasadach \u2013 nie wiedz\u0105c, co j\u0105 czeka. Zaryzykowa\u0142a wszystko, by odnale\u017a\u0107 siebie. Dzi\u015b dzieli si\u0119 swoj\u0105 wiedz\u0105 i do\u015bwiadczeniem, by pom\u00f3c tym, kt\u00f3rzy wci\u0105\u017c tkwi\u0105 w strefie komfortu, ale czuj\u0105, \u017ce czas na zmian\u0119. Ta ksi\u0105\u017cka nie da Ci gotowych odpowiedzi, ale zmusi Ci\u0119 do konfrontacji z w\u0142asnym \u017cyciem i zadania sobie najwa\u017cniejszych pyta\u0144.<\/p>\n<h3 data-start=\"686\" data-end=\"720\"><strong data-start=\"690\" data-end=\"718\">Co znajdziesz w ksi\u0105\u017cce?<\/strong><\/h3>\n<ul data-start=\"722\" data-end=\"980\">\n<li data-start=\"722\" data-end=\"792\">Inspiruj\u0105c\u0105 histori\u0119 o wyj\u015bciu poza schematy i odnalezieniu siebie<\/li>\n<li data-start=\"793\" data-end=\"846\">Poradnik pomagaj\u0105cy prze\u0142ama\u0107 strach przed zmian\u0105<\/li>\n<li data-start=\"847\" data-end=\"917\">\u0106wiczenia, kt\u00f3re pozwol\u0105 Ci lepiej zrozumie\u0107 swoje cele i marzenia<\/li>\n<li data-start=\"918\" data-end=\"980\">Prawdziwe pytania, kt\u00f3re zmusz\u0105 Ci\u0119 do g\u0142\u0119bokiej refleksji<\/li>\n<\/ul>\n<h3 data-start=\"982\" data-end=\"1017\"><strong data-start=\"986\" data-end=\"1015\">Dla kogo jest ta ksi\u0105\u017cka?<\/strong><\/h3>\n<ul data-start=\"1019\" data-end=\"1376\">\n<li data-start=\"1019\" data-end=\"1149\"><strong data-start=\"1021\" data-end=\"1059\">Dla tych, kt\u00f3rzy czuj\u0105, \u017ce utkn\u0119li<\/strong> \u2013 je\u015bli masz wra\u017cenie, \u017ce \u017cycie przecieka Ci przez palce, ale nie wiesz, jak je zmieni\u0107<\/li>\n<li data-start=\"1150\" data-end=\"1270\"><strong data-start=\"1152\" data-end=\"1196\">Dla tych, kt\u00f3rzy boj\u0105 si\u0119 podj\u0105\u0107 decyzj\u0119<\/strong> \u2013 je\u015bli brak Ci odwagi, by postawi\u0107 pierwszy krok w stron\u0119 nowego \u017cycia<\/li>\n<li data-start=\"1271\" data-end=\"1376\"><strong data-start=\"1273\" data-end=\"1305\">Dla ka\u017cdego, kto chce wi\u0119cej<\/strong> \u2013 je\u015bli pragniesz wyj\u015b\u0107 poza schemat i odnale\u017a\u0107 sw\u00f3j w\u0142asny kierunek<\/li>\n<\/ul>\n<h3 data-start=\"1378\" data-end=\"1411\"><strong data-start=\"1382\" data-end=\"1409\">Dlaczego warto zam\u00f3wi\u0107?<\/strong><\/h3>\n<p data-start=\"1413\" data-end=\"1797\"><strong data-start=\"1415\" data-end=\"1452\">\u2705 Autentyczna, inspiruj\u0105ca historia<\/strong> \u2013 prawdziwa opowie\u015b\u0107 o odwadze i poszukiwaniu siebie<br data-start=\"1505\" data-end=\"1508\" \/><strong data-start=\"1510\" data-end=\"1550\">\u2705 Nie tylko teoria, ale tak\u017ce praktyka<\/strong> \u2013 zeszyt \u0107wicze\u0144, kt\u00f3ry pomo\u017ce Ci wdro\u017cy\u0107 zmiany w \u017cycie<br data-start=\"1607\" data-end=\"1610\" \/><strong data-start=\"1612\" data-end=\"1644\">\u2705 Mocna, bezpo\u015brednia narracja<\/strong> \u2013 autorka nie owija w bawe\u0142n\u0119 i m\u00f3wi rzeczy takimi, jakie s\u0105<br data-start=\"1705\" data-end=\"1708\" \/><strong data-start=\"1710\" data-end=\"1754\">\u2705 Prawdziwa konfrontacja z Twoimi wyborami<\/strong> \u2013 ksi\u0105\u017cka, kt\u00f3ra sk\u0142oni Ci\u0119 do dzia\u0142ania<\/p>\n<p data-start=\"1799\" data-end=\"1865\" data-is-last-node=\"\" data-is-only-node=\"\"><strong data-start=\"1799\" data-end=\"1865\" data-is-last-node=\"\">Nie czekaj. We\u017a \u017cycie w gar\u015b\u0107 i zacznij swoj\u0105 podr\u00f3\u017c ju\u017c dzi\u015b!<\/strong><\/p>\n<\/div>\n<\/div>\n<\/div>\n<\/div>\n<div class=\"mb-2 flex gap-3 empty:hidden -ml-2\">\n<div class=\"items-center justify-start rounded-xl p-1 flex\">\n<div class=\"flex items-center\">\n<p>&nbsp;<\/p>\n<div class=\"flex\"><\/div>\n<p>&nbsp;<\/p>\n<\/div>\n<\/div>\n<\/div>\n<div class=\"mt-3 w-full empty:hidden\">\n<div class=\"text-center\"><\/div>\n<\/div>\n<\/div>\n<div class=\"absolute\">\n<div class=\"flex items-center justify-center\"><\/div>\n<\/div>\n<\/div>\n<\/div>\n<\/div>\n<\/article>\n<div class=\"pointer-events-none h-px w-px\" aria-hidden=\"true\" data-edge=\"true\"><\/div>\n","protected":false},"excerpt":{"rendered":"<p>We\u017a \u017bycie w Gar\u015b\u0107 &#8211; Pierwsza Autorska ksi\u0105\u017cka, kt\u00f3ra zmieni Twoje spojrzenie na siebie i \u015bwiat Nie jest to zwyk\u0142a ksi\u0105\u017cka. To przewodnik po zmianie, zeszyt \u0107wicze\u0144 i inspiruj\u0105ca historia w jednym. We\u017a \u017bycie w Gar\u015b\u0107! to opowie\u015b\u0107 o dziewczynie, kt\u00f3ra porzuci\u0142a utarte schematy, zerwa\u0142a z narzuconymi regu\u0142ami i rozpocz\u0119\u0142a \u017cycie na w\u0142asnych zasadach \u2013 [&hellip;]<\/p>\n","protected":false},"featured_media":99848,"template":"","meta":{"_acf_changed":false,"content-type":""},"product_brand":[],"product_cat":[24,114],"product_tag":[120,103],"class_list":{"0":"post-4066","1":"product","2":"type-product","3":"status-publish","4":"has-post-thumbnail","6":"product_cat-ksiazki-biznesowe","7":"product_cat-wszystkie-produkty","8":"product_tag-feed","9":"product_tag-ksiazka-wez-zycie-w-garsc-ksiazka-zeszyt-cwiczen","11":"first","12":"instock","13":"taxable","14":"shipping-taxable","15":"purchasable","16":"product-type-simple"},"acf":[],"yoast_head":"<!-- This site is optimized with the Yoast SEO plugin v27.3 - https:\/\/yoast.com\/product\/yoast-seo-wordpress\/ -->\n<title>Ksi\u0105\u017cka We\u017a \u017bycie w Gar\u015b\u0107 - | M. Ksi\u0119\u017cniakiewicz<\/title>\n<meta name=\"description\" content=\"Ksi\u0105\u017cka We\u017a \u017bycie w Gar\u015b\u0107 - M. Ksi\u0119\u017cniakiewicz \u2714\ufe0f Wiedza i Do\u015bwiadczenie \u2714\ufe0f Autorskie Metody \u2714\ufe0f Naukowo Potwierdzone! Kup Teraz \u00bb\" \/>\n<meta name=\"robots\" content=\"index, follow, max-snippet:-1, max-image-preview:large, max-video-preview:-1\" \/>\n<link rel=\"canonical\" href=\"https:\/\/mateuszmrozowski.pl\/sklep\/produkt\/wez-zycie-w-garsc\/\" \/>\n<meta property=\"og:locale\" content=\"pl_PL\" \/>\n<meta property=\"og:type\" content=\"article\" \/>\n<meta property=\"og:title\" content=\"Ksi\u0105\u017cka We\u017a \u017bycie w Gar\u015b\u0107 - | M. Ksi\u0119\u017cniakiewicz\" \/>\n<meta property=\"og:description\" content=\"Ksi\u0105\u017cka We\u017a \u017bycie w Gar\u015b\u0107 - M. Ksi\u0119\u017cniakiewicz \u2714\ufe0f Wiedza i Do\u015bwiadczenie \u2714\ufe0f Autorskie Metody \u2714\ufe0f Naukowo Potwierdzone! Kup Teraz \u00bb\" \/>\n<meta property=\"og:url\" content=\"https:\/\/mateuszmrozowski.pl\/sklep\/produkt\/wez-zycie-w-garsc\/\" \/>\n<meta property=\"og:site_name\" content=\"Mateusz Mrozowski Trener Biznesu\" \/>\n<meta property=\"article:publisher\" content=\"https:\/\/www.facebook.com\/mateuszmrozowskisiewca\" \/>\n<meta property=\"article:modified_time\" content=\"2025-12-29T10:55:07+00:00\" \/>\n<meta property=\"og:image\" content=\"https:\/\/mateuszmrozowski.pl\/sklep\/wp-content\/uploads\/2021\/09\/Martyna-Ksiezniakiewicz-Ksiazka-Wez-Zycie-W-Garsc-1.png\" \/>\n\t<meta property=\"og:image:width\" content=\"1080\" \/>\n\t<meta property=\"og:image:height\" content=\"1080\" \/>\n\t<meta property=\"og:image:type\" content=\"image\/png\" \/>\n<meta name=\"twitter:card\" content=\"summary_large_image\" \/>\n<meta name=\"twitter:label1\" content=\"Szacowany czas czytania\" \/>\n\t<meta name=\"twitter:data1\" content=\"2 minuty\" \/>\n<script type=\"application\/ld+json\" class=\"yoast-schema-graph\">{\"@context\":\"https:\\\/\\\/schema.org\",\"@graph\":[{\"@type\":\"WebPage\",\"@id\":\"https:\\\/\\\/mateuszmrozowski.pl\\\/sklep\\\/produkt\\\/wez-zycie-w-garsc\\\/\",\"url\":\"https:\\\/\\\/mateuszmrozowski.pl\\\/sklep\\\/produkt\\\/wez-zycie-w-garsc\\\/\",\"name\":\"Ksi\u0105\u017cka We\u017a \u017bycie w Gar\u015b\u0107 - | M. Ksi\u0119\u017cniakiewicz\",\"isPartOf\":{\"@id\":\"https:\\\/\\\/mateuszmrozowski.pl\\\/sklep\\\/#website\"},\"primaryImageOfPage\":{\"@id\":\"https:\\\/\\\/mateuszmrozowski.pl\\\/sklep\\\/produkt\\\/wez-zycie-w-garsc\\\/#primaryimage\"},\"image\":{\"@id\":\"https:\\\/\\\/mateuszmrozowski.pl\\\/sklep\\\/produkt\\\/wez-zycie-w-garsc\\\/#primaryimage\"},\"thumbnailUrl\":\"https:\\\/\\\/mateuszmrozowski.pl\\\/sklep\\\/wp-content\\\/uploads\\\/2021\\\/09\\\/Martyna-Ksiezniakiewicz-Ksiazka-Wez-Zycie-W-Garsc-1.png\",\"datePublished\":\"2021-09-12T13:48:13+00:00\",\"dateModified\":\"2025-12-29T10:55:07+00:00\",\"description\":\"Ksi\u0105\u017cka We\u017a \u017bycie w Gar\u015b\u0107 - M. Ksi\u0119\u017cniakiewicz \u2714\ufe0f Wiedza i Do\u015bwiadczenie \u2714\ufe0f Autorskie Metody \u2714\ufe0f Naukowo Potwierdzone! Kup Teraz \u00bb\",\"breadcrumb\":{\"@id\":\"https:\\\/\\\/mateuszmrozowski.pl\\\/sklep\\\/produkt\\\/wez-zycie-w-garsc\\\/#breadcrumb\"},\"inLanguage\":\"pl-PL\",\"potentialAction\":[{\"@type\":\"ReadAction\",\"target\":[\"https:\\\/\\\/mateuszmrozowski.pl\\\/sklep\\\/produkt\\\/wez-zycie-w-garsc\\\/\"]}]},{\"@type\":\"ImageObject\",\"inLanguage\":\"pl-PL\",\"@id\":\"https:\\\/\\\/mateuszmrozowski.pl\\\/sklep\\\/produkt\\\/wez-zycie-w-garsc\\\/#primaryimage\",\"url\":\"https:\\\/\\\/mateuszmrozowski.pl\\\/sklep\\\/wp-content\\\/uploads\\\/2021\\\/09\\\/Martyna-Ksiezniakiewicz-Ksiazka-Wez-Zycie-W-Garsc-1.png\",\"contentUrl\":\"https:\\\/\\\/mateuszmrozowski.pl\\\/sklep\\\/wp-content\\\/uploads\\\/2021\\\/09\\\/Martyna-Ksiezniakiewicz-Ksiazka-Wez-Zycie-W-Garsc-1.png\",\"width\":1080,\"height\":1080},{\"@type\":\"BreadcrumbList\",\"@id\":\"https:\\\/\\\/mateuszmrozowski.pl\\\/sklep\\\/produkt\\\/wez-zycie-w-garsc\\\/#breadcrumb\",\"itemListElement\":[{\"@type\":\"ListItem\",\"position\":1,\"name\":\"Strona g\u0142\u00f3wna\",\"item\":\"https:\\\/\\\/mateuszmrozowski.pl\\\/sklep\\\/\"},{\"@type\":\"ListItem\",\"position\":2,\"name\":\"Szkolenia biznesowe i kursy sprzeda\u017cowe\",\"item\":\"https:\\\/\\\/mateuszmrozowski.pl\\\/sklep\\\/\"},{\"@type\":\"ListItem\",\"position\":3,\"name\":\"Ksi\u0105\u017cki\",\"item\":\"https:\\\/\\\/mateuszmrozowski.pl\\\/sklep\\\/kategoria-produktu\\\/ksiazki-biznesowe\\\/\"},{\"@type\":\"ListItem\",\"position\":4,\"name\":\"We\u017a \u017bycie w Gar\u015b\u0107\"}]},{\"@type\":\"WebSite\",\"@id\":\"https:\\\/\\\/mateuszmrozowski.pl\\\/sklep\\\/#website\",\"url\":\"https:\\\/\\\/mateuszmrozowski.pl\\\/sklep\\\/\",\"name\":\"Mateusz Mrozowski Trener biznesu\",\"description\":\"Walcz\u0119 o wynik dla firm z kt\u00f3rymi wsp\u00f3\u0142pracuj\u0119.\",\"publisher\":{\"@id\":\"https:\\\/\\\/mateuszmrozowski.pl\\\/sklep\\\/#organization\"},\"alternateName\":\"Mateusz Mrozowski\",\"potentialAction\":[{\"@type\":\"SearchAction\",\"target\":{\"@type\":\"EntryPoint\",\"urlTemplate\":\"https:\\\/\\\/mateuszmrozowski.pl\\\/sklep\\\/?s={search_term_string}\"},\"query-input\":{\"@type\":\"PropertyValueSpecification\",\"valueRequired\":true,\"valueName\":\"search_term_string\"}}],\"inLanguage\":\"pl-PL\"},{\"@type\":\"Organization\",\"@id\":\"https:\\\/\\\/mateuszmrozowski.pl\\\/sklep\\\/#organization\",\"name\":\"Mateusz Mrozowski Trener biznesu\",\"alternateName\":\"Mateusz Mrozowski\",\"url\":\"https:\\\/\\\/mateuszmrozowski.pl\\\/sklep\\\/\",\"logo\":{\"@type\":\"ImageObject\",\"inLanguage\":\"pl-PL\",\"@id\":\"https:\\\/\\\/mateuszmrozowski.pl\\\/sklep\\\/#\\\/schema\\\/logo\\\/image\\\/\",\"url\":\"https:\\\/\\\/mateuszmrozowski.pl\\\/sklep\\\/wp-content\\\/uploads\\\/2025\\\/03\\\/cropped-mateusz_mrozowski_logo.png\",\"contentUrl\":\"https:\\\/\\\/mateuszmrozowski.pl\\\/sklep\\\/wp-content\\\/uploads\\\/2025\\\/03\\\/cropped-mateusz_mrozowski_logo.png\",\"width\":236,\"height\":59,\"caption\":\"Mateusz Mrozowski Trener biznesu\"},\"image\":{\"@id\":\"https:\\\/\\\/mateuszmrozowski.pl\\\/sklep\\\/#\\\/schema\\\/logo\\\/image\\\/\"},\"sameAs\":[\"https:\\\/\\\/www.facebook.com\\\/mateuszmrozowskisiewca\",\"https:\\\/\\\/www.youtube.com\\\/channel\\\/UCI6FhECZ4GdL1TYU5oh5JDg\",\"https:\\\/\\\/www.instagram.com\\\/mrozowski.siewca\\\/\",\"https:\\\/\\\/www.linkedin.com\\\/in\\\/mateuszmrozowski\\\/\",\"https:\\\/\\\/maps.app.goo.gl\\\/Ee8wtgr6gx2CjEM68\",\"https:\\\/\\\/www.tiktok.com\\\/@mateuszmrozowskisiewca\"]}]}<\/script>\n<!-- \/ Yoast SEO plugin. -->","yoast_head_json":{"title":"Ksi\u0105\u017cka We\u017a \u017bycie w Gar\u015b\u0107 - | M. Ksi\u0119\u017cniakiewicz","description":"Ksi\u0105\u017cka We\u017a \u017bycie w Gar\u015b\u0107 - M. Ksi\u0119\u017cniakiewicz \u2714\ufe0f Wiedza i Do\u015bwiadczenie \u2714\ufe0f Autorskie Metody \u2714\ufe0f Naukowo Potwierdzone! Kup Teraz \u00bb","robots":{"index":"index","follow":"follow","max-snippet":"max-snippet:-1","max-image-preview":"max-image-preview:large","max-video-preview":"max-video-preview:-1"},"canonical":"https:\/\/mateuszmrozowski.pl\/sklep\/produkt\/wez-zycie-w-garsc\/","og_locale":"pl_PL","og_type":"article","og_title":"Ksi\u0105\u017cka We\u017a \u017bycie w Gar\u015b\u0107 - | M. Ksi\u0119\u017cniakiewicz","og_description":"Ksi\u0105\u017cka We\u017a \u017bycie w Gar\u015b\u0107 - M. Ksi\u0119\u017cniakiewicz \u2714\ufe0f Wiedza i Do\u015bwiadczenie \u2714\ufe0f Autorskie Metody \u2714\ufe0f Naukowo Potwierdzone! Kup Teraz \u00bb","og_url":"https:\/\/mateuszmrozowski.pl\/sklep\/produkt\/wez-zycie-w-garsc\/","og_site_name":"Mateusz Mrozowski Trener Biznesu","article_publisher":"https:\/\/www.facebook.com\/mateuszmrozowskisiewca","article_modified_time":"2025-12-29T10:55:07+00:00","og_image":[{"width":1080,"height":1080,"url":"https:\/\/mateuszmrozowski.pl\/sklep\/wp-content\/uploads\/2021\/09\/Martyna-Ksiezniakiewicz-Ksiazka-Wez-Zycie-W-Garsc-1.png","type":"image\/png"}],"twitter_card":"summary_large_image","twitter_misc":{"Szacowany czas czytania":"2 minuty"},"schema":{"@context":"https:\/\/schema.org","@graph":[{"@type":"WebPage","@id":"https:\/\/mateuszmrozowski.pl\/sklep\/produkt\/wez-zycie-w-garsc\/","url":"https:\/\/mateuszmrozowski.pl\/sklep\/produkt\/wez-zycie-w-garsc\/","name":"Ksi\u0105\u017cka We\u017a \u017bycie w Gar\u015b\u0107 - | M. Ksi\u0119\u017cniakiewicz","isPartOf":{"@id":"https:\/\/mateuszmrozowski.pl\/sklep\/#website"},"primaryImageOfPage":{"@id":"https:\/\/mateuszmrozowski.pl\/sklep\/produkt\/wez-zycie-w-garsc\/#primaryimage"},"image":{"@id":"https:\/\/mateuszmrozowski.pl\/sklep\/produkt\/wez-zycie-w-garsc\/#primaryimage"},"thumbnailUrl":"https:\/\/mateuszmrozowski.pl\/sklep\/wp-content\/uploads\/2021\/09\/Martyna-Ksiezniakiewicz-Ksiazka-Wez-Zycie-W-Garsc-1.png","datePublished":"2021-09-12T13:48:13+00:00","dateModified":"2025-12-29T10:55:07+00:00","description":"Ksi\u0105\u017cka We\u017a \u017bycie w Gar\u015b\u0107 - M. Ksi\u0119\u017cniakiewicz \u2714\ufe0f Wiedza i Do\u015bwiadczenie \u2714\ufe0f Autorskie Metody \u2714\ufe0f Naukowo Potwierdzone! Kup Teraz \u00bb","breadcrumb":{"@id":"https:\/\/mateuszmrozowski.pl\/sklep\/produkt\/wez-zycie-w-garsc\/#breadcrumb"},"inLanguage":"pl-PL","potentialAction":[{"@type":"ReadAction","target":["https:\/\/mateuszmrozowski.pl\/sklep\/produkt\/wez-zycie-w-garsc\/"]}]},{"@type":"ImageObject","inLanguage":"pl-PL","@id":"https:\/\/mateuszmrozowski.pl\/sklep\/produkt\/wez-zycie-w-garsc\/#primaryimage","url":"https:\/\/mateuszmrozowski.pl\/sklep\/wp-content\/uploads\/2021\/09\/Martyna-Ksiezniakiewicz-Ksiazka-Wez-Zycie-W-Garsc-1.png","contentUrl":"https:\/\/mateuszmrozowski.pl\/sklep\/wp-content\/uploads\/2021\/09\/Martyna-Ksiezniakiewicz-Ksiazka-Wez-Zycie-W-Garsc-1.png","width":1080,"height":1080},{"@type":"BreadcrumbList","@id":"https:\/\/mateuszmrozowski.pl\/sklep\/produkt\/wez-zycie-w-garsc\/#breadcrumb","itemListElement":[{"@type":"ListItem","position":1,"name":"Strona g\u0142\u00f3wna","item":"https:\/\/mateuszmrozowski.pl\/sklep\/"},{"@type":"ListItem","position":2,"name":"Szkolenia biznesowe i kursy sprzeda\u017cowe","item":"https:\/\/mateuszmrozowski.pl\/sklep\/"},{"@type":"ListItem","position":3,"name":"Ksi\u0105\u017cki","item":"https:\/\/mateuszmrozowski.pl\/sklep\/kategoria-produktu\/ksiazki-biznesowe\/"},{"@type":"ListItem","position":4,"name":"We\u017a \u017bycie w Gar\u015b\u0107"}]},{"@type":"WebSite","@id":"https:\/\/mateuszmrozowski.pl\/sklep\/#website","url":"https:\/\/mateuszmrozowski.pl\/sklep\/","name":"Mateusz Mrozowski Trener biznesu","description":"Walcz\u0119 o wynik dla firm z kt\u00f3rymi wsp\u00f3\u0142pracuj\u0119.","publisher":{"@id":"https:\/\/mateuszmrozowski.pl\/sklep\/#organization"},"alternateName":"Mateusz Mrozowski","potentialAction":[{"@type":"SearchAction","target":{"@type":"EntryPoint","urlTemplate":"https:\/\/mateuszmrozowski.pl\/sklep\/?s={search_term_string}"},"query-input":{"@type":"PropertyValueSpecification","valueRequired":true,"valueName":"search_term_string"}}],"inLanguage":"pl-PL"},{"@type":"Organization","@id":"https:\/\/mateuszmrozowski.pl\/sklep\/#organization","name":"Mateusz Mrozowski Trener biznesu","alternateName":"Mateusz Mrozowski","url":"https:\/\/mateuszmrozowski.pl\/sklep\/","logo":{"@type":"ImageObject","inLanguage":"pl-PL","@id":"https:\/\/mateuszmrozowski.pl\/sklep\/#\/schema\/logo\/image\/","url":"https:\/\/mateuszmrozowski.pl\/sklep\/wp-content\/uploads\/2025\/03\/cropped-mateusz_mrozowski_logo.png","contentUrl":"https:\/\/mateuszmrozowski.pl\/sklep\/wp-content\/uploads\/2025\/03\/cropped-mateusz_mrozowski_logo.png","width":236,"height":59,"caption":"Mateusz Mrozowski Trener biznesu"},"image":{"@id":"https:\/\/mateuszmrozowski.pl\/sklep\/#\/schema\/logo\/image\/"},"sameAs":["https:\/\/www.facebook.com\/mateuszmrozowskisiewca","https:\/\/www.youtube.com\/channel\/UCI6FhECZ4GdL1TYU5oh5JDg","https:\/\/www.instagram.com\/mrozowski.siewca\/","https:\/\/www.linkedin.com\/in\/mateuszmrozowski\/","https:\/\/maps.app.goo.gl\/Ee8wtgr6gx2CjEM68","https:\/\/www.tiktok.com\/@mateuszmrozowskisiewca"]}]}},"_links":{"self":[{"href":"https:\/\/mateuszmrozowski.pl\/sklep\/wp-json\/wp\/v2\/product\/4066","targetHints":{"allow":["GET"]}}],"collection":[{"href":"https:\/\/mateuszmrozowski.pl\/sklep\/wp-json\/wp\/v2\/product"}],"about":[{"href":"https:\/\/mateuszmrozowski.pl\/sklep\/wp-json\/wp\/v2\/types\/product"}],"wp:featuredmedia":[{"embeddable":true,"href":"https:\/\/mateuszmrozowski.pl\/sklep\/wp-json\/wp\/v2\/media\/99848"}],"wp:attachment":[{"href":"https:\/\/mateuszmrozowski.pl\/sklep\/wp-json\/wp\/v2\/media?parent=4066"}],"wp:term":[{"taxonomy":"product_brand","embeddable":true,"href":"https:\/\/mateuszmrozowski.pl\/sklep\/wp-json\/wp\/v2\/product_brand?post=4066"},{"taxonomy":"product_cat","embeddable":true,"href":"https:\/\/mateuszmrozowski.pl\/sklep\/wp-json\/wp\/v2\/product_cat?post=4066"},{"taxonomy":"product_tag","embeddable":true,"href":"https:\/\/mateuszmrozowski.pl\/sklep\/wp-json\/wp\/v2\/product_tag?post=4066"}],"curies":[{"name":"wp","href":"https:\/\/api.w.org\/{rel}","templated":true}]}}