{"id":39303,"date":"2022-06-29T10:30:25","date_gmt":"2022-06-29T10:30:25","guid":{"rendered":"https:\/\/mateuszmrozowski.pl\/sklep\/?post_type=product&#038;p=39303"},"modified":"2025-03-01T17:33:27","modified_gmt":"2025-03-01T17:33:27","slug":"akademia-trenerow-biznesu-2022-2023","status":"publish","type":"product","link":"https:\/\/mateuszmrozowski.pl\/sklep\/produkt\/akademia-trenerow-biznesu-2022-2023\/","title":{"rendered":"Akademia Trener\u00f3w Biznesu 2022\/2023"},"content":{"rendered":"\n\n<div class=\"kk-star-ratings kksr-auto kksr-align-left kksr-valign-top kksr-disabled\"\n    data-payload='{&quot;align&quot;:&quot;left&quot;,&quot;id&quot;:&quot;39303&quot;,&quot;readonly&quot;:&quot;1&quot;,&quot;slug&quot;:&quot;default&quot;,&quot;valign&quot;:&quot;top&quot;,&quot;ignore&quot;:&quot;&quot;,&quot;reference&quot;:&quot;auto&quot;,&quot;class&quot;:&quot;&quot;,&quot;count&quot;:&quot;0&quot;,&quot;legendonly&quot;:&quot;&quot;,&quot;score&quot;:&quot;0&quot;,&quot;starsonly&quot;:&quot;&quot;,&quot;best&quot;:&quot;5&quot;,&quot;gap&quot;:&quot;5&quot;,&quot;greet&quot;:&quot;Wystaw ocen\u0119&quot;,&quot;legend&quot;:&quot;0\\\/5 - (0 ocen)&quot;,&quot;size&quot;:&quot;16&quot;,&quot;title&quot;:&quot;Akademia Trener\u00f3w Biznesu 2022\\\/2023&quot;,&quot;width&quot;:&quot;0&quot;,&quot;_legend&quot;:&quot;{score}\\\/{best} - ({count} ocen)&quot;,&quot;font_factor&quot;:&quot;1.25&quot;}'>\n            \n<div class=\"kksr-stars\">\n    \n<div class=\"kksr-stars-inactive\">\n            <div class=\"kksr-star\" data-star=\"1\" style=\"padding-right: 5px\">\n            \n\n<div class=\"kksr-icon\" style=\"width: 16px; height: 16px;\"><\/div>\n        <\/div>\n            <div class=\"kksr-star\" data-star=\"2\" style=\"padding-right: 5px\">\n            \n\n<div class=\"kksr-icon\" style=\"width: 16px; height: 16px;\"><\/div>\n        <\/div>\n            <div class=\"kksr-star\" data-star=\"3\" style=\"padding-right: 5px\">\n            \n\n<div class=\"kksr-icon\" style=\"width: 16px; height: 16px;\"><\/div>\n        <\/div>\n            <div class=\"kksr-star\" data-star=\"4\" style=\"padding-right: 5px\">\n            \n\n<div class=\"kksr-icon\" style=\"width: 16px; height: 16px;\"><\/div>\n        <\/div>\n            <div class=\"kksr-star\" data-star=\"5\" style=\"padding-right: 5px\">\n            \n\n<div class=\"kksr-icon\" style=\"width: 16px; height: 16px;\"><\/div>\n        <\/div>\n    <\/div>\n    \n<div class=\"kksr-stars-active\" style=\"width: 0px;\">\n            <div class=\"kksr-star\" style=\"padding-right: 5px\">\n            \n\n<div class=\"kksr-icon\" style=\"width: 16px; height: 16px;\"><\/div>\n        <\/div>\n            <div class=\"kksr-star\" style=\"padding-right: 5px\">\n            \n\n<div class=\"kksr-icon\" style=\"width: 16px; height: 16px;\"><\/div>\n        <\/div>\n            <div class=\"kksr-star\" style=\"padding-right: 5px\">\n            \n\n<div class=\"kksr-icon\" style=\"width: 16px; height: 16px;\"><\/div>\n        <\/div>\n            <div class=\"kksr-star\" style=\"padding-right: 5px\">\n            \n\n<div class=\"kksr-icon\" style=\"width: 16px; height: 16px;\"><\/div>\n        <\/div>\n            <div class=\"kksr-star\" style=\"padding-right: 5px\">\n            \n\n<div class=\"kksr-icon\" style=\"width: 16px; height: 16px;\"><\/div>\n        <\/div>\n    <\/div>\n<\/div>\n                \n\n<div class=\"kksr-legend\" style=\"font-size: 12.8px;\">\n            <span class=\"kksr-muted\">Wystaw ocen\u0119<\/span>\n    <\/div>\n    <\/div>\n<h1>Akademia <a href=\"https:\/\/mateuszmrozowski.pl\/sklep\/\">Trener\u00f3w Biznesu<\/a> 2022\/2023<\/h1>\n<h2><span class=\"JsGRdQ\">10-miesi\u0119czny kurs dla obecnych i przysz\u0142ych Trener\u00f3w Biznesu<\/span><\/h2>\n<h3>Wi\u0119cej informacji:<\/h3>\n<p><strong>Martyna Ksi\u0119\u017cniakiewicz<\/strong><br \/>\n<em>Dyrektor Operacyjny i Opiekun Klienta Biznesowego<br \/>\nCertyfikowany Trener Biznesu<br \/>\n<\/em><strong>tel. <a href=\"tel:793771002\">793 771 002<\/a><\/strong><br \/>\n<strong>email: <a href=\"mailto:martyna@mateuszmrozowski.pl\/sklep\">martyna@mateuszmrozowski.pl\/sklep<\/a><\/strong><\/p>\n<p>&nbsp;<\/p>\n<h3><span class=\"JsGRdQ\">Korzy\u015bci dla uczestnik\u00f3w<\/span><\/h3>\n<ul>\n<li><span class=\"JsGRdQ\">Umiej\u0119tno\u015b\u0107 prowadzenia ludzi w nowoczesnych modelach zarz\u0105dzania<\/span><\/li>\n<li><span class=\"JsGRdQ\">Ustalanie w\u0142asnych proces\u00f3w i procedur<\/span><\/li>\n<li><span class=\"JsGRdQ\">Umiej\u0119tno\u015b\u0107 ustalania strategii i taktyk biznesowych<\/span><\/li>\n<li><span class=\"JsGRdQ\">Zrozumienie proces\u00f3w sprzeda\u017cowych<\/span><\/li>\n<li><span class=\"JsGRdQ\">Kreacja archetypu w\u0142asnej osobowo\u015bci i zespo\u0142u<\/span><\/li>\n<li><span class=\"JsGRdQ\">Nabycie kompetencji w zakresie zarz\u0105dzania, sprzeda\u017cy i rekrutacji<\/span><\/li>\n<li><span class=\"JsGRdQ\">Umiej\u0119tno\u015b\u0107 odkrywania talent\u00f3w w zespole oraz motywacji i automotywacji<\/span><\/li>\n<li><span class=\"JsGRdQ\">Dost\u0119p do szkole\u0144 firmowych (min raz w miesi\u0105cu)<\/span><\/li>\n<li><span class=\"JsGRdQ\">Rozw\u00f3j swoich talent\u00f3w<\/span><\/li>\n<li><span class=\"JsGRdQ\">Napisanie w\u0142asnej ksi\u0105\u017cki<\/span><\/li>\n<li><span class=\"JsGRdQ\">Stworzenie w\u0142asnego <a href=\"https:\/\/mateuszmrozowski.pl\/sklep\/kategoria-produktu\/kursy-online\/\">kursu online<\/a><\/span><\/li>\n<li><span class=\"JsGRdQ\">Mo\u017cliwo\u015b\u0107 dalszej wsp\u00f3\u0142pracy<\/span><\/li>\n<li><span class=\"JsGRdQ\">Mo\u017cliwo\u015b\u0107 prowadzenia szkole\u0144 w firmach zaprzyja\u017anionych<\/span><\/li>\n<li><span class=\"JsGRdQ\">Mo\u017cliwo\u015b\u0107 prowadzenia w\u0142asnych szkole\u0144<\/span><\/li>\n<\/ul>\n<h3>Modu\u0142y:<\/h3>\n<ul>\n<li>Przyw\u00f3dztwo i Zarz\u0105dzanie<\/li>\n<li>Analiza Zespo\u0142owa i Indywidualna<\/li>\n<li>Sztuka Komunikacji<\/li>\n<li>Motywacja<\/li>\n<li>Wizerunek Eksperta<\/li>\n<li>Coaching i Mentoring<\/li>\n<li>Programy Szkoleniowe<\/li>\n<li>Sprzeda\u017c<\/li>\n<li>Negocjacje<\/li>\n<li>Wyst\u0105pienia Publiczne<\/li>\n<\/ul>\n<h3>Wst\u0119pny Harmonogram:<\/h3>\n<ul>\n<li><span class=\"JsGRdQ\">1 x w tygodniu zaj\u0119cia online<\/span><\/li>\n<li><span class=\"JsGRdQ\">1 x w miesi\u0105cu szkolenie stacjonarne lub online<\/span><\/li>\n<li><span class=\"JsGRdQ\">indywidualne spotkania<\/span><\/li>\n<\/ul>\n<h3>Czego si\u0119 dowiesz:<\/h3>\n<ul>\n<li><span class=\"JsGRdQ\">Jak prowadzi\u0107 i tworzy\u0107 szkolenia.<\/span><\/li>\n<li><span class=\"JsGRdQ\">Jak analizowa\u0107 potrzeby. szkoleniowe<\/span><\/li>\n<li><span class=\"JsGRdQ\">Jak stworzy\u0107 w\u0142asne narz\u0119dzia i metody trenerskie.<\/span><\/li>\n<li><span class=\"JsGRdQ\">Jak ocenia\u0107 efektywno\u015b\u0107 szkole\u0144.<\/span><\/li>\n<li><span class=\"JsGRdQ\">Jak sprawi\u0107, by klienci traktowali Ci\u0119 jako eksperta.<\/span><\/li>\n<li><span class=\"JsGRdQ\">Jak skutecznie wyst\u0119powa\u0107 przed grup\u0105 odbiorc\u00f3w.<\/span><\/li>\n<li><span class=\"JsGRdQ\">Jak radzi\u0107 sobie w trudnych sytuacjach na sali.<\/span><\/li>\n<li><span class=\"JsGRdQ\">Jak zacz\u0105\u0107 prac\u0119 jako trener.<\/span><\/li>\n<li><span class=\"JsGRdQ\">Jak rozwija\u0107 si\u0119 jako trener.<\/span><\/li>\n<li><span class=\"JsGRdQ\">Jakich umiej\u0119tno\u015bci potrzebuje prawdziwy trener i je otrzymasz.<\/span><\/li>\n<\/ul>\n<h3>Informacje:<\/h3>\n<ol>\n<li class=\"_04xlpA direction-ltr align-justify para-style-body\"><span class=\"JsGRdQ\">Warunkiem przyst\u0105pienia na Akademi\u0119 Trener\u00f3w Biznesu jest<strong> indywidualna rozmowa kwalifikacyjna<\/strong>, dzi\u0119ki kt\u00f3rej jeste\u015bmy w stanie oceni\u0107, czy Absolwenci Akademii b\u0119d\u0105 w stanie uczy\u0107, szkoli\u0107 i rozwija\u0107 innych ludzi.<\/span><\/li>\n<li class=\"_04xlpA direction-ltr align-justify para-style-body\"><span class=\"JsGRdQ\">Liczba miejsc jest ograniczona do 10 os\u00f3b, poniewa\u017c zaj\u0119cia na Akademii s\u0105 praktyczne i odbywaj\u0105 si\u0119 na \u017cywo w firmach i na szkoleniach otwartych, st\u0105d nie jeste\u015bmy w stanie wyszkoli\u0107 wi\u0119cej os\u00f3b.<\/span><\/li>\n<li class=\"_04xlpA direction-ltr align-justify para-style-body\"><span class=\"JsGRdQ\">Akademia ko\u0144czy si\u0119 <strong>mi\u0119dzynarodow\u0105 certyfikacj\u0105 trenersk\u0105 \u201e<a href=\"https:\/\/mateuszmrozowski.pl\/sklep\/\">Trener Biznesu<\/a>\u201d.<\/strong><\/span><\/li>\n<li class=\"_04xlpA direction-ltr align-justify para-style-body\"><span class=\"JsGRdQ\">Uczestnicy Akademii Trenerskiej w ramach szkolenia b\u0119d\u0105 mieli dost\u0119p do wszystkich niezb\u0119dnych materia\u0142\u00f3w szkoleniowych i szkole\u0144 otwartych, nie ponosz\u0105c za to dodatkowej op\u0142aty. W ramach wsp\u00f3\u0142pracy b\u0119dzie pracowa\u0107 jako trener wsp\u00f3\u0142prowadz\u0105cy (co-trener). Uczestnicy otrzymuj\u0105 r\u00f3wnie\u017c dost\u0119p do kurs\u00f3w online i materia\u0142\u00f3w dydaktycznych.<\/span><\/li>\n<li>Warunkiem uko\u0144czenia Akademii jest napisanie <strong>w\u0142asnej ksi\u0105\u017cki <\/strong>oraz <strong>nagranie kursu video<\/strong> przy pomocy prowadz\u0105cych.<\/li>\n<li>Uczestnicy b\u0119d\u0105 zobowi\u0105zani do przyst\u0119powania do comiesi\u0119cznych egzamin\u00f3w, potwierdzaj\u0105cych ich zaanga\u017cowanie i przyswajanie wiedzy.<\/li>\n<li class=\"_04xlpA direction-ltr align-justify para-style-body\"><span class=\"JsGRdQ\">Uczestnicy Akademii Trener\u00f3w Biznesu przez 10 miesi\u0119cy b\u0119d\u0105 indywidualnie prowadzeni metodami coachingowymi i mentorskimi, pracuj\u0105c nad swoim osobistym powo\u0142aniem i talentem.<\/span><\/li>\n<li class=\"_04xlpA direction-ltr align-justify para-style-body\"><span class=\"JsGRdQ\">Po uko\u0144czeniu Akademii Trener\u00f3w Biznesu trenerzy b\u0119d\u0105 posiadali wiedz\u0119 i umiej\u0119tno\u015bci w zakresie <strong>5 najwa\u017cniejszych kompetencji biznesowych<\/strong>, opartych na najnowszych i najlepszych metodach na \u015bwiecie. Absolwenci b\u0119d\u0105 mogli prowadzi\u0107 w\u0142asne szkolenia biznesowe.<\/span><\/li>\n<\/ol>\n<h3><strong>Cena: 14900 z\u0142 netto<\/strong><br \/>\n<strong>*mo\u017cliwo\u015b\u0107 p\u0142atno\u015bci ratalnych<\/strong><\/h3>\n<h3><\/h3>\n<p>&nbsp;<\/p>\n<h2><\/h2>\n<p>&nbsp;<\/p>\n","protected":false},"excerpt":{"rendered":"<p>Akademia Trener\u00f3w Biznesu 2022\/2023 10-miesi\u0119czny kurs dla obecnych i przysz\u0142ych Trener\u00f3w Biznesu Wi\u0119cej informacji: Martyna Ksi\u0119\u017cniakiewicz Dyrektor Operacyjny i Opiekun Klienta Biznesowego Certyfikowany Trener Biznesu tel. 793 771 002 email: martyna@mateuszmrozowski.pl\/sklep &nbsp; Korzy\u015bci dla uczestnik\u00f3w Umiej\u0119tno\u015b\u0107 prowadzenia ludzi w nowoczesnych modelach zarz\u0105dzania Ustalanie w\u0142asnych proces\u00f3w i procedur Umiej\u0119tno\u015b\u0107 ustalania strategii i taktyk biznesowych Zrozumienie proces\u00f3w [&hellip;]<\/p>\n","protected":false},"featured_media":39353,"template":"","meta":{"_acf_changed":false,"content-type":""},"product_brand":[],"product_cat":[30,114],"product_tag":[],"class_list":{"0":"post-39303","1":"product","2":"type-product","3":"status-publish","4":"has-post-thumbnail","6":"product_cat-akademie","7":"product_cat-wszystkie-produkty","9":"first","10":"outofstock","11":"virtual","12":"sold-individually","13":"taxable","14":"purchasable","15":"product-type-simple"},"acf":[],"yoast_head":"<!-- This site is optimized with the Yoast SEO plugin v27.1.1 - https:\/\/yoast.com\/product\/yoast-seo-wordpress\/ -->\n<title>Akademia Trener\u00f3w Biznesu 2022-2023 | M. Mrozowski<\/title>\n<meta name=\"description\" content=\"Akademia Trener\u00f3w Biznesu 2022-2023 \u2714\ufe0f10 mies. Zaj\u0119\u0107 On-Line i Stacjonarnie \u2714\ufe0f Konsultacje Indywidualne \u2714\ufe0f Certyfikowani Trenerzy! Kup Teraz \u00bb\" \/>\n<meta name=\"robots\" content=\"noindex, nofollow\" \/>\n<meta property=\"og:locale\" content=\"pl_PL\" \/>\n<meta property=\"og:type\" content=\"article\" \/>\n<meta property=\"og:title\" content=\"Akademia Trener\u00f3w Biznesu 2022-2023 | M. Mrozowski\" \/>\n<meta property=\"og:description\" content=\"Akademia Trener\u00f3w Biznesu 2022-2023 \u2714\ufe0f10 mies. Zaj\u0119\u0107 On-Line i Stacjonarnie \u2714\ufe0f Konsultacje Indywidualne \u2714\ufe0f Certyfikowani Trenerzy! Kup Teraz \u00bb\" \/>\n<meta property=\"og:url\" content=\"https:\/\/mateuszmrozowski.pl\/sklep\/produkt\/akademia-trenerow-biznesu-2022-2023\/\" \/>\n<meta property=\"og:site_name\" content=\"Mateusz Mrozowski Trener Biznesu\" \/>\n<meta property=\"article:publisher\" content=\"https:\/\/www.facebook.com\/mateuszmrozowskisiewca\" \/>\n<meta property=\"article:modified_time\" content=\"2025-03-01T17:33:27+00:00\" \/>\n<meta property=\"og:image\" content=\"https:\/\/mateuszmrozowski.pl\/sklep\/wp-content\/uploads\/2022\/06\/ATB-1.png\" \/>\n\t<meta property=\"og:image:width\" content=\"788\" \/>\n\t<meta property=\"og:image:height\" content=\"788\" \/>\n\t<meta property=\"og:image:type\" content=\"image\/png\" \/>\n<meta name=\"twitter:card\" content=\"summary_large_image\" \/>\n<meta name=\"twitter:label1\" content=\"Szacowany czas czytania\" \/>\n\t<meta name=\"twitter:data1\" content=\"3 minuty\" \/>\n<script type=\"application\/ld+json\" class=\"yoast-schema-graph\">{\"@context\":\"https:\/\/schema.org\",\"@graph\":[{\"@type\":\"WebPage\",\"@id\":\"https:\/\/mateuszmrozowski.pl\/sklep\/produkt\/akademia-trenerow-biznesu-2022-2023\/\",\"url\":\"https:\/\/mateuszmrozowski.pl\/sklep\/produkt\/akademia-trenerow-biznesu-2022-2023\/\",\"name\":\"Akademia Trener\u00f3w Biznesu 2022-2023 | M. Mrozowski\",\"isPartOf\":{\"@id\":\"https:\/\/mateuszmrozowski.pl\/sklep\/#website\"},\"primaryImageOfPage\":{\"@id\":\"https:\/\/mateuszmrozowski.pl\/sklep\/produkt\/akademia-trenerow-biznesu-2022-2023\/#primaryimage\"},\"image\":{\"@id\":\"https:\/\/mateuszmrozowski.pl\/sklep\/produkt\/akademia-trenerow-biznesu-2022-2023\/#primaryimage\"},\"thumbnailUrl\":\"https:\/\/mateuszmrozowski.pl\/sklep\/wp-content\/uploads\/2022\/06\/ATB-1.png\",\"datePublished\":\"2022-06-29T10:30:25+00:00\",\"dateModified\":\"2025-03-01T17:33:27+00:00\",\"description\":\"Akademia Trener\u00f3w Biznesu 2022-2023 \u2714\ufe0f10 mies. Zaj\u0119\u0107 On-Line i Stacjonarnie \u2714\ufe0f Konsultacje Indywidualne \u2714\ufe0f Certyfikowani Trenerzy! Kup Teraz \u00bb\",\"breadcrumb\":{\"@id\":\"https:\/\/mateuszmrozowski.pl\/sklep\/produkt\/akademia-trenerow-biznesu-2022-2023\/#breadcrumb\"},\"inLanguage\":\"pl-PL\",\"potentialAction\":[{\"@type\":\"ReadAction\",\"target\":[\"https:\/\/mateuszmrozowski.pl\/sklep\/produkt\/akademia-trenerow-biznesu-2022-2023\/\"]}]},{\"@type\":\"ImageObject\",\"inLanguage\":\"pl-PL\",\"@id\":\"https:\/\/mateuszmrozowski.pl\/sklep\/produkt\/akademia-trenerow-biznesu-2022-2023\/#primaryimage\",\"url\":\"https:\/\/mateuszmrozowski.pl\/sklep\/wp-content\/uploads\/2022\/06\/ATB-1.png\",\"contentUrl\":\"https:\/\/mateuszmrozowski.pl\/sklep\/wp-content\/uploads\/2022\/06\/ATB-1.png\",\"width\":788,\"height\":788},{\"@type\":\"BreadcrumbList\",\"@id\":\"https:\/\/mateuszmrozowski.pl\/sklep\/produkt\/akademia-trenerow-biznesu-2022-2023\/#breadcrumb\",\"itemListElement\":[{\"@type\":\"ListItem\",\"position\":1,\"name\":\"Strona g\u0142\u00f3wna\",\"item\":\"https:\/\/mateuszmrozowski.pl\/sklep\/\"},{\"@type\":\"ListItem\",\"position\":2,\"name\":\"Szkolenia biznesowe i kursy sprzeda\u017cowe\",\"item\":\"https:\/\/mateuszmrozowski.pl\/sklep\/\"},{\"@type\":\"ListItem\",\"position\":3,\"name\":\"Akademie\",\"item\":\"https:\/\/mateuszmrozowski.pl\/sklep\/kategoria-produktu\/akademie\/\"},{\"@type\":\"ListItem\",\"position\":4,\"name\":\"Akademia Trener\u00f3w Biznesu 2022\/2023\"}]},{\"@type\":\"WebSite\",\"@id\":\"https:\/\/mateuszmrozowski.pl\/sklep\/#website\",\"url\":\"https:\/\/mateuszmrozowski.pl\/sklep\/\",\"name\":\"Mateusz Mrozowski Trener biznesu\",\"description\":\"Walcz\u0119 o wynik dla firm z kt\u00f3rymi wsp\u00f3\u0142pracuj\u0119.\",\"publisher\":{\"@id\":\"https:\/\/mateuszmrozowski.pl\/sklep\/#organization\"},\"alternateName\":\"Mateusz Mrozowski\",\"potentialAction\":[{\"@type\":\"SearchAction\",\"target\":{\"@type\":\"EntryPoint\",\"urlTemplate\":\"https:\/\/mateuszmrozowski.pl\/sklep\/?s={search_term_string}\"},\"query-input\":{\"@type\":\"PropertyValueSpecification\",\"valueRequired\":true,\"valueName\":\"search_term_string\"}}],\"inLanguage\":\"pl-PL\"},{\"@type\":\"Organization\",\"@id\":\"https:\/\/mateuszmrozowski.pl\/sklep\/#organization\",\"name\":\"Mateusz Mrozowski Trener biznesu\",\"alternateName\":\"Mateusz Mrozowski\",\"url\":\"https:\/\/mateuszmrozowski.pl\/sklep\/\",\"logo\":{\"@type\":\"ImageObject\",\"inLanguage\":\"pl-PL\",\"@id\":\"https:\/\/mateuszmrozowski.pl\/sklep\/#\/schema\/logo\/image\/\",\"url\":\"https:\/\/mateuszmrozowski.pl\/sklep\/wp-content\/uploads\/2025\/03\/cropped-mateusz_mrozowski_logo.png\",\"contentUrl\":\"https:\/\/mateuszmrozowski.pl\/sklep\/wp-content\/uploads\/2025\/03\/cropped-mateusz_mrozowski_logo.png\",\"width\":236,\"height\":59,\"caption\":\"Mateusz Mrozowski Trener biznesu\"},\"image\":{\"@id\":\"https:\/\/mateuszmrozowski.pl\/sklep\/#\/schema\/logo\/image\/\"},\"sameAs\":[\"https:\/\/www.facebook.com\/mateuszmrozowskisiewca\",\"https:\/\/www.youtube.com\/channel\/UCI6FhECZ4GdL1TYU5oh5JDg\",\"https:\/\/www.instagram.com\/mrozowski.siewca\/\",\"https:\/\/www.linkedin.com\/in\/mateuszmrozowski\/\",\"https:\/\/maps.app.goo.gl\/Ee8wtgr6gx2CjEM68\",\"https:\/\/www.tiktok.com\/@mateuszmrozowskisiewca\"]}]}<\/script>\n<!-- \/ Yoast SEO plugin. -->","yoast_head_json":{"title":"Akademia Trener\u00f3w Biznesu 2022-2023 | M. Mrozowski","description":"Akademia Trener\u00f3w Biznesu 2022-2023 \u2714\ufe0f10 mies. Zaj\u0119\u0107 On-Line i Stacjonarnie \u2714\ufe0f Konsultacje Indywidualne \u2714\ufe0f Certyfikowani Trenerzy! Kup Teraz \u00bb","robots":{"index":"noindex","follow":"nofollow"},"og_locale":"pl_PL","og_type":"article","og_title":"Akademia Trener\u00f3w Biznesu 2022-2023 | M. Mrozowski","og_description":"Akademia Trener\u00f3w Biznesu 2022-2023 \u2714\ufe0f10 mies. Zaj\u0119\u0107 On-Line i Stacjonarnie \u2714\ufe0f Konsultacje Indywidualne \u2714\ufe0f Certyfikowani Trenerzy! Kup Teraz \u00bb","og_url":"https:\/\/mateuszmrozowski.pl\/sklep\/produkt\/akademia-trenerow-biznesu-2022-2023\/","og_site_name":"Mateusz Mrozowski Trener Biznesu","article_publisher":"https:\/\/www.facebook.com\/mateuszmrozowskisiewca","article_modified_time":"2025-03-01T17:33:27+00:00","og_image":[{"width":788,"height":788,"url":"https:\/\/mateuszmrozowski.pl\/sklep\/wp-content\/uploads\/2022\/06\/ATB-1.png","type":"image\/png"}],"twitter_card":"summary_large_image","twitter_misc":{"Szacowany czas czytania":"3 minuty"},"schema":{"@context":"https:\/\/schema.org","@graph":[{"@type":"WebPage","@id":"https:\/\/mateuszmrozowski.pl\/sklep\/produkt\/akademia-trenerow-biznesu-2022-2023\/","url":"https:\/\/mateuszmrozowski.pl\/sklep\/produkt\/akademia-trenerow-biznesu-2022-2023\/","name":"Akademia Trener\u00f3w Biznesu 2022-2023 | M. Mrozowski","isPartOf":{"@id":"https:\/\/mateuszmrozowski.pl\/sklep\/#website"},"primaryImageOfPage":{"@id":"https:\/\/mateuszmrozowski.pl\/sklep\/produkt\/akademia-trenerow-biznesu-2022-2023\/#primaryimage"},"image":{"@id":"https:\/\/mateuszmrozowski.pl\/sklep\/produkt\/akademia-trenerow-biznesu-2022-2023\/#primaryimage"},"thumbnailUrl":"https:\/\/mateuszmrozowski.pl\/sklep\/wp-content\/uploads\/2022\/06\/ATB-1.png","datePublished":"2022-06-29T10:30:25+00:00","dateModified":"2025-03-01T17:33:27+00:00","description":"Akademia Trener\u00f3w Biznesu 2022-2023 \u2714\ufe0f10 mies. Zaj\u0119\u0107 On-Line i Stacjonarnie \u2714\ufe0f Konsultacje Indywidualne \u2714\ufe0f Certyfikowani Trenerzy! Kup Teraz \u00bb","breadcrumb":{"@id":"https:\/\/mateuszmrozowski.pl\/sklep\/produkt\/akademia-trenerow-biznesu-2022-2023\/#breadcrumb"},"inLanguage":"pl-PL","potentialAction":[{"@type":"ReadAction","target":["https:\/\/mateuszmrozowski.pl\/sklep\/produkt\/akademia-trenerow-biznesu-2022-2023\/"]}]},{"@type":"ImageObject","inLanguage":"pl-PL","@id":"https:\/\/mateuszmrozowski.pl\/sklep\/produkt\/akademia-trenerow-biznesu-2022-2023\/#primaryimage","url":"https:\/\/mateuszmrozowski.pl\/sklep\/wp-content\/uploads\/2022\/06\/ATB-1.png","contentUrl":"https:\/\/mateuszmrozowski.pl\/sklep\/wp-content\/uploads\/2022\/06\/ATB-1.png","width":788,"height":788},{"@type":"BreadcrumbList","@id":"https:\/\/mateuszmrozowski.pl\/sklep\/produkt\/akademia-trenerow-biznesu-2022-2023\/#breadcrumb","itemListElement":[{"@type":"ListItem","position":1,"name":"Strona g\u0142\u00f3wna","item":"https:\/\/mateuszmrozowski.pl\/sklep\/"},{"@type":"ListItem","position":2,"name":"Szkolenia biznesowe i kursy sprzeda\u017cowe","item":"https:\/\/mateuszmrozowski.pl\/sklep\/"},{"@type":"ListItem","position":3,"name":"Akademie","item":"https:\/\/mateuszmrozowski.pl\/sklep\/kategoria-produktu\/akademie\/"},{"@type":"ListItem","position":4,"name":"Akademia Trener\u00f3w Biznesu 2022\/2023"}]},{"@type":"WebSite","@id":"https:\/\/mateuszmrozowski.pl\/sklep\/#website","url":"https:\/\/mateuszmrozowski.pl\/sklep\/","name":"Mateusz Mrozowski Trener biznesu","description":"Walcz\u0119 o wynik dla firm z kt\u00f3rymi wsp\u00f3\u0142pracuj\u0119.","publisher":{"@id":"https:\/\/mateuszmrozowski.pl\/sklep\/#organization"},"alternateName":"Mateusz Mrozowski","potentialAction":[{"@type":"SearchAction","target":{"@type":"EntryPoint","urlTemplate":"https:\/\/mateuszmrozowski.pl\/sklep\/?s={search_term_string}"},"query-input":{"@type":"PropertyValueSpecification","valueRequired":true,"valueName":"search_term_string"}}],"inLanguage":"pl-PL"},{"@type":"Organization","@id":"https:\/\/mateuszmrozowski.pl\/sklep\/#organization","name":"Mateusz Mrozowski Trener biznesu","alternateName":"Mateusz Mrozowski","url":"https:\/\/mateuszmrozowski.pl\/sklep\/","logo":{"@type":"ImageObject","inLanguage":"pl-PL","@id":"https:\/\/mateuszmrozowski.pl\/sklep\/#\/schema\/logo\/image\/","url":"https:\/\/mateuszmrozowski.pl\/sklep\/wp-content\/uploads\/2025\/03\/cropped-mateusz_mrozowski_logo.png","contentUrl":"https:\/\/mateuszmrozowski.pl\/sklep\/wp-content\/uploads\/2025\/03\/cropped-mateusz_mrozowski_logo.png","width":236,"height":59,"caption":"Mateusz Mrozowski Trener biznesu"},"image":{"@id":"https:\/\/mateuszmrozowski.pl\/sklep\/#\/schema\/logo\/image\/"},"sameAs":["https:\/\/www.facebook.com\/mateuszmrozowskisiewca","https:\/\/www.youtube.com\/channel\/UCI6FhECZ4GdL1TYU5oh5JDg","https:\/\/www.instagram.com\/mrozowski.siewca\/","https:\/\/www.linkedin.com\/in\/mateuszmrozowski\/","https:\/\/maps.app.goo.gl\/Ee8wtgr6gx2CjEM68","https:\/\/www.tiktok.com\/@mateuszmrozowskisiewca"]}]}},"_links":{"self":[{"href":"https:\/\/mateuszmrozowski.pl\/sklep\/wp-json\/wp\/v2\/product\/39303","targetHints":{"allow":["GET"]}}],"collection":[{"href":"https:\/\/mateuszmrozowski.pl\/sklep\/wp-json\/wp\/v2\/product"}],"about":[{"href":"https:\/\/mateuszmrozowski.pl\/sklep\/wp-json\/wp\/v2\/types\/product"}],"wp:featuredmedia":[{"embeddable":true,"href":"https:\/\/mateuszmrozowski.pl\/sklep\/wp-json\/wp\/v2\/media\/39353"}],"wp:attachment":[{"href":"https:\/\/mateuszmrozowski.pl\/sklep\/wp-json\/wp\/v2\/media?parent=39303"}],"wp:term":[{"taxonomy":"product_brand","embeddable":true,"href":"https:\/\/mateuszmrozowski.pl\/sklep\/wp-json\/wp\/v2\/product_brand?post=39303"},{"taxonomy":"product_cat","embeddable":true,"href":"https:\/\/mateuszmrozowski.pl\/sklep\/wp-json\/wp\/v2\/product_cat?post=39303"},{"taxonomy":"product_tag","embeddable":true,"href":"https:\/\/mateuszmrozowski.pl\/sklep\/wp-json\/wp\/v2\/product_tag?post=39303"}],"curies":[{"name":"wp","href":"https:\/\/api.w.org\/{rel}","templated":true}]}}