{"id":316,"date":"2020-05-08T12:09:47","date_gmt":"2020-05-08T12:09:47","guid":{"rendered":"https:\/\/mateuszmrozowski.pl\/sklep\/?post_type=product&#038;p=316"},"modified":"2025-12-15T18:38:38","modified_gmt":"2025-12-15T18:38:38","slug":"7-grzechow-glownych-pycha-audiobook","status":"publish","type":"product","link":"https:\/\/mateuszmrozowski.pl\/sklep\/produkt\/7-grzechow-glownych-pycha-audiobook\/","title":{"rendered":"7 Grzech\u00f3w g\u0142\u00f3wnych \u2013 Pycha (audiobook do pobrania)"},"content":{"rendered":"\n\n<div class=\"kk-star-ratings kksr-auto kksr-align-left kksr-valign-top kksr-disabled\"\n    data-payload='{&quot;align&quot;:&quot;left&quot;,&quot;id&quot;:&quot;316&quot;,&quot;readonly&quot;:&quot;1&quot;,&quot;slug&quot;:&quot;default&quot;,&quot;valign&quot;:&quot;top&quot;,&quot;ignore&quot;:&quot;&quot;,&quot;reference&quot;:&quot;auto&quot;,&quot;class&quot;:&quot;&quot;,&quot;count&quot;:&quot;4&quot;,&quot;legendonly&quot;:&quot;&quot;,&quot;score&quot;:&quot;4&quot;,&quot;starsonly&quot;:&quot;&quot;,&quot;best&quot;:&quot;5&quot;,&quot;gap&quot;:&quot;5&quot;,&quot;greet&quot;:&quot;Wystaw ocen\u0119&quot;,&quot;legend&quot;:&quot;4\\\/5 - (4 ocen)&quot;,&quot;size&quot;:&quot;16&quot;,&quot;title&quot;:&quot;7 Grzech\u00f3w g\u0142\u00f3wnych \u2013 Pycha (audiobook do pobrania)&quot;,&quot;width&quot;:&quot;81.5&quot;,&quot;_legend&quot;:&quot;{score}\\\/{best} - ({count} ocen)&quot;,&quot;font_factor&quot;:&quot;1.25&quot;}'>\n            \n<div class=\"kksr-stars\">\n    \n<div class=\"kksr-stars-inactive\">\n            <div class=\"kksr-star\" data-star=\"1\" style=\"padding-right: 5px\">\n            \n\n<div class=\"kksr-icon\" style=\"width: 16px; height: 16px;\"><\/div>\n        <\/div>\n            <div class=\"kksr-star\" data-star=\"2\" style=\"padding-right: 5px\">\n            \n\n<div class=\"kksr-icon\" style=\"width: 16px; height: 16px;\"><\/div>\n        <\/div>\n            <div class=\"kksr-star\" data-star=\"3\" style=\"padding-right: 5px\">\n            \n\n<div class=\"kksr-icon\" style=\"width: 16px; height: 16px;\"><\/div>\n        <\/div>\n            <div class=\"kksr-star\" data-star=\"4\" style=\"padding-right: 5px\">\n            \n\n<div class=\"kksr-icon\" style=\"width: 16px; height: 16px;\"><\/div>\n        <\/div>\n            <div class=\"kksr-star\" data-star=\"5\" style=\"padding-right: 5px\">\n            \n\n<div class=\"kksr-icon\" style=\"width: 16px; height: 16px;\"><\/div>\n        <\/div>\n    <\/div>\n    \n<div class=\"kksr-stars-active\" style=\"width: 81.5px;\">\n            <div class=\"kksr-star\" style=\"padding-right: 5px\">\n            \n\n<div class=\"kksr-icon\" style=\"width: 16px; height: 16px;\"><\/div>\n        <\/div>\n            <div class=\"kksr-star\" style=\"padding-right: 5px\">\n            \n\n<div class=\"kksr-icon\" style=\"width: 16px; height: 16px;\"><\/div>\n        <\/div>\n            <div class=\"kksr-star\" style=\"padding-right: 5px\">\n            \n\n<div class=\"kksr-icon\" style=\"width: 16px; height: 16px;\"><\/div>\n        <\/div>\n            <div class=\"kksr-star\" style=\"padding-right: 5px\">\n            \n\n<div class=\"kksr-icon\" style=\"width: 16px; height: 16px;\"><\/div>\n        <\/div>\n            <div class=\"kksr-star\" style=\"padding-right: 5px\">\n            \n\n<div class=\"kksr-icon\" style=\"width: 16px; height: 16px;\"><\/div>\n        <\/div>\n    <\/div>\n<\/div>\n                \n\n<div class=\"kksr-legend\" style=\"font-size: 12.8px;\">\n            4\/5 - (4 ocen)    <\/div>\n    <\/div>\n<h2>Audiobook &#8222;Pycha&#8221; &#8211; Mateusz Mrozowski i Filip Prokop<\/h2>\n<p>Zapraszamy do niezwyk\u0142ej podr\u00f3\u017cy z audiobookiem &#8222;Pycha&#8221; autorstwa Mateusza Mrozowskiego i Filipa Prokopa. Ta dwugodzinna opowie\u015b\u0107 przeniesie Ci\u0119 w g\u0142\u0105b ludzkiej natury i jej najbardziej skomplikowanego aspektu &#8211; pychy.<\/p>\n<p>&#8222;Pycha&#8221; to emocjonuj\u0105ca opowie\u015b\u0107 o jednym z najpowa\u017cniejszych ogranicze\u0144, kt\u00f3re mo\u017cemy do\u015bwiadczy\u0107 w momencie osi\u0105gni\u0119cia sukcesu. To uczucie, kt\u00f3re nas unosi, daje nam poczucie wyj\u0105tkowo\u015bci i spe\u0142nienia. Jednak\u017ce, w pierwszej sekundzie triumfu, pycha zaczyna pracowa\u0107 przeciwko nam, stanowi\u0105c zagro\u017cenie dla naszego r\u00f3wnowagi i sukcesu.<\/p>\n<p>W ramach tego audiobooka dowiesz si\u0119, jak rozpocz\u0105\u0107 podr\u00f3\u017c z pych\u0105, jak walczy\u0107 z jej destrukcyjnym wp\u0142ywem i jak skutecznie wytworzy\u0107 mechanizmy obronne, kt\u00f3re pozwol\u0105 Ci unikn\u0105\u0107 jej toksycznych konsekwencji w przysz\u0142o\u015bci. Autorzy odkrywaj\u0105 tajniki zar\u00f3wno psychologii pychy, jak i praktyczne strategie, kt\u00f3re pomog\u0105 Ci nie tylko pozna\u0107 jej istot\u0119, ale tak\u017ce oswoi\u0107 i pokona\u0107 j\u0105.<\/p>\n<p>&#8222;Pycha&#8221; jest nieuchronnie bezlitosna i mo\u017ce zabra\u0107 nam wszystko, czego dotkn\u0119\u0142a. Ta audiobookowa podr\u00f3\u017c ods\u0142oni przed Tob\u0105 prawd\u0119, \u017ce pycha najpierw pozwala nam si\u0119 cieszy\u0107 z osi\u0105gni\u0119\u0107 i sukces\u00f3w, by potem w bezlitosny spos\u00f3b odbiera\u0107 nam to, co mieli\u015bmy. Przez narracj\u0119 pe\u0142n\u0105 m\u0105dro\u015bci i refleksji, autorzy prowadz\u0105 s\u0142uchacza przez r\u00f3\u017cne aspekty pychy, ukazuj\u0105c jej wp\u0142yw na nasze relacje, zdrowie psychiczne i samorealizacj\u0119.<\/p>\n<p>Nieustannie rozwijaj\u0105c swoje idee, Mrozowski i Prokop odkrywaj\u0105 kluczowe narz\u0119dzia, kt\u00f3re pomog\u0105 Ci opanowa\u0107 pych\u0119 i stworzy\u0107 solidne fundamenty dla swojego sukcesu. To audiobook dla tych, kt\u00f3rzy pragn\u0105 lepiej zrozumie\u0107 swoje emocje, prze\u0142ama\u0107 ograniczenia i stworzy\u0107 harmonijne, satysfakcjonuj\u0105ce \u017cycie.<\/p>\n<p>&#8222;Pycha&#8221; to wyj\u0105tkowe dzie\u0142o, kt\u00f3re przem\u00f3wi do Twojej duszy i sk\u0142oni do refleksji nad w\u0142asnym rozwojem. Przygotuj si\u0119 na fascynuj\u0105c\u0105 podr\u00f3\u017c w g\u0142\u0105b samego siebie, gdzie odkryjesz mocne narz\u0119dzia i strategie, aby nie tylko zapobiec negatywnym skutkom pychy, ale tak\u017ce osi\u0105gn\u0105\u0107 autentyczn\u0105 r\u00f3wnowag\u0119 i spe\u0142nienie w swoim \u017cyciu.<\/p>\n<p>Pycha- to podr\u00f3\u017c w g\u0142\u0105b jedynego ograniczenia kt\u00f3re rodzi si\u0119 w momencie sukcesu, w pierwszej jej sekundzie i zostaje do ko\u0144ca, do czasu, kiedy potrafimy wszystko zaprzepa\u015bci\u0107. Z tego audiobooka dowiesz si\u0119 jak j\u0105 rozpoczyna\u0107, jak z ni\u0105 walczy\u0107 i jak skutecznie wytworzy\u0107 mechanizm obronny, aby nie musie\u0107 si\u0119 ni\u0105 przejmowa\u0107 w przysz\u0142o\u015bci. Tak &#8211; to pycha odbiera nam wszystsko. Najpierw pozwoli ci si\u0119 nacieszy\u0107, a potem odbierze ci wszystko<\/p>\n<p>&nbsp;<\/p>\n","protected":false},"excerpt":{"rendered":"<p>Audiobook &#8222;Pycha&#8221; &#8211; Mateusz Mrozowski i Filip Prokop Zapraszamy do niezwyk\u0142ej podr\u00f3\u017cy z audiobookiem &#8222;Pycha&#8221; autorstwa Mateusza Mrozowskiego i Filipa Prokopa. Ta dwugodzinna opowie\u015b\u0107 przeniesie Ci\u0119 w g\u0142\u0105b ludzkiej natury i jej najbardziej skomplikowanego aspektu &#8211; pychy. &#8222;Pycha&#8221; to emocjonuj\u0105ca opowie\u015b\u0107 o jednym z najpowa\u017cniejszych ogranicze\u0144, kt\u00f3re mo\u017cemy do\u015bwiadczy\u0107 w momencie osi\u0105gni\u0119cia sukcesu. To uczucie, [&hellip;]<\/p>\n","protected":false},"featured_media":98396,"template":"","meta":{"_acf_changed":false,"content-type":""},"product_brand":[],"product_cat":[24,114],"product_tag":[120],"class_list":{"0":"post-316","1":"product","2":"type-product","3":"status-publish","4":"has-post-thumbnail","6":"product_cat-ksiazki-biznesowe","7":"product_cat-wszystkie-produkty","8":"product_tag-feed","10":"first","11":"instock","12":"downloadable","13":"virtual","14":"sold-individually","15":"taxable","16":"purchasable","17":"product-type-simple"},"acf":[],"yoast_head":"<!-- This site is optimized with the Yoast SEO plugin v27.1.1 - https:\/\/yoast.com\/product\/yoast-seo-wordpress\/ -->\n<title>Ksi\u0105\u017cka Biznesowa 7 Grzech\u00f3w G\u0142\u00f3wnych \u2013 Pycha - Audiobook | M. Mrozowski<\/title>\n<meta name=\"description\" content=\"Ksi\u0105\u017cka Biznesowa 7 Grzech\u00f3w G\u0142\u00f3wnych \u2013 Pycha - Audiobook | M. Mrozowski \u2714\ufe0f Wiedza i Do\u015bwiadczenie \u2714\ufe0f Autorskie Metody \u2714\ufe0f Kup Teraz \u00bb\" \/>\n<meta name=\"robots\" content=\"noindex, nofollow\" \/>\n<meta property=\"og:locale\" content=\"pl_PL\" \/>\n<meta property=\"og:type\" content=\"article\" \/>\n<meta property=\"og:title\" content=\"Ksi\u0105\u017cka Biznesowa 7 Grzech\u00f3w G\u0142\u00f3wnych \u2013 Pycha - Audiobook | M. Mrozowski\" \/>\n<meta property=\"og:description\" content=\"Ksi\u0105\u017cka Biznesowa 7 Grzech\u00f3w G\u0142\u00f3wnych \u2013 Pycha - Audiobook | M. Mrozowski \u2714\ufe0f Wiedza i Do\u015bwiadczenie \u2714\ufe0f Autorskie Metody \u2714\ufe0f Kup Teraz \u00bb\" \/>\n<meta property=\"og:url\" content=\"https:\/\/mateuszmrozowski.pl\/sklep\/produkt\/7-grzechow-glownych-pycha-audiobook\/\" \/>\n<meta property=\"og:site_name\" content=\"Mateusz Mrozowski Trener Biznesu\" \/>\n<meta property=\"article:publisher\" content=\"https:\/\/www.facebook.com\/mateuszmrozowskisiewca\" \/>\n<meta property=\"article:modified_time\" content=\"2025-12-15T18:38:38+00:00\" \/>\n<meta property=\"og:image\" content=\"https:\/\/mateuszmrozowski.pl\/sklep\/wp-content\/uploads\/2020\/05\/Mateusz-Mrozowski-Audiobook-Pycha.png\" \/>\n\t<meta property=\"og:image:width\" content=\"1080\" \/>\n\t<meta property=\"og:image:height\" content=\"1080\" \/>\n\t<meta property=\"og:image:type\" content=\"image\/png\" \/>\n<meta name=\"twitter:card\" content=\"summary_large_image\" \/>\n<meta name=\"twitter:label1\" content=\"Szacowany czas czytania\" \/>\n\t<meta name=\"twitter:data1\" content=\"3 minuty\" \/>\n<script type=\"application\/ld+json\" class=\"yoast-schema-graph\">{\"@context\":\"https:\/\/schema.org\",\"@graph\":[{\"@type\":\"WebPage\",\"@id\":\"https:\/\/mateuszmrozowski.pl\/sklep\/produkt\/7-grzechow-glownych-pycha-audiobook\/\",\"url\":\"https:\/\/mateuszmrozowski.pl\/sklep\/produkt\/7-grzechow-glownych-pycha-audiobook\/\",\"name\":\"Ksi\u0105\u017cka Biznesowa 7 Grzech\u00f3w G\u0142\u00f3wnych \u2013 Pycha - Audiobook | M. Mrozowski\",\"isPartOf\":{\"@id\":\"https:\/\/mateuszmrozowski.pl\/sklep\/#website\"},\"primaryImageOfPage\":{\"@id\":\"https:\/\/mateuszmrozowski.pl\/sklep\/produkt\/7-grzechow-glownych-pycha-audiobook\/#primaryimage\"},\"image\":{\"@id\":\"https:\/\/mateuszmrozowski.pl\/sklep\/produkt\/7-grzechow-glownych-pycha-audiobook\/#primaryimage\"},\"thumbnailUrl\":\"https:\/\/mateuszmrozowski.pl\/sklep\/wp-content\/uploads\/2020\/05\/Mateusz-Mrozowski-Audiobook-Pycha.png\",\"datePublished\":\"2020-05-08T12:09:47+00:00\",\"dateModified\":\"2025-12-15T18:38:38+00:00\",\"description\":\"Ksi\u0105\u017cka Biznesowa 7 Grzech\u00f3w G\u0142\u00f3wnych \u2013 Pycha - Audiobook | M. Mrozowski \u2714\ufe0f Wiedza i Do\u015bwiadczenie \u2714\ufe0f Autorskie Metody \u2714\ufe0f Kup Teraz \u00bb\",\"breadcrumb\":{\"@id\":\"https:\/\/mateuszmrozowski.pl\/sklep\/produkt\/7-grzechow-glownych-pycha-audiobook\/#breadcrumb\"},\"inLanguage\":\"pl-PL\",\"potentialAction\":[{\"@type\":\"ReadAction\",\"target\":[\"https:\/\/mateuszmrozowski.pl\/sklep\/produkt\/7-grzechow-glownych-pycha-audiobook\/\"]}]},{\"@type\":\"ImageObject\",\"inLanguage\":\"pl-PL\",\"@id\":\"https:\/\/mateuszmrozowski.pl\/sklep\/produkt\/7-grzechow-glownych-pycha-audiobook\/#primaryimage\",\"url\":\"https:\/\/mateuszmrozowski.pl\/sklep\/wp-content\/uploads\/2020\/05\/Mateusz-Mrozowski-Audiobook-Pycha.png\",\"contentUrl\":\"https:\/\/mateuszmrozowski.pl\/sklep\/wp-content\/uploads\/2020\/05\/Mateusz-Mrozowski-Audiobook-Pycha.png\",\"width\":1080,\"height\":1080,\"caption\":\"Mateusz Mrozowski Audiobook Pycha\"},{\"@type\":\"BreadcrumbList\",\"@id\":\"https:\/\/mateuszmrozowski.pl\/sklep\/produkt\/7-grzechow-glownych-pycha-audiobook\/#breadcrumb\",\"itemListElement\":[{\"@type\":\"ListItem\",\"position\":1,\"name\":\"Strona g\u0142\u00f3wna\",\"item\":\"https:\/\/mateuszmrozowski.pl\/sklep\/\"},{\"@type\":\"ListItem\",\"position\":2,\"name\":\"Szkolenia biznesowe i kursy sprzeda\u017cowe\",\"item\":\"https:\/\/mateuszmrozowski.pl\/sklep\/\"},{\"@type\":\"ListItem\",\"position\":3,\"name\":\"Ksi\u0105\u017cki\",\"item\":\"https:\/\/mateuszmrozowski.pl\/sklep\/kategoria-produktu\/ksiazki-biznesowe\/\"},{\"@type\":\"ListItem\",\"position\":4,\"name\":\"7 Grzech\u00f3w g\u0142\u00f3wnych \u2013 Pycha (audiobook do pobrania)\"}]},{\"@type\":\"WebSite\",\"@id\":\"https:\/\/mateuszmrozowski.pl\/sklep\/#website\",\"url\":\"https:\/\/mateuszmrozowski.pl\/sklep\/\",\"name\":\"Mateusz Mrozowski Trener biznesu\",\"description\":\"Walcz\u0119 o wynik dla firm z kt\u00f3rymi wsp\u00f3\u0142pracuj\u0119.\",\"publisher\":{\"@id\":\"https:\/\/mateuszmrozowski.pl\/sklep\/#organization\"},\"alternateName\":\"Mateusz Mrozowski\",\"potentialAction\":[{\"@type\":\"SearchAction\",\"target\":{\"@type\":\"EntryPoint\",\"urlTemplate\":\"https:\/\/mateuszmrozowski.pl\/sklep\/?s={search_term_string}\"},\"query-input\":{\"@type\":\"PropertyValueSpecification\",\"valueRequired\":true,\"valueName\":\"search_term_string\"}}],\"inLanguage\":\"pl-PL\"},{\"@type\":\"Organization\",\"@id\":\"https:\/\/mateuszmrozowski.pl\/sklep\/#organization\",\"name\":\"Mateusz Mrozowski Trener biznesu\",\"alternateName\":\"Mateusz Mrozowski\",\"url\":\"https:\/\/mateuszmrozowski.pl\/sklep\/\",\"logo\":{\"@type\":\"ImageObject\",\"inLanguage\":\"pl-PL\",\"@id\":\"https:\/\/mateuszmrozowski.pl\/sklep\/#\/schema\/logo\/image\/\",\"url\":\"https:\/\/mateuszmrozowski.pl\/sklep\/wp-content\/uploads\/2025\/03\/cropped-mateusz_mrozowski_logo.png\",\"contentUrl\":\"https:\/\/mateuszmrozowski.pl\/sklep\/wp-content\/uploads\/2025\/03\/cropped-mateusz_mrozowski_logo.png\",\"width\":236,\"height\":59,\"caption\":\"Mateusz Mrozowski Trener biznesu\"},\"image\":{\"@id\":\"https:\/\/mateuszmrozowski.pl\/sklep\/#\/schema\/logo\/image\/\"},\"sameAs\":[\"https:\/\/www.facebook.com\/mateuszmrozowskisiewca\",\"https:\/\/www.youtube.com\/channel\/UCI6FhECZ4GdL1TYU5oh5JDg\",\"https:\/\/www.instagram.com\/mrozowski.siewca\/\",\"https:\/\/www.linkedin.com\/in\/mateuszmrozowski\/\",\"https:\/\/maps.app.goo.gl\/Ee8wtgr6gx2CjEM68\",\"https:\/\/www.tiktok.com\/@mateuszmrozowskisiewca\"]}]}<\/script>\n<!-- \/ Yoast SEO plugin. -->","yoast_head_json":{"title":"Ksi\u0105\u017cka Biznesowa 7 Grzech\u00f3w G\u0142\u00f3wnych \u2013 Pycha - Audiobook | M. Mrozowski","description":"Ksi\u0105\u017cka Biznesowa 7 Grzech\u00f3w G\u0142\u00f3wnych \u2013 Pycha - Audiobook | M. Mrozowski \u2714\ufe0f Wiedza i Do\u015bwiadczenie \u2714\ufe0f Autorskie Metody \u2714\ufe0f Kup Teraz \u00bb","robots":{"index":"noindex","follow":"nofollow"},"og_locale":"pl_PL","og_type":"article","og_title":"Ksi\u0105\u017cka Biznesowa 7 Grzech\u00f3w G\u0142\u00f3wnych \u2013 Pycha - Audiobook | M. Mrozowski","og_description":"Ksi\u0105\u017cka Biznesowa 7 Grzech\u00f3w G\u0142\u00f3wnych \u2013 Pycha - Audiobook | M. Mrozowski \u2714\ufe0f Wiedza i Do\u015bwiadczenie \u2714\ufe0f Autorskie Metody \u2714\ufe0f Kup Teraz \u00bb","og_url":"https:\/\/mateuszmrozowski.pl\/sklep\/produkt\/7-grzechow-glownych-pycha-audiobook\/","og_site_name":"Mateusz Mrozowski Trener Biznesu","article_publisher":"https:\/\/www.facebook.com\/mateuszmrozowskisiewca","article_modified_time":"2025-12-15T18:38:38+00:00","og_image":[{"width":1080,"height":1080,"url":"https:\/\/mateuszmrozowski.pl\/sklep\/wp-content\/uploads\/2020\/05\/Mateusz-Mrozowski-Audiobook-Pycha.png","type":"image\/png"}],"twitter_card":"summary_large_image","twitter_misc":{"Szacowany czas czytania":"3 minuty"},"schema":{"@context":"https:\/\/schema.org","@graph":[{"@type":"WebPage","@id":"https:\/\/mateuszmrozowski.pl\/sklep\/produkt\/7-grzechow-glownych-pycha-audiobook\/","url":"https:\/\/mateuszmrozowski.pl\/sklep\/produkt\/7-grzechow-glownych-pycha-audiobook\/","name":"Ksi\u0105\u017cka Biznesowa 7 Grzech\u00f3w G\u0142\u00f3wnych \u2013 Pycha - Audiobook | M. Mrozowski","isPartOf":{"@id":"https:\/\/mateuszmrozowski.pl\/sklep\/#website"},"primaryImageOfPage":{"@id":"https:\/\/mateuszmrozowski.pl\/sklep\/produkt\/7-grzechow-glownych-pycha-audiobook\/#primaryimage"},"image":{"@id":"https:\/\/mateuszmrozowski.pl\/sklep\/produkt\/7-grzechow-glownych-pycha-audiobook\/#primaryimage"},"thumbnailUrl":"https:\/\/mateuszmrozowski.pl\/sklep\/wp-content\/uploads\/2020\/05\/Mateusz-Mrozowski-Audiobook-Pycha.png","datePublished":"2020-05-08T12:09:47+00:00","dateModified":"2025-12-15T18:38:38+00:00","description":"Ksi\u0105\u017cka Biznesowa 7 Grzech\u00f3w G\u0142\u00f3wnych \u2013 Pycha - Audiobook | M. Mrozowski \u2714\ufe0f Wiedza i Do\u015bwiadczenie \u2714\ufe0f Autorskie Metody \u2714\ufe0f Kup Teraz \u00bb","breadcrumb":{"@id":"https:\/\/mateuszmrozowski.pl\/sklep\/produkt\/7-grzechow-glownych-pycha-audiobook\/#breadcrumb"},"inLanguage":"pl-PL","potentialAction":[{"@type":"ReadAction","target":["https:\/\/mateuszmrozowski.pl\/sklep\/produkt\/7-grzechow-glownych-pycha-audiobook\/"]}]},{"@type":"ImageObject","inLanguage":"pl-PL","@id":"https:\/\/mateuszmrozowski.pl\/sklep\/produkt\/7-grzechow-glownych-pycha-audiobook\/#primaryimage","url":"https:\/\/mateuszmrozowski.pl\/sklep\/wp-content\/uploads\/2020\/05\/Mateusz-Mrozowski-Audiobook-Pycha.png","contentUrl":"https:\/\/mateuszmrozowski.pl\/sklep\/wp-content\/uploads\/2020\/05\/Mateusz-Mrozowski-Audiobook-Pycha.png","width":1080,"height":1080,"caption":"Mateusz Mrozowski Audiobook Pycha"},{"@type":"BreadcrumbList","@id":"https:\/\/mateuszmrozowski.pl\/sklep\/produkt\/7-grzechow-glownych-pycha-audiobook\/#breadcrumb","itemListElement":[{"@type":"ListItem","position":1,"name":"Strona g\u0142\u00f3wna","item":"https:\/\/mateuszmrozowski.pl\/sklep\/"},{"@type":"ListItem","position":2,"name":"Szkolenia biznesowe i kursy sprzeda\u017cowe","item":"https:\/\/mateuszmrozowski.pl\/sklep\/"},{"@type":"ListItem","position":3,"name":"Ksi\u0105\u017cki","item":"https:\/\/mateuszmrozowski.pl\/sklep\/kategoria-produktu\/ksiazki-biznesowe\/"},{"@type":"ListItem","position":4,"name":"7 Grzech\u00f3w g\u0142\u00f3wnych \u2013 Pycha (audiobook do pobrania)"}]},{"@type":"WebSite","@id":"https:\/\/mateuszmrozowski.pl\/sklep\/#website","url":"https:\/\/mateuszmrozowski.pl\/sklep\/","name":"Mateusz Mrozowski Trener biznesu","description":"Walcz\u0119 o wynik dla firm z kt\u00f3rymi wsp\u00f3\u0142pracuj\u0119.","publisher":{"@id":"https:\/\/mateuszmrozowski.pl\/sklep\/#organization"},"alternateName":"Mateusz Mrozowski","potentialAction":[{"@type":"SearchAction","target":{"@type":"EntryPoint","urlTemplate":"https:\/\/mateuszmrozowski.pl\/sklep\/?s={search_term_string}"},"query-input":{"@type":"PropertyValueSpecification","valueRequired":true,"valueName":"search_term_string"}}],"inLanguage":"pl-PL"},{"@type":"Organization","@id":"https:\/\/mateuszmrozowski.pl\/sklep\/#organization","name":"Mateusz Mrozowski Trener biznesu","alternateName":"Mateusz Mrozowski","url":"https:\/\/mateuszmrozowski.pl\/sklep\/","logo":{"@type":"ImageObject","inLanguage":"pl-PL","@id":"https:\/\/mateuszmrozowski.pl\/sklep\/#\/schema\/logo\/image\/","url":"https:\/\/mateuszmrozowski.pl\/sklep\/wp-content\/uploads\/2025\/03\/cropped-mateusz_mrozowski_logo.png","contentUrl":"https:\/\/mateuszmrozowski.pl\/sklep\/wp-content\/uploads\/2025\/03\/cropped-mateusz_mrozowski_logo.png","width":236,"height":59,"caption":"Mateusz Mrozowski Trener biznesu"},"image":{"@id":"https:\/\/mateuszmrozowski.pl\/sklep\/#\/schema\/logo\/image\/"},"sameAs":["https:\/\/www.facebook.com\/mateuszmrozowskisiewca","https:\/\/www.youtube.com\/channel\/UCI6FhECZ4GdL1TYU5oh5JDg","https:\/\/www.instagram.com\/mrozowski.siewca\/","https:\/\/www.linkedin.com\/in\/mateuszmrozowski\/","https:\/\/maps.app.goo.gl\/Ee8wtgr6gx2CjEM68","https:\/\/www.tiktok.com\/@mateuszmrozowskisiewca"]}]}},"_links":{"self":[{"href":"https:\/\/mateuszmrozowski.pl\/sklep\/wp-json\/wp\/v2\/product\/316","targetHints":{"allow":["GET"]}}],"collection":[{"href":"https:\/\/mateuszmrozowski.pl\/sklep\/wp-json\/wp\/v2\/product"}],"about":[{"href":"https:\/\/mateuszmrozowski.pl\/sklep\/wp-json\/wp\/v2\/types\/product"}],"wp:featuredmedia":[{"embeddable":true,"href":"https:\/\/mateuszmrozowski.pl\/sklep\/wp-json\/wp\/v2\/media\/98396"}],"wp:attachment":[{"href":"https:\/\/mateuszmrozowski.pl\/sklep\/wp-json\/wp\/v2\/media?parent=316"}],"wp:term":[{"taxonomy":"product_brand","embeddable":true,"href":"https:\/\/mateuszmrozowski.pl\/sklep\/wp-json\/wp\/v2\/product_brand?post=316"},{"taxonomy":"product_cat","embeddable":true,"href":"https:\/\/mateuszmrozowski.pl\/sklep\/wp-json\/wp\/v2\/product_cat?post=316"},{"taxonomy":"product_tag","embeddable":true,"href":"https:\/\/mateuszmrozowski.pl\/sklep\/wp-json\/wp\/v2\/product_tag?post=316"}],"curies":[{"name":"wp","href":"https:\/\/api.w.org\/{rel}","templated":true}]}}