{"id":2860,"date":"2021-06-24T09:39:17","date_gmt":"2021-06-24T09:39:17","guid":{"rendered":"https:\/\/mateuszmrozowski.pl\/sklep\/?post_type=product&#038;p=2860"},"modified":"2025-03-01T17:33:32","modified_gmt":"2025-03-01T17:33:32","slug":"business-boosting-masterclass","status":"publish","type":"product","link":"https:\/\/mateuszmrozowski.pl\/sklep\/produkt\/business-boosting-masterclass\/","title":{"rendered":"Business Boosting Masterclass"},"content":{"rendered":"\n\n<div class=\"kk-star-ratings kksr-auto kksr-align-left kksr-valign-top kksr-disabled\"\n    data-payload='{&quot;align&quot;:&quot;left&quot;,&quot;id&quot;:&quot;2860&quot;,&quot;readonly&quot;:&quot;1&quot;,&quot;slug&quot;:&quot;default&quot;,&quot;valign&quot;:&quot;top&quot;,&quot;ignore&quot;:&quot;&quot;,&quot;reference&quot;:&quot;auto&quot;,&quot;class&quot;:&quot;&quot;,&quot;count&quot;:&quot;0&quot;,&quot;legendonly&quot;:&quot;&quot;,&quot;score&quot;:&quot;0&quot;,&quot;starsonly&quot;:&quot;&quot;,&quot;best&quot;:&quot;5&quot;,&quot;gap&quot;:&quot;5&quot;,&quot;greet&quot;:&quot;Wystaw ocen\u0119&quot;,&quot;legend&quot;:&quot;0\\\/5 - (0 ocen)&quot;,&quot;size&quot;:&quot;16&quot;,&quot;title&quot;:&quot;Business Boosting Masterclass&quot;,&quot;width&quot;:&quot;0&quot;,&quot;_legend&quot;:&quot;{score}\\\/{best} - ({count} ocen)&quot;,&quot;font_factor&quot;:&quot;1.25&quot;}'>\n            \n<div class=\"kksr-stars\">\n    \n<div class=\"kksr-stars-inactive\">\n            <div class=\"kksr-star\" data-star=\"1\" style=\"padding-right: 5px\">\n            \n\n<div class=\"kksr-icon\" style=\"width: 16px; height: 16px;\"><\/div>\n        <\/div>\n            <div class=\"kksr-star\" data-star=\"2\" style=\"padding-right: 5px\">\n            \n\n<div class=\"kksr-icon\" style=\"width: 16px; height: 16px;\"><\/div>\n        <\/div>\n            <div class=\"kksr-star\" data-star=\"3\" style=\"padding-right: 5px\">\n            \n\n<div class=\"kksr-icon\" style=\"width: 16px; height: 16px;\"><\/div>\n        <\/div>\n            <div class=\"kksr-star\" data-star=\"4\" style=\"padding-right: 5px\">\n            \n\n<div class=\"kksr-icon\" style=\"width: 16px; height: 16px;\"><\/div>\n        <\/div>\n            <div class=\"kksr-star\" data-star=\"5\" style=\"padding-right: 5px\">\n            \n\n<div class=\"kksr-icon\" style=\"width: 16px; height: 16px;\"><\/div>\n        <\/div>\n    <\/div>\n    \n<div class=\"kksr-stars-active\" style=\"width: 0px;\">\n            <div class=\"kksr-star\" style=\"padding-right: 5px\">\n            \n\n<div class=\"kksr-icon\" style=\"width: 16px; height: 16px;\"><\/div>\n        <\/div>\n            <div class=\"kksr-star\" style=\"padding-right: 5px\">\n            \n\n<div class=\"kksr-icon\" style=\"width: 16px; height: 16px;\"><\/div>\n        <\/div>\n            <div class=\"kksr-star\" style=\"padding-right: 5px\">\n            \n\n<div class=\"kksr-icon\" style=\"width: 16px; height: 16px;\"><\/div>\n        <\/div>\n            <div class=\"kksr-star\" style=\"padding-right: 5px\">\n            \n\n<div class=\"kksr-icon\" style=\"width: 16px; height: 16px;\"><\/div>\n        <\/div>\n            <div class=\"kksr-star\" style=\"padding-right: 5px\">\n            \n\n<div class=\"kksr-icon\" style=\"width: 16px; height: 16px;\"><\/div>\n        <\/div>\n    <\/div>\n<\/div>\n                \n\n<div class=\"kksr-legend\" style=\"font-size: 12.8px;\">\n            <span class=\"kksr-muted\">Wystaw ocen\u0119<\/span>\n    <\/div>\n    <\/div>\n<h1>Business Boosting Masterclass<\/h1>\n<p>Wykorzystuj\u0105c najnowocze\u015bniejsze techniki i narz\u0119dzia jeste\u015bmy w stanie podnie\u015b\u0107 swoj\u0105 sprzeda\u017c i pozyskiwa\u0107 wi\u0119ksz\u0105 liczb\u0119 klient\u00f3w.<br \/>\nGlobalny rynek zakup\u00f3w online osi\u0105gn\u0105\u0142 w 2020 roku prawie 4 biliony i przewiduje si\u0119, \u017ce do 2023 roku w samych Stanach Zjednoczonych niemal 91% populacji b\u0119dzie stanowi\u0107 klient\u00f3w online.<br \/>\nSprzeda\u017c rozwija si\u0119 w niesamowicie szybkim tempie, powstaje coraz wi\u0119cej nowych mo\u017cliwo\u015bci i produkt\u00f3w dost\u0119pnych przez Internet.<br \/>\nJak na tle tak ogromnej konkurencji zwi\u0119kszy\u0107 swoj\u0105 sprzeda\u017c online i face-to-face?<br \/>\nJak sta\u0107 si\u0119 ekspertem w oczach swoich potencjalnych klient\u00f3w i jak zdoby\u0107 ich zaufanie?<br \/>\nZ jakich nowoczesnych technik i narz\u0119dzi korzystaj\u0105 najwi\u0119ksze biznesy w Polsce i za granic\u0105?<br \/>\nDlaczego umiej\u0119tno\u015b\u0107 s\u0142uchania i komunikacji sta\u0142y si\u0119 najbardziej po\u017c\u0105danymi umiej\u0119tno\u015bciami w 2021 roku?<\/p>\n<p><strong>MODU\u0141 1 : ISTOTA KOMUNIKACJI I S\u0141UCHANIA<\/strong><br \/>\nUmiej\u0119tno\u015b\u0107 s\u0142uchania oraz komunikacji sta\u0142y si\u0119 obecnie najbardziej po\u017c\u0105dane na rynku. Znajomo\u015b\u0107 najlepszych technik sprzeda\u017cy nie wystarczy, je\u015bli nie potrafimy odczyta\u0107 komunikatu ze strony klienta. Badanie przeprowadzone przez Walker Service i PWC Global pokazuje, \u017ce jako\u015b\u0107 obs\u0142ugi klienta ma znacznie wi\u0119ksze znaczenie ni\u017c cena czy produkt. A\u017c 86% klient\u00f3w jest sk\u0142onna do zaakceptowania wy\u017cszej ceny w przypadku wysokiej jako\u015bci obs\u0142ugi.<\/p>\n<ul>\n<li>Bariery utrudniaj\u0105ce uwa\u017cne s\u0142uchanie i jak sobie z nimi radzi\u0107<\/li>\n<li>Sposoby niwelowania przeszk\u00f3d komunikowania si\u0119<\/li>\n<li>Model komunikacji interpersonalnej<\/li>\n<li>Cztery twarze biznesu \u2013 czy jeste\u015bmy otoczeni przez idiot\u00f3w?<\/li>\n<li>Metodologia badania potrzeb klienta i jak na nie odpowiedzie\u0107<\/li>\n<\/ul>\n<p><strong>MODU\u0141 2 : ZNACZENIE MARKI OSOBISTEJ W BIZNESIE<\/strong><br \/>\nNiejednokrotnie zastanawiamy si\u0119, jak sta\u0107 si\u0119 ekspertem w oczach swoich klient\u00f3w, aby zyska\u0107 ich zaufanie, co wp\u0142ywa r\u00f3wnie\u017c na wyniki naszej sprzeda\u017cy. Najwi\u0119ksze korporacje \u015bwiata zdaj\u0105 sobie spraw\u0119 z przej\u015bcia z epoki informacyjnej do epoki personalizacji (wg bada\u0144 Forrester Data Science) i zmieniaj\u0105 prowadzenie swoich pracownik\u00f3w, co skutkuje lepszymi wynikami i zyskami.<\/p>\n<ul>\n<li>Znaczenie personal brandingu na rynku zawodowym<\/li>\n<li>Metoda 3+5 w budowaniu swojej marki osobistej<\/li>\n<li>Stworzenie checklisty jako pierwsza pomoc pokazania si\u0119 na rynku<\/li>\n<li>Hierarchia warto\u015bci Dieltsa w budowaniu swojego personal brandingu<\/li>\n<li>Najwa\u017cniejsze i najnowsze sposoby na budowanie swojej rozpoznawalno\u015bci<\/li>\n<li>Zasady rozmowy z klientem w social mediach<\/li>\n<\/ul>\n<p><strong>MODU\u0141 3 : SPRZEDA\u017b ONLINE I TELEFONICZNA<\/strong><br \/>\nBadania pokazuj\u0105, \u017ce w sprzeda\u017cy telefonicznej mamy 3 razy wi\u0119cej czasu na zrobienie pozytywnego wra\u017cenia ni\u017c w przypadku sprzeda\u017cy face-2-face. Jak zatem zwi\u0119kszy\u0107 swoje szanse i zosta\u0107 wys\u0142uchanym? Jak wykorzysta\u0107 nowoczesn\u0105 sprzeda\u017c online, kt\u00f3ra z roku na rok generuje coraz wi\u0119ksze obroty i przychody?<\/p>\n<ul>\n<li>Znaczenie sprzeda\u017cy online na rynku \u015bwiatowym<\/li>\n<li>9 krok\u00f3w rozmowy handlowej<\/li>\n<li>7 zasad sprzeda\u017cy online<\/li>\n<li>Upselling i downselling jako nowy trend<\/li>\n<li>Metoda tr\u00f3jek \u2013 matryca neurologiczna<\/li>\n<li>Nowoczesne metody sprzeda\u017cy online<\/li>\n<li>Proces rozmowy telefonicznej<\/li>\n<\/ul>\n<p><strong>MODU\u0141 4 : SPRZEDA\u017b FACE-2-FACE<\/strong><br \/>\nW kontek\u015bcie biznesowym i dbania o klienta, sprzeda\u017c bezpo\u015brednia face-2-face zawsze b\u0119dzie mia\u0142a istotne znaczenie. Metoda Sprzeda\u017cy prowokatywnej S.L., czyli system stworzony przez \u201ewilka z wallstreet\u201d, udoskonalony i przetworzony na warunki polskie z uwzgl\u0119dnieniem proces\u00f3w behawioralnych w podejmowaniu decyzji przez klient\u00f3w jest obecnie najbardziej po\u017c\u0105danym narz\u0119dziem w kontakcie z klientem biznesowym.<\/p>\n<ul>\n<li>7 krok\u00f3w sprzeda\u017cy<\/li>\n<li>Metoda Sprzeda\u017cy prowokatywnej S.L.<\/li>\n<li>9 krok\u00f3w prezentacji handlowej<\/li>\n<li>3 techniki sprzeda\u017cy bezpo\u015bredniej face-2-face w kontek\u015bcie behawioralnym<\/li>\n<li>Model CZK i PCK w sprzeda\u017cy oraz istota znajomo\u015bci produktu<\/li>\n<\/ul>\n","protected":false},"excerpt":{"rendered":"<p>Business Boosting Masterclass Wykorzystuj\u0105c najnowocze\u015bniejsze techniki i narz\u0119dzia jeste\u015bmy w stanie podnie\u015b\u0107 swoj\u0105 sprzeda\u017c i pozyskiwa\u0107 wi\u0119ksz\u0105 liczb\u0119 klient\u00f3w. Globalny rynek zakup\u00f3w online osi\u0105gn\u0105\u0142 w 2020 roku prawie 4 biliony i przewiduje si\u0119, \u017ce do 2023 roku w samych Stanach Zjednoczonych niemal 91% populacji b\u0119dzie stanowi\u0107 klient\u00f3w online. Sprzeda\u017c rozwija si\u0119 w niesamowicie szybkim tempie, [&hellip;]<\/p>\n","protected":false},"featured_media":3422,"template":"","meta":{"_acf_changed":false,"content-type":""},"product_brand":[],"product_cat":[28,114],"product_tag":[],"class_list":{"0":"post-2860","1":"product","2":"type-product","3":"status-publish","4":"has-post-thumbnail","6":"product_cat-kursy-online","7":"product_cat-wszystkie-produkty","9":"first","10":"outofstock","11":"virtual","12":"sold-individually","13":"taxable","14":"purchasable","15":"product-type-simple"},"acf":[],"yoast_head":"<!-- This site is optimized with the Yoast SEO plugin v27.1.1 - https:\/\/yoast.com\/product\/yoast-seo-wordpress\/ -->\n<title>Szkolenie Sprzeda\u017cowe Business Boosting Masterclass | M. Mrozowski<\/title>\n<meta name=\"description\" content=\"Szkolenie Sprzeda\u017cowe Business Boosting Masterclass \u2714\ufe0f Wiedza i Do\u015bwiadczenie \u2714\ufe0f Autorskie Metody \u2714\ufe0f Naukowo Potwierdzone \u2714\ufe0f Kup Teraz \u00bb\" \/>\n<meta name=\"robots\" content=\"noindex, nofollow\" \/>\n<meta property=\"og:locale\" content=\"pl_PL\" \/>\n<meta property=\"og:type\" content=\"article\" \/>\n<meta property=\"og:title\" content=\"Szkolenie Sprzeda\u017cowe Business Boosting Masterclass | M. Mrozowski\" \/>\n<meta property=\"og:description\" content=\"Szkolenie Sprzeda\u017cowe Business Boosting Masterclass \u2714\ufe0f Wiedza i Do\u015bwiadczenie \u2714\ufe0f Autorskie Metody \u2714\ufe0f Naukowo Potwierdzone \u2714\ufe0f Kup Teraz \u00bb\" \/>\n<meta property=\"og:url\" content=\"https:\/\/mateuszmrozowski.pl\/sklep\/produkt\/business-boosting-masterclass\/\" \/>\n<meta property=\"og:site_name\" content=\"Mateusz Mrozowski Trener Biznesu\" \/>\n<meta property=\"article:publisher\" content=\"https:\/\/www.facebook.com\/mateuszmrozowskisiewca\" \/>\n<meta property=\"article:modified_time\" content=\"2025-03-01T17:33:32+00:00\" \/>\n<meta property=\"og:image\" content=\"https:\/\/mateuszmrozowski.pl\/sklep\/wp-content\/uploads\/2021\/02\/BBM.png\" \/>\n\t<meta property=\"og:image:width\" content=\"788\" \/>\n\t<meta property=\"og:image:height\" content=\"788\" \/>\n\t<meta property=\"og:image:type\" content=\"image\/png\" \/>\n<meta name=\"twitter:card\" content=\"summary_large_image\" \/>\n<meta name=\"twitter:label1\" content=\"Szacowany czas czytania\" \/>\n\t<meta name=\"twitter:data1\" content=\"4 minuty\" \/>\n<script type=\"application\/ld+json\" class=\"yoast-schema-graph\">{\"@context\":\"https:\/\/schema.org\",\"@graph\":[{\"@type\":\"WebPage\",\"@id\":\"https:\/\/mateuszmrozowski.pl\/sklep\/produkt\/business-boosting-masterclass\/\",\"url\":\"https:\/\/mateuszmrozowski.pl\/sklep\/produkt\/business-boosting-masterclass\/\",\"name\":\"Szkolenie Sprzeda\u017cowe Business Boosting Masterclass | M. Mrozowski\",\"isPartOf\":{\"@id\":\"https:\/\/mateuszmrozowski.pl\/sklep\/#website\"},\"primaryImageOfPage\":{\"@id\":\"https:\/\/mateuszmrozowski.pl\/sklep\/produkt\/business-boosting-masterclass\/#primaryimage\"},\"image\":{\"@id\":\"https:\/\/mateuszmrozowski.pl\/sklep\/produkt\/business-boosting-masterclass\/#primaryimage\"},\"thumbnailUrl\":\"https:\/\/mateuszmrozowski.pl\/sklep\/wp-content\/uploads\/2021\/02\/BBM.png\",\"datePublished\":\"2021-06-24T09:39:17+00:00\",\"dateModified\":\"2025-03-01T17:33:32+00:00\",\"description\":\"Szkolenie Sprzeda\u017cowe Business Boosting Masterclass \u2714\ufe0f Wiedza i Do\u015bwiadczenie \u2714\ufe0f Autorskie Metody \u2714\ufe0f Naukowo Potwierdzone \u2714\ufe0f Kup Teraz \u00bb\",\"breadcrumb\":{\"@id\":\"https:\/\/mateuszmrozowski.pl\/sklep\/produkt\/business-boosting-masterclass\/#breadcrumb\"},\"inLanguage\":\"pl-PL\",\"potentialAction\":[{\"@type\":\"ReadAction\",\"target\":[\"https:\/\/mateuszmrozowski.pl\/sklep\/produkt\/business-boosting-masterclass\/\"]}]},{\"@type\":\"ImageObject\",\"inLanguage\":\"pl-PL\",\"@id\":\"https:\/\/mateuszmrozowski.pl\/sklep\/produkt\/business-boosting-masterclass\/#primaryimage\",\"url\":\"https:\/\/mateuszmrozowski.pl\/sklep\/wp-content\/uploads\/2021\/02\/BBM.png\",\"contentUrl\":\"https:\/\/mateuszmrozowski.pl\/sklep\/wp-content\/uploads\/2021\/02\/BBM.png\",\"width\":788,\"height\":788},{\"@type\":\"BreadcrumbList\",\"@id\":\"https:\/\/mateuszmrozowski.pl\/sklep\/produkt\/business-boosting-masterclass\/#breadcrumb\",\"itemListElement\":[{\"@type\":\"ListItem\",\"position\":1,\"name\":\"Strona g\u0142\u00f3wna\",\"item\":\"https:\/\/mateuszmrozowski.pl\/sklep\/\"},{\"@type\":\"ListItem\",\"position\":2,\"name\":\"Szkolenia biznesowe i kursy sprzeda\u017cowe\",\"item\":\"https:\/\/mateuszmrozowski.pl\/sklep\/\"},{\"@type\":\"ListItem\",\"position\":3,\"name\":\"Kursy online\",\"item\":\"https:\/\/mateuszmrozowski.pl\/sklep\/kategoria-produktu\/kursy-online\/\"},{\"@type\":\"ListItem\",\"position\":4,\"name\":\"Business Boosting Masterclass\"}]},{\"@type\":\"WebSite\",\"@id\":\"https:\/\/mateuszmrozowski.pl\/sklep\/#website\",\"url\":\"https:\/\/mateuszmrozowski.pl\/sklep\/\",\"name\":\"Mateusz Mrozowski Trener biznesu\",\"description\":\"Walcz\u0119 o wynik dla firm z kt\u00f3rymi wsp\u00f3\u0142pracuj\u0119.\",\"publisher\":{\"@id\":\"https:\/\/mateuszmrozowski.pl\/sklep\/#organization\"},\"alternateName\":\"Mateusz Mrozowski\",\"potentialAction\":[{\"@type\":\"SearchAction\",\"target\":{\"@type\":\"EntryPoint\",\"urlTemplate\":\"https:\/\/mateuszmrozowski.pl\/sklep\/?s={search_term_string}\"},\"query-input\":{\"@type\":\"PropertyValueSpecification\",\"valueRequired\":true,\"valueName\":\"search_term_string\"}}],\"inLanguage\":\"pl-PL\"},{\"@type\":\"Organization\",\"@id\":\"https:\/\/mateuszmrozowski.pl\/sklep\/#organization\",\"name\":\"Mateusz Mrozowski Trener biznesu\",\"alternateName\":\"Mateusz Mrozowski\",\"url\":\"https:\/\/mateuszmrozowski.pl\/sklep\/\",\"logo\":{\"@type\":\"ImageObject\",\"inLanguage\":\"pl-PL\",\"@id\":\"https:\/\/mateuszmrozowski.pl\/sklep\/#\/schema\/logo\/image\/\",\"url\":\"https:\/\/mateuszmrozowski.pl\/sklep\/wp-content\/uploads\/2025\/03\/cropped-mateusz_mrozowski_logo.png\",\"contentUrl\":\"https:\/\/mateuszmrozowski.pl\/sklep\/wp-content\/uploads\/2025\/03\/cropped-mateusz_mrozowski_logo.png\",\"width\":236,\"height\":59,\"caption\":\"Mateusz Mrozowski Trener biznesu\"},\"image\":{\"@id\":\"https:\/\/mateuszmrozowski.pl\/sklep\/#\/schema\/logo\/image\/\"},\"sameAs\":[\"https:\/\/www.facebook.com\/mateuszmrozowskisiewca\",\"https:\/\/www.youtube.com\/channel\/UCI6FhECZ4GdL1TYU5oh5JDg\",\"https:\/\/www.instagram.com\/mrozowski.siewca\/\",\"https:\/\/www.linkedin.com\/in\/mateuszmrozowski\/\",\"https:\/\/maps.app.goo.gl\/Ee8wtgr6gx2CjEM68\",\"https:\/\/www.tiktok.com\/@mateuszmrozowskisiewca\"]}]}<\/script>\n<!-- \/ Yoast SEO plugin. -->","yoast_head_json":{"title":"Szkolenie Sprzeda\u017cowe Business Boosting Masterclass | M. Mrozowski","description":"Szkolenie Sprzeda\u017cowe Business Boosting Masterclass \u2714\ufe0f Wiedza i Do\u015bwiadczenie \u2714\ufe0f Autorskie Metody \u2714\ufe0f Naukowo Potwierdzone \u2714\ufe0f Kup Teraz \u00bb","robots":{"index":"noindex","follow":"nofollow"},"og_locale":"pl_PL","og_type":"article","og_title":"Szkolenie Sprzeda\u017cowe Business Boosting Masterclass | M. Mrozowski","og_description":"Szkolenie Sprzeda\u017cowe Business Boosting Masterclass \u2714\ufe0f Wiedza i Do\u015bwiadczenie \u2714\ufe0f Autorskie Metody \u2714\ufe0f Naukowo Potwierdzone \u2714\ufe0f Kup Teraz \u00bb","og_url":"https:\/\/mateuszmrozowski.pl\/sklep\/produkt\/business-boosting-masterclass\/","og_site_name":"Mateusz Mrozowski Trener Biznesu","article_publisher":"https:\/\/www.facebook.com\/mateuszmrozowskisiewca","article_modified_time":"2025-03-01T17:33:32+00:00","og_image":[{"width":788,"height":788,"url":"https:\/\/mateuszmrozowski.pl\/sklep\/wp-content\/uploads\/2021\/02\/BBM.png","type":"image\/png"}],"twitter_card":"summary_large_image","twitter_misc":{"Szacowany czas czytania":"4 minuty"},"schema":{"@context":"https:\/\/schema.org","@graph":[{"@type":"WebPage","@id":"https:\/\/mateuszmrozowski.pl\/sklep\/produkt\/business-boosting-masterclass\/","url":"https:\/\/mateuszmrozowski.pl\/sklep\/produkt\/business-boosting-masterclass\/","name":"Szkolenie Sprzeda\u017cowe Business Boosting Masterclass | M. Mrozowski","isPartOf":{"@id":"https:\/\/mateuszmrozowski.pl\/sklep\/#website"},"primaryImageOfPage":{"@id":"https:\/\/mateuszmrozowski.pl\/sklep\/produkt\/business-boosting-masterclass\/#primaryimage"},"image":{"@id":"https:\/\/mateuszmrozowski.pl\/sklep\/produkt\/business-boosting-masterclass\/#primaryimage"},"thumbnailUrl":"https:\/\/mateuszmrozowski.pl\/sklep\/wp-content\/uploads\/2021\/02\/BBM.png","datePublished":"2021-06-24T09:39:17+00:00","dateModified":"2025-03-01T17:33:32+00:00","description":"Szkolenie Sprzeda\u017cowe Business Boosting Masterclass \u2714\ufe0f Wiedza i Do\u015bwiadczenie \u2714\ufe0f Autorskie Metody \u2714\ufe0f Naukowo Potwierdzone \u2714\ufe0f Kup Teraz \u00bb","breadcrumb":{"@id":"https:\/\/mateuszmrozowski.pl\/sklep\/produkt\/business-boosting-masterclass\/#breadcrumb"},"inLanguage":"pl-PL","potentialAction":[{"@type":"ReadAction","target":["https:\/\/mateuszmrozowski.pl\/sklep\/produkt\/business-boosting-masterclass\/"]}]},{"@type":"ImageObject","inLanguage":"pl-PL","@id":"https:\/\/mateuszmrozowski.pl\/sklep\/produkt\/business-boosting-masterclass\/#primaryimage","url":"https:\/\/mateuszmrozowski.pl\/sklep\/wp-content\/uploads\/2021\/02\/BBM.png","contentUrl":"https:\/\/mateuszmrozowski.pl\/sklep\/wp-content\/uploads\/2021\/02\/BBM.png","width":788,"height":788},{"@type":"BreadcrumbList","@id":"https:\/\/mateuszmrozowski.pl\/sklep\/produkt\/business-boosting-masterclass\/#breadcrumb","itemListElement":[{"@type":"ListItem","position":1,"name":"Strona g\u0142\u00f3wna","item":"https:\/\/mateuszmrozowski.pl\/sklep\/"},{"@type":"ListItem","position":2,"name":"Szkolenia biznesowe i kursy sprzeda\u017cowe","item":"https:\/\/mateuszmrozowski.pl\/sklep\/"},{"@type":"ListItem","position":3,"name":"Kursy online","item":"https:\/\/mateuszmrozowski.pl\/sklep\/kategoria-produktu\/kursy-online\/"},{"@type":"ListItem","position":4,"name":"Business Boosting Masterclass"}]},{"@type":"WebSite","@id":"https:\/\/mateuszmrozowski.pl\/sklep\/#website","url":"https:\/\/mateuszmrozowski.pl\/sklep\/","name":"Mateusz Mrozowski Trener biznesu","description":"Walcz\u0119 o wynik dla firm z kt\u00f3rymi wsp\u00f3\u0142pracuj\u0119.","publisher":{"@id":"https:\/\/mateuszmrozowski.pl\/sklep\/#organization"},"alternateName":"Mateusz Mrozowski","potentialAction":[{"@type":"SearchAction","target":{"@type":"EntryPoint","urlTemplate":"https:\/\/mateuszmrozowski.pl\/sklep\/?s={search_term_string}"},"query-input":{"@type":"PropertyValueSpecification","valueRequired":true,"valueName":"search_term_string"}}],"inLanguage":"pl-PL"},{"@type":"Organization","@id":"https:\/\/mateuszmrozowski.pl\/sklep\/#organization","name":"Mateusz Mrozowski Trener biznesu","alternateName":"Mateusz Mrozowski","url":"https:\/\/mateuszmrozowski.pl\/sklep\/","logo":{"@type":"ImageObject","inLanguage":"pl-PL","@id":"https:\/\/mateuszmrozowski.pl\/sklep\/#\/schema\/logo\/image\/","url":"https:\/\/mateuszmrozowski.pl\/sklep\/wp-content\/uploads\/2025\/03\/cropped-mateusz_mrozowski_logo.png","contentUrl":"https:\/\/mateuszmrozowski.pl\/sklep\/wp-content\/uploads\/2025\/03\/cropped-mateusz_mrozowski_logo.png","width":236,"height":59,"caption":"Mateusz Mrozowski Trener biznesu"},"image":{"@id":"https:\/\/mateuszmrozowski.pl\/sklep\/#\/schema\/logo\/image\/"},"sameAs":["https:\/\/www.facebook.com\/mateuszmrozowskisiewca","https:\/\/www.youtube.com\/channel\/UCI6FhECZ4GdL1TYU5oh5JDg","https:\/\/www.instagram.com\/mrozowski.siewca\/","https:\/\/www.linkedin.com\/in\/mateuszmrozowski\/","https:\/\/maps.app.goo.gl\/Ee8wtgr6gx2CjEM68","https:\/\/www.tiktok.com\/@mateuszmrozowskisiewca"]}]}},"_links":{"self":[{"href":"https:\/\/mateuszmrozowski.pl\/sklep\/wp-json\/wp\/v2\/product\/2860","targetHints":{"allow":["GET"]}}],"collection":[{"href":"https:\/\/mateuszmrozowski.pl\/sklep\/wp-json\/wp\/v2\/product"}],"about":[{"href":"https:\/\/mateuszmrozowski.pl\/sklep\/wp-json\/wp\/v2\/types\/product"}],"wp:featuredmedia":[{"embeddable":true,"href":"https:\/\/mateuszmrozowski.pl\/sklep\/wp-json\/wp\/v2\/media\/3422"}],"wp:attachment":[{"href":"https:\/\/mateuszmrozowski.pl\/sklep\/wp-json\/wp\/v2\/media?parent=2860"}],"wp:term":[{"taxonomy":"product_brand","embeddable":true,"href":"https:\/\/mateuszmrozowski.pl\/sklep\/wp-json\/wp\/v2\/product_brand?post=2860"},{"taxonomy":"product_cat","embeddable":true,"href":"https:\/\/mateuszmrozowski.pl\/sklep\/wp-json\/wp\/v2\/product_cat?post=2860"},{"taxonomy":"product_tag","embeddable":true,"href":"https:\/\/mateuszmrozowski.pl\/sklep\/wp-json\/wp\/v2\/product_tag?post=2860"}],"curies":[{"name":"wp","href":"https:\/\/api.w.org\/{rel}","templated":true}]}}