{"id":27858,"date":"2022-06-20T06:52:01","date_gmt":"2022-06-20T06:52:01","guid":{"rendered":"https:\/\/mateuszmrozowski.pl\/sklep\/?post_type=product&#038;p=27858"},"modified":"2025-12-20T01:20:00","modified_gmt":"2025-12-20T01:20:00","slug":"konsultacje-mateusz-mrozowski","status":"publish","type":"product","link":"https:\/\/mateuszmrozowski.pl\/sklep\/produkt\/konsultacje-mateusz-mrozowski\/","title":{"rendered":"Konsultacja z Mateuszem Mrozowskim"},"content":{"rendered":"\n\n<div class=\"kk-star-ratings kksr-auto kksr-align-left kksr-valign-top kksr-disabled\"\n    data-payload='{&quot;align&quot;:&quot;left&quot;,&quot;id&quot;:&quot;27858&quot;,&quot;readonly&quot;:&quot;1&quot;,&quot;slug&quot;:&quot;default&quot;,&quot;valign&quot;:&quot;top&quot;,&quot;ignore&quot;:&quot;&quot;,&quot;reference&quot;:&quot;auto&quot;,&quot;class&quot;:&quot;&quot;,&quot;count&quot;:&quot;16&quot;,&quot;legendonly&quot;:&quot;&quot;,&quot;score&quot;:&quot;3.9&quot;,&quot;starsonly&quot;:&quot;&quot;,&quot;best&quot;:&quot;5&quot;,&quot;gap&quot;:&quot;5&quot;,&quot;greet&quot;:&quot;Wystaw ocen\u0119&quot;,&quot;legend&quot;:&quot;3.9\\\/5 - (16 ocen)&quot;,&quot;size&quot;:&quot;16&quot;,&quot;title&quot;:&quot;Konsultacja z Mateuszem Mrozowskim&quot;,&quot;width&quot;:&quot;79.4&quot;,&quot;_legend&quot;:&quot;{score}\\\/{best} - ({count} ocen)&quot;,&quot;font_factor&quot;:&quot;1.25&quot;}'>\n            \n<div class=\"kksr-stars\">\n    \n<div class=\"kksr-stars-inactive\">\n            <div class=\"kksr-star\" data-star=\"1\" style=\"padding-right: 5px\">\n            \n\n<div class=\"kksr-icon\" style=\"width: 16px; height: 16px;\"><\/div>\n        <\/div>\n            <div class=\"kksr-star\" data-star=\"2\" style=\"padding-right: 5px\">\n            \n\n<div class=\"kksr-icon\" style=\"width: 16px; height: 16px;\"><\/div>\n        <\/div>\n            <div class=\"kksr-star\" data-star=\"3\" style=\"padding-right: 5px\">\n            \n\n<div class=\"kksr-icon\" style=\"width: 16px; height: 16px;\"><\/div>\n        <\/div>\n            <div class=\"kksr-star\" data-star=\"4\" style=\"padding-right: 5px\">\n            \n\n<div class=\"kksr-icon\" style=\"width: 16px; height: 16px;\"><\/div>\n        <\/div>\n            <div class=\"kksr-star\" data-star=\"5\" style=\"padding-right: 5px\">\n            \n\n<div class=\"kksr-icon\" style=\"width: 16px; height: 16px;\"><\/div>\n        <\/div>\n    <\/div>\n    \n<div class=\"kksr-stars-active\" style=\"width: 79.4px;\">\n            <div class=\"kksr-star\" style=\"padding-right: 5px\">\n            \n\n<div class=\"kksr-icon\" style=\"width: 16px; height: 16px;\"><\/div>\n        <\/div>\n            <div class=\"kksr-star\" style=\"padding-right: 5px\">\n            \n\n<div class=\"kksr-icon\" style=\"width: 16px; height: 16px;\"><\/div>\n        <\/div>\n            <div class=\"kksr-star\" style=\"padding-right: 5px\">\n            \n\n<div class=\"kksr-icon\" style=\"width: 16px; height: 16px;\"><\/div>\n        <\/div>\n            <div class=\"kksr-star\" style=\"padding-right: 5px\">\n            \n\n<div class=\"kksr-icon\" style=\"width: 16px; height: 16px;\"><\/div>\n        <\/div>\n            <div class=\"kksr-star\" style=\"padding-right: 5px\">\n            \n\n<div class=\"kksr-icon\" style=\"width: 16px; height: 16px;\"><\/div>\n        <\/div>\n    <\/div>\n<\/div>\n                \n\n<div class=\"kksr-legend\" style=\"font-size: 12.8px;\">\n            3.9\/5 - (16 ocen)    <\/div>\n    <\/div>\n<h2 class=\"\" data-start=\"279\" data-end=\"357\">Konsultacja online z Mateuszem Mrozowskim \u2013 indywidualne wsparcie rozwojowe<\/h2>\n<p class=\"\" data-start=\"359\" data-end=\"608\">S\u0105 momenty, w kt\u00f3rych nawet najbardziej do\u015bwiadczone osoby potrzebuj\u0105 spojrzenia z zewn\u0105trz.<br data-start=\"451\" data-end=\"454\" \/>Gdy sprzeda\u017c spada, motywacja ga\u015bnie, a zesp\u00f3\u0142 stoi w miejscu \u2013 warto skonsultowa\u0107 si\u0119 z kim\u015b, kto potrafi zidentyfikowa\u0107 problem i wskaza\u0107 drog\u0119 naprz\u00f3d.<\/p>\n<p class=\"\" data-start=\"610\" data-end=\"812\"><strong data-start=\"610\" data-end=\"631\">Mateusz Mrozowski<\/strong>, certyfikowany Trener Biznesu, oferuje indywidualne konsultacje online, kt\u00f3re pozwalaj\u0105 wr\u00f3ci\u0107 na w\u0142a\u015bciwe tory i skutecznie dzia\u0142a\u0107 \u2013 niezale\u017cnie od bran\u017cy czy aktualnej sytuacji.<\/p>\n<hr class=\"\" data-start=\"814\" data-end=\"817\" \/>\n<h3 class=\"\" data-start=\"819\" data-end=\"852\"><strong>Dla kogo jest ta konsultacja?<\/strong><\/h3>\n<ul>\n<li data-start=\"856\" data-end=\"940\">Dla w\u0142a\u015bcicieli firm i manager\u00f3w, kt\u00f3rzy odczuwaj\u0105 spadek wynik\u00f3w i brak motywacji<\/li>\n<li data-start=\"943\" data-end=\"1042\">Dla lider\u00f3w zespo\u0142\u00f3w, kt\u00f3rzy potrzebuj\u0105 skutecznych narz\u0119dzi do zarz\u0105dzania i rozwoju pracownik\u00f3w<\/li>\n<li data-start=\"1045\" data-end=\"1132\">Dla os\u00f3b, kt\u00f3re czuj\u0105 si\u0119 zblokowane i potrzebuj\u0105 obiektywnej analizy swojej sytuacji<\/li>\n<li data-start=\"1135\" data-end=\"1221\">Dla wszystkich, kt\u00f3rzy chc\u0105 dzia\u0142a\u0107 efektywniej, pewniej i z wi\u0119kszym zaanga\u017cowaniem<\/li>\n<\/ul>\n<hr class=\"\" data-start=\"1223\" data-end=\"1226\" \/>\n<h3><strong>Czego dotyczy konsultacja?<\/strong><\/h3>\n<p class=\"\" data-start=\"1272\" data-end=\"1311\">Konsultacje z Mateuszem obejmuj\u0105 m.in.:<\/p>\n<ul>\n<li data-start=\"1315\" data-end=\"1388\">analiz\u0119 i optymalizacj\u0119 <strong data-start=\"1339\" data-end=\"1352\">sprzeda\u017cy<\/strong> \u2013 co nie dzia\u0142a i jak to naprawi\u0107<\/li>\n<li data-start=\"1391\" data-end=\"1450\"><strong data-start=\"1391\" data-end=\"1415\">zarz\u0105dzanie zespo\u0142em<\/strong> \u2013 jak motywowa\u0107 i rozwija\u0107 ludzi<\/li>\n<li data-start=\"1453\" data-end=\"1530\"><strong data-start=\"1453\" data-end=\"1487\">motywacj\u0119 osobist\u0105 i zespo\u0142ow\u0105<\/strong> \u2013 odzyskanie energii i skupienie na celu<\/li>\n<li data-start=\"1533\" data-end=\"1605\"><strong data-start=\"1533\" data-end=\"1561\">negocjacje i komunikacj\u0119<\/strong> \u2013 jak prowadzi\u0107 rozmowy, kt\u00f3re daj\u0105 efekt<\/li>\n<li data-start=\"1608\" data-end=\"1678\"><strong data-start=\"1608\" data-end=\"1633\">wyst\u0105pienia publiczne<\/strong> \u2013 jak m\u00f3wi\u0107 pewnie, autentycznie i z klas\u0105<\/li>\n<\/ul>\n<p class=\"\" data-start=\"1680\" data-end=\"1808\">Ka\u017cde spotkanie dostosowane jest do aktualnych potrzeb \u2013 mo\u017ce dotyczy\u0107 zar\u00f3wno sytuacji kryzysowej, jak i d\u0142ugofalowego rozwoju.<\/p>\n<hr class=\"\" data-start=\"1810\" data-end=\"1813\" \/>\n<h3 class=\"\" data-start=\"1815\" data-end=\"1843\"><strong>Jak wygl\u0105da konsultacja?<\/strong><\/h3>\n<ul>\n<li data-start=\"1847\" data-end=\"1908\">Spotkanie odbywa si\u0119 online, w wcze\u015bniej ustalonym terminie<\/li>\n<li data-start=\"1911\" data-end=\"1978\">Czas trwania: 30 lub 60 minut pe\u0142nego skupienia na Tobie i Twoich celach<\/li>\n<li data-start=\"1981\" data-end=\"2034\">Pracujecie w atmosferze zaufania, bez presji i ocen<\/li>\n<li data-start=\"2037\" data-end=\"2108\">Zamiast jednorazowej porady \u2013 skupienie na procesie i trwa\u0142ej zmianie<\/li>\n<\/ul>\n<hr class=\"\" data-start=\"2110\" data-end=\"2113\" \/>\n<h3 class=\"\" data-start=\"2115\" data-end=\"2134\"><strong>Dlaczego warto?<\/strong><\/h3>\n<p class=\"\" data-start=\"2136\" data-end=\"2448\">Mateusz Mrozowski to praktyk z wieloletnim do\u015bwiadczeniem w obszarach sprzeda\u017cy, zarz\u0105dzania i rozwoju osobistego. Jako certyfikowany Trener Biznesu, przeprowadzi\u0142 setki godzin indywidualnych konsultacji, warsztat\u00f3w i szkole\u0144 dla firm z r\u00f3\u017cnych bran\u017c. W pracy stawia na konkrety, szczero\u015b\u0107 i pe\u0142ne zaanga\u017cowanie.<\/p>\n<p class=\"\" data-start=\"2450\" data-end=\"2531\">Nie obiecuje cud\u00f3w \u2013 pomaga budowa\u0107 trwa\u0142e zmiany oparte na realnych dzia\u0142aniach.<\/p>\n<hr class=\"\" data-start=\"2533\" data-end=\"2536\" \/>\n<h3 class=\"\" data-start=\"2538\" data-end=\"2565\"><strong>Szczeg\u00f3\u0142y organizacyjne<\/strong><\/h3>\n<ul>\n<li data-start=\"2569\" data-end=\"2597\"><strong data-start=\"2569\" data-end=\"2585\">Czas trwania<\/strong>: 30 lub 60 minut<\/li>\n<li data-start=\"2600\" data-end=\"2654\"><strong data-start=\"2600\" data-end=\"2609\">Forma<\/strong>: online (platforma ustalana indywidualnie)<\/li>\n<li data-start=\"2657\" data-end=\"2699\"><strong data-start=\"2657\" data-end=\"2667\">Termin<\/strong>: ustalany po dokonaniu zakupu &#8211; nasz zesp\u00f3\u0142 kontaktuje si\u0119 z Tob\u0105 i ustala termin konsultacji<\/li>\n<\/ul>\n<hr class=\"\" data-start=\"2701\" data-end=\"2704\" \/>\n<h2 class=\"\" data-start=\"2706\" data-end=\"2757\">Gotowy, by odzyska\u0107 kontrol\u0119 i ruszy\u0107 do przodu?<\/h2>\n<p class=\"\" data-start=\"2759\" data-end=\"2880\">Zarezerwuj indywidualn\u0105 konsultacj\u0119 z Mateuszem Mrozowskim i przekonaj si\u0119, jak wiele mo\u017ce zmieni\u0107 jedno dobre spotkanie.<\/p>\n","protected":false},"excerpt":{"rendered":"<p>Indywidualna konsultacja z Mateuszem Mrozowskim! \ud83e\udd1d Pracujemy w systemie problem &#8211; rozwi\u0105zanie, dzi\u0119ki czemu otrzymujesz dok\u0142adnie to czego potrzebujesz. Zero pitolenia, same mi\u0119so, same konkrety, same tipy.<\/p>\n","protected":false},"featured_media":101005,"template":"","meta":{"_acf_changed":false,"content-type":""},"product_brand":[],"product_cat":[39,114],"product_tag":[],"class_list":{"0":"post-27858","1":"product","2":"type-product","3":"status-publish","4":"has-post-thumbnail","6":"product_cat-konsultacje","7":"product_cat-wszystkie-produkty","9":"first","10":"instock","11":"taxable","12":"shipping-taxable","13":"purchasable","14":"product-type-variable"},"acf":[],"yoast_head":"<!-- This site is optimized with the Yoast SEO plugin v27.3 - https:\/\/yoast.com\/product\/yoast-seo-wordpress\/ -->\n<title>Konsultacje Biznesowe z Mateuszem Mrozowskim | M. Mrozowski<\/title>\n<meta name=\"description\" content=\"Konsultacje Biznesowe z Mateuszem Mrozowskim |\u2714\ufe0f Spotkanie On-Line \u2714\ufe0f Konsultacja 30 min Lub 1 godz. \u2714\ufe0f Certyfikowany Trener Biznesu! Kup Teraz \u00bb\" \/>\n<meta name=\"robots\" content=\"index, follow, max-snippet:-1, max-image-preview:large, max-video-preview:-1\" \/>\n<link rel=\"canonical\" href=\"https:\/\/mateuszmrozowski.pl\/sklep\/produkt\/konsultacje-mateusz-mrozowski\/\" \/>\n<meta property=\"og:locale\" content=\"pl_PL\" \/>\n<meta property=\"og:type\" content=\"article\" \/>\n<meta property=\"og:title\" content=\"Konsultacje Biznesowe z Mateuszem Mrozowskim | M. Mrozowski\" \/>\n<meta property=\"og:description\" content=\"Konsultacje Biznesowe z Mateuszem Mrozowskim |\u2714\ufe0f Spotkanie On-Line \u2714\ufe0f Konsultacja 30 min Lub 1 godz. \u2714\ufe0f Certyfikowany Trener Biznesu! Kup Teraz \u00bb\" \/>\n<meta property=\"og:url\" content=\"https:\/\/mateuszmrozowski.pl\/sklep\/produkt\/konsultacje-mateusz-mrozowski\/\" \/>\n<meta property=\"og:site_name\" content=\"Mateusz Mrozowski Trener Biznesu\" \/>\n<meta property=\"article:publisher\" content=\"https:\/\/www.facebook.com\/mateuszmrozowskisiewca\" \/>\n<meta property=\"article:modified_time\" content=\"2025-12-20T01:20:00+00:00\" \/>\n<meta property=\"og:image\" content=\"https:\/\/mateuszmrozowski.pl\/sklep\/wp-content\/uploads\/2022\/06\/Mateusz-Mrozowski-Konsultacje.png\" \/>\n\t<meta property=\"og:image:width\" content=\"1080\" \/>\n\t<meta property=\"og:image:height\" content=\"1080\" \/>\n\t<meta property=\"og:image:type\" content=\"image\/png\" \/>\n<meta name=\"twitter:card\" content=\"summary_large_image\" \/>\n<meta name=\"twitter:label1\" content=\"Szacowany czas czytania\" \/>\n\t<meta name=\"twitter:data1\" content=\"3 minuty\" \/>\n<script type=\"application\/ld+json\" class=\"yoast-schema-graph\">{\"@context\":\"https:\\\/\\\/schema.org\",\"@graph\":[{\"@type\":\"WebPage\",\"@id\":\"https:\\\/\\\/mateuszmrozowski.pl\\\/sklep\\\/produkt\\\/konsultacje-mateusz-mrozowski\\\/\",\"url\":\"https:\\\/\\\/mateuszmrozowski.pl\\\/sklep\\\/produkt\\\/konsultacje-mateusz-mrozowski\\\/\",\"name\":\"Konsultacje Biznesowe z Mateuszem Mrozowskim | M. Mrozowski\",\"isPartOf\":{\"@id\":\"https:\\\/\\\/mateuszmrozowski.pl\\\/sklep\\\/#website\"},\"primaryImageOfPage\":{\"@id\":\"https:\\\/\\\/mateuszmrozowski.pl\\\/sklep\\\/produkt\\\/konsultacje-mateusz-mrozowski\\\/#primaryimage\"},\"image\":{\"@id\":\"https:\\\/\\\/mateuszmrozowski.pl\\\/sklep\\\/produkt\\\/konsultacje-mateusz-mrozowski\\\/#primaryimage\"},\"thumbnailUrl\":\"https:\\\/\\\/mateuszmrozowski.pl\\\/sklep\\\/wp-content\\\/uploads\\\/2022\\\/06\\\/Mateusz-Mrozowski-Konsultacje.png\",\"datePublished\":\"2022-06-20T06:52:01+00:00\",\"dateModified\":\"2025-12-20T01:20:00+00:00\",\"description\":\"Konsultacje Biznesowe z Mateuszem Mrozowskim |\u2714\ufe0f Spotkanie On-Line \u2714\ufe0f Konsultacja 30 min Lub 1 godz. \u2714\ufe0f Certyfikowany Trener Biznesu! Kup Teraz \u00bb\",\"breadcrumb\":{\"@id\":\"https:\\\/\\\/mateuszmrozowski.pl\\\/sklep\\\/produkt\\\/konsultacje-mateusz-mrozowski\\\/#breadcrumb\"},\"inLanguage\":\"pl-PL\",\"potentialAction\":[{\"@type\":\"ReadAction\",\"target\":[\"https:\\\/\\\/mateuszmrozowski.pl\\\/sklep\\\/produkt\\\/konsultacje-mateusz-mrozowski\\\/\"]}]},{\"@type\":\"ImageObject\",\"inLanguage\":\"pl-PL\",\"@id\":\"https:\\\/\\\/mateuszmrozowski.pl\\\/sklep\\\/produkt\\\/konsultacje-mateusz-mrozowski\\\/#primaryimage\",\"url\":\"https:\\\/\\\/mateuszmrozowski.pl\\\/sklep\\\/wp-content\\\/uploads\\\/2022\\\/06\\\/Mateusz-Mrozowski-Konsultacje.png\",\"contentUrl\":\"https:\\\/\\\/mateuszmrozowski.pl\\\/sklep\\\/wp-content\\\/uploads\\\/2022\\\/06\\\/Mateusz-Mrozowski-Konsultacje.png\",\"width\":1080,\"height\":1080},{\"@type\":\"BreadcrumbList\",\"@id\":\"https:\\\/\\\/mateuszmrozowski.pl\\\/sklep\\\/produkt\\\/konsultacje-mateusz-mrozowski\\\/#breadcrumb\",\"itemListElement\":[{\"@type\":\"ListItem\",\"position\":1,\"name\":\"Strona g\u0142\u00f3wna\",\"item\":\"https:\\\/\\\/mateuszmrozowski.pl\\\/sklep\\\/\"},{\"@type\":\"ListItem\",\"position\":2,\"name\":\"Szkolenia biznesowe i kursy sprzeda\u017cowe\",\"item\":\"https:\\\/\\\/mateuszmrozowski.pl\\\/sklep\\\/\"},{\"@type\":\"ListItem\",\"position\":3,\"name\":\"Konsultacje\",\"item\":\"https:\\\/\\\/mateuszmrozowski.pl\\\/sklep\\\/kategoria-produktu\\\/konsultacje\\\/\"},{\"@type\":\"ListItem\",\"position\":4,\"name\":\"Konsultacja z Mateuszem Mrozowskim\"}]},{\"@type\":\"WebSite\",\"@id\":\"https:\\\/\\\/mateuszmrozowski.pl\\\/sklep\\\/#website\",\"url\":\"https:\\\/\\\/mateuszmrozowski.pl\\\/sklep\\\/\",\"name\":\"Mateusz Mrozowski Trener biznesu\",\"description\":\"Walcz\u0119 o wynik dla firm z kt\u00f3rymi wsp\u00f3\u0142pracuj\u0119.\",\"publisher\":{\"@id\":\"https:\\\/\\\/mateuszmrozowski.pl\\\/sklep\\\/#organization\"},\"alternateName\":\"Mateusz Mrozowski\",\"potentialAction\":[{\"@type\":\"SearchAction\",\"target\":{\"@type\":\"EntryPoint\",\"urlTemplate\":\"https:\\\/\\\/mateuszmrozowski.pl\\\/sklep\\\/?s={search_term_string}\"},\"query-input\":{\"@type\":\"PropertyValueSpecification\",\"valueRequired\":true,\"valueName\":\"search_term_string\"}}],\"inLanguage\":\"pl-PL\"},{\"@type\":\"Organization\",\"@id\":\"https:\\\/\\\/mateuszmrozowski.pl\\\/sklep\\\/#organization\",\"name\":\"Mateusz Mrozowski Trener biznesu\",\"alternateName\":\"Mateusz Mrozowski\",\"url\":\"https:\\\/\\\/mateuszmrozowski.pl\\\/sklep\\\/\",\"logo\":{\"@type\":\"ImageObject\",\"inLanguage\":\"pl-PL\",\"@id\":\"https:\\\/\\\/mateuszmrozowski.pl\\\/sklep\\\/#\\\/schema\\\/logo\\\/image\\\/\",\"url\":\"https:\\\/\\\/mateuszmrozowski.pl\\\/sklep\\\/wp-content\\\/uploads\\\/2025\\\/03\\\/cropped-mateusz_mrozowski_logo.png\",\"contentUrl\":\"https:\\\/\\\/mateuszmrozowski.pl\\\/sklep\\\/wp-content\\\/uploads\\\/2025\\\/03\\\/cropped-mateusz_mrozowski_logo.png\",\"width\":236,\"height\":59,\"caption\":\"Mateusz Mrozowski Trener biznesu\"},\"image\":{\"@id\":\"https:\\\/\\\/mateuszmrozowski.pl\\\/sklep\\\/#\\\/schema\\\/logo\\\/image\\\/\"},\"sameAs\":[\"https:\\\/\\\/www.facebook.com\\\/mateuszmrozowskisiewca\",\"https:\\\/\\\/www.youtube.com\\\/channel\\\/UCI6FhECZ4GdL1TYU5oh5JDg\",\"https:\\\/\\\/www.instagram.com\\\/mrozowski.siewca\\\/\",\"https:\\\/\\\/www.linkedin.com\\\/in\\\/mateuszmrozowski\\\/\",\"https:\\\/\\\/maps.app.goo.gl\\\/Ee8wtgr6gx2CjEM68\",\"https:\\\/\\\/www.tiktok.com\\\/@mateuszmrozowskisiewca\"]}]}<\/script>\n<!-- \/ Yoast SEO plugin. -->","yoast_head_json":{"title":"Konsultacje Biznesowe z Mateuszem Mrozowskim | M. Mrozowski","description":"Konsultacje Biznesowe z Mateuszem Mrozowskim |\u2714\ufe0f Spotkanie On-Line \u2714\ufe0f Konsultacja 30 min Lub 1 godz. \u2714\ufe0f Certyfikowany Trener Biznesu! Kup Teraz \u00bb","robots":{"index":"index","follow":"follow","max-snippet":"max-snippet:-1","max-image-preview":"max-image-preview:large","max-video-preview":"max-video-preview:-1"},"canonical":"https:\/\/mateuszmrozowski.pl\/sklep\/produkt\/konsultacje-mateusz-mrozowski\/","og_locale":"pl_PL","og_type":"article","og_title":"Konsultacje Biznesowe z Mateuszem Mrozowskim | M. Mrozowski","og_description":"Konsultacje Biznesowe z Mateuszem Mrozowskim |\u2714\ufe0f Spotkanie On-Line \u2714\ufe0f Konsultacja 30 min Lub 1 godz. \u2714\ufe0f Certyfikowany Trener Biznesu! Kup Teraz \u00bb","og_url":"https:\/\/mateuszmrozowski.pl\/sklep\/produkt\/konsultacje-mateusz-mrozowski\/","og_site_name":"Mateusz Mrozowski Trener Biznesu","article_publisher":"https:\/\/www.facebook.com\/mateuszmrozowskisiewca","article_modified_time":"2025-12-20T01:20:00+00:00","og_image":[{"width":1080,"height":1080,"url":"https:\/\/mateuszmrozowski.pl\/sklep\/wp-content\/uploads\/2022\/06\/Mateusz-Mrozowski-Konsultacje.png","type":"image\/png"}],"twitter_card":"summary_large_image","twitter_misc":{"Szacowany czas czytania":"3 minuty"},"schema":{"@context":"https:\/\/schema.org","@graph":[{"@type":"WebPage","@id":"https:\/\/mateuszmrozowski.pl\/sklep\/produkt\/konsultacje-mateusz-mrozowski\/","url":"https:\/\/mateuszmrozowski.pl\/sklep\/produkt\/konsultacje-mateusz-mrozowski\/","name":"Konsultacje Biznesowe z Mateuszem Mrozowskim | M. Mrozowski","isPartOf":{"@id":"https:\/\/mateuszmrozowski.pl\/sklep\/#website"},"primaryImageOfPage":{"@id":"https:\/\/mateuszmrozowski.pl\/sklep\/produkt\/konsultacje-mateusz-mrozowski\/#primaryimage"},"image":{"@id":"https:\/\/mateuszmrozowski.pl\/sklep\/produkt\/konsultacje-mateusz-mrozowski\/#primaryimage"},"thumbnailUrl":"https:\/\/mateuszmrozowski.pl\/sklep\/wp-content\/uploads\/2022\/06\/Mateusz-Mrozowski-Konsultacje.png","datePublished":"2022-06-20T06:52:01+00:00","dateModified":"2025-12-20T01:20:00+00:00","description":"Konsultacje Biznesowe z Mateuszem Mrozowskim |\u2714\ufe0f Spotkanie On-Line \u2714\ufe0f Konsultacja 30 min Lub 1 godz. \u2714\ufe0f Certyfikowany Trener Biznesu! Kup Teraz \u00bb","breadcrumb":{"@id":"https:\/\/mateuszmrozowski.pl\/sklep\/produkt\/konsultacje-mateusz-mrozowski\/#breadcrumb"},"inLanguage":"pl-PL","potentialAction":[{"@type":"ReadAction","target":["https:\/\/mateuszmrozowski.pl\/sklep\/produkt\/konsultacje-mateusz-mrozowski\/"]}]},{"@type":"ImageObject","inLanguage":"pl-PL","@id":"https:\/\/mateuszmrozowski.pl\/sklep\/produkt\/konsultacje-mateusz-mrozowski\/#primaryimage","url":"https:\/\/mateuszmrozowski.pl\/sklep\/wp-content\/uploads\/2022\/06\/Mateusz-Mrozowski-Konsultacje.png","contentUrl":"https:\/\/mateuszmrozowski.pl\/sklep\/wp-content\/uploads\/2022\/06\/Mateusz-Mrozowski-Konsultacje.png","width":1080,"height":1080},{"@type":"BreadcrumbList","@id":"https:\/\/mateuszmrozowski.pl\/sklep\/produkt\/konsultacje-mateusz-mrozowski\/#breadcrumb","itemListElement":[{"@type":"ListItem","position":1,"name":"Strona g\u0142\u00f3wna","item":"https:\/\/mateuszmrozowski.pl\/sklep\/"},{"@type":"ListItem","position":2,"name":"Szkolenia biznesowe i kursy sprzeda\u017cowe","item":"https:\/\/mateuszmrozowski.pl\/sklep\/"},{"@type":"ListItem","position":3,"name":"Konsultacje","item":"https:\/\/mateuszmrozowski.pl\/sklep\/kategoria-produktu\/konsultacje\/"},{"@type":"ListItem","position":4,"name":"Konsultacja z Mateuszem Mrozowskim"}]},{"@type":"WebSite","@id":"https:\/\/mateuszmrozowski.pl\/sklep\/#website","url":"https:\/\/mateuszmrozowski.pl\/sklep\/","name":"Mateusz Mrozowski Trener biznesu","description":"Walcz\u0119 o wynik dla firm z kt\u00f3rymi wsp\u00f3\u0142pracuj\u0119.","publisher":{"@id":"https:\/\/mateuszmrozowski.pl\/sklep\/#organization"},"alternateName":"Mateusz Mrozowski","potentialAction":[{"@type":"SearchAction","target":{"@type":"EntryPoint","urlTemplate":"https:\/\/mateuszmrozowski.pl\/sklep\/?s={search_term_string}"},"query-input":{"@type":"PropertyValueSpecification","valueRequired":true,"valueName":"search_term_string"}}],"inLanguage":"pl-PL"},{"@type":"Organization","@id":"https:\/\/mateuszmrozowski.pl\/sklep\/#organization","name":"Mateusz Mrozowski Trener biznesu","alternateName":"Mateusz Mrozowski","url":"https:\/\/mateuszmrozowski.pl\/sklep\/","logo":{"@type":"ImageObject","inLanguage":"pl-PL","@id":"https:\/\/mateuszmrozowski.pl\/sklep\/#\/schema\/logo\/image\/","url":"https:\/\/mateuszmrozowski.pl\/sklep\/wp-content\/uploads\/2025\/03\/cropped-mateusz_mrozowski_logo.png","contentUrl":"https:\/\/mateuszmrozowski.pl\/sklep\/wp-content\/uploads\/2025\/03\/cropped-mateusz_mrozowski_logo.png","width":236,"height":59,"caption":"Mateusz Mrozowski Trener biznesu"},"image":{"@id":"https:\/\/mateuszmrozowski.pl\/sklep\/#\/schema\/logo\/image\/"},"sameAs":["https:\/\/www.facebook.com\/mateuszmrozowskisiewca","https:\/\/www.youtube.com\/channel\/UCI6FhECZ4GdL1TYU5oh5JDg","https:\/\/www.instagram.com\/mrozowski.siewca\/","https:\/\/www.linkedin.com\/in\/mateuszmrozowski\/","https:\/\/maps.app.goo.gl\/Ee8wtgr6gx2CjEM68","https:\/\/www.tiktok.com\/@mateuszmrozowskisiewca"]}]}},"_links":{"self":[{"href":"https:\/\/mateuszmrozowski.pl\/sklep\/wp-json\/wp\/v2\/product\/27858","targetHints":{"allow":["GET"]}}],"collection":[{"href":"https:\/\/mateuszmrozowski.pl\/sklep\/wp-json\/wp\/v2\/product"}],"about":[{"href":"https:\/\/mateuszmrozowski.pl\/sklep\/wp-json\/wp\/v2\/types\/product"}],"wp:featuredmedia":[{"embeddable":true,"href":"https:\/\/mateuszmrozowski.pl\/sklep\/wp-json\/wp\/v2\/media\/101005"}],"wp:attachment":[{"href":"https:\/\/mateuszmrozowski.pl\/sklep\/wp-json\/wp\/v2\/media?parent=27858"}],"wp:term":[{"taxonomy":"product_brand","embeddable":true,"href":"https:\/\/mateuszmrozowski.pl\/sklep\/wp-json\/wp\/v2\/product_brand?post=27858"},{"taxonomy":"product_cat","embeddable":true,"href":"https:\/\/mateuszmrozowski.pl\/sklep\/wp-json\/wp\/v2\/product_cat?post=27858"},{"taxonomy":"product_tag","embeddable":true,"href":"https:\/\/mateuszmrozowski.pl\/sklep\/wp-json\/wp\/v2\/product_tag?post=27858"}],"curies":[{"name":"wp","href":"https:\/\/api.w.org\/{rel}","templated":true}]}}