{"id":2357,"date":"2021-05-19T18:39:11","date_gmt":"2021-05-19T18:39:11","guid":{"rendered":"https:\/\/mateuszmrozowski.pl\/sklep\/?post_type=product&#038;p=2357"},"modified":"2025-03-01T17:33:32","modified_gmt":"2025-03-01T17:33:32","slug":"pakiet-promocyjny-best-seller-prolog-speed-personal-brand-przedsiebiorca-audiobook","status":"publish","type":"product","link":"https:\/\/mateuszmrozowski.pl\/sklep\/produkt\/pakiet-promocyjny-best-seller-prolog-speed-personal-brand-przedsiebiorca-audiobook\/","title":{"rendered":"Pakiet Promocyjny &#8211; Rewolucja Sprzeda\u017cy Prolog + Marka Osobista + Audiobook &#8222;PrzedSi\u0119Biorca&#8221;"},"content":{"rendered":"\n\n<div class=\"kk-star-ratings kksr-auto kksr-align-left kksr-valign-top kksr-disabled\"\n    data-payload='{&quot;align&quot;:&quot;left&quot;,&quot;id&quot;:&quot;2357&quot;,&quot;readonly&quot;:&quot;1&quot;,&quot;slug&quot;:&quot;default&quot;,&quot;valign&quot;:&quot;top&quot;,&quot;ignore&quot;:&quot;&quot;,&quot;reference&quot;:&quot;auto&quot;,&quot;class&quot;:&quot;&quot;,&quot;count&quot;:&quot;0&quot;,&quot;legendonly&quot;:&quot;&quot;,&quot;score&quot;:&quot;0&quot;,&quot;starsonly&quot;:&quot;&quot;,&quot;best&quot;:&quot;5&quot;,&quot;gap&quot;:&quot;5&quot;,&quot;greet&quot;:&quot;Wystaw ocen\u0119&quot;,&quot;legend&quot;:&quot;0\\\/5 - (0 ocen)&quot;,&quot;size&quot;:&quot;16&quot;,&quot;title&quot;:&quot;Pakiet Promocyjny - Rewolucja Sprzeda\u017cy Prolog + Marka Osobista + Audiobook \\u0026quot;PrzedSi\u0119Biorca\\u0026quot;&quot;,&quot;width&quot;:&quot;0&quot;,&quot;_legend&quot;:&quot;{score}\\\/{best} - ({count} ocen)&quot;,&quot;font_factor&quot;:&quot;1.25&quot;}'>\n            \n<div class=\"kksr-stars\">\n    \n<div class=\"kksr-stars-inactive\">\n            <div class=\"kksr-star\" data-star=\"1\" style=\"padding-right: 5px\">\n            \n\n<div class=\"kksr-icon\" style=\"width: 16px; height: 16px;\"><\/div>\n        <\/div>\n            <div class=\"kksr-star\" data-star=\"2\" style=\"padding-right: 5px\">\n            \n\n<div class=\"kksr-icon\" style=\"width: 16px; height: 16px;\"><\/div>\n        <\/div>\n            <div class=\"kksr-star\" data-star=\"3\" style=\"padding-right: 5px\">\n            \n\n<div class=\"kksr-icon\" style=\"width: 16px; height: 16px;\"><\/div>\n        <\/div>\n            <div class=\"kksr-star\" data-star=\"4\" style=\"padding-right: 5px\">\n            \n\n<div class=\"kksr-icon\" style=\"width: 16px; height: 16px;\"><\/div>\n        <\/div>\n            <div class=\"kksr-star\" data-star=\"5\" style=\"padding-right: 5px\">\n            \n\n<div class=\"kksr-icon\" style=\"width: 16px; height: 16px;\"><\/div>\n        <\/div>\n    <\/div>\n    \n<div class=\"kksr-stars-active\" style=\"width: 0px;\">\n            <div class=\"kksr-star\" style=\"padding-right: 5px\">\n            \n\n<div class=\"kksr-icon\" style=\"width: 16px; height: 16px;\"><\/div>\n        <\/div>\n            <div class=\"kksr-star\" style=\"padding-right: 5px\">\n            \n\n<div class=\"kksr-icon\" style=\"width: 16px; height: 16px;\"><\/div>\n        <\/div>\n            <div class=\"kksr-star\" style=\"padding-right: 5px\">\n            \n\n<div class=\"kksr-icon\" style=\"width: 16px; height: 16px;\"><\/div>\n        <\/div>\n            <div class=\"kksr-star\" style=\"padding-right: 5px\">\n            \n\n<div class=\"kksr-icon\" style=\"width: 16px; height: 16px;\"><\/div>\n        <\/div>\n            <div class=\"kksr-star\" style=\"padding-right: 5px\">\n            \n\n<div class=\"kksr-icon\" style=\"width: 16px; height: 16px;\"><\/div>\n        <\/div>\n    <\/div>\n<\/div>\n                \n\n<div class=\"kksr-legend\" style=\"font-size: 12.8px;\">\n            <span class=\"kksr-muted\">Wystaw ocen\u0119<\/span>\n    <\/div>\n    <\/div>\n<h2><strong>Rewolucja Sprzeda\u017cy Prolog<\/strong><\/h2>\n<p>Wst\u0119p do szkolenia zaawansowanego. W kontek\u015bcie biznesowym i dbania o klienta, sprzeda\u017c bezpo\u015brednia face-2-face zawsze b\u0119dzie mia\u0142a istotne znaczenie. Metoda Sprzeda\u017cy prowokatywnej S.L., czyli system stworzony przez \u201ewilka z wallstreet\u201d, udoskonalony i przetworzony na warunki polskie z uwzgl\u0119dnieniem proces\u00f3w behawioralnych w podejmowaniu decyzji przez klient\u00f3w jest obecnie najbardziej po\u017c\u0105danym narz\u0119dziem w kontakcie z klientem biznesowym. Szkolenie Rewolucja Sprzeda\u017cy to istny fenomen w sprzeda\u017cy. Najwa\u017cniejsze i najnowsze techniki najlepszych sprzedawc\u00f3w \u015bwiata w jednym miejscu!<\/p>\n<p><strong>Kurs sk\u0142ada si\u0119 z 3 modu\u0142\u00f3w:<br \/>\n<\/strong>Modu\u0142 1: Sprzeda\u017c telefoniczna<br \/>\nModu\u0142 2: Sprzeda\u017c bezpo\u015brednia<br \/>\nModu\u0142 3: Sprzeda\u017c Scena<\/p>\n<h2><strong>Marka Osobista, kt\u00f3ra Wygrywa<\/strong><\/h2>\n<p>Jedna z 5 kompetencji biznesowych XXI wieku.<\/p>\n<p>Niejednokrotnie zastanawiamy si\u0119, jak sta\u0107 si\u0119 ekspertem w oczach swoich klient\u00f3w, aby zyska\u0107 ich zaufanie, co wp\u0142ywa r\u00f3wnie\u017c na wyniki naszej sprzeda\u017cy. Najwi\u0119ksze korporacje \u015bwiata zdaj\u0105 sobie spraw\u0119 z przej\u015bcia z epoki informacyjnej do epoki personalizacji (wg bada\u0144 Forrester Data Science) i zmieniaj\u0105 prowadzenie swoich pracownik\u00f3w, co skutkuje lepszymi wynikami i zyskami.<\/p>\n<p><strong>Kurs online zawiera:<\/strong><\/p>\n<ol>\n<li>Znaczenie personal brandingu na rynku zawodowym<\/li>\n<li>Metoda 5 krok\u00f3w w budowaniu swojej marki osobistej<\/li>\n<li>Zasady rozmowy z klientem w social mediach<\/li>\n<li>Po\u0142\u0105czenie marki osobistej z lejami sprzeda\u017cowymi<\/li>\n<\/ol>\n<h2><strong>Audiobook &#8222;PrzedSi\u0119Biorca&#8221;<\/strong><\/h2>\n<p>Przed-Si\u0119-Biorca Idiota czy Ekspert \u2013 audiobook. Utytu\u0142owany trener i m\u00f3wca motywacyjny w dialogu z d\u0142ugoletnim przedsi\u0119biorc\u0105 omawiaj\u0105 koncepcj\u0119 przedsi\u0119biorczo\u015bci kt\u00f3ra pozwala wyrwa\u0107 si\u0119 z ogranicze\u0144 nak\u0142adanych na nas przez edukacj\u0119, religie i spo\u0142ecze\u0144stwo. Koncept kt\u00f3ry inspiruje jak wyzwoli\u0107 odwag\u0119 i kreatywno\u015b\u0107 niezale\u017cnie od tego czy prowadzisz teraz firm\u0119 czy jeste\u015b na etacie, a wszystko okraszone badaniami naukowymi i odrobin\u0105 humoru.<\/p>\n","protected":false},"excerpt":{"rendered":"<p>Rewolucja Sprzeda\u017cy Prolog Wst\u0119p do szkolenia zaawansowanego. W kontek\u015bcie biznesowym i dbania o klienta, sprzeda\u017c bezpo\u015brednia face-2-face zawsze b\u0119dzie mia\u0142a istotne znaczenie. Metoda Sprzeda\u017cy prowokatywnej S.L., czyli system stworzony przez \u201ewilka z wallstreet\u201d, udoskonalony i przetworzony na warunki polskie z uwzgl\u0119dnieniem proces\u00f3w behawioralnych w podejmowaniu decyzji przez klient\u00f3w jest obecnie najbardziej po\u017c\u0105danym narz\u0119dziem w kontakcie [&hellip;]<\/p>\n","protected":false},"featured_media":4078,"template":"","meta":{"_acf_changed":false,"content-type":""},"product_brand":[],"product_cat":[28,114],"product_tag":[],"class_list":{"0":"post-2357","1":"product","2":"type-product","3":"status-publish","4":"has-post-thumbnail","6":"product_cat-kursy-online","7":"product_cat-wszystkie-produkty","9":"first","10":"outofstock","11":"sale","12":"virtual","13":"sold-individually","14":"taxable","15":"purchasable","16":"product-type-simple"},"acf":[],"yoast_head":"<!-- This site is optimized with the Yoast SEO plugin v27.1.1 - https:\/\/yoast.com\/product\/yoast-seo-wordpress\/ -->\n<title>Pakiet Promocyjny - Rewolucja Sprzeda\u017cy Prolog + Marka Osobista + Audiobook &quot;PrzedSi\u0119Biorca&quot; - Mateusz Mrozowski Trener Biznesu<\/title>\n<meta name=\"robots\" content=\"noindex, nofollow\" \/>\n<meta property=\"og:locale\" content=\"pl_PL\" \/>\n<meta property=\"og:type\" content=\"article\" \/>\n<meta property=\"og:title\" content=\"Pakiet Promocyjny - Rewolucja Sprzeda\u017cy Prolog + Marka Osobista + Audiobook &quot;PrzedSi\u0119Biorca&quot; - Mateusz Mrozowski Trener Biznesu\" \/>\n<meta property=\"og:description\" content=\"Rewolucja Sprzeda\u017cy Prolog Wst\u0119p do szkolenia zaawansowanego. W kontek\u015bcie biznesowym i dbania o klienta, sprzeda\u017c bezpo\u015brednia face-2-face zawsze b\u0119dzie mia\u0142a istotne znaczenie. Metoda Sprzeda\u017cy prowokatywnej S.L., czyli system stworzony przez \u201ewilka z wallstreet\u201d, udoskonalony i przetworzony na warunki polskie z uwzgl\u0119dnieniem proces\u00f3w behawioralnych w podejmowaniu decyzji przez klient\u00f3w jest obecnie najbardziej po\u017c\u0105danym narz\u0119dziem w kontakcie [&hellip;]\" \/>\n<meta property=\"og:url\" content=\"https:\/\/mateuszmrozowski.pl\/sklep\/produkt\/pakiet-promocyjny-best-seller-prolog-speed-personal-brand-przedsiebiorca-audiobook\/\" \/>\n<meta property=\"og:site_name\" content=\"Mateusz Mrozowski Trener Biznesu\" \/>\n<meta property=\"article:publisher\" content=\"https:\/\/www.facebook.com\/mateuszmrozowskisiewca\" \/>\n<meta property=\"article:modified_time\" content=\"2025-03-01T17:33:32+00:00\" \/>\n<meta property=\"og:image\" content=\"https:\/\/mateuszmrozowski.pl\/sklep\/wp-content\/uploads\/2021\/05\/promo-246z\u0142.png\" \/>\n\t<meta property=\"og:image:width\" content=\"788\" \/>\n\t<meta property=\"og:image:height\" content=\"788\" \/>\n\t<meta property=\"og:image:type\" content=\"image\/png\" \/>\n<meta name=\"twitter:card\" content=\"summary_large_image\" \/>\n<meta name=\"twitter:label1\" content=\"Szacowany czas czytania\" \/>\n\t<meta name=\"twitter:data1\" content=\"2 minuty\" \/>\n<script type=\"application\/ld+json\" class=\"yoast-schema-graph\">{\"@context\":\"https:\/\/schema.org\",\"@graph\":[{\"@type\":\"WebPage\",\"@id\":\"https:\/\/mateuszmrozowski.pl\/sklep\/produkt\/pakiet-promocyjny-best-seller-prolog-speed-personal-brand-przedsiebiorca-audiobook\/\",\"url\":\"https:\/\/mateuszmrozowski.pl\/sklep\/produkt\/pakiet-promocyjny-best-seller-prolog-speed-personal-brand-przedsiebiorca-audiobook\/\",\"name\":\"Pakiet Promocyjny - Rewolucja Sprzeda\u017cy Prolog + Marka Osobista + Audiobook \\\"PrzedSi\u0119Biorca\\\" - Mateusz Mrozowski Trener Biznesu\",\"isPartOf\":{\"@id\":\"https:\/\/mateuszmrozowski.pl\/sklep\/#website\"},\"primaryImageOfPage\":{\"@id\":\"https:\/\/mateuszmrozowski.pl\/sklep\/produkt\/pakiet-promocyjny-best-seller-prolog-speed-personal-brand-przedsiebiorca-audiobook\/#primaryimage\"},\"image\":{\"@id\":\"https:\/\/mateuszmrozowski.pl\/sklep\/produkt\/pakiet-promocyjny-best-seller-prolog-speed-personal-brand-przedsiebiorca-audiobook\/#primaryimage\"},\"thumbnailUrl\":\"https:\/\/mateuszmrozowski.pl\/sklep\/wp-content\/uploads\/2021\/05\/promo-246z\u0142.png\",\"datePublished\":\"2021-05-19T18:39:11+00:00\",\"dateModified\":\"2025-03-01T17:33:32+00:00\",\"breadcrumb\":{\"@id\":\"https:\/\/mateuszmrozowski.pl\/sklep\/produkt\/pakiet-promocyjny-best-seller-prolog-speed-personal-brand-przedsiebiorca-audiobook\/#breadcrumb\"},\"inLanguage\":\"pl-PL\",\"potentialAction\":[{\"@type\":\"ReadAction\",\"target\":[\"https:\/\/mateuszmrozowski.pl\/sklep\/produkt\/pakiet-promocyjny-best-seller-prolog-speed-personal-brand-przedsiebiorca-audiobook\/\"]}]},{\"@type\":\"ImageObject\",\"inLanguage\":\"pl-PL\",\"@id\":\"https:\/\/mateuszmrozowski.pl\/sklep\/produkt\/pakiet-promocyjny-best-seller-prolog-speed-personal-brand-przedsiebiorca-audiobook\/#primaryimage\",\"url\":\"https:\/\/mateuszmrozowski.pl\/sklep\/wp-content\/uploads\/2021\/05\/promo-246z\u0142.png\",\"contentUrl\":\"https:\/\/mateuszmrozowski.pl\/sklep\/wp-content\/uploads\/2021\/05\/promo-246z\u0142.png\",\"width\":788,\"height\":788},{\"@type\":\"BreadcrumbList\",\"@id\":\"https:\/\/mateuszmrozowski.pl\/sklep\/produkt\/pakiet-promocyjny-best-seller-prolog-speed-personal-brand-przedsiebiorca-audiobook\/#breadcrumb\",\"itemListElement\":[{\"@type\":\"ListItem\",\"position\":1,\"name\":\"Strona g\u0142\u00f3wna\",\"item\":\"https:\/\/mateuszmrozowski.pl\/sklep\/\"},{\"@type\":\"ListItem\",\"position\":2,\"name\":\"Szkolenia biznesowe i kursy sprzeda\u017cowe\",\"item\":\"https:\/\/mateuszmrozowski.pl\/sklep\/\"},{\"@type\":\"ListItem\",\"position\":3,\"name\":\"Kursy online\",\"item\":\"https:\/\/mateuszmrozowski.pl\/sklep\/kategoria-produktu\/kursy-online\/\"},{\"@type\":\"ListItem\",\"position\":4,\"name\":\"Pakiet Promocyjny &#8211; Rewolucja Sprzeda\u017cy Prolog + Marka Osobista + Audiobook &#8222;PrzedSi\u0119Biorca&#8221;\"}]},{\"@type\":\"WebSite\",\"@id\":\"https:\/\/mateuszmrozowski.pl\/sklep\/#website\",\"url\":\"https:\/\/mateuszmrozowski.pl\/sklep\/\",\"name\":\"Mateusz Mrozowski Trener biznesu\",\"description\":\"Walcz\u0119 o wynik dla firm z kt\u00f3rymi wsp\u00f3\u0142pracuj\u0119.\",\"publisher\":{\"@id\":\"https:\/\/mateuszmrozowski.pl\/sklep\/#organization\"},\"alternateName\":\"Mateusz Mrozowski\",\"potentialAction\":[{\"@type\":\"SearchAction\",\"target\":{\"@type\":\"EntryPoint\",\"urlTemplate\":\"https:\/\/mateuszmrozowski.pl\/sklep\/?s={search_term_string}\"},\"query-input\":{\"@type\":\"PropertyValueSpecification\",\"valueRequired\":true,\"valueName\":\"search_term_string\"}}],\"inLanguage\":\"pl-PL\"},{\"@type\":\"Organization\",\"@id\":\"https:\/\/mateuszmrozowski.pl\/sklep\/#organization\",\"name\":\"Mateusz Mrozowski Trener biznesu\",\"alternateName\":\"Mateusz Mrozowski\",\"url\":\"https:\/\/mateuszmrozowski.pl\/sklep\/\",\"logo\":{\"@type\":\"ImageObject\",\"inLanguage\":\"pl-PL\",\"@id\":\"https:\/\/mateuszmrozowski.pl\/sklep\/#\/schema\/logo\/image\/\",\"url\":\"https:\/\/mateuszmrozowski.pl\/sklep\/wp-content\/uploads\/2025\/03\/cropped-mateusz_mrozowski_logo.png\",\"contentUrl\":\"https:\/\/mateuszmrozowski.pl\/sklep\/wp-content\/uploads\/2025\/03\/cropped-mateusz_mrozowski_logo.png\",\"width\":236,\"height\":59,\"caption\":\"Mateusz Mrozowski Trener biznesu\"},\"image\":{\"@id\":\"https:\/\/mateuszmrozowski.pl\/sklep\/#\/schema\/logo\/image\/\"},\"sameAs\":[\"https:\/\/www.facebook.com\/mateuszmrozowskisiewca\",\"https:\/\/www.youtube.com\/channel\/UCI6FhECZ4GdL1TYU5oh5JDg\",\"https:\/\/www.instagram.com\/mrozowski.siewca\/\",\"https:\/\/www.linkedin.com\/in\/mateuszmrozowski\/\",\"https:\/\/maps.app.goo.gl\/Ee8wtgr6gx2CjEM68\",\"https:\/\/www.tiktok.com\/@mateuszmrozowskisiewca\"]}]}<\/script>\n<!-- \/ Yoast SEO plugin. -->","yoast_head_json":{"title":"Pakiet Promocyjny - Rewolucja Sprzeda\u017cy Prolog + Marka Osobista + Audiobook \"PrzedSi\u0119Biorca\" - Mateusz Mrozowski Trener Biznesu","robots":{"index":"noindex","follow":"nofollow"},"og_locale":"pl_PL","og_type":"article","og_title":"Pakiet Promocyjny - Rewolucja Sprzeda\u017cy Prolog + Marka Osobista + Audiobook \"PrzedSi\u0119Biorca\" - Mateusz Mrozowski Trener Biznesu","og_description":"Rewolucja Sprzeda\u017cy Prolog Wst\u0119p do szkolenia zaawansowanego. W kontek\u015bcie biznesowym i dbania o klienta, sprzeda\u017c bezpo\u015brednia face-2-face zawsze b\u0119dzie mia\u0142a istotne znaczenie. Metoda Sprzeda\u017cy prowokatywnej S.L., czyli system stworzony przez \u201ewilka z wallstreet\u201d, udoskonalony i przetworzony na warunki polskie z uwzgl\u0119dnieniem proces\u00f3w behawioralnych w podejmowaniu decyzji przez klient\u00f3w jest obecnie najbardziej po\u017c\u0105danym narz\u0119dziem w kontakcie [&hellip;]","og_url":"https:\/\/mateuszmrozowski.pl\/sklep\/produkt\/pakiet-promocyjny-best-seller-prolog-speed-personal-brand-przedsiebiorca-audiobook\/","og_site_name":"Mateusz Mrozowski Trener Biznesu","article_publisher":"https:\/\/www.facebook.com\/mateuszmrozowskisiewca","article_modified_time":"2025-03-01T17:33:32+00:00","og_image":[{"width":788,"height":788,"url":"https:\/\/mateuszmrozowski.pl\/sklep\/wp-content\/uploads\/2021\/05\/promo-246z\u0142.png","type":"image\/png"}],"twitter_card":"summary_large_image","twitter_misc":{"Szacowany czas czytania":"2 minuty"},"schema":{"@context":"https:\/\/schema.org","@graph":[{"@type":"WebPage","@id":"https:\/\/mateuszmrozowski.pl\/sklep\/produkt\/pakiet-promocyjny-best-seller-prolog-speed-personal-brand-przedsiebiorca-audiobook\/","url":"https:\/\/mateuszmrozowski.pl\/sklep\/produkt\/pakiet-promocyjny-best-seller-prolog-speed-personal-brand-przedsiebiorca-audiobook\/","name":"Pakiet Promocyjny - Rewolucja Sprzeda\u017cy Prolog + Marka Osobista + Audiobook \"PrzedSi\u0119Biorca\" - Mateusz Mrozowski Trener Biznesu","isPartOf":{"@id":"https:\/\/mateuszmrozowski.pl\/sklep\/#website"},"primaryImageOfPage":{"@id":"https:\/\/mateuszmrozowski.pl\/sklep\/produkt\/pakiet-promocyjny-best-seller-prolog-speed-personal-brand-przedsiebiorca-audiobook\/#primaryimage"},"image":{"@id":"https:\/\/mateuszmrozowski.pl\/sklep\/produkt\/pakiet-promocyjny-best-seller-prolog-speed-personal-brand-przedsiebiorca-audiobook\/#primaryimage"},"thumbnailUrl":"https:\/\/mateuszmrozowski.pl\/sklep\/wp-content\/uploads\/2021\/05\/promo-246z\u0142.png","datePublished":"2021-05-19T18:39:11+00:00","dateModified":"2025-03-01T17:33:32+00:00","breadcrumb":{"@id":"https:\/\/mateuszmrozowski.pl\/sklep\/produkt\/pakiet-promocyjny-best-seller-prolog-speed-personal-brand-przedsiebiorca-audiobook\/#breadcrumb"},"inLanguage":"pl-PL","potentialAction":[{"@type":"ReadAction","target":["https:\/\/mateuszmrozowski.pl\/sklep\/produkt\/pakiet-promocyjny-best-seller-prolog-speed-personal-brand-przedsiebiorca-audiobook\/"]}]},{"@type":"ImageObject","inLanguage":"pl-PL","@id":"https:\/\/mateuszmrozowski.pl\/sklep\/produkt\/pakiet-promocyjny-best-seller-prolog-speed-personal-brand-przedsiebiorca-audiobook\/#primaryimage","url":"https:\/\/mateuszmrozowski.pl\/sklep\/wp-content\/uploads\/2021\/05\/promo-246z\u0142.png","contentUrl":"https:\/\/mateuszmrozowski.pl\/sklep\/wp-content\/uploads\/2021\/05\/promo-246z\u0142.png","width":788,"height":788},{"@type":"BreadcrumbList","@id":"https:\/\/mateuszmrozowski.pl\/sklep\/produkt\/pakiet-promocyjny-best-seller-prolog-speed-personal-brand-przedsiebiorca-audiobook\/#breadcrumb","itemListElement":[{"@type":"ListItem","position":1,"name":"Strona g\u0142\u00f3wna","item":"https:\/\/mateuszmrozowski.pl\/sklep\/"},{"@type":"ListItem","position":2,"name":"Szkolenia biznesowe i kursy sprzeda\u017cowe","item":"https:\/\/mateuszmrozowski.pl\/sklep\/"},{"@type":"ListItem","position":3,"name":"Kursy online","item":"https:\/\/mateuszmrozowski.pl\/sklep\/kategoria-produktu\/kursy-online\/"},{"@type":"ListItem","position":4,"name":"Pakiet Promocyjny &#8211; Rewolucja Sprzeda\u017cy Prolog + Marka Osobista + Audiobook &#8222;PrzedSi\u0119Biorca&#8221;"}]},{"@type":"WebSite","@id":"https:\/\/mateuszmrozowski.pl\/sklep\/#website","url":"https:\/\/mateuszmrozowski.pl\/sklep\/","name":"Mateusz Mrozowski Trener biznesu","description":"Walcz\u0119 o wynik dla firm z kt\u00f3rymi wsp\u00f3\u0142pracuj\u0119.","publisher":{"@id":"https:\/\/mateuszmrozowski.pl\/sklep\/#organization"},"alternateName":"Mateusz Mrozowski","potentialAction":[{"@type":"SearchAction","target":{"@type":"EntryPoint","urlTemplate":"https:\/\/mateuszmrozowski.pl\/sklep\/?s={search_term_string}"},"query-input":{"@type":"PropertyValueSpecification","valueRequired":true,"valueName":"search_term_string"}}],"inLanguage":"pl-PL"},{"@type":"Organization","@id":"https:\/\/mateuszmrozowski.pl\/sklep\/#organization","name":"Mateusz Mrozowski Trener biznesu","alternateName":"Mateusz Mrozowski","url":"https:\/\/mateuszmrozowski.pl\/sklep\/","logo":{"@type":"ImageObject","inLanguage":"pl-PL","@id":"https:\/\/mateuszmrozowski.pl\/sklep\/#\/schema\/logo\/image\/","url":"https:\/\/mateuszmrozowski.pl\/sklep\/wp-content\/uploads\/2025\/03\/cropped-mateusz_mrozowski_logo.png","contentUrl":"https:\/\/mateuszmrozowski.pl\/sklep\/wp-content\/uploads\/2025\/03\/cropped-mateusz_mrozowski_logo.png","width":236,"height":59,"caption":"Mateusz Mrozowski Trener biznesu"},"image":{"@id":"https:\/\/mateuszmrozowski.pl\/sklep\/#\/schema\/logo\/image\/"},"sameAs":["https:\/\/www.facebook.com\/mateuszmrozowskisiewca","https:\/\/www.youtube.com\/channel\/UCI6FhECZ4GdL1TYU5oh5JDg","https:\/\/www.instagram.com\/mrozowski.siewca\/","https:\/\/www.linkedin.com\/in\/mateuszmrozowski\/","https:\/\/maps.app.goo.gl\/Ee8wtgr6gx2CjEM68","https:\/\/www.tiktok.com\/@mateuszmrozowskisiewca"]}]}},"_links":{"self":[{"href":"https:\/\/mateuszmrozowski.pl\/sklep\/wp-json\/wp\/v2\/product\/2357","targetHints":{"allow":["GET"]}}],"collection":[{"href":"https:\/\/mateuszmrozowski.pl\/sklep\/wp-json\/wp\/v2\/product"}],"about":[{"href":"https:\/\/mateuszmrozowski.pl\/sklep\/wp-json\/wp\/v2\/types\/product"}],"wp:featuredmedia":[{"embeddable":true,"href":"https:\/\/mateuszmrozowski.pl\/sklep\/wp-json\/wp\/v2\/media\/4078"}],"wp:attachment":[{"href":"https:\/\/mateuszmrozowski.pl\/sklep\/wp-json\/wp\/v2\/media?parent=2357"}],"wp:term":[{"taxonomy":"product_brand","embeddable":true,"href":"https:\/\/mateuszmrozowski.pl\/sklep\/wp-json\/wp\/v2\/product_brand?post=2357"},{"taxonomy":"product_cat","embeddable":true,"href":"https:\/\/mateuszmrozowski.pl\/sklep\/wp-json\/wp\/v2\/product_cat?post=2357"},{"taxonomy":"product_tag","embeddable":true,"href":"https:\/\/mateuszmrozowski.pl\/sklep\/wp-json\/wp\/v2\/product_tag?post=2357"}],"curies":[{"name":"wp","href":"https:\/\/api.w.org\/{rel}","templated":true}]}}