{"id":1903,"date":"2021-04-06T12:37:36","date_gmt":"2021-04-06T12:37:36","guid":{"rendered":"https:\/\/mateuszmrozowski.pl\/sklep\/?post_type=product&#038;p=1903"},"modified":"2025-11-30T16:48:30","modified_gmt":"2025-11-30T16:48:30","slug":"sprzedaz-telefoniczna","status":"publish","type":"product","link":"https:\/\/mateuszmrozowski.pl\/sklep\/produkt\/sprzedaz-telefoniczna\/","title":{"rendered":"Sprzeda\u017c Telefoniczna"},"content":{"rendered":"\n\n<div class=\"kk-star-ratings kksr-auto kksr-align-left kksr-valign-top kksr-disabled\"\n    data-payload='{&quot;align&quot;:&quot;left&quot;,&quot;id&quot;:&quot;1903&quot;,&quot;readonly&quot;:&quot;1&quot;,&quot;slug&quot;:&quot;default&quot;,&quot;valign&quot;:&quot;top&quot;,&quot;ignore&quot;:&quot;&quot;,&quot;reference&quot;:&quot;auto&quot;,&quot;class&quot;:&quot;&quot;,&quot;count&quot;:&quot;38&quot;,&quot;legendonly&quot;:&quot;&quot;,&quot;score&quot;:&quot;4.6&quot;,&quot;starsonly&quot;:&quot;&quot;,&quot;best&quot;:&quot;5&quot;,&quot;gap&quot;:&quot;5&quot;,&quot;greet&quot;:&quot;Wystaw ocen\u0119&quot;,&quot;legend&quot;:&quot;4.6\\\/5 - (38 ocen)&quot;,&quot;size&quot;:&quot;16&quot;,&quot;title&quot;:&quot;Sprzeda\u017c Telefoniczna&quot;,&quot;width&quot;:&quot;94.1&quot;,&quot;_legend&quot;:&quot;{score}\\\/{best} - ({count} ocen)&quot;,&quot;font_factor&quot;:&quot;1.25&quot;}'>\n            \n<div class=\"kksr-stars\">\n    \n<div class=\"kksr-stars-inactive\">\n            <div class=\"kksr-star\" data-star=\"1\" style=\"padding-right: 5px\">\n            \n\n<div class=\"kksr-icon\" style=\"width: 16px; height: 16px;\"><\/div>\n        <\/div>\n            <div class=\"kksr-star\" data-star=\"2\" style=\"padding-right: 5px\">\n            \n\n<div class=\"kksr-icon\" style=\"width: 16px; height: 16px;\"><\/div>\n        <\/div>\n            <div class=\"kksr-star\" data-star=\"3\" style=\"padding-right: 5px\">\n            \n\n<div class=\"kksr-icon\" style=\"width: 16px; height: 16px;\"><\/div>\n        <\/div>\n            <div class=\"kksr-star\" data-star=\"4\" style=\"padding-right: 5px\">\n            \n\n<div class=\"kksr-icon\" style=\"width: 16px; height: 16px;\"><\/div>\n        <\/div>\n            <div class=\"kksr-star\" data-star=\"5\" style=\"padding-right: 5px\">\n            \n\n<div class=\"kksr-icon\" style=\"width: 16px; height: 16px;\"><\/div>\n        <\/div>\n    <\/div>\n    \n<div class=\"kksr-stars-active\" style=\"width: 94.1px;\">\n            <div class=\"kksr-star\" style=\"padding-right: 5px\">\n            \n\n<div class=\"kksr-icon\" style=\"width: 16px; height: 16px;\"><\/div>\n        <\/div>\n            <div class=\"kksr-star\" style=\"padding-right: 5px\">\n            \n\n<div class=\"kksr-icon\" style=\"width: 16px; height: 16px;\"><\/div>\n        <\/div>\n            <div class=\"kksr-star\" style=\"padding-right: 5px\">\n            \n\n<div class=\"kksr-icon\" style=\"width: 16px; height: 16px;\"><\/div>\n        <\/div>\n            <div class=\"kksr-star\" style=\"padding-right: 5px\">\n            \n\n<div class=\"kksr-icon\" style=\"width: 16px; height: 16px;\"><\/div>\n        <\/div>\n            <div class=\"kksr-star\" style=\"padding-right: 5px\">\n            \n\n<div class=\"kksr-icon\" style=\"width: 16px; height: 16px;\"><\/div>\n        <\/div>\n    <\/div>\n<\/div>\n                \n\n<div class=\"kksr-legend\" style=\"font-size: 12.8px;\">\n            4.6\/5 - (38 ocen)    <\/div>\n    <\/div>\n<h2>Kurs online ze sprzeda\u017cy telefonicznej<\/h2>\n<p><strong>Ten kurs online ze sprzeda\u017cy telefonicznej nieodwracalnie odmieni Twoje podej\u015bcie do niej.<\/strong> Staniesz si\u0119 ekspertem i skutecznym sprzedawc\u0105. <strong>Kurs wideo<\/strong> oparty jest na autorskich metodach, kt\u00f3rych nie znajdziesz nigdzie indziej. Przestaniesz walczy\u0107 z klientem zbijaj\u0105c jego obiekcje. Dowiesz si\u0119 jak go zaciekawi\u0107, zbudowa\u0107 z nim sojusz i skutecznie <strong>zamkn\u0105\u0107 nawet najtrudniejsz\u0105 sprzeda\u017c.<\/strong><\/p>\n<p>Badania pokazuj\u0105, \u017ce w sprzeda\u017cy telefonicznej mamy 3 razy wi\u0119cej czasu na zrobienie pozytywnego wra\u017cenia ni\u017c w przypadku sprzeda\u017cy face-2-face. <strong>Jak zatem zwi\u0119kszy\u0107 swoje szanse i zosta\u0107 wys\u0142uchanym?<\/strong> Umiej\u0119tno\u015b\u0107 s\u0142uchania oraz komunikacji sta\u0142y si\u0119 obecnie najbardziej po\u017c\u0105dane na rynku. S\u0142uchanie rozm\u00f3wcy jest najwa\u017cniejsz\u0105 czynno\u015bci\u0105 w trakcie komunikacji. Klient musi wiedzie\u0107, \u017ce jest s\u0142uchany. Znajomo\u015b\u0107 najlepszych technik sprzeda\u017cy nie wystarczy, je\u015bli nie potrafimy odczyta\u0107 komunikatu ze strony klienta. Badanie przeprowadzone przez Walker Service i PWC Global pokazuje, \u017ce jako\u015b\u0107 obs\u0142ugi klienta ma znacznie wi\u0119ksze znaczenie ni\u017c cena czy produkt. <strong>A\u017c 86% klient\u00f3w jest sk\u0142onna do zaakceptowania wy\u017cszej ceny w przypadku wysokiej jako\u015bci obs\u0142ugi.<\/strong><\/p>\n<p><strong>Kupuj\u0105c ten kurs online otrzymujesz nielimitowany dost\u0119p do nagra\u0144 oraz materia\u0142y do pobrania i wdra\u017cania wiedzy.<\/strong><\/p>\n<h2><strong>Podbij \u015awiat Sprzeda\u017cy z Naszym Kurs Online ze Sprzeda\u017cy Telefonicznej<\/strong><\/h2>\n<p>Przekszta\u0142\u0107 swoje umiej\u0119tno\u015bci sprzeda\u017cowe i otw\u00f3rz drzwi do kariery pe\u0142nej sukces\u00f3w dzi\u0119ki naszemu kursowi online ze sprzeda\u017cy telefonicznej. Zdob\u0105d\u017a praktyczn\u0105 wiedz\u0119, kt\u00f3rej potrzebujesz do prowadzenia skutecznych i przekonuj\u0105cych rozm\u00f3w handlowych przez telefon.<\/p>\n<h2><strong>Czym Jest Nasz Kurs Online Sprzeda\u017c Telefoniczna?<\/strong><\/h2>\n<p>Kurs online sprzeda\u017c telefoniczna to interaktywne i anga\u017cuj\u0105ce szkolenie, kt\u00f3re dostarcza Ci kluczowe umiej\u0119tno\u015bci i strategie niezb\u0119dne do przekszta\u0142cania rozm\u00f3w telefonicznych w efektywne transakcje sprzeda\u017cy. Prezentujemy szereg modu\u0142\u00f3w, kt\u00f3re pokrywaj\u0105 wszystko, od podstaw sprzeda\u017cy telefonicznej po zaawansowane techniki negocjacji.<\/p>\n<h2><strong>Czego nauczysz si\u0119 o sprzeda\u017cy telefonicznej z tego kursu?<\/strong><\/h2>\n<p><strong>Kurs video Online ze sprzeda\u017cy telefonicznej<\/strong> pozwoli na:<\/p>\n<ul>\n<li>Zrozumienie, jak rozpoczyna\u0107 rozmow\u0119, by nie us\u0142ysze\u0107 od razu &#8222;nie jestem zainteresowany&#8221;.<\/li>\n<li><strong>Wzrost sprzeda\u017cy przez telefon i ilo\u015bci umawianych spotka\u0144 &#8211; jeste\u015bmy o tym przekonani w 100 % !<\/strong><\/li>\n<li>Podniesienie jako\u015bci Twoich rozm\u00f3w.<\/li>\n<li>Nauczenie si\u0119 konkretnych krok\u00f3w rozmowy telefonicznej na podstawie, kt\u00f3rych stworzysz w\u0142asne skrypty sprzeda\u017cowe.<\/li>\n<li>Nawet do 2000 % wzrost\u00f3w w sprzeda\u017cy telefonicznej.<\/li>\n<li><strong>Presti\u017c w firmie i podziw<\/strong> Twoich wsp\u00f3\u0142pracownik\u00f3w oraz prze\u0142o\u017conych.<\/li>\n<li>Wewn\u0119trzne zadowolenie z wynik\u00f3w sprzeda\u017cowych i Twojego wynagrodzenia.<\/li>\n<\/ul>\n<h3><strong>Kurs zawiera m.in:<\/strong><\/h3>\n<ul>\n<li>27 zasad rozmowy telefonicznej ( dzi\u0119ki kt\u00f3rym dowiesz si\u0119 jakie b\u0142\u0119dy pope\u0142nia 95% handlowc\u00f3w sprzedaj\u0105c przez telefon)<\/li>\n<li>Wz\u00f3r rozmowy telefonicznej<\/li>\n<li>Matryca zadawania pyta\u0144\u00a0 (kt\u00f3ra totalnie odmieni Twoje podej\u015bcie do sprzeda\u017cy telefonicznej)<\/li>\n<li><strong>Neutralizacja obiekcji<\/strong> metoda 4 U<\/li>\n<li>matryca zadawania pyta\u0144,<\/li>\n<li>badanie potrzeb<\/li>\n<li>j\u0119zyk korzy\u015bci<\/li>\n<li>typy klient\u00f3w<\/li>\n<li>sprzeda\u017c telefoniczna &#8211; model DSA.<\/li>\n<\/ul>\n<h3><strong>Dla Kogo Jest Nasz Kurs Sprzeda\u017cy Telefonicznej?<\/strong><\/h3>\n<p>Nasz kurs sprzeda\u017cy telefonicznej jest idealny dla os\u00f3b na ka\u017cdym etapie kariery. Zar\u00f3wno dla tych, kt\u00f3rzy dopiero rozpoczynaj\u0105 swoj\u0105 przygod\u0119 ze sprzeda\u017c\u0105, jak i dla do\u015bwiadczonych sprzedawc\u00f3w, kt\u00f3rzy chc\u0105 doskonali\u0107 swoje umiej\u0119tno\u015bci sprzeda\u017cy przez telefon.<\/p>\n<h3><strong>Wypracuj Efektywne Strategie Sprzeda\u017cy przez Telefon<\/strong><\/h3>\n<p>Kurs sprzeda\u017cy telefonicznej umo\u017cliwia Ci opanowanie sprawdzonych technik i strategii, kt\u00f3re przek\u0142adaj\u0105 si\u0119 na skuteczno\u015b\u0107 sprzeda\u017cy przez telefon. Zdob\u0119dziesz wiedz\u0119, kt\u00f3ra pozwoli Ci na budowanie d\u0142ugotrwa\u0142ych relacji z klientami i zwi\u0119kszanie wska\u017anik\u00f3w sprzeda\u017cy.<\/p>\n<h3><strong>Popraw swoje Umiej\u0119tno\u015bci Komunikacyjne<\/strong><\/h3>\n<p>W kursie sprzeda\u017cy przez telefon naucz\u0119 Ci\u0119, jak skutecznie komunikowa\u0107 si\u0119 z klientami na poziomie osobistym, jak budowa\u0107 zaufanie i jak przekonywa\u0107 do swojej oferty, niezale\u017cnie od wyzwa\u0144, kt\u00f3re stoj\u0105 na Twojej drodze.<\/p>\n<h2><strong>Zacznij Swoj\u0105 Przygod\u0119 ze Sprzeda\u017c\u0105 Telefoniczn\u0105 ju\u017c Dzi\u015b<\/strong><\/h2>\n<p><strong>Koniec z odwlekaniem na wieczne &#8222;kiedy\u015b&#8221;.<\/strong> Zapisz si\u0119 na nasz kurs online sprzeda\u017c telefoniczna ju\u017c dzi\u015b i zacznij przekszta\u0142ca\u0107 swoje rozmowy telefoniczne w udane transakcje sprzeda\u017cy. Czekamy na Ciebie w \u015bwiecie profesjonalnej sprzeda\u017cy telefonicznej! <strong>Chcesz otrzyma\u0107 fantastyczn\u0105 wiedz\u0119 i zosta\u0107 mistrzem sprzeda\u017cy telefonicznej ?\u00a0<\/strong><\/p>\n<p><strong> Zam\u00f3w, przetestuj to szkolenie i zakochaj si\u0119 w sprzeda\u017cy telefonicznej!\u00a0<\/strong><\/p>\n","protected":false},"excerpt":{"rendered":"<p>Jedno z <strong>najlepszych szkole\u0144 sprzeda\u017cy telefonicznej w Polsce<\/strong>. Skorzysta\u0142o z niego ju\u017c <strong>ponad 3000 klient\u00f3w<\/strong>, kt\u00f3rzy fantastycznie podnie\u015bli swoje wyniki sprzeda\u017cy telefonicznej. Gwarancja rezultat\u00f3w &#8211; <strong>p<\/strong><b>oprawisz swoje wyniki w ci\u0105gu 14 dni albo po prostu nie p\u0142acisz!\u00a0<\/b><\/p>\n","protected":false},"featured_media":98377,"template":"","meta":{"_acf_changed":false,"content-type":""},"product_brand":[],"product_cat":[28,114],"product_tag":[120,60,62,61,59,50,63,66,65,64],"class_list":{"0":"post-1903","1":"product","2":"type-product","3":"status-publish","4":"has-post-thumbnail","6":"product_cat-kursy-online","7":"product_cat-wszystkie-produkty","8":"product_tag-feed","9":"product_tag-kurs-online-sprzedaz-telefoniczna","10":"product_tag-kurs-online-ze-sprzedazy-przez-telefon","11":"product_tag-kurs-online-ze-sprzedazy-telefonicznej","12":"product_tag-kurs-sprzedazy-telefonicznej","13":"product_tag-sprzedaz-telefoniczna","14":"product_tag-szkolenie-online-ze-sprzedazy-przez-telefon","15":"product_tag-szkolenie-sprzedaz-przez-telefon","16":"product_tag-szkolenie-sprzedaz-telefoniczna","17":"product_tag-szkolenie-ze-sprzedazy-przez-telefon","19":"first","20":"instock","21":"featured","22":"virtual","23":"sold-individually","24":"taxable","25":"purchasable","26":"product-type-simple"},"acf":[],"yoast_head":"<!-- This site is optimized with the Yoast SEO plugin v27.3 - https:\/\/yoast.com\/product\/yoast-seo-wordpress\/ -->\n<title>Kurs Video Sprzeda\u017c Telefoniczna [+2000%] | M. Mrozowski<\/title>\n<meta name=\"description\" content=\"Kurs online Sprzeda\u017c Telefoniczna [+2000%] \u2714\ufe0f Wiedza i Do\u015bwiadczenie \u2714\ufe0f Autorskie Metody \u2714\ufe0f Naukowo Potwierdzone \u2714\ufe0f Dzia\u0142aj Skutecznie! Kup Teraz \u00bb\" \/>\n<meta name=\"robots\" content=\"index, follow, max-snippet:-1, max-image-preview:large, max-video-preview:-1\" \/>\n<link rel=\"canonical\" href=\"https:\/\/mateuszmrozowski.pl\/sklep\/produkt\/sprzedaz-telefoniczna\/\" \/>\n<meta property=\"og:locale\" content=\"pl_PL\" \/>\n<meta property=\"og:type\" content=\"article\" \/>\n<meta property=\"og:title\" content=\"Kurs Video Sprzeda\u017c Telefoniczna [+2000%] | M. Mrozowski\" \/>\n<meta property=\"og:description\" content=\"Kurs online Sprzeda\u017c Telefoniczna [+2000%] \u2714\ufe0f Wiedza i Do\u015bwiadczenie \u2714\ufe0f Autorskie Metody \u2714\ufe0f Naukowo Potwierdzone \u2714\ufe0f Dzia\u0142aj Skutecznie! Kup Teraz \u00bb\" \/>\n<meta property=\"og:url\" content=\"https:\/\/mateuszmrozowski.pl\/sklep\/produkt\/sprzedaz-telefoniczna\/\" \/>\n<meta property=\"og:site_name\" content=\"Mateusz Mrozowski Trener Biznesu\" \/>\n<meta property=\"article:publisher\" content=\"https:\/\/www.facebook.com\/mateuszmrozowskisiewca\" \/>\n<meta property=\"article:modified_time\" content=\"2025-11-30T16:48:30+00:00\" \/>\n<meta property=\"og:image\" content=\"https:\/\/mateuszmrozowski.pl\/sklep\/wp-content\/uploads\/2021\/04\/kurs-sprzedaz-telefoniczna-mateusz-mrozowski.png\" \/>\n\t<meta property=\"og:image:width\" content=\"1080\" \/>\n\t<meta property=\"og:image:height\" content=\"1080\" \/>\n\t<meta property=\"og:image:type\" content=\"image\/png\" \/>\n<meta name=\"twitter:card\" content=\"summary_large_image\" \/>\n<meta name=\"twitter:label1\" content=\"Szacowany czas czytania\" \/>\n\t<meta name=\"twitter:data1\" content=\"4 minuty\" \/>\n<script type=\"application\/ld+json\" class=\"yoast-schema-graph\">{\"@context\":\"https:\\\/\\\/schema.org\",\"@graph\":[{\"@type\":\"WebPage\",\"@id\":\"https:\\\/\\\/mateuszmrozowski.pl\\\/sklep\\\/produkt\\\/sprzedaz-telefoniczna\\\/\",\"url\":\"https:\\\/\\\/mateuszmrozowski.pl\\\/sklep\\\/produkt\\\/sprzedaz-telefoniczna\\\/\",\"name\":\"Kurs Video Sprzeda\u017c Telefoniczna [+2000%] | M. Mrozowski\",\"isPartOf\":{\"@id\":\"https:\\\/\\\/mateuszmrozowski.pl\\\/sklep\\\/#website\"},\"primaryImageOfPage\":{\"@id\":\"https:\\\/\\\/mateuszmrozowski.pl\\\/sklep\\\/produkt\\\/sprzedaz-telefoniczna\\\/#primaryimage\"},\"image\":{\"@id\":\"https:\\\/\\\/mateuszmrozowski.pl\\\/sklep\\\/produkt\\\/sprzedaz-telefoniczna\\\/#primaryimage\"},\"thumbnailUrl\":\"https:\\\/\\\/mateuszmrozowski.pl\\\/sklep\\\/wp-content\\\/uploads\\\/2021\\\/04\\\/kurs-sprzedaz-telefoniczna-mateusz-mrozowski.png\",\"datePublished\":\"2021-04-06T12:37:36+00:00\",\"dateModified\":\"2025-11-30T16:48:30+00:00\",\"description\":\"Kurs online Sprzeda\u017c Telefoniczna [+2000%] \u2714\ufe0f Wiedza i Do\u015bwiadczenie \u2714\ufe0f Autorskie Metody \u2714\ufe0f Naukowo Potwierdzone \u2714\ufe0f Dzia\u0142aj Skutecznie! Kup Teraz \u00bb\",\"breadcrumb\":{\"@id\":\"https:\\\/\\\/mateuszmrozowski.pl\\\/sklep\\\/produkt\\\/sprzedaz-telefoniczna\\\/#breadcrumb\"},\"inLanguage\":\"pl-PL\",\"potentialAction\":[{\"@type\":\"ReadAction\",\"target\":[\"https:\\\/\\\/mateuszmrozowski.pl\\\/sklep\\\/produkt\\\/sprzedaz-telefoniczna\\\/\"]}]},{\"@type\":\"ImageObject\",\"inLanguage\":\"pl-PL\",\"@id\":\"https:\\\/\\\/mateuszmrozowski.pl\\\/sklep\\\/produkt\\\/sprzedaz-telefoniczna\\\/#primaryimage\",\"url\":\"https:\\\/\\\/mateuszmrozowski.pl\\\/sklep\\\/wp-content\\\/uploads\\\/2021\\\/04\\\/kurs-sprzedaz-telefoniczna-mateusz-mrozowski.png\",\"contentUrl\":\"https:\\\/\\\/mateuszmrozowski.pl\\\/sklep\\\/wp-content\\\/uploads\\\/2021\\\/04\\\/kurs-sprzedaz-telefoniczna-mateusz-mrozowski.png\",\"width\":1080,\"height\":1080,\"caption\":\"Kurs Online Sprzeda\u017c Telefoniczna Mateusz Mrozowski\"},{\"@type\":\"BreadcrumbList\",\"@id\":\"https:\\\/\\\/mateuszmrozowski.pl\\\/sklep\\\/produkt\\\/sprzedaz-telefoniczna\\\/#breadcrumb\",\"itemListElement\":[{\"@type\":\"ListItem\",\"position\":1,\"name\":\"Strona g\u0142\u00f3wna\",\"item\":\"https:\\\/\\\/mateuszmrozowski.pl\\\/sklep\\\/\"},{\"@type\":\"ListItem\",\"position\":2,\"name\":\"Szkolenia biznesowe i kursy sprzeda\u017cowe\",\"item\":\"https:\\\/\\\/mateuszmrozowski.pl\\\/sklep\\\/\"},{\"@type\":\"ListItem\",\"position\":3,\"name\":\"Kursy online\",\"item\":\"https:\\\/\\\/mateuszmrozowski.pl\\\/sklep\\\/kategoria-produktu\\\/kursy-online\\\/\"},{\"@type\":\"ListItem\",\"position\":4,\"name\":\"Sprzeda\u017c Telefoniczna\"}]},{\"@type\":\"WebSite\",\"@id\":\"https:\\\/\\\/mateuszmrozowski.pl\\\/sklep\\\/#website\",\"url\":\"https:\\\/\\\/mateuszmrozowski.pl\\\/sklep\\\/\",\"name\":\"Mateusz Mrozowski Trener biznesu\",\"description\":\"Walcz\u0119 o wynik dla firm z kt\u00f3rymi wsp\u00f3\u0142pracuj\u0119.\",\"publisher\":{\"@id\":\"https:\\\/\\\/mateuszmrozowski.pl\\\/sklep\\\/#organization\"},\"alternateName\":\"Mateusz Mrozowski\",\"potentialAction\":[{\"@type\":\"SearchAction\",\"target\":{\"@type\":\"EntryPoint\",\"urlTemplate\":\"https:\\\/\\\/mateuszmrozowski.pl\\\/sklep\\\/?s={search_term_string}\"},\"query-input\":{\"@type\":\"PropertyValueSpecification\",\"valueRequired\":true,\"valueName\":\"search_term_string\"}}],\"inLanguage\":\"pl-PL\"},{\"@type\":\"Organization\",\"@id\":\"https:\\\/\\\/mateuszmrozowski.pl\\\/sklep\\\/#organization\",\"name\":\"Mateusz Mrozowski Trener biznesu\",\"alternateName\":\"Mateusz Mrozowski\",\"url\":\"https:\\\/\\\/mateuszmrozowski.pl\\\/sklep\\\/\",\"logo\":{\"@type\":\"ImageObject\",\"inLanguage\":\"pl-PL\",\"@id\":\"https:\\\/\\\/mateuszmrozowski.pl\\\/sklep\\\/#\\\/schema\\\/logo\\\/image\\\/\",\"url\":\"https:\\\/\\\/mateuszmrozowski.pl\\\/sklep\\\/wp-content\\\/uploads\\\/2025\\\/03\\\/cropped-mateusz_mrozowski_logo.png\",\"contentUrl\":\"https:\\\/\\\/mateuszmrozowski.pl\\\/sklep\\\/wp-content\\\/uploads\\\/2025\\\/03\\\/cropped-mateusz_mrozowski_logo.png\",\"width\":236,\"height\":59,\"caption\":\"Mateusz Mrozowski Trener biznesu\"},\"image\":{\"@id\":\"https:\\\/\\\/mateuszmrozowski.pl\\\/sklep\\\/#\\\/schema\\\/logo\\\/image\\\/\"},\"sameAs\":[\"https:\\\/\\\/www.facebook.com\\\/mateuszmrozowskisiewca\",\"https:\\\/\\\/www.youtube.com\\\/channel\\\/UCI6FhECZ4GdL1TYU5oh5JDg\",\"https:\\\/\\\/www.instagram.com\\\/mrozowski.siewca\\\/\",\"https:\\\/\\\/www.linkedin.com\\\/in\\\/mateuszmrozowski\\\/\",\"https:\\\/\\\/maps.app.goo.gl\\\/Ee8wtgr6gx2CjEM68\",\"https:\\\/\\\/www.tiktok.com\\\/@mateuszmrozowskisiewca\"]}]}<\/script>\n<!-- \/ Yoast SEO plugin. -->","yoast_head_json":{"title":"Kurs Video Sprzeda\u017c Telefoniczna [+2000%] | M. Mrozowski","description":"Kurs online Sprzeda\u017c Telefoniczna [+2000%] \u2714\ufe0f Wiedza i Do\u015bwiadczenie \u2714\ufe0f Autorskie Metody \u2714\ufe0f Naukowo Potwierdzone \u2714\ufe0f Dzia\u0142aj Skutecznie! Kup Teraz \u00bb","robots":{"index":"index","follow":"follow","max-snippet":"max-snippet:-1","max-image-preview":"max-image-preview:large","max-video-preview":"max-video-preview:-1"},"canonical":"https:\/\/mateuszmrozowski.pl\/sklep\/produkt\/sprzedaz-telefoniczna\/","og_locale":"pl_PL","og_type":"article","og_title":"Kurs Video Sprzeda\u017c Telefoniczna [+2000%] | M. Mrozowski","og_description":"Kurs online Sprzeda\u017c Telefoniczna [+2000%] \u2714\ufe0f Wiedza i Do\u015bwiadczenie \u2714\ufe0f Autorskie Metody \u2714\ufe0f Naukowo Potwierdzone \u2714\ufe0f Dzia\u0142aj Skutecznie! Kup Teraz \u00bb","og_url":"https:\/\/mateuszmrozowski.pl\/sklep\/produkt\/sprzedaz-telefoniczna\/","og_site_name":"Mateusz Mrozowski Trener Biznesu","article_publisher":"https:\/\/www.facebook.com\/mateuszmrozowskisiewca","article_modified_time":"2025-11-30T16:48:30+00:00","og_image":[{"width":1080,"height":1080,"url":"https:\/\/mateuszmrozowski.pl\/sklep\/wp-content\/uploads\/2021\/04\/kurs-sprzedaz-telefoniczna-mateusz-mrozowski.png","type":"image\/png"}],"twitter_card":"summary_large_image","twitter_misc":{"Szacowany czas czytania":"4 minuty"},"schema":{"@context":"https:\/\/schema.org","@graph":[{"@type":"WebPage","@id":"https:\/\/mateuszmrozowski.pl\/sklep\/produkt\/sprzedaz-telefoniczna\/","url":"https:\/\/mateuszmrozowski.pl\/sklep\/produkt\/sprzedaz-telefoniczna\/","name":"Kurs Video Sprzeda\u017c Telefoniczna [+2000%] | M. Mrozowski","isPartOf":{"@id":"https:\/\/mateuszmrozowski.pl\/sklep\/#website"},"primaryImageOfPage":{"@id":"https:\/\/mateuszmrozowski.pl\/sklep\/produkt\/sprzedaz-telefoniczna\/#primaryimage"},"image":{"@id":"https:\/\/mateuszmrozowski.pl\/sklep\/produkt\/sprzedaz-telefoniczna\/#primaryimage"},"thumbnailUrl":"https:\/\/mateuszmrozowski.pl\/sklep\/wp-content\/uploads\/2021\/04\/kurs-sprzedaz-telefoniczna-mateusz-mrozowski.png","datePublished":"2021-04-06T12:37:36+00:00","dateModified":"2025-11-30T16:48:30+00:00","description":"Kurs online Sprzeda\u017c Telefoniczna [+2000%] \u2714\ufe0f Wiedza i Do\u015bwiadczenie \u2714\ufe0f Autorskie Metody \u2714\ufe0f Naukowo Potwierdzone \u2714\ufe0f Dzia\u0142aj Skutecznie! Kup Teraz \u00bb","breadcrumb":{"@id":"https:\/\/mateuszmrozowski.pl\/sklep\/produkt\/sprzedaz-telefoniczna\/#breadcrumb"},"inLanguage":"pl-PL","potentialAction":[{"@type":"ReadAction","target":["https:\/\/mateuszmrozowski.pl\/sklep\/produkt\/sprzedaz-telefoniczna\/"]}]},{"@type":"ImageObject","inLanguage":"pl-PL","@id":"https:\/\/mateuszmrozowski.pl\/sklep\/produkt\/sprzedaz-telefoniczna\/#primaryimage","url":"https:\/\/mateuszmrozowski.pl\/sklep\/wp-content\/uploads\/2021\/04\/kurs-sprzedaz-telefoniczna-mateusz-mrozowski.png","contentUrl":"https:\/\/mateuszmrozowski.pl\/sklep\/wp-content\/uploads\/2021\/04\/kurs-sprzedaz-telefoniczna-mateusz-mrozowski.png","width":1080,"height":1080,"caption":"Kurs Online Sprzeda\u017c Telefoniczna Mateusz Mrozowski"},{"@type":"BreadcrumbList","@id":"https:\/\/mateuszmrozowski.pl\/sklep\/produkt\/sprzedaz-telefoniczna\/#breadcrumb","itemListElement":[{"@type":"ListItem","position":1,"name":"Strona g\u0142\u00f3wna","item":"https:\/\/mateuszmrozowski.pl\/sklep\/"},{"@type":"ListItem","position":2,"name":"Szkolenia biznesowe i kursy sprzeda\u017cowe","item":"https:\/\/mateuszmrozowski.pl\/sklep\/"},{"@type":"ListItem","position":3,"name":"Kursy online","item":"https:\/\/mateuszmrozowski.pl\/sklep\/kategoria-produktu\/kursy-online\/"},{"@type":"ListItem","position":4,"name":"Sprzeda\u017c Telefoniczna"}]},{"@type":"WebSite","@id":"https:\/\/mateuszmrozowski.pl\/sklep\/#website","url":"https:\/\/mateuszmrozowski.pl\/sklep\/","name":"Mateusz Mrozowski Trener biznesu","description":"Walcz\u0119 o wynik dla firm z kt\u00f3rymi wsp\u00f3\u0142pracuj\u0119.","publisher":{"@id":"https:\/\/mateuszmrozowski.pl\/sklep\/#organization"},"alternateName":"Mateusz Mrozowski","potentialAction":[{"@type":"SearchAction","target":{"@type":"EntryPoint","urlTemplate":"https:\/\/mateuszmrozowski.pl\/sklep\/?s={search_term_string}"},"query-input":{"@type":"PropertyValueSpecification","valueRequired":true,"valueName":"search_term_string"}}],"inLanguage":"pl-PL"},{"@type":"Organization","@id":"https:\/\/mateuszmrozowski.pl\/sklep\/#organization","name":"Mateusz Mrozowski Trener biznesu","alternateName":"Mateusz Mrozowski","url":"https:\/\/mateuszmrozowski.pl\/sklep\/","logo":{"@type":"ImageObject","inLanguage":"pl-PL","@id":"https:\/\/mateuszmrozowski.pl\/sklep\/#\/schema\/logo\/image\/","url":"https:\/\/mateuszmrozowski.pl\/sklep\/wp-content\/uploads\/2025\/03\/cropped-mateusz_mrozowski_logo.png","contentUrl":"https:\/\/mateuszmrozowski.pl\/sklep\/wp-content\/uploads\/2025\/03\/cropped-mateusz_mrozowski_logo.png","width":236,"height":59,"caption":"Mateusz Mrozowski Trener biznesu"},"image":{"@id":"https:\/\/mateuszmrozowski.pl\/sklep\/#\/schema\/logo\/image\/"},"sameAs":["https:\/\/www.facebook.com\/mateuszmrozowskisiewca","https:\/\/www.youtube.com\/channel\/UCI6FhECZ4GdL1TYU5oh5JDg","https:\/\/www.instagram.com\/mrozowski.siewca\/","https:\/\/www.linkedin.com\/in\/mateuszmrozowski\/","https:\/\/maps.app.goo.gl\/Ee8wtgr6gx2CjEM68","https:\/\/www.tiktok.com\/@mateuszmrozowskisiewca"]}]}},"_links":{"self":[{"href":"https:\/\/mateuszmrozowski.pl\/sklep\/wp-json\/wp\/v2\/product\/1903","targetHints":{"allow":["GET"]}}],"collection":[{"href":"https:\/\/mateuszmrozowski.pl\/sklep\/wp-json\/wp\/v2\/product"}],"about":[{"href":"https:\/\/mateuszmrozowski.pl\/sklep\/wp-json\/wp\/v2\/types\/product"}],"wp:featuredmedia":[{"embeddable":true,"href":"https:\/\/mateuszmrozowski.pl\/sklep\/wp-json\/wp\/v2\/media\/98377"}],"wp:attachment":[{"href":"https:\/\/mateuszmrozowski.pl\/sklep\/wp-json\/wp\/v2\/media?parent=1903"}],"wp:term":[{"taxonomy":"product_brand","embeddable":true,"href":"https:\/\/mateuszmrozowski.pl\/sklep\/wp-json\/wp\/v2\/product_brand?post=1903"},{"taxonomy":"product_cat","embeddable":true,"href":"https:\/\/mateuszmrozowski.pl\/sklep\/wp-json\/wp\/v2\/product_cat?post=1903"},{"taxonomy":"product_tag","embeddable":true,"href":"https:\/\/mateuszmrozowski.pl\/sklep\/wp-json\/wp\/v2\/product_tag?post=1903"}],"curies":[{"name":"wp","href":"https:\/\/api.w.org\/{rel}","templated":true}]}}