{"id":163,"date":"2020-05-07T13:57:28","date_gmt":"2020-05-07T13:57:28","guid":{"rendered":"https:\/\/mateuszmrozowski.pl\/sklep\/?post_type=product&#038;p=163"},"modified":"2025-03-01T17:33:35","modified_gmt":"2025-03-01T17:33:35","slug":"kurs-prosprzedaz","status":"publish","type":"product","link":"https:\/\/mateuszmrozowski.pl\/sklep\/produkt\/kurs-prosprzedaz\/","title":{"rendered":"Prosprzeda\u017c-online"},"content":{"rendered":"\n\n<div class=\"kk-star-ratings kksr-auto kksr-align-left kksr-valign-top kksr-disabled\"\n    data-payload='{&quot;align&quot;:&quot;left&quot;,&quot;id&quot;:&quot;163&quot;,&quot;readonly&quot;:&quot;1&quot;,&quot;slug&quot;:&quot;default&quot;,&quot;valign&quot;:&quot;top&quot;,&quot;ignore&quot;:&quot;&quot;,&quot;reference&quot;:&quot;auto&quot;,&quot;class&quot;:&quot;&quot;,&quot;count&quot;:&quot;0&quot;,&quot;legendonly&quot;:&quot;&quot;,&quot;score&quot;:&quot;0&quot;,&quot;starsonly&quot;:&quot;&quot;,&quot;best&quot;:&quot;5&quot;,&quot;gap&quot;:&quot;5&quot;,&quot;greet&quot;:&quot;Wystaw ocen\u0119&quot;,&quot;legend&quot;:&quot;0\\\/5 - (0 ocen)&quot;,&quot;size&quot;:&quot;16&quot;,&quot;title&quot;:&quot;Prosprzeda\u017c-online&quot;,&quot;width&quot;:&quot;0&quot;,&quot;_legend&quot;:&quot;{score}\\\/{best} - ({count} ocen)&quot;,&quot;font_factor&quot;:&quot;1.25&quot;}'>\n            \n<div class=\"kksr-stars\">\n    \n<div class=\"kksr-stars-inactive\">\n            <div class=\"kksr-star\" data-star=\"1\" style=\"padding-right: 5px\">\n            \n\n<div class=\"kksr-icon\" style=\"width: 16px; height: 16px;\"><\/div>\n        <\/div>\n            <div class=\"kksr-star\" data-star=\"2\" style=\"padding-right: 5px\">\n            \n\n<div class=\"kksr-icon\" style=\"width: 16px; height: 16px;\"><\/div>\n        <\/div>\n            <div class=\"kksr-star\" data-star=\"3\" style=\"padding-right: 5px\">\n            \n\n<div class=\"kksr-icon\" style=\"width: 16px; height: 16px;\"><\/div>\n        <\/div>\n            <div class=\"kksr-star\" data-star=\"4\" style=\"padding-right: 5px\">\n            \n\n<div class=\"kksr-icon\" style=\"width: 16px; height: 16px;\"><\/div>\n        <\/div>\n            <div class=\"kksr-star\" data-star=\"5\" style=\"padding-right: 5px\">\n            \n\n<div class=\"kksr-icon\" style=\"width: 16px; height: 16px;\"><\/div>\n        <\/div>\n    <\/div>\n    \n<div class=\"kksr-stars-active\" style=\"width: 0px;\">\n            <div class=\"kksr-star\" style=\"padding-right: 5px\">\n            \n\n<div class=\"kksr-icon\" style=\"width: 16px; height: 16px;\"><\/div>\n        <\/div>\n            <div class=\"kksr-star\" style=\"padding-right: 5px\">\n            \n\n<div class=\"kksr-icon\" style=\"width: 16px; height: 16px;\"><\/div>\n        <\/div>\n            <div class=\"kksr-star\" style=\"padding-right: 5px\">\n            \n\n<div class=\"kksr-icon\" style=\"width: 16px; height: 16px;\"><\/div>\n        <\/div>\n            <div class=\"kksr-star\" style=\"padding-right: 5px\">\n            \n\n<div class=\"kksr-icon\" style=\"width: 16px; height: 16px;\"><\/div>\n        <\/div>\n            <div class=\"kksr-star\" style=\"padding-right: 5px\">\n            \n\n<div class=\"kksr-icon\" style=\"width: 16px; height: 16px;\"><\/div>\n        <\/div>\n    <\/div>\n<\/div>\n                \n\n<div class=\"kksr-legend\" style=\"font-size: 12.8px;\">\n            <span class=\"kksr-muted\">Wystaw ocen\u0119<\/span>\n    <\/div>\n    <\/div>\n<p><strong>Narodziny 4 rewolucji sprzeda\u017cowej\u2026<\/strong><\/p>\n<p>Ameryka\u0144skie stowarzyszenie Sales Executive Council zrzeszaj\u0105ce ponad 240.000 postanowi\u0142o jak najszybciej zareagowa\u0107 na sytuacj\u0119\u00a0 i ju\u017c w 2008 roku zorientowa\u0142o si\u0119, \u017ce istnieje pewna grupa handlowc\u00f3w, kt\u00f3rym sprzeda\u017c nie tylko nie spad\u0142a, ale wr\u0119cz przeciwnie zacz\u0119\u0142a dynamicznie rosn\u0105\u0107, bij\u0105c kolejne rekordy. Na zlecenie SEC przeprowadzono\u00a0 badanie o niespotykanej do tej pory skali. Przeanalizowano oko\u0142o 70.000 wizyt handlowych przeprowadzonych przez 7000 sprzedawc\u00f3w, kt\u00f3rzy pracowali w 95 r\u00f3\u017cnych od siebie bran\u017cach na ca\u0142ym \u015bwiecie. Raport Dixona i Adamsona (tw\u00f3rcy eksperymentu) z tego\u00a0 monstrualnego badania wy\u0142oni\u0142 mi\u0119dzy innymi model sprzeda\u017cy o nazwie The Challenger sale, kt\u00f3ry w ka\u017cdym aspekcie sprzeda\u017cy osi\u0105ga\u0142 najlepsze rezultaty a co charakterystyczne im bardziej by\u0142 z\u0142o\u017cony proces tym lepiej wiod\u0142o si\u0119 Challenger\u2019om.<\/p>\n<p>Sprzeda\u017c prowokacyjna opiera si\u0119 na trzech mechanizmach komunikacji. Sprzeciwia si\u0119 relacyjnemu sposobowi budowania kontaktu z klientem, traktuj\u0105c j\u0105 jako blokad\u0119 w rozwoju sprzeda\u017cowym, chocia\u017cby za spraw\u0105 powszechno\u015bci w stosowaniu przez innych handlowc\u00f3w. Sprzeda\u017c prowokacyjna ( the challenger sale) opiera si\u0119 na mocnych warto\u015bciach partnerskich w biznesie. Traktuj\u0105c\u00a0 sprzedawc\u0119 jako wsp\u00f3\u0142partnera a nie poddanego w relacji z klientem.<\/p>\n<p>Profesor Neil Rackham, jeden z \u015bwiatowych ekspert\u00f3w od procesu sprzeda\u017cy, tw\u00f3rca modelu SPIN Selling, twierdzi, \u017ce The Challenger Sale model (sprzeda\u017c prowokacyjna)\u00a0 mo\u017ce okaza\u0107 si\u0119 4-t\u0105 rewolucj\u0105 w sprzeda\u017cy, tak jak SPIN Selling\u00a0 okaza\u0142 si\u0119 by\u0107 3-ci\u0105 w latach 80\/90-tych, sprzedawcy, kt\u00f3rzy go wdra\u017cali jako pierwsi zyskiwali\u00a0 znacz\u0105ce wzrosty sprzeda\u017cowe.<\/p>\n<p>&nbsp;<\/p>\n<p><strong>Mechanizmy\u2026<\/strong><\/p>\n<p>\u201eProwokacja\u201d opiera si\u0119 na trzech za\u0142o\u017ceniach wed\u0142ug, kt\u00f3rych\u00a0 dochodzi do zwi\u0119kszenia skuteczno\u015bci podczas procesu sprzeda\u017cowego.<\/p>\n<p><strong>Teach:<\/strong>\u00a0\u201eProwokator\u201d pokazuje swojemu klientowi jego w\u0142asny biznes z nowej perspektywy, kszta\u0142ci klienta, obja\u015bnia procedury i wskazuje przestrze\u0144 do rozwoju, b\u0105d\u017a oszcz\u0119dno\u015bci.<\/p>\n<p><strong>Tailor:<\/strong>\u00a0\u201eProwokator\u201d dostosowuje sw\u00f3j przekaz, \u015bmia\u0142o okre\u015blaj\u0105c i dostosowuj\u0105c si\u0119 do mataprogramu klienta. U\u017cywa psycholingwistycznych technik komunikacji ,aby ka\u017cda informacja by\u0142a \u201ewa\u017cna\u201d i zapami\u0119tana przez odbiorc\u0119.<\/p>\n<p><strong>Take Control:<\/strong>\u00a0\u201eProwokator\u201d\u00a0 bierze czynny udzia\u0142 w procesie sprzeda\u017cy. Z powodu warto\u015bci, kt\u00f3re udost\u0119pnia klientowi nie boi si\u0119 rozmawia\u0107 o pieni\u0105dzach. Nie obawia si\u0119 pok\u0142\u00f3ci\u0107 z klientem. Ich relacja jest mocno biznesowa. Sprzeda\u017c nie jest odk\u0142adana na p\u00f3\u017aniej.<\/p>\n","protected":false},"excerpt":{"rendered":"<p>Kurs:<\/p>\n<p>7 odcink\u00f3w Video:<\/p>\n<p>7 krok\u00f3w sprzeda\u017cy<\/p>\n<p>7 konkretnych mechanizm\u00f3w jak by\u0107 lepszym sprzedawc\u0105<\/p>\n","protected":false},"featured_media":597,"template":"","meta":{"_acf_changed":false,"content-type":""},"product_brand":[],"product_cat":[28,114],"product_tag":[],"class_list":{"0":"post-163","1":"product","2":"type-product","3":"status-publish","4":"has-post-thumbnail","6":"product_cat-kursy-online","7":"product_cat-wszystkie-produkty","9":"first","10":"outofstock","11":"virtual","12":"sold-individually","13":"taxable","14":"purchasable","15":"product-type-simple"},"acf":[],"yoast_head":"<!-- This site is optimized with the Yoast SEO plugin v27.1.1 - https:\/\/yoast.com\/product\/yoast-seo-wordpress\/ -->\n<title>Prosprzeda\u017c-online - Mateusz Mrozowski Trener Biznesu<\/title>\n<meta name=\"robots\" content=\"noindex, nofollow\" \/>\n<meta property=\"og:locale\" content=\"pl_PL\" \/>\n<meta property=\"og:type\" content=\"article\" \/>\n<meta property=\"og:title\" content=\"Prosprzeda\u017c-online - Mateusz Mrozowski Trener Biznesu\" \/>\n<meta property=\"og:description\" content=\"Kurs:  7 odcink\u00f3w Video:  7 krok\u00f3w sprzeda\u017cy  7 konkretnych mechanizm\u00f3w jak by\u0107 lepszym sprzedawc\u0105\" \/>\n<meta property=\"og:url\" content=\"https:\/\/mateuszmrozowski.pl\/sklep\/produkt\/kurs-prosprzedaz\/\" \/>\n<meta property=\"og:site_name\" content=\"Mateusz Mrozowski Trener Biznesu\" \/>\n<meta property=\"article:publisher\" content=\"https:\/\/www.facebook.com\/mateuszmrozowskisiewca\" \/>\n<meta property=\"article:modified_time\" content=\"2025-03-01T17:33:35+00:00\" \/>\n<meta property=\"og:image\" content=\"https:\/\/mateuszmrozowski.pl\/sklep\/wp-content\/uploads\/2020\/05\/PROSPRZEDAZNOWE.png\" \/>\n\t<meta property=\"og:image:width\" content=\"600\" \/>\n\t<meta property=\"og:image:height\" content=\"600\" \/>\n\t<meta property=\"og:image:type\" content=\"image\/png\" \/>\n<meta name=\"twitter:card\" content=\"summary_large_image\" \/>\n<meta name=\"twitter:label1\" content=\"Szacowany czas czytania\" \/>\n\t<meta name=\"twitter:data1\" content=\"3 minuty\" \/>\n<script type=\"application\/ld+json\" class=\"yoast-schema-graph\">{\"@context\":\"https:\/\/schema.org\",\"@graph\":[{\"@type\":\"WebPage\",\"@id\":\"https:\/\/mateuszmrozowski.pl\/sklep\/produkt\/kurs-prosprzedaz\/\",\"url\":\"https:\/\/mateuszmrozowski.pl\/sklep\/produkt\/kurs-prosprzedaz\/\",\"name\":\"Prosprzeda\u017c-online - Mateusz Mrozowski Trener Biznesu\",\"isPartOf\":{\"@id\":\"https:\/\/mateuszmrozowski.pl\/sklep\/#website\"},\"primaryImageOfPage\":{\"@id\":\"https:\/\/mateuszmrozowski.pl\/sklep\/produkt\/kurs-prosprzedaz\/#primaryimage\"},\"image\":{\"@id\":\"https:\/\/mateuszmrozowski.pl\/sklep\/produkt\/kurs-prosprzedaz\/#primaryimage\"},\"thumbnailUrl\":\"https:\/\/mateuszmrozowski.pl\/sklep\/wp-content\/uploads\/2020\/05\/PROSPRZEDAZNOWE.png\",\"datePublished\":\"2020-05-07T13:57:28+00:00\",\"dateModified\":\"2025-03-01T17:33:35+00:00\",\"breadcrumb\":{\"@id\":\"https:\/\/mateuszmrozowski.pl\/sklep\/produkt\/kurs-prosprzedaz\/#breadcrumb\"},\"inLanguage\":\"pl-PL\",\"potentialAction\":[{\"@type\":\"ReadAction\",\"target\":[\"https:\/\/mateuszmrozowski.pl\/sklep\/produkt\/kurs-prosprzedaz\/\"]}]},{\"@type\":\"ImageObject\",\"inLanguage\":\"pl-PL\",\"@id\":\"https:\/\/mateuszmrozowski.pl\/sklep\/produkt\/kurs-prosprzedaz\/#primaryimage\",\"url\":\"https:\/\/mateuszmrozowski.pl\/sklep\/wp-content\/uploads\/2020\/05\/PROSPRZEDAZNOWE.png\",\"contentUrl\":\"https:\/\/mateuszmrozowski.pl\/sklep\/wp-content\/uploads\/2020\/05\/PROSPRZEDAZNOWE.png\",\"width\":600,\"height\":600},{\"@type\":\"BreadcrumbList\",\"@id\":\"https:\/\/mateuszmrozowski.pl\/sklep\/produkt\/kurs-prosprzedaz\/#breadcrumb\",\"itemListElement\":[{\"@type\":\"ListItem\",\"position\":1,\"name\":\"Strona g\u0142\u00f3wna\",\"item\":\"https:\/\/mateuszmrozowski.pl\/sklep\/\"},{\"@type\":\"ListItem\",\"position\":2,\"name\":\"Szkolenia biznesowe i kursy sprzeda\u017cowe\",\"item\":\"https:\/\/mateuszmrozowski.pl\/sklep\/\"},{\"@type\":\"ListItem\",\"position\":3,\"name\":\"Kursy online\",\"item\":\"https:\/\/mateuszmrozowski.pl\/sklep\/kategoria-produktu\/kursy-online\/\"},{\"@type\":\"ListItem\",\"position\":4,\"name\":\"Prosprzeda\u017c-online\"}]},{\"@type\":\"WebSite\",\"@id\":\"https:\/\/mateuszmrozowski.pl\/sklep\/#website\",\"url\":\"https:\/\/mateuszmrozowski.pl\/sklep\/\",\"name\":\"Mateusz Mrozowski Trener biznesu\",\"description\":\"Walcz\u0119 o wynik dla firm z kt\u00f3rymi wsp\u00f3\u0142pracuj\u0119.\",\"publisher\":{\"@id\":\"https:\/\/mateuszmrozowski.pl\/sklep\/#organization\"},\"alternateName\":\"Mateusz Mrozowski\",\"potentialAction\":[{\"@type\":\"SearchAction\",\"target\":{\"@type\":\"EntryPoint\",\"urlTemplate\":\"https:\/\/mateuszmrozowski.pl\/sklep\/?s={search_term_string}\"},\"query-input\":{\"@type\":\"PropertyValueSpecification\",\"valueRequired\":true,\"valueName\":\"search_term_string\"}}],\"inLanguage\":\"pl-PL\"},{\"@type\":\"Organization\",\"@id\":\"https:\/\/mateuszmrozowski.pl\/sklep\/#organization\",\"name\":\"Mateusz Mrozowski Trener biznesu\",\"alternateName\":\"Mateusz Mrozowski\",\"url\":\"https:\/\/mateuszmrozowski.pl\/sklep\/\",\"logo\":{\"@type\":\"ImageObject\",\"inLanguage\":\"pl-PL\",\"@id\":\"https:\/\/mateuszmrozowski.pl\/sklep\/#\/schema\/logo\/image\/\",\"url\":\"https:\/\/mateuszmrozowski.pl\/sklep\/wp-content\/uploads\/2025\/03\/cropped-mateusz_mrozowski_logo.png\",\"contentUrl\":\"https:\/\/mateuszmrozowski.pl\/sklep\/wp-content\/uploads\/2025\/03\/cropped-mateusz_mrozowski_logo.png\",\"width\":236,\"height\":59,\"caption\":\"Mateusz Mrozowski Trener biznesu\"},\"image\":{\"@id\":\"https:\/\/mateuszmrozowski.pl\/sklep\/#\/schema\/logo\/image\/\"},\"sameAs\":[\"https:\/\/www.facebook.com\/mateuszmrozowskisiewca\",\"https:\/\/www.youtube.com\/channel\/UCI6FhECZ4GdL1TYU5oh5JDg\",\"https:\/\/www.instagram.com\/mrozowski.siewca\/\",\"https:\/\/www.linkedin.com\/in\/mateuszmrozowski\/\",\"https:\/\/maps.app.goo.gl\/Ee8wtgr6gx2CjEM68\",\"https:\/\/www.tiktok.com\/@mateuszmrozowskisiewca\"]}]}<\/script>\n<!-- \/ Yoast SEO plugin. -->","yoast_head_json":{"title":"Prosprzeda\u017c-online - Mateusz Mrozowski Trener Biznesu","robots":{"index":"noindex","follow":"nofollow"},"og_locale":"pl_PL","og_type":"article","og_title":"Prosprzeda\u017c-online - Mateusz Mrozowski Trener Biznesu","og_description":"Kurs:  7 odcink\u00f3w Video:  7 krok\u00f3w sprzeda\u017cy  7 konkretnych mechanizm\u00f3w jak by\u0107 lepszym sprzedawc\u0105","og_url":"https:\/\/mateuszmrozowski.pl\/sklep\/produkt\/kurs-prosprzedaz\/","og_site_name":"Mateusz Mrozowski Trener Biznesu","article_publisher":"https:\/\/www.facebook.com\/mateuszmrozowskisiewca","article_modified_time":"2025-03-01T17:33:35+00:00","og_image":[{"width":600,"height":600,"url":"https:\/\/mateuszmrozowski.pl\/sklep\/wp-content\/uploads\/2020\/05\/PROSPRZEDAZNOWE.png","type":"image\/png"}],"twitter_card":"summary_large_image","twitter_misc":{"Szacowany czas czytania":"3 minuty"},"schema":{"@context":"https:\/\/schema.org","@graph":[{"@type":"WebPage","@id":"https:\/\/mateuszmrozowski.pl\/sklep\/produkt\/kurs-prosprzedaz\/","url":"https:\/\/mateuszmrozowski.pl\/sklep\/produkt\/kurs-prosprzedaz\/","name":"Prosprzeda\u017c-online - Mateusz Mrozowski Trener Biznesu","isPartOf":{"@id":"https:\/\/mateuszmrozowski.pl\/sklep\/#website"},"primaryImageOfPage":{"@id":"https:\/\/mateuszmrozowski.pl\/sklep\/produkt\/kurs-prosprzedaz\/#primaryimage"},"image":{"@id":"https:\/\/mateuszmrozowski.pl\/sklep\/produkt\/kurs-prosprzedaz\/#primaryimage"},"thumbnailUrl":"https:\/\/mateuszmrozowski.pl\/sklep\/wp-content\/uploads\/2020\/05\/PROSPRZEDAZNOWE.png","datePublished":"2020-05-07T13:57:28+00:00","dateModified":"2025-03-01T17:33:35+00:00","breadcrumb":{"@id":"https:\/\/mateuszmrozowski.pl\/sklep\/produkt\/kurs-prosprzedaz\/#breadcrumb"},"inLanguage":"pl-PL","potentialAction":[{"@type":"ReadAction","target":["https:\/\/mateuszmrozowski.pl\/sklep\/produkt\/kurs-prosprzedaz\/"]}]},{"@type":"ImageObject","inLanguage":"pl-PL","@id":"https:\/\/mateuszmrozowski.pl\/sklep\/produkt\/kurs-prosprzedaz\/#primaryimage","url":"https:\/\/mateuszmrozowski.pl\/sklep\/wp-content\/uploads\/2020\/05\/PROSPRZEDAZNOWE.png","contentUrl":"https:\/\/mateuszmrozowski.pl\/sklep\/wp-content\/uploads\/2020\/05\/PROSPRZEDAZNOWE.png","width":600,"height":600},{"@type":"BreadcrumbList","@id":"https:\/\/mateuszmrozowski.pl\/sklep\/produkt\/kurs-prosprzedaz\/#breadcrumb","itemListElement":[{"@type":"ListItem","position":1,"name":"Strona g\u0142\u00f3wna","item":"https:\/\/mateuszmrozowski.pl\/sklep\/"},{"@type":"ListItem","position":2,"name":"Szkolenia biznesowe i kursy sprzeda\u017cowe","item":"https:\/\/mateuszmrozowski.pl\/sklep\/"},{"@type":"ListItem","position":3,"name":"Kursy online","item":"https:\/\/mateuszmrozowski.pl\/sklep\/kategoria-produktu\/kursy-online\/"},{"@type":"ListItem","position":4,"name":"Prosprzeda\u017c-online"}]},{"@type":"WebSite","@id":"https:\/\/mateuszmrozowski.pl\/sklep\/#website","url":"https:\/\/mateuszmrozowski.pl\/sklep\/","name":"Mateusz Mrozowski Trener biznesu","description":"Walcz\u0119 o wynik dla firm z kt\u00f3rymi wsp\u00f3\u0142pracuj\u0119.","publisher":{"@id":"https:\/\/mateuszmrozowski.pl\/sklep\/#organization"},"alternateName":"Mateusz Mrozowski","potentialAction":[{"@type":"SearchAction","target":{"@type":"EntryPoint","urlTemplate":"https:\/\/mateuszmrozowski.pl\/sklep\/?s={search_term_string}"},"query-input":{"@type":"PropertyValueSpecification","valueRequired":true,"valueName":"search_term_string"}}],"inLanguage":"pl-PL"},{"@type":"Organization","@id":"https:\/\/mateuszmrozowski.pl\/sklep\/#organization","name":"Mateusz Mrozowski Trener biznesu","alternateName":"Mateusz Mrozowski","url":"https:\/\/mateuszmrozowski.pl\/sklep\/","logo":{"@type":"ImageObject","inLanguage":"pl-PL","@id":"https:\/\/mateuszmrozowski.pl\/sklep\/#\/schema\/logo\/image\/","url":"https:\/\/mateuszmrozowski.pl\/sklep\/wp-content\/uploads\/2025\/03\/cropped-mateusz_mrozowski_logo.png","contentUrl":"https:\/\/mateuszmrozowski.pl\/sklep\/wp-content\/uploads\/2025\/03\/cropped-mateusz_mrozowski_logo.png","width":236,"height":59,"caption":"Mateusz Mrozowski Trener biznesu"},"image":{"@id":"https:\/\/mateuszmrozowski.pl\/sklep\/#\/schema\/logo\/image\/"},"sameAs":["https:\/\/www.facebook.com\/mateuszmrozowskisiewca","https:\/\/www.youtube.com\/channel\/UCI6FhECZ4GdL1TYU5oh5JDg","https:\/\/www.instagram.com\/mrozowski.siewca\/","https:\/\/www.linkedin.com\/in\/mateuszmrozowski\/","https:\/\/maps.app.goo.gl\/Ee8wtgr6gx2CjEM68","https:\/\/www.tiktok.com\/@mateuszmrozowskisiewca"]}]}},"_links":{"self":[{"href":"https:\/\/mateuszmrozowski.pl\/sklep\/wp-json\/wp\/v2\/product\/163","targetHints":{"allow":["GET"]}}],"collection":[{"href":"https:\/\/mateuszmrozowski.pl\/sklep\/wp-json\/wp\/v2\/product"}],"about":[{"href":"https:\/\/mateuszmrozowski.pl\/sklep\/wp-json\/wp\/v2\/types\/product"}],"wp:featuredmedia":[{"embeddable":true,"href":"https:\/\/mateuszmrozowski.pl\/sklep\/wp-json\/wp\/v2\/media\/597"}],"wp:attachment":[{"href":"https:\/\/mateuszmrozowski.pl\/sklep\/wp-json\/wp\/v2\/media?parent=163"}],"wp:term":[{"taxonomy":"product_brand","embeddable":true,"href":"https:\/\/mateuszmrozowski.pl\/sklep\/wp-json\/wp\/v2\/product_brand?post=163"},{"taxonomy":"product_cat","embeddable":true,"href":"https:\/\/mateuszmrozowski.pl\/sklep\/wp-json\/wp\/v2\/product_cat?post=163"},{"taxonomy":"product_tag","embeddable":true,"href":"https:\/\/mateuszmrozowski.pl\/sklep\/wp-json\/wp\/v2\/product_tag?post=163"}],"curies":[{"name":"wp","href":"https:\/\/api.w.org\/{rel}","templated":true}]}}