{"id":110,"date":"2020-05-07T12:54:59","date_gmt":"2020-05-07T12:54:59","guid":{"rendered":"https:\/\/mateuszmrozowski.pl\/sklep\/?post_type=product&#038;p=110"},"modified":"2025-03-01T17:33:36","modified_gmt":"2025-03-01T17:33:36","slug":"biznesowe-imperium-pelna-wersja","status":"publish","type":"product","link":"https:\/\/mateuszmrozowski.pl\/sklep\/produkt\/biznesowe-imperium-pelna-wersja\/","title":{"rendered":"Biznesowe Imperium &#8211; Pe\u0142na Wersja"},"content":{"rendered":"\n\n<div class=\"kk-star-ratings kksr-auto kksr-align-left kksr-valign-top kksr-disabled\"\n    data-payload='{&quot;align&quot;:&quot;left&quot;,&quot;id&quot;:&quot;110&quot;,&quot;readonly&quot;:&quot;1&quot;,&quot;slug&quot;:&quot;default&quot;,&quot;valign&quot;:&quot;top&quot;,&quot;ignore&quot;:&quot;&quot;,&quot;reference&quot;:&quot;auto&quot;,&quot;class&quot;:&quot;&quot;,&quot;count&quot;:&quot;0&quot;,&quot;legendonly&quot;:&quot;&quot;,&quot;score&quot;:&quot;0&quot;,&quot;starsonly&quot;:&quot;&quot;,&quot;best&quot;:&quot;5&quot;,&quot;gap&quot;:&quot;5&quot;,&quot;greet&quot;:&quot;Wystaw ocen\u0119&quot;,&quot;legend&quot;:&quot;0\\\/5 - (0 ocen)&quot;,&quot;size&quot;:&quot;16&quot;,&quot;title&quot;:&quot;Biznesowe Imperium - Pe\u0142na Wersja&quot;,&quot;width&quot;:&quot;0&quot;,&quot;_legend&quot;:&quot;{score}\\\/{best} - ({count} ocen)&quot;,&quot;font_factor&quot;:&quot;1.25&quot;}'>\n            \n<div class=\"kksr-stars\">\n    \n<div class=\"kksr-stars-inactive\">\n            <div class=\"kksr-star\" data-star=\"1\" style=\"padding-right: 5px\">\n            \n\n<div class=\"kksr-icon\" style=\"width: 16px; height: 16px;\"><\/div>\n        <\/div>\n            <div class=\"kksr-star\" data-star=\"2\" style=\"padding-right: 5px\">\n            \n\n<div class=\"kksr-icon\" style=\"width: 16px; height: 16px;\"><\/div>\n        <\/div>\n            <div class=\"kksr-star\" data-star=\"3\" style=\"padding-right: 5px\">\n            \n\n<div class=\"kksr-icon\" style=\"width: 16px; height: 16px;\"><\/div>\n        <\/div>\n            <div class=\"kksr-star\" data-star=\"4\" style=\"padding-right: 5px\">\n            \n\n<div class=\"kksr-icon\" style=\"width: 16px; height: 16px;\"><\/div>\n        <\/div>\n            <div class=\"kksr-star\" data-star=\"5\" style=\"padding-right: 5px\">\n            \n\n<div class=\"kksr-icon\" style=\"width: 16px; height: 16px;\"><\/div>\n        <\/div>\n    <\/div>\n    \n<div class=\"kksr-stars-active\" style=\"width: 0px;\">\n            <div class=\"kksr-star\" style=\"padding-right: 5px\">\n            \n\n<div class=\"kksr-icon\" style=\"width: 16px; height: 16px;\"><\/div>\n        <\/div>\n            <div class=\"kksr-star\" style=\"padding-right: 5px\">\n            \n\n<div class=\"kksr-icon\" style=\"width: 16px; height: 16px;\"><\/div>\n        <\/div>\n            <div class=\"kksr-star\" style=\"padding-right: 5px\">\n            \n\n<div class=\"kksr-icon\" style=\"width: 16px; height: 16px;\"><\/div>\n        <\/div>\n            <div class=\"kksr-star\" style=\"padding-right: 5px\">\n            \n\n<div class=\"kksr-icon\" style=\"width: 16px; height: 16px;\"><\/div>\n        <\/div>\n            <div class=\"kksr-star\" style=\"padding-right: 5px\">\n            \n\n<div class=\"kksr-icon\" style=\"width: 16px; height: 16px;\"><\/div>\n        <\/div>\n    <\/div>\n<\/div>\n                \n\n<div class=\"kksr-legend\" style=\"font-size: 12.8px;\">\n            <span class=\"kksr-muted\">Wystaw ocen\u0119<\/span>\n    <\/div>\n    <\/div>\n<h2>Biznesowe Imperium &#8211; Pe\u0142na Wersja<\/h2>\n<p>Przedstawiam Ci najbardziej zaawansowany, szczeg\u00f3lnie wyprofilowany biznesowo, stworzony z moich do\u015bwiadcze\u0144 i wiedzy \u2013 kurs on-line.<\/p>\n<p><strong>Czym jest ten Kurs?<\/strong><br \/>\nZbiorem 20 najwa\u017cniejszych zagadnie\u0144 biznesowych XXI wieku. Sk\u0142adaj\u0105cego si\u0119 na 5 kluczowych kompetencji niezb\u0119dnych w procesie wzrostu skuteczno\u015bci i efektywno\u015bci osobistej i biznesowej.<br \/>\nSzkolenie ko\u0144czy si\u0119 Certyfikacj\u0105 \u201eSkuteczny Manager Organizacji Biznesowej\u201d.<br \/>\n1. Kurs nagrywany podczas 5 miesi\u0119cznego cyklu spotka\u0144 na \u017cywo- kupuj\u0105c kurs otrzymujesz dost\u0119p do wszystkich nagra\u0144.<br \/>\n2. Na ko\u0144cu ka\u017cdego nagrania znajduje si\u0119 modlitwa.<\/p>\n<h3>Kurs online zawiera:<\/h3>\n<p><strong>Modu\u0142 1: Sprzeda\u017c<\/strong><\/p>\n<p>1. Prospecting (sztuka pozyskiwania kontakt\u00f3w biznesowych)<br \/>\n2. Matryca analizy potrzeb ( doprowadzaj do zamkni\u0119cia u\u017cywaj\u0105c systemu behawioralnego pyta\u0144 otwartych)<br \/>\n3. Prezentacja ( poznaj techniki i strategie najlepszych sprzedawc\u00f3w \u015bwiata)<br \/>\n4. Obiekcje i zamykanie sprzeda\u017cy ( 11 technik zamykania sprzeda\u017cy i system odpowiadania na obiekcje klient\u00f3w)<\/p>\n<p><strong>Modu\u0142 2: Negocjacje<\/strong><\/p>\n<p>5. Negocjacje vs Sprzeda\u017c (czym s\u0105 negocjacje a czyn na pewno nie s\u0105)<br \/>\n6. Narz\u0119dzia Negocjacji ( jak dobrze i skutecznie przygotowa\u0107 si\u0119 do negocjacji)<br \/>\n7. Typy negocjator\u00f3w ( poznaj sw\u00f3j styl negocjacji i twojego potencjalnego klienta)<br \/>\n8. Techniki negocjacyjne ( 15 technik kt\u00f3re wykorzystywane s\u0105 przez najlepszych negocjator\u00f3w w europie)<\/p>\n<p><strong>Modu\u0142 3: Marka Osobista<\/strong><\/p>\n<p>9. System Haringotona ( poznaj zasady budowania swojej marki)<br \/>\n10. Social media ( proces budowania marki w sieci)<br \/>\n11. 5 krok\u00f3w marki osobistej ( napisz ksi\u0105\u017ck\u0119 w tydzie\u0144 i publikuj do najwa\u017cniejszych gazet w bran\u017cy)<br \/>\n12. Automatyzacja proces\u00f3w sprzeda\u017cowych swojego brandu.<\/p>\n<p><strong>Modu\u0142 4: Leadership<\/strong><\/p>\n<p>13. Sytuacyjne przyw\u00f3dztwo K. Blancharda ( poznaj zasady tworzenia lider\u00f3w w organizacjach)<br \/>\n14. 5 dysfunkcji pracy zespo\u0142owej Lencioniego ( poznaj i zrozum jak funkcjonuje zesp\u00f3\u0142)<br \/>\n15. Profilowanie motywacyjne RPM ( zadbaj i wygeneruj najwy\u017csz\u0105 mo\u017cliw\u0105 motywacje w sobie i swoim zespole)<br \/>\n16. B\u0142\u0119dy w s\u0142uchaniu i prowadzeniu ludzi ( zasady pracy zespo\u0142owej)<\/p>\n<p><strong>Modu\u0142 5: Wyst\u0105pienia Biznesowe<\/strong><\/p>\n<p>17. Teoria Chiazmu ( Biblijny system kotwiczenia przekazu)<br \/>\n18. Anatomia sceny i mowa cia\u0142a ( poznaj zasady mowy niewerbalnej)<br \/>\n19. Storytelling ( umiej\u0119tno\u015b\u0107 pracy z histori\u0105)<br \/>\n20. Teoria tr\u00f3jek ( system prowadzenia, tworzenia i uk\u0142adania prezentacji)<\/p>\n","protected":false},"excerpt":{"rendered":"<p>Biznesowe Imperium &#8211; Pe\u0142na Wersja Przedstawiam Ci najbardziej zaawansowany, szczeg\u00f3lnie wyprofilowany biznesowo, stworzony z moich do\u015bwiadcze\u0144 i wiedzy \u2013 kurs on-line. Czym jest ten Kurs? Zbiorem 20 najwa\u017cniejszych zagadnie\u0144 biznesowych XXI wieku. Sk\u0142adaj\u0105cego si\u0119 na 5 kluczowych kompetencji niezb\u0119dnych w procesie wzrostu skuteczno\u015bci i efektywno\u015bci osobistej i biznesowej. Szkolenie ko\u0144czy si\u0119 Certyfikacj\u0105 \u201eSkuteczny Manager Organizacji [&hellip;]<\/p>\n","protected":false},"featured_media":3423,"template":"","meta":{"_acf_changed":false,"content-type":""},"product_brand":[],"product_cat":[28,114],"product_tag":[84],"class_list":{"0":"post-110","1":"product","2":"type-product","3":"status-publish","4":"has-post-thumbnail","6":"product_cat-kursy-online","7":"product_cat-wszystkie-produkty","8":"product_tag-kurs","10":"first","11":"outofstock","12":"virtual","13":"sold-individually","14":"taxable","15":"purchasable","16":"product-type-simple"},"acf":[],"yoast_head":"<!-- This site is optimized with the Yoast SEO plugin v27.1.1 - https:\/\/yoast.com\/product\/yoast-seo-wordpress\/ -->\n<title>Biznesowe Imperium - Pe\u0142na Wersja - Mateusz Mrozowski Trener Biznesu<\/title>\n<meta name=\"robots\" content=\"noindex, nofollow\" \/>\n<meta property=\"og:locale\" content=\"pl_PL\" \/>\n<meta property=\"og:type\" content=\"article\" \/>\n<meta property=\"og:title\" content=\"Biznesowe Imperium - Pe\u0142na Wersja - Mateusz Mrozowski Trener Biznesu\" \/>\n<meta property=\"og:description\" content=\"Biznesowe Imperium &#8211; Pe\u0142na Wersja Przedstawiam Ci najbardziej zaawansowany, szczeg\u00f3lnie wyprofilowany biznesowo, stworzony z moich do\u015bwiadcze\u0144 i wiedzy \u2013 kurs on-line. Czym jest ten Kurs? Zbiorem 20 najwa\u017cniejszych zagadnie\u0144 biznesowych XXI wieku. Sk\u0142adaj\u0105cego si\u0119 na 5 kluczowych kompetencji niezb\u0119dnych w procesie wzrostu skuteczno\u015bci i efektywno\u015bci osobistej i biznesowej. Szkolenie ko\u0144czy si\u0119 Certyfikacj\u0105 \u201eSkuteczny Manager Organizacji [&hellip;]\" \/>\n<meta property=\"og:url\" content=\"https:\/\/mateuszmrozowski.pl\/sklep\/produkt\/biznesowe-imperium-pelna-wersja\/\" \/>\n<meta property=\"og:site_name\" content=\"Mateusz Mrozowski Trener Biznesu\" \/>\n<meta property=\"article:publisher\" content=\"https:\/\/www.facebook.com\/mateuszmrozowskisiewca\" \/>\n<meta property=\"article:modified_time\" content=\"2025-03-01T17:33:36+00:00\" \/>\n<meta property=\"og:image\" content=\"https:\/\/mateuszmrozowski.pl\/sklep\/wp-content\/uploads\/2021\/02\/biznesowe-imperium-full.png\" \/>\n\t<meta property=\"og:image:width\" content=\"788\" \/>\n\t<meta property=\"og:image:height\" content=\"788\" \/>\n\t<meta property=\"og:image:type\" content=\"image\/png\" \/>\n<meta name=\"twitter:card\" content=\"summary_large_image\" \/>\n<meta name=\"twitter:label1\" content=\"Szacowany czas czytania\" \/>\n\t<meta name=\"twitter:data1\" content=\"3 minuty\" \/>\n<script type=\"application\/ld+json\" class=\"yoast-schema-graph\">{\"@context\":\"https:\/\/schema.org\",\"@graph\":[{\"@type\":\"WebPage\",\"@id\":\"https:\/\/mateuszmrozowski.pl\/sklep\/produkt\/biznesowe-imperium-pelna-wersja\/\",\"url\":\"https:\/\/mateuszmrozowski.pl\/sklep\/produkt\/biznesowe-imperium-pelna-wersja\/\",\"name\":\"Biznesowe Imperium - Pe\u0142na Wersja - Mateusz Mrozowski Trener Biznesu\",\"isPartOf\":{\"@id\":\"https:\/\/mateuszmrozowski.pl\/sklep\/#website\"},\"primaryImageOfPage\":{\"@id\":\"https:\/\/mateuszmrozowski.pl\/sklep\/produkt\/biznesowe-imperium-pelna-wersja\/#primaryimage\"},\"image\":{\"@id\":\"https:\/\/mateuszmrozowski.pl\/sklep\/produkt\/biznesowe-imperium-pelna-wersja\/#primaryimage\"},\"thumbnailUrl\":\"https:\/\/mateuszmrozowski.pl\/sklep\/wp-content\/uploads\/2021\/02\/biznesowe-imperium-full.png\",\"datePublished\":\"2020-05-07T12:54:59+00:00\",\"dateModified\":\"2025-03-01T17:33:36+00:00\",\"breadcrumb\":{\"@id\":\"https:\/\/mateuszmrozowski.pl\/sklep\/produkt\/biznesowe-imperium-pelna-wersja\/#breadcrumb\"},\"inLanguage\":\"pl-PL\",\"potentialAction\":[{\"@type\":\"ReadAction\",\"target\":[\"https:\/\/mateuszmrozowski.pl\/sklep\/produkt\/biznesowe-imperium-pelna-wersja\/\"]}]},{\"@type\":\"ImageObject\",\"inLanguage\":\"pl-PL\",\"@id\":\"https:\/\/mateuszmrozowski.pl\/sklep\/produkt\/biznesowe-imperium-pelna-wersja\/#primaryimage\",\"url\":\"https:\/\/mateuszmrozowski.pl\/sklep\/wp-content\/uploads\/2021\/02\/biznesowe-imperium-full.png\",\"contentUrl\":\"https:\/\/mateuszmrozowski.pl\/sklep\/wp-content\/uploads\/2021\/02\/biznesowe-imperium-full.png\",\"width\":788,\"height\":788},{\"@type\":\"BreadcrumbList\",\"@id\":\"https:\/\/mateuszmrozowski.pl\/sklep\/produkt\/biznesowe-imperium-pelna-wersja\/#breadcrumb\",\"itemListElement\":[{\"@type\":\"ListItem\",\"position\":1,\"name\":\"Strona g\u0142\u00f3wna\",\"item\":\"https:\/\/mateuszmrozowski.pl\/sklep\/\"},{\"@type\":\"ListItem\",\"position\":2,\"name\":\"Szkolenia biznesowe i kursy sprzeda\u017cowe\",\"item\":\"https:\/\/mateuszmrozowski.pl\/sklep\/\"},{\"@type\":\"ListItem\",\"position\":3,\"name\":\"Kursy online\",\"item\":\"https:\/\/mateuszmrozowski.pl\/sklep\/kategoria-produktu\/kursy-online\/\"},{\"@type\":\"ListItem\",\"position\":4,\"name\":\"Biznesowe Imperium &#8211; Pe\u0142na Wersja\"}]},{\"@type\":\"WebSite\",\"@id\":\"https:\/\/mateuszmrozowski.pl\/sklep\/#website\",\"url\":\"https:\/\/mateuszmrozowski.pl\/sklep\/\",\"name\":\"Mateusz Mrozowski Trener biznesu\",\"description\":\"Walcz\u0119 o wynik dla firm z kt\u00f3rymi wsp\u00f3\u0142pracuj\u0119.\",\"publisher\":{\"@id\":\"https:\/\/mateuszmrozowski.pl\/sklep\/#organization\"},\"alternateName\":\"Mateusz Mrozowski\",\"potentialAction\":[{\"@type\":\"SearchAction\",\"target\":{\"@type\":\"EntryPoint\",\"urlTemplate\":\"https:\/\/mateuszmrozowski.pl\/sklep\/?s={search_term_string}\"},\"query-input\":{\"@type\":\"PropertyValueSpecification\",\"valueRequired\":true,\"valueName\":\"search_term_string\"}}],\"inLanguage\":\"pl-PL\"},{\"@type\":\"Organization\",\"@id\":\"https:\/\/mateuszmrozowski.pl\/sklep\/#organization\",\"name\":\"Mateusz Mrozowski Trener biznesu\",\"alternateName\":\"Mateusz Mrozowski\",\"url\":\"https:\/\/mateuszmrozowski.pl\/sklep\/\",\"logo\":{\"@type\":\"ImageObject\",\"inLanguage\":\"pl-PL\",\"@id\":\"https:\/\/mateuszmrozowski.pl\/sklep\/#\/schema\/logo\/image\/\",\"url\":\"https:\/\/mateuszmrozowski.pl\/sklep\/wp-content\/uploads\/2025\/03\/cropped-mateusz_mrozowski_logo.png\",\"contentUrl\":\"https:\/\/mateuszmrozowski.pl\/sklep\/wp-content\/uploads\/2025\/03\/cropped-mateusz_mrozowski_logo.png\",\"width\":236,\"height\":59,\"caption\":\"Mateusz Mrozowski Trener biznesu\"},\"image\":{\"@id\":\"https:\/\/mateuszmrozowski.pl\/sklep\/#\/schema\/logo\/image\/\"},\"sameAs\":[\"https:\/\/www.facebook.com\/mateuszmrozowskisiewca\",\"https:\/\/www.youtube.com\/channel\/UCI6FhECZ4GdL1TYU5oh5JDg\",\"https:\/\/www.instagram.com\/mrozowski.siewca\/\",\"https:\/\/www.linkedin.com\/in\/mateuszmrozowski\/\",\"https:\/\/maps.app.goo.gl\/Ee8wtgr6gx2CjEM68\",\"https:\/\/www.tiktok.com\/@mateuszmrozowskisiewca\"]}]}<\/script>\n<!-- \/ Yoast SEO plugin. -->","yoast_head_json":{"title":"Biznesowe Imperium - Pe\u0142na Wersja - Mateusz Mrozowski Trener Biznesu","robots":{"index":"noindex","follow":"nofollow"},"og_locale":"pl_PL","og_type":"article","og_title":"Biznesowe Imperium - Pe\u0142na Wersja - Mateusz Mrozowski Trener Biznesu","og_description":"Biznesowe Imperium &#8211; Pe\u0142na Wersja Przedstawiam Ci najbardziej zaawansowany, szczeg\u00f3lnie wyprofilowany biznesowo, stworzony z moich do\u015bwiadcze\u0144 i wiedzy \u2013 kurs on-line. Czym jest ten Kurs? Zbiorem 20 najwa\u017cniejszych zagadnie\u0144 biznesowych XXI wieku. Sk\u0142adaj\u0105cego si\u0119 na 5 kluczowych kompetencji niezb\u0119dnych w procesie wzrostu skuteczno\u015bci i efektywno\u015bci osobistej i biznesowej. Szkolenie ko\u0144czy si\u0119 Certyfikacj\u0105 \u201eSkuteczny Manager Organizacji [&hellip;]","og_url":"https:\/\/mateuszmrozowski.pl\/sklep\/produkt\/biznesowe-imperium-pelna-wersja\/","og_site_name":"Mateusz Mrozowski Trener Biznesu","article_publisher":"https:\/\/www.facebook.com\/mateuszmrozowskisiewca","article_modified_time":"2025-03-01T17:33:36+00:00","og_image":[{"width":788,"height":788,"url":"https:\/\/mateuszmrozowski.pl\/sklep\/wp-content\/uploads\/2021\/02\/biznesowe-imperium-full.png","type":"image\/png"}],"twitter_card":"summary_large_image","twitter_misc":{"Szacowany czas czytania":"3 minuty"},"schema":{"@context":"https:\/\/schema.org","@graph":[{"@type":"WebPage","@id":"https:\/\/mateuszmrozowski.pl\/sklep\/produkt\/biznesowe-imperium-pelna-wersja\/","url":"https:\/\/mateuszmrozowski.pl\/sklep\/produkt\/biznesowe-imperium-pelna-wersja\/","name":"Biznesowe Imperium - Pe\u0142na Wersja - Mateusz Mrozowski Trener Biznesu","isPartOf":{"@id":"https:\/\/mateuszmrozowski.pl\/sklep\/#website"},"primaryImageOfPage":{"@id":"https:\/\/mateuszmrozowski.pl\/sklep\/produkt\/biznesowe-imperium-pelna-wersja\/#primaryimage"},"image":{"@id":"https:\/\/mateuszmrozowski.pl\/sklep\/produkt\/biznesowe-imperium-pelna-wersja\/#primaryimage"},"thumbnailUrl":"https:\/\/mateuszmrozowski.pl\/sklep\/wp-content\/uploads\/2021\/02\/biznesowe-imperium-full.png","datePublished":"2020-05-07T12:54:59+00:00","dateModified":"2025-03-01T17:33:36+00:00","breadcrumb":{"@id":"https:\/\/mateuszmrozowski.pl\/sklep\/produkt\/biznesowe-imperium-pelna-wersja\/#breadcrumb"},"inLanguage":"pl-PL","potentialAction":[{"@type":"ReadAction","target":["https:\/\/mateuszmrozowski.pl\/sklep\/produkt\/biznesowe-imperium-pelna-wersja\/"]}]},{"@type":"ImageObject","inLanguage":"pl-PL","@id":"https:\/\/mateuszmrozowski.pl\/sklep\/produkt\/biznesowe-imperium-pelna-wersja\/#primaryimage","url":"https:\/\/mateuszmrozowski.pl\/sklep\/wp-content\/uploads\/2021\/02\/biznesowe-imperium-full.png","contentUrl":"https:\/\/mateuszmrozowski.pl\/sklep\/wp-content\/uploads\/2021\/02\/biznesowe-imperium-full.png","width":788,"height":788},{"@type":"BreadcrumbList","@id":"https:\/\/mateuszmrozowski.pl\/sklep\/produkt\/biznesowe-imperium-pelna-wersja\/#breadcrumb","itemListElement":[{"@type":"ListItem","position":1,"name":"Strona g\u0142\u00f3wna","item":"https:\/\/mateuszmrozowski.pl\/sklep\/"},{"@type":"ListItem","position":2,"name":"Szkolenia biznesowe i kursy sprzeda\u017cowe","item":"https:\/\/mateuszmrozowski.pl\/sklep\/"},{"@type":"ListItem","position":3,"name":"Kursy online","item":"https:\/\/mateuszmrozowski.pl\/sklep\/kategoria-produktu\/kursy-online\/"},{"@type":"ListItem","position":4,"name":"Biznesowe Imperium &#8211; Pe\u0142na Wersja"}]},{"@type":"WebSite","@id":"https:\/\/mateuszmrozowski.pl\/sklep\/#website","url":"https:\/\/mateuszmrozowski.pl\/sklep\/","name":"Mateusz Mrozowski Trener biznesu","description":"Walcz\u0119 o wynik dla firm z kt\u00f3rymi wsp\u00f3\u0142pracuj\u0119.","publisher":{"@id":"https:\/\/mateuszmrozowski.pl\/sklep\/#organization"},"alternateName":"Mateusz Mrozowski","potentialAction":[{"@type":"SearchAction","target":{"@type":"EntryPoint","urlTemplate":"https:\/\/mateuszmrozowski.pl\/sklep\/?s={search_term_string}"},"query-input":{"@type":"PropertyValueSpecification","valueRequired":true,"valueName":"search_term_string"}}],"inLanguage":"pl-PL"},{"@type":"Organization","@id":"https:\/\/mateuszmrozowski.pl\/sklep\/#organization","name":"Mateusz Mrozowski Trener biznesu","alternateName":"Mateusz Mrozowski","url":"https:\/\/mateuszmrozowski.pl\/sklep\/","logo":{"@type":"ImageObject","inLanguage":"pl-PL","@id":"https:\/\/mateuszmrozowski.pl\/sklep\/#\/schema\/logo\/image\/","url":"https:\/\/mateuszmrozowski.pl\/sklep\/wp-content\/uploads\/2025\/03\/cropped-mateusz_mrozowski_logo.png","contentUrl":"https:\/\/mateuszmrozowski.pl\/sklep\/wp-content\/uploads\/2025\/03\/cropped-mateusz_mrozowski_logo.png","width":236,"height":59,"caption":"Mateusz Mrozowski Trener biznesu"},"image":{"@id":"https:\/\/mateuszmrozowski.pl\/sklep\/#\/schema\/logo\/image\/"},"sameAs":["https:\/\/www.facebook.com\/mateuszmrozowskisiewca","https:\/\/www.youtube.com\/channel\/UCI6FhECZ4GdL1TYU5oh5JDg","https:\/\/www.instagram.com\/mrozowski.siewca\/","https:\/\/www.linkedin.com\/in\/mateuszmrozowski\/","https:\/\/maps.app.goo.gl\/Ee8wtgr6gx2CjEM68","https:\/\/www.tiktok.com\/@mateuszmrozowskisiewca"]}]}},"_links":{"self":[{"href":"https:\/\/mateuszmrozowski.pl\/sklep\/wp-json\/wp\/v2\/product\/110","targetHints":{"allow":["GET"]}}],"collection":[{"href":"https:\/\/mateuszmrozowski.pl\/sklep\/wp-json\/wp\/v2\/product"}],"about":[{"href":"https:\/\/mateuszmrozowski.pl\/sklep\/wp-json\/wp\/v2\/types\/product"}],"wp:featuredmedia":[{"embeddable":true,"href":"https:\/\/mateuszmrozowski.pl\/sklep\/wp-json\/wp\/v2\/media\/3423"}],"wp:attachment":[{"href":"https:\/\/mateuszmrozowski.pl\/sklep\/wp-json\/wp\/v2\/media?parent=110"}],"wp:term":[{"taxonomy":"product_brand","embeddable":true,"href":"https:\/\/mateuszmrozowski.pl\/sklep\/wp-json\/wp\/v2\/product_brand?post=110"},{"taxonomy":"product_cat","embeddable":true,"href":"https:\/\/mateuszmrozowski.pl\/sklep\/wp-json\/wp\/v2\/product_cat?post=110"},{"taxonomy":"product_tag","embeddable":true,"href":"https:\/\/mateuszmrozowski.pl\/sklep\/wp-json\/wp\/v2\/product_tag?post=110"}],"curies":[{"name":"wp","href":"https:\/\/api.w.org\/{rel}","templated":true}]}}