{"id":105012,"date":"2026-03-30T14:54:37","date_gmt":"2026-03-30T14:54:37","guid":{"rendered":"https:\/\/mateuszmrozowski.pl\/sklep\/produkt\/kurs-zarzadzanie-w-praktyce\/"},"modified":"2026-03-30T14:59:21","modified_gmt":"2026-03-30T14:59:21","slug":"kurs-zarzadzanie-w-praktyce","status":"publish","type":"product","link":"https:\/\/mateuszmrozowski.pl\/sklep\/produkt\/kurs-zarzadzanie-w-praktyce\/","title":{"rendered":"Kurs &#8211; Zarz\u0105dzanie w Praktyce"},"content":{"rendered":"\n\n<div class=\"kk-star-ratings kksr-auto kksr-align-left kksr-valign-top kksr-disabled\"\n    data-payload='{&quot;align&quot;:&quot;left&quot;,&quot;id&quot;:&quot;105012&quot;,&quot;readonly&quot;:&quot;1&quot;,&quot;slug&quot;:&quot;default&quot;,&quot;valign&quot;:&quot;top&quot;,&quot;ignore&quot;:&quot;&quot;,&quot;reference&quot;:&quot;auto&quot;,&quot;class&quot;:&quot;&quot;,&quot;count&quot;:&quot;3&quot;,&quot;legendonly&quot;:&quot;&quot;,&quot;score&quot;:&quot;5&quot;,&quot;starsonly&quot;:&quot;&quot;,&quot;best&quot;:&quot;5&quot;,&quot;gap&quot;:&quot;5&quot;,&quot;greet&quot;:&quot;Wystaw ocen\u0119&quot;,&quot;legend&quot;:&quot;5\\\/5 - (3 ocen)&quot;,&quot;size&quot;:&quot;16&quot;,&quot;title&quot;:&quot;Kurs - Zarz\u0105dzanie w Praktyce&quot;,&quot;width&quot;:&quot;102.5&quot;,&quot;_legend&quot;:&quot;{score}\\\/{best} - ({count} ocen)&quot;,&quot;font_factor&quot;:&quot;1.25&quot;}'>\n            \n<div class=\"kksr-stars\">\n    \n<div class=\"kksr-stars-inactive\">\n            <div class=\"kksr-star\" data-star=\"1\" style=\"padding-right: 5px\">\n            \n\n<div class=\"kksr-icon\" style=\"width: 16px; height: 16px;\"><\/div>\n        <\/div>\n            <div class=\"kksr-star\" data-star=\"2\" style=\"padding-right: 5px\">\n            \n\n<div class=\"kksr-icon\" style=\"width: 16px; height: 16px;\"><\/div>\n        <\/div>\n            <div class=\"kksr-star\" data-star=\"3\" style=\"padding-right: 5px\">\n            \n\n<div class=\"kksr-icon\" style=\"width: 16px; height: 16px;\"><\/div>\n        <\/div>\n            <div class=\"kksr-star\" data-star=\"4\" style=\"padding-right: 5px\">\n            \n\n<div class=\"kksr-icon\" style=\"width: 16px; height: 16px;\"><\/div>\n        <\/div>\n            <div class=\"kksr-star\" data-star=\"5\" style=\"padding-right: 5px\">\n            \n\n<div class=\"kksr-icon\" style=\"width: 16px; height: 16px;\"><\/div>\n        <\/div>\n    <\/div>\n    \n<div class=\"kksr-stars-active\" style=\"width: 102.5px;\">\n            <div class=\"kksr-star\" style=\"padding-right: 5px\">\n            \n\n<div class=\"kksr-icon\" style=\"width: 16px; height: 16px;\"><\/div>\n        <\/div>\n            <div class=\"kksr-star\" style=\"padding-right: 5px\">\n            \n\n<div class=\"kksr-icon\" style=\"width: 16px; height: 16px;\"><\/div>\n        <\/div>\n            <div class=\"kksr-star\" style=\"padding-right: 5px\">\n            \n\n<div class=\"kksr-icon\" style=\"width: 16px; height: 16px;\"><\/div>\n        <\/div>\n            <div class=\"kksr-star\" style=\"padding-right: 5px\">\n            \n\n<div class=\"kksr-icon\" style=\"width: 16px; height: 16px;\"><\/div>\n        <\/div>\n            <div class=\"kksr-star\" style=\"padding-right: 5px\">\n            \n\n<div class=\"kksr-icon\" style=\"width: 16px; height: 16px;\"><\/div>\n        <\/div>\n    <\/div>\n<\/div>\n                \n\n<div class=\"kksr-legend\" style=\"font-size: 12.8px;\">\n            5\/5 - (3 ocen)    <\/div>\n    <\/div>\n<h2 data-start=\"1975\" data-end=\"2058\">Zarz\u0105dzanie w Praktyce<\/h2>\n<p data-start=\"2060\" data-end=\"2131\"><strong data-start=\"2060\" data-end=\"2131\">Zarz\u0105dzanie w Praktyce \u2013 Nagrania cyklu szkole\u0144 online z Mateuszem Mrozowskim<\/strong><\/p>\n<p data-start=\"2133\" data-end=\"2367\">Zarz\u0105dzanie w Praktyce to program dla manager\u00f3w i lider\u00f3w, kt\u00f3rzy chc\u0105 budowa\u0107 odpowiedzialne, zaanga\u017cowane zespo\u0142y. Podczas 6 lekcji poznasz sprawdzone metody, jak prowadzi\u0107 ludzi w dynamicznym \u015brodowisku i unika\u0107 wypalenia.<\/p>\n<h3 data-start=\"2754\" data-end=\"2782\"><strong data-start=\"2754\" data-end=\"2782\">Tematy szkole\u0144<\/strong><\/h3>\n<ol>\n<li data-start=\"2786\" data-end=\"2843\">Nie dowo\u017c\u0105 target\u00f3w? A czy wiedz\u0105, co maj\u0105 robi\u0107 w og\u00f3le?<\/li>\n<li data-start=\"2847\" data-end=\"2893\">Zesp\u00f3\u0142 handlowy czy grupa przypadkowych ludzi?<\/li>\n<li data-start=\"2897\" data-end=\"2951\">Jak dawa\u0107 trudny feedback, \u017ceby nie zniszczy\u0107 relacji?<\/li>\n<li data-start=\"2955\" data-end=\"3013\">Lider to nie stra\u017cak \u2013 jak przesta\u0107 gasi\u0107 po\u017cary w zespole<\/li>\n<li data-start=\"3017\" data-end=\"3079\">Nie chodzi o to, \u017ceby by\u0142o mi\u0142o \u2013 chodzi o to, \u017ceby by\u0142o jasno<\/li>\n<li data-start=\"3083\" data-end=\"3147\">Zesp\u00f3\u0142 si\u0119 wypali\u0142? A mo\u017ce po prostu Ty przesta\u0142e\u015b ich prowadzi\u0107<\/li>\n<\/ol>\n<h3 data-start=\"3304\" data-end=\"3438\"><strong data-start=\"3304\" data-end=\"3334\">Dla kogo jest ten kurs?<\/strong><\/h3>\n<p data-start=\"3304\" data-end=\"3438\">Cykl jest przeznaczony dla lider\u00f3w zespo\u0142\u00f3w sprzeda\u017cy, manager\u00f3w oraz os\u00f3b zarz\u0105dzaj\u0105cych prac\u0105 innych.<\/p>\n<h3 data-start=\"3440\" data-end=\"3459\"><strong data-start=\"3440\" data-end=\"3459\">Dlaczego warto?<\/strong><\/h3>\n<ul>\n<li data-start=\"1700\" data-end=\"1768\">Szkolenia prowadzi Mateusz Mrozowski &#8211; trener i praktyk sprzeda\u017cy<\/li>\n<li data-start=\"1771\" data-end=\"1837\">Nielimitowany dost\u0119p do materia\u0142\u00f3w \u2013 uczysz si\u0119 w swoim tempie<\/li>\n<li>Ka\u017cde szkolenie to konkretne techniki gotowe do wdro\u017cenia<\/li>\n<\/ul>\n","protected":false},"excerpt":{"rendered":"<p>Zarz\u0105dzanie w Praktyce Zarz\u0105dzanie w Praktyce \u2013 Nagrania cyklu szkole\u0144 online z Mateuszem Mrozowskim Zarz\u0105dzanie w Praktyce to program dla manager\u00f3w i lider\u00f3w, kt\u00f3rzy chc\u0105 budowa\u0107 odpowiedzialne, zaanga\u017cowane zespo\u0142y. Podczas 6 lekcji poznasz sprawdzone metody, jak prowadzi\u0107 ludzi w dynamicznym \u015brodowisku i unika\u0107 wypalenia. Tematy szkole\u0144 Nie dowo\u017c\u0105 target\u00f3w? A czy wiedz\u0105, co maj\u0105 robi\u0107 [&hellip;]<\/p>\n","protected":false},"featured_media":105009,"template":"","meta":{"_acf_changed":false,"content-type":""},"product_brand":[],"product_cat":[28],"product_tag":[],"class_list":{"0":"post-105012","1":"product","2":"type-product","3":"status-publish","4":"has-post-thumbnail","6":"product_cat-kursy-online","8":"first","9":"instock","10":"virtual","11":"sold-individually","12":"taxable","13":"purchasable","14":"product-type-simple"},"acf":[],"yoast_head":"<!-- This site is optimized with the Yoast SEO plugin v27.3 - https:\/\/yoast.com\/product\/yoast-seo-wordpress\/ -->\n<title>Kurs - Zarz\u0105dzanie w Praktyce - Mateusz Mrozowski Trener Biznesu<\/title>\n<meta name=\"description\" content=\"Kurs online | Praktycznie o Przyw\u00f3dztwie i Zarz\u0105dzaniu | 6 lekcji z Mateuszem Mrozowskim | Nielimitowany Dost\u0119p | Kup teraz &gt;&gt;\" \/>\n<meta name=\"robots\" content=\"index, follow, max-snippet:-1, max-image-preview:large, max-video-preview:-1\" \/>\n<link rel=\"canonical\" href=\"https:\/\/mateuszmrozowski.pl\/sklep\/produkt\/kurs-zarzadzanie-w-praktyce\/\" \/>\n<meta property=\"og:locale\" content=\"pl_PL\" \/>\n<meta property=\"og:type\" content=\"article\" \/>\n<meta property=\"og:title\" content=\"Kurs - Zarz\u0105dzanie w Praktyce - Mateusz Mrozowski Trener Biznesu\" \/>\n<meta property=\"og:description\" content=\"Kurs online | Praktycznie o Przyw\u00f3dztwie i Zarz\u0105dzaniu | 6 lekcji z Mateuszem Mrozowskim | Nielimitowany Dost\u0119p | Kup teraz &gt;&gt;\" \/>\n<meta property=\"og:url\" content=\"https:\/\/mateuszmrozowski.pl\/sklep\/produkt\/kurs-zarzadzanie-w-praktyce\/\" \/>\n<meta property=\"og:site_name\" content=\"Mateusz Mrozowski Trener Biznesu\" \/>\n<meta property=\"article:publisher\" content=\"https:\/\/www.facebook.com\/mateuszmrozowskisiewca\" \/>\n<meta property=\"article:modified_time\" content=\"2026-03-30T14:59:21+00:00\" \/>\n<meta property=\"og:image\" content=\"https:\/\/mateuszmrozowski.pl\/sklep\/wp-content\/uploads\/2026\/03\/zarzadzanie-w-praktyce-kurs.png\" \/>\n\t<meta property=\"og:image:width\" content=\"1080\" \/>\n\t<meta property=\"og:image:height\" content=\"1080\" \/>\n\t<meta property=\"og:image:type\" content=\"image\/png\" \/>\n<meta name=\"twitter:card\" content=\"summary_large_image\" \/>\n<meta name=\"twitter:label1\" content=\"Szacowany czas czytania\" \/>\n\t<meta name=\"twitter:data1\" content=\"2 minuty\" \/>\n<script type=\"application\/ld+json\" class=\"yoast-schema-graph\">{\"@context\":\"https:\\\/\\\/schema.org\",\"@graph\":[{\"@type\":\"WebPage\",\"@id\":\"https:\\\/\\\/mateuszmrozowski.pl\\\/sklep\\\/produkt\\\/kurs-zarzadzanie-w-praktyce\\\/\",\"url\":\"https:\\\/\\\/mateuszmrozowski.pl\\\/sklep\\\/produkt\\\/kurs-zarzadzanie-w-praktyce\\\/\",\"name\":\"Kurs - Zarz\u0105dzanie w Praktyce - Mateusz Mrozowski Trener Biznesu\",\"isPartOf\":{\"@id\":\"https:\\\/\\\/mateuszmrozowski.pl\\\/sklep\\\/#website\"},\"primaryImageOfPage\":{\"@id\":\"https:\\\/\\\/mateuszmrozowski.pl\\\/sklep\\\/produkt\\\/kurs-zarzadzanie-w-praktyce\\\/#primaryimage\"},\"image\":{\"@id\":\"https:\\\/\\\/mateuszmrozowski.pl\\\/sklep\\\/produkt\\\/kurs-zarzadzanie-w-praktyce\\\/#primaryimage\"},\"thumbnailUrl\":\"https:\\\/\\\/mateuszmrozowski.pl\\\/sklep\\\/wp-content\\\/uploads\\\/2026\\\/03\\\/zarzadzanie-w-praktyce-kurs.png\",\"datePublished\":\"2026-03-30T14:54:37+00:00\",\"dateModified\":\"2026-03-30T14:59:21+00:00\",\"description\":\"Kurs online | Praktycznie o Przyw\u00f3dztwie i Zarz\u0105dzaniu | 6 lekcji z Mateuszem Mrozowskim | Nielimitowany Dost\u0119p | Kup teraz >>\",\"breadcrumb\":{\"@id\":\"https:\\\/\\\/mateuszmrozowski.pl\\\/sklep\\\/produkt\\\/kurs-zarzadzanie-w-praktyce\\\/#breadcrumb\"},\"inLanguage\":\"pl-PL\",\"potentialAction\":[{\"@type\":\"ReadAction\",\"target\":[\"https:\\\/\\\/mateuszmrozowski.pl\\\/sklep\\\/produkt\\\/kurs-zarzadzanie-w-praktyce\\\/\"]}]},{\"@type\":\"ImageObject\",\"inLanguage\":\"pl-PL\",\"@id\":\"https:\\\/\\\/mateuszmrozowski.pl\\\/sklep\\\/produkt\\\/kurs-zarzadzanie-w-praktyce\\\/#primaryimage\",\"url\":\"https:\\\/\\\/mateuszmrozowski.pl\\\/sklep\\\/wp-content\\\/uploads\\\/2026\\\/03\\\/zarzadzanie-w-praktyce-kurs.png\",\"contentUrl\":\"https:\\\/\\\/mateuszmrozowski.pl\\\/sklep\\\/wp-content\\\/uploads\\\/2026\\\/03\\\/zarzadzanie-w-praktyce-kurs.png\",\"width\":1080,\"height\":1080},{\"@type\":\"BreadcrumbList\",\"@id\":\"https:\\\/\\\/mateuszmrozowski.pl\\\/sklep\\\/produkt\\\/kurs-zarzadzanie-w-praktyce\\\/#breadcrumb\",\"itemListElement\":[{\"@type\":\"ListItem\",\"position\":1,\"name\":\"Strona g\u0142\u00f3wna\",\"item\":\"https:\\\/\\\/mateuszmrozowski.pl\\\/sklep\\\/\"},{\"@type\":\"ListItem\",\"position\":2,\"name\":\"Szkolenia biznesowe i kursy sprzeda\u017cowe\",\"item\":\"https:\\\/\\\/mateuszmrozowski.pl\\\/sklep\\\/\"},{\"@type\":\"ListItem\",\"position\":3,\"name\":\"Kursy online\",\"item\":\"https:\\\/\\\/mateuszmrozowski.pl\\\/sklep\\\/kategoria-produktu\\\/kursy-online\\\/\"},{\"@type\":\"ListItem\",\"position\":4,\"name\":\"Kurs &#8211; Zarz\u0105dzanie w Praktyce\"}]},{\"@type\":\"WebSite\",\"@id\":\"https:\\\/\\\/mateuszmrozowski.pl\\\/sklep\\\/#website\",\"url\":\"https:\\\/\\\/mateuszmrozowski.pl\\\/sklep\\\/\",\"name\":\"Mateusz Mrozowski Trener biznesu\",\"description\":\"Walcz\u0119 o wynik dla firm z kt\u00f3rymi wsp\u00f3\u0142pracuj\u0119.\",\"publisher\":{\"@id\":\"https:\\\/\\\/mateuszmrozowski.pl\\\/sklep\\\/#organization\"},\"alternateName\":\"Mateusz Mrozowski\",\"potentialAction\":[{\"@type\":\"SearchAction\",\"target\":{\"@type\":\"EntryPoint\",\"urlTemplate\":\"https:\\\/\\\/mateuszmrozowski.pl\\\/sklep\\\/?s={search_term_string}\"},\"query-input\":{\"@type\":\"PropertyValueSpecification\",\"valueRequired\":true,\"valueName\":\"search_term_string\"}}],\"inLanguage\":\"pl-PL\"},{\"@type\":\"Organization\",\"@id\":\"https:\\\/\\\/mateuszmrozowski.pl\\\/sklep\\\/#organization\",\"name\":\"Mateusz Mrozowski Trener biznesu\",\"alternateName\":\"Mateusz Mrozowski\",\"url\":\"https:\\\/\\\/mateuszmrozowski.pl\\\/sklep\\\/\",\"logo\":{\"@type\":\"ImageObject\",\"inLanguage\":\"pl-PL\",\"@id\":\"https:\\\/\\\/mateuszmrozowski.pl\\\/sklep\\\/#\\\/schema\\\/logo\\\/image\\\/\",\"url\":\"https:\\\/\\\/mateuszmrozowski.pl\\\/sklep\\\/wp-content\\\/uploads\\\/2025\\\/03\\\/cropped-mateusz_mrozowski_logo.png\",\"contentUrl\":\"https:\\\/\\\/mateuszmrozowski.pl\\\/sklep\\\/wp-content\\\/uploads\\\/2025\\\/03\\\/cropped-mateusz_mrozowski_logo.png\",\"width\":236,\"height\":59,\"caption\":\"Mateusz Mrozowski Trener biznesu\"},\"image\":{\"@id\":\"https:\\\/\\\/mateuszmrozowski.pl\\\/sklep\\\/#\\\/schema\\\/logo\\\/image\\\/\"},\"sameAs\":[\"https:\\\/\\\/www.facebook.com\\\/mateuszmrozowskisiewca\",\"https:\\\/\\\/www.youtube.com\\\/channel\\\/UCI6FhECZ4GdL1TYU5oh5JDg\",\"https:\\\/\\\/www.instagram.com\\\/mrozowski.siewca\\\/\",\"https:\\\/\\\/www.linkedin.com\\\/in\\\/mateuszmrozowski\\\/\",\"https:\\\/\\\/maps.app.goo.gl\\\/Ee8wtgr6gx2CjEM68\",\"https:\\\/\\\/www.tiktok.com\\\/@mateuszmrozowskisiewca\"]}]}<\/script>\n<!-- \/ Yoast SEO plugin. -->","yoast_head_json":{"title":"Kurs - Zarz\u0105dzanie w Praktyce - Mateusz Mrozowski Trener Biznesu","description":"Kurs online | Praktycznie o Przyw\u00f3dztwie i Zarz\u0105dzaniu | 6 lekcji z Mateuszem Mrozowskim | Nielimitowany Dost\u0119p | Kup teraz >>","robots":{"index":"index","follow":"follow","max-snippet":"max-snippet:-1","max-image-preview":"max-image-preview:large","max-video-preview":"max-video-preview:-1"},"canonical":"https:\/\/mateuszmrozowski.pl\/sklep\/produkt\/kurs-zarzadzanie-w-praktyce\/","og_locale":"pl_PL","og_type":"article","og_title":"Kurs - Zarz\u0105dzanie w Praktyce - Mateusz Mrozowski Trener Biznesu","og_description":"Kurs online | Praktycznie o Przyw\u00f3dztwie i Zarz\u0105dzaniu | 6 lekcji z Mateuszem Mrozowskim | Nielimitowany Dost\u0119p | Kup teraz >>","og_url":"https:\/\/mateuszmrozowski.pl\/sklep\/produkt\/kurs-zarzadzanie-w-praktyce\/","og_site_name":"Mateusz Mrozowski Trener Biznesu","article_publisher":"https:\/\/www.facebook.com\/mateuszmrozowskisiewca","article_modified_time":"2026-03-30T14:59:21+00:00","og_image":[{"width":1080,"height":1080,"url":"https:\/\/mateuszmrozowski.pl\/sklep\/wp-content\/uploads\/2026\/03\/zarzadzanie-w-praktyce-kurs.png","type":"image\/png"}],"twitter_card":"summary_large_image","twitter_misc":{"Szacowany czas czytania":"2 minuty"},"schema":{"@context":"https:\/\/schema.org","@graph":[{"@type":"WebPage","@id":"https:\/\/mateuszmrozowski.pl\/sklep\/produkt\/kurs-zarzadzanie-w-praktyce\/","url":"https:\/\/mateuszmrozowski.pl\/sklep\/produkt\/kurs-zarzadzanie-w-praktyce\/","name":"Kurs - Zarz\u0105dzanie w Praktyce - Mateusz Mrozowski Trener Biznesu","isPartOf":{"@id":"https:\/\/mateuszmrozowski.pl\/sklep\/#website"},"primaryImageOfPage":{"@id":"https:\/\/mateuszmrozowski.pl\/sklep\/produkt\/kurs-zarzadzanie-w-praktyce\/#primaryimage"},"image":{"@id":"https:\/\/mateuszmrozowski.pl\/sklep\/produkt\/kurs-zarzadzanie-w-praktyce\/#primaryimage"},"thumbnailUrl":"https:\/\/mateuszmrozowski.pl\/sklep\/wp-content\/uploads\/2026\/03\/zarzadzanie-w-praktyce-kurs.png","datePublished":"2026-03-30T14:54:37+00:00","dateModified":"2026-03-30T14:59:21+00:00","description":"Kurs online | Praktycznie o Przyw\u00f3dztwie i Zarz\u0105dzaniu | 6 lekcji z Mateuszem Mrozowskim | Nielimitowany Dost\u0119p | Kup teraz >>","breadcrumb":{"@id":"https:\/\/mateuszmrozowski.pl\/sklep\/produkt\/kurs-zarzadzanie-w-praktyce\/#breadcrumb"},"inLanguage":"pl-PL","potentialAction":[{"@type":"ReadAction","target":["https:\/\/mateuszmrozowski.pl\/sklep\/produkt\/kurs-zarzadzanie-w-praktyce\/"]}]},{"@type":"ImageObject","inLanguage":"pl-PL","@id":"https:\/\/mateuszmrozowski.pl\/sklep\/produkt\/kurs-zarzadzanie-w-praktyce\/#primaryimage","url":"https:\/\/mateuszmrozowski.pl\/sklep\/wp-content\/uploads\/2026\/03\/zarzadzanie-w-praktyce-kurs.png","contentUrl":"https:\/\/mateuszmrozowski.pl\/sklep\/wp-content\/uploads\/2026\/03\/zarzadzanie-w-praktyce-kurs.png","width":1080,"height":1080},{"@type":"BreadcrumbList","@id":"https:\/\/mateuszmrozowski.pl\/sklep\/produkt\/kurs-zarzadzanie-w-praktyce\/#breadcrumb","itemListElement":[{"@type":"ListItem","position":1,"name":"Strona g\u0142\u00f3wna","item":"https:\/\/mateuszmrozowski.pl\/sklep\/"},{"@type":"ListItem","position":2,"name":"Szkolenia biznesowe i kursy sprzeda\u017cowe","item":"https:\/\/mateuszmrozowski.pl\/sklep\/"},{"@type":"ListItem","position":3,"name":"Kursy online","item":"https:\/\/mateuszmrozowski.pl\/sklep\/kategoria-produktu\/kursy-online\/"},{"@type":"ListItem","position":4,"name":"Kurs &#8211; Zarz\u0105dzanie w Praktyce"}]},{"@type":"WebSite","@id":"https:\/\/mateuszmrozowski.pl\/sklep\/#website","url":"https:\/\/mateuszmrozowski.pl\/sklep\/","name":"Mateusz Mrozowski Trener biznesu","description":"Walcz\u0119 o wynik dla firm z kt\u00f3rymi wsp\u00f3\u0142pracuj\u0119.","publisher":{"@id":"https:\/\/mateuszmrozowski.pl\/sklep\/#organization"},"alternateName":"Mateusz Mrozowski","potentialAction":[{"@type":"SearchAction","target":{"@type":"EntryPoint","urlTemplate":"https:\/\/mateuszmrozowski.pl\/sklep\/?s={search_term_string}"},"query-input":{"@type":"PropertyValueSpecification","valueRequired":true,"valueName":"search_term_string"}}],"inLanguage":"pl-PL"},{"@type":"Organization","@id":"https:\/\/mateuszmrozowski.pl\/sklep\/#organization","name":"Mateusz Mrozowski Trener biznesu","alternateName":"Mateusz Mrozowski","url":"https:\/\/mateuszmrozowski.pl\/sklep\/","logo":{"@type":"ImageObject","inLanguage":"pl-PL","@id":"https:\/\/mateuszmrozowski.pl\/sklep\/#\/schema\/logo\/image\/","url":"https:\/\/mateuszmrozowski.pl\/sklep\/wp-content\/uploads\/2025\/03\/cropped-mateusz_mrozowski_logo.png","contentUrl":"https:\/\/mateuszmrozowski.pl\/sklep\/wp-content\/uploads\/2025\/03\/cropped-mateusz_mrozowski_logo.png","width":236,"height":59,"caption":"Mateusz Mrozowski Trener biznesu"},"image":{"@id":"https:\/\/mateuszmrozowski.pl\/sklep\/#\/schema\/logo\/image\/"},"sameAs":["https:\/\/www.facebook.com\/mateuszmrozowskisiewca","https:\/\/www.youtube.com\/channel\/UCI6FhECZ4GdL1TYU5oh5JDg","https:\/\/www.instagram.com\/mrozowski.siewca\/","https:\/\/www.linkedin.com\/in\/mateuszmrozowski\/","https:\/\/maps.app.goo.gl\/Ee8wtgr6gx2CjEM68","https:\/\/www.tiktok.com\/@mateuszmrozowskisiewca"]}]}},"_links":{"self":[{"href":"https:\/\/mateuszmrozowski.pl\/sklep\/wp-json\/wp\/v2\/product\/105012","targetHints":{"allow":["GET"]}}],"collection":[{"href":"https:\/\/mateuszmrozowski.pl\/sklep\/wp-json\/wp\/v2\/product"}],"about":[{"href":"https:\/\/mateuszmrozowski.pl\/sklep\/wp-json\/wp\/v2\/types\/product"}],"wp:featuredmedia":[{"embeddable":true,"href":"https:\/\/mateuszmrozowski.pl\/sklep\/wp-json\/wp\/v2\/media\/105009"}],"wp:attachment":[{"href":"https:\/\/mateuszmrozowski.pl\/sklep\/wp-json\/wp\/v2\/media?parent=105012"}],"wp:term":[{"taxonomy":"product_brand","embeddable":true,"href":"https:\/\/mateuszmrozowski.pl\/sklep\/wp-json\/wp\/v2\/product_brand?post=105012"},{"taxonomy":"product_cat","embeddable":true,"href":"https:\/\/mateuszmrozowski.pl\/sklep\/wp-json\/wp\/v2\/product_cat?post=105012"},{"taxonomy":"product_tag","embeddable":true,"href":"https:\/\/mateuszmrozowski.pl\/sklep\/wp-json\/wp\/v2\/product_tag?post=105012"}],"curies":[{"name":"wp","href":"https:\/\/api.w.org\/{rel}","templated":true}]}}