{"id":104091,"date":"2025-09-29T16:44:40","date_gmt":"2025-09-29T16:44:40","guid":{"rendered":"https:\/\/mateuszmrozowski.pl\/sklep\/?post_type=product&#038;p=104091"},"modified":"2026-03-28T14:50:33","modified_gmt":"2026-03-28T14:50:33","slug":"szkolenie-sprzedaz-odporna-na-kryzys","status":"publish","type":"product","link":"https:\/\/mateuszmrozowski.pl\/sklep\/produkt\/szkolenie-sprzedaz-odporna-na-kryzys\/","title":{"rendered":"Nagranie Konferencji &#8222;Sprzeda\u017c Odporna na Kryzys&#8221;"},"content":{"rendered":"\n\n<div class=\"kk-star-ratings kksr-auto kksr-align-left kksr-valign-top kksr-disabled\"\n    data-payload='{&quot;align&quot;:&quot;left&quot;,&quot;id&quot;:&quot;104091&quot;,&quot;readonly&quot;:&quot;1&quot;,&quot;slug&quot;:&quot;default&quot;,&quot;valign&quot;:&quot;top&quot;,&quot;ignore&quot;:&quot;&quot;,&quot;reference&quot;:&quot;auto&quot;,&quot;class&quot;:&quot;&quot;,&quot;count&quot;:&quot;35&quot;,&quot;legendonly&quot;:&quot;&quot;,&quot;score&quot;:&quot;5&quot;,&quot;starsonly&quot;:&quot;&quot;,&quot;best&quot;:&quot;5&quot;,&quot;gap&quot;:&quot;5&quot;,&quot;greet&quot;:&quot;Wystaw ocen\u0119&quot;,&quot;legend&quot;:&quot;5\\\/5 - (35 ocen)&quot;,&quot;size&quot;:&quot;16&quot;,&quot;title&quot;:&quot;Nagranie Konferencji \\u0026quot;Sprzeda\u017c Odporna na Kryzys\\u0026quot;&quot;,&quot;width&quot;:&quot;102.5&quot;,&quot;_legend&quot;:&quot;{score}\\\/{best} - ({count} ocen)&quot;,&quot;font_factor&quot;:&quot;1.25&quot;}'>\n            \n<div class=\"kksr-stars\">\n    \n<div class=\"kksr-stars-inactive\">\n            <div class=\"kksr-star\" data-star=\"1\" style=\"padding-right: 5px\">\n            \n\n<div class=\"kksr-icon\" style=\"width: 16px; height: 16px;\"><\/div>\n        <\/div>\n            <div class=\"kksr-star\" data-star=\"2\" style=\"padding-right: 5px\">\n            \n\n<div class=\"kksr-icon\" style=\"width: 16px; height: 16px;\"><\/div>\n        <\/div>\n            <div class=\"kksr-star\" data-star=\"3\" style=\"padding-right: 5px\">\n            \n\n<div class=\"kksr-icon\" style=\"width: 16px; height: 16px;\"><\/div>\n        <\/div>\n            <div class=\"kksr-star\" data-star=\"4\" style=\"padding-right: 5px\">\n            \n\n<div class=\"kksr-icon\" style=\"width: 16px; height: 16px;\"><\/div>\n        <\/div>\n            <div class=\"kksr-star\" data-star=\"5\" style=\"padding-right: 5px\">\n            \n\n<div class=\"kksr-icon\" style=\"width: 16px; height: 16px;\"><\/div>\n        <\/div>\n    <\/div>\n    \n<div class=\"kksr-stars-active\" style=\"width: 102.5px;\">\n            <div class=\"kksr-star\" style=\"padding-right: 5px\">\n            \n\n<div class=\"kksr-icon\" style=\"width: 16px; height: 16px;\"><\/div>\n        <\/div>\n            <div class=\"kksr-star\" style=\"padding-right: 5px\">\n            \n\n<div class=\"kksr-icon\" style=\"width: 16px; height: 16px;\"><\/div>\n        <\/div>\n            <div class=\"kksr-star\" style=\"padding-right: 5px\">\n            \n\n<div class=\"kksr-icon\" style=\"width: 16px; height: 16px;\"><\/div>\n        <\/div>\n            <div class=\"kksr-star\" style=\"padding-right: 5px\">\n            \n\n<div class=\"kksr-icon\" style=\"width: 16px; height: 16px;\"><\/div>\n        <\/div>\n            <div class=\"kksr-star\" style=\"padding-right: 5px\">\n            \n\n<div class=\"kksr-icon\" style=\"width: 16px; height: 16px;\"><\/div>\n        <\/div>\n    <\/div>\n<\/div>\n                \n\n<div class=\"kksr-legend\" style=\"font-size: 12.8px;\">\n            5\/5 - (35 ocen)    <\/div>\n    <\/div>\n<h2><strong>Nagranie konferencji <\/strong><strong>z Mateuszem Mrozowskim\u00a0<\/strong><\/h2>\n<h2><strong>&#8222;<\/strong><strong>Sprzeda\u017c odporna na kryzys: Jak dociera\u0107 do klient\u00f3w, gdy rynek wariuje<\/strong><strong>&#8221;\u00a0<\/strong><\/h2>\n<div data-sentry-component=\"P\" data-sentry-source-file=\"p.tsx\">\n<div class=\"mb-1 mt-2 whitespace-pre-line leading-relaxed first:mt-0\" data-sentry-component=\"P\" data-sentry-source-file=\"p.tsx\"><strong>Niepewno\u015b\u0107, presja cenowa, rosn\u0105ce oczekiwania klient\u00f3w, dynamiczne zmiany rynkowe \u2013<\/strong> to codzienno\u015b\u0107 wsp\u00f3\u0142czesnych handlowc\u00f3w i manager\u00f3w. W takich warunkach tradycyjne metody sprzeda\u017cy zawodz\u0105, a \u201eprzetrwanie\u201d to za ma\u0142o. Potrzebujesz wiedzy, narz\u0119dzi i odporno\u015bci, kt\u00f3re pozwol\u0105 Ci <strong>skutecznie dociera\u0107 do klient\u00f3w i realizowa\u0107 cele nawet wtedy, gdy rynek wariuje<\/strong>.<\/div>\n<div class=\"mb-1 mt-2 whitespace-pre-line leading-relaxed first:mt-0\" data-sentry-component=\"P\" data-sentry-source-file=\"p.tsx\">Ta konferencja to intensywny dzie\u0144 praktycznych inspiracji i sprawdzonych rozwi\u0105za\u0144, kt\u00f3re mo\u017cesz wdro\u017cy\u0107 od razu.<\/div>\n<div data-sentry-component=\"P\" data-sentry-source-file=\"p.tsx\"><\/div>\n<div class=\"mb-1 mt-2 whitespace-pre-line leading-relaxed first:mt-0\" data-sentry-component=\"P\" data-sentry-source-file=\"p.tsx\"><strong>Bez pustych hase\u0142, bez teoretyzowania \u2013 tylko to, co dzia\u0142a w realnym biznesie.<\/strong><\/div>\n<\/div>\n<div data-sentry-component=\"P\" data-sentry-source-file=\"p.tsx\"><\/div>\n<div data-sentry-component=\"P\" data-sentry-source-file=\"p.tsx\">\n<hr \/>\n<h4>Czego si\u0119 nauczysz?<\/h4>\n<ul>\n<li>Jak budowa\u0107\u00a0<strong>odporno\u015b\u0107 sprzeda\u017cow\u0105<\/strong>\u00a0\u2013 zar\u00f3wno indywidualn\u0105, jak i zespo\u0142ow\u0105.<\/li>\n<li>Jak wykorzystywa\u0107\u00a0<strong>neurotechniki i psychologi\u0119 sprzeda\u017cy<\/strong>\u00a0w codziennej pracy z klientem.<\/li>\n<li>Jak\u00a0<strong>dociera\u0107 do klient\u00f3w<\/strong> w czasach chaosu, gdy standardowe metody przestaj\u0105 dzia\u0142a\u0107.<\/li>\n<li>Jak tworzy\u0107 procesy i skrypty, kt\u00f3re pozwalaj\u0105 utrzyma\u0107 skuteczno\u015b\u0107 nawet w najtrudniejszych warunkach.<\/li>\n<li>Jak neutralizowa\u0107 obiekcje i domyka\u0107 sprzeda\u017c bez presji, manipulacji i \u201ewciskania\u201d.<\/li>\n<li>Jak budowa\u0107\u00a0<strong>d\u0142ugofalowe relacje z klientami<\/strong>, kt\u00f3re przetrwaj\u0105 ka\u017cd\u0105 burz\u0119 rynkow\u0105.<\/li>\n<\/ul>\n<hr \/>\n<\/div>\n<div class=\"mb-1 mt-2 whitespace-pre-line leading-relaxed first:mt-0\" data-sentry-component=\"P\" data-sentry-source-file=\"p.tsx\">W \u015bwiecie, w kt\u00f3rym wszystko mo\u017ce si\u0119 zmieni\u0107 z dnia na dzie\u0144, skuteczna sprzeda\u017c wymaga nie tylko wiedzy i technik, ale przede wszystkim odporno\u015bci. Ta konferencja to praktyczny przewodnik dla handlowc\u00f3w, manager\u00f3w i przedsi\u0119biorc\u00f3w, kt\u00f3rzy chc\u0105 nie tylko przetrwa\u0107 \u2013 ale skutecznie dociera\u0107 do klient\u00f3w, nawet gdy rynek wariuje.<\/div>\n<div data-sentry-component=\"P\" data-sentry-source-file=\"p.tsx\"><\/div>\n<div class=\"mb-1 mt-2 whitespace-pre-line leading-relaxed first:mt-0\" data-sentry-component=\"P\" data-sentry-source-file=\"p.tsx\"><strong>Neuroodporno\u015b\u0107 Sprzeda\u017cowa<\/strong><br \/>\nJak budowa\u0107 odporno\u015b\u0107 handlowca i zespo\u0142u w \u015bwiecie niepewno\u015bci? Poznasz praktyczne zastosowanie neuronauki i psychologii w codziennej pracy sprzeda\u017cowej.<\/div>\n<ul>\n<li>Jak zarz\u0105dza\u0107 emocjami, stresem i presj\u0105, gdy rynek wariuje?<\/li>\n<li>Jak wykorzysta\u0107 mechanizmy m\u00f3zgu do utrzymania motywacji i skuteczno\u015bci?<\/li>\n<\/ul>\n<div class=\"mb-1 mt-2 whitespace-pre-line leading-relaxed first:mt-0\" data-sentry-component=\"P\" data-sentry-source-file=\"p.tsx\"><strong>Skuteczne Procesy i Skrypty na Trudne Czasy<\/strong><br \/>\nJak zbudowa\u0107 proces sprzeda\u017cy, kt\u00f3ry dzia\u0142a nawet wtedy, gdy klienci s\u0105 ostro\u017cni, a konkurencja walczy cen\u0105?<\/div>\n<ul>\n<li>Praktyczne wzorce skutecznych proces\u00f3w sprzeda\u017cowych na niepewnym rynku<\/li>\n<li>Tworzenie i wdra\u017canie skrypt\u00f3w rozm\u00f3w, kt\u00f3re otwieraj\u0105 drzwi i prowadz\u0105 do decyzji<\/li>\n<li>Sztuka elastycznego reagowania na nowe typy obiekcji<\/li>\n<\/ul>\n<div class=\"mb-1 mt-2 whitespace-pre-line leading-relaxed first:mt-0\" data-sentry-component=\"P\" data-sentry-source-file=\"p.tsx\"><strong>Neutralizacja Obiekcji i Zamkni\u0119cie Sprzeda\u017cy bez Presji<\/strong><br \/>\nJak skutecznie przechodzi\u0107 przez \u201enie kupuj\u0119, bo\u2026\u201d i zamienia\u0107 op\u00f3r w decyzj\u0119 zakupow\u0105, bez manipulacji i presji?<\/div>\n<ul>\n<li>Nowoczesne techniki neutralizacji obiekcji w duchu partnerskim<\/li>\n<li>Sztuka domykania sprzeda\u017cy w trudnych czasach<\/li>\n<li>Jak budowa\u0107 relacje i zaufanie nawet, gdy klient jest nieufny lub przeci\u0105\u017cony informacj\u0105<\/li>\n<\/ul>\n","protected":false},"excerpt":{"rendered":"<p>Kolejna nasza Konferencja na \u017cywo &#8211; Zapewnij sobie miejsce ju\u017c dzi\u015b!<\/p>\n","protected":false},"featured_media":104367,"template":"","meta":{"_acf_changed":false,"content-type":""},"product_brand":[],"product_cat":[19,114],"product_tag":[131],"class_list":{"0":"post-104091","1":"product","2":"type-product","3":"status-publish","4":"has-post-thumbnail","6":"product_cat-szkolenia-otwarte","7":"product_cat-wszystkie-produkty","8":"product_tag-marketing","10":"first","11":"instock","12":"virtual","13":"sold-individually","14":"taxable","15":"purchasable","16":"product-type-simple"},"acf":[],"yoast_head":"<!-- This site is optimized with the Yoast SEO plugin v27.3 - https:\/\/yoast.com\/product\/yoast-seo-wordpress\/ -->\n<title>Sprzeda\u017c Odporna na Kryzys [Nagranie Konferencji]<\/title>\n<meta name=\"description\" content=\"Nagranie Konferencji | Dla Ciebie i Twojego Zespo\u0142u | Neuronauka w Biznesie i Sprzeda\u017cy | Nielimitowany Dost\u0119p | Kup teraz &gt;&gt;\" \/>\n<meta name=\"robots\" content=\"noindex, nofollow\" \/>\n<meta property=\"og:locale\" content=\"pl_PL\" \/>\n<meta property=\"og:type\" content=\"article\" \/>\n<meta property=\"og:title\" content=\"Sprzeda\u017c Odporna na Kryzys [Nagranie Konferencji]\" \/>\n<meta property=\"og:description\" content=\"Nagranie Konferencji | Dla Ciebie i Twojego Zespo\u0142u | Neuronauka w Biznesie i Sprzeda\u017cy | Nielimitowany Dost\u0119p | Kup teraz &gt;&gt;\" \/>\n<meta property=\"og:url\" content=\"https:\/\/mateuszmrozowski.pl\/sklep\/produkt\/szkolenie-sprzedaz-odporna-na-kryzys\/\" \/>\n<meta property=\"og:site_name\" content=\"Mateusz Mrozowski Trener Biznesu\" \/>\n<meta property=\"article:publisher\" content=\"https:\/\/www.facebook.com\/mateuszmrozowskisiewca\" \/>\n<meta property=\"article:modified_time\" content=\"2026-03-28T14:50:33+00:00\" \/>\n<meta property=\"og:image\" content=\"https:\/\/mateuszmrozowski.pl\/sklep\/wp-content\/uploads\/2025\/09\/Konferencja-sprzedazowa-mrozowski.png\" \/>\n\t<meta property=\"og:image:width\" content=\"2000\" \/>\n\t<meta property=\"og:image:height\" content=\"2000\" \/>\n\t<meta property=\"og:image:type\" content=\"image\/png\" \/>\n<meta name=\"twitter:card\" content=\"summary_large_image\" \/>\n<meta name=\"twitter:label1\" content=\"Szacowany czas czytania\" \/>\n\t<meta name=\"twitter:data1\" content=\"3 minuty\" \/>\n<script type=\"application\/ld+json\" class=\"yoast-schema-graph\">{\"@context\":\"https:\\\/\\\/schema.org\",\"@graph\":[{\"@type\":\"WebPage\",\"@id\":\"https:\\\/\\\/mateuszmrozowski.pl\\\/sklep\\\/produkt\\\/szkolenie-sprzedaz-odporna-na-kryzys\\\/\",\"url\":\"https:\\\/\\\/mateuszmrozowski.pl\\\/sklep\\\/produkt\\\/szkolenie-sprzedaz-odporna-na-kryzys\\\/\",\"name\":\"Sprzeda\u017c Odporna na Kryzys [Nagranie Konferencji]\",\"isPartOf\":{\"@id\":\"https:\\\/\\\/mateuszmrozowski.pl\\\/sklep\\\/#website\"},\"primaryImageOfPage\":{\"@id\":\"https:\\\/\\\/mateuszmrozowski.pl\\\/sklep\\\/produkt\\\/szkolenie-sprzedaz-odporna-na-kryzys\\\/#primaryimage\"},\"image\":{\"@id\":\"https:\\\/\\\/mateuszmrozowski.pl\\\/sklep\\\/produkt\\\/szkolenie-sprzedaz-odporna-na-kryzys\\\/#primaryimage\"},\"thumbnailUrl\":\"https:\\\/\\\/mateuszmrozowski.pl\\\/sklep\\\/wp-content\\\/uploads\\\/2025\\\/09\\\/Konferencja-sprzedazowa-mrozowski.png\",\"datePublished\":\"2025-09-29T16:44:40+00:00\",\"dateModified\":\"2026-03-28T14:50:33+00:00\",\"description\":\"Nagranie Konferencji | Dla Ciebie i Twojego Zespo\u0142u | Neuronauka w Biznesie i Sprzeda\u017cy | Nielimitowany Dost\u0119p | Kup teraz >>\",\"breadcrumb\":{\"@id\":\"https:\\\/\\\/mateuszmrozowski.pl\\\/sklep\\\/produkt\\\/szkolenie-sprzedaz-odporna-na-kryzys\\\/#breadcrumb\"},\"inLanguage\":\"pl-PL\",\"potentialAction\":[{\"@type\":\"ReadAction\",\"target\":[\"https:\\\/\\\/mateuszmrozowski.pl\\\/sklep\\\/produkt\\\/szkolenie-sprzedaz-odporna-na-kryzys\\\/\"]}]},{\"@type\":\"ImageObject\",\"inLanguage\":\"pl-PL\",\"@id\":\"https:\\\/\\\/mateuszmrozowski.pl\\\/sklep\\\/produkt\\\/szkolenie-sprzedaz-odporna-na-kryzys\\\/#primaryimage\",\"url\":\"https:\\\/\\\/mateuszmrozowski.pl\\\/sklep\\\/wp-content\\\/uploads\\\/2025\\\/09\\\/Konferencja-sprzedazowa-mrozowski.png\",\"contentUrl\":\"https:\\\/\\\/mateuszmrozowski.pl\\\/sklep\\\/wp-content\\\/uploads\\\/2025\\\/09\\\/Konferencja-sprzedazowa-mrozowski.png\",\"width\":2000,\"height\":2000},{\"@type\":\"BreadcrumbList\",\"@id\":\"https:\\\/\\\/mateuszmrozowski.pl\\\/sklep\\\/produkt\\\/szkolenie-sprzedaz-odporna-na-kryzys\\\/#breadcrumb\",\"itemListElement\":[{\"@type\":\"ListItem\",\"position\":1,\"name\":\"Strona g\u0142\u00f3wna\",\"item\":\"https:\\\/\\\/mateuszmrozowski.pl\\\/sklep\\\/\"},{\"@type\":\"ListItem\",\"position\":2,\"name\":\"Szkolenia biznesowe i kursy sprzeda\u017cowe\",\"item\":\"https:\\\/\\\/mateuszmrozowski.pl\\\/sklep\\\/\"},{\"@type\":\"ListItem\",\"position\":3,\"name\":\"Szkolenia otwarte\",\"item\":\"https:\\\/\\\/mateuszmrozowski.pl\\\/sklep\\\/kategoria-produktu\\\/szkolenia-otwarte\\\/\"},{\"@type\":\"ListItem\",\"position\":4,\"name\":\"Nagranie Konferencji &#8222;Sprzeda\u017c Odporna na Kryzys&#8221;\"}]},{\"@type\":\"WebSite\",\"@id\":\"https:\\\/\\\/mateuszmrozowski.pl\\\/sklep\\\/#website\",\"url\":\"https:\\\/\\\/mateuszmrozowski.pl\\\/sklep\\\/\",\"name\":\"Mateusz Mrozowski Trener biznesu\",\"description\":\"Walcz\u0119 o wynik dla firm z kt\u00f3rymi wsp\u00f3\u0142pracuj\u0119.\",\"publisher\":{\"@id\":\"https:\\\/\\\/mateuszmrozowski.pl\\\/sklep\\\/#organization\"},\"alternateName\":\"Mateusz Mrozowski\",\"potentialAction\":[{\"@type\":\"SearchAction\",\"target\":{\"@type\":\"EntryPoint\",\"urlTemplate\":\"https:\\\/\\\/mateuszmrozowski.pl\\\/sklep\\\/?s={search_term_string}\"},\"query-input\":{\"@type\":\"PropertyValueSpecification\",\"valueRequired\":true,\"valueName\":\"search_term_string\"}}],\"inLanguage\":\"pl-PL\"},{\"@type\":\"Organization\",\"@id\":\"https:\\\/\\\/mateuszmrozowski.pl\\\/sklep\\\/#organization\",\"name\":\"Mateusz Mrozowski Trener biznesu\",\"alternateName\":\"Mateusz Mrozowski\",\"url\":\"https:\\\/\\\/mateuszmrozowski.pl\\\/sklep\\\/\",\"logo\":{\"@type\":\"ImageObject\",\"inLanguage\":\"pl-PL\",\"@id\":\"https:\\\/\\\/mateuszmrozowski.pl\\\/sklep\\\/#\\\/schema\\\/logo\\\/image\\\/\",\"url\":\"https:\\\/\\\/mateuszmrozowski.pl\\\/sklep\\\/wp-content\\\/uploads\\\/2025\\\/03\\\/cropped-mateusz_mrozowski_logo.png\",\"contentUrl\":\"https:\\\/\\\/mateuszmrozowski.pl\\\/sklep\\\/wp-content\\\/uploads\\\/2025\\\/03\\\/cropped-mateusz_mrozowski_logo.png\",\"width\":236,\"height\":59,\"caption\":\"Mateusz Mrozowski Trener biznesu\"},\"image\":{\"@id\":\"https:\\\/\\\/mateuszmrozowski.pl\\\/sklep\\\/#\\\/schema\\\/logo\\\/image\\\/\"},\"sameAs\":[\"https:\\\/\\\/www.facebook.com\\\/mateuszmrozowskisiewca\",\"https:\\\/\\\/www.youtube.com\\\/channel\\\/UCI6FhECZ4GdL1TYU5oh5JDg\",\"https:\\\/\\\/www.instagram.com\\\/mrozowski.siewca\\\/\",\"https:\\\/\\\/www.linkedin.com\\\/in\\\/mateuszmrozowski\\\/\",\"https:\\\/\\\/maps.app.goo.gl\\\/Ee8wtgr6gx2CjEM68\",\"https:\\\/\\\/www.tiktok.com\\\/@mateuszmrozowskisiewca\"]}]}<\/script>\n<!-- \/ Yoast SEO plugin. -->","yoast_head_json":{"title":"Sprzeda\u017c Odporna na Kryzys [Nagranie Konferencji]","description":"Nagranie Konferencji | Dla Ciebie i Twojego Zespo\u0142u | Neuronauka w Biznesie i Sprzeda\u017cy | Nielimitowany Dost\u0119p | Kup teraz >>","robots":{"index":"noindex","follow":"nofollow"},"og_locale":"pl_PL","og_type":"article","og_title":"Sprzeda\u017c Odporna na Kryzys [Nagranie Konferencji]","og_description":"Nagranie Konferencji | Dla Ciebie i Twojego Zespo\u0142u | Neuronauka w Biznesie i Sprzeda\u017cy | Nielimitowany Dost\u0119p | Kup teraz >>","og_url":"https:\/\/mateuszmrozowski.pl\/sklep\/produkt\/szkolenie-sprzedaz-odporna-na-kryzys\/","og_site_name":"Mateusz Mrozowski Trener Biznesu","article_publisher":"https:\/\/www.facebook.com\/mateuszmrozowskisiewca","article_modified_time":"2026-03-28T14:50:33+00:00","og_image":[{"width":2000,"height":2000,"url":"https:\/\/mateuszmrozowski.pl\/sklep\/wp-content\/uploads\/2025\/09\/Konferencja-sprzedazowa-mrozowski.png","type":"image\/png"}],"twitter_card":"summary_large_image","twitter_misc":{"Szacowany czas czytania":"3 minuty"},"schema":{"@context":"https:\/\/schema.org","@graph":[{"@type":"WebPage","@id":"https:\/\/mateuszmrozowski.pl\/sklep\/produkt\/szkolenie-sprzedaz-odporna-na-kryzys\/","url":"https:\/\/mateuszmrozowski.pl\/sklep\/produkt\/szkolenie-sprzedaz-odporna-na-kryzys\/","name":"Sprzeda\u017c Odporna na Kryzys [Nagranie Konferencji]","isPartOf":{"@id":"https:\/\/mateuszmrozowski.pl\/sklep\/#website"},"primaryImageOfPage":{"@id":"https:\/\/mateuszmrozowski.pl\/sklep\/produkt\/szkolenie-sprzedaz-odporna-na-kryzys\/#primaryimage"},"image":{"@id":"https:\/\/mateuszmrozowski.pl\/sklep\/produkt\/szkolenie-sprzedaz-odporna-na-kryzys\/#primaryimage"},"thumbnailUrl":"https:\/\/mateuszmrozowski.pl\/sklep\/wp-content\/uploads\/2025\/09\/Konferencja-sprzedazowa-mrozowski.png","datePublished":"2025-09-29T16:44:40+00:00","dateModified":"2026-03-28T14:50:33+00:00","description":"Nagranie Konferencji | Dla Ciebie i Twojego Zespo\u0142u | Neuronauka w Biznesie i Sprzeda\u017cy | Nielimitowany Dost\u0119p | Kup teraz >>","breadcrumb":{"@id":"https:\/\/mateuszmrozowski.pl\/sklep\/produkt\/szkolenie-sprzedaz-odporna-na-kryzys\/#breadcrumb"},"inLanguage":"pl-PL","potentialAction":[{"@type":"ReadAction","target":["https:\/\/mateuszmrozowski.pl\/sklep\/produkt\/szkolenie-sprzedaz-odporna-na-kryzys\/"]}]},{"@type":"ImageObject","inLanguage":"pl-PL","@id":"https:\/\/mateuszmrozowski.pl\/sklep\/produkt\/szkolenie-sprzedaz-odporna-na-kryzys\/#primaryimage","url":"https:\/\/mateuszmrozowski.pl\/sklep\/wp-content\/uploads\/2025\/09\/Konferencja-sprzedazowa-mrozowski.png","contentUrl":"https:\/\/mateuszmrozowski.pl\/sklep\/wp-content\/uploads\/2025\/09\/Konferencja-sprzedazowa-mrozowski.png","width":2000,"height":2000},{"@type":"BreadcrumbList","@id":"https:\/\/mateuszmrozowski.pl\/sklep\/produkt\/szkolenie-sprzedaz-odporna-na-kryzys\/#breadcrumb","itemListElement":[{"@type":"ListItem","position":1,"name":"Strona g\u0142\u00f3wna","item":"https:\/\/mateuszmrozowski.pl\/sklep\/"},{"@type":"ListItem","position":2,"name":"Szkolenia biznesowe i kursy sprzeda\u017cowe","item":"https:\/\/mateuszmrozowski.pl\/sklep\/"},{"@type":"ListItem","position":3,"name":"Szkolenia otwarte","item":"https:\/\/mateuszmrozowski.pl\/sklep\/kategoria-produktu\/szkolenia-otwarte\/"},{"@type":"ListItem","position":4,"name":"Nagranie Konferencji &#8222;Sprzeda\u017c Odporna na Kryzys&#8221;"}]},{"@type":"WebSite","@id":"https:\/\/mateuszmrozowski.pl\/sklep\/#website","url":"https:\/\/mateuszmrozowski.pl\/sklep\/","name":"Mateusz Mrozowski Trener biznesu","description":"Walcz\u0119 o wynik dla firm z kt\u00f3rymi wsp\u00f3\u0142pracuj\u0119.","publisher":{"@id":"https:\/\/mateuszmrozowski.pl\/sklep\/#organization"},"alternateName":"Mateusz Mrozowski","potentialAction":[{"@type":"SearchAction","target":{"@type":"EntryPoint","urlTemplate":"https:\/\/mateuszmrozowski.pl\/sklep\/?s={search_term_string}"},"query-input":{"@type":"PropertyValueSpecification","valueRequired":true,"valueName":"search_term_string"}}],"inLanguage":"pl-PL"},{"@type":"Organization","@id":"https:\/\/mateuszmrozowski.pl\/sklep\/#organization","name":"Mateusz Mrozowski Trener biznesu","alternateName":"Mateusz Mrozowski","url":"https:\/\/mateuszmrozowski.pl\/sklep\/","logo":{"@type":"ImageObject","inLanguage":"pl-PL","@id":"https:\/\/mateuszmrozowski.pl\/sklep\/#\/schema\/logo\/image\/","url":"https:\/\/mateuszmrozowski.pl\/sklep\/wp-content\/uploads\/2025\/03\/cropped-mateusz_mrozowski_logo.png","contentUrl":"https:\/\/mateuszmrozowski.pl\/sklep\/wp-content\/uploads\/2025\/03\/cropped-mateusz_mrozowski_logo.png","width":236,"height":59,"caption":"Mateusz Mrozowski Trener biznesu"},"image":{"@id":"https:\/\/mateuszmrozowski.pl\/sklep\/#\/schema\/logo\/image\/"},"sameAs":["https:\/\/www.facebook.com\/mateuszmrozowskisiewca","https:\/\/www.youtube.com\/channel\/UCI6FhECZ4GdL1TYU5oh5JDg","https:\/\/www.instagram.com\/mrozowski.siewca\/","https:\/\/www.linkedin.com\/in\/mateuszmrozowski\/","https:\/\/maps.app.goo.gl\/Ee8wtgr6gx2CjEM68","https:\/\/www.tiktok.com\/@mateuszmrozowskisiewca"]}]}},"_links":{"self":[{"href":"https:\/\/mateuszmrozowski.pl\/sklep\/wp-json\/wp\/v2\/product\/104091","targetHints":{"allow":["GET"]}}],"collection":[{"href":"https:\/\/mateuszmrozowski.pl\/sklep\/wp-json\/wp\/v2\/product"}],"about":[{"href":"https:\/\/mateuszmrozowski.pl\/sklep\/wp-json\/wp\/v2\/types\/product"}],"wp:featuredmedia":[{"embeddable":true,"href":"https:\/\/mateuszmrozowski.pl\/sklep\/wp-json\/wp\/v2\/media\/104367"}],"wp:attachment":[{"href":"https:\/\/mateuszmrozowski.pl\/sklep\/wp-json\/wp\/v2\/media?parent=104091"}],"wp:term":[{"taxonomy":"product_brand","embeddable":true,"href":"https:\/\/mateuszmrozowski.pl\/sklep\/wp-json\/wp\/v2\/product_brand?post=104091"},{"taxonomy":"product_cat","embeddable":true,"href":"https:\/\/mateuszmrozowski.pl\/sklep\/wp-json\/wp\/v2\/product_cat?post=104091"},{"taxonomy":"product_tag","embeddable":true,"href":"https:\/\/mateuszmrozowski.pl\/sklep\/wp-json\/wp\/v2\/product_tag?post=104091"}],"curies":[{"name":"wp","href":"https:\/\/api.w.org\/{rel}","templated":true}]}}