{"id":102791,"date":"2025-07-15T17:07:30","date_gmt":"2025-07-15T17:07:30","guid":{"rendered":"https:\/\/mateuszmrozowski.pl\/sklep\/?post_type=product&#038;p=102791"},"modified":"2025-11-25T14:11:13","modified_gmt":"2025-11-25T14:11:13","slug":"zarzadzanie-w-praktyce-cykl-szkolen-na-zywo-online","status":"publish","type":"product","link":"https:\/\/mateuszmrozowski.pl\/sklep\/produkt\/zarzadzanie-w-praktyce-cykl-szkolen-na-zywo-online\/","title":{"rendered":"Zarz\u0105dzanie w Praktyce"},"content":{"rendered":"\n\n<div class=\"kk-star-ratings kksr-auto kksr-align-left kksr-valign-top kksr-disabled\"\n    data-payload='{&quot;align&quot;:&quot;left&quot;,&quot;id&quot;:&quot;102791&quot;,&quot;readonly&quot;:&quot;1&quot;,&quot;slug&quot;:&quot;default&quot;,&quot;valign&quot;:&quot;top&quot;,&quot;ignore&quot;:&quot;&quot;,&quot;reference&quot;:&quot;auto&quot;,&quot;class&quot;:&quot;&quot;,&quot;count&quot;:&quot;0&quot;,&quot;legendonly&quot;:&quot;&quot;,&quot;score&quot;:&quot;0&quot;,&quot;starsonly&quot;:&quot;&quot;,&quot;best&quot;:&quot;5&quot;,&quot;gap&quot;:&quot;5&quot;,&quot;greet&quot;:&quot;Wystaw ocen\u0119&quot;,&quot;legend&quot;:&quot;0\\\/5 - (0 ocen)&quot;,&quot;size&quot;:&quot;16&quot;,&quot;title&quot;:&quot;Zarz\u0105dzanie w Praktyce&quot;,&quot;width&quot;:&quot;0&quot;,&quot;_legend&quot;:&quot;{score}\\\/{best} - ({count} ocen)&quot;,&quot;font_factor&quot;:&quot;1.25&quot;}'>\n            \n<div class=\"kksr-stars\">\n    \n<div class=\"kksr-stars-inactive\">\n            <div class=\"kksr-star\" data-star=\"1\" style=\"padding-right: 5px\">\n            \n\n<div class=\"kksr-icon\" style=\"width: 16px; height: 16px;\"><\/div>\n        <\/div>\n            <div class=\"kksr-star\" data-star=\"2\" style=\"padding-right: 5px\">\n            \n\n<div class=\"kksr-icon\" style=\"width: 16px; height: 16px;\"><\/div>\n        <\/div>\n            <div class=\"kksr-star\" data-star=\"3\" style=\"padding-right: 5px\">\n            \n\n<div class=\"kksr-icon\" style=\"width: 16px; height: 16px;\"><\/div>\n        <\/div>\n            <div class=\"kksr-star\" data-star=\"4\" style=\"padding-right: 5px\">\n            \n\n<div class=\"kksr-icon\" style=\"width: 16px; height: 16px;\"><\/div>\n        <\/div>\n            <div class=\"kksr-star\" data-star=\"5\" style=\"padding-right: 5px\">\n            \n\n<div class=\"kksr-icon\" style=\"width: 16px; height: 16px;\"><\/div>\n        <\/div>\n    <\/div>\n    \n<div class=\"kksr-stars-active\" style=\"width: 0px;\">\n            <div class=\"kksr-star\" style=\"padding-right: 5px\">\n            \n\n<div class=\"kksr-icon\" style=\"width: 16px; height: 16px;\"><\/div>\n        <\/div>\n            <div class=\"kksr-star\" style=\"padding-right: 5px\">\n            \n\n<div class=\"kksr-icon\" style=\"width: 16px; height: 16px;\"><\/div>\n        <\/div>\n            <div class=\"kksr-star\" style=\"padding-right: 5px\">\n            \n\n<div class=\"kksr-icon\" style=\"width: 16px; height: 16px;\"><\/div>\n        <\/div>\n            <div class=\"kksr-star\" style=\"padding-right: 5px\">\n            \n\n<div class=\"kksr-icon\" style=\"width: 16px; height: 16px;\"><\/div>\n        <\/div>\n            <div class=\"kksr-star\" style=\"padding-right: 5px\">\n            \n\n<div class=\"kksr-icon\" style=\"width: 16px; height: 16px;\"><\/div>\n        <\/div>\n    <\/div>\n<\/div>\n                \n\n<div class=\"kksr-legend\" style=\"font-size: 12.8px;\">\n            <span class=\"kksr-muted\">Wystaw ocen\u0119<\/span>\n    <\/div>\n    <\/div>\n<h2 data-start=\"1975\" data-end=\"2058\">Zarz\u0105dzanie w Praktyce \u2013 Cykl 6 szkole\u0144 online z Mateuszem Mrozowskim<\/h2>\n<p data-start=\"2060\" data-end=\"2131\"><strong data-start=\"2060\" data-end=\"2131\">Zarz\u0105dzanie w Praktyce \u2013 Cykl szkole\u0144 online z Mateuszem Mrozowskim<\/strong><\/p>\n<p data-start=\"2133\" data-end=\"2367\">Zarz\u0105dzanie w Praktyce to program dla manager\u00f3w i lider\u00f3w, kt\u00f3rzy chc\u0105 budowa\u0107 odpowiedzialne, zaanga\u017cowane zespo\u0142y. Podczas 6 szkole\u0144 na \u017cywo poznasz sprawdzone metody, jak prowadzi\u0107 ludzi w dynamicznym \u015brodowisku i unika\u0107 wypalenia.<\/p>\n<p data-start=\"2369\" data-end=\"2397\"><strong data-start=\"2369\" data-end=\"2397\">Co zawiera cykl szkole\u0144?<\/strong><\/p>\n<ul>\n<li data-start=\"2400\" data-end=\"2462\">6 spotka\u0144 na \u017cywo z Mateuszem Mrozowskim (ka\u017cde trwa 45 minut)<\/li>\n<li data-start=\"2465\" data-end=\"2526\">Nielimitowany dost\u0119p do nagra\u0144 wszystkich zaj\u0119\u0107 na platformie<\/li>\n<li data-start=\"2529\" data-end=\"2570\">Materia\u0142y do pobrania z ka\u017cdego szkolenia<\/li>\n<li data-start=\"2573\" data-end=\"2614\">Sesja pyta\u0144 i odpowiedzi po ka\u017cdej cz\u0119\u015bci<\/li>\n<li data-start=\"2617\" data-end=\"2646\">Limit miejsc: 100 uczestnik\u00f3w<\/li>\n<\/ul>\n<p data-start=\"2648\" data-end=\"2752\"><strong data-start=\"2648\" data-end=\"2671\">Harmonogram spotka\u0144 od pa\u017adziernika<\/strong><br \/>\nSzkolenia odbywaj\u0105 si\u0119 w poniedzia\u0142ki o godzinie 20:00 (czas trwania: 45 minut).<\/p>\n<p data-start=\"2754\" data-end=\"2782\"><strong data-start=\"2754\" data-end=\"2782\">Terminy i tematy szkole\u0144<\/strong><\/p>\n<ol>\n<li data-start=\"2786\" data-end=\"2843\">Nie dowo\u017c\u0105 target\u00f3w? A czy wiedz\u0105, co maj\u0105 robi\u0107 w og\u00f3le? [06.10.2025]<\/li>\n<li data-start=\"2847\" data-end=\"2893\">Zesp\u00f3\u0142 handlowy czy grupa przypadkowych ludzi? [13.10.2025]<\/li>\n<li data-start=\"2897\" data-end=\"2951\">Jak dawa\u0107 trudny feedback, \u017ceby nie zniszczy\u0107 relacji? [20.10.2025]<\/li>\n<li data-start=\"2955\" data-end=\"3013\">Lider to nie stra\u017cak \u2013 jak przesta\u0107 gasi\u0107 po\u017cary w zespole [27.10.2025]<\/li>\n<li data-start=\"3017\" data-end=\"3079\">Nie chodzi o to, \u017ceby by\u0142o mi\u0142o \u2013 chodzi o to, \u017ceby by\u0142o jasno [03.11.2025]<\/li>\n<li data-start=\"3083\" data-end=\"3147\">Zesp\u00f3\u0142 si\u0119 wypali\u0142? A mo\u017ce po prostu Ty przesta\u0142e\u015b ich prowadzi\u0107 [10.11.2025]<\/li>\n<\/ol>\n<p data-start=\"3149\" data-end=\"3302\"><strong data-start=\"3149\" data-end=\"3179\">Do\u0142\u0105cz w dowolnym momencie<\/strong><br \/>\nJe\u015bli zapiszesz si\u0119 w trakcie, od razu otrzymasz pe\u0142en dost\u0119p do wszystkich nagra\u0144 i materia\u0142\u00f3w z dotychczasowych spotka\u0144.<\/p>\n<p data-start=\"3304\" data-end=\"3438\"><strong data-start=\"3304\" data-end=\"3334\">Dla kogo jest ten program?<\/strong><br \/>\nCykl jest przeznaczony dla lider\u00f3w zespo\u0142\u00f3w sprzeda\u017cy, manager\u00f3w oraz os\u00f3b zarz\u0105dzaj\u0105cych prac\u0105 innych.<\/p>\n<p data-start=\"3440\" data-end=\"3459\"><strong data-start=\"3440\" data-end=\"3459\">Dlaczego warto?<\/strong><\/p>\n<ul>\n<li data-start=\"1700\" data-end=\"1768\">Szkolenia prowadzi Mateusz Mrozowski &#8211; trener i praktyk sprzeda\u017cy<\/li>\n<li data-start=\"1771\" data-end=\"1837\">Ka\u017cdy uczestnik mo\u017ce zadawa\u0107 pytania na grupie na Discord i konsultowa\u0107 swoje przypadki<\/li>\n<li data-start=\"1840\" data-end=\"1902\">Nielimitowany dost\u0119p do materia\u0142\u00f3w \u2013 uczysz si\u0119 w swoim tempie<\/li>\n<li>Ka\u017cde szkolenie to konkretne techniki gotowe do wdro\u017cenia<\/li>\n<\/ul>\n<p data-start=\"3651\" data-end=\"3721\">Zarezerwuj swoje miejsce \u2013 liczba uczestnik\u00f3w ograniczona do 100 os\u00f3b.<\/p>\n<h4 data-start=\"1904\" data-end=\"1968\"><strong>Chcesz pozna\u0107 pakiety grupowe dla firm?<\/strong><\/h4>\n<h4><strong>Zadzwo\u0144 <a href=\"tel:793771002\">793 771 002<\/a><\/strong><\/h4>\n","protected":false},"excerpt":{"rendered":"<p>Zarz\u0105dzanie w Praktyce \u2013 Cykl 6 szkole\u0144 online z Mateuszem Mrozowskim Zarz\u0105dzanie w Praktyce \u2013 Cykl szkole\u0144 online z Mateuszem Mrozowskim Zarz\u0105dzanie w Praktyce to program dla manager\u00f3w i lider\u00f3w, kt\u00f3rzy chc\u0105 budowa\u0107 odpowiedzialne, zaanga\u017cowane zespo\u0142y. Podczas 6 szkole\u0144 na \u017cywo poznasz sprawdzone metody, jak prowadzi\u0107 ludzi w dynamicznym \u015brodowisku i unika\u0107 wypalenia. Co zawiera [&hellip;]<\/p>\n","protected":false},"featured_media":102877,"template":"","meta":{"_acf_changed":false,"content-type":""},"product_brand":[],"product_cat":[19],"product_tag":[125],"class_list":{"0":"post-102791","1":"product","2":"type-product","3":"status-publish","4":"has-post-thumbnail","6":"product_cat-szkolenia-otwarte","7":"product_tag-cykl-przywodztwo","9":"first","10":"outofstock","11":"virtual","12":"sold-individually","13":"taxable","14":"purchasable","15":"product-type-simple"},"acf":[],"yoast_head":"<!-- This site is optimized with the Yoast SEO plugin v27.1.1 - https:\/\/yoast.com\/product\/yoast-seo-wordpress\/ -->\n<title>Zarz\u0105dzanie w Praktyce - Mateusz Mrozowski Trener Biznesu<\/title>\n<meta name=\"robots\" content=\"noindex, nofollow\" \/>\n<meta property=\"og:locale\" content=\"pl_PL\" \/>\n<meta property=\"og:type\" content=\"article\" \/>\n<meta property=\"og:title\" content=\"Zarz\u0105dzanie w Praktyce - Mateusz Mrozowski Trener Biznesu\" \/>\n<meta property=\"og:description\" content=\"Zarz\u0105dzanie w Praktyce \u2013 Cykl 6 szkole\u0144 online z Mateuszem Mrozowskim Zarz\u0105dzanie w Praktyce \u2013 Cykl szkole\u0144 online z Mateuszem Mrozowskim Zarz\u0105dzanie w Praktyce to program dla manager\u00f3w i lider\u00f3w, kt\u00f3rzy chc\u0105 budowa\u0107 odpowiedzialne, zaanga\u017cowane zespo\u0142y. Podczas 6 szkole\u0144 na \u017cywo poznasz sprawdzone metody, jak prowadzi\u0107 ludzi w dynamicznym \u015brodowisku i unika\u0107 wypalenia. Co zawiera [&hellip;]\" \/>\n<meta property=\"og:url\" content=\"https:\/\/mateuszmrozowski.pl\/sklep\/produkt\/zarzadzanie-w-praktyce-cykl-szkolen-na-zywo-online\/\" \/>\n<meta property=\"og:site_name\" content=\"Mateusz Mrozowski Trener Biznesu\" \/>\n<meta property=\"article:publisher\" content=\"https:\/\/www.facebook.com\/mateuszmrozowskisiewca\" \/>\n<meta property=\"article:modified_time\" content=\"2025-11-25T14:11:13+00:00\" \/>\n<meta property=\"og:image\" content=\"https:\/\/mateuszmrozowski.pl\/sklep\/wp-content\/uploads\/2025\/07\/zarzadzanie-w-praktyce.png\" \/>\n\t<meta property=\"og:image:width\" content=\"1080\" \/>\n\t<meta property=\"og:image:height\" content=\"1080\" \/>\n\t<meta property=\"og:image:type\" content=\"image\/png\" \/>\n<meta name=\"twitter:card\" content=\"summary_large_image\" \/>\n<meta name=\"twitter:label1\" content=\"Szacowany czas czytania\" \/>\n\t<meta name=\"twitter:data1\" content=\"2 minuty\" \/>\n<script type=\"application\/ld+json\" class=\"yoast-schema-graph\">{\"@context\":\"https:\/\/schema.org\",\"@graph\":[{\"@type\":\"WebPage\",\"@id\":\"https:\/\/mateuszmrozowski.pl\/sklep\/produkt\/zarzadzanie-w-praktyce-cykl-szkolen-na-zywo-online\/\",\"url\":\"https:\/\/mateuszmrozowski.pl\/sklep\/produkt\/zarzadzanie-w-praktyce-cykl-szkolen-na-zywo-online\/\",\"name\":\"Zarz\u0105dzanie w Praktyce - Mateusz Mrozowski Trener Biznesu\",\"isPartOf\":{\"@id\":\"https:\/\/mateuszmrozowski.pl\/sklep\/#website\"},\"primaryImageOfPage\":{\"@id\":\"https:\/\/mateuszmrozowski.pl\/sklep\/produkt\/zarzadzanie-w-praktyce-cykl-szkolen-na-zywo-online\/#primaryimage\"},\"image\":{\"@id\":\"https:\/\/mateuszmrozowski.pl\/sklep\/produkt\/zarzadzanie-w-praktyce-cykl-szkolen-na-zywo-online\/#primaryimage\"},\"thumbnailUrl\":\"https:\/\/mateuszmrozowski.pl\/sklep\/wp-content\/uploads\/2025\/07\/zarzadzanie-w-praktyce.png\",\"datePublished\":\"2025-07-15T17:07:30+00:00\",\"dateModified\":\"2025-11-25T14:11:13+00:00\",\"breadcrumb\":{\"@id\":\"https:\/\/mateuszmrozowski.pl\/sklep\/produkt\/zarzadzanie-w-praktyce-cykl-szkolen-na-zywo-online\/#breadcrumb\"},\"inLanguage\":\"pl-PL\",\"potentialAction\":[{\"@type\":\"ReadAction\",\"target\":[\"https:\/\/mateuszmrozowski.pl\/sklep\/produkt\/zarzadzanie-w-praktyce-cykl-szkolen-na-zywo-online\/\"]}]},{\"@type\":\"ImageObject\",\"inLanguage\":\"pl-PL\",\"@id\":\"https:\/\/mateuszmrozowski.pl\/sklep\/produkt\/zarzadzanie-w-praktyce-cykl-szkolen-na-zywo-online\/#primaryimage\",\"url\":\"https:\/\/mateuszmrozowski.pl\/sklep\/wp-content\/uploads\/2025\/07\/zarzadzanie-w-praktyce.png\",\"contentUrl\":\"https:\/\/mateuszmrozowski.pl\/sklep\/wp-content\/uploads\/2025\/07\/zarzadzanie-w-praktyce.png\",\"width\":1080,\"height\":1080},{\"@type\":\"BreadcrumbList\",\"@id\":\"https:\/\/mateuszmrozowski.pl\/sklep\/produkt\/zarzadzanie-w-praktyce-cykl-szkolen-na-zywo-online\/#breadcrumb\",\"itemListElement\":[{\"@type\":\"ListItem\",\"position\":1,\"name\":\"Strona g\u0142\u00f3wna\",\"item\":\"https:\/\/mateuszmrozowski.pl\/sklep\/\"},{\"@type\":\"ListItem\",\"position\":2,\"name\":\"Szkolenia biznesowe i kursy sprzeda\u017cowe\",\"item\":\"https:\/\/mateuszmrozowski.pl\/sklep\/\"},{\"@type\":\"ListItem\",\"position\":3,\"name\":\"Szkolenia otwarte\",\"item\":\"https:\/\/mateuszmrozowski.pl\/sklep\/kategoria-produktu\/szkolenia-otwarte\/\"},{\"@type\":\"ListItem\",\"position\":4,\"name\":\"Zarz\u0105dzanie w Praktyce\"}]},{\"@type\":\"WebSite\",\"@id\":\"https:\/\/mateuszmrozowski.pl\/sklep\/#website\",\"url\":\"https:\/\/mateuszmrozowski.pl\/sklep\/\",\"name\":\"Mateusz Mrozowski Trener biznesu\",\"description\":\"Walcz\u0119 o wynik dla firm z kt\u00f3rymi wsp\u00f3\u0142pracuj\u0119.\",\"publisher\":{\"@id\":\"https:\/\/mateuszmrozowski.pl\/sklep\/#organization\"},\"alternateName\":\"Mateusz Mrozowski\",\"potentialAction\":[{\"@type\":\"SearchAction\",\"target\":{\"@type\":\"EntryPoint\",\"urlTemplate\":\"https:\/\/mateuszmrozowski.pl\/sklep\/?s={search_term_string}\"},\"query-input\":{\"@type\":\"PropertyValueSpecification\",\"valueRequired\":true,\"valueName\":\"search_term_string\"}}],\"inLanguage\":\"pl-PL\"},{\"@type\":\"Organization\",\"@id\":\"https:\/\/mateuszmrozowski.pl\/sklep\/#organization\",\"name\":\"Mateusz Mrozowski Trener biznesu\",\"alternateName\":\"Mateusz Mrozowski\",\"url\":\"https:\/\/mateuszmrozowski.pl\/sklep\/\",\"logo\":{\"@type\":\"ImageObject\",\"inLanguage\":\"pl-PL\",\"@id\":\"https:\/\/mateuszmrozowski.pl\/sklep\/#\/schema\/logo\/image\/\",\"url\":\"https:\/\/mateuszmrozowski.pl\/sklep\/wp-content\/uploads\/2025\/03\/cropped-mateusz_mrozowski_logo.png\",\"contentUrl\":\"https:\/\/mateuszmrozowski.pl\/sklep\/wp-content\/uploads\/2025\/03\/cropped-mateusz_mrozowski_logo.png\",\"width\":236,\"height\":59,\"caption\":\"Mateusz Mrozowski Trener biznesu\"},\"image\":{\"@id\":\"https:\/\/mateuszmrozowski.pl\/sklep\/#\/schema\/logo\/image\/\"},\"sameAs\":[\"https:\/\/www.facebook.com\/mateuszmrozowskisiewca\",\"https:\/\/www.youtube.com\/channel\/UCI6FhECZ4GdL1TYU5oh5JDg\",\"https:\/\/www.instagram.com\/mrozowski.siewca\/\",\"https:\/\/www.linkedin.com\/in\/mateuszmrozowski\/\",\"https:\/\/maps.app.goo.gl\/Ee8wtgr6gx2CjEM68\",\"https:\/\/www.tiktok.com\/@mateuszmrozowskisiewca\"]}]}<\/script>\n<!-- \/ Yoast SEO plugin. -->","yoast_head_json":{"title":"Zarz\u0105dzanie w Praktyce - Mateusz Mrozowski Trener Biznesu","robots":{"index":"noindex","follow":"nofollow"},"og_locale":"pl_PL","og_type":"article","og_title":"Zarz\u0105dzanie w Praktyce - Mateusz Mrozowski Trener Biznesu","og_description":"Zarz\u0105dzanie w Praktyce \u2013 Cykl 6 szkole\u0144 online z Mateuszem Mrozowskim Zarz\u0105dzanie w Praktyce \u2013 Cykl szkole\u0144 online z Mateuszem Mrozowskim Zarz\u0105dzanie w Praktyce to program dla manager\u00f3w i lider\u00f3w, kt\u00f3rzy chc\u0105 budowa\u0107 odpowiedzialne, zaanga\u017cowane zespo\u0142y. Podczas 6 szkole\u0144 na \u017cywo poznasz sprawdzone metody, jak prowadzi\u0107 ludzi w dynamicznym \u015brodowisku i unika\u0107 wypalenia. Co zawiera [&hellip;]","og_url":"https:\/\/mateuszmrozowski.pl\/sklep\/produkt\/zarzadzanie-w-praktyce-cykl-szkolen-na-zywo-online\/","og_site_name":"Mateusz Mrozowski Trener Biznesu","article_publisher":"https:\/\/www.facebook.com\/mateuszmrozowskisiewca","article_modified_time":"2025-11-25T14:11:13+00:00","og_image":[{"width":1080,"height":1080,"url":"https:\/\/mateuszmrozowski.pl\/sklep\/wp-content\/uploads\/2025\/07\/zarzadzanie-w-praktyce.png","type":"image\/png"}],"twitter_card":"summary_large_image","twitter_misc":{"Szacowany czas czytania":"2 minuty"},"schema":{"@context":"https:\/\/schema.org","@graph":[{"@type":"WebPage","@id":"https:\/\/mateuszmrozowski.pl\/sklep\/produkt\/zarzadzanie-w-praktyce-cykl-szkolen-na-zywo-online\/","url":"https:\/\/mateuszmrozowski.pl\/sklep\/produkt\/zarzadzanie-w-praktyce-cykl-szkolen-na-zywo-online\/","name":"Zarz\u0105dzanie w Praktyce - Mateusz Mrozowski Trener Biznesu","isPartOf":{"@id":"https:\/\/mateuszmrozowski.pl\/sklep\/#website"},"primaryImageOfPage":{"@id":"https:\/\/mateuszmrozowski.pl\/sklep\/produkt\/zarzadzanie-w-praktyce-cykl-szkolen-na-zywo-online\/#primaryimage"},"image":{"@id":"https:\/\/mateuszmrozowski.pl\/sklep\/produkt\/zarzadzanie-w-praktyce-cykl-szkolen-na-zywo-online\/#primaryimage"},"thumbnailUrl":"https:\/\/mateuszmrozowski.pl\/sklep\/wp-content\/uploads\/2025\/07\/zarzadzanie-w-praktyce.png","datePublished":"2025-07-15T17:07:30+00:00","dateModified":"2025-11-25T14:11:13+00:00","breadcrumb":{"@id":"https:\/\/mateuszmrozowski.pl\/sklep\/produkt\/zarzadzanie-w-praktyce-cykl-szkolen-na-zywo-online\/#breadcrumb"},"inLanguage":"pl-PL","potentialAction":[{"@type":"ReadAction","target":["https:\/\/mateuszmrozowski.pl\/sklep\/produkt\/zarzadzanie-w-praktyce-cykl-szkolen-na-zywo-online\/"]}]},{"@type":"ImageObject","inLanguage":"pl-PL","@id":"https:\/\/mateuszmrozowski.pl\/sklep\/produkt\/zarzadzanie-w-praktyce-cykl-szkolen-na-zywo-online\/#primaryimage","url":"https:\/\/mateuszmrozowski.pl\/sklep\/wp-content\/uploads\/2025\/07\/zarzadzanie-w-praktyce.png","contentUrl":"https:\/\/mateuszmrozowski.pl\/sklep\/wp-content\/uploads\/2025\/07\/zarzadzanie-w-praktyce.png","width":1080,"height":1080},{"@type":"BreadcrumbList","@id":"https:\/\/mateuszmrozowski.pl\/sklep\/produkt\/zarzadzanie-w-praktyce-cykl-szkolen-na-zywo-online\/#breadcrumb","itemListElement":[{"@type":"ListItem","position":1,"name":"Strona g\u0142\u00f3wna","item":"https:\/\/mateuszmrozowski.pl\/sklep\/"},{"@type":"ListItem","position":2,"name":"Szkolenia biznesowe i kursy sprzeda\u017cowe","item":"https:\/\/mateuszmrozowski.pl\/sklep\/"},{"@type":"ListItem","position":3,"name":"Szkolenia otwarte","item":"https:\/\/mateuszmrozowski.pl\/sklep\/kategoria-produktu\/szkolenia-otwarte\/"},{"@type":"ListItem","position":4,"name":"Zarz\u0105dzanie w Praktyce"}]},{"@type":"WebSite","@id":"https:\/\/mateuszmrozowski.pl\/sklep\/#website","url":"https:\/\/mateuszmrozowski.pl\/sklep\/","name":"Mateusz Mrozowski Trener biznesu","description":"Walcz\u0119 o wynik dla firm z kt\u00f3rymi wsp\u00f3\u0142pracuj\u0119.","publisher":{"@id":"https:\/\/mateuszmrozowski.pl\/sklep\/#organization"},"alternateName":"Mateusz Mrozowski","potentialAction":[{"@type":"SearchAction","target":{"@type":"EntryPoint","urlTemplate":"https:\/\/mateuszmrozowski.pl\/sklep\/?s={search_term_string}"},"query-input":{"@type":"PropertyValueSpecification","valueRequired":true,"valueName":"search_term_string"}}],"inLanguage":"pl-PL"},{"@type":"Organization","@id":"https:\/\/mateuszmrozowski.pl\/sklep\/#organization","name":"Mateusz Mrozowski Trener biznesu","alternateName":"Mateusz Mrozowski","url":"https:\/\/mateuszmrozowski.pl\/sklep\/","logo":{"@type":"ImageObject","inLanguage":"pl-PL","@id":"https:\/\/mateuszmrozowski.pl\/sklep\/#\/schema\/logo\/image\/","url":"https:\/\/mateuszmrozowski.pl\/sklep\/wp-content\/uploads\/2025\/03\/cropped-mateusz_mrozowski_logo.png","contentUrl":"https:\/\/mateuszmrozowski.pl\/sklep\/wp-content\/uploads\/2025\/03\/cropped-mateusz_mrozowski_logo.png","width":236,"height":59,"caption":"Mateusz Mrozowski Trener biznesu"},"image":{"@id":"https:\/\/mateuszmrozowski.pl\/sklep\/#\/schema\/logo\/image\/"},"sameAs":["https:\/\/www.facebook.com\/mateuszmrozowskisiewca","https:\/\/www.youtube.com\/channel\/UCI6FhECZ4GdL1TYU5oh5JDg","https:\/\/www.instagram.com\/mrozowski.siewca\/","https:\/\/www.linkedin.com\/in\/mateuszmrozowski\/","https:\/\/maps.app.goo.gl\/Ee8wtgr6gx2CjEM68","https:\/\/www.tiktok.com\/@mateuszmrozowskisiewca"]}]}},"_links":{"self":[{"href":"https:\/\/mateuszmrozowski.pl\/sklep\/wp-json\/wp\/v2\/product\/102791","targetHints":{"allow":["GET"]}}],"collection":[{"href":"https:\/\/mateuszmrozowski.pl\/sklep\/wp-json\/wp\/v2\/product"}],"about":[{"href":"https:\/\/mateuszmrozowski.pl\/sklep\/wp-json\/wp\/v2\/types\/product"}],"wp:featuredmedia":[{"embeddable":true,"href":"https:\/\/mateuszmrozowski.pl\/sklep\/wp-json\/wp\/v2\/media\/102877"}],"wp:attachment":[{"href":"https:\/\/mateuszmrozowski.pl\/sklep\/wp-json\/wp\/v2\/media?parent=102791"}],"wp:term":[{"taxonomy":"product_brand","embeddable":true,"href":"https:\/\/mateuszmrozowski.pl\/sklep\/wp-json\/wp\/v2\/product_brand?post=102791"},{"taxonomy":"product_cat","embeddable":true,"href":"https:\/\/mateuszmrozowski.pl\/sklep\/wp-json\/wp\/v2\/product_cat?post=102791"},{"taxonomy":"product_tag","embeddable":true,"href":"https:\/\/mateuszmrozowski.pl\/sklep\/wp-json\/wp\/v2\/product_tag?post=102791"}],"curies":[{"name":"wp","href":"https:\/\/api.w.org\/{rel}","templated":true}]}}