{"id":101195,"date":"2025-04-22T17:35:05","date_gmt":"2025-04-22T17:35:05","guid":{"rendered":"https:\/\/mateuszmrozowski.pl\/sklep\/?post_type=product&#038;p=101195"},"modified":"2025-08-01T19:31:22","modified_gmt":"2025-08-01T19:31:22","slug":"akademia-sprzedazy-m-2-akademia-sukcesu","status":"publish","type":"product","link":"https:\/\/mateuszmrozowski.pl\/sklep\/produkt\/akademia-sprzedazy-m-2-akademia-sukcesu\/","title":{"rendered":"Akademia Sprzeda\u017cy M.2 &#8211; Akademia Sukcesu"},"content":{"rendered":"\n\n<div class=\"kk-star-ratings kksr-auto kksr-align-left kksr-valign-top kksr-disabled\"\n    data-payload='{&quot;align&quot;:&quot;left&quot;,&quot;id&quot;:&quot;101195&quot;,&quot;readonly&quot;:&quot;1&quot;,&quot;slug&quot;:&quot;default&quot;,&quot;valign&quot;:&quot;top&quot;,&quot;ignore&quot;:&quot;&quot;,&quot;reference&quot;:&quot;auto&quot;,&quot;class&quot;:&quot;&quot;,&quot;count&quot;:&quot;0&quot;,&quot;legendonly&quot;:&quot;&quot;,&quot;score&quot;:&quot;0&quot;,&quot;starsonly&quot;:&quot;&quot;,&quot;best&quot;:&quot;5&quot;,&quot;gap&quot;:&quot;5&quot;,&quot;greet&quot;:&quot;Wystaw ocen\u0119&quot;,&quot;legend&quot;:&quot;0\\\/5 - (0 ocen)&quot;,&quot;size&quot;:&quot;16&quot;,&quot;title&quot;:&quot;Akademia Sprzeda\u017cy M.2 - Akademia Sukcesu&quot;,&quot;width&quot;:&quot;0&quot;,&quot;_legend&quot;:&quot;{score}\\\/{best} - ({count} ocen)&quot;,&quot;font_factor&quot;:&quot;1.25&quot;}'>\n            \n<div class=\"kksr-stars\">\n    \n<div class=\"kksr-stars-inactive\">\n            <div class=\"kksr-star\" data-star=\"1\" style=\"padding-right: 5px\">\n            \n\n<div class=\"kksr-icon\" style=\"width: 16px; height: 16px;\"><\/div>\n        <\/div>\n            <div class=\"kksr-star\" data-star=\"2\" style=\"padding-right: 5px\">\n            \n\n<div class=\"kksr-icon\" style=\"width: 16px; height: 16px;\"><\/div>\n        <\/div>\n            <div class=\"kksr-star\" data-star=\"3\" style=\"padding-right: 5px\">\n            \n\n<div class=\"kksr-icon\" style=\"width: 16px; height: 16px;\"><\/div>\n        <\/div>\n            <div class=\"kksr-star\" data-star=\"4\" style=\"padding-right: 5px\">\n            \n\n<div class=\"kksr-icon\" style=\"width: 16px; height: 16px;\"><\/div>\n        <\/div>\n            <div class=\"kksr-star\" data-star=\"5\" style=\"padding-right: 5px\">\n            \n\n<div class=\"kksr-icon\" style=\"width: 16px; height: 16px;\"><\/div>\n        <\/div>\n    <\/div>\n    \n<div class=\"kksr-stars-active\" style=\"width: 0px;\">\n            <div class=\"kksr-star\" style=\"padding-right: 5px\">\n            \n\n<div class=\"kksr-icon\" style=\"width: 16px; height: 16px;\"><\/div>\n        <\/div>\n            <div class=\"kksr-star\" style=\"padding-right: 5px\">\n            \n\n<div class=\"kksr-icon\" style=\"width: 16px; height: 16px;\"><\/div>\n        <\/div>\n            <div class=\"kksr-star\" style=\"padding-right: 5px\">\n            \n\n<div class=\"kksr-icon\" style=\"width: 16px; height: 16px;\"><\/div>\n        <\/div>\n            <div class=\"kksr-star\" style=\"padding-right: 5px\">\n            \n\n<div class=\"kksr-icon\" style=\"width: 16px; height: 16px;\"><\/div>\n        <\/div>\n            <div class=\"kksr-star\" style=\"padding-right: 5px\">\n            \n\n<div class=\"kksr-icon\" style=\"width: 16px; height: 16px;\"><\/div>\n        <\/div>\n    <\/div>\n<\/div>\n                \n\n<div class=\"kksr-legend\" style=\"font-size: 12.8px;\">\n            <span class=\"kksr-muted\">Wystaw ocen\u0119<\/span>\n    <\/div>\n    <\/div>\n<h3><strong>Akademia Sukcesu \u2013 Akademia Sprzeda\u017cy<\/strong><\/h3>\n<p><strong>2-miesi\u0119czna Akademia Online<\/strong><\/p>\n<p>\ud83d\ude80 <strong>Odkryj tajniki skutecznej sprzeda\u017cy i rekrutacji w bran\u017cy beauty!<\/strong><\/p>\n<p>Chcesz zwi\u0119kszy\u0107 swoje dochody, pozyskiwa\u0107 wi\u0119cej klient\u00f3w i skutecznie rozwija\u0107 sw\u00f3j biznes? <strong>Akademia Sukcesu \u2013 Akademia Sprzeda\u017cy<\/strong> to intensywny, <strong>2-miesi\u0119czny program online<\/strong>, kt\u00f3ry pomo\u017ce Ci opanowa\u0107 kluczowe umiej\u0119tno\u015bci sprzeda\u017cowe i rekrutacyjne. Niezale\u017cnie od tego, czy dopiero zaczynasz, czy masz ju\u017c do\u015bwiadczenie, ta akademia dostarczy Ci sprawdzonych strategii i narz\u0119dzi, kt\u00f3re od razu wdro\u017cysz w praktyk\u0119!<\/p>\n<p>\ud83d\udd14 <strong>WA\u017bNE:<\/strong> Po dokonaniu p\u0142atno\u015bci, zaloguj si\u0119 na swoje konto i w zak\u0142adce <strong>\u201eKursy na kt\u00f3re si\u0119 zapisano\u201d<\/strong> znajdziesz dost\u0119p do Akademii. Kliknij <strong>\u201eRozpocznij Nauk\u0119\u201d<\/strong>, a w pierwszej lekcji otrzymasz link do kana\u0142u komunikacyjnego, do kt\u00f3rego nale\u017cy do\u0142\u0105czy\u0107. \ud83d\ude42<\/p>\n<hr \/>\n<h2><strong>Co zyskasz, do\u0142\u0105czaj\u0105c do Akademii Sukcesu \u2013 Akademii Sprzeda\u017cy?<\/strong><\/h2>\n<p>\u2705 Opanujesz skuteczne techniki komunikacji, kt\u00f3re pomog\u0105 Ci budowa\u0107 relacje z klientami i partnerami.<br \/>\n\u2705 Nauczysz si\u0119 m\u00f3wi\u0107 j\u0119zykiem, kt\u00f3ry trafia do r\u00f3\u017cnych typ\u00f3w klient\u00f3w.<br \/>\n\u2705 Dowiesz si\u0119, jak prowadzi\u0107 skuteczny prospecting i rekrutacj\u0119, pozyskuj\u0105c warto\u015bciowych klient\u00f3w i wsp\u00f3\u0142pracownik\u00f3w.<br \/>\n\u2705 Poznasz techniki prowadzenia rozm\u00f3w handlowych i nauczysz si\u0119 u\u017cywa\u0107 w\u0142a\u015bciwych s\u0142\u00f3w w sprzeda\u017cy.<br \/>\n\u2705 Opanujesz sztuk\u0119 zadawania pyta\u0144, kt\u00f3re anga\u017cuj\u0105 rozm\u00f3wc\u00f3w i prowadz\u0105 do decyzji zakupowych.<br \/>\n\u2705 Nauczysz si\u0119, jak prezentowa\u0107 produkty beauty w spos\u00f3b, kt\u00f3ry zwi\u0119ksza zainteresowanie i sprzeda\u017c.<br \/>\n\u2705 Odkryjesz skuteczne metody zamykania sprzeda\u017cy i radzenia sobie z obiekcjami klient\u00f3w.<br \/>\n\u2705 We\u017amiesz udzia\u0142 w praktycznych warsztatach, kt\u00f3re pozwol\u0105 Ci od razu wdro\u017cy\u0107 zdobyt\u0105 wiedz\u0119!<\/p>\n<hr \/>\n<h2><strong>Program Akademii Sukcesu \u2013 Akademii Sprzeda\u017cy<\/strong><\/h2>\n<h3><strong>Miesi\u0105c 1: Podstawy skutecznej komunikacji i sprzeda\u017cy<\/strong><\/h3>\n<p>\ud83d\udd39Po co tutaj jeste\u015b?<br \/>\n\ud83d\udd39Sztuka Prospectingu i Rekrutacji &#8211; wst\u0119p do warsztat\u00f3w<br \/>\n\ud83d\udd39Trzy Rodzaje S\u0142\u00f3w w Rozmowie Handlowej i Rekrutacyjnej<br \/>\n\ud83d\udd39J\u0119zyki Prezentowania Produktu Beauty<\/p>\n<h3><strong>Miesi\u0105c 2: Strategie sprzeda\u017cowe i zamykanie transakcji<\/strong><\/h3>\n<p>\ud83d\udd39Neutralizacja Obiekcji<br \/>\n\ud83d\udd39Mechanizm Neutralizacji Obiekcji<br \/>\n\ud83d\udd39Skuteczne Zamykanie Sprzeda\u017cy<br \/>\n\ud83d\udd39Zako\u0144czenie &#8211; 10 z\u0142otych zasad w pigu\u0142ce<\/p>\n<hr \/>\n<h2><strong>Dla kogo jest ta akademia?<\/strong><\/h2>\n<p>\ud83d\udca1 <strong>Przedsi\u0119biorc\u00f3w z bran\u017cy beauty<\/strong>, kt\u00f3rzy chc\u0105 zwi\u0119kszy\u0107 sprzeda\u017c i rozwija\u0107 sw\u00f3j biznes.<br \/>\n\ud83d\udca1 <strong>Konsultant\u00f3w i doradc\u00f3w<\/strong>, kt\u00f3rzy chc\u0105 skuteczniej pozyskiwa\u0107 klient\u00f3w.<br \/>\n\ud83d\udca1 <strong>Os\u00f3b rozpoczynaj\u0105cych swoj\u0105 przygod\u0119 z network marketingiem<\/strong>, kt\u00f3re chc\u0105 zdoby\u0107 konkretne narz\u0119dzia.<br \/>\n\ud83d\udca1 <strong>Ka\u017cdego, kto chce lepiej komunikowa\u0107 si\u0119 z lud\u017ami<\/strong> i budowa\u0107 trwa\u0142e relacje biznesowe.<\/p>\n<hr \/>\n<h2><strong>Dlaczego warto do\u0142\u0105czy\u0107?<\/strong><\/h2>\n<p>\ud83d\udc8e <strong>Praktyczne podej\u015bcie<\/strong> \u2013 uczysz si\u0119, stosujesz, osi\u0105gasz wyniki!<br \/>\n\ud83d\udc8e <strong>Konkretny harmonogram i materia\u0142y<\/strong>, kt\u00f3re zostaj\u0105 z Tob\u0105 na zawsze.<br \/>\n\ud83d\udc8e <strong>Elastyczno\u015b\u0107<\/strong> \u2013 uczysz si\u0119 w dowolnym miejscu i czasie, dost\u0119p do nagra\u0144 24\/7.<br \/>\n\ud83d\udc8e <strong>Sprawdzone strategie<\/strong>, kt\u00f3re dzia\u0142aj\u0105 w praktyce!<\/p>\n<p>\ud83d\udce2 <strong>Nie czekaj!<\/strong> Zainwestuj w swoje umiej\u0119tno\u015bci i przysz\u0142o\u015b\u0107 swojego biznesu ju\u017c teraz!<br \/>\n\ud83d\udc49 <strong>Do\u0142\u0105cz do Akademii Sukcesu \u2013 Akademii Sprzeda\u017cy i zacznij dzia\u0142a\u0107 skutecznie!<\/strong><\/p>\n","protected":false},"excerpt":{"rendered":"<p>Akademia Sukcesu \u2013 Akademia Sprzeda\u017cy 2-miesi\u0119czna Akademia Online \ud83d\ude80 Odkryj tajniki skutecznej sprzeda\u017cy i rekrutacji w bran\u017cy beauty! Chcesz zwi\u0119kszy\u0107 swoje dochody, pozyskiwa\u0107 wi\u0119cej klient\u00f3w i skutecznie rozwija\u0107 sw\u00f3j biznes? Akademia Sukcesu \u2013 Akademia Sprzeda\u017cy to intensywny, 2-miesi\u0119czny program online, kt\u00f3ry pomo\u017ce Ci opanowa\u0107 kluczowe umiej\u0119tno\u015bci sprzeda\u017cowe i rekrutacyjne. Niezale\u017cnie od tego, czy dopiero zaczynasz, [&hellip;]<\/p>\n","protected":false},"featured_media":101196,"template":"","meta":{"_acf_changed":false,"content-type":""},"product_brand":[],"product_cat":[130],"product_tag":[117],"class_list":{"0":"post-101195","1":"product","2":"type-product","3":"status-publish","4":"has-post-thumbnail","6":"product_cat-akademie-firmowe","7":"product_tag-costro","9":"first","10":"outofstock","11":"virtual","12":"sold-individually","13":"taxable","14":"purchasable","15":"product-type-simple"},"acf":[],"yoast_head":"<!-- This site is optimized with the Yoast SEO plugin v27.1.1 - https:\/\/yoast.com\/product\/yoast-seo-wordpress\/ -->\n<title>Akademia Sprzeda\u017cy M.2 - Akademia Sukcesu - Mateusz Mrozowski Trener Biznesu<\/title>\n<meta name=\"robots\" content=\"noindex, nofollow\" \/>\n<meta property=\"og:locale\" content=\"pl_PL\" \/>\n<meta property=\"og:type\" content=\"article\" \/>\n<meta property=\"og:title\" content=\"Akademia Sprzeda\u017cy M.2 - Akademia Sukcesu - Mateusz Mrozowski Trener Biznesu\" \/>\n<meta property=\"og:description\" content=\"Akademia Sukcesu \u2013 Akademia Sprzeda\u017cy 2-miesi\u0119czna Akademia Online \ud83d\ude80 Odkryj tajniki skutecznej sprzeda\u017cy i rekrutacji w bran\u017cy beauty! Chcesz zwi\u0119kszy\u0107 swoje dochody, pozyskiwa\u0107 wi\u0119cej klient\u00f3w i skutecznie rozwija\u0107 sw\u00f3j biznes? Akademia Sukcesu \u2013 Akademia Sprzeda\u017cy to intensywny, 2-miesi\u0119czny program online, kt\u00f3ry pomo\u017ce Ci opanowa\u0107 kluczowe umiej\u0119tno\u015bci sprzeda\u017cowe i rekrutacyjne. Niezale\u017cnie od tego, czy dopiero zaczynasz, [&hellip;]\" \/>\n<meta property=\"og:url\" content=\"https:\/\/mateuszmrozowski.pl\/sklep\/produkt\/akademia-sprzedazy-m-2-akademia-sukcesu\/\" \/>\n<meta property=\"og:site_name\" content=\"Mateusz Mrozowski Trener Biznesu\" \/>\n<meta property=\"article:publisher\" content=\"https:\/\/www.facebook.com\/mateuszmrozowskisiewca\" \/>\n<meta property=\"article:modified_time\" content=\"2025-08-01T19:31:22+00:00\" \/>\n<meta property=\"og:image\" content=\"https:\/\/mateuszmrozowski.pl\/sklep\/wp-content\/uploads\/2025\/04\/akademia-sprzedazy-2.png\" \/>\n\t<meta property=\"og:image:width\" content=\"1080\" \/>\n\t<meta property=\"og:image:height\" content=\"1080\" \/>\n\t<meta property=\"og:image:type\" content=\"image\/png\" \/>\n<meta name=\"twitter:card\" content=\"summary_large_image\" \/>\n<meta name=\"twitter:label1\" content=\"Szacowany czas czytania\" \/>\n\t<meta name=\"twitter:data1\" content=\"3 minuty\" \/>\n<script type=\"application\/ld+json\" class=\"yoast-schema-graph\">{\"@context\":\"https:\/\/schema.org\",\"@graph\":[{\"@type\":\"WebPage\",\"@id\":\"https:\/\/mateuszmrozowski.pl\/sklep\/produkt\/akademia-sprzedazy-m-2-akademia-sukcesu\/\",\"url\":\"https:\/\/mateuszmrozowski.pl\/sklep\/produkt\/akademia-sprzedazy-m-2-akademia-sukcesu\/\",\"name\":\"Akademia Sprzeda\u017cy M.2 - Akademia Sukcesu - Mateusz Mrozowski Trener Biznesu\",\"isPartOf\":{\"@id\":\"https:\/\/mateuszmrozowski.pl\/sklep\/#website\"},\"primaryImageOfPage\":{\"@id\":\"https:\/\/mateuszmrozowski.pl\/sklep\/produkt\/akademia-sprzedazy-m-2-akademia-sukcesu\/#primaryimage\"},\"image\":{\"@id\":\"https:\/\/mateuszmrozowski.pl\/sklep\/produkt\/akademia-sprzedazy-m-2-akademia-sukcesu\/#primaryimage\"},\"thumbnailUrl\":\"https:\/\/mateuszmrozowski.pl\/sklep\/wp-content\/uploads\/2025\/04\/akademia-sprzedazy-2.png\",\"datePublished\":\"2025-04-22T17:35:05+00:00\",\"dateModified\":\"2025-08-01T19:31:22+00:00\",\"breadcrumb\":{\"@id\":\"https:\/\/mateuszmrozowski.pl\/sklep\/produkt\/akademia-sprzedazy-m-2-akademia-sukcesu\/#breadcrumb\"},\"inLanguage\":\"pl-PL\",\"potentialAction\":[{\"@type\":\"ReadAction\",\"target\":[\"https:\/\/mateuszmrozowski.pl\/sklep\/produkt\/akademia-sprzedazy-m-2-akademia-sukcesu\/\"]}]},{\"@type\":\"ImageObject\",\"inLanguage\":\"pl-PL\",\"@id\":\"https:\/\/mateuszmrozowski.pl\/sklep\/produkt\/akademia-sprzedazy-m-2-akademia-sukcesu\/#primaryimage\",\"url\":\"https:\/\/mateuszmrozowski.pl\/sklep\/wp-content\/uploads\/2025\/04\/akademia-sprzedazy-2.png\",\"contentUrl\":\"https:\/\/mateuszmrozowski.pl\/sklep\/wp-content\/uploads\/2025\/04\/akademia-sprzedazy-2.png\",\"width\":1080,\"height\":1080},{\"@type\":\"BreadcrumbList\",\"@id\":\"https:\/\/mateuszmrozowski.pl\/sklep\/produkt\/akademia-sprzedazy-m-2-akademia-sukcesu\/#breadcrumb\",\"itemListElement\":[{\"@type\":\"ListItem\",\"position\":1,\"name\":\"Strona g\u0142\u00f3wna\",\"item\":\"https:\/\/mateuszmrozowski.pl\/sklep\/\"},{\"@type\":\"ListItem\",\"position\":2,\"name\":\"Szkolenia biznesowe i kursy sprzeda\u017cowe\",\"item\":\"https:\/\/mateuszmrozowski.pl\/sklep\/\"},{\"@type\":\"ListItem\",\"position\":3,\"name\":\"Akademie\",\"item\":\"https:\/\/mateuszmrozowski.pl\/sklep\/kategoria-produktu\/akademie\/\"},{\"@type\":\"ListItem\",\"position\":4,\"name\":\"Akademia Sprzeda\u017cy M.2 &#8211; Akademia Sukcesu\"}]},{\"@type\":\"WebSite\",\"@id\":\"https:\/\/mateuszmrozowski.pl\/sklep\/#website\",\"url\":\"https:\/\/mateuszmrozowski.pl\/sklep\/\",\"name\":\"Mateusz Mrozowski Trener biznesu\",\"description\":\"Walcz\u0119 o wynik dla firm z kt\u00f3rymi wsp\u00f3\u0142pracuj\u0119.\",\"publisher\":{\"@id\":\"https:\/\/mateuszmrozowski.pl\/sklep\/#organization\"},\"alternateName\":\"Mateusz Mrozowski\",\"potentialAction\":[{\"@type\":\"SearchAction\",\"target\":{\"@type\":\"EntryPoint\",\"urlTemplate\":\"https:\/\/mateuszmrozowski.pl\/sklep\/?s={search_term_string}\"},\"query-input\":{\"@type\":\"PropertyValueSpecification\",\"valueRequired\":true,\"valueName\":\"search_term_string\"}}],\"inLanguage\":\"pl-PL\"},{\"@type\":\"Organization\",\"@id\":\"https:\/\/mateuszmrozowski.pl\/sklep\/#organization\",\"name\":\"Mateusz Mrozowski Trener biznesu\",\"alternateName\":\"Mateusz Mrozowski\",\"url\":\"https:\/\/mateuszmrozowski.pl\/sklep\/\",\"logo\":{\"@type\":\"ImageObject\",\"inLanguage\":\"pl-PL\",\"@id\":\"https:\/\/mateuszmrozowski.pl\/sklep\/#\/schema\/logo\/image\/\",\"url\":\"https:\/\/mateuszmrozowski.pl\/sklep\/wp-content\/uploads\/2025\/03\/cropped-mateusz_mrozowski_logo.png\",\"contentUrl\":\"https:\/\/mateuszmrozowski.pl\/sklep\/wp-content\/uploads\/2025\/03\/cropped-mateusz_mrozowski_logo.png\",\"width\":236,\"height\":59,\"caption\":\"Mateusz Mrozowski Trener biznesu\"},\"image\":{\"@id\":\"https:\/\/mateuszmrozowski.pl\/sklep\/#\/schema\/logo\/image\/\"},\"sameAs\":[\"https:\/\/www.facebook.com\/mateuszmrozowskisiewca\",\"https:\/\/www.youtube.com\/channel\/UCI6FhECZ4GdL1TYU5oh5JDg\",\"https:\/\/www.instagram.com\/mrozowski.siewca\/\",\"https:\/\/www.linkedin.com\/in\/mateuszmrozowski\/\",\"https:\/\/maps.app.goo.gl\/Ee8wtgr6gx2CjEM68\",\"https:\/\/www.tiktok.com\/@mateuszmrozowskisiewca\"]}]}<\/script>\n<!-- \/ Yoast SEO plugin. -->","yoast_head_json":{"title":"Akademia Sprzeda\u017cy M.2 - Akademia Sukcesu - Mateusz Mrozowski Trener Biznesu","robots":{"index":"noindex","follow":"nofollow"},"og_locale":"pl_PL","og_type":"article","og_title":"Akademia Sprzeda\u017cy M.2 - Akademia Sukcesu - Mateusz Mrozowski Trener Biznesu","og_description":"Akademia Sukcesu \u2013 Akademia Sprzeda\u017cy 2-miesi\u0119czna Akademia Online \ud83d\ude80 Odkryj tajniki skutecznej sprzeda\u017cy i rekrutacji w bran\u017cy beauty! Chcesz zwi\u0119kszy\u0107 swoje dochody, pozyskiwa\u0107 wi\u0119cej klient\u00f3w i skutecznie rozwija\u0107 sw\u00f3j biznes? Akademia Sukcesu \u2013 Akademia Sprzeda\u017cy to intensywny, 2-miesi\u0119czny program online, kt\u00f3ry pomo\u017ce Ci opanowa\u0107 kluczowe umiej\u0119tno\u015bci sprzeda\u017cowe i rekrutacyjne. Niezale\u017cnie od tego, czy dopiero zaczynasz, [&hellip;]","og_url":"https:\/\/mateuszmrozowski.pl\/sklep\/produkt\/akademia-sprzedazy-m-2-akademia-sukcesu\/","og_site_name":"Mateusz Mrozowski Trener Biznesu","article_publisher":"https:\/\/www.facebook.com\/mateuszmrozowskisiewca","article_modified_time":"2025-08-01T19:31:22+00:00","og_image":[{"width":1080,"height":1080,"url":"https:\/\/mateuszmrozowski.pl\/sklep\/wp-content\/uploads\/2025\/04\/akademia-sprzedazy-2.png","type":"image\/png"}],"twitter_card":"summary_large_image","twitter_misc":{"Szacowany czas czytania":"3 minuty"},"schema":{"@context":"https:\/\/schema.org","@graph":[{"@type":"WebPage","@id":"https:\/\/mateuszmrozowski.pl\/sklep\/produkt\/akademia-sprzedazy-m-2-akademia-sukcesu\/","url":"https:\/\/mateuszmrozowski.pl\/sklep\/produkt\/akademia-sprzedazy-m-2-akademia-sukcesu\/","name":"Akademia Sprzeda\u017cy M.2 - Akademia Sukcesu - Mateusz Mrozowski Trener Biznesu","isPartOf":{"@id":"https:\/\/mateuszmrozowski.pl\/sklep\/#website"},"primaryImageOfPage":{"@id":"https:\/\/mateuszmrozowski.pl\/sklep\/produkt\/akademia-sprzedazy-m-2-akademia-sukcesu\/#primaryimage"},"image":{"@id":"https:\/\/mateuszmrozowski.pl\/sklep\/produkt\/akademia-sprzedazy-m-2-akademia-sukcesu\/#primaryimage"},"thumbnailUrl":"https:\/\/mateuszmrozowski.pl\/sklep\/wp-content\/uploads\/2025\/04\/akademia-sprzedazy-2.png","datePublished":"2025-04-22T17:35:05+00:00","dateModified":"2025-08-01T19:31:22+00:00","breadcrumb":{"@id":"https:\/\/mateuszmrozowski.pl\/sklep\/produkt\/akademia-sprzedazy-m-2-akademia-sukcesu\/#breadcrumb"},"inLanguage":"pl-PL","potentialAction":[{"@type":"ReadAction","target":["https:\/\/mateuszmrozowski.pl\/sklep\/produkt\/akademia-sprzedazy-m-2-akademia-sukcesu\/"]}]},{"@type":"ImageObject","inLanguage":"pl-PL","@id":"https:\/\/mateuszmrozowski.pl\/sklep\/produkt\/akademia-sprzedazy-m-2-akademia-sukcesu\/#primaryimage","url":"https:\/\/mateuszmrozowski.pl\/sklep\/wp-content\/uploads\/2025\/04\/akademia-sprzedazy-2.png","contentUrl":"https:\/\/mateuszmrozowski.pl\/sklep\/wp-content\/uploads\/2025\/04\/akademia-sprzedazy-2.png","width":1080,"height":1080},{"@type":"BreadcrumbList","@id":"https:\/\/mateuszmrozowski.pl\/sklep\/produkt\/akademia-sprzedazy-m-2-akademia-sukcesu\/#breadcrumb","itemListElement":[{"@type":"ListItem","position":1,"name":"Strona g\u0142\u00f3wna","item":"https:\/\/mateuszmrozowski.pl\/sklep\/"},{"@type":"ListItem","position":2,"name":"Szkolenia biznesowe i kursy sprzeda\u017cowe","item":"https:\/\/mateuszmrozowski.pl\/sklep\/"},{"@type":"ListItem","position":3,"name":"Akademie","item":"https:\/\/mateuszmrozowski.pl\/sklep\/kategoria-produktu\/akademie\/"},{"@type":"ListItem","position":4,"name":"Akademia Sprzeda\u017cy M.2 &#8211; Akademia Sukcesu"}]},{"@type":"WebSite","@id":"https:\/\/mateuszmrozowski.pl\/sklep\/#website","url":"https:\/\/mateuszmrozowski.pl\/sklep\/","name":"Mateusz Mrozowski Trener biznesu","description":"Walcz\u0119 o wynik dla firm z kt\u00f3rymi wsp\u00f3\u0142pracuj\u0119.","publisher":{"@id":"https:\/\/mateuszmrozowski.pl\/sklep\/#organization"},"alternateName":"Mateusz Mrozowski","potentialAction":[{"@type":"SearchAction","target":{"@type":"EntryPoint","urlTemplate":"https:\/\/mateuszmrozowski.pl\/sklep\/?s={search_term_string}"},"query-input":{"@type":"PropertyValueSpecification","valueRequired":true,"valueName":"search_term_string"}}],"inLanguage":"pl-PL"},{"@type":"Organization","@id":"https:\/\/mateuszmrozowski.pl\/sklep\/#organization","name":"Mateusz Mrozowski Trener biznesu","alternateName":"Mateusz Mrozowski","url":"https:\/\/mateuszmrozowski.pl\/sklep\/","logo":{"@type":"ImageObject","inLanguage":"pl-PL","@id":"https:\/\/mateuszmrozowski.pl\/sklep\/#\/schema\/logo\/image\/","url":"https:\/\/mateuszmrozowski.pl\/sklep\/wp-content\/uploads\/2025\/03\/cropped-mateusz_mrozowski_logo.png","contentUrl":"https:\/\/mateuszmrozowski.pl\/sklep\/wp-content\/uploads\/2025\/03\/cropped-mateusz_mrozowski_logo.png","width":236,"height":59,"caption":"Mateusz Mrozowski Trener biznesu"},"image":{"@id":"https:\/\/mateuszmrozowski.pl\/sklep\/#\/schema\/logo\/image\/"},"sameAs":["https:\/\/www.facebook.com\/mateuszmrozowskisiewca","https:\/\/www.youtube.com\/channel\/UCI6FhECZ4GdL1TYU5oh5JDg","https:\/\/www.instagram.com\/mrozowski.siewca\/","https:\/\/www.linkedin.com\/in\/mateuszmrozowski\/","https:\/\/maps.app.goo.gl\/Ee8wtgr6gx2CjEM68","https:\/\/www.tiktok.com\/@mateuszmrozowskisiewca"]}]}},"_links":{"self":[{"href":"https:\/\/mateuszmrozowski.pl\/sklep\/wp-json\/wp\/v2\/product\/101195","targetHints":{"allow":["GET"]}}],"collection":[{"href":"https:\/\/mateuszmrozowski.pl\/sklep\/wp-json\/wp\/v2\/product"}],"about":[{"href":"https:\/\/mateuszmrozowski.pl\/sklep\/wp-json\/wp\/v2\/types\/product"}],"wp:featuredmedia":[{"embeddable":true,"href":"https:\/\/mateuszmrozowski.pl\/sklep\/wp-json\/wp\/v2\/media\/101196"}],"wp:attachment":[{"href":"https:\/\/mateuszmrozowski.pl\/sklep\/wp-json\/wp\/v2\/media?parent=101195"}],"wp:term":[{"taxonomy":"product_brand","embeddable":true,"href":"https:\/\/mateuszmrozowski.pl\/sklep\/wp-json\/wp\/v2\/product_brand?post=101195"},{"taxonomy":"product_cat","embeddable":true,"href":"https:\/\/mateuszmrozowski.pl\/sklep\/wp-json\/wp\/v2\/product_cat?post=101195"},{"taxonomy":"product_tag","embeddable":true,"href":"https:\/\/mateuszmrozowski.pl\/sklep\/wp-json\/wp\/v2\/product_tag?post=101195"}],"curies":[{"name":"wp","href":"https:\/\/api.w.org\/{rel}","templated":true}]}}