{"id":101071,"date":"2025-04-14T10:51:47","date_gmt":"2025-04-14T10:51:47","guid":{"rendered":"https:\/\/mateuszmrozowski.pl\/sklep\/?post_type=product&#038;p=101071"},"modified":"2025-11-26T17:04:28","modified_gmt":"2025-11-26T17:04:28","slug":"akademia-sprzedazy-doradcy-energetyczni","status":"publish","type":"product","link":"https:\/\/mateuszmrozowski.pl\/sklep\/produkt\/akademia-sprzedazy-doradcy-energetyczni\/","title":{"rendered":"Akademia Sprzeda\u017cy &#8211; Doradcy Energetyczni"},"content":{"rendered":"\n\n<div class=\"kk-star-ratings kksr-auto kksr-align-left kksr-valign-top kksr-disabled\"\n    data-payload='{&quot;align&quot;:&quot;left&quot;,&quot;id&quot;:&quot;101071&quot;,&quot;readonly&quot;:&quot;1&quot;,&quot;slug&quot;:&quot;default&quot;,&quot;valign&quot;:&quot;top&quot;,&quot;ignore&quot;:&quot;&quot;,&quot;reference&quot;:&quot;auto&quot;,&quot;class&quot;:&quot;&quot;,&quot;count&quot;:&quot;0&quot;,&quot;legendonly&quot;:&quot;&quot;,&quot;score&quot;:&quot;0&quot;,&quot;starsonly&quot;:&quot;&quot;,&quot;best&quot;:&quot;5&quot;,&quot;gap&quot;:&quot;5&quot;,&quot;greet&quot;:&quot;Wystaw ocen\u0119&quot;,&quot;legend&quot;:&quot;0\\\/5 - (0 ocen)&quot;,&quot;size&quot;:&quot;16&quot;,&quot;title&quot;:&quot;Akademia Sprzeda\u017cy - Doradcy Energetyczni&quot;,&quot;width&quot;:&quot;0&quot;,&quot;_legend&quot;:&quot;{score}\\\/{best} - ({count} ocen)&quot;,&quot;font_factor&quot;:&quot;1.25&quot;}'>\n            \n<div class=\"kksr-stars\">\n    \n<div class=\"kksr-stars-inactive\">\n            <div class=\"kksr-star\" data-star=\"1\" style=\"padding-right: 5px\">\n            \n\n<div class=\"kksr-icon\" style=\"width: 16px; height: 16px;\"><\/div>\n        <\/div>\n            <div class=\"kksr-star\" data-star=\"2\" style=\"padding-right: 5px\">\n            \n\n<div class=\"kksr-icon\" style=\"width: 16px; height: 16px;\"><\/div>\n        <\/div>\n            <div class=\"kksr-star\" data-star=\"3\" style=\"padding-right: 5px\">\n            \n\n<div class=\"kksr-icon\" style=\"width: 16px; height: 16px;\"><\/div>\n        <\/div>\n            <div class=\"kksr-star\" data-star=\"4\" style=\"padding-right: 5px\">\n            \n\n<div class=\"kksr-icon\" style=\"width: 16px; height: 16px;\"><\/div>\n        <\/div>\n            <div class=\"kksr-star\" data-star=\"5\" style=\"padding-right: 5px\">\n            \n\n<div class=\"kksr-icon\" style=\"width: 16px; height: 16px;\"><\/div>\n        <\/div>\n    <\/div>\n    \n<div class=\"kksr-stars-active\" style=\"width: 0px;\">\n            <div class=\"kksr-star\" style=\"padding-right: 5px\">\n            \n\n<div class=\"kksr-icon\" style=\"width: 16px; height: 16px;\"><\/div>\n        <\/div>\n            <div class=\"kksr-star\" style=\"padding-right: 5px\">\n            \n\n<div class=\"kksr-icon\" style=\"width: 16px; height: 16px;\"><\/div>\n        <\/div>\n            <div class=\"kksr-star\" style=\"padding-right: 5px\">\n            \n\n<div class=\"kksr-icon\" style=\"width: 16px; height: 16px;\"><\/div>\n        <\/div>\n            <div class=\"kksr-star\" style=\"padding-right: 5px\">\n            \n\n<div class=\"kksr-icon\" style=\"width: 16px; height: 16px;\"><\/div>\n        <\/div>\n            <div class=\"kksr-star\" style=\"padding-right: 5px\">\n            \n\n<div class=\"kksr-icon\" style=\"width: 16px; height: 16px;\"><\/div>\n        <\/div>\n    <\/div>\n<\/div>\n                \n\n<div class=\"kksr-legend\" style=\"font-size: 12.8px;\">\n            <span class=\"kksr-muted\">Wystaw ocen\u0119<\/span>\n    <\/div>\n    <\/div>\n<h3 class=\"\" data-start=\"120\" data-end=\"171\"><strong data-start=\"124\" data-end=\"169\">Akademia Sprzeda\u017cy \u2013 Doradcy Energetyczni<\/strong><\/h3>\n<p class=\"\" data-start=\"172\" data-end=\"215\"><strong data-start=\"172\" data-end=\"215\">12-miesi\u0119czny program rozwoju sprzeda\u017cy<\/strong><\/p>\n<p class=\"\" data-start=\"217\" data-end=\"449\">Zbuduj solidne fundamenty sprzeda\u017cy i rozwijaj swoje umiej\u0119tno\u015bci przez ca\u0142y rok!<br data-start=\"298\" data-end=\"301\" \/>Akademia Sprzeda\u017cy to kompleksowy program stworzony dla doradc\u00f3w energetycznych, kt\u00f3rzy chc\u0105 sprzedawa\u0107 skuteczniej, pewniej i z wi\u0119kszymi wynikami.<\/p>\n<p data-start=\"217\" data-end=\"449\">\ud83d\udd14\u00a0<strong>WA\u017bNE:<\/strong> Po realizacji zam\u00f3wienia z kodem rabatowym, zaloguj si\u0119 na swoje konto i w zak\u0142adce <strong>\u201eKursy na kt\u00f3re si\u0119 zapisano\u201d<\/strong>\u00a0znajdziesz dost\u0119p do Akademii. Kliknij\u00a0<strong>\u201eRozpocznij Nauk\u0119\u201d<\/strong>, a w pierwszej lekcji otrzymasz link do kana\u0142u komunikacyjnego, do kt\u00f3rego nale\u017cy do\u0142\u0105czy\u0107. \ud83d\ude42 Link b\u0119dzie wa\u017cny przez 7 dni, p\u00f3\u017aniej wygasa.<\/p>\n<p class=\"\" data-start=\"451\" data-end=\"736\">\ud83d\udcbc <strong data-start=\"454\" data-end=\"477\">Czego si\u0119 nauczysz?<\/strong><br data-start=\"477\" data-end=\"480\" \/>\u2705 Fundamenty skutecznej sprzeda\u017cy<br data-start=\"513\" data-end=\"516\" \/>\u2705 Praca z obiekcjami i techniki ich neutralizacji<br data-start=\"565\" data-end=\"568\" \/>\u2705 Sprawdzone zasady i techniki sprzeda\u017cowe<br data-start=\"610\" data-end=\"613\" \/>\u2705 Skuteczna komunikacja i zadawanie w\u0142a\u015bciwych pyta\u0144<br data-start=\"665\" data-end=\"668\" \/>\u2705 Negocjacje i dosprzeda\u017c \u2013 jak wyci\u0105ga\u0107 maksimum z ka\u017cdej rozmowy<br \/>\n\u2705 i wiele innych!<\/p>\n<p class=\"\" data-start=\"738\" data-end=\"1001\">\ud83d\uddd3\ufe0f <strong data-start=\"742\" data-end=\"772\">Jak to wygl\u0105da w praktyce?<\/strong><br data-start=\"772\" data-end=\"775\" \/>\ud83d\udd39 1 godzina szkolenia online <strong data-start=\"805\" data-end=\"823\">raz w tygodniu<\/strong><br data-start=\"823\" data-end=\"826\" \/>\ud83d\udd39 1 <strong data-start=\"831\" data-end=\"867\">spotkanie stacjonarne w miesi\u0105cu<\/strong><br data-start=\"867\" data-end=\"870\" \/>\ud83d\udd39 Sta\u0142y kontakt i wymiana do\u015bwiadcze\u0144 na <strong data-start=\"912\" data-end=\"942\">dedykowanej grupie Discord<\/strong>, gdzie komunikujemy si\u0119 przez ca\u0142y czas trwania Akademii<\/p>\n<p class=\"\" data-start=\"1003\" data-end=\"1096\">\ud83d\udce2 To nie tylko teoria \u2013 to realne umiej\u0119tno\u015bci, kt\u00f3re od razu wdra\u017casz w pracy z klientem!<\/p>\n","protected":false},"excerpt":{"rendered":"<p>Akademia Sprzeda\u017cy \u2013 Doradcy Energetyczni 12-miesi\u0119czny program rozwoju sprzeda\u017cy Zbuduj solidne fundamenty sprzeda\u017cy i rozwijaj swoje umiej\u0119tno\u015bci przez ca\u0142y rok!Akademia Sprzeda\u017cy to kompleksowy program stworzony dla doradc\u00f3w energetycznych, kt\u00f3rzy chc\u0105 sprzedawa\u0107 skuteczniej, pewniej i z wi\u0119kszymi wynikami. \ud83d\udd14\u00a0WA\u017bNE: Po realizacji zam\u00f3wienia z kodem rabatowym, zaloguj si\u0119 na swoje konto i w zak\u0142adce \u201eKursy na kt\u00f3re [&hellip;]<\/p>\n","protected":false},"featured_media":101072,"template":"","meta":{"_acf_changed":false,"content-type":""},"product_brand":[],"product_cat":[130],"product_tag":[],"class_list":{"0":"post-101071","1":"product","2":"type-product","3":"status-publish","4":"has-post-thumbnail","6":"product_cat-akademie-firmowe","8":"first","9":"outofstock","10":"virtual","11":"sold-individually","12":"taxable","13":"purchasable","14":"product-type-simple"},"acf":[],"yoast_head":"<!-- This site is optimized with the Yoast SEO plugin v27.1.1 - https:\/\/yoast.com\/product\/yoast-seo-wordpress\/ -->\n<title>Akademia Sprzeda\u017cy - Doradcy Energetyczni - Mateusz Mrozowski Trener Biznesu<\/title>\n<meta name=\"robots\" content=\"noindex, nofollow\" \/>\n<meta property=\"og:locale\" content=\"pl_PL\" \/>\n<meta property=\"og:type\" content=\"article\" \/>\n<meta property=\"og:title\" content=\"Akademia Sprzeda\u017cy - Doradcy Energetyczni - Mateusz Mrozowski Trener Biznesu\" \/>\n<meta property=\"og:description\" content=\"Akademia Sprzeda\u017cy \u2013 Doradcy Energetyczni 12-miesi\u0119czny program rozwoju sprzeda\u017cy Zbuduj solidne fundamenty sprzeda\u017cy i rozwijaj swoje umiej\u0119tno\u015bci przez ca\u0142y rok!Akademia Sprzeda\u017cy to kompleksowy program stworzony dla doradc\u00f3w energetycznych, kt\u00f3rzy chc\u0105 sprzedawa\u0107 skuteczniej, pewniej i z wi\u0119kszymi wynikami. \ud83d\udd14\u00a0WA\u017bNE: Po realizacji zam\u00f3wienia z kodem rabatowym, zaloguj si\u0119 na swoje konto i w zak\u0142adce \u201eKursy na kt\u00f3re [&hellip;]\" \/>\n<meta property=\"og:url\" content=\"https:\/\/mateuszmrozowski.pl\/sklep\/produkt\/akademia-sprzedazy-doradcy-energetyczni\/\" \/>\n<meta property=\"og:site_name\" content=\"Mateusz Mrozowski Trener Biznesu\" \/>\n<meta property=\"article:publisher\" content=\"https:\/\/www.facebook.com\/mateuszmrozowskisiewca\" \/>\n<meta property=\"article:modified_time\" content=\"2025-11-26T17:04:28+00:00\" \/>\n<meta property=\"og:image\" content=\"https:\/\/mateuszmrozowski.pl\/sklep\/wp-content\/uploads\/2025\/04\/akademia-de-2.png\" \/>\n\t<meta property=\"og:image:width\" content=\"1080\" \/>\n\t<meta property=\"og:image:height\" content=\"1080\" \/>\n\t<meta property=\"og:image:type\" content=\"image\/png\" \/>\n<meta name=\"twitter:card\" content=\"summary_large_image\" \/>\n<meta name=\"twitter:label1\" content=\"Szacowany czas czytania\" \/>\n\t<meta name=\"twitter:data1\" content=\"2 minuty\" \/>\n<script type=\"application\/ld+json\" class=\"yoast-schema-graph\">{\"@context\":\"https:\/\/schema.org\",\"@graph\":[{\"@type\":\"WebPage\",\"@id\":\"https:\/\/mateuszmrozowski.pl\/sklep\/produkt\/akademia-sprzedazy-doradcy-energetyczni\/\",\"url\":\"https:\/\/mateuszmrozowski.pl\/sklep\/produkt\/akademia-sprzedazy-doradcy-energetyczni\/\",\"name\":\"Akademia Sprzeda\u017cy - Doradcy Energetyczni - Mateusz Mrozowski Trener Biznesu\",\"isPartOf\":{\"@id\":\"https:\/\/mateuszmrozowski.pl\/sklep\/#website\"},\"primaryImageOfPage\":{\"@id\":\"https:\/\/mateuszmrozowski.pl\/sklep\/produkt\/akademia-sprzedazy-doradcy-energetyczni\/#primaryimage\"},\"image\":{\"@id\":\"https:\/\/mateuszmrozowski.pl\/sklep\/produkt\/akademia-sprzedazy-doradcy-energetyczni\/#primaryimage\"},\"thumbnailUrl\":\"https:\/\/mateuszmrozowski.pl\/sklep\/wp-content\/uploads\/2025\/04\/akademia-de-2.png\",\"datePublished\":\"2025-04-14T10:51:47+00:00\",\"dateModified\":\"2025-11-26T17:04:28+00:00\",\"breadcrumb\":{\"@id\":\"https:\/\/mateuszmrozowski.pl\/sklep\/produkt\/akademia-sprzedazy-doradcy-energetyczni\/#breadcrumb\"},\"inLanguage\":\"pl-PL\",\"potentialAction\":[{\"@type\":\"ReadAction\",\"target\":[\"https:\/\/mateuszmrozowski.pl\/sklep\/produkt\/akademia-sprzedazy-doradcy-energetyczni\/\"]}]},{\"@type\":\"ImageObject\",\"inLanguage\":\"pl-PL\",\"@id\":\"https:\/\/mateuszmrozowski.pl\/sklep\/produkt\/akademia-sprzedazy-doradcy-energetyczni\/#primaryimage\",\"url\":\"https:\/\/mateuszmrozowski.pl\/sklep\/wp-content\/uploads\/2025\/04\/akademia-de-2.png\",\"contentUrl\":\"https:\/\/mateuszmrozowski.pl\/sklep\/wp-content\/uploads\/2025\/04\/akademia-de-2.png\",\"width\":1080,\"height\":1080},{\"@type\":\"BreadcrumbList\",\"@id\":\"https:\/\/mateuszmrozowski.pl\/sklep\/produkt\/akademia-sprzedazy-doradcy-energetyczni\/#breadcrumb\",\"itemListElement\":[{\"@type\":\"ListItem\",\"position\":1,\"name\":\"Strona g\u0142\u00f3wna\",\"item\":\"https:\/\/mateuszmrozowski.pl\/sklep\/\"},{\"@type\":\"ListItem\",\"position\":2,\"name\":\"Szkolenia biznesowe i kursy sprzeda\u017cowe\",\"item\":\"https:\/\/mateuszmrozowski.pl\/sklep\/\"},{\"@type\":\"ListItem\",\"position\":3,\"name\":\"Akademie\",\"item\":\"https:\/\/mateuszmrozowski.pl\/sklep\/kategoria-produktu\/akademie\/\"},{\"@type\":\"ListItem\",\"position\":4,\"name\":\"Akademia Sprzeda\u017cy &#8211; Doradcy Energetyczni\"}]},{\"@type\":\"WebSite\",\"@id\":\"https:\/\/mateuszmrozowski.pl\/sklep\/#website\",\"url\":\"https:\/\/mateuszmrozowski.pl\/sklep\/\",\"name\":\"Mateusz Mrozowski Trener biznesu\",\"description\":\"Walcz\u0119 o wynik dla firm z kt\u00f3rymi wsp\u00f3\u0142pracuj\u0119.\",\"publisher\":{\"@id\":\"https:\/\/mateuszmrozowski.pl\/sklep\/#organization\"},\"alternateName\":\"Mateusz Mrozowski\",\"potentialAction\":[{\"@type\":\"SearchAction\",\"target\":{\"@type\":\"EntryPoint\",\"urlTemplate\":\"https:\/\/mateuszmrozowski.pl\/sklep\/?s={search_term_string}\"},\"query-input\":{\"@type\":\"PropertyValueSpecification\",\"valueRequired\":true,\"valueName\":\"search_term_string\"}}],\"inLanguage\":\"pl-PL\"},{\"@type\":\"Organization\",\"@id\":\"https:\/\/mateuszmrozowski.pl\/sklep\/#organization\",\"name\":\"Mateusz Mrozowski Trener biznesu\",\"alternateName\":\"Mateusz Mrozowski\",\"url\":\"https:\/\/mateuszmrozowski.pl\/sklep\/\",\"logo\":{\"@type\":\"ImageObject\",\"inLanguage\":\"pl-PL\",\"@id\":\"https:\/\/mateuszmrozowski.pl\/sklep\/#\/schema\/logo\/image\/\",\"url\":\"https:\/\/mateuszmrozowski.pl\/sklep\/wp-content\/uploads\/2025\/03\/cropped-mateusz_mrozowski_logo.png\",\"contentUrl\":\"https:\/\/mateuszmrozowski.pl\/sklep\/wp-content\/uploads\/2025\/03\/cropped-mateusz_mrozowski_logo.png\",\"width\":236,\"height\":59,\"caption\":\"Mateusz Mrozowski Trener biznesu\"},\"image\":{\"@id\":\"https:\/\/mateuszmrozowski.pl\/sklep\/#\/schema\/logo\/image\/\"},\"sameAs\":[\"https:\/\/www.facebook.com\/mateuszmrozowskisiewca\",\"https:\/\/www.youtube.com\/channel\/UCI6FhECZ4GdL1TYU5oh5JDg\",\"https:\/\/www.instagram.com\/mrozowski.siewca\/\",\"https:\/\/www.linkedin.com\/in\/mateuszmrozowski\/\",\"https:\/\/maps.app.goo.gl\/Ee8wtgr6gx2CjEM68\",\"https:\/\/www.tiktok.com\/@mateuszmrozowskisiewca\"]}]}<\/script>\n<!-- \/ Yoast SEO plugin. -->","yoast_head_json":{"title":"Akademia Sprzeda\u017cy - Doradcy Energetyczni - Mateusz Mrozowski Trener Biznesu","robots":{"index":"noindex","follow":"nofollow"},"og_locale":"pl_PL","og_type":"article","og_title":"Akademia Sprzeda\u017cy - Doradcy Energetyczni - Mateusz Mrozowski Trener Biznesu","og_description":"Akademia Sprzeda\u017cy \u2013 Doradcy Energetyczni 12-miesi\u0119czny program rozwoju sprzeda\u017cy Zbuduj solidne fundamenty sprzeda\u017cy i rozwijaj swoje umiej\u0119tno\u015bci przez ca\u0142y rok!Akademia Sprzeda\u017cy to kompleksowy program stworzony dla doradc\u00f3w energetycznych, kt\u00f3rzy chc\u0105 sprzedawa\u0107 skuteczniej, pewniej i z wi\u0119kszymi wynikami. \ud83d\udd14\u00a0WA\u017bNE: Po realizacji zam\u00f3wienia z kodem rabatowym, zaloguj si\u0119 na swoje konto i w zak\u0142adce \u201eKursy na kt\u00f3re [&hellip;]","og_url":"https:\/\/mateuszmrozowski.pl\/sklep\/produkt\/akademia-sprzedazy-doradcy-energetyczni\/","og_site_name":"Mateusz Mrozowski Trener Biznesu","article_publisher":"https:\/\/www.facebook.com\/mateuszmrozowskisiewca","article_modified_time":"2025-11-26T17:04:28+00:00","og_image":[{"width":1080,"height":1080,"url":"https:\/\/mateuszmrozowski.pl\/sklep\/wp-content\/uploads\/2025\/04\/akademia-de-2.png","type":"image\/png"}],"twitter_card":"summary_large_image","twitter_misc":{"Szacowany czas czytania":"2 minuty"},"schema":{"@context":"https:\/\/schema.org","@graph":[{"@type":"WebPage","@id":"https:\/\/mateuszmrozowski.pl\/sklep\/produkt\/akademia-sprzedazy-doradcy-energetyczni\/","url":"https:\/\/mateuszmrozowski.pl\/sklep\/produkt\/akademia-sprzedazy-doradcy-energetyczni\/","name":"Akademia Sprzeda\u017cy - Doradcy Energetyczni - Mateusz Mrozowski Trener Biznesu","isPartOf":{"@id":"https:\/\/mateuszmrozowski.pl\/sklep\/#website"},"primaryImageOfPage":{"@id":"https:\/\/mateuszmrozowski.pl\/sklep\/produkt\/akademia-sprzedazy-doradcy-energetyczni\/#primaryimage"},"image":{"@id":"https:\/\/mateuszmrozowski.pl\/sklep\/produkt\/akademia-sprzedazy-doradcy-energetyczni\/#primaryimage"},"thumbnailUrl":"https:\/\/mateuszmrozowski.pl\/sklep\/wp-content\/uploads\/2025\/04\/akademia-de-2.png","datePublished":"2025-04-14T10:51:47+00:00","dateModified":"2025-11-26T17:04:28+00:00","breadcrumb":{"@id":"https:\/\/mateuszmrozowski.pl\/sklep\/produkt\/akademia-sprzedazy-doradcy-energetyczni\/#breadcrumb"},"inLanguage":"pl-PL","potentialAction":[{"@type":"ReadAction","target":["https:\/\/mateuszmrozowski.pl\/sklep\/produkt\/akademia-sprzedazy-doradcy-energetyczni\/"]}]},{"@type":"ImageObject","inLanguage":"pl-PL","@id":"https:\/\/mateuszmrozowski.pl\/sklep\/produkt\/akademia-sprzedazy-doradcy-energetyczni\/#primaryimage","url":"https:\/\/mateuszmrozowski.pl\/sklep\/wp-content\/uploads\/2025\/04\/akademia-de-2.png","contentUrl":"https:\/\/mateuszmrozowski.pl\/sklep\/wp-content\/uploads\/2025\/04\/akademia-de-2.png","width":1080,"height":1080},{"@type":"BreadcrumbList","@id":"https:\/\/mateuszmrozowski.pl\/sklep\/produkt\/akademia-sprzedazy-doradcy-energetyczni\/#breadcrumb","itemListElement":[{"@type":"ListItem","position":1,"name":"Strona g\u0142\u00f3wna","item":"https:\/\/mateuszmrozowski.pl\/sklep\/"},{"@type":"ListItem","position":2,"name":"Szkolenia biznesowe i kursy sprzeda\u017cowe","item":"https:\/\/mateuszmrozowski.pl\/sklep\/"},{"@type":"ListItem","position":3,"name":"Akademie","item":"https:\/\/mateuszmrozowski.pl\/sklep\/kategoria-produktu\/akademie\/"},{"@type":"ListItem","position":4,"name":"Akademia Sprzeda\u017cy &#8211; Doradcy Energetyczni"}]},{"@type":"WebSite","@id":"https:\/\/mateuszmrozowski.pl\/sklep\/#website","url":"https:\/\/mateuszmrozowski.pl\/sklep\/","name":"Mateusz Mrozowski Trener biznesu","description":"Walcz\u0119 o wynik dla firm z kt\u00f3rymi wsp\u00f3\u0142pracuj\u0119.","publisher":{"@id":"https:\/\/mateuszmrozowski.pl\/sklep\/#organization"},"alternateName":"Mateusz Mrozowski","potentialAction":[{"@type":"SearchAction","target":{"@type":"EntryPoint","urlTemplate":"https:\/\/mateuszmrozowski.pl\/sklep\/?s={search_term_string}"},"query-input":{"@type":"PropertyValueSpecification","valueRequired":true,"valueName":"search_term_string"}}],"inLanguage":"pl-PL"},{"@type":"Organization","@id":"https:\/\/mateuszmrozowski.pl\/sklep\/#organization","name":"Mateusz Mrozowski Trener biznesu","alternateName":"Mateusz Mrozowski","url":"https:\/\/mateuszmrozowski.pl\/sklep\/","logo":{"@type":"ImageObject","inLanguage":"pl-PL","@id":"https:\/\/mateuszmrozowski.pl\/sklep\/#\/schema\/logo\/image\/","url":"https:\/\/mateuszmrozowski.pl\/sklep\/wp-content\/uploads\/2025\/03\/cropped-mateusz_mrozowski_logo.png","contentUrl":"https:\/\/mateuszmrozowski.pl\/sklep\/wp-content\/uploads\/2025\/03\/cropped-mateusz_mrozowski_logo.png","width":236,"height":59,"caption":"Mateusz Mrozowski Trener biznesu"},"image":{"@id":"https:\/\/mateuszmrozowski.pl\/sklep\/#\/schema\/logo\/image\/"},"sameAs":["https:\/\/www.facebook.com\/mateuszmrozowskisiewca","https:\/\/www.youtube.com\/channel\/UCI6FhECZ4GdL1TYU5oh5JDg","https:\/\/www.instagram.com\/mrozowski.siewca\/","https:\/\/www.linkedin.com\/in\/mateuszmrozowski\/","https:\/\/maps.app.goo.gl\/Ee8wtgr6gx2CjEM68","https:\/\/www.tiktok.com\/@mateuszmrozowskisiewca"]}]}},"_links":{"self":[{"href":"https:\/\/mateuszmrozowski.pl\/sklep\/wp-json\/wp\/v2\/product\/101071","targetHints":{"allow":["GET"]}}],"collection":[{"href":"https:\/\/mateuszmrozowski.pl\/sklep\/wp-json\/wp\/v2\/product"}],"about":[{"href":"https:\/\/mateuszmrozowski.pl\/sklep\/wp-json\/wp\/v2\/types\/product"}],"wp:featuredmedia":[{"embeddable":true,"href":"https:\/\/mateuszmrozowski.pl\/sklep\/wp-json\/wp\/v2\/media\/101072"}],"wp:attachment":[{"href":"https:\/\/mateuszmrozowski.pl\/sklep\/wp-json\/wp\/v2\/media?parent=101071"}],"wp:term":[{"taxonomy":"product_brand","embeddable":true,"href":"https:\/\/mateuszmrozowski.pl\/sklep\/wp-json\/wp\/v2\/product_brand?post=101071"},{"taxonomy":"product_cat","embeddable":true,"href":"https:\/\/mateuszmrozowski.pl\/sklep\/wp-json\/wp\/v2\/product_cat?post=101071"},{"taxonomy":"product_tag","embeddable":true,"href":"https:\/\/mateuszmrozowski.pl\/sklep\/wp-json\/wp\/v2\/product_tag?post=101071"}],"curies":[{"name":"wp","href":"https:\/\/api.w.org\/{rel}","templated":true}]}}