{"id":100502,"date":"2025-04-06T20:27:52","date_gmt":"2025-04-06T20:27:52","guid":{"rendered":"https:\/\/mateuszmrozowski.pl\/sklep\/?post_type=product&#038;p=100502"},"modified":"2025-10-03T14:23:01","modified_gmt":"2025-10-03T14:23:01","slug":"konsultacja-zespol-wordpress","status":"publish","type":"product","link":"https:\/\/mateuszmrozowski.pl\/sklep\/produkt\/konsultacja-zespol-wordpress\/","title":{"rendered":"Konsultacja M&#038;M Team &#8211; WordPress"},"content":{"rendered":"\n\n<div class=\"kk-star-ratings kksr-auto kksr-align-left kksr-valign-top kksr-disabled\"\n    data-payload='{&quot;align&quot;:&quot;left&quot;,&quot;id&quot;:&quot;100502&quot;,&quot;readonly&quot;:&quot;1&quot;,&quot;slug&quot;:&quot;default&quot;,&quot;valign&quot;:&quot;top&quot;,&quot;ignore&quot;:&quot;&quot;,&quot;reference&quot;:&quot;auto&quot;,&quot;class&quot;:&quot;&quot;,&quot;count&quot;:&quot;1&quot;,&quot;legendonly&quot;:&quot;&quot;,&quot;score&quot;:&quot;5&quot;,&quot;starsonly&quot;:&quot;&quot;,&quot;best&quot;:&quot;5&quot;,&quot;gap&quot;:&quot;5&quot;,&quot;greet&quot;:&quot;Wystaw ocen\u0119&quot;,&quot;legend&quot;:&quot;5\\\/5 - (1 ocen)&quot;,&quot;size&quot;:&quot;16&quot;,&quot;title&quot;:&quot;Konsultacja M\\u0026amp;M Team - Wordpress&quot;,&quot;width&quot;:&quot;102.5&quot;,&quot;_legend&quot;:&quot;{score}\\\/{best} - ({count} ocen)&quot;,&quot;font_factor&quot;:&quot;1.25&quot;}'>\n            \n<div class=\"kksr-stars\">\n    \n<div class=\"kksr-stars-inactive\">\n            <div class=\"kksr-star\" data-star=\"1\" style=\"padding-right: 5px\">\n            \n\n<div class=\"kksr-icon\" style=\"width: 16px; height: 16px;\"><\/div>\n        <\/div>\n            <div class=\"kksr-star\" data-star=\"2\" style=\"padding-right: 5px\">\n            \n\n<div class=\"kksr-icon\" style=\"width: 16px; height: 16px;\"><\/div>\n        <\/div>\n            <div class=\"kksr-star\" data-star=\"3\" style=\"padding-right: 5px\">\n            \n\n<div class=\"kksr-icon\" style=\"width: 16px; height: 16px;\"><\/div>\n        <\/div>\n            <div class=\"kksr-star\" data-star=\"4\" style=\"padding-right: 5px\">\n            \n\n<div class=\"kksr-icon\" style=\"width: 16px; height: 16px;\"><\/div>\n        <\/div>\n            <div class=\"kksr-star\" data-star=\"5\" style=\"padding-right: 5px\">\n            \n\n<div class=\"kksr-icon\" style=\"width: 16px; height: 16px;\"><\/div>\n        <\/div>\n    <\/div>\n    \n<div class=\"kksr-stars-active\" style=\"width: 102.5px;\">\n            <div class=\"kksr-star\" style=\"padding-right: 5px\">\n            \n\n<div class=\"kksr-icon\" style=\"width: 16px; height: 16px;\"><\/div>\n        <\/div>\n            <div class=\"kksr-star\" style=\"padding-right: 5px\">\n            \n\n<div class=\"kksr-icon\" style=\"width: 16px; height: 16px;\"><\/div>\n        <\/div>\n            <div class=\"kksr-star\" style=\"padding-right: 5px\">\n            \n\n<div class=\"kksr-icon\" style=\"width: 16px; height: 16px;\"><\/div>\n        <\/div>\n            <div class=\"kksr-star\" style=\"padding-right: 5px\">\n            \n\n<div class=\"kksr-icon\" style=\"width: 16px; height: 16px;\"><\/div>\n        <\/div>\n            <div class=\"kksr-star\" style=\"padding-right: 5px\">\n            \n\n<div class=\"kksr-icon\" style=\"width: 16px; height: 16px;\"><\/div>\n        <\/div>\n    <\/div>\n<\/div>\n                \n\n<div class=\"kksr-legend\" style=\"font-size: 12.8px;\">\n            5\/5 - (1 ocen)    <\/div>\n    <\/div>\n<h2>Konsultacja WordPress \u2013 indywidualne wsparcie (50 minut)<\/h2>\n<p>Masz stron\u0119 na WordPressie lub planujesz j\u0105 stworzy\u0107, ale potrzebujesz pomocy?<br \/>\nTa indywidualna konsultacja to 50 minut konkretnego wsparcia \u2013 bez og\u00f3lnik\u00f3w, bez chaosu, z pe\u0142nym skupieniem na Twoich potrzebach.<\/p>\n<p>To najlepsza opcja dla os\u00f3b, kt\u00f3re chc\u0105 uporz\u0105dkowa\u0107 dzia\u0142ania, rozwi\u0105za\u0107 problemy techniczne i uzyska\u0107 odpowiedzi na nurtuj\u0105ce pytania.<\/p>\n<hr \/>\n<h3><strong>Dla kogo przeznaczona jest konsultacja?<\/strong><\/h3>\n<ul>\n<li>dla os\u00f3b zaczynaj\u0105cych przygod\u0119 z WordPressem<\/li>\n<li>dla w\u0142a\u015bcicieli stron, kt\u00f3rzy chc\u0105 je rozbudowa\u0107, przyspieszy\u0107 lub zabezpieczy\u0107<\/li>\n<li>dla freelancer\u00f3w, tw\u00f3rc\u00f3w i specjalist\u00f3w szukaj\u0105cych technicznego wsparcia<\/li>\n<li>dla ka\u017cdego, kto chce samodzielnie zarz\u0105dza\u0107 swoj\u0105 stron\u0105, ale potrzebuje merytorycznego przewodnika<\/li>\n<\/ul>\n<hr \/>\n<h3><strong>Czego dotyczy konsultacja?<\/strong><\/h3>\n<p>Zakres spotkania dostosowywany jest indywidualnie. Najcz\u0119\u015bciej poruszane tematy to:<\/p>\n<ul>\n<li>zak\u0142adanie i konfiguracja strony WordPress \u2013 krok po kroku<\/li>\n<li>personalizacja motyw\u00f3w, dob\u00f3r i obs\u0142uga wtyczek<\/li>\n<li>poprawa wydajno\u015bci strony i jej optymalizacja<\/li>\n<li>podstawowe zasady bezpiecze\u0144stwa i ochrony danych<\/li>\n<li>SEO \u2013 jak poprawi\u0107 widoczno\u015b\u0107 strony w wyszukiwarkach<\/li>\n<li>integracje z zewn\u0119trznymi narz\u0119dziami \u2013 newslettery, analityka, formularze<\/li>\n<\/ul>\n<p>Je\u015bli uczestnik ma konkretny problem \u2013 konsultacja b\u0119dzie w pe\u0142ni skupiona na jego rozwi\u0105zaniu.<\/p>\n<hr \/>\n<h3 class=\"\" data-start=\"2538\" data-end=\"2565\"><strong>Szczeg\u00f3\u0142y organizacyjne<\/strong><\/h3>\n<ul>\n<li data-start=\"2569\" data-end=\"2597\"><strong data-start=\"2569\" data-end=\"2585\">Czas trwania<\/strong>: 50 minut<\/li>\n<li data-start=\"2600\" data-end=\"2654\"><strong data-start=\"2600\" data-end=\"2609\">Forma<\/strong>: online (platforma ustalana indywidualnie)<\/li>\n<li data-start=\"2657\" data-end=\"2699\"><strong data-start=\"2657\" data-end=\"2667\">Termin<\/strong>: ustalany po dokonaniu zakupu &#8211; nasz zesp\u00f3\u0142 kontaktuje si\u0119 z Tob\u0105 i ustala termin konsultacji<\/li>\n<\/ul>\n<hr \/>\n<h3><strong>Kto prowadzi konsultacj\u0119?<\/strong><\/h3>\n<p>Konsultacje prowadzi <strong>Robert<\/strong> \u2013 nasz specjalista WordPress z wieloletnim do\u015bwiadczeniem. Na co dzie\u0144 zwi\u0105zany z agencj\u0105 interaktywn\u0105 <strong>Magia Us\u0142ug<\/strong>, gdzie odpowiada za tworzenie, optymalizacj\u0119 i rozw\u00f3j stron oraz system\u00f3w opartych na WordPressie.<\/p>\n<p>Robert przeprowadzi\u0142 dziesi\u0105tki wdro\u017ce\u0144, audyt\u00f3w i optymalizacji. Dzi\u0119ki praktycznemu podej\u015bciu pomaga uczestnikom nie tylko rozwi\u0105za\u0107 bie\u017c\u0105ce problemy, ale r\u00f3wnie\u017c zrozumie\u0107, jak dzia\u0142a WordPress i jak samodzielnie z nim pracowa\u0107.<\/p>\n<hr \/>\n<h3>Szczeg\u00f3\u0142y<\/h3>\n<ul>\n<li><strong>Czas trwania<\/strong>: 50 minut<\/li>\n<li><strong>Forma<\/strong>: online (Google Meet \/ Zoom)<\/li>\n<li><strong>Proces<\/strong>: zakup \u2192 wyb\u00f3r terminu \u2192 spotkanie \u2192 (opcjonalne) podsumowanie<\/li>\n<\/ul>\n<hr \/>\n<h3>Gotowy, by zrobi\u0107 porz\u0105dek ze swoj\u0105 stron\u0105?<\/h3>\n<p>Zarezerwuj konsultacj\u0119 z Robertem i pracuj \u015bwiadomie nad swoj\u0105 stron\u0105 WordPress \u2013 z pe\u0142nym wsparciem, na jasnych zasadach.<\/p>\n<p>&nbsp;<\/p>\n","protected":false},"excerpt":{"rendered":"<p>Konsultacja WordPress \u2013 indywidualne wsparcie (50 minut) Masz stron\u0119 na WordPressie lub planujesz j\u0105 stworzy\u0107, ale potrzebujesz pomocy? Ta indywidualna konsultacja to 50 minut konkretnego wsparcia \u2013 bez og\u00f3lnik\u00f3w, bez chaosu, z pe\u0142nym skupieniem na Twoich potrzebach. To najlepsza opcja dla os\u00f3b, kt\u00f3re chc\u0105 uporz\u0105dkowa\u0107 dzia\u0142ania, rozwi\u0105za\u0107 problemy techniczne i uzyska\u0107 odpowiedzi na nurtuj\u0105ce pytania. [&hellip;]<\/p>\n","protected":false},"featured_media":101009,"template":"","meta":{"_acf_changed":false,"content-type":""},"product_brand":[],"product_cat":[39],"product_tag":[120],"class_list":{"0":"post-100502","1":"product","2":"type-product","3":"status-publish","4":"has-post-thumbnail","6":"product_cat-konsultacje","7":"product_tag-feed","9":"first","10":"instock","11":"virtual","12":"taxable","13":"purchasable","14":"product-type-simple"},"acf":[],"yoast_head":"<!-- This site is optimized with the Yoast SEO plugin v27.1.1 - https:\/\/yoast.com\/product\/yoast-seo-wordpress\/ -->\n<title>Konsultacja M&amp;M Team - Wordpress - Mateusz Mrozowski Trener Biznesu<\/title>\n<meta name=\"robots\" content=\"index, follow, max-snippet:-1, max-image-preview:large, max-video-preview:-1\" \/>\n<link rel=\"canonical\" href=\"https:\/\/mateuszmrozowski.pl\/sklep\/produkt\/konsultacja-zespol-wordpress\/\" \/>\n<meta property=\"og:locale\" content=\"pl_PL\" \/>\n<meta property=\"og:type\" content=\"article\" \/>\n<meta property=\"og:title\" content=\"Konsultacja M&amp;M Team - Wordpress - Mateusz Mrozowski Trener Biznesu\" \/>\n<meta property=\"og:description\" content=\"Konsultacja WordPress \u2013 indywidualne wsparcie (50 minut) Masz stron\u0119 na WordPressie lub planujesz j\u0105 stworzy\u0107, ale potrzebujesz pomocy? Ta indywidualna konsultacja to 50 minut konkretnego wsparcia \u2013 bez og\u00f3lnik\u00f3w, bez chaosu, z pe\u0142nym skupieniem na Twoich potrzebach. To najlepsza opcja dla os\u00f3b, kt\u00f3re chc\u0105 uporz\u0105dkowa\u0107 dzia\u0142ania, rozwi\u0105za\u0107 problemy techniczne i uzyska\u0107 odpowiedzi na nurtuj\u0105ce pytania. [&hellip;]\" \/>\n<meta property=\"og:url\" content=\"https:\/\/mateuszmrozowski.pl\/sklep\/produkt\/konsultacja-zespol-wordpress\/\" \/>\n<meta property=\"og:site_name\" content=\"Mateusz Mrozowski Trener Biznesu\" \/>\n<meta property=\"article:publisher\" content=\"https:\/\/www.facebook.com\/mateuszmrozowskisiewca\" \/>\n<meta property=\"article:modified_time\" content=\"2025-10-03T14:23:01+00:00\" \/>\n<meta property=\"og:image\" content=\"https:\/\/mateuszmrozowski.pl\/sklep\/wp-content\/uploads\/2025\/04\/wordpress-Konsultacje.png\" \/>\n\t<meta property=\"og:image:width\" content=\"1080\" \/>\n\t<meta property=\"og:image:height\" content=\"1080\" \/>\n\t<meta property=\"og:image:type\" content=\"image\/png\" \/>\n<meta name=\"twitter:card\" content=\"summary_large_image\" \/>\n<meta name=\"twitter:label1\" content=\"Szacowany czas czytania\" \/>\n\t<meta name=\"twitter:data1\" content=\"2 minuty\" \/>\n<script type=\"application\/ld+json\" class=\"yoast-schema-graph\">{\"@context\":\"https:\/\/schema.org\",\"@graph\":[{\"@type\":\"WebPage\",\"@id\":\"https:\/\/mateuszmrozowski.pl\/sklep\/produkt\/konsultacja-zespol-wordpress\/\",\"url\":\"https:\/\/mateuszmrozowski.pl\/sklep\/produkt\/konsultacja-zespol-wordpress\/\",\"name\":\"Konsultacja M&M Team - Wordpress - Mateusz Mrozowski Trener Biznesu\",\"isPartOf\":{\"@id\":\"https:\/\/mateuszmrozowski.pl\/sklep\/#website\"},\"primaryImageOfPage\":{\"@id\":\"https:\/\/mateuszmrozowski.pl\/sklep\/produkt\/konsultacja-zespol-wordpress\/#primaryimage\"},\"image\":{\"@id\":\"https:\/\/mateuszmrozowski.pl\/sklep\/produkt\/konsultacja-zespol-wordpress\/#primaryimage\"},\"thumbnailUrl\":\"https:\/\/mateuszmrozowski.pl\/sklep\/wp-content\/uploads\/2025\/04\/wordpress-Konsultacje.png\",\"datePublished\":\"2025-04-06T20:27:52+00:00\",\"dateModified\":\"2025-10-03T14:23:01+00:00\",\"breadcrumb\":{\"@id\":\"https:\/\/mateuszmrozowski.pl\/sklep\/produkt\/konsultacja-zespol-wordpress\/#breadcrumb\"},\"inLanguage\":\"pl-PL\",\"potentialAction\":[{\"@type\":\"ReadAction\",\"target\":[\"https:\/\/mateuszmrozowski.pl\/sklep\/produkt\/konsultacja-zespol-wordpress\/\"]}]},{\"@type\":\"ImageObject\",\"inLanguage\":\"pl-PL\",\"@id\":\"https:\/\/mateuszmrozowski.pl\/sklep\/produkt\/konsultacja-zespol-wordpress\/#primaryimage\",\"url\":\"https:\/\/mateuszmrozowski.pl\/sklep\/wp-content\/uploads\/2025\/04\/wordpress-Konsultacje.png\",\"contentUrl\":\"https:\/\/mateuszmrozowski.pl\/sklep\/wp-content\/uploads\/2025\/04\/wordpress-Konsultacje.png\",\"width\":1080,\"height\":1080},{\"@type\":\"BreadcrumbList\",\"@id\":\"https:\/\/mateuszmrozowski.pl\/sklep\/produkt\/konsultacja-zespol-wordpress\/#breadcrumb\",\"itemListElement\":[{\"@type\":\"ListItem\",\"position\":1,\"name\":\"Strona g\u0142\u00f3wna\",\"item\":\"https:\/\/mateuszmrozowski.pl\/sklep\/\"},{\"@type\":\"ListItem\",\"position\":2,\"name\":\"Szkolenia biznesowe i kursy sprzeda\u017cowe\",\"item\":\"https:\/\/mateuszmrozowski.pl\/sklep\/\"},{\"@type\":\"ListItem\",\"position\":3,\"name\":\"Konsultacje\",\"item\":\"https:\/\/mateuszmrozowski.pl\/sklep\/kategoria-produktu\/konsultacje\/\"},{\"@type\":\"ListItem\",\"position\":4,\"name\":\"Konsultacja M&#038;M Team &#8211; WordPress\"}]},{\"@type\":\"WebSite\",\"@id\":\"https:\/\/mateuszmrozowski.pl\/sklep\/#website\",\"url\":\"https:\/\/mateuszmrozowski.pl\/sklep\/\",\"name\":\"Mateusz Mrozowski Trener biznesu\",\"description\":\"Walcz\u0119 o wynik dla firm z kt\u00f3rymi wsp\u00f3\u0142pracuj\u0119.\",\"publisher\":{\"@id\":\"https:\/\/mateuszmrozowski.pl\/sklep\/#organization\"},\"alternateName\":\"Mateusz Mrozowski\",\"potentialAction\":[{\"@type\":\"SearchAction\",\"target\":{\"@type\":\"EntryPoint\",\"urlTemplate\":\"https:\/\/mateuszmrozowski.pl\/sklep\/?s={search_term_string}\"},\"query-input\":{\"@type\":\"PropertyValueSpecification\",\"valueRequired\":true,\"valueName\":\"search_term_string\"}}],\"inLanguage\":\"pl-PL\"},{\"@type\":\"Organization\",\"@id\":\"https:\/\/mateuszmrozowski.pl\/sklep\/#organization\",\"name\":\"Mateusz Mrozowski Trener biznesu\",\"alternateName\":\"Mateusz Mrozowski\",\"url\":\"https:\/\/mateuszmrozowski.pl\/sklep\/\",\"logo\":{\"@type\":\"ImageObject\",\"inLanguage\":\"pl-PL\",\"@id\":\"https:\/\/mateuszmrozowski.pl\/sklep\/#\/schema\/logo\/image\/\",\"url\":\"https:\/\/mateuszmrozowski.pl\/sklep\/wp-content\/uploads\/2025\/03\/cropped-mateusz_mrozowski_logo.png\",\"contentUrl\":\"https:\/\/mateuszmrozowski.pl\/sklep\/wp-content\/uploads\/2025\/03\/cropped-mateusz_mrozowski_logo.png\",\"width\":236,\"height\":59,\"caption\":\"Mateusz Mrozowski Trener biznesu\"},\"image\":{\"@id\":\"https:\/\/mateuszmrozowski.pl\/sklep\/#\/schema\/logo\/image\/\"},\"sameAs\":[\"https:\/\/www.facebook.com\/mateuszmrozowskisiewca\",\"https:\/\/www.youtube.com\/channel\/UCI6FhECZ4GdL1TYU5oh5JDg\",\"https:\/\/www.instagram.com\/mrozowski.siewca\/\",\"https:\/\/www.linkedin.com\/in\/mateuszmrozowski\/\",\"https:\/\/maps.app.goo.gl\/Ee8wtgr6gx2CjEM68\",\"https:\/\/www.tiktok.com\/@mateuszmrozowskisiewca\"]}]}<\/script>\n<!-- \/ Yoast SEO plugin. -->","yoast_head_json":{"title":"Konsultacja M&M Team - Wordpress - Mateusz Mrozowski Trener Biznesu","robots":{"index":"index","follow":"follow","max-snippet":"max-snippet:-1","max-image-preview":"max-image-preview:large","max-video-preview":"max-video-preview:-1"},"canonical":"https:\/\/mateuszmrozowski.pl\/sklep\/produkt\/konsultacja-zespol-wordpress\/","og_locale":"pl_PL","og_type":"article","og_title":"Konsultacja M&M Team - Wordpress - Mateusz Mrozowski Trener Biznesu","og_description":"Konsultacja WordPress \u2013 indywidualne wsparcie (50 minut) Masz stron\u0119 na WordPressie lub planujesz j\u0105 stworzy\u0107, ale potrzebujesz pomocy? Ta indywidualna konsultacja to 50 minut konkretnego wsparcia \u2013 bez og\u00f3lnik\u00f3w, bez chaosu, z pe\u0142nym skupieniem na Twoich potrzebach. To najlepsza opcja dla os\u00f3b, kt\u00f3re chc\u0105 uporz\u0105dkowa\u0107 dzia\u0142ania, rozwi\u0105za\u0107 problemy techniczne i uzyska\u0107 odpowiedzi na nurtuj\u0105ce pytania. [&hellip;]","og_url":"https:\/\/mateuszmrozowski.pl\/sklep\/produkt\/konsultacja-zespol-wordpress\/","og_site_name":"Mateusz Mrozowski Trener Biznesu","article_publisher":"https:\/\/www.facebook.com\/mateuszmrozowskisiewca","article_modified_time":"2025-10-03T14:23:01+00:00","og_image":[{"width":1080,"height":1080,"url":"https:\/\/mateuszmrozowski.pl\/sklep\/wp-content\/uploads\/2025\/04\/wordpress-Konsultacje.png","type":"image\/png"}],"twitter_card":"summary_large_image","twitter_misc":{"Szacowany czas czytania":"2 minuty"},"schema":{"@context":"https:\/\/schema.org","@graph":[{"@type":"WebPage","@id":"https:\/\/mateuszmrozowski.pl\/sklep\/produkt\/konsultacja-zespol-wordpress\/","url":"https:\/\/mateuszmrozowski.pl\/sklep\/produkt\/konsultacja-zespol-wordpress\/","name":"Konsultacja M&M Team - Wordpress - Mateusz Mrozowski Trener Biznesu","isPartOf":{"@id":"https:\/\/mateuszmrozowski.pl\/sklep\/#website"},"primaryImageOfPage":{"@id":"https:\/\/mateuszmrozowski.pl\/sklep\/produkt\/konsultacja-zespol-wordpress\/#primaryimage"},"image":{"@id":"https:\/\/mateuszmrozowski.pl\/sklep\/produkt\/konsultacja-zespol-wordpress\/#primaryimage"},"thumbnailUrl":"https:\/\/mateuszmrozowski.pl\/sklep\/wp-content\/uploads\/2025\/04\/wordpress-Konsultacje.png","datePublished":"2025-04-06T20:27:52+00:00","dateModified":"2025-10-03T14:23:01+00:00","breadcrumb":{"@id":"https:\/\/mateuszmrozowski.pl\/sklep\/produkt\/konsultacja-zespol-wordpress\/#breadcrumb"},"inLanguage":"pl-PL","potentialAction":[{"@type":"ReadAction","target":["https:\/\/mateuszmrozowski.pl\/sklep\/produkt\/konsultacja-zespol-wordpress\/"]}]},{"@type":"ImageObject","inLanguage":"pl-PL","@id":"https:\/\/mateuszmrozowski.pl\/sklep\/produkt\/konsultacja-zespol-wordpress\/#primaryimage","url":"https:\/\/mateuszmrozowski.pl\/sklep\/wp-content\/uploads\/2025\/04\/wordpress-Konsultacje.png","contentUrl":"https:\/\/mateuszmrozowski.pl\/sklep\/wp-content\/uploads\/2025\/04\/wordpress-Konsultacje.png","width":1080,"height":1080},{"@type":"BreadcrumbList","@id":"https:\/\/mateuszmrozowski.pl\/sklep\/produkt\/konsultacja-zespol-wordpress\/#breadcrumb","itemListElement":[{"@type":"ListItem","position":1,"name":"Strona g\u0142\u00f3wna","item":"https:\/\/mateuszmrozowski.pl\/sklep\/"},{"@type":"ListItem","position":2,"name":"Szkolenia biznesowe i kursy sprzeda\u017cowe","item":"https:\/\/mateuszmrozowski.pl\/sklep\/"},{"@type":"ListItem","position":3,"name":"Konsultacje","item":"https:\/\/mateuszmrozowski.pl\/sklep\/kategoria-produktu\/konsultacje\/"},{"@type":"ListItem","position":4,"name":"Konsultacja M&#038;M Team &#8211; WordPress"}]},{"@type":"WebSite","@id":"https:\/\/mateuszmrozowski.pl\/sklep\/#website","url":"https:\/\/mateuszmrozowski.pl\/sklep\/","name":"Mateusz Mrozowski Trener biznesu","description":"Walcz\u0119 o wynik dla firm z kt\u00f3rymi wsp\u00f3\u0142pracuj\u0119.","publisher":{"@id":"https:\/\/mateuszmrozowski.pl\/sklep\/#organization"},"alternateName":"Mateusz Mrozowski","potentialAction":[{"@type":"SearchAction","target":{"@type":"EntryPoint","urlTemplate":"https:\/\/mateuszmrozowski.pl\/sklep\/?s={search_term_string}"},"query-input":{"@type":"PropertyValueSpecification","valueRequired":true,"valueName":"search_term_string"}}],"inLanguage":"pl-PL"},{"@type":"Organization","@id":"https:\/\/mateuszmrozowski.pl\/sklep\/#organization","name":"Mateusz Mrozowski Trener biznesu","alternateName":"Mateusz Mrozowski","url":"https:\/\/mateuszmrozowski.pl\/sklep\/","logo":{"@type":"ImageObject","inLanguage":"pl-PL","@id":"https:\/\/mateuszmrozowski.pl\/sklep\/#\/schema\/logo\/image\/","url":"https:\/\/mateuszmrozowski.pl\/sklep\/wp-content\/uploads\/2025\/03\/cropped-mateusz_mrozowski_logo.png","contentUrl":"https:\/\/mateuszmrozowski.pl\/sklep\/wp-content\/uploads\/2025\/03\/cropped-mateusz_mrozowski_logo.png","width":236,"height":59,"caption":"Mateusz Mrozowski Trener biznesu"},"image":{"@id":"https:\/\/mateuszmrozowski.pl\/sklep\/#\/schema\/logo\/image\/"},"sameAs":["https:\/\/www.facebook.com\/mateuszmrozowskisiewca","https:\/\/www.youtube.com\/channel\/UCI6FhECZ4GdL1TYU5oh5JDg","https:\/\/www.instagram.com\/mrozowski.siewca\/","https:\/\/www.linkedin.com\/in\/mateuszmrozowski\/","https:\/\/maps.app.goo.gl\/Ee8wtgr6gx2CjEM68","https:\/\/www.tiktok.com\/@mateuszmrozowskisiewca"]}]}},"_links":{"self":[{"href":"https:\/\/mateuszmrozowski.pl\/sklep\/wp-json\/wp\/v2\/product\/100502","targetHints":{"allow":["GET"]}}],"collection":[{"href":"https:\/\/mateuszmrozowski.pl\/sklep\/wp-json\/wp\/v2\/product"}],"about":[{"href":"https:\/\/mateuszmrozowski.pl\/sklep\/wp-json\/wp\/v2\/types\/product"}],"wp:featuredmedia":[{"embeddable":true,"href":"https:\/\/mateuszmrozowski.pl\/sklep\/wp-json\/wp\/v2\/media\/101009"}],"wp:attachment":[{"href":"https:\/\/mateuszmrozowski.pl\/sklep\/wp-json\/wp\/v2\/media?parent=100502"}],"wp:term":[{"taxonomy":"product_brand","embeddable":true,"href":"https:\/\/mateuszmrozowski.pl\/sklep\/wp-json\/wp\/v2\/product_brand?post=100502"},{"taxonomy":"product_cat","embeddable":true,"href":"https:\/\/mateuszmrozowski.pl\/sklep\/wp-json\/wp\/v2\/product_cat?post=100502"},{"taxonomy":"product_tag","embeddable":true,"href":"https:\/\/mateuszmrozowski.pl\/sklep\/wp-json\/wp\/v2\/product_tag?post=100502"}],"curies":[{"name":"wp","href":"https:\/\/api.w.org\/{rel}","templated":true}]}}