{"id":3,"date":"2020-04-04T15:39:08","date_gmt":"2020-04-04T15:39:08","guid":{"rendered":"https:\/\/mateuszmrozowski.pl\/sklep\/?page_id=3"},"modified":"2025-03-01T17:10:19","modified_gmt":"2025-03-01T17:10:19","slug":"polityka-prywatnosci","status":"publish","type":"page","link":"https:\/\/mateuszmrozowski.pl\/sklep\/polityka-prywatnosci\/","title":{"rendered":"Polityka Prywatno\u015bci"},"content":{"rendered":"\n<p><b>Niniejsza Polityka Prywatno\u015bci stanowi integraln\u0105 cz\u0119\u015b\u0107 Regulaminu Sklepu Internetowego <a href=\"https:\/\/mateuszmrozowski.pl\/sklep\/\">www.mateuszmrozowski.pl<\/a> z dnia 21.06.2024 r. (Regulamin). Definicje poj\u0119\u0107 u\u017cytych w niniejszej <\/b><br><b>Polityce Prywatno\u015bci zosta\u0142y zamieszczone w Regulaminie. Postanowienia Regulaminu stosuje si\u0119 odpowiednio.<\/b><\/p>\n\n\n\n<h3 class=\"wp-block-heading has-text-align-left\"><b>1. DANE OSOBOWE<\/b><\/h3>\n\n\n\n<ol class=\"wp-block-list\">\n<li><b> Dane osobowe przekazywane przez Klienta przetwarzane s\u0105 przez Sprzedawc\u0119 (tj.&nbsp;<strong>M&amp;M Mateusz Mrozowski sp. z o.o. z siedzib\u0105 w Nawojowa, przy ul. Klonowej 21, wpisana do rejestru przedsi\u0119biorc\u00f3w, prowadzonego przez S\u0105d Rejonowy dla Krakowa \u015ar\u00f3dmie\u015bcia w Krakowie, XII Wydzia\u0142 Gospodarczy Krajowego Rejestru S\u0105dowego pod nr KRS: 0000994846 pos\u0142uguj\u0105ca si\u0119 nr NIP: 7343616046 oraz REGON: 523258802.<\/strong><\/b><b>), kt\u00f3ry jest administratorem danych osobowych. Zgodnie z zasadami okre\u015blonymi w tre\u015bci&nbsp; Rozporz\u0105dzenia Parlamentu Europejskiego i Rady EU 2016\/679 z dnia 27 kwietnia 2016 roku. ( dalej \u201eRODO\u201d). Kontakt z Administratorem danych osobowych mo\u017ce si\u0119 odbywa\u0107 w formie e-mail biuro@mateuszmrozowski.pl\/sklep lub poprzez kontakt telefoniczny 793 771 002.<\/b><\/li>\n\n\n\n<li><b> Zakres przetwarzanych danych osobowych okre\u015bla zakres uzupe\u0142nionych przez Klienta, a nast\u0119pnie przes\u0142anych Sprzedawcy za pomoc\u0105 odpowiedniego formularza, danych. Przetwarzanie danych osobowych Klienta mo\u017ce dotyczy\u0107 jego adresu poczty elektronicznej, imienia i nazwiska, numeru telefonu, adresu zamieszkania oraz adresu IP komputera.<\/b><\/li>\n<\/ol>\n\n\n\n<p><b>Dane osobowe Klient\u00f3w b\u0119d\u0105 przetwarzane przez okres 5 lat, a potem b\u0119d\u0105 usuwane, o ile dalsze ich przetwarzanie nie wynika z innej podstawy prawnej.<\/b><\/p>\n\n\n\n<ol start=\"3\" class=\"wp-block-list\">\n<li><b> Dane osobowe Klient\u00f3w b\u0119d\u0105 przetwarzane w celu: (a) realizacji przepis\u00f3w prawa, (b) utworzenia Konta, realizacji Zam\u00f3wienia, \u015bwiadczenia us\u0142ug drog\u0105 elektroniczn\u0105, rozpatrywania sk\u0142adanych reklamacji oraz innych czynno\u015bci wskazanych w Regulaminie, (c) dzia\u0142a\u0144 promocyjnych i handlowych Sprzedawcy.<\/b><\/li>\n\n\n\n<li><b> Podanie danych osobowych jest dobrowolne, ale brak zgody na przetwarzanie danych osobowych oznaczonych jako obligatoryjne, uniemo\u017cliwi wykonywanie us\u0142ug i realizacj\u0119 Um\u00f3w Sprzeda\u017cy przez Sprzedawc\u0119.<\/b><\/li>\n\n\n\n<li><b> Podstaw\u0105 prawn\u0105 przetwarzania danych osobowych w przypadku, o kt\u00f3rym mowa w ust. 3 lit. (a) jest prawny obowi\u0105zek Sprzedawcy zwi\u0105zany z wykonywaniem umowy, kt\u00f3rej stron\u0105 jest osoba, kt\u00f3rej dane dotycz\u0105, w tym obowi\u0105zek dzia\u0142a\u0144 na \u017c\u0105danie osoby, kt\u00f3rej dane dotycz\u0105, przed zawarciem umowy; w przypadku o kt\u00f3rym mowa w ust. 3 lit. (b ) podstaw\u0105 prawn\u0105 przetwarzania danych osobowych jest zgoda osoby, kt\u00f3rej dane dotycz\u0105, kt\u00f3ra wyrazi\u0142a zgod\u0119 na przetwarzanie swoich danych osobowych w jednym lub wi\u0119kszej liczbie okre\u015blonych cel\u00f3w, za\u015b w przypadku, o kt\u00f3rym mowa w ust. 3 lit. (c) przetwarzanie jest niezb\u0119dne do wype\u0142nienia obowi\u0105zku prawnego ci\u0105\u017c\u0105cego na administratorze<\/b><\/li>\n\n\n\n<li><b> Dane osobowe Klient\u00f3w mog\u0105 by\u0107 powierzane do przetwarzania, jedynie w celu realizacji Um\u00f3w Sprzeda\u017cy i um\u00f3w o \u015bwiadczenie us\u0142ug drog\u0105 elektroniczn\u0105 przez Sprzedawc\u0119, firmie hostingowej, firmie \u015bwiadcz\u0105cej us\u0142ugi ksi\u0119gowe dla Sprzedawcy i firmie kurierskiej. Podmiot przetwarzaj\u0105cy dane osobowe Klient\u00f3w, w oparciu o Umow\u0119 powierzenia b\u0119dzie przetwarza\u0107 od wej\u015bcia w \u017cycie RODO dane osobowe Klient\u00f3w, za po\u015brednictwem innego podmiotu, wy\u0142\u0105cznie na podstawie uprzedniej, zgody Sprzedawcy. Dane osobowe zgromadzone przez Sprzedawc\u0119 mog\u0105 by\u0107 tak\u017ce udost\u0119pnione: odpowiednim organom pa\u0144stwowym na ich \u017c\u0105danie na podstawie odpowiednich przepis\u00f3w prawa, lub innym osobom i podmiotom \u2013 w przypadkach przewidzianych przez przepisy prawa.<\/b><\/li>\n\n\n\n<li><b> Udost\u0119pnienie danych osobowych podmiotom nieuprawnionym wed\u0142ug niniejszej Polityki, mo\u017ce nast\u0105pi\u0107 wy\u0142\u0105cznie za wcze\u015bniej wyra\u017con\u0105 zgod\u0105 Klienta, kt\u00f3rego dane dotycz\u0105.<\/b><\/li>\n\n\n\n<li><b> Klientom przys\u0142uguje prawo do: usuni\u0119cia danych osobowych zgromadzonych na ich temat zar\u00f3wno z systemu Sprzedawcy, jak i z baz podmiot\u00f3w, wsp\u00f3\u0142pracuj\u0105cych ze Sprzedawc\u0105 , ograniczenia przetwarzania danych, przenoszenia danych osobowych zgromadzonych przez Sprzedawc\u0119 nt. Klient\u00f3w oraz do otrzymania ich w ustrukturyzowanej formie, wniesienia skargi do organu nadzoru w sytuacji, w kt\u00f3rej Klient uzna, \u017ce jego dane s\u0105 przetwarzane niezgodnie z prawem oraz wniesienia \u015brodka ochrony prawnej przed s\u0105dem przeciwko organowi nadzorczemu jako wobec podmiotu dopuszczaj\u0105cemu si\u0119 narusze\u0144.<\/b><\/li>\n\n\n\n<li><b> W przypadku uzyskania przez Sprzedawc\u0119 wiadomo\u015bci o korzystaniu przez Klienta z us\u0142ugi \u015bwiadczonej drog\u0105 elektroniczn\u0105 niezgodnie z Regulaminem lub z obowi\u0105zuj\u0105cymi przepisami (niedozwolone korzystanie), Sprzedawca mo\u017ce przetwarza\u0107 dane osobowe Klienta w zakresie niezb\u0119dnym do ustalenia odpowiedzialno\u015bci Klienta.<\/b><\/li>\n<\/ol>\n\n\n\n<ol start=\"10\" class=\"wp-block-list\">\n<li><b> Serwis mo\u017ce przechowywa\u0107 zapytania http w zwi\u0105zku, z czym w plikach log\u00f3w serwera mog\u0105 by\u0107 zapisane niekt\u00f3re informacje, w tym adres IP komputera, z kt\u00f3rego nadesz\u0142o zapytanie, nazwa stacji Klienta \u2013 identyfikacja realizowana przez protok\u00f3\u0142 http, o ile jest mo\u017cliwe, data i czas systemowy rejestracji w Sklepie i nadej\u015bcia zapytania, liczb\u0119 wys\u0142anych przez serwer bajt\u00f3w, adres URL strony poprzednio odwiedzanej przez Klienta, je\u017celi Klient wszed\u0142 przez linka, informacje o przegl\u0105darce Klienta, informacje o b\u0142\u0119dach, jakie nast\u0105pi\u0142y przy realizacji transakcji http. Logi mog\u0105 by\u0107 gromadzone, jako materia\u0142 dla prawid\u0142owego administrowania Sklepem. Dost\u0119p do informacji maj\u0105 tylko osoby uprawnione do administrowania systemem informatycznym. Pliki z logami mog\u0105 by\u0107 analizowane w celu sporz\u0105dzenia statystyk ruchu w Sklepie i wyst\u0119puj\u0105cych b\u0142\u0119d\u00f3w. Podsumowanie takich informacji nie identyfikuje Klienta.<\/b><\/li>\n\n\n\n<li><b> Transfer danych osobowych Klient\u00f3w do Pa\u0144stw trzecich b\u0119dzie si\u0119 odbywa\u0142 zgodnie z wymaganiami wprowadzonymi przez RODO.<\/b><\/li>\n<\/ol>\n\n\n\n<h3 class=\"wp-block-heading has-text-align-left\"><b>2. BEZPIECZE\u0143STWO INFORMACYJNE<\/b><\/h3>\n\n\n\n<ol class=\"wp-block-list\">\n<li><b> Sprzedawca stosuje \u015brodki techniczne i organizacyjne zapewniaj\u0105ce ochron\u0119 przetwarzanych danych osobowych okre\u015blone w art. 25,30, 32-34, 35 -39 RODO zapewniaj\u0105ce zwi\u0119kszon\u0105 ochron\u0119 i bezpiecze\u0144stwo przetwarzania danych osobowych Klient\u00f3w, odpowiednie do zagro\u017ce\u0144 oraz kategorii danych obj\u0119tych ochron\u0105, a w szczeg\u00f3lno\u015bci zabezpiecza technicznie i organizacyjnie dane przed ich udost\u0119pnieniem osobom nieupowa\u017cnionym, zabraniem przez osob\u0119 nieuprawnion\u0105, przetwarzaniem z naruszeniem ustawy oraz zmian\u0105, utrat\u0105, uszkodzeniem lub zniszczeniem, m.in. stosowane s\u0105 certyfikaty SSL (Secure Socket Layer). Zbi\u00f3r zgromadzonych danych osobowych Klient\u00f3w przechowywany jest na zabezpieczonym serwerze oraz dane chroni\u0105 r\u00f3wnie\u017c wewn\u0119trzne procedury Sprzedawcy z zakresu przetwarzania danych osobowych i polityki bezpiecze\u0144stwa informacji.<\/b><\/li>\n\n\n\n<li><b> Do zalogowania si\u0119 na Konto, konieczne jest podanie loginu i has\u0142a dost\u0119pu. Aby zapewni\u0107 stosowny poziom bezpiecze\u0144stwa, has\u0142o dost\u0119pu do Konta istnieje w Sklepie wy\u0142\u0105cznie w formie zaszyfrowanej. Ponadto, rejestracja i logowanie do Konta odbywa si\u0119 w bezpiecznym po\u0142\u0105czeniu https. Komunikacja pomi\u0119dzy urz\u0105dzeniem Klienta a serwerami, szyfrowana jest przy pomocy protoko\u0142u SSL.<\/b><\/li>\n\n\n\n<li><b> Sprzedawca wskazuje jednocze\u015bnie, i\u017c korzystanie z sieci Internet i us\u0142ug \u015bwiadczonych drog\u0105 elektroniczn\u0105 mo\u017ce wi\u0105za\u0107 si\u0119 ze szczeg\u00f3lnymi zagro\u017ceniami teleinformatycznymi, takimi jak: obecno\u015b\u0107 i dzia\u0142anie robak\u00f3w internetowych (worm), oprogramowania typu spyware lub malware, w tym wirus\u00f3w komputerowych, jak r\u00f3wnie\u017c mo\u017cliwo\u015b\u0107 bycia nara\u017conym na cracing lub phishing (\u0142owienie hase\u0142), i inne. Aby pozyska\u0107 szczeg\u00f3\u0142owe i profesjonalne informacje odno\u015bnie zachowania bezpiecze\u0144stwa w sieci Internet, Sprzedawca rekomenduje ich zasi\u0119gni\u0119cie u podmiot\u00f3w specjalizuj\u0105cych si\u0119 w tego rodzaju us\u0142ugach informatycznych.<\/b><\/li>\n<\/ol>\n\n\n\n<h3 class=\"wp-block-heading has-text-align-left\"><b>3. COOKIES<\/b><\/h3>\n\n\n\n<ol class=\"wp-block-list\">\n<li><b>W celu prawid\u0142owego dzia\u0142ania Sklepu, Sprzedawca korzysta z technologii plik\u00f3w Cookies, w oparciu o przepisy Rozporz\u0105dzenia w sprawie poszanowania \u017cycia prywatnego oraz ochrony danych osobowych w \u0142\u0105czno\u015bci elektronicznej (Rozporz\u0105dzenie e-Privacy). Cookies s\u0105 to pakiety informacji zapisywane na urz\u0105dzeniu Klienta za po\u015brednictwem Sklepu, zwykle zawieraj\u0105ce informacje zgodne z przeznaczeniem danego pliku, za pomoc\u0105 kt\u00f3rych Klient korzysta ze Sklepu \u2013 s\u0105 to zazwyczaj: adres serwisu, dat\u0119 umieszczenia, dat\u0119 wa\u017cno\u015bci, unikalny numer i dodatkowe informacje zgodne z przeznaczeniem danego pliku.Sprzedawca wykorzystuje dwa rodzaje Cookies: sesyjne, kt\u00f3re usuwane s\u0105 trwale wraz z zako\u0144czeniem sesji przegl\u0105darki Klienta oraz za zgod\u0105 Klienta, wyra\u017con\u0105 poprzez ustawienia przegl\u0105darki trwa\u0142e cookies, kt\u00f3re pozostaj\u0105 po zako\u0144czeniu sesji przegl\u0105darki na urz\u0105dzeniu Klienta, a\u017c do ich skasowania.<\/b><\/li>\n\n\n\n<li><b>Na podstawie plik\u00f3w Cookies, zar\u00f3wno sesyjnych, jak i trwa\u0142ych, nie jest mo\u017cliwe ustalenie to\u017csamo\u015bci Klienta. Mechanizm Cookies nie pozwala na pobieranie jakichkolwiek danych osobowych.<\/b><\/li>\n\n\n\n<li><b> Cookies Sklepu s\u0105 bezpieczne dla urz\u0105dzenia Klienta, w szczeg\u00f3lno\u015bci nie umo\u017cliwiaj\u0105 one przedostanie si\u0119 do urz\u0105dzenia wirus\u00f3w lub innego oprogramowania.<\/b><\/li>\n\n\n\n<li><b> Pliki generowanie bezpo\u015brednio przez Sklep nie mog\u0105 by\u0107 odczytywane przez inne serwisy. Cookies Zewn\u0119trzne (tj. Cookies zamieszczane przez partner\u00f3w Sprzedawcy, za uprzedni\u0105 zgod\u0105 ze strony Klienta poprzez wyb\u00f3r odpowiednich ustawie\u0144 przegl\u0105darki) mog\u0105 by\u0107 odczytane przez serwer zewn\u0119trzny.<\/b><\/li>\n\n\n\n<li><b> Klient mo\u017ce wy\u0142\u0105czy\u0107 zapisywanie Cookies na swoim urz\u0105dzeniu, zgodnie z instrukcj\u0105 producenta przegl\u0105darki. Niew\u0142\u0105czenie przez Klienta cookies trwa\u0142ych oraz Cookies Zewn\u0119trznych nie mo\u017ce , spowodowa\u0107 niedost\u0119pno\u015bci cz\u0119\u015bci lub ca\u0142o\u015bci funkcji Sklepu.<\/b><\/li>\n\n\n\n<li><b> Sprzedawca wykorzystuje Cookies w\u0142asne w nast\u0119puj\u0105cych celach: uwierzytelniania Klienta w Sklepie i utrzymywania sesji Klienta; konfiguracji Sklepu i dostosowania zawarto\u015bci stron do preferencji Klienta, takie jak: rozpoznanie urz\u0105dzenia Klienta, zapami\u0119tanie ustawie\u0144 wybranych przez Klienta; zapewniaj\u0105ce bezpiecze\u0144stwo danych i korzystania ze Sklepu; analiz i bada\u0144 ogl\u0105dalno\u015bci; \u015bwiadczenie us\u0142ug reklamowych.<\/b><\/li>\n\n\n\n<li><b> Sprzedawca wykorzystuje Cookies Zewn\u0119trzne, z zastrze\u017ceniem ust. 15, w nast\u0119puj\u0105cych celach: tworzenia statystyk (anonimowych) pozwalaj\u0105cych optymalizowanie u\u017cyteczno\u015bci Sklepu, za po\u015brednictwem narz\u0119dzi analitycznych jak Google Analytics; wykorzystania funkcji interaktywnych za pomoc\u0105 serwis\u00f3w spo\u0142eczno\u015bciowych: Facebook, Twitter, Google+, YouTube i Instagram.<\/b><\/li>\n\n\n\n<li><b> Klient mo\u017ce samodzielnie zmieni\u0107 ustawienia dotycz\u0105ce Cookies w dowolnej chwili, okre\u015blaj\u0105c warunki ich przechowywania, przez ustawienia przegl\u0105darki internetowej lub przez konfiguracj\u0119 us\u0142ugi. Klient mo\u017ce samodzielnie te\u017c usun\u0105\u0107 zapisane na jego urz\u0105dzeniu Cookies w dowolnej chwili, zgodnie z instrukcj\u0105 producenta przegl\u0105darki.<\/b><\/li>\n\n\n\n<li><b> Szczeg\u00f3\u0142owe informacje o obs\u0142udze Cookies dost\u0119pne s\u0105 w ustawieniach przegl\u0105darki internetowej, z kt\u00f3rej korzysta Klient.<\/b><\/li>\n<\/ol>\n","protected":false},"excerpt":{"rendered":"<p>Niniejsza Polityka Prywatno\u015bci stanowi integraln\u0105 cz\u0119\u015b\u0107 Regulaminu Sklepu Internetowego www.mateuszmrozowski.pl z dnia 21.06.2024 r. (Regulamin). Definicje poj\u0119\u0107 u\u017cytych w niniejszej Polityce Prywatno\u015bci zosta\u0142y zamieszczone w Regulaminie. Postanowienia Regulaminu stosuje si\u0119 odpowiednio. 1. DANE OSOBOWE Dane osobowe Klient\u00f3w b\u0119d\u0105 przetwarzane przez okres 5 lat, a potem b\u0119d\u0105 usuwane, o ile dalsze ich przetwarzanie nie wynika z [&hellip;]<\/p>\n","protected":false},"author":1,"featured_media":0,"parent":0,"menu_order":0,"comment_status":"closed","ping_status":"open","template":"","meta":{"_acf_changed":false,"content-type":"","_mc_calendar":[],"footnotes":""},"class_list":["post-3","page","type-page","status-publish","hentry"],"acf":[],"yoast_head":"<!-- This site is optimized with the Yoast SEO plugin v27.1.1 - https:\/\/yoast.com\/product\/yoast-seo-wordpress\/ -->\n<title>Polityka Prywatno\u015bci - Mateusz Mrozowski Trener Biznesu<\/title>\n<meta name=\"robots\" content=\"noindex, nofollow\" \/>\n<meta property=\"og:locale\" content=\"pl_PL\" \/>\n<meta property=\"og:type\" content=\"article\" \/>\n<meta property=\"og:title\" content=\"Polityka Prywatno\u015bci - Mateusz Mrozowski Trener Biznesu\" \/>\n<meta property=\"og:description\" content=\"Niniejsza Polityka Prywatno\u015bci stanowi integraln\u0105 cz\u0119\u015b\u0107 Regulaminu Sklepu Internetowego www.mateuszmrozowski.pl z dnia 21.06.2024 r. (Regulamin). Definicje poj\u0119\u0107 u\u017cytych w niniejszej Polityce Prywatno\u015bci zosta\u0142y zamieszczone w Regulaminie. Postanowienia Regulaminu stosuje si\u0119 odpowiednio. 1. DANE OSOBOWE Dane osobowe Klient\u00f3w b\u0119d\u0105 przetwarzane przez okres 5 lat, a potem b\u0119d\u0105 usuwane, o ile dalsze ich przetwarzanie nie wynika z [&hellip;]\" \/>\n<meta property=\"og:url\" content=\"https:\/\/mateuszmrozowski.pl\/sklep\/polityka-prywatnosci\/\" \/>\n<meta property=\"og:site_name\" content=\"Mateusz Mrozowski Trener Biznesu\" \/>\n<meta property=\"article:publisher\" content=\"https:\/\/www.facebook.com\/mateuszmrozowskisiewca\" \/>\n<meta property=\"article:modified_time\" content=\"2025-03-01T17:10:19+00:00\" \/>\n<meta property=\"og:image\" content=\"https:\/\/mateuszmrozowski.pl\/sklep\/wp-content\/uploads\/2023\/07\/mateusz-mrozowski-fb-og.png\" \/>\n\t<meta property=\"og:image:width\" content=\"1200\" \/>\n\t<meta property=\"og:image:height\" content=\"630\" \/>\n\t<meta property=\"og:image:type\" content=\"image\/png\" \/>\n<meta name=\"twitter:card\" content=\"summary_large_image\" \/>\n<meta name=\"twitter:label1\" content=\"Szacowany czas czytania\" \/>\n\t<meta name=\"twitter:data1\" content=\"8 minut\" \/>\n<script type=\"application\/ld+json\" class=\"yoast-schema-graph\">{\"@context\":\"https:\/\/schema.org\",\"@graph\":[{\"@type\":\"WebPage\",\"@id\":\"https:\/\/mateuszmrozowski.pl\/sklep\/polityka-prywatnosci\/\",\"url\":\"https:\/\/mateuszmrozowski.pl\/sklep\/polityka-prywatnosci\/\",\"name\":\"Polityka Prywatno\u015bci - Mateusz Mrozowski Trener Biznesu\",\"isPartOf\":{\"@id\":\"https:\/\/mateuszmrozowski.pl\/sklep\/#website\"},\"datePublished\":\"2020-04-04T15:39:08+00:00\",\"dateModified\":\"2025-03-01T17:10:19+00:00\",\"breadcrumb\":{\"@id\":\"https:\/\/mateuszmrozowski.pl\/sklep\/polityka-prywatnosci\/#breadcrumb\"},\"inLanguage\":\"pl-PL\",\"potentialAction\":[{\"@type\":\"ReadAction\",\"target\":[\"https:\/\/mateuszmrozowski.pl\/sklep\/polityka-prywatnosci\/\"]}]},{\"@type\":\"BreadcrumbList\",\"@id\":\"https:\/\/mateuszmrozowski.pl\/sklep\/polityka-prywatnosci\/#breadcrumb\",\"itemListElement\":[{\"@type\":\"ListItem\",\"position\":1,\"name\":\"Strona g\u0142\u00f3wna\",\"item\":\"https:\/\/mateuszmrozowski.pl\/sklep\/\"},{\"@type\":\"ListItem\",\"position\":2,\"name\":\"Polityka Prywatno\u015bci\"}]},{\"@type\":\"WebSite\",\"@id\":\"https:\/\/mateuszmrozowski.pl\/sklep\/#website\",\"url\":\"https:\/\/mateuszmrozowski.pl\/sklep\/\",\"name\":\"Mateusz Mrozowski Trener biznesu\",\"description\":\"Walcz\u0119 o wynik dla firm z kt\u00f3rymi wsp\u00f3\u0142pracuj\u0119.\",\"publisher\":{\"@id\":\"https:\/\/mateuszmrozowski.pl\/sklep\/#organization\"},\"alternateName\":\"Mateusz Mrozowski\",\"potentialAction\":[{\"@type\":\"SearchAction\",\"target\":{\"@type\":\"EntryPoint\",\"urlTemplate\":\"https:\/\/mateuszmrozowski.pl\/sklep\/?s={search_term_string}\"},\"query-input\":{\"@type\":\"PropertyValueSpecification\",\"valueRequired\":true,\"valueName\":\"search_term_string\"}}],\"inLanguage\":\"pl-PL\"},{\"@type\":\"Organization\",\"@id\":\"https:\/\/mateuszmrozowski.pl\/sklep\/#organization\",\"name\":\"Mateusz Mrozowski Trener biznesu\",\"alternateName\":\"Mateusz Mrozowski\",\"url\":\"https:\/\/mateuszmrozowski.pl\/sklep\/\",\"logo\":{\"@type\":\"ImageObject\",\"inLanguage\":\"pl-PL\",\"@id\":\"https:\/\/mateuszmrozowski.pl\/sklep\/#\/schema\/logo\/image\/\",\"url\":\"https:\/\/mateuszmrozowski.pl\/sklep\/wp-content\/uploads\/2025\/03\/cropped-mateusz_mrozowski_logo.png\",\"contentUrl\":\"https:\/\/mateuszmrozowski.pl\/sklep\/wp-content\/uploads\/2025\/03\/cropped-mateusz_mrozowski_logo.png\",\"width\":236,\"height\":59,\"caption\":\"Mateusz Mrozowski Trener biznesu\"},\"image\":{\"@id\":\"https:\/\/mateuszmrozowski.pl\/sklep\/#\/schema\/logo\/image\/\"},\"sameAs\":[\"https:\/\/www.facebook.com\/mateuszmrozowskisiewca\",\"https:\/\/www.youtube.com\/channel\/UCI6FhECZ4GdL1TYU5oh5JDg\",\"https:\/\/www.instagram.com\/mrozowski.siewca\/\",\"https:\/\/www.linkedin.com\/in\/mateuszmrozowski\/\",\"https:\/\/maps.app.goo.gl\/Ee8wtgr6gx2CjEM68\",\"https:\/\/www.tiktok.com\/@mateuszmrozowskisiewca\"]}]}<\/script>\n<!-- \/ Yoast SEO plugin. -->","yoast_head_json":{"title":"Polityka Prywatno\u015bci - Mateusz Mrozowski Trener Biznesu","robots":{"index":"noindex","follow":"nofollow"},"og_locale":"pl_PL","og_type":"article","og_title":"Polityka Prywatno\u015bci - Mateusz Mrozowski Trener Biznesu","og_description":"Niniejsza Polityka Prywatno\u015bci stanowi integraln\u0105 cz\u0119\u015b\u0107 Regulaminu Sklepu Internetowego www.mateuszmrozowski.pl z dnia 21.06.2024 r. (Regulamin). Definicje poj\u0119\u0107 u\u017cytych w niniejszej Polityce Prywatno\u015bci zosta\u0142y zamieszczone w Regulaminie. Postanowienia Regulaminu stosuje si\u0119 odpowiednio. 1. DANE OSOBOWE Dane osobowe Klient\u00f3w b\u0119d\u0105 przetwarzane przez okres 5 lat, a potem b\u0119d\u0105 usuwane, o ile dalsze ich przetwarzanie nie wynika z [&hellip;]","og_url":"https:\/\/mateuszmrozowski.pl\/sklep\/polityka-prywatnosci\/","og_site_name":"Mateusz Mrozowski Trener Biznesu","article_publisher":"https:\/\/www.facebook.com\/mateuszmrozowskisiewca","article_modified_time":"2025-03-01T17:10:19+00:00","og_image":[{"width":1200,"height":630,"url":"https:\/\/mateuszmrozowski.pl\/sklep\/wp-content\/uploads\/2023\/07\/mateusz-mrozowski-fb-og.png","type":"image\/png"}],"twitter_card":"summary_large_image","twitter_misc":{"Szacowany czas czytania":"8 minut"},"schema":{"@context":"https:\/\/schema.org","@graph":[{"@type":"WebPage","@id":"https:\/\/mateuszmrozowski.pl\/sklep\/polityka-prywatnosci\/","url":"https:\/\/mateuszmrozowski.pl\/sklep\/polityka-prywatnosci\/","name":"Polityka Prywatno\u015bci - Mateusz Mrozowski Trener Biznesu","isPartOf":{"@id":"https:\/\/mateuszmrozowski.pl\/sklep\/#website"},"datePublished":"2020-04-04T15:39:08+00:00","dateModified":"2025-03-01T17:10:19+00:00","breadcrumb":{"@id":"https:\/\/mateuszmrozowski.pl\/sklep\/polityka-prywatnosci\/#breadcrumb"},"inLanguage":"pl-PL","potentialAction":[{"@type":"ReadAction","target":["https:\/\/mateuszmrozowski.pl\/sklep\/polityka-prywatnosci\/"]}]},{"@type":"BreadcrumbList","@id":"https:\/\/mateuszmrozowski.pl\/sklep\/polityka-prywatnosci\/#breadcrumb","itemListElement":[{"@type":"ListItem","position":1,"name":"Strona g\u0142\u00f3wna","item":"https:\/\/mateuszmrozowski.pl\/sklep\/"},{"@type":"ListItem","position":2,"name":"Polityka Prywatno\u015bci"}]},{"@type":"WebSite","@id":"https:\/\/mateuszmrozowski.pl\/sklep\/#website","url":"https:\/\/mateuszmrozowski.pl\/sklep\/","name":"Mateusz Mrozowski Trener biznesu","description":"Walcz\u0119 o wynik dla firm z kt\u00f3rymi wsp\u00f3\u0142pracuj\u0119.","publisher":{"@id":"https:\/\/mateuszmrozowski.pl\/sklep\/#organization"},"alternateName":"Mateusz Mrozowski","potentialAction":[{"@type":"SearchAction","target":{"@type":"EntryPoint","urlTemplate":"https:\/\/mateuszmrozowski.pl\/sklep\/?s={search_term_string}"},"query-input":{"@type":"PropertyValueSpecification","valueRequired":true,"valueName":"search_term_string"}}],"inLanguage":"pl-PL"},{"@type":"Organization","@id":"https:\/\/mateuszmrozowski.pl\/sklep\/#organization","name":"Mateusz Mrozowski Trener biznesu","alternateName":"Mateusz Mrozowski","url":"https:\/\/mateuszmrozowski.pl\/sklep\/","logo":{"@type":"ImageObject","inLanguage":"pl-PL","@id":"https:\/\/mateuszmrozowski.pl\/sklep\/#\/schema\/logo\/image\/","url":"https:\/\/mateuszmrozowski.pl\/sklep\/wp-content\/uploads\/2025\/03\/cropped-mateusz_mrozowski_logo.png","contentUrl":"https:\/\/mateuszmrozowski.pl\/sklep\/wp-content\/uploads\/2025\/03\/cropped-mateusz_mrozowski_logo.png","width":236,"height":59,"caption":"Mateusz Mrozowski Trener biznesu"},"image":{"@id":"https:\/\/mateuszmrozowski.pl\/sklep\/#\/schema\/logo\/image\/"},"sameAs":["https:\/\/www.facebook.com\/mateuszmrozowskisiewca","https:\/\/www.youtube.com\/channel\/UCI6FhECZ4GdL1TYU5oh5JDg","https:\/\/www.instagram.com\/mrozowski.siewca\/","https:\/\/www.linkedin.com\/in\/mateuszmrozowski\/","https:\/\/maps.app.goo.gl\/Ee8wtgr6gx2CjEM68","https:\/\/www.tiktok.com\/@mateuszmrozowskisiewca"]}]}},"_links":{"self":[{"href":"https:\/\/mateuszmrozowski.pl\/sklep\/wp-json\/wp\/v2\/pages\/3","targetHints":{"allow":["GET"]}}],"collection":[{"href":"https:\/\/mateuszmrozowski.pl\/sklep\/wp-json\/wp\/v2\/pages"}],"about":[{"href":"https:\/\/mateuszmrozowski.pl\/sklep\/wp-json\/wp\/v2\/types\/page"}],"author":[{"embeddable":true,"href":"https:\/\/mateuszmrozowski.pl\/sklep\/wp-json\/wp\/v2\/users\/1"}],"replies":[{"embeddable":true,"href":"https:\/\/mateuszmrozowski.pl\/sklep\/wp-json\/wp\/v2\/comments?post=3"}],"version-history":[{"count":23,"href":"https:\/\/mateuszmrozowski.pl\/sklep\/wp-json\/wp\/v2\/pages\/3\/revisions"}],"predecessor-version":[{"id":99660,"href":"https:\/\/mateuszmrozowski.pl\/sklep\/wp-json\/wp\/v2\/pages\/3\/revisions\/99660"}],"wp:attachment":[{"href":"https:\/\/mateuszmrozowski.pl\/sklep\/wp-json\/wp\/v2\/media?parent=3"}],"curies":[{"name":"wp","href":"https:\/\/api.w.org\/{rel}","templated":true}]}}