{"id":102862,"date":"2025-07-22T08:15:49","date_gmt":"2025-07-22T08:15:49","guid":{"rendered":"https:\/\/mateuszmrozowski.pl\/sklep\/kalendarz\/"},"modified":"2025-07-22T19:35:35","modified_gmt":"2025-07-22T19:35:35","slug":"kalendarz","status":"publish","type":"page","link":"https:\/\/mateuszmrozowski.pl\/sklep\/kalendarz\/","title":{"rendered":"Kalendarz"},"content":{"rendered":"\r\n<div id='my-calendar' class='mc-main mcjs listjs gridjs minijs ajaxjs inherit mini month my-calendar has-modal is-main-view' ><h2 id=\"mc_head_my-calendar\" class=\"heading my-calendar-month\"><span>Wydarzenia w miesi\u0105cu kwiecie\u0144 2026<\/span><\/h2>\n\n<nav class=\"my-calendar-navigation\" aria-label=\"Kalendarz (u g\u00f3ry)\">\n<div class=\"my-calendar-header\"><div class='mc-time'><ul><li><button type='button' id='mc_month-my-calendar' data-href='https:\/\/mateuszmrozowski.pl\/sklep\/kalendarz\/?cid=my-calendar&#038;time=month' class='mc-navigation-button month mc-active' aria-pressed='true'>Miesi\u0105c<\/button><\/li><li><button type='button' id='mc_week-my-calendar' data-href='https:\/\/mateuszmrozowski.pl\/sklep\/kalendarz\/?cid=my-calendar&#038;dy=13&#038;month=4&#038;time=week&#038;yr=2026' class='mc-navigation-button week'>Tydzie\u0144<\/button><\/li><li><button type='button' id='mc_day-my-calendar' data-href='https:\/\/mateuszmrozowski.pl\/sklep\/kalendarz\/?cid=my-calendar&#038;dy=13&#038;time=day' class='mc-navigation-button day'>Dzie\u0144<\/button><li><\/ul><\/div><div class=\"my-calendar-date-switcher\"><form class=\"mc-date-switcher\" action=\"https:\/\/mateuszmrozowski.pl\/sklep\/wp-json\/wp\/v2\/pages\/102862\/\" method=\"get\"><div><input type=\"hidden\" name=\"cid\" value=\"my-calendar\" \/> <label class=\"maybe-hide\" for=\"my-calendar-month\">Miesi\u0105c<\/label> <select id=\"my-calendar-month\" name=\"month\">\n<option value='1'>stycze\u0144<\/option>\n<option value='2'>luty<\/option>\n<option value='3'>marzec<\/option>\n<option value='4' selected='selected'>kwiecie\u0144<\/option>\n<option value='5'>maj<\/option>\n<option value='6'>czerwiec<\/option>\n<option value='7'>lipiec<\/option>\n<option value='8'>sierpie\u0144<\/option>\n<option value='9'>wrzesie\u0144<\/option>\n<option value='10'>pa\u017adziernik<\/option>\n<option value='11'>listopad<\/option>\n<option value='12'>grudzie\u0144<\/option>\n<\/select>\n <label class=\"maybe-hide\" for=\"my-calendar-year\">Rok<\/label> <select id=\"my-calendar-year\" name=\"yr\">\n<option value=\"2025\">2025<\/option>\n<option value=\"2026\" selected='selected'>2026<\/option>\n<\/select> <input type=\"submit\" class=\"button\" id=\"my-calendar-button\" value=\"Id\u017a\" \/><\/div><\/form><\/div>\r\n\t\t<div class=\"my-calendar-nav\">\r\n\t\t\t<ul>\r\n\t\t\t\t<li class=\"my-calendar-prev\"><button type=\"button\" class=\"mc-navigation-button\" id=\"mc_previous_my-calendar\" data-href=\"https:\/\/mateuszmrozowski.pl\/sklep\/kalendarz\/?cid=my-calendar&#038;dy&#038;month=3&#038;time=month&#038;yr=2026\"><span class=\"mc-icon\" aria-hidden=\"true\"><\/span><span class=\"maybe-hide\">Poprzedni <\/span><\/button><\/li><li class=\"my-calendar-today\"><button type=\"button\" id=\"mc_today_my-calendar\" data-href=\"https:\/\/mateuszmrozowski.pl\/sklep\/kalendarz\/?cid=my-calendar\" class=\"mc-navigation-button today mc-active\" aria-current=\"true\"><span class=\"mc-icon\" aria-hidden=\"true\"><\/span>Dzisiaj<\/button><\/li>\r\n\t\t\t<\/ul>\r\n\t\t<\/div><\/div>\n<\/nav>\n<div class=\"mc-content\">\n<table class='my-calendar-table' aria-labelledby='mc_head_my-calendar'>\n<thead>\n\t<tr class='mc-row'>\n\t\t<th scope=\"col\" class='day-heading mon'><span aria-hidden=\"true\"><abbr title=\"Poniedzia\u0142ek\">P<\/abbr><\/span><span class=\"screen-reader-text\">poniedzia\u0142ek<\/span><\/th>\n\n\t\t<th scope=\"col\" class='day-heading tues'><span aria-hidden=\"true\"><abbr title=\"Wtorek\">W<\/abbr><\/span><span class=\"screen-reader-text\">wtorek<\/span><\/th>\n\n\t\t<th scope=\"col\" class='day-heading wed'><span aria-hidden=\"true\"><abbr title=\"\u015aroda\">\u015a<\/abbr><\/span><span class=\"screen-reader-text\">\u015broda<\/span><\/th>\n\n\t\t<th scope=\"col\" class='day-heading thur'><span aria-hidden=\"true\"><abbr title=\"Czwartek\">C<\/abbr><\/span><span class=\"screen-reader-text\">czwartek<\/span><\/th>\n\n\t\t<th scope=\"col\" class='day-heading fri'><span aria-hidden=\"true\"><abbr title=\"Pi\u0105tek\">P<\/abbr><\/span><span class=\"screen-reader-text\">pi\u0105tek<\/span><\/th>\n\n\t\t<th scope=\"col\" class='weekend-heading sat'><span aria-hidden=\"true\"><abbr title=\"Sobota\">S<\/abbr><\/span><span class=\"screen-reader-text\">sobota<\/span><\/th>\n\n\t\t<th scope=\"col\" class='weekend-heading sun'><span aria-hidden=\"true\"><abbr title=\"Niedziela\">N<\/abbr><\/span><span class=\"screen-reader-text\">niedziela<\/span><\/th>\n\t<\/tr>\n<\/thead>\n<tbody>\n<tr class='mc-row'><td class='no-events poniedziaek pon past-day past-date  nextmonth no-events day-with-date'><div class='mc-date-container'><span class='mc-date no-events'><span aria-hidden='true'>30<\/span><span class='screen-reader-text'>30 marca 2026<\/span><\/span><\/div>\n<\/td>\n<td class='no-events wtorek wt past-day past-date  nextmonth no-events day-with-date'><div class='mc-date-container'><span class='mc-date no-events'><span aria-hidden='true'>31<\/span><span class='screen-reader-text'>31 marca 2026<\/span><\/span><\/div>\n<\/td>\n<td class='no-events roda r past-day past-date   no-events day-with-date'><div class='mc-date-container'><span class='mc-date no-events'><span aria-hidden='true'>1<\/span><span class='screen-reader-text'>1 kwietnia 2026<\/span><\/span><\/div>\n<\/td>\n<td class='no-events czwartek czw past-day past-date   no-events day-with-date'><div class='mc-date-container'><span class='mc-date no-events'><span aria-hidden='true'>2<\/span><span class='screen-reader-text'>2 kwietnia 2026<\/span><\/span><\/div>\n<\/td>\n<td class='no-events pitek pt past-day past-date   no-events day-with-date'><div class='mc-date-container'><span class='mc-date no-events'><span aria-hidden='true'>3<\/span><span class='screen-reader-text'>3 kwietnia 2026<\/span><\/span><\/div>\n<\/td>\n<td class='no-events sobota sob past-day past-date weekend  no-events day-with-date'><div class='mc-date-container'><span class='mc-date no-events'><span aria-hidden='true'>4<\/span><span class='screen-reader-text'>4 kwietnia 2026<\/span><\/span><\/div>\n<\/td>\n<td class='no-events niedziela niedz past-day past-date weekend  no-events day-with-date'><div class='mc-date-container'><span class='mc-date no-events'><span aria-hidden='true'>5<\/span><span class='screen-reader-text'>5 kwietnia 2026<\/span><\/span><\/div>\n<\/td>\n<\/tr>\n<!-- End Event Row -->\n<tr class='mc-row'><td class='no-events poniedziaek pon past-day past-date   no-events day-with-date'><div class='mc-date-container'><span class='mc-date no-events'><span aria-hidden='true'>6<\/span><span class='screen-reader-text'>6 kwietnia 2026<\/span><\/span><\/div>\n<\/td>\n<td class='no-events wtorek wt past-day past-date   no-events day-with-date'><div class='mc-date-container'><span class='mc-date no-events'><span aria-hidden='true'>7<\/span><span class='screen-reader-text'>7 kwietnia 2026<\/span><\/span><\/div>\n<\/td>\n<td class='no-events roda r past-day past-date   no-events day-with-date'><div class='mc-date-container'><span class='mc-date no-events'><span aria-hidden='true'>8<\/span><span class='screen-reader-text'>8 kwietnia 2026<\/span><\/span><\/div>\n<\/td>\n<td class='no-events czwartek czw past-day past-date   no-events day-with-date'><div class='mc-date-container'><span class='mc-date no-events'><span aria-hidden='true'>9<\/span><span class='screen-reader-text'>9 kwietnia 2026<\/span><\/span><\/div>\n<\/td>\n<td class='no-events pitek pt past-day past-date   no-events day-with-date'><div class='mc-date-container'><span class='mc-date no-events'><span aria-hidden='true'>10<\/span><span class='screen-reader-text'>10 kwietnia 2026<\/span><\/span><\/div>\n<\/td>\n<td class='no-events sobota sob past-day past-date weekend  no-events day-with-date'><div class='mc-date-container'><span class='mc-date no-events'><span aria-hidden='true'>11<\/span><span class='screen-reader-text'>11 kwietnia 2026<\/span><\/span><\/div>\n<\/td>\n<td class='no-events niedziela niedz past-day past-date weekend  no-events day-with-date'><div class='mc-date-container'><span class='mc-date no-events'><span aria-hidden='true'>12<\/span><span class='screen-reader-text'>12 kwietnia 2026<\/span><\/span><\/div>\n<\/td>\n<\/tr>\n<!-- End Event Row -->\n<tr class='mc-row'><td class='no-events poniedziaek pon past-day past-date   no-events day-with-date'><div class='mc-date-container'><span class='mc-date no-events'><span aria-hidden='true'>13<\/span><span class='screen-reader-text'>13 kwietnia 2026<\/span><\/span><\/div>\n<\/td>\n<td aria-current=\"date\" class='no-events wtorek wt current-day   no-events day-with-date'><div class='mc-date-container'><span class='mc-date no-events'><span aria-hidden='true'>14<\/span><span class='screen-reader-text'>14 kwietnia 2026<\/span><\/span><\/div>\n<\/td>\n<td class='no-events roda r future-day   no-events day-with-date'><div class='mc-date-container'><span class='mc-date no-events'><span aria-hidden='true'>15<\/span><span class='screen-reader-text'>15 kwietnia 2026<\/span><\/span><\/div>\n<\/td>\n<td class='no-events czwartek czw future-day   no-events day-with-date'><div class='mc-date-container'><span class='mc-date no-events'><span aria-hidden='true'>16<\/span><span class='screen-reader-text'>16 kwietnia 2026<\/span><\/span><\/div>\n<\/td>\n<td class='no-events pitek pt future-day   no-events day-with-date'><div class='mc-date-container'><span class='mc-date no-events'><span aria-hidden='true'>17<\/span><span class='screen-reader-text'>17 kwietnia 2026<\/span><\/span><\/div>\n<\/td>\n<td class='no-events sobota sob future-day weekend  no-events day-with-date'><div class='mc-date-container'><span class='mc-date no-events'><span aria-hidden='true'>18<\/span><span class='screen-reader-text'>18 kwietnia 2026<\/span><\/span><\/div>\n<\/td>\n<td class='no-events niedziela niedz future-day weekend  no-events day-with-date'><div class='mc-date-container'><span class='mc-date no-events'><span aria-hidden='true'>19<\/span><span class='screen-reader-text'>19 kwietnia 2026<\/span><\/span><\/div>\n<\/td>\n<\/tr>\n<!-- End Event Row -->\n<tr class='mc-row'><td class='no-events poniedziaek pon future-day   no-events day-with-date'><div class='mc-date-container'><span class='mc-date no-events'><span aria-hidden='true'>20<\/span><span class='screen-reader-text'>20 kwietnia 2026<\/span><\/span><\/div>\n<\/td>\n<td class='no-events wtorek wt future-day   no-events day-with-date'><div class='mc-date-container'><span class='mc-date no-events'><span aria-hidden='true'>21<\/span><span class='screen-reader-text'>21 kwietnia 2026<\/span><\/span><\/div>\n<\/td>\n<td class='no-events roda r future-day   no-events day-with-date'><div class='mc-date-container'><span class='mc-date no-events'><span aria-hidden='true'>22<\/span><span class='screen-reader-text'>22 kwietnia 2026<\/span><\/span><\/div>\n<\/td>\n<td class='no-events czwartek czw future-day   no-events day-with-date'><div class='mc-date-container'><span class='mc-date no-events'><span aria-hidden='true'>23<\/span><span class='screen-reader-text'>23 kwietnia 2026<\/span><\/span><\/div>\n<\/td>\n<td class='no-events pitek pt future-day   no-events day-with-date'><div class='mc-date-container'><span class='mc-date no-events'><span aria-hidden='true'>24<\/span><span class='screen-reader-text'>24 kwietnia 2026<\/span><\/span><\/div>\n<\/td>\n<td class='no-events sobota sob future-day weekend  no-events day-with-date'><div class='mc-date-container'><span class='mc-date no-events'><span aria-hidden='true'>25<\/span><span class='screen-reader-text'>25 kwietnia 2026<\/span><\/span><\/div>\n<\/td>\n<td class='no-events niedziela niedz future-day weekend  no-events day-with-date'><div class='mc-date-container'><span class='mc-date no-events'><span aria-hidden='true'>26<\/span><span class='screen-reader-text'>26 kwietnia 2026<\/span><\/span><\/div>\n<\/td>\n<\/tr>\n<!-- End Event Row -->\n<tr class='mc-row'><td class='no-events poniedziaek pon future-day   no-events day-with-date'><div class='mc-date-container'><span class='mc-date no-events'><span aria-hidden='true'>27<\/span><span class='screen-reader-text'>27 kwietnia 2026<\/span><\/span><\/div>\n<\/td>\n<td class='no-events wtorek wt future-day   no-events day-with-date'><div class='mc-date-container'><span class='mc-date no-events'><span aria-hidden='true'>28<\/span><span class='screen-reader-text'>28 kwietnia 2026<\/span><\/span><\/div>\n<\/td>\n<td class='no-events roda r future-day   no-events day-with-date'><div class='mc-date-container'><span class='mc-date no-events'><span aria-hidden='true'>29<\/span><span class='screen-reader-text'>29 kwietnia 2026<\/span><\/span><\/div>\n<\/td>\n<td class='no-events czwartek czw future-day   no-events day-with-date'><div class='mc-date-container'><span class='mc-date no-events'><span aria-hidden='true'>30<\/span><span class='screen-reader-text'>30 kwietnia 2026<\/span><\/span><\/div>\n<\/td>\n<td class='no-events pitek pt future-day  nextmonth no-events day-with-date'><div class='mc-date-container'><span class='mc-date no-events'><span aria-hidden='true'>1<\/span><span class='screen-reader-text'>1 maja 2026<\/span><\/span><\/div>\n<\/td>\n<td class='no-events sobota sob future-day weekend nextmonth no-events day-with-date'><div class='mc-date-container'><span class='mc-date no-events'><span aria-hidden='true'>2<\/span><span class='screen-reader-text'>2 maja 2026<\/span><\/span><\/div>\n<\/td>\n<td class='no-events niedziela niedz future-day weekend nextmonth no-events day-with-date'><div class='mc-date-container'><span class='mc-date no-events'><span aria-hidden='true'>3<\/span><span class='screen-reader-text'>3 maja 2026<\/span><\/span><\/div>\n<\/td>\n<\/tr>\n<!-- End Event Row -->\n\n<\/tbody>\n<\/table><\/div><!-- .mc-content -->\r\n<\/div><!-- Close Main My Calendar Wrapper -->\n","protected":false},"excerpt":{"rendered":"","protected":false},"author":2625,"featured_media":0,"parent":0,"menu_order":0,"comment_status":"closed","ping_status":"closed","template":"","meta":{"_acf_changed":false,"content-type":"","_mc_calendar":{"weekends":"true","shortcode":"[my_calendar weekends=&quot;true&quot;]","append":""},"footnotes":""},"class_list":["post-102862","page","type-page","status-publish","hentry"],"acf":[],"yoast_head":"<!-- This site is optimized with the Yoast SEO plugin v27.3 - https:\/\/yoast.com\/product\/yoast-seo-wordpress\/ -->\n<title>Kalendarz - Mateusz Mrozowski Trener Biznesu<\/title>\n<meta name=\"robots\" content=\"noindex, nofollow\" \/>\n<meta property=\"og:locale\" content=\"pl_PL\" \/>\n<meta property=\"og:type\" content=\"article\" \/>\n<meta property=\"og:title\" content=\"Kalendarz - Mateusz Mrozowski Trener Biznesu\" \/>\n<meta property=\"og:url\" content=\"https:\/\/mateuszmrozowski.pl\/sklep\/kalendarz\/\" \/>\n<meta property=\"og:site_name\" content=\"Mateusz Mrozowski Trener Biznesu\" \/>\n<meta property=\"article:publisher\" content=\"https:\/\/www.facebook.com\/mateuszmrozowskisiewca\" \/>\n<meta property=\"article:modified_time\" content=\"2025-07-22T19:35:35+00:00\" \/>\n<meta property=\"og:image\" content=\"https:\/\/mateuszmrozowski.pl\/sklep\/wp-content\/uploads\/2023\/07\/mateusz-mrozowski-fb-og.png\" \/>\n\t<meta property=\"og:image:width\" content=\"1200\" \/>\n\t<meta property=\"og:image:height\" content=\"630\" \/>\n\t<meta property=\"og:image:type\" content=\"image\/png\" \/>\n<meta name=\"twitter:card\" content=\"summary_large_image\" \/>\n<meta name=\"twitter:label1\" content=\"Szacowany czas czytania\" \/>\n\t<meta name=\"twitter:data1\" content=\"1 minuta\" \/>\n<script type=\"application\/ld+json\" class=\"yoast-schema-graph\">{\"@context\":\"https:\\\/\\\/schema.org\",\"@graph\":[{\"@type\":\"WebPage\",\"@id\":\"https:\\\/\\\/mateuszmrozowski.pl\\\/sklep\\\/kalendarz\\\/\",\"url\":\"https:\\\/\\\/mateuszmrozowski.pl\\\/sklep\\\/kalendarz\\\/\",\"name\":\"Kalendarz - Mateusz Mrozowski Trener Biznesu\",\"isPartOf\":{\"@id\":\"https:\\\/\\\/mateuszmrozowski.pl\\\/sklep\\\/#website\"},\"datePublished\":\"2025-07-22T08:15:49+00:00\",\"dateModified\":\"2025-07-22T19:35:35+00:00\",\"breadcrumb\":{\"@id\":\"https:\\\/\\\/mateuszmrozowski.pl\\\/sklep\\\/kalendarz\\\/#breadcrumb\"},\"inLanguage\":\"pl-PL\",\"potentialAction\":[{\"@type\":\"ReadAction\",\"target\":[\"https:\\\/\\\/mateuszmrozowski.pl\\\/sklep\\\/kalendarz\\\/\"]}]},{\"@type\":\"BreadcrumbList\",\"@id\":\"https:\\\/\\\/mateuszmrozowski.pl\\\/sklep\\\/kalendarz\\\/#breadcrumb\",\"itemListElement\":[{\"@type\":\"ListItem\",\"position\":1,\"name\":\"Strona g\u0142\u00f3wna\",\"item\":\"https:\\\/\\\/mateuszmrozowski.pl\\\/sklep\\\/\"},{\"@type\":\"ListItem\",\"position\":2,\"name\":\"Kalendarz\"}]},{\"@type\":\"WebSite\",\"@id\":\"https:\\\/\\\/mateuszmrozowski.pl\\\/sklep\\\/#website\",\"url\":\"https:\\\/\\\/mateuszmrozowski.pl\\\/sklep\\\/\",\"name\":\"Mateusz Mrozowski Trener biznesu\",\"description\":\"Walcz\u0119 o wynik dla firm z kt\u00f3rymi wsp\u00f3\u0142pracuj\u0119.\",\"publisher\":{\"@id\":\"https:\\\/\\\/mateuszmrozowski.pl\\\/sklep\\\/#organization\"},\"alternateName\":\"Mateusz Mrozowski\",\"potentialAction\":[{\"@type\":\"SearchAction\",\"target\":{\"@type\":\"EntryPoint\",\"urlTemplate\":\"https:\\\/\\\/mateuszmrozowski.pl\\\/sklep\\\/?s={search_term_string}\"},\"query-input\":{\"@type\":\"PropertyValueSpecification\",\"valueRequired\":true,\"valueName\":\"search_term_string\"}}],\"inLanguage\":\"pl-PL\"},{\"@type\":\"Organization\",\"@id\":\"https:\\\/\\\/mateuszmrozowski.pl\\\/sklep\\\/#organization\",\"name\":\"Mateusz Mrozowski Trener biznesu\",\"alternateName\":\"Mateusz Mrozowski\",\"url\":\"https:\\\/\\\/mateuszmrozowski.pl\\\/sklep\\\/\",\"logo\":{\"@type\":\"ImageObject\",\"inLanguage\":\"pl-PL\",\"@id\":\"https:\\\/\\\/mateuszmrozowski.pl\\\/sklep\\\/#\\\/schema\\\/logo\\\/image\\\/\",\"url\":\"https:\\\/\\\/mateuszmrozowski.pl\\\/sklep\\\/wp-content\\\/uploads\\\/2025\\\/03\\\/cropped-mateusz_mrozowski_logo.png\",\"contentUrl\":\"https:\\\/\\\/mateuszmrozowski.pl\\\/sklep\\\/wp-content\\\/uploads\\\/2025\\\/03\\\/cropped-mateusz_mrozowski_logo.png\",\"width\":236,\"height\":59,\"caption\":\"Mateusz Mrozowski Trener biznesu\"},\"image\":{\"@id\":\"https:\\\/\\\/mateuszmrozowski.pl\\\/sklep\\\/#\\\/schema\\\/logo\\\/image\\\/\"},\"sameAs\":[\"https:\\\/\\\/www.facebook.com\\\/mateuszmrozowskisiewca\",\"https:\\\/\\\/www.youtube.com\\\/channel\\\/UCI6FhECZ4GdL1TYU5oh5JDg\",\"https:\\\/\\\/www.instagram.com\\\/mrozowski.siewca\\\/\",\"https:\\\/\\\/www.linkedin.com\\\/in\\\/mateuszmrozowski\\\/\",\"https:\\\/\\\/maps.app.goo.gl\\\/Ee8wtgr6gx2CjEM68\",\"https:\\\/\\\/www.tiktok.com\\\/@mateuszmrozowskisiewca\"]}]}<\/script>\n<!-- \/ Yoast SEO plugin. -->","yoast_head_json":{"title":"Kalendarz - Mateusz Mrozowski Trener Biznesu","robots":{"index":"noindex","follow":"nofollow"},"og_locale":"pl_PL","og_type":"article","og_title":"Kalendarz - Mateusz Mrozowski Trener Biznesu","og_url":"https:\/\/mateuszmrozowski.pl\/sklep\/kalendarz\/","og_site_name":"Mateusz Mrozowski Trener Biznesu","article_publisher":"https:\/\/www.facebook.com\/mateuszmrozowskisiewca","article_modified_time":"2025-07-22T19:35:35+00:00","og_image":[{"width":1200,"height":630,"url":"https:\/\/mateuszmrozowski.pl\/sklep\/wp-content\/uploads\/2023\/07\/mateusz-mrozowski-fb-og.png","type":"image\/png"}],"twitter_card":"summary_large_image","twitter_misc":{"Szacowany czas czytania":"1 minuta"},"schema":{"@context":"https:\/\/schema.org","@graph":[{"@type":"WebPage","@id":"https:\/\/mateuszmrozowski.pl\/sklep\/kalendarz\/","url":"https:\/\/mateuszmrozowski.pl\/sklep\/kalendarz\/","name":"Kalendarz - Mateusz Mrozowski Trener Biznesu","isPartOf":{"@id":"https:\/\/mateuszmrozowski.pl\/sklep\/#website"},"datePublished":"2025-07-22T08:15:49+00:00","dateModified":"2025-07-22T19:35:35+00:00","breadcrumb":{"@id":"https:\/\/mateuszmrozowski.pl\/sklep\/kalendarz\/#breadcrumb"},"inLanguage":"pl-PL","potentialAction":[{"@type":"ReadAction","target":["https:\/\/mateuszmrozowski.pl\/sklep\/kalendarz\/"]}]},{"@type":"BreadcrumbList","@id":"https:\/\/mateuszmrozowski.pl\/sklep\/kalendarz\/#breadcrumb","itemListElement":[{"@type":"ListItem","position":1,"name":"Strona g\u0142\u00f3wna","item":"https:\/\/mateuszmrozowski.pl\/sklep\/"},{"@type":"ListItem","position":2,"name":"Kalendarz"}]},{"@type":"WebSite","@id":"https:\/\/mateuszmrozowski.pl\/sklep\/#website","url":"https:\/\/mateuszmrozowski.pl\/sklep\/","name":"Mateusz Mrozowski Trener biznesu","description":"Walcz\u0119 o wynik dla firm z kt\u00f3rymi wsp\u00f3\u0142pracuj\u0119.","publisher":{"@id":"https:\/\/mateuszmrozowski.pl\/sklep\/#organization"},"alternateName":"Mateusz Mrozowski","potentialAction":[{"@type":"SearchAction","target":{"@type":"EntryPoint","urlTemplate":"https:\/\/mateuszmrozowski.pl\/sklep\/?s={search_term_string}"},"query-input":{"@type":"PropertyValueSpecification","valueRequired":true,"valueName":"search_term_string"}}],"inLanguage":"pl-PL"},{"@type":"Organization","@id":"https:\/\/mateuszmrozowski.pl\/sklep\/#organization","name":"Mateusz Mrozowski Trener biznesu","alternateName":"Mateusz Mrozowski","url":"https:\/\/mateuszmrozowski.pl\/sklep\/","logo":{"@type":"ImageObject","inLanguage":"pl-PL","@id":"https:\/\/mateuszmrozowski.pl\/sklep\/#\/schema\/logo\/image\/","url":"https:\/\/mateuszmrozowski.pl\/sklep\/wp-content\/uploads\/2025\/03\/cropped-mateusz_mrozowski_logo.png","contentUrl":"https:\/\/mateuszmrozowski.pl\/sklep\/wp-content\/uploads\/2025\/03\/cropped-mateusz_mrozowski_logo.png","width":236,"height":59,"caption":"Mateusz Mrozowski Trener biznesu"},"image":{"@id":"https:\/\/mateuszmrozowski.pl\/sklep\/#\/schema\/logo\/image\/"},"sameAs":["https:\/\/www.facebook.com\/mateuszmrozowskisiewca","https:\/\/www.youtube.com\/channel\/UCI6FhECZ4GdL1TYU5oh5JDg","https:\/\/www.instagram.com\/mrozowski.siewca\/","https:\/\/www.linkedin.com\/in\/mateuszmrozowski\/","https:\/\/maps.app.goo.gl\/Ee8wtgr6gx2CjEM68","https:\/\/www.tiktok.com\/@mateuszmrozowskisiewca"]}]}},"_links":{"self":[{"href":"https:\/\/mateuszmrozowski.pl\/sklep\/wp-json\/wp\/v2\/pages\/102862","targetHints":{"allow":["GET"]}}],"collection":[{"href":"https:\/\/mateuszmrozowski.pl\/sklep\/wp-json\/wp\/v2\/pages"}],"about":[{"href":"https:\/\/mateuszmrozowski.pl\/sklep\/wp-json\/wp\/v2\/types\/page"}],"author":[{"embeddable":true,"href":"https:\/\/mateuszmrozowski.pl\/sklep\/wp-json\/wp\/v2\/users\/2625"}],"replies":[{"embeddable":true,"href":"https:\/\/mateuszmrozowski.pl\/sklep\/wp-json\/wp\/v2\/comments?post=102862"}],"version-history":[{"count":1,"href":"https:\/\/mateuszmrozowski.pl\/sklep\/wp-json\/wp\/v2\/pages\/102862\/revisions"}],"predecessor-version":[{"id":102864,"href":"https:\/\/mateuszmrozowski.pl\/sklep\/wp-json\/wp\/v2\/pages\/102862\/revisions\/102864"}],"wp:attachment":[{"href":"https:\/\/mateuszmrozowski.pl\/sklep\/wp-json\/wp\/v2\/media?parent=102862"}],"curies":[{"name":"wp","href":"https:\/\/api.w.org\/{rel}","templated":true}]}}